{"id":2922,"date":"2024-12-02T03:41:29","date_gmt":"2024-12-02T03:41:29","guid":{"rendered":"https:\/\/vapestornado.com\/?post_type=product&#038;p=2922"},"modified":"2025-10-31T09:41:30","modified_gmt":"2025-10-31T09:41:30","slug":"fumot-randm-tornado-15000-puffs-rechargeable-disposable-vape-wholesale","status":"publish","type":"product","link":"https:\/\/vapestornado.com\/hu\/product\/fumot-randm-tornado-15000-puffs-rechargeable-disposable-vape-wholesale\/","title":{"rendered":"Fumot RandM Tornado 15000 Puffs \u00dajrat\u00f6lthet\u0151 Eldobhat\u00f3 Vape Nagykeresked\u00e9s"},"content":{"rendered":"<h1 class=\"product-title\">Fumot RandM Tornado 15000 Puffs \u00dajrat\u00f6lthet\u0151 Eldobhat\u00f3 Vape Nagykeresked\u00e9s<\/h1>\n<p data-start=\"0\" data-end=\"528\">A <strong data-start=\"4\" data-end=\"55\">Fumot RandM Tornado 15000 Puffs eldobhat\u00f3 Vape<\/strong> egy er\u0151teljes <strong data-start=\"70\" data-end=\"82\">15K vape<\/strong> teljes\u00edtm\u00e9nyre, megb\u00edzhat\u00f3s\u00e1gra \u00e9s \u00e9rt\u00e9kre tervezve. Minden <strong data-start=\"135\" data-end=\"158\">RandM Torn\u00e1d\u00f3 15000<\/strong> egys\u00e9g ak\u00e1r <strong data-start=\"179\" data-end=\"195\">15 000 slukk<\/strong> egy hatalmas <strong data-start=\"211\" data-end=\"235\">22 ml el\u0151ret\u00f6lt\u00f6tt tart\u00e1ly<\/strong>, kiv\u00e9teles hossz\u00fa \u00e9lettartamot k\u00edn\u00e1lva kiskeresked\u0151k \u00e9s nagykeresked\u0151k sz\u00e1m\u00e1ra, akik magas kereslet\u0171 k\u00e9szleteket keresnek. Prec\u00edz tervez\u00e9ssel k\u00e9sz\u00fclt, ez <strong data-start=\"355\" data-end=\"375\">15K Torn\u00e1d\u00f3 vape<\/strong> \u00e1lland\u00f3 g\u0151zk\u00e9pz\u00e9st \u00e9s gazdag \u00edz\u00e1tvitelt biztos\u00edt, \u00edgy az egyik legn\u00e9pszer\u0171bb <strong data-start=\"473\" data-end=\"495\">tornado vape 15000<\/strong> modell Eur\u00f3p\u00e1ban.<\/p>\n<p data-start=\"530\" data-end=\"866\">Felszerelve egy <strong data-start=\"547\" data-end=\"578\">850mAh-s \u00fajrat\u00f6lthet\u0151 akkumul\u00e1torral<\/strong> \u00e9s a <strong data-start=\"583\" data-end=\"607\">Type-C gyorst\u00f6lt\u00e9ssel<\/strong>, a k\u00e9sz\u00fcl\u00e9k minimaliz\u00e1lja a le\u00e1ll\u00e1si id\u0151t, mik\u00f6zben stabil kimenetet tart fenn minden haszn\u00e1lat sor\u00e1n. A <strong data-start=\"700\" data-end=\"720\">h\u00e1l\u00f3s tekercsrendszerrel<\/strong> fokozza az \u00edz intenzit\u00e1s\u00e1t \u00e9s a g\u0151z simas\u00e1g\u00e1t, mik\u00f6zben a <strong data-start=\"779\" data-end=\"797\">LED-es jelz\u0151f\u00e9nyek<\/strong> egyszer\u0171en t\u00e1j\u00e9koztatja a felhaszn\u00e1l\u00f3kat az e-liquid \u00e9s az akkumul\u00e1tor \u00e1llapot\u00e1r\u00f3l egy pillant\u00e1s alatt.<\/p>\n<p data-start=\"868\" data-end=\"1247\" data-is-last-node=\"\" data-is-only-node=\"\">El\u00e9rhet\u0151 <strong data-start=\"881\" data-end=\"910\">2% \u00e9s 5% nikotin opci\u00f3kban<\/strong> t\u00f6bb mint <strong data-start=\"926\" data-end=\"940\">45 \u00edz<\/strong>, a <strong data-start=\"946\" data-end=\"966\">Fumot vape 15000<\/strong> alkalmas mind alkalmi felhaszn\u00e1l\u00f3knak, mind intenz\u00edv vapereknek. Kompakt, st\u00edlusos \u00e9s k\u00f6nnyen hordozhat\u00f3, t\u00f6k\u00e9letes kieg\u00e9sz\u00edt\u0151je b\u00e1rmilyen nagykereskedelmi katal\u00f3gusnak. Disztrib\u00fatorok sz\u00e1m\u00e1ra Eur\u00f3p\u00e1ban a <strong data-start=\"1132\" data-end=\"1166\">RandM Torn\u00e1d\u00f3 15000 Puffs Vape<\/strong> kiv\u00e1l\u00f3 teljes\u00edtm\u00e9nyt, \u00edzv\u00e1laszt\u00e9kot \u00e9s verhetetlen nagykereskedelmi \u00e1rakat k\u00edn\u00e1l.<\/p>\n<p>&nbsp;<\/p>\n<p><strong>Add meg Amy Whatsappj\u00e1t a gyors v\u00e1lasz\u00e9rt \u00e9s vape kupon\u00e9rt!<\/strong><\/p>\n<p><img fetchpriority=\"high\" decoding=\"async\" class=\"size-full wp-image-2932\" src=\"https:\/\/vapestornado.com\/wp-content\/uploads\/2024\/12\/Vape-Wholesale.jpg\" alt=\"Vape nagykereskedelem\" width=\"229\" height=\"300\" \/><\/p>\n<h3><a href=\"https:\/\/wa.me\/8617776015835\" target=\"_blank\" rel=\"noopener\"><span style=\"color: #ff0000;\"><strong>WhatsApp: +86 17776015835<\/strong><\/span><\/a><\/h3>\n<p>&nbsp;<\/p>\n<h2><strong>RandM Tornado 15000 term\u00e9kjellemz\u0151k<\/strong><\/h2>\n<p>Puffok: Ak\u00e1r 15000 puff sz\u00e1ml\u00e1l\u00f3.<br \/>\nAkkumul\u00e1tor kapacit\u00e1sa: 850mAh \u00dajrat\u00f6lthet\u0151 akkumul\u00e1tor<br \/>\nGyors t\u00f6lt\u00e9s: USB TyeC<br \/>\nLED akkumul\u00e1tor \u00e9s olajszint jelz\u0151.<br \/>\nH\u00e1l\u00f3s tekercs<br \/>\n45 el\u00e9rhet\u0151 \u00edz.<br \/>\nNikotin: 2% 5%<br \/>\nKompakt<\/p>\n<h2 class=\"product-title\"><strong>RandM 15k Vape \u00cdzlista<\/strong><\/h2>\n<p>1. Blue Razz Limon\u00e1d\u00e9<br \/>\n2. \u0150szibarack j\u00e9g<br \/>\n3. Savany\u00fa alma<br \/>\n4. Watermelon Ice<br \/>\n5. \u00c1fonya j\u00e9gen<br \/>\n6. \u00c1fonya m\u00e1lna<br \/>\n7. Anan\u00e1sz j\u00e9g<br \/>\n8. Cseresznye<br \/>\n9. Epres J\u00e9g<br \/>\n10. Vimto<br \/>\n11. Sz\u0151l\u0151 j\u00e9g<br \/>\n12. K\u00f3la j\u00e9g<br \/>\n13. Eper g\u00f6r\u00f6gdinnye<br \/>\n14. Pink limon\u00e1d\u00e9<br \/>\n15. Vegyes bogy\u00f3s gy\u00fcm\u00f6lcs\u00f6k<br \/>\n16. \u0150szibarack mang\u00f3<br \/>\n17. S\u00e1rk\u00e1nygy\u00fcm\u00f6lcs<br \/>\n18. Eper sz\u0151l\u0151<br \/>\n19. Mr. Blue<br \/>\n20. Lush Ice<br \/>\n21. Ice Pop<br \/>\n22. Eper Kiwi<br \/>\n23. Kiwi Maracuja Guava<br \/>\n24. Tripla Bogy\u00f3<br \/>\n25. Ban\u00e1n J\u00e9g<br \/>\n26. \u0150szibarack \u00c1fonya Cukorka<br \/>\n27. Alma \u0150szibarack K\u00f6rte<br \/>\n28. Bogy\u00f3s Limon\u00e1d\u00e9<br \/>\n29. K\u00e9k M\u00e1lna Cseresznye<br \/>\n30. \u00c1fonya R\u00e1g\u00f3gumi<br \/>\n31. \u00c1fonya Cseresznye T\u0151zeg\u00e1fonya<br \/>\n32. \u00c1fonya Gr\u00e1n\u00e1talma<br \/>\n33. K\u00e9ksavany\u00fa M\u00e1lna<br \/>\n34. Cseresznye Cola<br \/>\n35. Gumimaci<br \/>\n36. Citrom<br \/>\n37. Mang\u00f3 J\u00e9gen<br \/>\n38. Piros Energia J\u00e9g<br \/>\n39. Eper Ban\u00e1n<br \/>\n40. Eper Red Bull<br \/>\n41. Eper G\u00f6r\u00f6gdinnye Limon\u00e1d\u00e9<br \/>\n42. Jeges Tea Citrom J\u00e9g<br \/>\n43. Jeges Tea Barack J\u00e9g<br \/>\n44. Sz\u00e9nsavas Cseresznye<br \/>\n45. Skittles<\/p>\n<h3>Mi\u00e9rt v\u00e1lassza a vapestornado-t a Fumot 15k Tornado Vape Nagykereskedelemhez?<\/h3>\n<div class=\"flex-shrink-0 flex flex-col relative items-end\">\n<div class=\"pt-0\">\n<div class=\"gizmo-bot-avatar flex h-8 w-8 items-center justify-center overflow-hidden rounded-full\">\n<div class=\"relative p-1 rounded-sm flex items-center justify-center bg-token-main-surface-primary text-token-text-primary h-8 w-8\">\n<p>\u00dcdv\u00f6zl\u00fcnk a vapestornado-n\u00e1l, megb\u00edzhat\u00f3 online vape boltodban pr\u00e9mium egyszer haszn\u00e1latos vap\u00e9khoz. T\u00f6bb mint 5 \u00e9v szak\u00e9rtelm\u00fcnkkel olyan n\u00e9pszer\u0171 egyszer haszn\u00e1latos vape m\u00e1rk\u00e1kat k\u00edn\u00e1lunk, mint <a href=\"https:\/\/vapestornado.com\/hu\/product\/jnr-ragegorilla-55000-puffs-55k-vape-disposables-42ml-2-nicotine-wholesale-price\/\">JNR Vape<\/a>, Vapme, Bang Vape, Waspe Vape, \u00e9s <a href=\"https:\/\/vapestornado.com\/hu\/product\/original-wga-ultra-35k-35000-puff-rechargeable-crystal-disposable-nicotine-vape-best-discount-price\/\">WGA Vape<\/a>, stb.<\/p>\n<p>K\u00edn\u00e1latunkban megtal\u00e1lhat\u00f3k a n\u00e9pszer\u0171 vape-ek, mint p\u00e9ld\u00e1ul a RandM Tornado 15000, \u00e9s az \u00edzgazdag v\u00e1laszt\u00e9kok, mint a WASPE Double Flavor 40000 Puffs. Minden term\u00e9ket a min\u0151s\u00e9gre, az \u00e9rt\u00e9kre \u00e9s a v\u00e1ltozatoss\u00e1gra \u00f6sszpontos\u00edtva v\u00e1lasztunk ki, biztos\u00edtva, hogy megtal\u00e1lja az ig\u00e9nyeinek t\u00f6k\u00e9letesen megfelel\u0151t. Fedezze fel a kiv\u00e9teles szolg\u00e1ltat\u00e1st \u00e9s a cs\u00facsmin\u0151s\u00e9g\u0171 term\u00e9kek sz\u00e9les v\u00e1laszt\u00e9k\u00e1t a vapestornado-n\u00e1l.<\/p>\n<\/div>\n<h3><\/h3>\n<div class=\"relative p-1 rounded-sm flex items-center justify-center bg-token-main-surface-primary text-token-text-primary h-8 w-8\">\n<h3>GYIK a RandM 15k Eldobhat\u00f3 Vape-hez<\/h3>\n<\/div>\n<\/div>\n<\/div>\n<\/div>\n<div class=\"flex-shrink-0 flex flex-col relative items-end\">\n<div class=\"pt-0\">\n<div class=\"gizmo-bot-avatar flex h-8 w-8 items-center justify-center overflow-hidden rounded-full\">\n<div class=\"relative p-1 rounded-sm flex items-center justify-center bg-token-main-surface-primary text-token-text-primary h-8 w-8\"><\/div>\n<\/div>\n<\/div>\n<\/div>\n<div class=\"group\/conversation-turn relative flex w-full min-w-0 flex-col agent-turn\">\n<div class=\"flex-col gap-1 md:gap-3\">\n<div class=\"flex max-w-full flex-col flex-grow\">\n<div class=\"min-h-8 text-message flex w-full flex-col items-end gap-2 whitespace-normal break-words [.text-message+&amp;]:mt-5\" dir=\"auto\" data-message-author-role=\"assistant\" data-message-id=\"db716a1c-9ed0-4b8d-b3b0-7bdb913c3d42\" data-message-model-slug=\"gpt-4o\">\n<div class=\"flex w-full flex-col gap-1 empty:hidden first:pt-[3px]\">\n<div class=\"markdown prose w-full break-words dark:prose-invert light\">\n<p><strong>Hol lehet RandM Tornado 15000 Vape-et nagykereskedelmi \u00e1ron v\u00e1s\u00e1rolni Magyarorsz\u00e1gon<\/strong><br \/>\nA RandM Tornado 15000 vape nagykereskedelmi \u00e1ron t\u00f6rt\u00e9n\u0151 megv\u00e1s\u00e1rl\u00e1s\u00e1hoz Magyarorsz\u00e1gon forduljon a hivatalos vape nagykereskedelmi forgalmaz\u00f3khoz vagy a RandM Vape term\u00e9kekre szakosodott online besz\u00e1ll\u00edt\u00f3khoz. Gy\u0151z\u0151dj\u00f6n meg arr\u00f3l, hogy megfelelnek a helyi el\u0151\u00edr\u00e1soknak \u00e9s eredeti term\u00e9keket k\u00edn\u00e1lnak.<\/p>\n<p><strong>H\u00e1ny Puffs-ot biztos\u00edt a Fumot Vape 15k?<\/strong><br \/>\nA Fumot Vape 15k ak\u00e1r 15 000 slukk\u00f6t is k\u00edn\u00e1l, kiv\u00e9teles \u00e9lettartamot biztos\u00edtva a hosszabb vaping \u00fcl\u00e9sekhez.<\/p>\n<p><strong>Mennyi ideig tart a n\u00e9pszer\u0171 RandM 15000 eldobhat\u00f3 vape toll?<\/strong><br \/>\nA RandM 15000 id\u0151tartama a felhaszn\u00e1l\u00f3i szok\u00e1sokt\u00f3l f\u00fcgg. A m\u00e9rs\u00e9kelt vaperek sz\u00e1m\u00e1ra \u00e1ltal\u00e1ban k\u00e9t-h\u00e1rom h\u00e9tig tart, k\u00f6sz\u00f6nhet\u0151en a nagy slukkkapacit\u00e1snak \u00e9s az \u00fajrat\u00f6lthet\u0151 kialak\u00edt\u00e1snak.<\/p>\n<p><strong>Melyek a n\u00e9pszer\u0171 \u00edzek a Fumot 15k Puffs eldobhat\u00f3 dobozhoz?<\/strong><br \/>\nA Fumot 15k n\u00e9pszer\u0171 \u00edzei k\u00f6z\u00e9 tartoznak a gy\u00fcm\u00f6lcs\u00f6s opci\u00f3k, mint a Mango Ice, Strawberry Watermelon \u00e9s Blueberry Raspberry, valamint a h\u0171s\u00edt\u0151 mentol kever\u00e9kek \u00e9s a desszert ihlette profilok.<\/p>\n<p><strong>Mennyi ideig tart a RandM 15k \u00fajrat\u00f6lthet\u0151 vape t\u00f6lt\u00e9se?<\/strong><br \/>\nA RandM 15k \u00fajrat\u00f6lthet\u0151 vape t\u00f6lt\u00e9se k\u00f6r\u00fclbel\u00fcl 1-2 \u00f3r\u00e1t vesz ig\u00e9nybe a USB Type-C gyorst\u00f6lt\u0151 port haszn\u00e1lat\u00e1val, biztos\u00edtva a gyors \u00e9s hat\u00e9kony energia-vissza\u00e1ll\u00edt\u00e1st.<\/p>\n<p><strong>Mennyi nikotin van egy RandM Tornado 15000 Puffs eldobhat\u00f3 vape-ben?<\/strong><br \/>\nA RandM Tornado 15000 testreszabhat\u00f3 nikotin\u00e9lm\u00e9nyt k\u00edn\u00e1l, a v\u00e1ltozat f\u00fcggv\u00e9ny\u00e9ben ak\u00e1r 50 mg-ig terjed\u0151 er\u0151ss\u00e9ggel, amely megfelel a k\u00fcl\u00f6nf\u00e9le felhaszn\u00e1l\u00f3i preferenci\u00e1knak.<\/p>\n<\/div>\n<\/div>\n<\/div>\n<\/div>\n<\/div>\n<\/div>","protected":false},"excerpt":{"rendered":"<p>Legjobb RandM Tornado 15000 Puffs \u00cdzek Legalacsonyabb \u00c1ron<br \/>\nFumot RandM 15000 Puffs Eldobhat\u00f3 Vape Nagykereskedelem<br \/>\nRandM Tornado 15000 \u00dajrat\u00f6lthet\u0151 Eldobhat\u00f3 Vape T\u00f6meges V\u00e1s\u00e1rl\u00e1si \u00c1r<\/p>\n<p><strong>Adja hozz\u00e1 Amy-t WhatsApp-on, hogy azonnali v\u00e1laszt \u00e9s vape kupont kapjon!<\/strong><\/p>\n<p><img fetchpriority=\"high\" decoding=\"async\" class=\"size-full wp-image-2932\" src=\"https:\/\/vapestornado.com\/wp-content\/uploads\/2024\/12\/Vape-Wholesale.jpg\" alt=\"Vape nagykereskedelem\" width=\"229\" height=\"300\" \/><\/p>\n<h3><a href=\"https:\/\/wa.me\/8617776015835\"><span style=\"color: #ff0000;\"><strong>WhatsApp: +86 17776015835<\/strong><\/span><\/a><\/h3>\n<p>&nbsp;<\/p>","protected":false},"featured_media":2929,"comment_status":"open","ping_status":"closed","template":"","meta":{"_acf_changed":false,"_uag_custom_page_level_css":"","_lmt_disableupdate":"no","_lmt_disable":"","_monsterinsights_skip_tracking":false,"_monsterinsights_sitenote_active":false,"_monsterinsights_sitenote_note":"","_monsterinsights_sitenote_category":0,"site-sidebar-layout":"default","site-content-layout":"","ast-site-content-layout":"default","site-content-style":"default","site-sidebar-style":"default","ast-global-header-display":"","ast-banner-title-visibility":"","ast-main-header-display":"","ast-hfb-above-header-display":"","ast-hfb-below-header-display":"","ast-hfb-mobile-header-display":"","site-post-title":"","ast-breadcrumbs-content":"","ast-featured-img":"","footer-sml-layout":"","ast-disable-related-posts":"","theme-transparent-header-meta":"default","adv-header-id-meta":"","stick-header-meta":"","header-above-stick-meta":"","header-main-stick-meta":"","header-below-stick-meta":"","astra-migrate-meta-layouts":"set","ast-page-background-enabled":"default","ast-page-background-meta":{"desktop":{"background-color":"","background-image":"","background-repeat":"repeat","background-position":"center center","background-size":"auto","background-attachment":"scroll","background-type":"","background-media":"","overlay-type":"","overlay-color":"","overlay-opacity":"","overlay-gradient":""},"tablet":{"background-color":"","background-image":"","background-repeat":"repeat","background-position":"center center","background-size":"auto","background-attachment":"scroll","background-type":"","background-media":"","overlay-type":"","overlay-color":"","overlay-opacity":"","overlay-gradient":""},"mobile":{"background-color":"","background-image":"","background-repeat":"repeat","background-position":"center center","background-size":"auto","background-attachment":"scroll","background-type":"","background-media":"","overlay-type":"","overlay-color":"","overlay-opacity":"","overlay-gradient":""}},"ast-content-background-meta":{"desktop":{"background-color":"var(--ast-global-color-5)","background-image":"","background-repeat":"repeat","background-position":"center center","background-size":"auto","background-attachment":"scroll","background-type":"","background-media":"","overlay-type":"","overlay-color":"","overlay-opacity":"","overlay-gradient":""},"tablet":{"background-color":"var(--ast-global-color-5)","background-image":"","background-repeat":"repeat","background-position":"center center","background-size":"auto","background-attachment":"scroll","background-type":"","background-media":"","overlay-type":"","overlay-color":"","overlay-opacity":"","overlay-gradient":""},"mobile":{"background-color":"var(--ast-global-color-5)","background-image":"","background-repeat":"repeat","background-position":"center center","background-size":"auto","background-attachment":"scroll","background-type":"","background-media":"","overlay-type":"","overlay-color":"","overlay-opacity":"","overlay-gradient":""}},"_joinchat":{"telephone":"+8617776015835"}},"product_brand":[],"product_cat":[71,140,149,150,152,157,58],"product_tag":[414,415,79,416,81,80,77,78,214],"class_list":{"0":"post-2922","1":"product","2":"type-product","3":"status-publish","4":"has-post-thumbnail","6":"product_cat-15000-puff","7":"product_cat-big-puffs-disposable-vapes","8":"product_cat-buy-disposable-vapes-in-austria","9":"product_cat-buy-disposable-vapes-in-belgium","10":"product_cat-buy-disposable-vapes-in-cermany","11":"product_cat-buy-disposable-vapes-in-portugal","12":"product_cat-fumot-vape","13":"product_tag-15k-tornado-vape","14":"product_tag-15k-vape","15":"product_tag-fumot-15k","16":"product_tag-fumot-vape-15000","17":"product_tag-randm-15000","18":"product_tag-randm-15k","19":"product_tag-randm-tornado-15000","20":"product_tag-randm-vape","21":"product_tag-tornado-vape-15000","22":"desktop-align-left","23":"tablet-align-left","24":"mobile-align-left","26":"first","27":"instock","28":"sale","29":"shipping-taxable","30":"purchasable","31":"product-type-simple"},"acf":[],"uagb_featured_image_src":{"full":["https:\/\/vapestornado.com\/wp-content\/uploads\/2024\/12\/RandM-15000-Tornado-Vape-Wholesale.jpg",1182,1182,false],"thumbnail":["https:\/\/vapestornado.com\/wp-content\/uploads\/2024\/12\/RandM-15000-Tornado-Vape-Wholesale-150x150.jpg",150,150,true],"medium":["https:\/\/vapestornado.com\/wp-content\/uploads\/2024\/12\/RandM-15000-Tornado-Vape-Wholesale-300x300.jpg",300,300,true],"medium_large":["https:\/\/vapestornado.com\/wp-content\/uploads\/2024\/12\/RandM-15000-Tornado-Vape-Wholesale-768x768.jpg",768,768,true],"large":["https:\/\/vapestornado.com\/wp-content\/uploads\/2024\/12\/RandM-15000-Tornado-Vape-Wholesale-1024x1024.jpg",1024,1024,true],"1536x1536":["https:\/\/vapestornado.com\/wp-content\/uploads\/2024\/12\/RandM-15000-Tornado-Vape-Wholesale.jpg",1182,1182,false],"2048x2048":["https:\/\/vapestornado.com\/wp-content\/uploads\/2024\/12\/RandM-15000-Tornado-Vape-Wholesale.jpg",1182,1182,false],"trp-custom-language-flag":["https:\/\/vapestornado.com\/wp-content\/uploads\/2024\/12\/RandM-15000-Tornado-Vape-Wholesale.jpg",12,12,false],"woocommerce_thumbnail":["https:\/\/vapestornado.com\/wp-content\/uploads\/2024\/12\/RandM-15000-Tornado-Vape-Wholesale-300x300.jpg",300,300,true],"woocommerce_single":["https:\/\/vapestornado.com\/wp-content\/uploads\/2024\/12\/RandM-15000-Tornado-Vape-Wholesale-600x600.jpg",600,600,true],"woocommerce_gallery_thumbnail":["https:\/\/vapestornado.com\/wp-content\/uploads\/2024\/12\/RandM-15000-Tornado-Vape-Wholesale-100x100.jpg",100,100,true]},"uagb_author_info":{"display_name":"ESAMY","author_link":"https:\/\/vapestornado.com\/hu\/author\/"},"uagb_comment_info":1,"uagb_excerpt":"Best RandM Tornado 15000 Puffs Flavours Lowest Price Fumot RandM 15000 Puffs Disposable Vape Wholesale RandM Tornado 15000 Rechargeable Disposable Vape Bulk Buy Price Add Amy's whatsapp get right reply and vape vape coupon! WhatsApp: +86 17776015835 &nbsp;","_links":{"self":[{"href":"https:\/\/vapestornado.com\/hu\/wp-json\/wp\/v2\/product\/2922","targetHints":{"allow":["GET"]}}],"collection":[{"href":"https:\/\/vapestornado.com\/hu\/wp-json\/wp\/v2\/product"}],"about":[{"href":"https:\/\/vapestornado.com\/hu\/wp-json\/wp\/v2\/types\/product"}],"replies":[{"embeddable":true,"href":"https:\/\/vapestornado.com\/hu\/wp-json\/wp\/v2\/comments?post=2922"}],"wp:featuredmedia":[{"embeddable":true,"href":"https:\/\/vapestornado.com\/hu\/wp-json\/wp\/v2\/media\/2929"}],"wp:attachment":[{"href":"https:\/\/vapestornado.com\/hu\/wp-json\/wp\/v2\/media?parent=2922"}],"wp:term":[{"taxonomy":"product_brand","embeddable":true,"href":"https:\/\/vapestornado.com\/hu\/wp-json\/wp\/v2\/product_brand?post=2922"},{"taxonomy":"product_cat","embeddable":true,"href":"https:\/\/vapestornado.com\/hu\/wp-json\/wp\/v2\/product_cat?post=2922"},{"taxonomy":"product_tag","embeddable":true,"href":"https:\/\/vapestornado.com\/hu\/wp-json\/wp\/v2\/product_tag?post=2922"}],"curies":[{"name":"wp","href":"https:\/\/api.w.org\/{rel}","templated":true}]}}