{"id":2784,"date":"2024-11-12T10:04:17","date_gmt":"2024-11-12T10:04:17","guid":{"rendered":"https:\/\/vapestornado.com\/?page_id=2784"},"modified":"2024-11-12T10:04:19","modified_gmt":"2024-11-12T10:04:19","slug":"payment-methods-at-vapestornado","status":"publish","type":"page","link":"https:\/\/vapestornado.com\/hu\/payment-methods-at-vapestornado\/","title":{"rendered":"Fizet\u00e9si m\u00f3dok a vapestornadon\u00e1l"},"content":{"rendered":"<p>K\u00f6sz\u00f6nj\u00fck, hogy minket v\u00e1lasztott <strong>vapestornado<\/strong>, a pr\u00e9mium eldobhat\u00f3 vape term\u00e9kek megb\u00edzhat\u00f3 online \u00e1ruh\u00e1z\u00e1t. \u00c9vek \u00f3ta tart\u00f3 szak\u00e9rtelm\u00fcnkkel b\u00fcszk\u00e9n k\u00edn\u00e1lunk sz\u00e9les v\u00e1laszt\u00e9kot a legjobb m\u00e1rk\u00e1kb\u00f3l, \u00e9s term\u00e9keinket vil\u00e1gszerte sz\u00e1ll\u00edtjuk k\u00fcl\u00f6nb\u00f6z\u0151 orsz\u00e1gokba. Elk\u00f6telezettek vagyunk amellett, hogy biztons\u00e1gos, k\u00e9nyelmes \u00e9s z\u00f6kken\u0151mentes v\u00e1s\u00e1rl\u00e1si \u00e9lm\u00e9nyt ny\u00fajtsunk \u00d6nnek.<\/p>\n\n\n\n<p>A k\u00f6vetkez\u0151 fizet\u00e9si m\u00f3dokat fogadjuk el:<\/p>\n\n\n\n<ol class=\"wp-block-list\">\n<li><strong>PayPal<\/strong>: \u00c9lvezze a biztons\u00e1gos \u00e9s egyszer\u0171 fizet\u00e9st a PayPal-on kereszt\u00fcl a megrendel\u00e9seihez. <em>(27% \u00c1FA vonatkozik)<\/em><\/li>\n\n\n\n<li><strong>Hitelk\u00e1rtya<\/strong>: Elfogadjuk a f\u0151bb hitelk\u00e1rty\u00e1kat, biztos\u00edtva a probl\u00e9mamentes fizet\u00e9si folyamatot. <em>(27% \u00c1FA vonatkozik)<\/em><\/li>\n\n\n\n<li><strong>Banki \u00e1tutal\u00e1s<\/strong>: A hagyom\u00e1nyos fizet\u00e9sekhez banki \u00e1tutal\u00e1s is rendelkez\u00e9sre \u00e1ll. <em>(Nincs \u00c1FA)<\/em><\/li>\n\n\n\n<li><strong>Kriptovaluta<\/strong>: Kriptovaluta fizet\u00e9st k\u00edn\u00e1lunk a modern, j\u00f6v\u0151orient\u00e1lt fizet\u00e9si lehet\u0151s\u00e9ghez. <em>(Nincs \u00c1FA)<\/em><\/li>\n\n\n\n<li><strong>Wise \u00c1tutal\u00e1s<\/strong>: Haszn\u00e1lja a Wise-t a hat\u00e9kony \u00e9s k\u00f6lts\u00e9ghat\u00e9kony \u00e1tutal\u00e1si szolg\u00e1ltat\u00e1sokhoz. <em>(Nincs \u00c1FA)<\/em><\/li>\n<\/ol>\n\n\n\n<p>Ha b\u00e1rmilyen konkr\u00e9t fizet\u00e9si k\u00e9rd\u00e9se vagy k\u00e9r\u00e9se van, \u00fcgyf\u00e9lszolg\u00e1lati csapatunk mindig k\u00e9szs\u00e9ggel \u00e1ll rendelkez\u00e9s\u00e9re. Az\u00e9rt vagyunk itt, hogy a vapestornado-n\u00e1l t\u00f6rt\u00e9n\u0151 v\u00e1s\u00e1rl\u00e1si \u00e9lm\u00e9nye z\u00f6kken\u0151mentes \u00e9s biztons\u00e1gos legyen!<\/p>\n\n\n\n<p><\/p>","protected":false},"excerpt":{"rendered":"<p>K\u00f6sz\u00f6nj\u00fck, hogy a vapestornado-t v\u00e1lasztotta, a pr\u00e9mium eldobhat\u00f3 vape term\u00e9kek megb\u00edzhat\u00f3 online \u00e1ruh\u00e1z\u00e1t. Az ipar\u00e1gban szerzett t\u00f6bb \u00e9ves szak\u00e9rtelemmel b\u00fcszk\u00e9n k\u00edn\u00e1lunk m\u00e1rk\u00e1k sz\u00e9les v\u00e1laszt\u00e9k\u00e1t, \u00e9s term\u00e9keinket vil\u00e1gszerte k\u00fcl\u00f6nb\u00f6z\u0151 orsz\u00e1gokba sz\u00e1ll\u00edtjuk. Elk\u00f6telezettek vagyunk amellett, hogy biztons\u00e1gos, k\u00e9nyelmes \u00e9s z\u00f6kken\u0151mentes v\u00e1s\u00e1rl\u00e1si \u00e9lm\u00e9nyt ny\u00fajtsunk \u00d6nnek.<\/p>","protected":false},"author":1,"featured_media":0,"parent":0,"menu_order":0,"comment_status":"closed","ping_status":"closed","template":"","meta":{"_acf_changed":false,"_uag_custom_page_level_css":"","_lmt_disableupdate":"","_lmt_disable":"","_monsterinsights_skip_tracking":false,"_monsterinsights_sitenote_active":false,"_monsterinsights_sitenote_note":"","_monsterinsights_sitenote_category":0,"site-sidebar-layout":"default","site-content-layout":"","ast-site-content-layout":"default","site-content-style":"default","site-sidebar-style":"default","ast-global-header-display":"","ast-banner-title-visibility":"","ast-main-header-display":"","ast-hfb-above-header-display":"","ast-hfb-below-header-display":"","ast-hfb-mobile-header-display":"","site-post-title":"","ast-breadcrumbs-content":"","ast-featured-img":"","footer-sml-layout":"","ast-disable-related-posts":"","theme-transparent-header-meta":"","adv-header-id-meta":"","stick-header-meta":"","header-above-stick-meta":"","header-main-stick-meta":"","header-below-stick-meta":"","astra-migrate-meta-layouts":"set","ast-page-background-enabled":"default","ast-page-background-meta":{"desktop":{"background-color":"","background-image":"","background-repeat":"repeat","background-position":"center center","background-size":"auto","background-attachment":"scroll","background-type":"","background-media":"","overlay-type":"","overlay-color":"","overlay-opacity":"","overlay-gradient":""},"tablet":{"background-color":"","background-image":"","background-repeat":"repeat","background-position":"center center","background-size":"auto","background-attachment":"scroll","background-type":"","background-media":"","overlay-type":"","overlay-color":"","overlay-opacity":"","overlay-gradient":""},"mobile":{"background-color":"","background-image":"","background-repeat":"repeat","background-position":"center center","background-size":"auto","background-attachment":"scroll","background-type":"","background-media":"","overlay-type":"","overlay-color":"","overlay-opacity":"","overlay-gradient":""}},"ast-content-background-meta":{"desktop":{"background-color":"var(--ast-global-color-5)","background-image":"","background-repeat":"repeat","background-position":"center center","background-size":"auto","background-attachment":"scroll","background-type":"","background-media":"","overlay-type":"","overlay-color":"","overlay-opacity":"","overlay-gradient":""},"tablet":{"background-color":"var(--ast-global-color-5)","background-image":"","background-repeat":"repeat","background-position":"center center","background-size":"auto","background-attachment":"scroll","background-type":"","background-media":"","overlay-type":"","overlay-color":"","overlay-opacity":"","overlay-gradient":""},"mobile":{"background-color":"var(--ast-global-color-5)","background-image":"","background-repeat":"repeat","background-position":"center center","background-size":"auto","background-attachment":"scroll","background-type":"","background-media":"","overlay-type":"","overlay-color":"","overlay-opacity":"","overlay-gradient":""}},"_joinchat":[],"footnotes":""},"class_list":["post-2784","page","type-page","status-publish","hentry"],"acf":[],"uagb_featured_image_src":{"full":false,"thumbnail":false,"medium":false,"medium_large":false,"large":false,"1536x1536":false,"2048x2048":false,"trp-custom-language-flag":false,"woocommerce_thumbnail":false,"woocommerce_single":false,"woocommerce_gallery_thumbnail":false},"uagb_author_info":{"display_name":"yannazhan@gmail.com","author_link":"https:\/\/vapestornado.com\/hu\/author\/yannazhangmail-com\/"},"uagb_comment_info":0,"uagb_excerpt":"Thank you for choosing vapestornado, your trusted online store for premium disposable vape products. With years of expertise in the industry, we are proud to offer a wide selection of top brands and ship our products globally to various countries. We are committed to providing you with a secure, convenient, and seamless shopping experience. We&hellip;","_links":{"self":[{"href":"https:\/\/vapestornado.com\/hu\/wp-json\/wp\/v2\/pages\/2784","targetHints":{"allow":["GET"]}}],"collection":[{"href":"https:\/\/vapestornado.com\/hu\/wp-json\/wp\/v2\/pages"}],"about":[{"href":"https:\/\/vapestornado.com\/hu\/wp-json\/wp\/v2\/types\/page"}],"author":[{"embeddable":true,"href":"https:\/\/vapestornado.com\/hu\/wp-json\/wp\/v2\/users\/1"}],"replies":[{"embeddable":true,"href":"https:\/\/vapestornado.com\/hu\/wp-json\/wp\/v2\/comments?post=2784"}],"version-history":[{"count":1,"href":"https:\/\/vapestornado.com\/hu\/wp-json\/wp\/v2\/pages\/2784\/revisions"}],"predecessor-version":[{"id":2785,"href":"https:\/\/vapestornado.com\/hu\/wp-json\/wp\/v2\/pages\/2784\/revisions\/2785"}],"wp:attachment":[{"href":"https:\/\/vapestornado.com\/hu\/wp-json\/wp\/v2\/media?parent=2784"}],"curies":[{"name":"wp","href":"https:\/\/api.w.org\/{rel}","templated":true}]}}