{"id":2781,"date":"2024-11-12T10:02:57","date_gmt":"2024-11-12T10:02:57","guid":{"rendered":"https:\/\/vapestornado.com\/?page_id=2781"},"modified":"2024-11-12T10:02:58","modified_gmt":"2024-11-12T10:02:58","slug":"age-verification-policy-for-vapestornado","status":"publish","type":"page","link":"https:\/\/vapestornado.com\/hu\/age-verification-policy-for-vapestornado\/","title":{"rendered":"Korhat\u00e1r ellen\u0151rz\u00e9si szab\u00e1lyzat a vapestornadon\u00e1l"},"content":{"rendered":"<p>A vapestornado-n\u00e1l elk\u00f6telezettek vagyunk a felel\u0151s \u00e9s t\u00f6rv\u00e9nyes megk\u00f6zel\u00edt\u00e9s fenntart\u00e1sa mellett a vape term\u00e9keink \u00e9rt\u00e9kes\u00edt\u00e9se sor\u00e1n. Annak \u00e9rdek\u00e9ben, hogy megfelelj\u00fcnk a jogi k\u00f6vetelm\u00e9nyeknek \u00e9s el\u0151seg\u00edts\u00fck a felel\u0151s vapinget, a k\u00f6vetkez\u0151 \u00e9letkor-ellen\u0151rz\u00e9si ir\u00e1nyelvet vezett\u00fck be:<\/p>\n\n\n\n<h3 class=\"wp-block-heading\"><strong>A doh\u00e1nyz\u00e1s leg\u00e1lis korhat\u00e1ra<\/strong><\/h3>\n\n\n\n<p>A v\u00e1s\u00e1rl\u00f3knak legal\u00e1bb <strong>21 \u00e9vesnek<\/strong> kell lenni\u00fck (a leg\u00e1lis doh\u00e1nyz\u00e1si korhat\u00e1r Magyarorsz\u00e1gon), hogy vape term\u00e9keket v\u00e1s\u00e1rolhassanak a vapestornado.com weboldalunkr\u00f3l.<\/p>\n\n\n\n<h3 class=\"wp-block-heading\"><strong>A kor meghamis\u00edt\u00e1sa illeg\u00e1lis<\/strong><\/h3>\n\n\n\n<p>Tilos <strong>illeg\u00e1lis<\/strong> meghamis\u00edtani az \u00e9letkorodat term\u00e9keink megv\u00e1s\u00e1rl\u00e1s\u00e1hoz. E t\u00f6rv\u00e9ny megs\u00e9rt\u00e9se jogi k\u00f6vetkezm\u00e9nyekkel j\u00e1rhat, bele\u00e9rtve a p\u00e9nzb\u00edrs\u00e1got \u00e9s a potenci\u00e1lis b\u00fcntet\u0151jogi v\u00e1dakat.<\/p>\n\n\n\n<h3 class=\"wp-block-heading\"><strong>Kiskor\u00faaknak tilos a v\u00e1s\u00e1rl\u00e1s<\/strong><\/h3>\n\n\n\n<p>Vape term\u00e9kek v\u00e1s\u00e1rl\u00e1sa a vapestornad\u00f3t\u00f3l <strong>kiskor\u00faak<\/strong> sz\u00e1m\u00e1ra szigor\u00faan tilos. B\u00e1rmilyen ilyen k\u00eds\u00e9rlet jogi k\u00f6vetkezm\u00e9nyekhez vezethet a v\u00e1s\u00e1rl\u00f3 sz\u00e1m\u00e1ra.<\/p>\n\n\n\n<h3 class=\"wp-block-heading\"><strong>\u00c9letkor-ellen\u0151rz\u00e9si folyamat<\/strong><\/h3>\n\n\n\n<p>Szigor\u00fa <strong>\u00e9letkor-ellen\u0151rz\u00e9si<\/strong> folyamatot alkalmazunk a t\u00f6rv\u00e9nyes korhat\u00e1r betart\u00e1s\u00e1nak biztos\u00edt\u00e1sa \u00e9rdek\u00e9ben. Az \u00e9letkor-ellen\u0151rz\u00e9s befejez\u00e9s\u00e9hez megk\u00e9rhetj\u00fck, hogy adja meg szem\u00e9lyes adatait, bele\u00e9rtve a nev\u00e9t, c\u00edm\u00e9t, sz\u00fclet\u00e9si d\u00e1tum\u00e1t \u00e9s a t\u00e1rsadalombiztos\u00edt\u00e1si sz\u00e1m\u00e1nak utols\u00f3 n\u00e9gy sz\u00e1mjegy\u00e9t. Ezeket az inform\u00e1ci\u00f3kat \u00f6sszevetj\u00fck a nyilv\u00e1ntart\u00e1sokkal. Ha az ellen\u0151rz\u00e9s sikertelen, vagy nem tudja megadni a t\u00e1rsadalombiztos\u00edt\u00e1si sz\u00e1m\u00e1t, fel kell t\u00f6ltenie egy <strong>korm\u00e1ny \u00e1ltal ki\u00e1ll\u00edtott szem\u00e9lyazonos\u00edt\u00f3 okm\u00e1nyt<\/strong> az ellen\u0151rz\u00e9shez.<\/p>\n\n\n\n<h3 class=\"wp-block-heading\"><strong>A szolg\u00e1ltat\u00e1s megtagad\u00e1s\u00e1nak joga<\/strong><\/h3>\n\n\n\n<p>Fenntartjuk a jogot, hogy <strong>megtagadni vagy t\u00f6r\u00f6lni egy rendel\u00e9st<\/strong> ha nem tudjuk ellen\u0151rizni az \u00e9letkorodat, vagy ha nem tudsz azonnal megfelel\u0151 azonos\u00edt\u00e1st bemutatni.<\/p>\n\n\n\n<h3 class=\"wp-block-heading\"><strong>Elk\u00f6telezetts\u00e9g a fiatalok v\u00e9delme ir\u00e1nt<\/strong><\/h3>\n\n\n\n<p>A vapestornado elk\u00f6telezett amellett, hogy megakad\u00e1lyozza a term\u00e9kek kiskor\u00faaknak t\u00f6rt\u00e9n\u0151 \u00e9rt\u00e9kes\u00edt\u00e9s\u00e9t. Er\u0151s \u00e9letkor-ellen\u0151rz\u0151 rendszert alkalmazunk, hogy biztos\u00edtsuk a jogszab\u00e1lyi korl\u00e1toz\u00e1sok betart\u00e1s\u00e1t \u00e9s megakad\u00e1lyozzuk a fiatalok hozz\u00e1f\u00e9r\u00e9s\u00e9t a vape term\u00e9kekhez.<\/p>\n\n\n\n<h3 class=\"wp-block-heading\"><strong>A szolg\u00e1ltat\u00e1s megtagad\u00e1sa vagy korl\u00e1toz\u00e1sa<\/strong><\/h3>\n\n\n\n<p>Fenntartjuk a jogot arra, hogy <strong>megtagadjuk a szolg\u00e1ltat\u00e1st<\/strong> azokt\u00f3l a szem\u00e9lyekt\u0151l, akik nem felelnek meg az \u00e9letkori k\u00f6vetelm\u00e9nyeknek, vagy nem tudnak elegend\u0151 bizony\u00edt\u00e9kot szolg\u00e1ltatni az \u00e9letkorukr\u00f3l. Ha \u00fagy gondolja, hogy jogtalanul tagadt\u00e1k meg \u00d6nt\u0151l a szolg\u00e1ltat\u00e1st, k\u00e9rj\u00fck, forduljon \u00fcgyf\u00e9lszolg\u00e1latunkhoz seg\u00edts\u00e9g\u00e9rt.<\/p>\n\n\n\n<h3 class=\"wp-block-heading\"><strong>Figyelmeztet\u00e9s az oldal tartalm\u00e1val kapcsolatban<\/strong><\/h3>\n\n\n\n<p>Tartalmazunk egy <strong>figyelmeztet\u0151 \u00fczenetet<\/strong> weboldalunkon az elektromos cigaretta term\u00e9kekkel kapcsolatban, eml\u00e9keztetve a v\u00e1s\u00e1rl\u00f3kat, hogy legal\u00e1bb <strong>21 \u00e9vesnek<\/strong> 21 \u00e9vesnek kell lenni\u00fck Magyarorsz\u00e1gon a v\u00e1s\u00e1rl\u00e1shoz.<\/p>\n\n\n\n<p>A vapestornado-n\u00e1l priorit\u00e1sk\u00e9nt kezelj\u00fck a <strong>biztons\u00e1got<\/strong> \u00e9s a <strong>j\u00f3l\u00e9tet<\/strong> \u00fcgyfeleink sz\u00e1m\u00e1ra. Az \u00e9letkor-ellen\u0151rz\u00e9si protokollok szigor\u00fa betart\u00e1s\u00e1val felel\u0151ss\u00e9gteljes \u00e9s t\u00f6rv\u00e9nyes megk\u00f6zel\u00edt\u00e9st tartunk fenn az e-cigaretta \u00e9rt\u00e9kes\u00edt\u00e9s\u00e9ben. A kiskor\u00faak hozz\u00e1f\u00e9r\u00e9s\u00e9nek megakad\u00e1lyoz\u00e1sa ir\u00e1nti elk\u00f6telezetts\u00e9g\u00fcnk t\u00fckr\u00f6zi elhivatotts\u00e1gunkat az eg\u00e9szs\u00e9ges \u00e9s felel\u0151ss\u00e9gteljes vaping k\u00f6z\u00f6ss\u00e9g el\u0151mozd\u00edt\u00e1sa ir\u00e1nt.<\/p>\n\n\n\n<p>40 mini<\/p>","protected":false},"excerpt":{"rendered":"<p>A vapestornado-n\u00e1l elk\u00f6telezettek vagyunk a vape term\u00e9keink \u00e9rt\u00e9kes\u00edt\u00e9s\u00e9nek felel\u0151ss\u00e9gteljes \u00e9s t\u00f6rv\u00e9nyes megk\u00f6zel\u00edt\u00e9se mellett. Annak \u00e9rdek\u00e9ben, hogy megfelelj\u00fcnk a jogszab\u00e1lyi k\u00f6vetelm\u00e9nyeknek \u00e9s el\u0151mozd\u00edtsuk a felel\u0151ss\u00e9gteljes vapinget, a k\u00f6vetkez\u0151 \u00e9letkor-ellen\u0151rz\u00e9si szab\u00e1lyzatot vezett\u00fck be: T\u00f6rv\u00e9nyes doh\u00e1nyz\u00e1si kor k\u00f6vetelm\u00e9ny A v\u00e1s\u00e1rl\u00f3knak legal\u00e1bb 21 \u00e9vesnek kell lenni\u00fck (a t\u00f6rv\u00e9nyes doh\u00e1nyz\u00e1si kor Magyarorsz\u00e1gon a [\u2026]<\/p>","protected":false},"author":1,"featured_media":0,"parent":0,"menu_order":0,"comment_status":"closed","ping_status":"closed","template":"","meta":{"_acf_changed":false,"_uag_custom_page_level_css":"","_lmt_disableupdate":"","_lmt_disable":"","_monsterinsights_skip_tracking":false,"_monsterinsights_sitenote_active":false,"_monsterinsights_sitenote_note":"","_monsterinsights_sitenote_category":0,"site-sidebar-layout":"default","site-content-layout":"","ast-site-content-layout":"default","site-content-style":"default","site-sidebar-style":"default","ast-global-header-display":"","ast-banner-title-visibility":"","ast-main-header-display":"","ast-hfb-above-header-display":"","ast-hfb-below-header-display":"","ast-hfb-mobile-header-display":"","site-post-title":"","ast-breadcrumbs-content":"","ast-featured-img":"","footer-sml-layout":"","ast-disable-related-posts":"","theme-transparent-header-meta":"","adv-header-id-meta":"","stick-header-meta":"","header-above-stick-meta":"","header-main-stick-meta":"","header-below-stick-meta":"","astra-migrate-meta-layouts":"set","ast-page-background-enabled":"default","ast-page-background-meta":{"desktop":{"background-color":"","background-image":"","background-repeat":"repeat","background-position":"center center","background-size":"auto","background-attachment":"scroll","background-type":"","background-media":"","overlay-type":"","overlay-color":"","overlay-opacity":"","overlay-gradient":""},"tablet":{"background-color":"","background-image":"","background-repeat":"repeat","background-position":"center center","background-size":"auto","background-attachment":"scroll","background-type":"","background-media":"","overlay-type":"","overlay-color":"","overlay-opacity":"","overlay-gradient":""},"mobile":{"background-color":"","background-image":"","background-repeat":"repeat","background-position":"center center","background-size":"auto","background-attachment":"scroll","background-type":"","background-media":"","overlay-type":"","overlay-color":"","overlay-opacity":"","overlay-gradient":""}},"ast-content-background-meta":{"desktop":{"background-color":"var(--ast-global-color-5)","background-image":"","background-repeat":"repeat","background-position":"center center","background-size":"auto","background-attachment":"scroll","background-type":"","background-media":"","overlay-type":"","overlay-color":"","overlay-opacity":"","overlay-gradient":""},"tablet":{"background-color":"var(--ast-global-color-5)","background-image":"","background-repeat":"repeat","background-position":"center center","background-size":"auto","background-attachment":"scroll","background-type":"","background-media":"","overlay-type":"","overlay-color":"","overlay-opacity":"","overlay-gradient":""},"mobile":{"background-color":"var(--ast-global-color-5)","background-image":"","background-repeat":"repeat","background-position":"center center","background-size":"auto","background-attachment":"scroll","background-type":"","background-media":"","overlay-type":"","overlay-color":"","overlay-opacity":"","overlay-gradient":""}},"_joinchat":[],"footnotes":""},"class_list":["post-2781","page","type-page","status-publish","hentry"],"acf":[],"uagb_featured_image_src":{"full":false,"thumbnail":false,"medium":false,"medium_large":false,"large":false,"1536x1536":false,"2048x2048":false,"trp-custom-language-flag":false,"woocommerce_thumbnail":false,"woocommerce_single":false,"woocommerce_gallery_thumbnail":false},"uagb_author_info":{"display_name":"yannazhan@gmail.com","author_link":"https:\/\/vapestornado.com\/hu\/author\/yannazhangmail-com\/"},"uagb_comment_info":0,"uagb_excerpt":"At vapestornado, we are committed to maintaining a responsible and legal approach to the sale of our vape products. To ensure we meet legal requirements and promote responsible vaping, we have implemented the following age verification policy: Legal Smoking Age Requirement Customers must be at least 21 years old (the legal smoking age in the&hellip;","_links":{"self":[{"href":"https:\/\/vapestornado.com\/hu\/wp-json\/wp\/v2\/pages\/2781","targetHints":{"allow":["GET"]}}],"collection":[{"href":"https:\/\/vapestornado.com\/hu\/wp-json\/wp\/v2\/pages"}],"about":[{"href":"https:\/\/vapestornado.com\/hu\/wp-json\/wp\/v2\/types\/page"}],"author":[{"embeddable":true,"href":"https:\/\/vapestornado.com\/hu\/wp-json\/wp\/v2\/users\/1"}],"replies":[{"embeddable":true,"href":"https:\/\/vapestornado.com\/hu\/wp-json\/wp\/v2\/comments?post=2781"}],"version-history":[{"count":1,"href":"https:\/\/vapestornado.com\/hu\/wp-json\/wp\/v2\/pages\/2781\/revisions"}],"predecessor-version":[{"id":2783,"href":"https:\/\/vapestornado.com\/hu\/wp-json\/wp\/v2\/pages\/2781\/revisions\/2783"}],"wp:attachment":[{"href":"https:\/\/vapestornado.com\/hu\/wp-json\/wp\/v2\/media?parent=2781"}],"curies":[{"name":"wp","href":"https:\/\/api.w.org\/{rel}","templated":true}]}}