{"id":2776,"date":"2024-11-12T09:55:46","date_gmt":"2024-11-12T09:55:46","guid":{"rendered":"https:\/\/vapestornado.com\/?page_id=2776"},"modified":"2024-11-12T09:55:48","modified_gmt":"2024-11-12T09:55:48","slug":"terms-conditions","status":"publish","type":"page","link":"https:\/\/vapestornado.com\/hu\/terms-conditions\/","title":{"rendered":"\u00c1ltal\u00e1nos szerz\u0151d\u00e9si felt\u00e9telek"},"content":{"rendered":"<p>\u00dcdv\u00f6z\u00f6lj\u00fck a vapestornado oldal\u00e1n! Weboldalunk el\u00e9r\u00e9s\u00e9vel \u00e9s haszn\u00e1lat\u00e1val \u00d6n elfogadja, hogy betartja az al\u00e1bbi felt\u00e9teleket, valamint az alkalmazand\u00f3 t\u00f6rv\u00e9nyeket. Ha nem \u00e9rt egyet ezekkel a felt\u00e9telekkel, k\u00e9rj\u00fck, ne haszn\u00e1lja oldalunkat. Weboldalunkon t\u00f6rt\u00e9n\u0151 v\u00e1s\u00e1rl\u00e1ssal \u00d6n elfogadja a Felt\u00e9teleket.<\/p>\n\n\n\n<p><strong>Nemzetk\u00f6zi megrendel\u00e9sek<\/strong><\/p>\n\n\n\n<p>A vapestornado sz\u00e9khelye Hongkongban tal\u00e1lhat\u00f3, \u00e9s glob\u00e1lisan m\u0171k\u00f6dik. Azok a v\u00e1s\u00e1rl\u00f3k, akik n\u00e1lunk v\u00e1s\u00e1rolnak, \u00e9s Hongkongon k\u00edv\u00fcli orsz\u00e1gokba sz\u00e1ll\u00edttatnak, nemzetk\u00f6zi v\u00e1s\u00e1rl\u00f3knak min\u0151s\u00fclnek. K\u00e9rj\u00fck, v\u00e1s\u00e1rl\u00e1s el\u0151tt gy\u0151z\u0151dj\u00f6n meg arr\u00f3l, hogy tiszt\u00e1ban van orsz\u00e1ga szab\u00e1lyoz\u00e1s\u00e1val a vaporiz\u00e1tor term\u00e9kek birtokl\u00e1s\u00e1ra, importj\u00e1ra, exportj\u00e1ra \u00e9s haszn\u00e1lat\u00e1ra vonatkoz\u00f3an. Az egyes orsz\u00e1gokra vonatkoz\u00f3 tov\u00e1bbi ir\u00e1nyelveket a Sz\u00e1ll\u00edt\u00e1si, Visszak\u00fcld\u00e9si \u00e9s Garanci\u00e1lis ir\u00e1nyelveink tartalmazz\u00e1k.<\/p>\n\n\n\n<p><strong>Szerz\u0151i jog<\/strong><\/p>\n\n\n\n<p>A weboldalon tal\u00e1lhat\u00f3 \u00f6sszes tartalom, bele\u00e9rtve a sz\u00f6veget, grafik\u00e1kat \u00e9s k\u00f3dot, szerz\u0151i jogv\u00e9delem alatt \u00e1ll, mint egy kollekt\u00edv munka a szerz\u0151i jogi t\u00f6rv\u00e9nyek \u00e9rtelm\u00e9ben. Ez a kollekt\u00edv munka mag\u00e1ban foglalja a vapestornadonak enged\u00e9lyezett m\u0171veket is. Copyright 2022, vapestornado. Minden jog fenntartva. Elektronikusan m\u00e1solhatja \u00e9s kinyomtathatja az oldal r\u00e9szeit kiz\u00e1r\u00f3lag a vapestornadon\u00e1l t\u00f6rt\u00e9n\u0151 rendel\u00e9s lead\u00e1sa vagy vapestornado term\u00e9kek v\u00e1s\u00e1rl\u00e1sa c\u00e9lj\u00e1b\u00f3l. B\u00e1rmilyen m\u00e1s felhaszn\u00e1l\u00e1s, bele\u00e9rtve az oldal tartalm\u00e1nak reproduk\u00e1l\u00e1s\u00e1t, terjeszt\u00e9s\u00e9t, megjelen\u00edt\u00e9s\u00e9t vagy tov\u00e1bb\u00edt\u00e1s\u00e1t, szigor\u00faan tilos a vapestornado Inc. kifejezett enged\u00e9lye n\u00e9lk\u00fcl.<\/p>\n\n\n\n<p><strong>V\u00e9djegyek<\/strong><\/p>\n\n\n\n<p>A weboldalon haszn\u00e1lt \u00f6sszes v\u00e9djegy, szolg\u00e1ltat\u00e1si v\u00e9djegy \u00e9s kereskedelmi n\u00e9v a vapestornado v\u00e9djegye vagy bejegyzett v\u00e9djegye.<\/p>\n\n\n\n<p><strong>J\u00f3t\u00e1ll\u00e1si nyilatkozat<\/strong><\/p>\n\n\n\n<p>Weboldalunk, valamint a rendelkez\u00e9sre bocs\u00e1tott anyagok \u00e9s term\u00e9kek \"ahogy vannak\" alapon ker\u00fclnek k\u00edn\u00e1l\u00e1sra, b\u00e1rmif\u00e9le kifejezett vagy hallgat\u00f3lagos garancia n\u00e9lk\u00fcl. A vapestornado elh\u00e1r\u00edt minden garanci\u00e1t, bele\u00e9rtve az eladhat\u00f3s\u00e1gra, egy adott c\u00e9lra val\u00f3 alkalmass\u00e1gra \u00e9s a jogs\u00e9rt\u00e9s mentess\u00e9g\u00e9re vonatkoz\u00f3 garanci\u00e1kat. Nem garant\u00e1ljuk, hogy az oldal funkci\u00f3i megszak\u00edt\u00e1smentesek vagy hibamentesek lesznek, vagy hogy b\u00e1rmilyen hib\u00e1t kijav\u00edtunk. Nem garant\u00e1ljuk tov\u00e1bb\u00e1 az oldalon tal\u00e1lhat\u00f3 anyagok pontoss\u00e1g\u00e1t, id\u0151szer\u0171s\u00e9g\u00e9t vagy megb\u00edzhat\u00f3s\u00e1g\u00e1t sem.<\/p>\n\n\n\n<p><strong>Felel\u0151ss\u00e9g korl\u00e1toz\u00e1sa<\/strong><\/p>\n\n\n\n<p>A vapestornado nem v\u00e1llal felel\u0151ss\u00e9get semmilyen k\u00fcl\u00f6nleges vagy k\u00f6vetkezm\u00e9nyes k\u00e1r\u00e9rt, amely a weboldalon tal\u00e1lhat\u00f3 anyagok haszn\u00e1lat\u00e1b\u00f3l vagy a term\u00e9kek teljes\u00edtm\u00e9ny\u00e9b\u0151l ered, m\u00e9g akkor sem, ha t\u00e1j\u00e9koztatt\u00e1k az ilyen k\u00e1rok lehet\u0151s\u00e9g\u00e9r\u0151l. Egyes jogrendszerek nem enged\u00e9lyezik a garanci\u00e1k korl\u00e1toz\u00e1s\u00e1t vagy a k\u00f6vetkezm\u00e9nyes k\u00e1rok\u00e9rt val\u00f3 felel\u0151ss\u00e9g kiz\u00e1r\u00e1s\u00e1t, ez\u00e9rt ezek a korl\u00e1toz\u00e1sok nem vonatkozhatnak r\u00e1d.<\/p>\n\n\n\n<p><strong>Megsz\u00fcntet\u00e9s<\/strong><\/p>\n\n\n\n<p>A jelen felt\u00e9telek vonatkoznak \u00d6nre a weboldalhoz val\u00f3 hozz\u00e1f\u00e9r\u00e9skor, illetve b\u00e1rmely regisztr\u00e1ci\u00f3s vagy v\u00e1s\u00e1rl\u00e1si folyamat befejez\u00e9sekor. A vapestornado b\u00e1rmikor, b\u00e1rmilyen okb\u00f3l \u00e9rtes\u00edt\u00e9s n\u00e9lk\u00fcl megsz\u00fcntetheti a jelen felt\u00e9teleket vagy azok b\u00e1rmely r\u00e9sz\u00e9t. Bizonyos rendelkez\u00e9sek, bele\u00e9rtve a Szerz\u0151i jogokat, V\u00e9djegyeket, Jogi nyilatkozatot, Felel\u0151ss\u00e9g korl\u00e1toz\u00e1s\u00e1t, K\u00e1rtalan\u00edt\u00e1st \u00e9s Egy\u00e9b rendelkez\u00e9seket, a megsz\u0171n\u00e9s ut\u00e1n is \u00e9rv\u00e9nyben maradnak.<\/p>\n\n\n\n<p><strong>\u00c9rtes\u00edt\u00e9s<\/strong><\/p>\n\n\n\n<p>A vapestornado \u00e9rtes\u00edt\u00e9st k\u00fcldhet \u00d6nnek e-mailben, egy \u00e1ltal\u00e1nos \u00e9rtes\u00edt\u00e9st az oldalon, vagy m\u00e1s megb\u00edzhat\u00f3 m\u00f3dszerekkel az \u00d6n \u00e1ltal megadott el\u00e9rhet\u0151s\u00e9gi adatok felhaszn\u00e1l\u00e1s\u00e1val.<\/p>\n\n\n\n<p><strong>Vegyes<\/strong><\/p>\n\n\n\n<p>A weboldal haszn\u00e1lat\u00e1ra a hongkongi t\u00f6rv\u00e9nyek vonatkoznak, tekintet n\u00e9lk\u00fcl a jogszab\u00e1lyi rendelkez\u00e9sek v\u00e1laszt\u00e1s\u00e1ra. A weboldallal kapcsolatos b\u00e1rmely jogi elj\u00e1r\u00e1snak Hongkong b\u00edr\u00f3s\u00e1gain kell zajlania. A weboldallal kapcsolatos b\u00e1rmely k\u00f6vetel\u00e9st a k\u00f6vetel\u00e9s felmer\u00fcl\u00e9s\u00e9t\u0151l sz\u00e1m\u00edtott egy \u00e9ven bel\u00fcl kell beny\u00fajtani. A vapestornado ezen felt\u00e9telek b\u00e1rmely rendelkez\u00e9s\u00e9nek \u00e9rv\u00e9nyes\u00edt\u00e9s\u00e9nek elmulaszt\u00e1sa nem jelenti a jogokr\u00f3l val\u00f3 lemond\u00e1st. A vapestornado \u00e9rtes\u00edt\u00e9s n\u00e9lk\u00fcl \u00e1truh\u00e1zhatja a jelen Szerz\u0151d\u00e9s szerinti jogait \u00e9s k\u00f6telezetts\u00e9geit.<\/p>\n\n\n\n<p><strong>A webhely haszn\u00e1lata<\/strong><\/p>\n\n\n\n<p>A zaklat\u00e1s b\u00e1rmilyen form\u00e1ja tilos az oldalon. Tilos kifog\u00e1solhat\u00f3 tartalmat felt\u00f6lteni vagy m\u00e1sokat kereskedelmi szolg\u00e1ltat\u00e1sokra felk\u00e9rni. A vapestornado fenntartja a jogot, hogy saj\u00e1t bel\u00e1t\u00e1sa szerint blokkolja vagy elt\u00e1vol\u00edtsa a nem megfelel\u0151 tartalmat.<\/p>\n\n\n\n<p><strong>R\u00e9szv\u00e9teli nyilatkozat<\/strong><\/p>\n\n\n\n<p>A vapestornado nem v\u00e1llal felel\u0151ss\u00e9get a felhaszn\u00e1l\u00f3k \u00e1ltal gener\u00e1lt tartalmak\u00e9rt az oldalon. Mi csak k\u00f6zvet\u00edt\u0151k\u00e9nt m\u0171k\u00f6d\u00fcnk a terjeszt\u00e9sben, \u00e9s fenntartjuk a jogot, hogy elt\u00e1vol\u00edtsunk minden kifog\u00e1solhat\u00f3 anyagot.<\/p>\n\n\n\n<p><strong>A term\u00e9kek haszn\u00e1lata<\/strong><\/p>\n\n\n\n<p>A vapestornado nem \u00e1ll\u00edt semmit term\u00e9keink hat\u00e9konys\u00e1g\u00e1val kapcsolatban semmilyen konkr\u00e9t felhaszn\u00e1l\u00e1sra. Term\u00e9keink megv\u00e1s\u00e1rl\u00e1s\u00e1val \u00d6n beleegyezik abba, hogy azokat saj\u00e1t felel\u0151ss\u00e9g\u00e9re haszn\u00e1lja. A nikotintartalm\u00fa term\u00e9kek kiz\u00e1r\u00f3lag feln\u0151ttek sz\u00e1m\u00e1ra k\u00e9sz\u00fcltek. K\u00e9rj\u00fck, haszn\u00e1lat el\u0151tt konzult\u00e1ljon orvos\u00e1val.<\/p>\n\n\n\n<p><strong>K\u00e1rtalan\u00edt\u00e1s<\/strong><\/p>\n\n\n\n<p>\u00d6n beleegyezik abba, hogy k\u00e1rtalan\u00edtja a vapestornado-t \u00e9s szolg\u00e1ltat\u00f3it minden olyan vesztes\u00e9g, k\u00f6lts\u00e9g, s\u00e9r\u00fcl\u00e9s, k\u00e1r \u00e9s k\u00f6lts\u00e9g tekintet\u00e9ben, amely a jelen felt\u00e9telek megs\u00e9rt\u00e9s\u00e9b\u0151l vagy a fi\u00f3kj\u00e1val kapcsolatos tev\u00e9kenys\u00e9gekb\u0151l ered.<\/p>\n\n\n\n<p><strong>Harmadik f\u00e9lt\u0151l sz\u00e1rmaz\u00f3 linkek<\/strong><\/p>\n\n\n\n<p>A vapestornado a l\u00e1togat\u00f3k k\u00e9nyelme \u00e9rdek\u00e9ben harmadik felek webhelyeire mutat\u00f3 linkeket helyezhet el. Nincs befoly\u00e1sunk ezekre az oldalakra, \u00e9s nem v\u00e1llalunk felel\u0151ss\u00e9get azok gyakorlat\u00e1\u00e9rt.<\/p>\n\n\n\n<p><strong>Term\u00e9kjogi nyilatkozat<\/strong><\/p>\n\n\n\n<p>Egyes term\u00e9kekre k\u00fcl\u00f6nleges felel\u0151ss\u00e9gkiz\u00e1r\u00e1sok vonatkozhatnak a cser\u00e9re vagy a visszat\u00e9r\u00edt\u00e9sre val\u00f3 jogosults\u00e1g tekintet\u00e9ben. K\u00e9rj\u00fck, v\u00e1s\u00e1rl\u00e1s el\u0151tt olvassa el az \u00f6sszes term\u00e9kjogi nyilatkozatot. A P\u00e9nzt\u00e1rn\u00e1l tal\u00e1lhat\u00f3 \u00c1ltal\u00e1nos Szerz\u0151d\u00e9si Felt\u00e9teleink elfogad\u00e1s\u00e1val \u00d6n meger\u0151s\u00edti, hogy elolvasta \u00e9s meg\u00e9rtette az \u00f6sszes term\u00e9kjogi nyilatkozatot.<\/p>\n\n\n\n<p>K\u00f6sz\u00f6nj\u00fck, hogy a vapestornado-t v\u00e1lasztotta!<\/p>","protected":false},"excerpt":{"rendered":"<p>Welcome to vapestornado! By accessing and using our website, you agree to comply with the following terms and conditions, along with applicable laws. If you do not agree with these terms, please do not use our site. By making a purchase on our website, you agree to the Terms &amp; Conditions below, as well as [&hellip;]<\/p>","protected":false},"author":1,"featured_media":0,"parent":0,"menu_order":0,"comment_status":"closed","ping_status":"closed","template":"","meta":{"_acf_changed":false,"_uag_custom_page_level_css":"","_lmt_disableupdate":"","_lmt_disable":"","_monsterinsights_skip_tracking":false,"_monsterinsights_sitenote_active":false,"_monsterinsights_sitenote_note":"","_monsterinsights_sitenote_category":0,"site-sidebar-layout":"default","site-content-layout":"","ast-site-content-layout":"default","site-content-style":"default","site-sidebar-style":"default","ast-global-header-display":"","ast-banner-title-visibility":"","ast-main-header-display":"","ast-hfb-above-header-display":"","ast-hfb-below-header-display":"","ast-hfb-mobile-header-display":"","site-post-title":"","ast-breadcrumbs-content":"","ast-featured-img":"","footer-sml-layout":"","ast-disable-related-posts":"","theme-transparent-header-meta":"","adv-header-id-meta":"","stick-header-meta":"","header-above-stick-meta":"","header-main-stick-meta":"","header-below-stick-meta":"","astra-migrate-meta-layouts":"set","ast-page-background-enabled":"default","ast-page-background-meta":{"desktop":{"background-color":"","background-image":"","background-repeat":"repeat","background-position":"center center","background-size":"auto","background-attachment":"scroll","background-type":"","background-media":"","overlay-type":"","overlay-color":"","overlay-opacity":"","overlay-gradient":""},"tablet":{"background-color":"","background-image":"","background-repeat":"repeat","background-position":"center center","background-size":"auto","background-attachment":"scroll","background-type":"","background-media":"","overlay-type":"","overlay-color":"","overlay-opacity":"","overlay-gradient":""},"mobile":{"background-color":"","background-image":"","background-repeat":"repeat","background-position":"center center","background-size":"auto","background-attachment":"scroll","background-type":"","background-media":"","overlay-type":"","overlay-color":"","overlay-opacity":"","overlay-gradient":""}},"ast-content-background-meta":{"desktop":{"background-color":"var(--ast-global-color-5)","background-image":"","background-repeat":"repeat","background-position":"center center","background-size":"auto","background-attachment":"scroll","background-type":"","background-media":"","overlay-type":"","overlay-color":"","overlay-opacity":"","overlay-gradient":""},"tablet":{"background-color":"var(--ast-global-color-5)","background-image":"","background-repeat":"repeat","background-position":"center center","background-size":"auto","background-attachment":"scroll","background-type":"","background-media":"","overlay-type":"","overlay-color":"","overlay-opacity":"","overlay-gradient":""},"mobile":{"background-color":"var(--ast-global-color-5)","background-image":"","background-repeat":"repeat","background-position":"center center","background-size":"auto","background-attachment":"scroll","background-type":"","background-media":"","overlay-type":"","overlay-color":"","overlay-opacity":"","overlay-gradient":""}},"_joinchat":[],"footnotes":""},"class_list":["post-2776","page","type-page","status-publish","hentry"],"acf":[],"uagb_featured_image_src":{"full":false,"thumbnail":false,"medium":false,"medium_large":false,"large":false,"1536x1536":false,"2048x2048":false,"trp-custom-language-flag":false,"woocommerce_thumbnail":false,"woocommerce_single":false,"woocommerce_gallery_thumbnail":false},"uagb_author_info":{"display_name":"yannazhan@gmail.com","author_link":"https:\/\/vapestornado.com\/hu\/author\/yannazhangmail-com\/"},"uagb_comment_info":0,"uagb_excerpt":"Welcome to vapestornado! By accessing and using our website, you agree to comply with the following terms and conditions, along with applicable laws. If you do not agree with these terms, please do not use our site. By making a purchase on our website, you agree to the Terms &amp; Conditions below, as well as&hellip;","_links":{"self":[{"href":"https:\/\/vapestornado.com\/hu\/wp-json\/wp\/v2\/pages\/2776","targetHints":{"allow":["GET"]}}],"collection":[{"href":"https:\/\/vapestornado.com\/hu\/wp-json\/wp\/v2\/pages"}],"about":[{"href":"https:\/\/vapestornado.com\/hu\/wp-json\/wp\/v2\/types\/page"}],"author":[{"embeddable":true,"href":"https:\/\/vapestornado.com\/hu\/wp-json\/wp\/v2\/users\/1"}],"replies":[{"embeddable":true,"href":"https:\/\/vapestornado.com\/hu\/wp-json\/wp\/v2\/comments?post=2776"}],"version-history":[{"count":1,"href":"https:\/\/vapestornado.com\/hu\/wp-json\/wp\/v2\/pages\/2776\/revisions"}],"predecessor-version":[{"id":2777,"href":"https:\/\/vapestornado.com\/hu\/wp-json\/wp\/v2\/pages\/2776\/revisions\/2777"}],"wp:attachment":[{"href":"https:\/\/vapestornado.com\/hu\/wp-json\/wp\/v2\/media?parent=2776"}],"curies":[{"name":"wp","href":"https:\/\/api.w.org\/{rel}","templated":true}]}}