{"id":2769,"date":"2024-11-12T09:44:18","date_gmt":"2024-11-12T09:44:18","guid":{"rendered":"https:\/\/vapestornado.com\/?page_id=2769"},"modified":"2024-11-12T09:45:01","modified_gmt":"2024-11-12T09:45:01","slug":"refund-policy","status":"publish","type":"page","link":"https:\/\/vapestornado.com\/hu\/refund-policy\/","title":{"rendered":"Visszat\u00e9r\u00edt\u00e9si szab\u00e1lyzat"},"content":{"rendered":"<p>K\u00f6sz\u00f6nj\u00fck, hogy a vapestornado-t v\u00e1lasztotta. K\u00e9rj\u00fck, figyelmesen olvassa el visszat\u00e9r\u00edt\u00e9si szab\u00e1lyzatunkat:<\/p>\n\n\n\n<p><strong>Visszat\u00e9r\u00edt\u00e9si k\u00e9relmek 24 \u00f3r\u00e1n bel\u00fcl:<\/strong><br>A megrendel\u00e9s lead\u00e1s\u00e1t\u00f3l sz\u00e1m\u00edtott 24 \u00f3r\u00e1n bel\u00fcl visszat\u00e9r\u00edt\u00e9st k\u00e9rhet. Azonnal l\u00e9pjen kapcsolatba vel\u00fcnk a teljes visszat\u00e9r\u00edt\u00e9s \u00e9rdek\u00e9ben.<\/p>\n\n\n\n<p><strong>Visszat\u00e9r\u00edt\u00e9si k\u00e9relmek 24 \u00f3ra ut\u00e1n:<\/strong><br>A t\u00f6bb mint 24 \u00f3r\u00e1val ezel\u0151tt leadott rendel\u00e9sek eset\u00e9ben a teljes visszat\u00e9r\u00edt\u00e9s nem biztos, hogy lehets\u00e9ges, mivel a rendel\u00e9seket \u00e1ltal\u00e1ban el\u0151k\u00e9sz\u00edtik a v\u00e1mkezel\u00e9sre. Ezekben az esetekben a csomag visszah\u00edv\u00e1s\u00e1nak k\u00f6lts\u00e9gei miatt a rendel\u00e9s \u00f6sszeg\u00e9nek legfeljebb 50%-\u00e1t tudjuk visszat\u00e9r\u00edteni.<\/p>\n\n\n\n<p><strong>Sz\u00e1ll\u00edt\u00e1s ut\u00e1n nincs visszat\u00e9r\u00edt\u00e9s:<\/strong><br>Miut\u00e1n a csomagot feladt\u00e1k, \u00e9s kiadtak egy nyomk\u00f6vet\u00e9si sz\u00e1mot, m\u00e1r nem jogosult visszat\u00e9r\u00edt\u00e9sre.<\/p>\n\n\n\n<p><strong>Biztos\u00edt\u00e1si \u00e9s v\u00e1m\u00fcgyek:<\/strong><br>Minden csomag biztos\u00edtva van. Ha a csomagot a v\u00e1mhat\u00f3s\u00e1g visszatartja, \u00e9s nem engedik ki, teljes visszat\u00e9r\u00edt\u00e9st adunk.<\/p>\n\n\n\n<p><strong>Helytelen c\u00edm vagy sz\u00e1ll\u00edt\u00e1si probl\u00e9m\u00e1k:<\/strong><br>Ha egy csomagot nem lehet k\u00e9zbes\u00edteni helytelen c\u00edm vagy m\u00e1s \u00fcgyf\u00e9llel kapcsolatos probl\u00e9ma miatt, a vev\u0151 felel\u0151s az \u00fajrak\u00fcld\u00e9s k\u00f6lts\u00e9g\u00e9\u00e9rt.<\/p>\n\n\n\n<p>Ha b\u00e1rmilyen k\u00e9rd\u00e9se vagy agg\u00e1lya van a visszat\u00e9r\u00edt\u00e9si szab\u00e1lyzatunkkal kapcsolatban, k\u00e9rj\u00fck, vegye fel a kapcsolatot \u00fcgyf\u00e9lszolg\u00e1latunkkal a vapestornado c\u00edmen.<\/p>\n\n\n\n<p><\/p>","protected":false},"excerpt":{"rendered":"<p>K\u00f6sz\u00f6nj\u00fck, hogy a vapestornado-n\u00e1l v\u00e1s\u00e1rolt. K\u00e9rj\u00fck, figyelmesen olvassa el visszat\u00e9r\u00edt\u00e9si szab\u00e1lyzatunkat: Visszat\u00e9r\u00edt\u00e9si k\u00e9relmek 24 \u00f3r\u00e1n bel\u00fcl: A megrendel\u00e9s lead\u00e1s\u00e1t\u00f3l sz\u00e1m\u00edtott 24 \u00f3r\u00e1n bel\u00fcl visszat\u00e9r\u00edt\u00e9st k\u00e9rhet. Azonnal l\u00e9pjen kapcsolatba vel\u00fcnk a teljes visszat\u00e9r\u00edt\u00e9s \u00e9rdek\u00e9ben. Visszat\u00e9r\u00edt\u00e9si k\u00e9relmek 24 \u00f3ra ut\u00e1n: A t\u00f6bb mint 24 \u00f3r\u00e1val ezel\u0151tt leadott rendel\u00e9sek eset\u00e9ben a teljes visszat\u00e9r\u00edt\u00e9s nem biztos, hogy lehets\u00e9ges [\u2026]<\/p>","protected":false},"author":1,"featured_media":0,"parent":0,"menu_order":0,"comment_status":"closed","ping_status":"closed","template":"","meta":{"_acf_changed":false,"_uag_custom_page_level_css":"","_lmt_disableupdate":"","_lmt_disable":"","_monsterinsights_skip_tracking":false,"_monsterinsights_sitenote_active":false,"_monsterinsights_sitenote_note":"","_monsterinsights_sitenote_category":0,"site-sidebar-layout":"default","site-content-layout":"","ast-site-content-layout":"default","site-content-style":"default","site-sidebar-style":"default","ast-global-header-display":"","ast-banner-title-visibility":"","ast-main-header-display":"","ast-hfb-above-header-display":"","ast-hfb-below-header-display":"","ast-hfb-mobile-header-display":"","site-post-title":"","ast-breadcrumbs-content":"","ast-featured-img":"","footer-sml-layout":"","ast-disable-related-posts":"","theme-transparent-header-meta":"","adv-header-id-meta":"","stick-header-meta":"","header-above-stick-meta":"","header-main-stick-meta":"","header-below-stick-meta":"","astra-migrate-meta-layouts":"set","ast-page-background-enabled":"default","ast-page-background-meta":{"desktop":{"background-color":"","background-image":"","background-repeat":"repeat","background-position":"center center","background-size":"auto","background-attachment":"scroll","background-type":"","background-media":"","overlay-type":"","overlay-color":"","overlay-opacity":"","overlay-gradient":""},"tablet":{"background-color":"","background-image":"","background-repeat":"repeat","background-position":"center center","background-size":"auto","background-attachment":"scroll","background-type":"","background-media":"","overlay-type":"","overlay-color":"","overlay-opacity":"","overlay-gradient":""},"mobile":{"background-color":"","background-image":"","background-repeat":"repeat","background-position":"center center","background-size":"auto","background-attachment":"scroll","background-type":"","background-media":"","overlay-type":"","overlay-color":"","overlay-opacity":"","overlay-gradient":""}},"ast-content-background-meta":{"desktop":{"background-color":"var(--ast-global-color-5)","background-image":"","background-repeat":"repeat","background-position":"center center","background-size":"auto","background-attachment":"scroll","background-type":"","background-media":"","overlay-type":"","overlay-color":"","overlay-opacity":"","overlay-gradient":""},"tablet":{"background-color":"var(--ast-global-color-5)","background-image":"","background-repeat":"repeat","background-position":"center center","background-size":"auto","background-attachment":"scroll","background-type":"","background-media":"","overlay-type":"","overlay-color":"","overlay-opacity":"","overlay-gradient":""},"mobile":{"background-color":"var(--ast-global-color-5)","background-image":"","background-repeat":"repeat","background-position":"center center","background-size":"auto","background-attachment":"scroll","background-type":"","background-media":"","overlay-type":"","overlay-color":"","overlay-opacity":"","overlay-gradient":""}},"_joinchat":[],"footnotes":""},"class_list":["post-2769","page","type-page","status-publish","hentry"],"acf":[],"uagb_featured_image_src":{"full":false,"thumbnail":false,"medium":false,"medium_large":false,"large":false,"1536x1536":false,"2048x2048":false,"trp-custom-language-flag":false,"woocommerce_thumbnail":false,"woocommerce_single":false,"woocommerce_gallery_thumbnail":false},"uagb_author_info":{"display_name":"yannazhan@gmail.com","author_link":"https:\/\/vapestornado.com\/hu\/author\/yannazhangmail-com\/"},"uagb_comment_info":0,"uagb_excerpt":"Thank you for shopping with vapestornado. Please review our refund policy carefully: Refund Requests Within 24 Hours:You may request a refund within 24 hours of placing your order. Contact us promptly to receive a full refund. Refund Requests After 24 Hours:For orders placed more than 24 hours ago, a full refund may not be possible&hellip;","_links":{"self":[{"href":"https:\/\/vapestornado.com\/hu\/wp-json\/wp\/v2\/pages\/2769","targetHints":{"allow":["GET"]}}],"collection":[{"href":"https:\/\/vapestornado.com\/hu\/wp-json\/wp\/v2\/pages"}],"about":[{"href":"https:\/\/vapestornado.com\/hu\/wp-json\/wp\/v2\/types\/page"}],"author":[{"embeddable":true,"href":"https:\/\/vapestornado.com\/hu\/wp-json\/wp\/v2\/users\/1"}],"replies":[{"embeddable":true,"href":"https:\/\/vapestornado.com\/hu\/wp-json\/wp\/v2\/comments?post=2769"}],"version-history":[{"count":2,"href":"https:\/\/vapestornado.com\/hu\/wp-json\/wp\/v2\/pages\/2769\/revisions"}],"predecessor-version":[{"id":2771,"href":"https:\/\/vapestornado.com\/hu\/wp-json\/wp\/v2\/pages\/2769\/revisions\/2771"}],"wp:attachment":[{"href":"https:\/\/vapestornado.com\/hu\/wp-json\/wp\/v2\/media?parent=2769"}],"curies":[{"name":"wp","href":"https:\/\/api.w.org\/{rel}","templated":true}]}}