{"id":4858,"date":"2026-02-04T08:09:21","date_gmt":"2026-02-04T08:09:21","guid":{"rendered":"https:\/\/vapestornado.com\/?post_type=product&#038;p=4858"},"modified":"2026-02-04T08:17:33","modified_gmt":"2026-02-04T08:17:33","slug":"bang-box-160k-puff-160000-new-long-lasting-disposable-vaper-4-in-1-flavor","status":"publish","type":"product","link":"https:\/\/vapestornado.com\/hr\/product\/bang-box-160k-puff-160000-new-long-lasting-disposable-vaper-4-in-1-flavor\/","title":{"rendered":"BANG BOX 160k Puff 160000 Novi Dugotrajni Jednokratni Vaper 4 u 1 Okus"},"content":{"rendered":"<h1 data-start=\"0\" data-end=\"87\">BANG BOX 160k Puff 160000 Novi Dugotrajni Jednokratni Vaper 4 u 1 Okus<\/h1>\n<p data-start=\"246\" data-end=\"609\">Ovo <strong data-start=\"250\" data-end=\"267\">BANG BOX 160k<\/strong> sastavljen je za kupce koji \u017eele skaliranje, brzinu i jasnu vrijednost. S pravim <strong data-start=\"340\" data-end=\"364\">BANG BOX 160000 udisaja<\/strong> izlazom, ovo <strong data-start=\"378\" data-end=\"392\">vaper 160k<\/strong> koristi sustav od 4\u00d720ml e-juica i stabilnu mre\u017eastu zavojnicu za odr\u017eavanje okusa dosljednim od prvog do posljednjeg udisaja. To je <strong data-start=\"511\" data-end=\"543\">Dugotrajni Jednokratni Vaper<\/strong> dizajnirano za police s velikim prometom u bilo kojoj <strong data-start=\"586\" data-end=\"608\">du\u0107an s elektroni\u010dkim cigaretama<\/strong>.<\/p>\n<p data-start=\"611\" data-end=\"1063\">Digitalni prikaz prikazuje stanje ulja i baterije u stvarnom vremenu, smanjuju\u0107i zloupotrebu i probleme nakon prodaje. The <strong data-start=\"720\" data-end=\"758\">650mAh Type-C punjiva baterija<\/strong> je uskla\u0111en s volumenom teku\u0107ine, tako da korisnici zavr\u0161avaju ulje bez pada napajanja. The <strong data-start=\"840\" data-end=\"868\">4 u 1 podesiv dizajn okusa<\/strong> omogu\u0107ava kupcima da mijenjaju profile na zahtjev, \u010dine\u0107i ovo pravim <strong data-start=\"937\" data-end=\"970\">prebacivanjem okusa Jednokratni Vaper<\/strong> koji poti\u010de ponovnu kupnju\u2014dok istovremeno odr\u017eava <strong data-start=\"1016\" data-end=\"1036\">vape jeftina cijena<\/strong> prednost za veleprodaje.<\/p>\n<p data-start=\"1065\" data-end=\"1271\">Ovaj model cilja na svakodnevne korisnike u dobi od 25 do 35 godina koji brinu o performansama, jasno\u0107i i izboru. Ako tra\u017eite visokokapacitetni jednokratni ure\u0111aj koji se brzo prodaje i manje se vra\u0107a, <strong data-start=\"1240\" data-end=\"1257\">BANG BOX 160k<\/strong> odgovara za posao.<\/p>\n<p data-start=\"1273\" data-end=\"1375\">\u00a0<strong data-start=\"1299\" data-end=\"1375\">Kontaktirajte nas odmah za BANG BOX 160k veleprodajnu cijenu.<\/strong><\/p>\n<p><strong><span style=\"color: #ff0000;\">Dodajte Amy na WhatsApp za brzi odgovor i kupon za vape!<\/span><\/strong><\/p>\n<p><img fetchpriority=\"high\" decoding=\"async\" class=\"size-full wp-image-2932\" src=\"https:\/\/vapestornado.com\/wp-content\/uploads\/2024\/12\/Vape-Wholesale.jpg\" alt=\"Veleprodaja vejpova\" width=\"229\" height=\"300\" \/><\/p>\n<h3><a href=\"https:\/\/wa.me\/8617776015835\" target=\"_blank\" rel=\"noopener\"><span style=\"color: #ff0000;\"><strong>WhatsApp: +86 17776015835<\/strong><\/span><\/a><\/h3>\n<h2><strong>BANG BOX 160k Pufova Klju\u010dne zna\u010dajke proizvoda<\/strong><\/h2>\n<ul>\n<li data-start=\"1429\" data-end=\"1531\">\n<p data-start=\"1431\" data-end=\"1531\"><strong data-start=\"1431\" data-end=\"1455\">160000 Pufova Izlaz:<\/strong> Visokokapacitetna struktura podr\u017eava duge cikluse i sna\u017enu zadr\u017eavanje u maloprodaji.<\/p>\n<\/li>\n<li data-start=\"1532\" data-end=\"1626\">\n<p data-start=\"1534\" data-end=\"1626\"><strong data-start=\"1534\" data-end=\"1560\">Sustav od 4\u00d720ml E-tekila:<\/strong> Veliki volumen teku\u0107ine odr\u017eava dubinu okusa tijekom du\u017ee uporabe.<\/p>\n<\/li>\n<li data-start=\"1627\" data-end=\"1697\">\n<p data-start=\"1629\" data-end=\"1697\"><strong data-start=\"1629\" data-end=\"1643\">Mre\u017easta zavojnica:<\/strong> Ravnomjerno grijanje pru\u017ea \u010dist vapor i stabilan okus.<\/p>\n<\/li>\n<li data-start=\"1698\" data-end=\"1774\">\n<p data-start=\"1700\" data-end=\"1774\"><strong data-start=\"1700\" data-end=\"1720\">Digitalni zaslon:<\/strong> Jasni pokazatelji ulja i baterije smanjuju korisni\u010dke pogre\u0161ke.<\/p>\n<\/li>\n<li data-start=\"1775\" data-end=\"1870\">\n<p data-start=\"1777\" data-end=\"1870\"><strong data-start=\"1777\" data-end=\"1808\">650mAh punjiva Type-C:<\/strong> Sustav napajanja osmi\u0161ljen za zavr\u0161etak teku\u0107ine, a ne za rano kvara.<\/p>\n<\/li>\n<li data-start=\"1871\" data-end=\"1957\">\n<p data-start=\"1873\" data-end=\"1957\"><strong data-start=\"1873\" data-end=\"1902\">4-u-1 podesiv okus:<\/strong> Jednostavno prebacivanje pove\u0107ava svakodnevnu uporabu i privla\u010dnost na polici.<\/p>\n<\/li>\n<\/ul>\n<h2 class=\"product-title\"><strong>Popis okusa BANG BOX 160k Pufova<\/strong><\/h2>\n<h2 data-start=\"1964\" data-end=\"2014\"><\/h2>\n<ol data-start=\"2016\" data-end=\"2780\">\n<li data-start=\"2016\" data-end=\"2093\">\n<p data-start=\"2019\" data-end=\"2093\">Limun Limeta \/ Lubenica Led \/ Crni Led Dragonfruit Jagoda \/ Ljubav 66<\/p>\n<\/li>\n<li data-start=\"2094\" data-end=\"2171\">\n<p data-start=\"2097\" data-end=\"2171\">Vanilija Cola \/ Limun Badem \/ Jagoda Malina Tre\u0161nja Led \/ Gro\u017e\u0111e Led<\/p>\n<\/li>\n<li data-start=\"2172\" data-end=\"2240\">\n<p data-start=\"2175\" data-end=\"2240\">Gro\u017e\u0111e Led \/ Lje\u0161njak Led \/ Badem Bobi\u010dasto Vo\u0107e \/ Kivi Strast Vo\u0107e Guava<\/p>\n<\/li>\n<li data-start=\"2241\" data-end=\"2310\">\n<p data-start=\"2244\" data-end=\"2310\">Lubenica Led \/ Jagoda Mango \/ Borovnica Led \/ Gazirana Tre\u0161nja<\/p>\n<\/li>\n<li data-start=\"2311\" data-end=\"2389\">\n<p data-start=\"2314\" data-end=\"2389\">Jagoda Lubenica \/ Red Bull \/ So\u010dni Badem Led \/ Grejpfrut osvje\u017eenje<\/p>\n<\/li>\n<li data-start=\"2390\" data-end=\"2459\">\n<p data-start=\"2393\" data-end=\"2459\">Lemon Lime \/ Strawberry Ice \/ Raspberry Watermelon \/ Mango Peach<\/p>\n<\/li>\n<li data-start=\"2460\" data-end=\"2537\">\n<p data-start=\"2463\" data-end=\"2537\">Kisela Mango Ananas \/ Limun Cola Soda \/ Breskva Bobica \/ Jagoda Banana<\/p>\n<\/li>\n<li data-start=\"2538\" data-end=\"2619\">\n<p data-start=\"2541\" data-end=\"2619\">Jagoda Mango \/ Jagoda Vanilija Cola \/ Plavi Razz Ice \/ Jagoda Kiwi<\/p>\n<\/li>\n<li data-start=\"2620\" data-end=\"2699\">\n<p data-start=\"2623\" data-end=\"2699\">Vi\u0161nja Brusnica \/ Trostruka Bobica \/ Jagoda Pitaja \/ Watermelon Bubblegum<\/p>\n<\/li>\n<li data-start=\"2700\" data-end=\"2780\">\n<p data-start=\"2704\" data-end=\"2780\">Jagoda Watermelon \/ Roza Limunada \/ Trostruki Medenjak \/ Crni Zmaj Ice<\/p>\n<\/li>\n<\/ol>\n<figure id=\"attachment_4853\" aria-describedby=\"caption-attachment-4853\" style=\"width: 300px\" class=\"wp-caption alignnone\"><img decoding=\"async\" class=\"size-medium wp-image-4853\" src=\"https:\/\/vapestornado.com\/wp-content\/uploads\/2026\/02\/Bang-Box-160K-Puffs-4-Flavor-Disposable-Vape-Wholesale-300x300.png\" alt=\"Bang Box 160K Udisaja Jednokratni Vape na 4 Okusa na Veliko\" width=\"300\" height=\"300\" srcset=\"https:\/\/vapestornado.com\/wp-content\/uploads\/2026\/02\/Bang-Box-160K-Puffs-4-Flavor-Disposable-Vape-Wholesale-300x300.png 300w, https:\/\/vapestornado.com\/wp-content\/uploads\/2026\/02\/Bang-Box-160K-Puffs-4-Flavor-Disposable-Vape-Wholesale-150x150.png 150w, https:\/\/vapestornado.com\/wp-content\/uploads\/2026\/02\/Bang-Box-160K-Puffs-4-Flavor-Disposable-Vape-Wholesale-768x768.png 768w, https:\/\/vapestornado.com\/wp-content\/uploads\/2026\/02\/Bang-Box-160K-Puffs-4-Flavor-Disposable-Vape-Wholesale-12x12.png 12w, https:\/\/vapestornado.com\/wp-content\/uploads\/2026\/02\/Bang-Box-160K-Puffs-4-Flavor-Disposable-Vape-Wholesale-600x600.png 600w, https:\/\/vapestornado.com\/wp-content\/uploads\/2026\/02\/Bang-Box-160K-Puffs-4-Flavor-Disposable-Vape-Wholesale-100x100.png 100w, https:\/\/vapestornado.com\/wp-content\/uploads\/2026\/02\/Bang-Box-160K-Puffs-4-Flavor-Disposable-Vape-Wholesale.png 800w\" sizes=\"(max-width: 300px) 100vw, 300px\" \/><figcaption id=\"caption-attachment-4853\" class=\"wp-caption-text\">Bang Box 160K Udisaja Jednokratni Vape na 4 Okusa na Veliko<\/figcaption><\/figure>\n<figure id=\"attachment_4854\" aria-describedby=\"caption-attachment-4854\" style=\"width: 300px\" class=\"wp-caption alignnone\"><img decoding=\"async\" class=\"size-medium wp-image-4854\" src=\"https:\/\/vapestornado.com\/wp-content\/uploads\/2026\/02\/Bang-Box-160K-Puffs-4-in-1-Disposable-Vape-Packing-300x300.png\" alt=\"Bang Box 160K Udisaja 4 u 1 Jednokratni Vape Pakiranje\" width=\"300\" height=\"300\" srcset=\"https:\/\/vapestornado.com\/wp-content\/uploads\/2026\/02\/Bang-Box-160K-Puffs-4-in-1-Disposable-Vape-Packing-300x300.png 300w, https:\/\/vapestornado.com\/wp-content\/uploads\/2026\/02\/Bang-Box-160K-Puffs-4-in-1-Disposable-Vape-Packing-150x150.png 150w, https:\/\/vapestornado.com\/wp-content\/uploads\/2026\/02\/Bang-Box-160K-Puffs-4-in-1-Disposable-Vape-Packing-768x768.png 768w, https:\/\/vapestornado.com\/wp-content\/uploads\/2026\/02\/Bang-Box-160K-Puffs-4-in-1-Disposable-Vape-Packing-12x12.png 12w, https:\/\/vapestornado.com\/wp-content\/uploads\/2026\/02\/Bang-Box-160K-Puffs-4-in-1-Disposable-Vape-Packing-600x600.png 600w, https:\/\/vapestornado.com\/wp-content\/uploads\/2026\/02\/Bang-Box-160K-Puffs-4-in-1-Disposable-Vape-Packing-100x100.png 100w, https:\/\/vapestornado.com\/wp-content\/uploads\/2026\/02\/Bang-Box-160K-Puffs-4-in-1-Disposable-Vape-Packing.png 800w\" sizes=\"(max-width: 300px) 100vw, 300px\" \/><figcaption id=\"caption-attachment-4854\" class=\"wp-caption-text\">Bang Box 160K Udisaja 4 u 1 Jednokratni Vape Pakiranje<\/figcaption><\/figure>\n<h2 data-start=\"2787\" data-end=\"2826\">Za\u0161to Veliki Trgovci Biraju BANG BOX 160k<\/h2>\n<ul data-start=\"2828\" data-end=\"3057\">\n<li data-start=\"2828\" data-end=\"2882\">\n<p data-start=\"2830\" data-end=\"2882\">Manje zamjena zahvaljuju\u0107i pravom dugotrajnom dizajnu<\/p>\n<\/li>\n<li data-start=\"2883\" data-end=\"2940\">\n<p data-start=\"2885\" data-end=\"2940\">Ve\u0107a konverzija s promjenom okusa u jednom ure\u0111aju<\/p>\n<\/li>\n<li data-start=\"2941\" data-end=\"3002\">\n<p data-start=\"2943\" data-end=\"3002\">Ni\u017ei rizik od naknadne prodaje putem vidljivih razina ulja i baterije<\/p>\n<\/li>\n<li data-start=\"3003\" data-end=\"3057\">\n<p data-start=\"3005\" data-end=\"3057\">Sna\u017ena podr\u0161ka mar\u017ei s konkurentnom jedinicom cijenom<\/p>\n<\/li>\n<\/ul>\n<div class=\"flex-shrink-0 flex flex-col relative items-end\">\n<div class=\"pt-0\">\n<div class=\"gizmo-bot-avatar flex h-8 w-8 items-center justify-center overflow-hidden rounded-full\">\n<div class=\"relative p-1 rounded-sm flex items-center justify-center bg-token-main-surface-primary text-token-text-primary h-8 w-8\">\n<h2 data-start=\"1200\" data-end=\"1487\">Vapes Tornado \u2013 Va\u0161 veleprodajni online du\u0107an za popularne vape ure\u0111aje<\/h2>\n<p data-start=\"72\" data-end=\"396\"><strong data-start=\"72\" data-end=\"89\">Vapes Tornado<\/strong> je europski orijentirani veleprodajni online du\u0107an koji nudi pa\u017eljivo odabrani asortiman <strong data-start=\"178\" data-end=\"195\">popularnih vape ure\u0111aja<\/strong> za profesionalne kupce. Suradjujemo s maloprodajnim trgovcima, distributerima i online trgovinama diljem Hrvatske koji trebaju stabilnu opskrbu, jasne informacije o proizvodima i brendove kojima kupci ve\u0107 vjeruju i prepoznaju.<\/p>\n<p data-start=\"398\" data-end=\"687\">Radimo s pouzdanim imenima kao \u0161to su <strong data-start=\"247\" data-end=\"352\"><a href=\"https:\/\/vapestornado.com\/hr\/product\/randm-12000-puffs-fumot-digital-disposable-vape-wholesale-price\/\">Fumot VAPE<\/a>, <a href=\"https:\/\/vapestornado.com\/hr\/product\/original-wga-ultra-35k-35000-puff-rechargeable-crystal-disposable-nicotine-vape-best-discount-price\/\">WGA VAPE<\/a>, <a href=\"https:\/\/vapestornado.com\/hr\/product\/vozol-gear-shisha-25k-25000-puffs-best-dtl-disposable-vape-hookah-cheap-price\/\">VOZOL BAR VAPE<\/a>, <\/strong><strong data-start=\"247\" data-end=\"352\">Elf Bar Vape, WASPE Vape, <a href=\"https:\/\/vapestornado.com\/hr\/product\/uzy-150k-puffs-6-in-1-flavor-switch-disposable-vape-pen-wholesale\/\">UZY Vape<\/a>, Bang Vape, Razz Bar Vape, i Stag Bar Vape<\/strong>, odabrani zbog dosljedne kvalitete i velike potra\u017enje na europskom tr\u017ei\u0161tu.<\/p>\n<h4 data-start=\"1080\" data-end=\"1120\">Izra\u0111eno za europske vaperi na veliko<\/h4>\n<p data-start=\"1121\" data-end=\"1189\">Vapes Tornado je strukturiran oko stvarnih potreba europskih veleprodavaca:<\/p>\n<ul data-start=\"1190\" data-end=\"1400\">\n<li data-start=\"1190\" data-end=\"1239\">\n<p data-start=\"1192\" data-end=\"1239\">Konkurentne veleprodajne cijene za velike narud\u017ebe<\/p>\n<\/li>\n<li data-start=\"1240\" data-end=\"1289\">\n<p data-start=\"1242\" data-end=\"1289\">Jasni opisi proizvoda i specifikacije<\/p>\n<\/li>\n<li data-start=\"1290\" data-end=\"1330\">\n<p data-start=\"1292\" data-end=\"1330\">Brza, pouzdana logistika usmjerena na EU<\/p>\n<\/li>\n<li data-start=\"1331\" data-end=\"1400\">\n<p data-start=\"1333\" data-end=\"1400\">Katalog usmjeren na <strong data-start=\"1356\" data-end=\"1373\">popularnih vape ure\u0111aja<\/strong>, ne pretrpan SKU-jevima<\/p>\n<\/li>\n<\/ul>\n<h2 data-start=\"2064\" data-end=\"2115\">Pitanja i odgovori o BANG BOX 160k Jednokratnom Vape-u<\/h2>\n<p data-start=\"3105\" data-end=\"3252\"><strong data-start=\"3105\" data-end=\"3163\">1. Je li BANG BOX 160k prikladan za veleprodajne narud\u017ebe?<\/strong><br data-start=\"3163\" data-end=\"3166\" \/>Da, dizajniran je za masovnu distribuciju s stabilnim radom i niskim stopama povrata.<\/p>\n<p data-start=\"3254\" data-end=\"3377\"><strong data-start=\"3254\" data-end=\"3300\">2. Kako funkcionira sustav od 4 okusa?<\/strong><br data-start=\"3300\" data-end=\"3303\" \/>Korisnici mogu prebacivati izme\u0111u \u010detiri unaprijed postavljena okusa u jednom ure\u0111aju bez mije\u0161anja.<\/p>\n<p data-start=\"3379\" data-end=\"3502\"><strong data-start=\"3379\" data-end=\"3441\">3. Podr\u017eava li model BANG BOX 160000 udisaja punjenje?<\/strong><br data-start=\"3441\" data-end=\"3444\" \/>Da, uklju\u010duje <strong data-start=\"3463\" data-end=\"3501\">650mAh Type-C punjiva baterija<\/strong>.<\/p>\n<p data-start=\"3504\" data-end=\"3637\"><strong data-start=\"3504\" data-end=\"3558\">4. \u0160to \u010dini ovaj jednokratni vape dugotrajnim?<\/strong><br data-start=\"3558\" data-end=\"3561\" \/>Uskla\u0111ena baterija, velika koli\u010dina e-tekuc\u0301ine i mre\u017easta grija\u010dica produ\u017euju radni vijek.<\/p>\n<p data-start=\"3639\" data-end=\"3787\"><strong data-start=\"3639\" data-end=\"3707\">5. Je li ovaj proizvod prikladan za trgovinu e cigareta u Hrvatskoj?<\/strong><br data-start=\"3707\" data-end=\"3710\" \/>Da, jasni prikaz, velika kapacitet i raspon okusa zadovoljavaju maloprodajne zahtjeve EU.<\/p>\n<\/div>\n<\/div>\n<\/div>\n<\/div>","protected":false},"excerpt":{"rendered":"<div class=\"flex max-w-full flex-col grow\">\n<div class=\"min-h-8 text-message relative flex w-full flex-col items-end gap-2 text-start break-words whitespace-normal [.text-message+&amp;]:mt-1\" dir=\"auto\" data-message-author-role=\"assistant\" data-message-id=\"2a9d6edf-5b3a-41c0-afc9-caef2e4c2c3b\" data-message-model-slug=\"gpt-5-2\">\n<div class=\"flex w-full flex-col gap-1 empty:hidden first:pt-[1px]\">\n<div class=\"markdown prose dark:prose-invert w-full break-words light markdown-new-styling\">\n<p data-start=\"4300\" data-end=\"4384\">BANG BOX 160K Jednokratni Vaper 160000 Udisaja 4-u-1 Prebacivanje Okusa<br \/>\nBANG BOX 160000 Udisaja Dugotrajni Jednokratni Vaper za Veliko<br \/>\nBANG BOX 160K Okus Prebacivanje Jednokratni Vaper Jeftina Cijena EU Dobava<\/p>\n<\/div>\n<\/div>\n<\/div>\n<\/div>\n<p><strong>Dodajte Amy na WhatsApp za brzi odgovor i popust!<\/strong><\/p>\n<p><img fetchpriority=\"high\" decoding=\"async\" class=\"size-full wp-image-2932\" src=\"https:\/\/vapestornado.com\/wp-content\/uploads\/2024\/12\/Vape-Wholesale.jpg\" alt=\"Veleprodaja vejpova\" width=\"229\" height=\"300\" \/><\/p>\n<h3><a href=\"https:\/\/wa.me\/8617776015835\"><span style=\"color: #ff0000;\"><strong>WhatsApp: +86 17776015835<\/strong><\/span><\/a><\/h3>","protected":false},"featured_media":4857,"comment_status":"open","ping_status":"closed","template":"","meta":{"_acf_changed":false,"_uag_custom_page_level_css":"","_lmt_disableupdate":"no","_lmt_disable":"","_monsterinsights_skip_tracking":false,"_monsterinsights_sitenote_active":false,"_monsterinsights_sitenote_note":"","_monsterinsights_sitenote_category":0,"site-sidebar-layout":"default","site-content-layout":"","ast-site-content-layout":"default","site-content-style":"default","site-sidebar-style":"default","ast-global-header-display":"","ast-banner-title-visibility":"","ast-main-header-display":"","ast-hfb-above-header-display":"","ast-hfb-below-header-display":"","ast-hfb-mobile-header-display":"","site-post-title":"","ast-breadcrumbs-content":"","ast-featured-img":"","footer-sml-layout":"","ast-disable-related-posts":"","theme-transparent-header-meta":"default","adv-header-id-meta":"","stick-header-meta":"","header-above-stick-meta":"","header-main-stick-meta":"","header-below-stick-meta":"","astra-migrate-meta-layouts":"set","ast-page-background-enabled":"default","ast-page-background-meta":{"desktop":{"background-color":"","background-image":"","background-repeat":"repeat","background-position":"center center","background-size":"auto","background-attachment":"scroll","background-type":"","background-media":"","overlay-type":"","overlay-color":"","overlay-opacity":"","overlay-gradient":""},"tablet":{"background-color":"","background-image":"","background-repeat":"repeat","background-position":"center center","background-size":"auto","background-attachment":"scroll","background-type":"","background-media":"","overlay-type":"","overlay-color":"","overlay-opacity":"","overlay-gradient":""},"mobile":{"background-color":"","background-image":"","background-repeat":"repeat","background-position":"center center","background-size":"auto","background-attachment":"scroll","background-type":"","background-media":"","overlay-type":"","overlay-color":"","overlay-opacity":"","overlay-gradient":""}},"ast-content-background-meta":{"desktop":{"background-color":"var(--ast-global-color-5)","background-image":"","background-repeat":"repeat","background-position":"center center","background-size":"auto","background-attachment":"scroll","background-type":"","background-media":"","overlay-type":"","overlay-color":"","overlay-opacity":"","overlay-gradient":""},"tablet":{"background-color":"var(--ast-global-color-5)","background-image":"","background-repeat":"repeat","background-position":"center center","background-size":"auto","background-attachment":"scroll","background-type":"","background-media":"","overlay-type":"","overlay-color":"","overlay-opacity":"","overlay-gradient":""},"mobile":{"background-color":"var(--ast-global-color-5)","background-image":"","background-repeat":"repeat","background-position":"center center","background-size":"auto","background-attachment":"scroll","background-type":"","background-media":"","overlay-type":"","overlay-color":"","overlay-opacity":"","overlay-gradient":""}},"_joinchat":[]},"product_brand":[],"product_cat":[64,152,153,154,156,158,141,492,357,144,146],"product_tag":[576,575,578,426,579,549,580,577],"class_list":{"0":"post-4858","1":"product","2":"type-product","3":"status-publish","4":"has-post-thumbnail","6":"product_cat-bangbox-vape","7":"product_cat-buy-disposable-vapes-in-cermany","8":"product_cat-buy-disposable-vapes-in-italy","9":"product_cat-buy-disposable-vapes-in-netherlands","10":"product_cat-buy-disposable-vapes-in-poland","11":"product_cat-buy-disposable-vapes-in-spain","12":"product_cat-crystal-disposable-vapes","13":"product_cat-eu-warehouse","14":"product_cat-flavor-adjustable-vape","15":"product_cat-low-nicotine-disposable-vapes","16":"product_cat-rechargeable-disposable-vapes","17":"product_tag-bang-box-160000-puff","18":"product_tag-bang-box-160k","19":"product_tag-e-cigarettes-store","20":"product_tag-flavor-switch-disposable-vape","21":"product_tag-long-lasting-disposable-vape","22":"product_tag-vape-cheap-price","23":"product_tag-vape-wholesale-spain","24":"product_tag-vaper-160k","25":"desktop-align-left","26":"tablet-align-left","27":"mobile-align-left","29":"first","30":"instock","31":"sale","32":"shipping-taxable","33":"purchasable","34":"product-type-simple"},"acf":[],"uagb_featured_image_src":{"full":["https:\/\/vapestornado.com\/wp-content\/uploads\/2026\/02\/Bang-Box-160K-Puffs-4-in-1.webp",1000,1000,false],"thumbnail":["https:\/\/vapestornado.com\/wp-content\/uploads\/2026\/02\/Bang-Box-160K-Puffs-4-in-1-150x150.webp",150,150,true],"medium":["https:\/\/vapestornado.com\/wp-content\/uploads\/2026\/02\/Bang-Box-160K-Puffs-4-in-1-300x300.webp",300,300,true],"medium_large":["https:\/\/vapestornado.com\/wp-content\/uploads\/2026\/02\/Bang-Box-160K-Puffs-4-in-1-768x768.webp",768,768,true],"large":["https:\/\/vapestornado.com\/wp-content\/uploads\/2026\/02\/Bang-Box-160K-Puffs-4-in-1.webp",1000,1000,false],"1536x1536":["https:\/\/vapestornado.com\/wp-content\/uploads\/2026\/02\/Bang-Box-160K-Puffs-4-in-1.webp",1000,1000,false],"2048x2048":["https:\/\/vapestornado.com\/wp-content\/uploads\/2026\/02\/Bang-Box-160K-Puffs-4-in-1.webp",1000,1000,false],"trp-custom-language-flag":["https:\/\/vapestornado.com\/wp-content\/uploads\/2026\/02\/Bang-Box-160K-Puffs-4-in-1-12x12.webp",12,12,true],"woocommerce_thumbnail":["https:\/\/vapestornado.com\/wp-content\/uploads\/2026\/02\/Bang-Box-160K-Puffs-4-in-1-300x300.webp",300,300,true],"woocommerce_single":["https:\/\/vapestornado.com\/wp-content\/uploads\/2026\/02\/Bang-Box-160K-Puffs-4-in-1-600x600.webp",600,600,true],"woocommerce_gallery_thumbnail":["https:\/\/vapestornado.com\/wp-content\/uploads\/2026\/02\/Bang-Box-160K-Puffs-4-in-1-100x100.webp",100,100,true]},"uagb_author_info":{"display_name":"ESAMY","author_link":"https:\/\/vapestornado.com\/hr\/author\/"},"uagb_comment_info":0,"uagb_excerpt":"BANG BOX 160K Disposable Vape 160000 Puffs 4-in-1 Flavor Switch BANG BOX 160000 Puff Long Lasting Disposable Vaper for Wholesale BANG BOX 160K Flavor Switch Disposable Vape Cheap Price EU Supply Add Amy's whatsapp to get right reply and discount price! WhatsApp: +86 17776015835","_links":{"self":[{"href":"https:\/\/vapestornado.com\/hr\/wp-json\/wp\/v2\/product\/4858","targetHints":{"allow":["GET"]}}],"collection":[{"href":"https:\/\/vapestornado.com\/hr\/wp-json\/wp\/v2\/product"}],"about":[{"href":"https:\/\/vapestornado.com\/hr\/wp-json\/wp\/v2\/types\/product"}],"replies":[{"embeddable":true,"href":"https:\/\/vapestornado.com\/hr\/wp-json\/wp\/v2\/comments?post=4858"}],"wp:featuredmedia":[{"embeddable":true,"href":"https:\/\/vapestornado.com\/hr\/wp-json\/wp\/v2\/media\/4857"}],"wp:attachment":[{"href":"https:\/\/vapestornado.com\/hr\/wp-json\/wp\/v2\/media?parent=4858"}],"wp:term":[{"taxonomy":"product_brand","embeddable":true,"href":"https:\/\/vapestornado.com\/hr\/wp-json\/wp\/v2\/product_brand?post=4858"},{"taxonomy":"product_cat","embeddable":true,"href":"https:\/\/vapestornado.com\/hr\/wp-json\/wp\/v2\/product_cat?post=4858"},{"taxonomy":"product_tag","embeddable":true,"href":"https:\/\/vapestornado.com\/hr\/wp-json\/wp\/v2\/product_tag?post=4858"}],"curies":[{"name":"wp","href":"https:\/\/api.w.org\/{rel}","templated":true}]}}