{"id":4850,"date":"2026-02-03T03:49:42","date_gmt":"2026-02-03T03:49:42","guid":{"rendered":"https:\/\/vapestornado.com\/?post_type=product&#038;p=4850"},"modified":"2026-02-03T03:57:51","modified_gmt":"2026-02-03T03:57:51","slug":"razz-bar-60k-vapes-wholesaler-60000-puffs-disposable-crystal-vape-eu-fast-shipping","status":"publish","type":"product","link":"https:\/\/vapestornado.com\/hr\/product\/razz-bar-60k-vapes-wholesaler-60000-puffs-disposable-crystal-vape-eu-fast-shipping\/","title":{"rendered":"RAZZ BAR 60K Veliki distributer za vape ure\u0111aje, jednokratni kristalni vape s 60000 udisaja, EU brza dostava"},"content":{"rendered":"<h1 data-start=\"0\" data-end=\"87\">RAZZ BAR 60K Veliki distributer vape ure\u0111aja \u2013 60000 udisaja kristalni jednokratni vape s EU brza dostava<\/h1>\n<p data-start=\"283\" data-end=\"634\">Ovo <strong data-start=\"287\" data-end=\"303\">RAZZ BAR 60K<\/strong> je ure\u0111aj visokog kapaciteta <strong data-start=\"323\" data-end=\"343\">jednokratni vapor<\/strong> izra\u0111en za veleprodajne kupce i <strong data-start=\"370\" data-end=\"391\">trgovinu e-cigaretama<\/strong> kupce koji trebaju proizvode s brzim prometom na tr\u017ei\u0161tu <strong data-start=\"434\" data-end=\"449\">niskoj cijeni<\/strong> s stabilnom opskrbom. Sadr\u017ei pravi <strong data-start=\"487\" data-end=\"509\">60.000 udisaja<\/strong>, kristalno jasan ku\u0107i\u0161te i sustav dvostrukih tankova s mre\u017eicom, ovaj model je dizajniran za dosljedan rad tijekom cijelog \u017eivotnog ciklusa.<\/p>\n<p data-start=\"636\" data-end=\"951\">Prozirno <strong data-start=\"652\" data-end=\"668\">Kristalni Vape<\/strong> ku\u0107i\u0161te omogu\u0107ava korisnicima da na prvi pogled prate razinu e-teku\u0107ine, smanjuju\u0107i zloupotrebu i povratke na maloprodajnoj razini. Unutra, <strong data-start=\"784\" data-end=\"809\">dva tank + mre\u017easta grija\u010dica<\/strong> struktura pru\u017ea \u010dist vapor i stabilan okus, \u010dak i tijekom dugih sesija, \u010dine\u0107i ga <strong data-start=\"898\" data-end=\"916\">RAZZ BAR 60000<\/strong> pogodnim za korisnike s visokim frekvencijama kori\u0161tenja.<\/p>\n<p data-start=\"953\" data-end=\"1256\">A <strong data-start=\"955\" data-end=\"986\">650mAh punjiva baterija<\/strong> sa <strong data-start=\"992\" data-end=\"1011\">Type-C punjenje<\/strong> osigurava da ure\u0111aj traje dovoljno dugo da potpuno potro\u0161i e-teku\u0107inu, izbjegavaju\u0107i \u010dest problem s padom snage kod velikih dimnih oblika za jednokratnu upotrebu. Dostupno u <strong data-start=\"1162\" data-end=\"1184\">2% i 5% salt nic<\/strong>, pokriva glavne zahtjeve EU dok ostaje konkurentno u cijeni.<\/p>\n<p data-start=\"1258\" data-end=\"1502\">S <strong data-start=\"1263\" data-end=\"1315\">EU brza dostava iz lokalnog skladi\u0161ta (5\u20137 dana)<\/strong>, RAZZ BAR 60K poma\u017ee veletrgovcima skratiti cikluse isporuke i smanjiti logisti\u010dki rizik. Ovo je prakti\u010dan izbor za distributere koji \u017eele pove\u0107ati volumen bez \u017ertvovanja pouzdanosti.<\/p>\n<p data-start=\"1504\" data-end=\"1586\"><strong data-start=\"1507\" data-end=\"1586\">Kontaktirajte nas odmah za veleprodajne cijene RAZZ BAR 60K i dostupnost u skladi\u0161tu EU.<\/strong><\/p>\n<p><strong><span style=\"color: #ff0000;\">Dodajte Amy na WhatsApp za brzi odgovor i kupon za vape!<\/span><\/strong><\/p>\n<p><img fetchpriority=\"high\" decoding=\"async\" class=\"size-full wp-image-2932\" src=\"https:\/\/vapestornado.com\/wp-content\/uploads\/2024\/12\/Vape-Wholesale.jpg\" alt=\"Veleprodaja vejpova\" width=\"229\" height=\"300\" \/><\/p>\n<h3><a href=\"https:\/\/wa.me\/8617776015835\" target=\"_blank\" rel=\"noopener\"><span style=\"color: #ff0000;\"><strong>WhatsApp: +86 17776015835<\/strong><\/span><\/a><\/h3>\n<h2><strong>Klju\u010dne zna\u010dajke proizvoda RAZZ BAR 60K Pufova<\/strong><\/h2>\n<ul>\n<li data-start=\"1651\" data-end=\"1751\">\n<p data-start=\"1653\" data-end=\"1751\"><strong data-start=\"1653\" data-end=\"1679\">Kapacitet od 60.000 pufova:<\/strong> Dizajn za dugotrajnu uporabu s stabilnim izlazom pare od po\u010detka do kraja.<\/p>\n<\/li>\n<li data-start=\"1752\" data-end=\"1857\">\n<p data-start=\"1754\" data-end=\"1857\"><strong data-start=\"1754\" data-end=\"1785\">Prozirni kristalni dizajn:<\/strong> Jasna ljuska pobolj\u0161ava privla\u010dnost na polici i omogu\u0107ava lako provjeravanje razine ulja.<\/p>\n<\/li>\n<li data-start=\"1858\" data-end=\"1955\">\n<p data-start=\"1860\" data-end=\"1955\"><strong data-start=\"1860\" data-end=\"1884\">Dvoslojni mre\u017easti grija\u010d:<\/strong> Osigurava glatku paru i dosljedan okus tijekom du\u017ee uporabe.<\/p>\n<\/li>\n<li data-start=\"1956\" data-end=\"2066\">\n<p data-start=\"1958\" data-end=\"2066\"><strong data-start=\"1958\" data-end=\"1990\">Punjiva baterija od 650 mAh:<\/strong> Uskla\u0111eni sustav napajanja podr\u017eava potro\u0161nju cijelog ulja bez ranog kvara.<\/p>\n<\/li>\n<li data-start=\"2067\" data-end=\"2153\">\n<p data-start=\"2069\" data-end=\"2153\"><strong data-start=\"2069\" data-end=\"2090\">EU brza dostava:<\/strong> Dostava iz skladi\u0161ta u EU u roku od 5\u20137 dana za br\u017eu rotaciju.<\/p>\n<\/li>\n<\/ul>\n<h2 class=\"product-title\"><strong>Popis okusa RAZZ BAR 60K 60000 pufova<\/strong><\/h2>\n<ol data-start=\"2189\" data-end=\"2540\">\n<li data-start=\"2189\" data-end=\"2211\">\n<p data-start=\"2192\" data-end=\"2211\">Jagoda Banana<\/p>\n<\/li>\n<li data-start=\"2212\" data-end=\"2232\">\n<p data-start=\"2215\" data-end=\"2232\">So\u010dni Led od Breskve<\/p>\n<\/li>\n<li data-start=\"2233\" data-end=\"2247\">\n<p data-start=\"2236\" data-end=\"2247\">Coco Loco<\/p>\n<\/li>\n<li data-start=\"2248\" data-end=\"2272\">\n<p data-start=\"2251\" data-end=\"2272\">Kiseli Kisel Raspberry<\/p>\n<\/li>\n<li data-start=\"2273\" data-end=\"2290\">\n<p data-start=\"2276\" data-end=\"2290\">Pamuk \u0161e\u0107er<\/p>\n<\/li>\n<li data-start=\"2291\" data-end=\"2306\">\n<p data-start=\"2294\" data-end=\"2306\">Gumeni medvjedi\u0107<\/p>\n<\/li>\n<li data-start=\"2307\" data-end=\"2332\">\n<p data-start=\"2310\" data-end=\"2332\">Borovnica Lubenica<\/p>\n<\/li>\n<li data-start=\"2333\" data-end=\"2363\">\n<p data-start=\"2336\" data-end=\"2363\">Limun Breskva Pasijonski Vo\u0107e<\/p>\n<\/li>\n<li data-start=\"2364\" data-end=\"2402\">\n<p data-start=\"2367\" data-end=\"2402\">Crni Led Zmaj Vo\u0107e Jagoda<\/p>\n<\/li>\n<li data-start=\"2403\" data-end=\"2422\">\n<p data-start=\"2407\" data-end=\"2422\">Mije\u0161ano bobi\u010dasto vo\u0107e<\/p>\n<\/li>\n<li data-start=\"2423\" data-end=\"2436\">\n<p data-start=\"2427\" data-end=\"2436\">Ljubav 66<\/p>\n<\/li>\n<li data-start=\"2437\" data-end=\"2458\">\n<p data-start=\"2441\" data-end=\"2458\">Jagoda Kivi<\/p>\n<\/li>\n<li data-start=\"2459\" data-end=\"2479\">\n<p data-start=\"2463\" data-end=\"2479\">Tropsko Vo\u0107e<\/p>\n<\/li>\n<li data-start=\"2480\" data-end=\"2509\">\n<p data-start=\"2484\" data-end=\"2509\">Jagoda Vanilija Koka<\/p>\n<\/li>\n<li data-start=\"2510\" data-end=\"2521\">\n<p data-start=\"2514\" data-end=\"2521\">Mango<\/p>\n<\/li>\n<li data-start=\"2522\" data-end=\"2540\">\n<p data-start=\"2526\" data-end=\"2540\">Ljetni San<\/p>\n<\/li>\n<\/ol>\n<figure id=\"attachment_4848\" aria-describedby=\"caption-attachment-4848\" style=\"width: 228px\" class=\"wp-caption alignnone\"><img decoding=\"async\" class=\"size-medium wp-image-4848\" src=\"https:\/\/vapestornado.com\/wp-content\/uploads\/2026\/01\/RAZZ-BAR-60000-Puffs-Crystal-60K-Mesh-Coil-Disposable-Vape-228x300.webp\" alt=\"RAZZ BAR 60000 Udisaja Kristalni 60K Mre\u017eni Ulo\u017eak Jednokratni Vape\" width=\"228\" height=\"300\" srcset=\"https:\/\/vapestornado.com\/wp-content\/uploads\/2026\/01\/RAZZ-BAR-60000-Puffs-Crystal-60K-Mesh-Coil-Disposable-Vape-228x300.webp 228w, https:\/\/vapestornado.com\/wp-content\/uploads\/2026\/01\/RAZZ-BAR-60000-Puffs-Crystal-60K-Mesh-Coil-Disposable-Vape-777x1024.webp 777w, https:\/\/vapestornado.com\/wp-content\/uploads\/2026\/01\/RAZZ-BAR-60000-Puffs-Crystal-60K-Mesh-Coil-Disposable-Vape-768x1013.webp 768w, https:\/\/vapestornado.com\/wp-content\/uploads\/2026\/01\/RAZZ-BAR-60000-Puffs-Crystal-60K-Mesh-Coil-Disposable-Vape-9x12.webp 9w, https:\/\/vapestornado.com\/wp-content\/uploads\/2026\/01\/RAZZ-BAR-60000-Puffs-Crystal-60K-Mesh-Coil-Disposable-Vape-600x791.webp 600w, https:\/\/vapestornado.com\/wp-content\/uploads\/2026\/01\/RAZZ-BAR-60000-Puffs-Crystal-60K-Mesh-Coil-Disposable-Vape.webp 910w\" sizes=\"(max-width: 228px) 100vw, 228px\" \/><figcaption id=\"caption-attachment-4848\" class=\"wp-caption-text\">RAZZ BAR 60000 Udisaja Kristalni 60K Mre\u017eni Ulo\u017eak Jednokratni Vape<\/figcaption><\/figure>\n<h2 data-start=\"2547\" data-end=\"2587\">Za\u0161to veletrgovci biraju RAZZBAR 60000<\/h2>\n<ul data-start=\"2589\" data-end=\"2800\">\n<li data-start=\"2589\" data-end=\"2637\">\n<p data-start=\"2591\" data-end=\"2637\">Visok broj udisaja pove\u0107ava zadr\u017eavanje kupaca<\/p>\n<\/li>\n<li data-start=\"2638\" data-end=\"2689\">\n<p data-start=\"2640\" data-end=\"2689\">Kristalni dizajn pove\u0107ava percipiranu vrijednost u maloprodaji<\/p>\n<\/li>\n<li data-start=\"2690\" data-end=\"2750\">\n<p data-start=\"2692\" data-end=\"2750\">Zalihe u skladi\u0161tu EU smanjuju pritisak na dostavu i carinu<\/p>\n<\/li>\n<li data-start=\"2751\" data-end=\"2800\">\n<p data-start=\"2753\" data-end=\"2800\">Konkurentni tro\u0161kovi podr\u017eavaju profitne mar\u017ee na veliko<\/p>\n<\/li>\n<\/ul>\n<p>&nbsp;<\/p>\n<div class=\"flex-shrink-0 flex flex-col relative items-end\">\n<div class=\"pt-0\">\n<div class=\"gizmo-bot-avatar flex h-8 w-8 items-center justify-center overflow-hidden rounded-full\">\n<div class=\"relative p-1 rounded-sm flex items-center justify-center bg-token-main-surface-primary text-token-text-primary h-8 w-8\">\n<h2 data-start=\"1200\" data-end=\"1487\">Vapes Tornado \u2013 Va\u0161 veleprodajni online du\u0107an za popularne vape ure\u0111aje<\/h2>\n<p data-start=\"72\" data-end=\"396\"><strong data-start=\"72\" data-end=\"89\">Vapes Tornado<\/strong> je europski orijentirani veleprodajni online du\u0107an koji nudi pa\u017eljivo odabrani asortiman <strong data-start=\"178\" data-end=\"195\">popularnih vape ure\u0111aja<\/strong> za profesionalne kupce. Suradjujemo s maloprodajnim trgovcima, distributerima i online trgovinama diljem Hrvatske koji trebaju stabilnu opskrbu, jasne informacije o proizvodima i brendove kojima kupci ve\u0107 vjeruju i prepoznaju.<\/p>\n<p data-start=\"398\" data-end=\"687\">Radimo s pouzdanim imenima kao \u0161to su <strong data-start=\"247\" data-end=\"352\"><a href=\"https:\/\/vapestornado.com\/hr\/product\/randm-12000-puffs-fumot-digital-disposable-vape-wholesale-price\/\">Fumot VAPE<\/a>, <a href=\"https:\/\/vapestornado.com\/hr\/product\/original-wga-ultra-35k-35000-puff-rechargeable-crystal-disposable-nicotine-vape-best-discount-price\/\">WGA VAPE<\/a>, <a href=\"https:\/\/vapestornado.com\/hr\/product\/vozol-gear-shisha-25k-25000-puffs-best-dtl-disposable-vape-hookah-cheap-price\/\">VOZOL BAR VAPE<\/a>, <\/strong><strong data-start=\"247\" data-end=\"352\">Elf Bar Vape, WASPE Vape, <a href=\"https:\/\/vapestornado.com\/hr\/product\/uzy-150k-puffs-6-in-1-flavor-switch-disposable-vape-pen-wholesale\/\">UZY Vape<\/a>, Bang Vape, Razz Bar Vape, i Stag Bar Vape<\/strong>, odabrani zbog dosljedne kvalitete i velike potra\u017enje na europskom tr\u017ei\u0161tu.<\/p>\n<h4 data-start=\"1080\" data-end=\"1120\">Izra\u0111eno za europske vaperi na veliko<\/h4>\n<p data-start=\"1121\" data-end=\"1189\">Vapes Tornado je strukturiran oko stvarnih potreba europskih veleprodavaca:<\/p>\n<ul data-start=\"1190\" data-end=\"1400\">\n<li data-start=\"1190\" data-end=\"1239\">\n<p data-start=\"1192\" data-end=\"1239\">Konkurentne veleprodajne cijene za velike narud\u017ebe<\/p>\n<\/li>\n<li data-start=\"1240\" data-end=\"1289\">\n<p data-start=\"1242\" data-end=\"1289\">Jasni opisi proizvoda i specifikacije<\/p>\n<\/li>\n<li data-start=\"1290\" data-end=\"1330\">\n<p data-start=\"1292\" data-end=\"1330\">Brza, pouzdana logistika usmjerena na EU<\/p>\n<\/li>\n<li data-start=\"1331\" data-end=\"1400\">\n<p data-start=\"1333\" data-end=\"1400\">Katalog usmjeren na <strong data-start=\"1356\" data-end=\"1373\">popularnih vape ure\u0111aja<\/strong>, ne pretrpan SKU-jevima<\/p>\n<\/li>\n<\/ul>\n<h2 data-start=\"2064\" data-end=\"2115\">\u010cesto postavljana pitanja o RAZZ BAR 60K 60000 Udisaja Jednokratni Vape<\/h2>\n<p data-start=\"2847\" data-end=\"2992\"><strong data-start=\"2847\" data-end=\"2910\">1. Je li RAZZ BAR 60K prikladan za veleprodaju?<\/strong><br data-start=\"2910\" data-end=\"2913\" \/>Da, pakiran je u <strong data-start=\"2934\" data-end=\"2956\">200 komada po kartonu<\/strong> i dizajniran za prodaju velike koli\u010dine.<\/p>\n<p data-start=\"2994\" data-end=\"3119\"><strong data-start=\"2994\" data-end=\"3044\">2. Podr\u017eava li RAZZ BAR 60000 punjenje?<\/strong><br data-start=\"3044\" data-end=\"3047\" \/>Da, ima <strong data-start=\"3066\" data-end=\"3097\">650mAh punjiva baterija<\/strong> s Type-C punjenjem.<\/p>\n<p data-start=\"3121\" data-end=\"3218\"><strong data-start=\"3121\" data-end=\"3166\">3. Koje su ja\u010dine nikotina dostupne?<\/strong><br data-start=\"3166\" data-end=\"3169\" \/>Dostupno u <strong data-start=\"3182\" data-end=\"3209\">2% i 5% solni nikotin<\/strong> opcije.<\/p>\n<p data-start=\"3220\" data-end=\"3312\"><strong data-start=\"3220\" data-end=\"3251\">4. Koliko je brzo dostava u EU?<\/strong><br data-start=\"3251\" data-end=\"3254\" \/>Narud\u017ebe se \u0161alju iz skladi\u0161ta u EU unutar <strong data-start=\"3291\" data-end=\"3311\">5\u20137 radnih dana<\/strong>.<\/p>\n<p data-start=\"3314\" data-end=\"3479\"><strong data-start=\"3314\" data-end=\"3369\">5. Je li ovaj model prikladan za trgovinu e-cigareta?<\/strong><br data-start=\"3369\" data-end=\"3372\" \/>Da, njegov kristalni dizajn, dugi vijek trajanja i raspon okusa \u010dine ga idealnim za maloprodajni prikaz i ponovnu prodaju.<\/p>\n<\/div>\n<\/div>\n<\/div>\n<\/div>","protected":false},"excerpt":{"rendered":"<div class=\"flex max-w-full flex-col grow\">\n<div class=\"min-h-8 text-message relative flex w-full flex-col items-end gap-2 text-start break-words whitespace-normal [.text-message+&amp;]:mt-1\" dir=\"auto\" data-message-author-role=\"assistant\" data-message-id=\"2a9d6edf-5b3a-41c0-afc9-caef2e4c2c3b\" data-message-model-slug=\"gpt-5-2\">\n<div class=\"flex w-full flex-col gap-1 empty:hidden first:pt-[1px]\">\n<div class=\"markdown prose dark:prose-invert w-full break-words light markdown-new-styling\">\n<p data-start=\"4300\" data-end=\"4384\">RAZZ BAR 60K Kristalni jednokratni vape s 60000 udisaja, EU brza dostava<br \/>\nRAZZ BAR 60000 Jednokratni vapor po niskoj cijeni za veleprodaju<br \/>\nRAZZ BAR 60K Velika zaliha e-cigareta iz skladi\u0161ta u EU<\/p>\n<\/div>\n<\/div>\n<\/div>\n<\/div>\n<p><strong>Dodajte Amy na WhatsApp za brzi odgovor i popust!<\/strong><\/p>\n<p><img fetchpriority=\"high\" decoding=\"async\" class=\"size-full wp-image-2932\" src=\"https:\/\/vapestornado.com\/wp-content\/uploads\/2024\/12\/Vape-Wholesale.jpg\" alt=\"Veleprodaja vejpova\" width=\"229\" height=\"300\" \/><\/p>\n<h3><a href=\"https:\/\/wa.me\/8617776015835\"><span style=\"color: #ff0000;\"><strong>WhatsApp: +86 17776015835<\/strong><\/span><\/a><\/h3>","protected":false},"featured_media":4849,"comment_status":"open","ping_status":"closed","template":"","meta":{"_acf_changed":false,"_uag_custom_page_level_css":"","_lmt_disableupdate":"no","_lmt_disable":"","_monsterinsights_skip_tracking":false,"_monsterinsights_sitenote_active":false,"_monsterinsights_sitenote_note":"","_monsterinsights_sitenote_category":0,"site-sidebar-layout":"default","site-content-layout":"","ast-site-content-layout":"default","site-content-style":"default","site-sidebar-style":"default","ast-global-header-display":"","ast-banner-title-visibility":"","ast-main-header-display":"","ast-hfb-above-header-display":"","ast-hfb-below-header-display":"","ast-hfb-mobile-header-display":"","site-post-title":"","ast-breadcrumbs-content":"","ast-featured-img":"","footer-sml-layout":"","ast-disable-related-posts":"","theme-transparent-header-meta":"default","adv-header-id-meta":"","stick-header-meta":"","header-above-stick-meta":"","header-main-stick-meta":"","header-below-stick-meta":"","astra-migrate-meta-layouts":"set","ast-page-background-enabled":"default","ast-page-background-meta":{"desktop":{"background-color":"","background-image":"","background-repeat":"repeat","background-position":"center center","background-size":"auto","background-attachment":"scroll","background-type":"","background-media":"","overlay-type":"","overlay-color":"","overlay-opacity":"","overlay-gradient":""},"tablet":{"background-color":"","background-image":"","background-repeat":"repeat","background-position":"center center","background-size":"auto","background-attachment":"scroll","background-type":"","background-media":"","overlay-type":"","overlay-color":"","overlay-opacity":"","overlay-gradient":""},"mobile":{"background-color":"","background-image":"","background-repeat":"repeat","background-position":"center center","background-size":"auto","background-attachment":"scroll","background-type":"","background-media":"","overlay-type":"","overlay-color":"","overlay-opacity":"","overlay-gradient":""}},"ast-content-background-meta":{"desktop":{"background-color":"var(--ast-global-color-5)","background-image":"","background-repeat":"repeat","background-position":"center center","background-size":"auto","background-attachment":"scroll","background-type":"","background-media":"","overlay-type":"","overlay-color":"","overlay-opacity":"","overlay-gradient":""},"tablet":{"background-color":"var(--ast-global-color-5)","background-image":"","background-repeat":"repeat","background-position":"center center","background-size":"auto","background-attachment":"scroll","background-type":"","background-media":"","overlay-type":"","overlay-color":"","overlay-opacity":"","overlay-gradient":""},"mobile":{"background-color":"var(--ast-global-color-5)","background-image":"","background-repeat":"repeat","background-position":"center center","background-size":"auto","background-attachment":"scroll","background-type":"","background-media":"","overlay-type":"","overlay-color":"","overlay-opacity":"","overlay-gradient":""}},"_joinchat":[]},"product_brand":[],"product_cat":[343,149,152,153,154,156,141,492,144,146],"product_tag":[572,120,368,571,573,570,569,568,574],"class_list":{"0":"post-4850","1":"product","2":"type-product","3":"status-publish","4":"has-post-thumbnail","6":"product_cat-60000-puff","7":"product_cat-buy-disposable-vapes-in-austria","8":"product_cat-buy-disposable-vapes-in-cermany","9":"product_cat-buy-disposable-vapes-in-italy","10":"product_cat-buy-disposable-vapes-in-netherlands","11":"product_cat-buy-disposable-vapes-in-poland","12":"product_cat-crystal-disposable-vapes","13":"product_cat-eu-warehouse","14":"product_cat-low-nicotine-disposable-vapes","15":"product_cat-rechargeable-disposable-vapes","16":"product_tag-cheap-price","17":"product_tag-crystal-vape","18":"product_tag-disposable-vapor","19":"product_tag-e-cigarette","20":"product_tag-e-cigarette-store","21":"product_tag-eu-fast-shipping","22":"product_tag-razz-bar-60000","23":"product_tag-razz-bar-60k","24":"product_tag-vape-wholesale-germany","25":"desktop-align-left","26":"tablet-align-left","27":"mobile-align-left","29":"first","30":"instock","31":"sale","32":"shipping-taxable","33":"purchasable","34":"product-type-simple"},"acf":[],"uagb_featured_image_src":{"full":["https:\/\/vapestornado.com\/wp-content\/uploads\/2026\/01\/RAZZ-BAR-Crystal-60k-Disposable-Vape-Wholesale.webp",800,800,false],"thumbnail":["https:\/\/vapestornado.com\/wp-content\/uploads\/2026\/01\/RAZZ-BAR-Crystal-60k-Disposable-Vape-Wholesale-150x150.webp",150,150,true],"medium":["https:\/\/vapestornado.com\/wp-content\/uploads\/2026\/01\/RAZZ-BAR-Crystal-60k-Disposable-Vape-Wholesale-300x300.webp",300,300,true],"medium_large":["https:\/\/vapestornado.com\/wp-content\/uploads\/2026\/01\/RAZZ-BAR-Crystal-60k-Disposable-Vape-Wholesale-768x768.webp",768,768,true],"large":["https:\/\/vapestornado.com\/wp-content\/uploads\/2026\/01\/RAZZ-BAR-Crystal-60k-Disposable-Vape-Wholesale.webp",800,800,false],"1536x1536":["https:\/\/vapestornado.com\/wp-content\/uploads\/2026\/01\/RAZZ-BAR-Crystal-60k-Disposable-Vape-Wholesale.webp",800,800,false],"2048x2048":["https:\/\/vapestornado.com\/wp-content\/uploads\/2026\/01\/RAZZ-BAR-Crystal-60k-Disposable-Vape-Wholesale.webp",800,800,false],"trp-custom-language-flag":["https:\/\/vapestornado.com\/wp-content\/uploads\/2026\/01\/RAZZ-BAR-Crystal-60k-Disposable-Vape-Wholesale-12x12.webp",12,12,true],"woocommerce_thumbnail":["https:\/\/vapestornado.com\/wp-content\/uploads\/2026\/01\/RAZZ-BAR-Crystal-60k-Disposable-Vape-Wholesale-300x300.webp",300,300,true],"woocommerce_single":["https:\/\/vapestornado.com\/wp-content\/uploads\/2026\/01\/RAZZ-BAR-Crystal-60k-Disposable-Vape-Wholesale-600x600.webp",600,600,true],"woocommerce_gallery_thumbnail":["https:\/\/vapestornado.com\/wp-content\/uploads\/2026\/01\/RAZZ-BAR-Crystal-60k-Disposable-Vape-Wholesale-100x100.webp",100,100,true]},"uagb_author_info":{"display_name":"ESAMY","author_link":"https:\/\/vapestornado.com\/hr\/author\/"},"uagb_comment_info":0,"uagb_excerpt":"RAZZ BAR 60K Crystal Disposable Vape 60000 Puffs EU Fast Shipping RAZZ BAR 60000 Disposable Vapor Cheap Price for Wholesalers RAZZ BAR 60K E-cigarette Bulk Supply from EU Warehouse Add Amy's whatsapp to get right reply and discount price! WhatsApp: +86 17776015835","_links":{"self":[{"href":"https:\/\/vapestornado.com\/hr\/wp-json\/wp\/v2\/product\/4850","targetHints":{"allow":["GET"]}}],"collection":[{"href":"https:\/\/vapestornado.com\/hr\/wp-json\/wp\/v2\/product"}],"about":[{"href":"https:\/\/vapestornado.com\/hr\/wp-json\/wp\/v2\/types\/product"}],"replies":[{"embeddable":true,"href":"https:\/\/vapestornado.com\/hr\/wp-json\/wp\/v2\/comments?post=4850"}],"wp:featuredmedia":[{"embeddable":true,"href":"https:\/\/vapestornado.com\/hr\/wp-json\/wp\/v2\/media\/4849"}],"wp:attachment":[{"href":"https:\/\/vapestornado.com\/hr\/wp-json\/wp\/v2\/media?parent=4850"}],"wp:term":[{"taxonomy":"product_brand","embeddable":true,"href":"https:\/\/vapestornado.com\/hr\/wp-json\/wp\/v2\/product_brand?post=4850"},{"taxonomy":"product_cat","embeddable":true,"href":"https:\/\/vapestornado.com\/hr\/wp-json\/wp\/v2\/product_cat?post=4850"},{"taxonomy":"product_tag","embeddable":true,"href":"https:\/\/vapestornado.com\/hr\/wp-json\/wp\/v2\/product_tag?post=4850"}],"curies":[{"name":"wp","href":"https:\/\/api.w.org\/{rel}","templated":true}]}}