{"id":4842,"date":"2026-01-24T09:54:19","date_gmt":"2026-01-24T09:54:19","guid":{"rendered":"https:\/\/vapestornado.com\/?post_type=product&#038;p=4842"},"modified":"2026-01-24T10:03:36","modified_gmt":"2026-01-24T10:03:36","slug":"aivono-avn-mate-120k-puffs-double-flaovr-disposable-e-cigarette-adjust-flavor","status":"publish","type":"product","link":"https:\/\/vapestornado.com\/hr\/product\/aivono-avn-mate-120k-puffs-double-flaovr-disposable-e-cigarette-adjust-flavor\/","title":{"rendered":"AIVONO AVN MATE 120k Udisaja Jednokratna E-cigareta s Dvostrukim Okusom Pode\u0161avanje Okusa"},"content":{"rendered":"<h1 data-start=\"0\" data-end=\"87\">AIVONO AVN MATE 120k Udisaja Jednokratna E-cigareta s Dvostrukim Okusom Pode\u0161avanje Okusa<\/h1>\n<p data-start=\"276\" data-end=\"608\">Ovo <strong data-start=\"280\" data-end=\"304\">AIVONO AVN MATE 120k<\/strong> namijenjen je veleprodajnim kupcima kojima je potrebna visokokapacitetna, visokovrijedna jednokratna cigareta koja se brzo prodaje na konkurentnim tr\u017ei\u0161tima u Hrvatskoj. S pravim <strong data-start=\"439\" data-end=\"464\">120.000 udisaja trajanja<\/strong>, dizajn za prebacivanje izme\u0111u dvaju okusa i pametni ekran, ovaj ure\u0111aj cilja korisnike koji \u017eele raznolikost, trajnost i vidljivu izvedbu u jednom ure\u0111aju.<\/p>\n<p data-start=\"610\" data-end=\"976\">Dizajniran kao <strong data-start=\"624\" data-end=\"662\">2 u 1 Jednokratni Vape s Dvostrukim Ousom<\/strong>, AIVONO AVN MATE 120000 omogu\u0107ava korisnicima da odmah prebacuju izme\u0111u dva okusa bez promjene ure\u0111aja. Ovaj sustav prilagodljivog okusa pove\u0107ava vrijeme kori\u0161tenja i pobolj\u0161ava zadovoljstvo kupaca, \u0161to ga \u010dini sna\u017enim izborom za <strong data-start=\"887\" data-end=\"911\">wholesale vape Hrvatska<\/strong> kupce koji tra\u017ee diferencijaciju na <strong data-start=\"952\" data-end=\"975\">niskoj veleprodajnoj cijeni<\/strong>.<\/p>\n<p data-start=\"978\" data-end=\"1308\">velikoj <strong data-start=\"986\" data-end=\"1012\">36 ml<\/strong>, u kombinaciji s stabilnim <strong data-start=\"1037\" data-end=\"1050\">1.0\u03a9 jezgreni<\/strong>, osigurava dosljedan izlaz pare i okusa tijekom cijelog ciklusa udisaja. The <strong data-start=\"1127\" data-end=\"1179\">850mAh punjiva baterija s Type-C punjenjem<\/strong> je uskla\u0111ena s volumenom ulja, tako da korisnici mogu zavr\u0161iti teku\u0107inu bez gubitka snage\u2014smanjuju\u0107i pritu\u017ebe i povrate na maloprodajnoj razini.<\/p>\n<p data-start=\"1310\" data-end=\"1559\">Ugra\u0111eni <strong data-start=\"1323\" data-end=\"1337\">LED zaslon<\/strong> jasno prikazuje status baterije i e-teku\u0107ine, pozicioniraju\u0107i ovaj model kao vrhunski <strong data-start=\"1420\" data-end=\"1440\">Vape sa zaslonom<\/strong> dok istovremeno odr\u017eava jednostavnost rada. Kompaktne dimenzije tako\u0111er poma\u017eu prodava\u010dima optimizirati prostor na polici i u\u010dinkovitost skupnog slanja.<\/p>\n<p data-start=\"1561\" data-end=\"1812\">Za distributere koji tra\u017ee pouzdanog <strong data-start=\"1597\" data-end=\"1612\">AIVONO vape<\/strong> s sna\u017enim potencijalom za ponovnu narud\u017ebu, AVN MATE 120k pru\u017ea performanse, raznolikost okusa i cijene prilago\u0111ene mar\u017ei.<br data-start=\"1733\" data-end=\"1736\" \/><strong data-start=\"1739\" data-end=\"1812\">Kontaktirajte nas odmah za veleprodaju vapea po niskoj cijeni i veleprodaju u Hrvatskoj.<\/strong><\/p>\n<p><strong><span style=\"color: #ff0000;\">Dodajte Amy na WhatsApp za brzi odgovor i kupon za vape!<\/span><\/strong><\/p>\n<p><img fetchpriority=\"high\" decoding=\"async\" class=\"size-full wp-image-2932\" src=\"https:\/\/vapestornado.com\/wp-content\/uploads\/2024\/12\/Vape-Wholesale.jpg\" alt=\"Veleprodaja vejpova\" width=\"229\" height=\"300\" \/><\/p>\n<h3><a href=\"https:\/\/wa.me\/8617776015835\" target=\"_blank\" rel=\"noopener\"><span style=\"color: #ff0000;\"><strong>WhatsApp: +86 17776015835<\/strong><\/span><\/a><\/h3>\n<h2><strong>AIVONO AVN MATE 120k zna\u010dajke proizvoda za 120000 udisaja<\/strong><\/h2>\n<div>\n<ul>\n<li data-start=\"1887\" data-end=\"1985\">\n<p data-start=\"1889\" data-end=\"1985\"><strong data-start=\"1889\" data-end=\"1907\">120.000 Pufova:<\/strong> Prava struktura visokih udisaja dizajnirana za dugotrajnu uporabu i manje zamjena.<\/p>\n<\/li>\n<li data-start=\"1986\" data-end=\"2096\">\n<p data-start=\"1988\" data-end=\"2096\"><strong data-start=\"1988\" data-end=\"2018\">Sustav dvostrukog okusa 2 u 1:<\/strong> Dva okusa u jednom ure\u0111aju s trenutnim prebacivanjem za ve\u0107u zadr\u017eavanje korisnika.<\/p>\n<\/li>\n<li data-start=\"2097\" data-end=\"2203\">\n<p data-start=\"2099\" data-end=\"2203\"><strong data-start=\"2099\" data-end=\"2126\">Kapacitet e-teku\u0107ine od 36 ml:<\/strong> Veliki volumen ulja podr\u017eava stabilan izlaz tijekom cijelog vijeka trajanja udisaja.<\/p>\n<\/li>\n<li data-start=\"2204\" data-end=\"2301\">\n<p data-start=\"2206\" data-end=\"2301\"><strong data-start=\"2206\" data-end=\"2227\">Pametni LED zaslon:<\/strong> Prikaz baterije i ulja u stvarnom vremenu pobolj\u0161ava upotrebljivost i povjerenje u proizvod.<\/p>\n<\/li>\n<li data-start=\"2302\" data-end=\"2419\">\n<p data-start=\"2304\" data-end=\"2419\"><strong data-start=\"2304\" data-end=\"2343\">850mAh punjiva baterija s Type-C punjenjem:<\/strong> Uravnote\u017eeni sustav napajanja osigurava potro\u0161nju cijelog e-teku\u0107ine bez zastoja.<\/p>\n<\/li>\n<\/ul>\n<figure id=\"attachment_4838\" aria-describedby=\"caption-attachment-4838\" style=\"width: 162px\" class=\"wp-caption alignnone\"><img decoding=\"async\" class=\"size-medium wp-image-4838\" src=\"https:\/\/vapestornado.com\/wp-content\/uploads\/2026\/01\/AIVONO-AVN-MATE-120k-120000-Puffs-Disposable-Vape-Low-Price-162x300.webp\" alt=\"AIVONO AVN MATE 120k 120000 udisaja jednokratni vape po niskoj cijeni\" width=\"162\" height=\"300\" srcset=\"https:\/\/vapestornado.com\/wp-content\/uploads\/2026\/01\/AIVONO-AVN-MATE-120k-120000-Puffs-Disposable-Vape-Low-Price-162x300.webp 162w, https:\/\/vapestornado.com\/wp-content\/uploads\/2026\/01\/AIVONO-AVN-MATE-120k-120000-Puffs-Disposable-Vape-Low-Price-552x1024.webp 552w, https:\/\/vapestornado.com\/wp-content\/uploads\/2026\/01\/AIVONO-AVN-MATE-120k-120000-Puffs-Disposable-Vape-Low-Price-768x1425.webp 768w, https:\/\/vapestornado.com\/wp-content\/uploads\/2026\/01\/AIVONO-AVN-MATE-120k-120000-Puffs-Disposable-Vape-Low-Price-6x12.webp 6w, https:\/\/vapestornado.com\/wp-content\/uploads\/2026\/01\/AIVONO-AVN-MATE-120k-120000-Puffs-Disposable-Vape-Low-Price-600x1113.webp 600w, https:\/\/vapestornado.com\/wp-content\/uploads\/2026\/01\/AIVONO-AVN-MATE-120k-120000-Puffs-Disposable-Vape-Low-Price.webp 800w\" sizes=\"(max-width: 162px) 100vw, 162px\" \/><figcaption id=\"caption-attachment-4838\" class=\"wp-caption-text\">AIVONO AVN MATE 120k 120000 udisaja jednokratni vape po niskoj cijeni<\/figcaption><\/figure>\n<\/div>\n<h2 class=\"product-title\"><strong>Popis okusa za AIVONO AVN MATE 120k udisaja<\/strong><\/h2>\n<ol data-start=\"2475\" data-end=\"2828\">\n<li data-start=\"2475\" data-end=\"2508\">\n<p data-start=\"2478\" data-end=\"2508\">Vi\u0161nja Cola + Vodeni Melon Led<\/p>\n<\/li>\n<li data-start=\"2509\" data-end=\"2554\">\n<p data-start=\"2512\" data-end=\"2554\">Kivi Pasijon Vo\u0107e Guava + Borovnica Led<\/p>\n<\/li>\n<li data-start=\"2555\" data-end=\"2584\">\n<p data-start=\"2558\" data-end=\"2584\">Duga Boja + Gospodin Plavi<\/p>\n<\/li>\n<li data-start=\"2585\" data-end=\"2617\">\n<p data-start=\"2588\" data-end=\"2617\">Energetski Napitak + Trostruki Mango<\/p>\n<\/li>\n<li data-start=\"2618\" data-end=\"2653\">\n<p data-start=\"2621\" data-end=\"2653\">Jagoda Banana + Roza Limun<\/p>\n<\/li>\n<li data-start=\"2654\" data-end=\"2691\">\n<p data-start=\"2657\" data-end=\"2691\">Borovnica Malina + Limun Menta<\/p>\n<\/li>\n<li data-start=\"2692\" data-end=\"2734\">\n<p data-start=\"2695\" data-end=\"2734\">Jagoda Vodeni Melon + Ananas Led<\/p>\n<\/li>\n<li data-start=\"2735\" data-end=\"2768\">\n<p data-start=\"2738\" data-end=\"2768\">Ananas Naran\u010da Limeta + Menta<\/p>\n<\/li>\n<li data-start=\"2769\" data-end=\"2796\">\n<p data-start=\"2772\" data-end=\"2796\">Limun Limeta + Gro\u017e\u0111e Led<\/p>\n<\/li>\n<li data-start=\"2797\" data-end=\"2828\">\n<p data-start=\"2801\" data-end=\"2828\">Gumeni Medvjedi\u0107i + Mije\u0161ano Bobi\u010dasto Vo\u0107e<\/p>\n<h2 data-start=\"2835\" data-end=\"2886\">Za\u0161to Kupci na Veliko Biraju AIVONO AVN MATE 120k<\/h2>\n<ul data-start=\"2888\" data-end=\"3159\">\n<li data-start=\"2888\" data-end=\"2950\">\n<p data-start=\"2890\" data-end=\"2950\">Dizajn s dvostrukim okusom pove\u0107ava privla\u010dnost police i ponovnu prodaju<\/p>\n<\/li>\n<li data-start=\"2951\" data-end=\"3020\">\n<p data-start=\"2953\" data-end=\"3020\">Visok broj pufova smanjuje u\u010destalost zamjene i rizik od nakonprodaje<\/p>\n<\/li>\n<li data-start=\"3021\" data-end=\"3091\">\n<p data-start=\"3023\" data-end=\"3091\">Pametni ekran dodaje vrhunsku vrijednost bez znatnog pove\u0107anja tro\u0161ka<\/p>\n<\/li>\n<li data-start=\"3092\" data-end=\"3159\">\n<p data-start=\"3094\" data-end=\"3159\">Idealni za <strong data-start=\"3104\" data-end=\"3128\">wholesale vape Hrvatska<\/strong> i EU distribucijski kanali<\/p>\n<\/li>\n<\/ul>\n<\/li>\n<\/ol>\n<div class=\"flex-shrink-0 flex flex-col relative items-end\">\n<div class=\"pt-0\">\n<div class=\"gizmo-bot-avatar flex h-8 w-8 items-center justify-center overflow-hidden rounded-full\">\n<div class=\"relative p-1 rounded-sm flex items-center justify-center bg-token-main-surface-primary text-token-text-primary h-8 w-8\">\n<h2 data-start=\"1200\" data-end=\"1487\">Vapes Tornado \u2013 Va\u0161 veleprodajni online du\u0107an za popularne vape ure\u0111aje<\/h2>\n<p data-start=\"72\" data-end=\"396\"><strong data-start=\"72\" data-end=\"89\">Vapes Tornado<\/strong> je europski orijentirani veleprodajni online du\u0107an koji nudi pa\u017eljivo odabrani asortiman <strong data-start=\"178\" data-end=\"195\">popularnih vape ure\u0111aja<\/strong> za profesionalne kupce. Suradjujemo s maloprodajnim trgovcima, distributerima i online trgovinama diljem Hrvatske koji trebaju stabilnu opskrbu, jasne informacije o proizvodima i brendove kojima kupci ve\u0107 vjeruju i prepoznaju.<\/p>\n<p data-start=\"398\" data-end=\"687\">Radimo s pouzdanim imenima kao \u0161to su <strong data-start=\"247\" data-end=\"352\"><a href=\"https:\/\/vapestornado.com\/hr\/product\/randm-12000-puffs-fumot-digital-disposable-vape-wholesale-price\/\">Fumot VAPE<\/a>, <a href=\"https:\/\/vapestornado.com\/hr\/product\/original-wga-ultra-35k-35000-puff-rechargeable-crystal-disposable-nicotine-vape-best-discount-price\/\">WGA VAPE<\/a>, <a href=\"https:\/\/vapestornado.com\/hr\/product\/vozol-gear-shisha-25k-25000-puffs-best-dtl-disposable-vape-hookah-cheap-price\/\">VOZOL BAR VAPE<\/a>, <\/strong><strong data-start=\"247\" data-end=\"352\">Elf Bar Vape, WASPE Vape, <a href=\"https:\/\/vapestornado.com\/hr\/product\/uzy-150k-puffs-6-in-1-flavor-switch-disposable-vape-pen-wholesale\/\">UZY Vape<\/a>, Bang Vape, Razz Bar Vape, i Stag Bar Vape<\/strong>, odabrani zbog dosljedne kvalitete i velike potra\u017enje na europskom tr\u017ei\u0161tu.<\/p>\n<h4 data-start=\"1080\" data-end=\"1120\">Izra\u0111eno za europske vaperi na veliko<\/h4>\n<p data-start=\"1121\" data-end=\"1189\">Vapes Tornado je strukturiran oko stvarnih potreba europskih veleprodavaca:<\/p>\n<ul data-start=\"1190\" data-end=\"1400\">\n<li data-start=\"1190\" data-end=\"1239\">\n<p data-start=\"1192\" data-end=\"1239\">Konkurentne veleprodajne cijene za velike narud\u017ebe<\/p>\n<\/li>\n<li data-start=\"1240\" data-end=\"1289\">\n<p data-start=\"1242\" data-end=\"1289\">Jasni opisi proizvoda i specifikacije<\/p>\n<\/li>\n<li data-start=\"1290\" data-end=\"1330\">\n<p data-start=\"1292\" data-end=\"1330\">Brza, pouzdana logistika usmjerena na EU<\/p>\n<\/li>\n<li data-start=\"1331\" data-end=\"1400\">\n<p data-start=\"1333\" data-end=\"1400\">Katalog usmjeren na <strong data-start=\"1356\" data-end=\"1373\">popularnih vape ure\u0111aja<\/strong>, ne pretrpan SKU-jevima<\/p>\n<\/li>\n<\/ul>\n<h2 data-start=\"2064\" data-end=\"2115\">\u010cesto postavljana pitanja o AIVONO AVN MATE 120k jednokratnom vape-u<\/h2>\n<p data-start=\"3198\" data-end=\"3373\"><strong data-start=\"3198\" data-end=\"3260\">1. Je li AIVONO AVN MATE 120k pravi ure\u0111aj s 120.000 pufova?<\/strong><br data-start=\"3260\" data-end=\"3263\" \/>Da, in\u017eenjerski je osmi\u0161ljen s odgovaraju\u0107om baterijom i sustavom ulja za podr\u0161ku cijelog raspona pufova pod normalnom uporabom.<\/p>\n<p data-start=\"3375\" data-end=\"3514\"><strong data-start=\"3375\" data-end=\"3419\">2. Kako funkcionira sustav dvostrukog okusa?<\/strong><br data-start=\"3419\" data-end=\"3422\" \/>Korisnici mogu prebacivati izme\u0111u dva okusa ugra\u0111ena u isti ure\u0111aj bez mije\u0161anja ili dopunjavanja.<\/p>\n<p data-start=\"3516\" data-end=\"3619\"><strong data-start=\"3516\" data-end=\"3562\">3. Je li ovo ponovno punjiva jednokratna e-cigareta?<\/strong><br data-start=\"3562\" data-end=\"3565\" \/>Da, ima Type-C punjivu bateriju od 850mAh.<\/p>\n<p data-start=\"3621\" data-end=\"3727\"><strong data-start=\"3621\" data-end=\"3666\">4. Koje su ja\u010dine nikotina dostupne?<\/strong><br data-start=\"3666\" data-end=\"3669\" \/>Ure\u0111aj je dostupan u <strong data-start=\"3696\" data-end=\"3726\">2% i 5% nikotina<\/strong>.<\/p>\n<p data-start=\"3729\" data-end=\"3888\"><strong data-start=\"3729\" data-end=\"3789\">5. Je li ovo prikladno za veleprodaju u Hrvatskoj?<\/strong><br data-start=\"3789\" data-end=\"3792\" \/>Da, dizajn, cijena i struktura okusa prikladni su za hrvatsko veleprodajno tr\u017ei\u0161te.<\/p>\n<\/div>\n<\/div>\n<\/div>\n<\/div>","protected":false},"excerpt":{"rendered":"<div class=\"flex max-w-full flex-col grow\">\n<div class=\"min-h-8 text-message relative flex w-full flex-col items-end gap-2 text-start break-words whitespace-normal [.text-message+&amp;]:mt-1\" dir=\"auto\" data-message-author-role=\"assistant\" data-message-id=\"2a9d6edf-5b3a-41c0-afc9-caef2e4c2c3b\" data-message-model-slug=\"gpt-5-2\">\n<div class=\"flex w-full flex-col gap-1 empty:hidden first:pt-[1px]\">\n<div class=\"markdown prose dark:prose-invert w-full break-words light markdown-new-styling\">\n<p data-start=\"4127\" data-end=\"4213\"><strong data-start=\"4127\" data-end=\"4211\">AIVONO AVN MATE 120k Dvostruki Okus Jednokratni Vape s Ekranom za veleprodaju u Hrvatskoj<\/strong><\/p>\n<p data-start=\"4217\" data-end=\"4296\"><strong data-start=\"4217\" data-end=\"4294\">AIVONO AVN MATE 120000 Udisaja 2 u 1 Jednokratni Vape Niska Cijena Velika Zaliha<\/strong><\/p>\n<p data-start=\"4300\" data-end=\"4384\"><strong data-start=\"4300\" data-end=\"4384\">AIVONO AVN MATE 120k Prilagodljiv Okus Jednokratna E-cigareta za veleprodaju Vape<\/strong><\/p>\n<\/div>\n<\/div>\n<\/div>\n<\/div>\n<p><strong>Dodajte Amy na WhatsApp za brzi odgovor i popust!<\/strong><\/p>\n<p><img fetchpriority=\"high\" decoding=\"async\" class=\"size-full wp-image-2932\" src=\"https:\/\/vapestornado.com\/wp-content\/uploads\/2024\/12\/Vape-Wholesale.jpg\" alt=\"Veleprodaja vejpova\" width=\"229\" height=\"300\" \/><\/p>\n<h3><a href=\"https:\/\/wa.me\/8617776015835\"><span style=\"color: #ff0000;\"><strong>WhatsApp: +86 17776015835<\/strong><\/span><\/a><\/h3>","protected":false},"featured_media":4837,"comment_status":"open","ping_status":"closed","template":"","meta":{"_acf_changed":false,"_uag_custom_page_level_css":"","_lmt_disableupdate":"no","_lmt_disable":"","_monsterinsights_skip_tracking":false,"_monsterinsights_sitenote_active":false,"_monsterinsights_sitenote_note":"","_monsterinsights_sitenote_category":0,"site-sidebar-layout":"default","site-content-layout":"","ast-site-content-layout":"default","site-content-style":"default","site-sidebar-style":"default","ast-global-header-display":"","ast-banner-title-visibility":"","ast-main-header-display":"","ast-hfb-above-header-display":"","ast-hfb-below-header-display":"","ast-hfb-mobile-header-display":"","site-post-title":"","ast-breadcrumbs-content":"","ast-featured-img":"","footer-sml-layout":"","ast-disable-related-posts":"","theme-transparent-header-meta":"default","adv-header-id-meta":"","stick-header-meta":"","header-above-stick-meta":"","header-main-stick-meta":"","header-below-stick-meta":"","astra-migrate-meta-layouts":"set","ast-page-background-enabled":"default","ast-page-background-meta":{"desktop":{"background-color":"","background-image":"","background-repeat":"repeat","background-position":"center center","background-size":"auto","background-attachment":"scroll","background-type":"","background-media":"","overlay-type":"","overlay-color":"","overlay-opacity":"","overlay-gradient":""},"tablet":{"background-color":"","background-image":"","background-repeat":"repeat","background-position":"center center","background-size":"auto","background-attachment":"scroll","background-type":"","background-media":"","overlay-type":"","overlay-color":"","overlay-opacity":"","overlay-gradient":""},"mobile":{"background-color":"","background-image":"","background-repeat":"repeat","background-position":"center center","background-size":"auto","background-attachment":"scroll","background-type":"","background-media":"","overlay-type":"","overlay-color":"","overlay-opacity":"","overlay-gradient":""}},"ast-content-background-meta":{"desktop":{"background-color":"var(--ast-global-color-5)","background-image":"","background-repeat":"repeat","background-position":"center center","background-size":"auto","background-attachment":"scroll","background-type":"","background-media":"","overlay-type":"","overlay-color":"","overlay-opacity":"","overlay-gradient":""},"tablet":{"background-color":"var(--ast-global-color-5)","background-image":"","background-repeat":"repeat","background-position":"center center","background-size":"auto","background-attachment":"scroll","background-type":"","background-media":"","overlay-type":"","overlay-color":"","overlay-opacity":"","overlay-gradient":""},"mobile":{"background-color":"var(--ast-global-color-5)","background-image":"","background-repeat":"repeat","background-position":"center center","background-size":"auto","background-attachment":"scroll","background-type":"","background-media":"","overlay-type":"","overlay-color":"","overlay-opacity":"","overlay-gradient":""}},"_joinchat":[]},"product_brand":[],"product_cat":[347,176,150,152,153,158,141,142,492,144,146],"product_tag":[567,563,562,564,195,566,565,522,269],"class_list":{"0":"post-4842","1":"product","2":"type-product","3":"status-publish","4":"has-post-thumbnail","6":"product_cat-120000-puff","7":"product_cat-aivono-vape","8":"product_cat-buy-disposable-vapes-in-belgium","9":"product_cat-buy-disposable-vapes-in-cermany","10":"product_cat-buy-disposable-vapes-in-italy","11":"product_cat-buy-disposable-vapes-in-spain","12":"product_cat-crystal-disposable-vapes","13":"product_cat-digital-box-disposable-vapes","14":"product_cat-eu-warehouse","15":"product_cat-low-nicotine-disposable-vapes","16":"product_cat-rechargeable-disposable-vapes","17":"product_tag-2-in-1-flavor","18":"product_tag-aivono-avn-mate-120000","19":"product_tag-aivono-avn-mate-120k","20":"product_tag-aivono-vape","21":"product_tag-dual-flavor-disposable-vape","22":"product_tag-puff-120k","23":"product_tag-vape-wholesale-at-low-price","24":"product_tag-vape-wholesale-italy","25":"product_tag-vape-with-screen","26":"desktop-align-left","27":"tablet-align-left","28":"mobile-align-left","30":"first","31":"instock","32":"sale","33":"shipping-taxable","34":"purchasable","35":"product-type-simple"},"acf":[],"uagb_featured_image_src":{"full":["https:\/\/vapestornado.com\/wp-content\/uploads\/2026\/01\/AIVONO-AVN-MATE-120k-120000-Puffs-Disposable-Vape-Double-Flaovr.webp",800,800,false],"thumbnail":["https:\/\/vapestornado.com\/wp-content\/uploads\/2026\/01\/AIVONO-AVN-MATE-120k-120000-Puffs-Disposable-Vape-Double-Flaovr-150x150.webp",150,150,true],"medium":["https:\/\/vapestornado.com\/wp-content\/uploads\/2026\/01\/AIVONO-AVN-MATE-120k-120000-Puffs-Disposable-Vape-Double-Flaovr-300x300.webp",300,300,true],"medium_large":["https:\/\/vapestornado.com\/wp-content\/uploads\/2026\/01\/AIVONO-AVN-MATE-120k-120000-Puffs-Disposable-Vape-Double-Flaovr-768x768.webp",768,768,true],"large":["https:\/\/vapestornado.com\/wp-content\/uploads\/2026\/01\/AIVONO-AVN-MATE-120k-120000-Puffs-Disposable-Vape-Double-Flaovr.webp",800,800,false],"1536x1536":["https:\/\/vapestornado.com\/wp-content\/uploads\/2026\/01\/AIVONO-AVN-MATE-120k-120000-Puffs-Disposable-Vape-Double-Flaovr.webp",800,800,false],"2048x2048":["https:\/\/vapestornado.com\/wp-content\/uploads\/2026\/01\/AIVONO-AVN-MATE-120k-120000-Puffs-Disposable-Vape-Double-Flaovr.webp",800,800,false],"trp-custom-language-flag":["https:\/\/vapestornado.com\/wp-content\/uploads\/2026\/01\/AIVONO-AVN-MATE-120k-120000-Puffs-Disposable-Vape-Double-Flaovr-12x12.webp",12,12,true],"woocommerce_thumbnail":["https:\/\/vapestornado.com\/wp-content\/uploads\/2026\/01\/AIVONO-AVN-MATE-120k-120000-Puffs-Disposable-Vape-Double-Flaovr-300x300.webp",300,300,true],"woocommerce_single":["https:\/\/vapestornado.com\/wp-content\/uploads\/2026\/01\/AIVONO-AVN-MATE-120k-120000-Puffs-Disposable-Vape-Double-Flaovr-600x600.webp",600,600,true],"woocommerce_gallery_thumbnail":["https:\/\/vapestornado.com\/wp-content\/uploads\/2026\/01\/AIVONO-AVN-MATE-120k-120000-Puffs-Disposable-Vape-Double-Flaovr-100x100.webp",100,100,true]},"uagb_author_info":{"display_name":"ESAMY","author_link":"https:\/\/vapestornado.com\/hr\/author\/"},"uagb_comment_info":0,"uagb_excerpt":"AIVONO AVN MATE 120k Dual Flavor Disposable Vape with Screen for Italy Wholesale AIVONO AVN MATE 120000 Puffs 2 in 1 Disposable Vape Low Price Bulk Supply AIVONO AVN MATE 120k Adjustable Flavor Disposable E-Cigarette for Vape Wholesale Add Amy's whatsapp to get right reply and discount price! WhatsApp: +86 17776015835","_links":{"self":[{"href":"https:\/\/vapestornado.com\/hr\/wp-json\/wp\/v2\/product\/4842","targetHints":{"allow":["GET"]}}],"collection":[{"href":"https:\/\/vapestornado.com\/hr\/wp-json\/wp\/v2\/product"}],"about":[{"href":"https:\/\/vapestornado.com\/hr\/wp-json\/wp\/v2\/types\/product"}],"replies":[{"embeddable":true,"href":"https:\/\/vapestornado.com\/hr\/wp-json\/wp\/v2\/comments?post=4842"}],"wp:featuredmedia":[{"embeddable":true,"href":"https:\/\/vapestornado.com\/hr\/wp-json\/wp\/v2\/media\/4837"}],"wp:attachment":[{"href":"https:\/\/vapestornado.com\/hr\/wp-json\/wp\/v2\/media?parent=4842"}],"wp:term":[{"taxonomy":"product_brand","embeddable":true,"href":"https:\/\/vapestornado.com\/hr\/wp-json\/wp\/v2\/product_brand?post=4842"},{"taxonomy":"product_cat","embeddable":true,"href":"https:\/\/vapestornado.com\/hr\/wp-json\/wp\/v2\/product_cat?post=4842"},{"taxonomy":"product_tag","embeddable":true,"href":"https:\/\/vapestornado.com\/hr\/wp-json\/wp\/v2\/product_tag?post=4842"}],"curies":[{"name":"wp","href":"https:\/\/api.w.org\/{rel}","templated":true}]}}