{"id":4812,"date":"2026-01-20T07:56:41","date_gmt":"2026-01-20T07:56:41","guid":{"rendered":"https:\/\/vapestornado.com\/?post_type=product&#038;p=4812"},"modified":"2026-01-20T08:10:42","modified_gmt":"2026-01-20T08:10:42","slug":"uzy-tornado-20k-20000-puff-rechargeable-disposable-vape-pen-with-screen","status":"publish","type":"product","link":"https:\/\/vapestornado.com\/hr\/product\/uzy-tornado-20k-20000-puff-rechargeable-disposable-vape-pen-with-screen\/","title":{"rendered":"UZY Tornado 20K 20000 Udaraca Punjiva Jednokratna Vape Olovka s Ekranom"},"content":{"rendered":"<h1 data-start=\"0\" data-end=\"87\">UZY Tornado 20k Jednokratna Vape Olovka s 28ml E-teku\u0107ine i LED Ekranom<\/h1>\n<p data-start=\"285\" data-end=\"670\">Ovo <strong data-start=\"289\" data-end=\"308\">UZY Tornado 20K<\/strong> izra\u0111en za veleprodajne kupce kojima je potrebna stabilna kvaliteta, sna\u017ean promet i jasne prodajne to\u010dke. S dosegom do <strong data-start=\"413\" data-end=\"440\">UZY Tornado 20000 Udaraca<\/strong>, ova velika puff vape pru\u017ea dugotrajne performanse zahvaljuju\u0107i kapacitetu od 28ml e-teku\u0107ine i pouzdanoj 850mAh punjivoj bateriji. Za kupce koji \u017eele manje zamjena i bolju vrijednost, ova torando vape ispunjava sve uvjete.<\/p>\n<p data-start=\"672\" data-end=\"1062\">Ovaj <strong data-start=\"677\" data-end=\"712\">jednokratna vape olovka s ekranom<\/strong> nudi jasan LED prikaz koji prikazuje razinu baterije i e-teku\u0107ine u stvarnom vremenu. Kupci na malo to\u010dno znaju kada je potrebno punjenje, smanjuju\u0107i pritu\u017ebe i povrate. Mesh grija\u010d od 0.6\u03a9 osigurava dosljedan izlaz pare i \u010disto\u0107u okusa od prvog do posljednjeg udaha, \u010dine\u0107i je sna\u017enom alternativom mnogim modelima monkey Vape u istoj kategoriji.<\/p>\n<p data-start=\"1064\" data-end=\"1461\">Dizajnirano za europsko tr\u017ei\u0161te, <strong data-start=\"1102\" data-end=\"1121\">UZY Tornado 20k<\/strong> podr\u017eava vi\u0161e ja\u010dina nikotina (0%, 2%, 3%, 5%) i \u0161irok izbor okusa koji dobro funkcionira u maloprodaji. Njezin Type-C sustav punjenja pobolj\u0161ava tro\u0161kovnu u\u010dinkovitost dok odr\u017eava ure\u0111aj jednostavnim i jednostavnim za kori\u0161tenje. Za kupce fokusirane na <strong data-start=\"1358\" data-end=\"1376\">veleprodaju vapea<\/strong>, brzu rotaciju i <strong data-start=\"1397\" data-end=\"1417\">vape jeftina cijena<\/strong> pozicioniranje, ovaj model je dokazana opcija.<\/p>\n<p data-start=\"1463\" data-end=\"1618\">Naru\u010dite odmah iz <strong data-start=\"1478\" data-end=\"1507\">Sigvape online trgovine vape ure\u0111ajima<\/strong> i osigurajte konkurentne cijene na visokopopularnom <strong data-start=\"1556\" data-end=\"1587\">jednokratna vape s ekranom<\/strong> koji se prodaje po specifikacijama, a ne po hypeu.<\/p>\n<p><strong><span style=\"color: #ff0000;\">Dodajte Amy na WhatsApp za brzi odgovor i kupon za vape!<\/span><\/strong><\/p>\n<p><img fetchpriority=\"high\" decoding=\"async\" class=\"size-full wp-image-2932\" src=\"https:\/\/vapestornado.com\/wp-content\/uploads\/2024\/12\/Vape-Wholesale.jpg\" alt=\"Veleprodaja vejpova\" width=\"229\" height=\"300\" \/><\/p>\n<h3><a href=\"https:\/\/wa.me\/8617776015835\" target=\"_blank\" rel=\"noopener\"><span style=\"color: #ff0000;\"><strong>WhatsApp: +86 17776015835<\/strong><\/span><\/a><\/h3>\n<p>&nbsp;<\/p>\n<h2><strong>UZY Tornado 20K Puffs Zna\u010dajke proizvoda<\/strong><\/h2>\n<ul>\n<li data-start=\"1946\" data-end=\"2049\">\n<p data-start=\"1948\" data-end=\"2049\"><strong data-start=\"1948\" data-end=\"1973\">Kapacitet od 20000 udisaja:<\/strong> Dizajniran da traje znatno du\u017ee od standardnih jednokratnih vape olovki.<\/p>\n<\/li>\n<li data-start=\"2050\" data-end=\"2149\">\n<p data-start=\"2052\" data-end=\"2149\"><strong data-start=\"2052\" data-end=\"2079\">Kapacitet od 28ml E-teku\u0107ine:<\/strong> Smanjuje u\u010destalost zamjene i pobolj\u0161ava ukupnu isplativost.<\/p>\n<\/li>\n<li data-start=\"2150\" data-end=\"2239\">\n<p data-start=\"2152\" data-end=\"2239\"><strong data-start=\"2152\" data-end=\"2175\">LED zaslon prikaza:<\/strong> Jasno prikazuje razinu baterije i ulja za bolju kontrolu korisnika.<\/p>\n<\/li>\n<li data-start=\"2240\" data-end=\"2311\">\n<p data-start=\"2242\" data-end=\"2311\"><strong data-start=\"2242\" data-end=\"2261\">Mesh grija\u010d od 0,6\u03a9:<\/strong> Pru\u017ea glatki vapor i stabilan izlaz okusa.<\/p>\n<\/li>\n<li data-start=\"2312\" data-end=\"2404\">\n<p data-start=\"2314\" data-end=\"2404\"><strong data-start=\"2314\" data-end=\"2339\">Punjiva baterija:<\/strong> 850mAh Type-C punjenje podr\u017eava produ\u017eenu uporabu i bolju vrijednost.<\/p>\n<\/li>\n<\/ul>\n<div><\/div>\n<h2 class=\"product-title\"><strong>UZY Tornado lista okusa od 20000 udisaja<\/strong><\/h2>\n<h2 data-start=\"1625\" data-end=\"1639\"><\/h2>\n<ol data-start=\"1641\" data-end=\"1894\">\n<li data-start=\"1641\" data-end=\"1667\">\n<p data-start=\"1644\" data-end=\"1667\">Jagoda Lubenica<\/p>\n<\/li>\n<li data-start=\"1668\" data-end=\"1689\">\n<p data-start=\"1671\" data-end=\"1689\">Borovnica na ledu<\/p>\n<\/li>\n<li data-start=\"1690\" data-end=\"1716\">\n<p data-start=\"1693\" data-end=\"1716\">Breskva Mango Ananas<\/p>\n<\/li>\n<li data-start=\"1717\" data-end=\"1731\">\n<p data-start=\"1720\" data-end=\"1731\">Ledeno gro\u017e\u0111e<\/p>\n<\/li>\n<li data-start=\"1732\" data-end=\"1751\">\n<p data-start=\"1735\" data-end=\"1751\">Lubenica led<\/p>\n<\/li>\n<li data-start=\"1752\" data-end=\"1766\">\n<p data-start=\"1755\" data-end=\"1766\">Breskva Led<\/p>\n<\/li>\n<li data-start=\"1767\" data-end=\"1787\">\n<p data-start=\"1770\" data-end=\"1787\">Jagoda Kivi<\/p>\n<\/li>\n<li data-start=\"1788\" data-end=\"1812\">\n<p data-start=\"1791\" data-end=\"1812\">Borovnica Malina<\/p>\n<\/li>\n<li data-start=\"1813\" data-end=\"1836\">\n<p data-start=\"1816\" data-end=\"1836\">Kiwi Passion Fruit<\/p>\n<\/li>\n<li data-start=\"1837\" data-end=\"1850\">\n<p data-start=\"1841\" data-end=\"1850\">MR Blue<\/p>\n<\/li>\n<li data-start=\"1851\" data-end=\"1873\">\n<p data-start=\"1855\" data-end=\"1873\">Triple Mango Ice<\/p>\n<\/li>\n<li data-start=\"1874\" data-end=\"1894\">\n<p data-start=\"1878\" data-end=\"1894\">Ledena crvena energija<\/p>\n<\/li>\n<\/ol>\n<figure id=\"attachment_4811\" aria-describedby=\"caption-attachment-4811\" style=\"width: 300px\" class=\"wp-caption alignnone\"><img decoding=\"async\" class=\"size-medium wp-image-4811\" src=\"https:\/\/vapestornado.com\/wp-content\/uploads\/2026\/01\/UZY-Tornado-20000-Puffs-Nicotine-Disposable-Vape-300x300.webp\" alt=\"UZY Tornado jednokratni vape s nikotinom od 20000 udisaja\" width=\"300\" height=\"300\" srcset=\"https:\/\/vapestornado.com\/wp-content\/uploads\/2026\/01\/UZY-Tornado-20000-Puffs-Nicotine-Disposable-Vape-300x300.webp 300w, https:\/\/vapestornado.com\/wp-content\/uploads\/2026\/01\/UZY-Tornado-20000-Puffs-Nicotine-Disposable-Vape-1024x1024.webp 1024w, https:\/\/vapestornado.com\/wp-content\/uploads\/2026\/01\/UZY-Tornado-20000-Puffs-Nicotine-Disposable-Vape-150x150.webp 150w, https:\/\/vapestornado.com\/wp-content\/uploads\/2026\/01\/UZY-Tornado-20000-Puffs-Nicotine-Disposable-Vape-768x768.webp 768w, https:\/\/vapestornado.com\/wp-content\/uploads\/2026\/01\/UZY-Tornado-20000-Puffs-Nicotine-Disposable-Vape-12x12.webp 12w, https:\/\/vapestornado.com\/wp-content\/uploads\/2026\/01\/UZY-Tornado-20000-Puffs-Nicotine-Disposable-Vape-600x600.webp 600w, https:\/\/vapestornado.com\/wp-content\/uploads\/2026\/01\/UZY-Tornado-20000-Puffs-Nicotine-Disposable-Vape-100x100.webp 100w, https:\/\/vapestornado.com\/wp-content\/uploads\/2026\/01\/UZY-Tornado-20000-Puffs-Nicotine-Disposable-Vape.webp 1280w\" sizes=\"(max-width: 300px) 100vw, 300px\" \/><figcaption id=\"caption-attachment-4811\" class=\"wp-caption-text\">UZY Tornado jednokratni vape s nikotinom od 20000 udisaja<\/figcaption><\/figure>\n<div class=\"flex-shrink-0 flex flex-col relative items-end\">\n<div class=\"pt-0\">\n<div class=\"gizmo-bot-avatar flex h-8 w-8 items-center justify-center overflow-hidden rounded-full\">\n<div class=\"relative p-1 rounded-sm flex items-center justify-center bg-token-main-surface-primary text-token-text-primary h-8 w-8\">\n<h2 data-start=\"1200\" data-end=\"1487\">Vapes Tornado \u2013 Va\u0161 veleprodajni online du\u0107an za popularne vape ure\u0111aje<\/h2>\n<p data-start=\"72\" data-end=\"396\"><strong data-start=\"72\" data-end=\"89\">Vapes Tornado<\/strong> je europski orijentirani veleprodajni online du\u0107an koji nudi pa\u017eljivo odabrani asortiman <strong data-start=\"178\" data-end=\"195\">popularnih vape ure\u0111aja<\/strong> za profesionalne kupce. Suradjujemo s maloprodajnim trgovcima, distributerima i online trgovinama diljem Hrvatske koji trebaju stabilnu opskrbu, jasne informacije o proizvodima i brendove kojima kupci ve\u0107 vjeruju i prepoznaju.<\/p>\n<p data-start=\"398\" data-end=\"687\">Radimo s pouzdanim imenima kao \u0161to su <strong data-start=\"247\" data-end=\"352\">Elf Bar Vape, WASPE Vape, <a href=\"https:\/\/vapestornado.com\/hr\/product\/uzy-150k-puffs-6-in-1-flavor-switch-disposable-vape-pen-wholesale\/\">UZY Vape<\/a>, Bang Vape, Razz Bar Vape, <a href=\"https:\/\/vapestornado.com\/hr\/product\/randm-12000-puffs-fumot-digital-disposable-vape-wholesale-price\/\">Fumot VAPE<\/a>, <a href=\"https:\/\/vapestornado.com\/hr\/product\/original-wga-ultra-35k-35000-puff-rechargeable-crystal-disposable-nicotine-vape-best-discount-price\/\">WGA VAPE<\/a>, <a href=\"https:\/\/vapestornado.com\/hr\/product\/vozol-gear-shisha-25k-25000-puffs-best-dtl-disposable-vape-hookah-cheap-price\/\">VOZOL BAR VAPE<\/a>, i Stag Bar Vape<\/strong>, odabrani zbog dosljedne kvalitete i velike potra\u017enje na europskom tr\u017ei\u0161tu.<\/p>\n<h4 data-start=\"1080\" data-end=\"1120\">Izgra\u0111eno za europske veleprodajne kupce<\/h4>\n<p data-start=\"1121\" data-end=\"1189\">Vapes Tornado je strukturiran oko stvarnih potreba europskih veleprodavaca:<\/p>\n<ul data-start=\"1190\" data-end=\"1400\">\n<li data-start=\"1190\" data-end=\"1239\">\n<p data-start=\"1192\" data-end=\"1239\">Konkurentne veleprodajne cijene za velike narud\u017ebe<\/p>\n<\/li>\n<li data-start=\"1240\" data-end=\"1289\">\n<p data-start=\"1242\" data-end=\"1289\">Jasni opisi proizvoda i specifikacije<\/p>\n<\/li>\n<li data-start=\"1290\" data-end=\"1330\">\n<p data-start=\"1292\" data-end=\"1330\">Brza, pouzdana logistika usmjerena na EU<\/p>\n<\/li>\n<li data-start=\"1331\" data-end=\"1400\">\n<p data-start=\"1333\" data-end=\"1400\">Katalog usmjeren na <strong data-start=\"1356\" data-end=\"1373\">popularnih vape ure\u0111aja<\/strong>, ne pretrpan SKU-jevima<\/p>\n<\/li>\n<\/ul>\n<h2 data-start=\"2064\" data-end=\"2115\">Pitanja i odgovori o UZY Tornado 20K Puffs jednokratnom vapeu<\/h2>\n<p data-start=\"2708\" data-end=\"2813\"><strong data-start=\"2708\" data-end=\"2754\">1. Koliko traje UZY Tornado 20k?<\/strong><br data-start=\"2754\" data-end=\"2757\" \/>Dostavlja do 20000 udisaja, ovisno o navikama kori\u0161tenja.<\/p>\n<p data-start=\"2815\" data-end=\"2911\"><strong data-start=\"2815\" data-end=\"2858\">2. Je li UZY Tornado 20k punjiv?<\/strong><br data-start=\"2858\" data-end=\"2861\" \/>Da, koristi Type-C punjivu bateriju od 850mAh.<\/p>\n<p data-start=\"2913\" data-end=\"3030\"><strong data-start=\"2913\" data-end=\"2960\">3. Ima li ovaj jednokratni vape ekran?<\/strong><br data-start=\"2960\" data-end=\"2963\" \/>Da, uklju\u010duje LED ekran koji prikazuje razinu baterije i razinu e-teku\u0107ine.<\/p>\n<p data-start=\"3032\" data-end=\"3119\"><strong data-start=\"3032\" data-end=\"3077\">4. Koje su ja\u010dine nikotina dostupne?<\/strong><br data-start=\"3077\" data-end=\"3080\" \/>Opcije uklju\u010duju 0%, 2%, 3% i 5% nik.<\/p>\n<p data-start=\"3121\" data-end=\"3248\"><strong data-start=\"3121\" data-end=\"3171\">5. Je li ovo prikladno za veleprodaju vape ure\u0111aja?<\/strong><br data-start=\"3171\" data-end=\"3174\" \/>Da, pakirano je za veleprodaju i dizajnirano za brzu maloprodajnu rotaciju.<\/p>\n<\/div>\n<\/div>\n<\/div>\n<\/div>","protected":false},"excerpt":{"rendered":"<div class=\"flex max-w-full flex-col grow\">\n<div class=\"min-h-8 text-message relative flex w-full flex-col items-end gap-2 text-start break-words whitespace-normal [.text-message+&amp;]:mt-1\" dir=\"auto\" data-message-author-role=\"assistant\" data-message-id=\"2a9d6edf-5b3a-41c0-afc9-caef2e4c2c3b\" data-message-model-slug=\"gpt-5-2\">\n<div class=\"flex w-full flex-col gap-1 empty:hidden first:pt-[1px]\">\n<div class=\"markdown prose dark:prose-invert w-full break-words light markdown-new-styling\">\n<p data-start=\"3477\" data-end=\"3546\">UZY Tornado 20K Jednokratna Vape s Ekranom \u2013 20000 Udaraca na Veliko<\/p>\n<p data-start=\"3550\" data-end=\"3608\">UZY Tornado 20000 Udaraca Punjava Jednokratna Vape Olovka<\/p>\n<p data-start=\"3612\" data-end=\"3673\">UZY Tornado 20k Veliki Udarac Jednokratna Vape za Veliko<\/p>\n<\/div>\n<\/div>\n<\/div>\n<\/div>\n<p><strong>Dodajte Amy na WhatsApp za brzi odgovor i popust!<\/strong><\/p>\n<p><img fetchpriority=\"high\" decoding=\"async\" class=\"size-full wp-image-2932\" src=\"https:\/\/vapestornado.com\/wp-content\/uploads\/2024\/12\/Vape-Wholesale.jpg\" alt=\"Veleprodaja vejpova\" width=\"229\" height=\"300\" \/><\/p>\n<h3><a href=\"https:\/\/wa.me\/8617776015835\"><span style=\"color: #ff0000;\"><strong>WhatsApp: +86 17776015835<\/strong><\/span><\/a><\/h3>","protected":false},"featured_media":4805,"comment_status":"open","ping_status":"closed","template":"","meta":{"_acf_changed":false,"_uag_custom_page_level_css":"","_lmt_disableupdate":"no","_lmt_disable":"","_monsterinsights_skip_tracking":false,"_monsterinsights_sitenote_active":false,"_monsterinsights_sitenote_note":"","_monsterinsights_sitenote_category":0,"site-sidebar-layout":"default","site-content-layout":"","ast-site-content-layout":"default","site-content-style":"default","site-sidebar-style":"default","ast-global-header-display":"","ast-banner-title-visibility":"","ast-main-header-display":"","ast-hfb-above-header-display":"","ast-hfb-below-header-display":"","ast-hfb-mobile-header-display":"","site-post-title":"","ast-breadcrumbs-content":"","ast-featured-img":"","footer-sml-layout":"","ast-disable-related-posts":"","theme-transparent-header-meta":"default","adv-header-id-meta":"","stick-header-meta":"","header-above-stick-meta":"","header-main-stick-meta":"","header-below-stick-meta":"","astra-migrate-meta-layouts":"set","ast-page-background-enabled":"default","ast-page-background-meta":{"desktop":{"background-color":"","background-image":"","background-repeat":"repeat","background-position":"center center","background-size":"auto","background-attachment":"scroll","background-type":"","background-media":"","overlay-type":"","overlay-color":"","overlay-opacity":"","overlay-gradient":""},"tablet":{"background-color":"","background-image":"","background-repeat":"repeat","background-position":"center center","background-size":"auto","background-attachment":"scroll","background-type":"","background-media":"","overlay-type":"","overlay-color":"","overlay-opacity":"","overlay-gradient":""},"mobile":{"background-color":"","background-image":"","background-repeat":"repeat","background-position":"center center","background-size":"auto","background-attachment":"scroll","background-type":"","background-media":"","overlay-type":"","overlay-color":"","overlay-opacity":"","overlay-gradient":""}},"ast-content-background-meta":{"desktop":{"background-color":"var(--ast-global-color-5)","background-image":"","background-repeat":"repeat","background-position":"center center","background-size":"auto","background-attachment":"scroll","background-type":"","background-media":"","overlay-type":"","overlay-color":"","overlay-opacity":"","overlay-gradient":""},"tablet":{"background-color":"var(--ast-global-color-5)","background-image":"","background-repeat":"repeat","background-position":"center center","background-size":"auto","background-attachment":"scroll","background-type":"","background-media":"","overlay-type":"","overlay-color":"","overlay-opacity":"","overlay-gradient":""},"mobile":{"background-color":"var(--ast-global-color-5)","background-image":"","background-repeat":"repeat","background-position":"center center","background-size":"auto","background-attachment":"scroll","background-type":"","background-media":"","overlay-type":"","overlay-color":"","overlay-opacity":"","overlay-gradient":""}},"_joinchat":[]},"product_brand":[],"product_cat":[69,149,150,152,153,156,142,146,356],"product_tag":[287,550,478,548,546,547,549,513,93,512],"class_list":{"0":"post-4812","1":"product","2":"type-product","3":"status-publish","4":"has-post-thumbnail","6":"product_cat-20000-puff","7":"product_cat-buy-disposable-vapes-in-austria","8":"product_cat-buy-disposable-vapes-in-belgium","9":"product_cat-buy-disposable-vapes-in-cermany","10":"product_cat-buy-disposable-vapes-in-italy","11":"product_cat-buy-disposable-vapes-in-poland","12":"product_cat-digital-box-disposable-vapes","13":"product_cat-rechargeable-disposable-vapes","14":"product_cat-uzy-vape","15":"product_tag-disposable-vape-pen","16":"product_tag-disposable-vape-with-screen","17":"product_tag-monkey-vape","18":"product_tag-torando-vape","19":"product_tag-uzy-tornado-20000-puffs","20":"product_tag-uzy-tornado-20k","21":"product_tag-vape-cheap-price","22":"product_tag-vape-discount-price","23":"product_tag-vape-wholesale","24":"product_tag-vape-wholesale-distributor","25":"desktop-align-left","26":"tablet-align-left","27":"mobile-align-left","29":"first","30":"instock","31":"sale","32":"shipping-taxable","33":"purchasable","34":"product-type-simple"},"acf":[],"uagb_featured_image_src":{"full":["https:\/\/vapestornado.com\/wp-content\/uploads\/2026\/01\/UZY-TORNADO-20K-Puffs-Screen-Low-Nicotine-Bulk-Buy.webp",800,800,false],"thumbnail":["https:\/\/vapestornado.com\/wp-content\/uploads\/2026\/01\/UZY-TORNADO-20K-Puffs-Screen-Low-Nicotine-Bulk-Buy-150x150.webp",150,150,true],"medium":["https:\/\/vapestornado.com\/wp-content\/uploads\/2026\/01\/UZY-TORNADO-20K-Puffs-Screen-Low-Nicotine-Bulk-Buy-300x300.webp",300,300,true],"medium_large":["https:\/\/vapestornado.com\/wp-content\/uploads\/2026\/01\/UZY-TORNADO-20K-Puffs-Screen-Low-Nicotine-Bulk-Buy-768x768.webp",768,768,true],"large":["https:\/\/vapestornado.com\/wp-content\/uploads\/2026\/01\/UZY-TORNADO-20K-Puffs-Screen-Low-Nicotine-Bulk-Buy.webp",800,800,false],"1536x1536":["https:\/\/vapestornado.com\/wp-content\/uploads\/2026\/01\/UZY-TORNADO-20K-Puffs-Screen-Low-Nicotine-Bulk-Buy.webp",800,800,false],"2048x2048":["https:\/\/vapestornado.com\/wp-content\/uploads\/2026\/01\/UZY-TORNADO-20K-Puffs-Screen-Low-Nicotine-Bulk-Buy.webp",800,800,false],"trp-custom-language-flag":["https:\/\/vapestornado.com\/wp-content\/uploads\/2026\/01\/UZY-TORNADO-20K-Puffs-Screen-Low-Nicotine-Bulk-Buy-12x12.webp",12,12,true],"woocommerce_thumbnail":["https:\/\/vapestornado.com\/wp-content\/uploads\/2026\/01\/UZY-TORNADO-20K-Puffs-Screen-Low-Nicotine-Bulk-Buy-300x300.webp",300,300,true],"woocommerce_single":["https:\/\/vapestornado.com\/wp-content\/uploads\/2026\/01\/UZY-TORNADO-20K-Puffs-Screen-Low-Nicotine-Bulk-Buy-600x600.webp",600,600,true],"woocommerce_gallery_thumbnail":["https:\/\/vapestornado.com\/wp-content\/uploads\/2026\/01\/UZY-TORNADO-20K-Puffs-Screen-Low-Nicotine-Bulk-Buy-100x100.webp",100,100,true]},"uagb_author_info":{"display_name":"ESAMY","author_link":"https:\/\/vapestornado.com\/hr\/author\/"},"uagb_comment_info":0,"uagb_excerpt":"UZY Tornado 20K Disposable Vape with Screen \u2013 20000 Puffs Wholesale UZY Tornado 20000 Puffs Rechargeable Disposable Vape Pen UZY Tornado 20k Big Puff Disposable Vape for Vape Wholesale Add Amy's whatsapp to get right reply and discount price! WhatsApp: +86 17776015835","_links":{"self":[{"href":"https:\/\/vapestornado.com\/hr\/wp-json\/wp\/v2\/product\/4812","targetHints":{"allow":["GET"]}}],"collection":[{"href":"https:\/\/vapestornado.com\/hr\/wp-json\/wp\/v2\/product"}],"about":[{"href":"https:\/\/vapestornado.com\/hr\/wp-json\/wp\/v2\/types\/product"}],"replies":[{"embeddable":true,"href":"https:\/\/vapestornado.com\/hr\/wp-json\/wp\/v2\/comments?post=4812"}],"wp:featuredmedia":[{"embeddable":true,"href":"https:\/\/vapestornado.com\/hr\/wp-json\/wp\/v2\/media\/4805"}],"wp:attachment":[{"href":"https:\/\/vapestornado.com\/hr\/wp-json\/wp\/v2\/media?parent=4812"}],"wp:term":[{"taxonomy":"product_brand","embeddable":true,"href":"https:\/\/vapestornado.com\/hr\/wp-json\/wp\/v2\/product_brand?post=4812"},{"taxonomy":"product_cat","embeddable":true,"href":"https:\/\/vapestornado.com\/hr\/wp-json\/wp\/v2\/product_cat?post=4812"},{"taxonomy":"product_tag","embeddable":true,"href":"https:\/\/vapestornado.com\/hr\/wp-json\/wp\/v2\/product_tag?post=4812"}],"curies":[{"name":"wp","href":"https:\/\/api.w.org\/{rel}","templated":true}]}}