{"id":4788,"date":"2026-01-09T08:31:41","date_gmt":"2026-01-09T08:31:41","guid":{"rendered":"https:\/\/vapestornado.com\/?post_type=product&#038;p=4788"},"modified":"2026-01-09T08:59:59","modified_gmt":"2026-01-09T08:59:59","slug":"al-fakher-60k-ehose-x-disposable-vape-crown-bar-60000-puffs-shisha-hookah-low-price","status":"publish","type":"product","link":"https:\/\/vapestornado.com\/hr\/product\/al-fakher-60k-ehose-x-disposable-vape-crown-bar-60000-puffs-shisha-hookah-low-price\/","title":{"rendered":"Al Fakher 60k EHose X Jednokratni Vape Crown Bar 60000 Udisaja \u0160i\u0161a Hubba Niska Cijena"},"content":{"rendered":"<h1 data-start=\"0\" data-end=\"87\">Al Fakher Mega Max 40K Udisaja Crown Bar Jednokratna E Shisha Nargila Vape s podesivim protokom zraka<\/h1>\n<p data-start=\"233\" data-end=\"642\">Ovo <strong data-start=\"237\" data-end=\"289\">Al Fakher 60K E-Hose X Jednokratni Vape Crown Bar<\/strong> je osmi\u0161ljen za kupce koji zahtijevaju dugotrajnu pouzdanost, sna\u017ean izlaz okusa i \u0161i\u0161a razinu pare u jednokratnom obliku. Dizajniran za <strong data-start=\"431\" data-end=\"480\">prodaju velike koli\u010dine na malo i veliko<\/strong>, ovaj model pru\u017ea do <strong data-start=\"508\" data-end=\"524\">60.000 udisaja<\/strong> s stabilnim radom, \u010dine\u0107i ga jednim od najisplativijih <strong data-start=\"591\" data-end=\"627\">velikih udisaja jednokratnih hubba vapova<\/strong> na tr\u017ei\u0161tu.<\/p>\n<p data-start=\"644\" data-end=\"998\">Izra\u0111en oko ogromnog <strong data-start=\"667\" data-end=\"694\">50ml spremnika za e-sapun<\/strong> i <strong data-start=\"701\" data-end=\"736\">visoko performansna 0.6\u03a9 mre\u017easta zavojnica<\/strong>, onda je <strong data-start=\"742\" data-end=\"769\">Al Fakher CRYSTAL 60000<\/strong> odr\u017eava gustu paru i \u010dist okus od prvog udisaja do posljednjeg. Za razliku od jednokratnih ure\u0111aja s kratkim vijekom trajanja koji brzo blijede, ovaj sustav je pode\u0161en za dosljednu isporuku, \u0161to je klju\u010dno za ponovnu prodaju i zadr\u017eavanje kupaca.<\/p>\n<p data-start=\"1000\" data-end=\"1348\">Ure\u0111aj podr\u017eava <strong data-start=\"1020\" data-end=\"1040\">dva na\u010dina pu\u0161enja<\/strong>, omogu\u0107uju\u0107i korisnicima da prebacuju izme\u0111u <strong data-start=\"1075\" data-end=\"1099\">DTL (izravno u plu\u0107a)<\/strong> za sesije nakupljanja guste pare i <strong data-start=\"1136\" data-end=\"1159\">MTL (usta-do-plu\u0107a)<\/strong> za kontroliraniji udisaj. Ova fleksibilnost \u010dini <strong data-start=\"1215\" data-end=\"1250\">Al Fakher Crown Bar Crystal 60K<\/strong> pogodnim za ljubitelje nargila i redovne korisnike jednokratnih vape ure\u0111aja, \u010dime se pove\u0107ava njegov tr\u017ei\u0161ni doseg.<\/p>\n<p data-start=\"1350\" data-end=\"1704\">A <strong data-start=\"1352\" data-end=\"1384\">1000mAh punjiva baterija<\/strong> u kombinaciji s <strong data-start=\"1397\" data-end=\"1421\">Type-C brzo punjenje<\/strong> dr\u017eava ure\u0111aj u pogonu bez zastoja. Ugra\u0111eni <strong data-start=\"1478\" data-end=\"1503\">pametni digitalni zaslon<\/strong> prikazuje stvarne razine baterije i e-teku\u0107ine, smanjuju\u0107i frustraciju korisnika i pobolj\u0161avaju\u0107i do\u017eivljaj kvalitete proizvoda \u2014 va\u017ean \u010dimbenik u konkurentnim <strong data-start=\"1652\" data-end=\"1688\">Vape ure\u0111ajima na veliko u Hrvatskoj<\/strong> i na tr\u017ei\u0161tima EU.<\/p>\n<p data-start=\"1706\" data-end=\"1900\">Za veletrgovce koji tra\u017ee <strong data-start=\"1734\" data-end=\"1787\">nisku cijenu, visok broj udisaja i sna\u017ean brend<\/strong>, onda je <strong data-start=\"1793\" data-end=\"1819\">Al Fakher 60K E-Hose X<\/strong> nudi uravnote\u017eenu kombinaciju performansi, trajnosti i stabilnosti prodaje.<\/p>\n<p><strong><span style=\"color: #ff0000;\">Dodajte Amy na WhatsApp za brzi odgovor i kupon za vape!<\/span><\/strong><\/p>\n<p><img fetchpriority=\"high\" decoding=\"async\" class=\"size-full wp-image-2932\" src=\"https:\/\/vapestornado.com\/wp-content\/uploads\/2024\/12\/Vape-Wholesale.jpg\" alt=\"Veleprodaja vejpova\" width=\"229\" height=\"300\" \/><\/p>\n<h3><a href=\"https:\/\/wa.me\/8617776015835\" target=\"_blank\" rel=\"noopener\"><span style=\"color: #ff0000;\"><strong>WhatsApp: +86 17776015835<\/strong><\/span><\/a><\/h3>\n<p>&nbsp;<\/p>\n<h2><strong>Al Fakher 60k Udisaja Zna\u010dajke proizvoda<\/strong><\/h2>\n<ul>\n<li data-start=\"1956\" data-end=\"2043\">\n<p data-start=\"1958\" data-end=\"2043\"><strong data-start=\"1958\" data-end=\"1975\">60.000 Udisaja:<\/strong> Izra\u0111en za produ\u017eenu uporabu bez ranog gubitka pare ili okusa.<\/p>\n<\/li>\n<li data-start=\"2044\" data-end=\"2151\">\n<p data-start=\"2046\" data-end=\"2151\"><strong data-start=\"2046\" data-end=\"2073\">Kapacitet e-teku\u0107ine: 50ml<\/strong> Veliki unutarnji spremnik smanjuje u\u010destalost zamjene i pove\u0107ava vrijednost za korisnika.<\/p>\n<\/li>\n<li data-start=\"2152\" data-end=\"2230\">\n<p data-start=\"2154\" data-end=\"2230\"><strong data-start=\"2154\" data-end=\"2175\">Dva na\u010dina pu\u0161enja:<\/strong> Podr\u017eava i DTL i MTL za \u0161iru privla\u010dnost kod kupaca.<\/p>\n<\/li>\n<li data-start=\"2231\" data-end=\"2323\">\n<p data-start=\"2233\" data-end=\"2323\"><strong data-start=\"2233\" data-end=\"2252\">Mesh grija\u010d od 0,6\u03a9:<\/strong> Osigurava glatki protok zraka, guste oblake i dosljedan okus.<\/p>\n<\/li>\n<li data-start=\"2324\" data-end=\"2406\">\n<p data-start=\"2326\" data-end=\"2406\"><strong data-start=\"2326\" data-end=\"2346\">Baterija od 1000mAh:<\/strong> Punjivi sustav napajanja dizajniran za intenzivnu svakodnevnu upotrebu.<\/p>\n<\/li>\n<li data-start=\"2407\" data-end=\"2492\">\n<p data-start=\"2409\" data-end=\"2492\"><strong data-start=\"2409\" data-end=\"2429\">Type-C punjenje:<\/strong> Br\u017ee i stabilnije punjenje uz modernu kompatibilnost.<\/p>\n<\/li>\n<li data-start=\"2493\" data-end=\"2582\">\n<p data-start=\"2495\" data-end=\"2582\"><strong data-start=\"2495\" data-end=\"2521\">Pametni digitalni prikaz:<\/strong> Prikazuje razinu baterije i teku\u0107ine za pouzdanu svakodnevnu uporabu.<\/p>\n<\/li>\n<li data-start=\"2583\" data-end=\"2666\">\n<p data-start=\"2585\" data-end=\"2666\"><strong data-start=\"2585\" data-end=\"2614\">Nikotinska snaga od 6mg\/ml:<\/strong> Izbalansirana isporuka dizajnirana za pu\u0161enje u stilu \u0161ishe.<\/p>\n<\/li>\n<\/ul>\n<div>\n<figure id=\"attachment_4783\" aria-describedby=\"caption-attachment-4783\" style=\"width: 300px\" class=\"wp-caption alignnone\"><img decoding=\"async\" class=\"size-medium wp-image-4783\" src=\"https:\/\/vapestornado.com\/wp-content\/uploads\/2026\/01\/AL-Fakher-60k-Crown-Bar-EHOSE-X-60000-Puff-Disposable-Vape-300x300.webp\" alt=\"AL Fakher 60k Crown Bar EHOSE X jednokratni vaporizator\" width=\"300\" height=\"300\" srcset=\"https:\/\/vapestornado.com\/wp-content\/uploads\/2026\/01\/AL-Fakher-60k-Crown-Bar-EHOSE-X-60000-Puff-Disposable-Vape-300x300.webp 300w, https:\/\/vapestornado.com\/wp-content\/uploads\/2026\/01\/AL-Fakher-60k-Crown-Bar-EHOSE-X-60000-Puff-Disposable-Vape-150x150.webp 150w, https:\/\/vapestornado.com\/wp-content\/uploads\/2026\/01\/AL-Fakher-60k-Crown-Bar-EHOSE-X-60000-Puff-Disposable-Vape-768x768.webp 768w, https:\/\/vapestornado.com\/wp-content\/uploads\/2026\/01\/AL-Fakher-60k-Crown-Bar-EHOSE-X-60000-Puff-Disposable-Vape-12x12.webp 12w, https:\/\/vapestornado.com\/wp-content\/uploads\/2026\/01\/AL-Fakher-60k-Crown-Bar-EHOSE-X-60000-Puff-Disposable-Vape-600x600.webp 600w, https:\/\/vapestornado.com\/wp-content\/uploads\/2026\/01\/AL-Fakher-60k-Crown-Bar-EHOSE-X-60000-Puff-Disposable-Vape-100x100.webp 100w, https:\/\/vapestornado.com\/wp-content\/uploads\/2026\/01\/AL-Fakher-60k-Crown-Bar-EHOSE-X-60000-Puff-Disposable-Vape.webp 800w\" sizes=\"(max-width: 300px) 100vw, 300px\" \/><figcaption id=\"caption-attachment-4783\" class=\"wp-caption-text\">AL Fakher 60k Crown Bar EHOSE X jednokratni vaporizator<\/figcaption><\/figure>\n<\/div>\n<h2 class=\"product-title\"><strong>Al Fakher 60k EHose X popis okusa<\/strong><\/h2>\n<p>1 Bobica plava<br \/>\n2 Bobica led<br \/>\n3 Crna ribizla led<br \/>\n4 Crna ribizla menta<br \/>\n5 Plavi Razz Blast<br \/>\n6 Plavi Razz Lemonada<br \/>\n7 Borovnica tre\u0161nja<br \/>\n8 Plava Guma od Borovnice<br \/>\n9 Limunada od Borovnice<br \/>\n10 Menta od Borovnice<br \/>\n11 Malina od Borovnice<br \/>\n12 Kiselina od borovnice i ribizla<br \/>\n13 Cherry Fiesta<br \/>\n14 Cherry Fizz<br \/>\n15 Cherry Ice<br \/>\n16 Cool Mango<br \/>\n17 Fusion Pop<br \/>\n18 Gro\u017e\u0111ice<br \/>\n19 Gro\u017e\u0111ice od Bobica<br \/>\n20 Gro\u017e\u0111ice s Mentom<br \/>\n21 Guma s Mentom<br \/>\n22 Hubba<br \/>\n23 Ledena Plava<br \/>\n24 Limun Limeta<br \/>\n25 Limun Limeta Cherry Fizz<br \/>\n26 Limun Menta<br \/>\n27 Lush Ice<br \/>\n28 Magic Love<br \/>\n29 Mango Ananas<br \/>\n30 Mentol<br \/>\n31 Menta<br \/>\n32 Mije\u0161ano Bobi\u010dasto Vo\u0107e<br \/>\n33 Naran\u010da Menta<br \/>\n34 Breskva Led<br \/>\n35 Ananas Led<br \/>\n36 Svemirski San<br \/>\n37 Mentha<br \/>\n38 Jagoda Tre\u0161nja<br \/>\n39 Jagoda Punch<br \/>\n40 Ljetni San<br \/>\n41 Dvije Jabuke<br \/>\n42 Lubenica Tre\u0161nja<br \/>\n43 Lubenica Kiwi<br \/>\n44 Lubenica Limeta<br \/>\n45 Lubenica Ananas<\/p>\n<div class=\"flex-shrink-0 flex flex-col relative items-end\">\n<div class=\"pt-0\">\n<div class=\"gizmo-bot-avatar flex h-8 w-8 items-center justify-center overflow-hidden rounded-full\">\n<div class=\"relative p-1 rounded-sm flex items-center justify-center bg-token-main-surface-primary text-token-text-primary h-8 w-8\">\n<h2 data-start=\"1200\" data-end=\"1487\">Vapes Tornado \u2013 Va\u0161 veleprodajni online du\u0107an za popularne vape ure\u0111aje<\/h2>\n<p data-start=\"72\" data-end=\"396\"><strong data-start=\"72\" data-end=\"89\">Vapes Tornado<\/strong> je europski orijentirani veleprodajni online du\u0107an koji nudi pa\u017eljivo odabrani asortiman <strong data-start=\"178\" data-end=\"195\">popularnih vape ure\u0111aja<\/strong> za profesionalne kupce. Suradjujemo s maloprodajnim trgovcima, distributerima i online trgovinama diljem Hrvatske koji trebaju stabilnu opskrbu, jasne informacije o proizvodima i brendove kojima kupci ve\u0107 vjeruju i prepoznaju.<\/p>\n<p data-start=\"398\" data-end=\"687\">Radimo s pouzdanim imenima kao \u0161to su <strong data-start=\"247\" data-end=\"352\">Elf Bar Vape, WASPE Vape, <a href=\"https:\/\/vapestornado.com\/hr\/product\/uzy-150k-puffs-6-in-1-flavor-switch-disposable-vape-pen-wholesale\/\">UZY Vape<\/a>, Bang Vape, Razz Bar Vape, <a href=\"https:\/\/vapestornado.com\/hr\/product\/randm-12000-puffs-fumot-digital-disposable-vape-wholesale-price\/\">Fumot VAPE<\/a>, <a href=\"https:\/\/vapestornado.com\/hr\/product\/original-wga-ultra-35k-35000-puff-rechargeable-crystal-disposable-nicotine-vape-best-discount-price\/\">WGA VAPE<\/a>, <a href=\"https:\/\/vapestornado.com\/hr\/product\/vozol-gear-shisha-25k-25000-puffs-best-dtl-disposable-vape-hookah-cheap-price\/\">VOZOL BAR VAPE<\/a>, i Stag Bar Vape<\/strong>, odabrani zbog dosljedne kvalitete i velike potra\u017enje na europskom tr\u017ei\u0161tu.<\/p>\n<h4 data-start=\"1080\" data-end=\"1120\">Izgra\u0111eno za europske veleprodajne kupce<\/h4>\n<p data-start=\"1121\" data-end=\"1189\">Vapes Tornado je strukturiran oko stvarnih potreba europskih veleprodavaca:<\/p>\n<ul data-start=\"1190\" data-end=\"1400\">\n<li data-start=\"1190\" data-end=\"1239\">\n<p data-start=\"1192\" data-end=\"1239\">Konkurentne veleprodajne cijene za velike narud\u017ebe<\/p>\n<\/li>\n<li data-start=\"1240\" data-end=\"1289\">\n<p data-start=\"1242\" data-end=\"1289\">Jasni opisi proizvoda i specifikacije<\/p>\n<\/li>\n<li data-start=\"1290\" data-end=\"1330\">\n<p data-start=\"1292\" data-end=\"1330\">Brza, pouzdana logistika usmjerena na EU<\/p>\n<\/li>\n<li data-start=\"1331\" data-end=\"1400\">\n<p data-start=\"1333\" data-end=\"1400\">Katalog usmjeren na <strong data-start=\"1356\" data-end=\"1373\">popularnih vape ure\u0111aja<\/strong>, ne pretrpan SKU-jevima<\/p>\n<\/li>\n<\/ul>\n<h2 data-start=\"2064\" data-end=\"2115\">\u010cesto postavljana pitanja o Al Fakher 60k EHose X jednokratnom vaporizatoru<\/h2>\n<p data-start=\"3387\" data-end=\"3541\"><strong data-start=\"3387\" data-end=\"3441\">1. Za koga je dizajniran Al Fakher 60K E-Hose X?<\/strong><br data-start=\"3441\" data-end=\"3444\" \/>Namijenjen je ljubiteljima \u0161ishe i korisnicima s velikim volumenom jednokratnih ure\u0111aja koji \u017eele dugotrajne performanse.<\/p>\n<p data-start=\"3543\" data-end=\"3668\"><strong data-start=\"3543\" data-end=\"3587\">2. Mogu li korisnici prebacivati izme\u0111u DTL i MTL?<\/strong><br data-start=\"3587\" data-end=\"3590\" \/>Da, na\u010din dvostrukog pu\u0161enja omogu\u0107ava i stil direktno u plu\u0107a i usta u plu\u0107a.<\/p>\n<p data-start=\"3670\" data-end=\"3796\"><strong data-start=\"3670\" data-end=\"3708\">3. Koliko dugo traje baterija?<\/strong><br data-start=\"3708\" data-end=\"3711\" \/>Baterija od 1000mAh podr\u017eava dugotrajnu svakodnevnu upotrebu i mo\u017ee se brzo napuniti putem Type-C priklju\u010dka.<\/p>\n<p data-start=\"3798\" data-end=\"3944\"><strong data-start=\"3798\" data-end=\"3857\">4. Ostaje li okus dosljedan tijekom 60.000 udisaja?<\/strong><br data-start=\"3857\" data-end=\"3860\" \/>Mre\u017easta grija\u010d i sustav od 50ml e-teku\u0107ine poma\u017eu odr\u017eati stabilan okus i volumen pare.<\/p>\n<p data-start=\"3946\" data-end=\"4135\"><strong data-start=\"3946\" data-end=\"4028\">5. Je li ovaj model prikladan za veleprodaju jednokratnih vape ure\u0111aja na tr\u017ei\u0161tima Hrvatske i EU?<\/strong><br data-start=\"4028\" data-end=\"4031\" \/>Da, dizajniran je za veliku distribuciju s pouzdanim performansama i sna\u017enim prepoznatljivosti brenda.<\/p>\n<\/div>\n<\/div>\n<\/div>\n<\/div>","protected":false},"excerpt":{"rendered":"<p data-start=\"4645\" data-end=\"4728\"><strong data-start=\"0\" data-end=\"26\" data-is-only-node=\"\">Al Fakher 60K E-Hose X<\/strong> isporu\u010duje do <strong data-start=\"42\" data-end=\"58\">60.000 udisaja<\/strong> s glatkim \u0161i\u0161a stilom pare, <strong data-start=\"91\" data-end=\"111\">dva na\u010dina pu\u0161enja<\/strong>, i sna\u017enim <strong data-start=\"128\" data-end=\"160\">1000mAh punjiva baterija<\/strong>. Izra\u0111en za prodaju velike koli\u010dine, ovo <strong data-start=\"196\" data-end=\"223\">Crown Bar Crystal 60000<\/strong> nudi sna\u017ean okus, dugotrajnost i <strong data-start=\"261\" data-end=\"300\">niska cijena jednokratnih vapeova na veliko<\/strong> \u0161irom Europe.<\/p>\n<p><strong>Dodajte Amy na WhatsApp za brzi odgovor i popust!<\/strong><\/p>\n<p><img fetchpriority=\"high\" decoding=\"async\" class=\"size-full wp-image-2932\" src=\"https:\/\/vapestornado.com\/wp-content\/uploads\/2024\/12\/Vape-Wholesale.jpg\" alt=\"Veleprodaja vejpova\" width=\"229\" height=\"300\" \/><\/p>\n<h3><a href=\"https:\/\/wa.me\/8617776015835\"><span style=\"color: #ff0000;\"><strong>WhatsApp: +86 17776015835<\/strong><\/span><\/a><\/h3>","protected":false},"featured_media":4784,"comment_status":"open","ping_status":"closed","template":"","meta":{"_acf_changed":false,"_uag_custom_page_level_css":"","_lmt_disableupdate":"no","_lmt_disable":"","_monsterinsights_skip_tracking":false,"_monsterinsights_sitenote_active":false,"_monsterinsights_sitenote_note":"","_monsterinsights_sitenote_category":0,"site-sidebar-layout":"default","site-content-layout":"","ast-site-content-layout":"default","site-content-style":"default","site-sidebar-style":"default","ast-global-header-display":"","ast-banner-title-visibility":"","ast-main-header-display":"","ast-hfb-above-header-display":"","ast-hfb-below-header-display":"","ast-hfb-mobile-header-display":"","site-post-title":"","ast-breadcrumbs-content":"","ast-featured-img":"","footer-sml-layout":"","ast-disable-related-posts":"","theme-transparent-header-meta":"default","adv-header-id-meta":"","stick-header-meta":"","header-above-stick-meta":"","header-main-stick-meta":"","header-below-stick-meta":"","astra-migrate-meta-layouts":"set","ast-page-background-enabled":"default","ast-page-background-meta":{"desktop":{"background-color":"","background-image":"","background-repeat":"repeat","background-position":"center center","background-size":"auto","background-attachment":"scroll","background-type":"","background-media":"","overlay-type":"","overlay-color":"","overlay-opacity":"","overlay-gradient":""},"tablet":{"background-color":"","background-image":"","background-repeat":"repeat","background-position":"center center","background-size":"auto","background-attachment":"scroll","background-type":"","background-media":"","overlay-type":"","overlay-color":"","overlay-opacity":"","overlay-gradient":""},"mobile":{"background-color":"","background-image":"","background-repeat":"repeat","background-position":"center center","background-size":"auto","background-attachment":"scroll","background-type":"","background-media":"","overlay-type":"","overlay-color":"","overlay-opacity":"","overlay-gradient":""}},"ast-content-background-meta":{"desktop":{"background-color":"var(--ast-global-color-5)","background-image":"","background-repeat":"repeat","background-position":"center center","background-size":"auto","background-attachment":"scroll","background-type":"","background-media":"","overlay-type":"","overlay-color":"","overlay-opacity":"","overlay-gradient":""},"tablet":{"background-color":"var(--ast-global-color-5)","background-image":"","background-repeat":"repeat","background-position":"center center","background-size":"auto","background-attachment":"scroll","background-type":"","background-media":"","overlay-type":"","overlay-color":"","overlay-opacity":"","overlay-gradient":""},"mobile":{"background-color":"var(--ast-global-color-5)","background-image":"","background-repeat":"repeat","background-position":"center center","background-size":"auto","background-attachment":"scroll","background-type":"","background-media":"","overlay-type":"","overlay-color":"","overlay-opacity":"","overlay-gradient":""}},"_joinchat":[]},"product_brand":[],"product_cat":[343,531,140,150,152,156,158,142,146,147],"product_tag":[537,536,317,538,291,539,513,512],"class_list":{"0":"post-4788","1":"product","2":"type-product","3":"status-publish","4":"has-post-thumbnail","6":"product_cat-60000-puff","7":"product_cat-al-fakher-crown-bar","8":"product_cat-big-puffs-disposable-vapes","9":"product_cat-buy-disposable-vapes-in-belgium","10":"product_cat-buy-disposable-vapes-in-cermany","11":"product_cat-buy-disposable-vapes-in-poland","12":"product_cat-buy-disposable-vapes-in-spain","13":"product_cat-digital-box-disposable-vapes","14":"product_cat-rechargeable-disposable-vapes","15":"product_cat-shisha-hookah-disposable-vapes","16":"product_tag-al-fakher-60000","17":"product_tag-al-fakher-60k-ehose-x","18":"product_tag-al-fakher-crown-bar","19":"product_tag-disposable-e-shisha","20":"product_tag-disposable-shisha-hookah","21":"product_tag-hookah-shisha","22":"product_tag-vape-discount-price","23":"product_tag-vape-wholesale-distributor","24":"desktop-align-left","25":"tablet-align-left","26":"mobile-align-left","28":"first","29":"instock","30":"sale","31":"shipping-taxable","32":"purchasable","33":"product-type-simple"},"acf":[],"uagb_featured_image_src":{"full":["https:\/\/vapestornado.com\/wp-content\/uploads\/2026\/01\/AL-Fakher-Crown-Bar-EHOSE-X-60K-Disposable-Vape.webp",800,800,false],"thumbnail":["https:\/\/vapestornado.com\/wp-content\/uploads\/2026\/01\/AL-Fakher-Crown-Bar-EHOSE-X-60K-Disposable-Vape-150x150.webp",150,150,true],"medium":["https:\/\/vapestornado.com\/wp-content\/uploads\/2026\/01\/AL-Fakher-Crown-Bar-EHOSE-X-60K-Disposable-Vape-300x300.webp",300,300,true],"medium_large":["https:\/\/vapestornado.com\/wp-content\/uploads\/2026\/01\/AL-Fakher-Crown-Bar-EHOSE-X-60K-Disposable-Vape-768x768.webp",768,768,true],"large":["https:\/\/vapestornado.com\/wp-content\/uploads\/2026\/01\/AL-Fakher-Crown-Bar-EHOSE-X-60K-Disposable-Vape.webp",800,800,false],"1536x1536":["https:\/\/vapestornado.com\/wp-content\/uploads\/2026\/01\/AL-Fakher-Crown-Bar-EHOSE-X-60K-Disposable-Vape.webp",800,800,false],"2048x2048":["https:\/\/vapestornado.com\/wp-content\/uploads\/2026\/01\/AL-Fakher-Crown-Bar-EHOSE-X-60K-Disposable-Vape.webp",800,800,false],"trp-custom-language-flag":["https:\/\/vapestornado.com\/wp-content\/uploads\/2026\/01\/AL-Fakher-Crown-Bar-EHOSE-X-60K-Disposable-Vape-12x12.webp",12,12,true],"woocommerce_thumbnail":["https:\/\/vapestornado.com\/wp-content\/uploads\/2026\/01\/AL-Fakher-Crown-Bar-EHOSE-X-60K-Disposable-Vape-300x300.webp",300,300,true],"woocommerce_single":["https:\/\/vapestornado.com\/wp-content\/uploads\/2026\/01\/AL-Fakher-Crown-Bar-EHOSE-X-60K-Disposable-Vape-600x600.webp",600,600,true],"woocommerce_gallery_thumbnail":["https:\/\/vapestornado.com\/wp-content\/uploads\/2026\/01\/AL-Fakher-Crown-Bar-EHOSE-X-60K-Disposable-Vape-100x100.webp",100,100,true]},"uagb_author_info":{"display_name":"ESAMY","author_link":"https:\/\/vapestornado.com\/hr\/author\/"},"uagb_comment_info":0,"uagb_excerpt":"Al Fakher 60K E-Hose X delivers up to 60,000 puffs with smooth shisha-style vapor, dual vaping mode, and a powerful 1000mAh rechargeable battery. Built for high-volume sales, this Crown Bar Crystal 60000 offers strong flavor, long life, and low-price disposable vape wholesale across Europe. Add Amy's whatsapp to get right reply and discount price! WhatsApp:&hellip;","_links":{"self":[{"href":"https:\/\/vapestornado.com\/hr\/wp-json\/wp\/v2\/product\/4788","targetHints":{"allow":["GET"]}}],"collection":[{"href":"https:\/\/vapestornado.com\/hr\/wp-json\/wp\/v2\/product"}],"about":[{"href":"https:\/\/vapestornado.com\/hr\/wp-json\/wp\/v2\/types\/product"}],"replies":[{"embeddable":true,"href":"https:\/\/vapestornado.com\/hr\/wp-json\/wp\/v2\/comments?post=4788"}],"wp:featuredmedia":[{"embeddable":true,"href":"https:\/\/vapestornado.com\/hr\/wp-json\/wp\/v2\/media\/4784"}],"wp:attachment":[{"href":"https:\/\/vapestornado.com\/hr\/wp-json\/wp\/v2\/media?parent=4788"}],"wp:term":[{"taxonomy":"product_brand","embeddable":true,"href":"https:\/\/vapestornado.com\/hr\/wp-json\/wp\/v2\/product_brand?post=4788"},{"taxonomy":"product_cat","embeddable":true,"href":"https:\/\/vapestornado.com\/hr\/wp-json\/wp\/v2\/product_cat?post=4788"},{"taxonomy":"product_tag","embeddable":true,"href":"https:\/\/vapestornado.com\/hr\/wp-json\/wp\/v2\/product_tag?post=4788"}],"curies":[{"name":"wp","href":"https:\/\/api.w.org\/{rel}","templated":true}]}}