{"id":4781,"date":"2026-01-07T09:28:57","date_gmt":"2026-01-07T09:28:57","guid":{"rendered":"https:\/\/vapestornado.com\/?post_type=product&#038;p=4781"},"modified":"2026-01-07T09:59:16","modified_gmt":"2026-01-07T09:59:16","slug":"al-fakher-mega-max-40k-puffs-crown-bar-disposable-e-shisha-hookah-vape-adjustable-airflow","status":"publish","type":"product","link":"https:\/\/vapestornado.com\/hr\/product\/al-fakher-mega-max-40k-puffs-crown-bar-disposable-e-shisha-hookah-vape-adjustable-airflow\/","title":{"rendered":"Al Fakher Mega Max 40K Udisaja Crown Bar Jednokratna E \u0160i\u0161a Nargila Vape Pode\u0161ava se protok zraka"},"content":{"rendered":"<h1 data-start=\"0\" data-end=\"87\">Al Fakher Mega Max 40K Udisaja Crown Bar Jednokratna E Shisha Nargila Vape s podesivim protokom zraka<\/h1>\n<p data-start=\"207\" data-end=\"581\">Izra\u0111en za korisnike visokog volumena i veleprodajne tr\u017ei\u0161te, <strong data-start=\"262\" data-end=\"288\">Al Fakher Mega Max 40K<\/strong> predstavlja sljede\u0107u evoluciju performansi jednokratne e-shishe. S do <strong data-start=\"366\" data-end=\"382\">40.000 udisaja<\/strong>, podesivim protokom zraka i prepoznatljivim in\u017eenjeringom okusa Al Fakhera, ovaj ure\u0111aj je pozicioniran kao vrhunsko, ali prakti\u010dno rje\u0161enje za distributere u EU koji tra\u017ee stabilan promet i sna\u017enu ponovnu potra\u017enju.<\/p>\n<p data-start=\"583\" data-end=\"1045\">Kao dio <strong data-start=\"598\" data-end=\"621\">Al Fakher Crown Bar<\/strong> linije, Mega Max 40000 je dizajniran za pru\u017eanje dosljednog izlaza tijekom cijelog \u017eivotnog ciklusa. Kombinacija od <strong data-start=\"738\" data-end=\"756\">dvostrukom mre\u017eastom zavojnicom<\/strong>, <strong data-start=\"758\" data-end=\"785\">20ml unaprijed napunjenog e-tekuc\u0301ine<\/strong>, i <strong data-start=\"793\" data-end=\"824\">punjiva baterija od 850 mAh<\/strong> osigurava pouzdanu gusto\u0107u pare i jasno\u0107u okusa od prvog do posljednjeg udisaja. To ga \u010dini posebno prikladnim za kupce koji prelaze s tradicionalnih nargila ili sustava za vi\u0161ekratnu upotrebu na jednokratne formate.<\/p>\n<p data-start=\"1047\" data-end=\"1332\">Ovo <strong data-start=\"1051\" data-end=\"1080\">podesivi sustav protoka zraka<\/strong> omogu\u0107ava korisnicima da fino pode\u0161avaju svoj udisaj, prelaze\u0107i izme\u0111u u\u017eeg udisaja u stilu nargile i \u0161ireg, zra\u010dnijeg udaha. Ova fleksibilnost pro\u0161iruje njegovu privla\u010dnost me\u0111u razli\u010ditim preferencijama vapinga, poma\u017eu\u0107i trgovcima da pokriju vi\u0161e profila kupaca s jednim SKU-om.<\/p>\n<p data-start=\"1334\" data-end=\"1686\">Za kupce na veliko, Al Fakher Mega Max 40K nudi ono \u0161to je najva\u017enije: prepoznatljiv brend, kontroliranu ja\u010dinu nikotina, modernu Type-C punjenje i kvalitetu izrade koja odra\u017eava dugotrajnu pouzdanost, a ne kratkoro\u010dni novitet. Pozicioniran kao <strong data-start=\"1589\" data-end=\"1620\">konkurentnoj veleprodajnoj cijeni<\/strong>, je sna\u017ean igra\u010d u kategoriji jednokratnih e-shisha u EU.<\/p>\n<h2 data-start=\"2768\" data-end=\"2821\">Za\u0161to odabrati Al Fakher Mega Max 40000 za veleprodaju?<\/h2>\n<p data-start=\"2823\" data-end=\"3237\">Ovo <strong data-start=\"2827\" data-end=\"2855\">Al Fakher Mega Max 40000<\/strong> izra\u0111en za dosljednost, a ne trikove. Iskori\u0161tava globalno povjerenje u brend Al Fakher, dok istovremeno zadovoljava o\u010dekivanja distributera u Hrvatskoj koji prioritet daju pouzdanosti, pravnom polo\u017eaju i predvidivom prodajnom toku. Njegov jednokratni e-shisha nargila format, podesiv protok zraka i dugotrajan vijek trajanja dimljenja \u010dine ga sna\u017enim dodatkom i za prodajne kanale fokusirane na vape i na nargile.<\/p>\n<p><strong><span style=\"color: #ff0000;\">Dodajte Amy na WhatsApp za brzi odgovor i kupon za vape!<\/span><\/strong><\/p>\n<p><img fetchpriority=\"high\" decoding=\"async\" class=\"size-full wp-image-2932\" src=\"https:\/\/vapestornado.com\/wp-content\/uploads\/2024\/12\/Vape-Wholesale.jpg\" alt=\"Veleprodaja vejpova\" width=\"229\" height=\"300\" \/><\/p>\n<h3><a href=\"https:\/\/wa.me\/8617776015835\" target=\"_blank\" rel=\"noopener\"><span style=\"color: #ff0000;\"><strong>WhatsApp: +86 17776015835<\/strong><\/span><\/a><\/h3>\n<p>&nbsp;<\/p>\n<h2><strong>Al Fakher Mega Max 40K Puffs Zna\u010dajke proizvoda<\/strong><\/h2>\n<ul>\n<li data-start=\"113\" data-end=\"228\">\n<p data-start=\"115\" data-end=\"228\"><strong data-start=\"115\" data-end=\"139\">Kapacitet od 40.000 dimnih udisaja<\/strong> \u2013 Pru\u017ea produ\u017eene performanse DTL vapinga osmi\u0161ljene za dugotrajnu, visokofrekventnu uporabu.<\/p>\n<\/li>\n<li data-start=\"229\" data-end=\"361\">\n<p data-start=\"231\" data-end=\"361\"><strong data-start=\"231\" data-end=\"258\">DTL stil shisha nargile<\/strong> \u2013 Optimiziran za direktno udisanje u plu\u0107a, stvaraju\u0107i guste oblake sli\u010dne tradicionalnim nargila sesijama.<\/p>\n<\/li>\n<li data-start=\"362\" data-end=\"476\">\n<p data-start=\"364\" data-end=\"476\"><strong data-start=\"364\" data-end=\"393\">Tehnologija dvostruke mre\u017easte zavojnice<\/strong> \u2013 Osigurava ravnomjerno zagrijavanje i stabilan izlaz okusa od prvog do posljednjeg udisaja.<\/p>\n<\/li>\n<li data-start=\"477\" data-end=\"605\">\n<p data-start=\"479\" data-end=\"605\"><strong data-start=\"479\" data-end=\"508\">Podesiv sustav protoka zraka<\/strong> \u2013 Omogu\u0107ava korisnicima da fino pode\u0161avaju otpor udisaja za personalizirani DTL ili stil shisha udisaja.<\/p>\n<\/li>\n<li data-start=\"606\" data-end=\"729\">\n<p data-start=\"608\" data-end=\"729\"><strong data-start=\"608\" data-end=\"636\">20ml unaprijed napunjene e-teku\u0107ine<\/strong> \u2013 Veliki kapacitet e-teku\u0107ine smanjuje u\u010destalost zamjene i podr\u017eava duge sesije vapinga.<\/p>\n<\/li>\n<li data-start=\"730\" data-end=\"841\">\n<p data-start=\"732\" data-end=\"841\"><strong data-start=\"732\" data-end=\"757\">0.6% ja\u010dina nikotina<\/strong> \u2013 Pru\u017ea glatku, kontroliranu isporuku nikotina prikladnu za dugotrajnu dnevnu uporabu.<\/p>\n<\/li>\n<li data-start=\"842\" data-end=\"945\">\n<p data-start=\"844\" data-end=\"945\"><strong data-start=\"844\" data-end=\"875\">850mAh Punjiva Baterija<\/strong> \u2013 Osigurava dosljednu snagu tijekom cijelog \u017eivotnog vijeka od 40K dimnih udisaja.<\/p>\n<\/li>\n<li data-start=\"946\" data-end=\"1051\">\n<p data-start=\"948\" data-end=\"1051\"><strong data-start=\"948\" data-end=\"976\">USB Type-C brzo punjenje<\/strong> \u2013 Omogu\u0107ava brzo, jednostavno punjenje uz modernu kompatibilnost ure\u0111aja.<\/p>\n<\/li>\n<li data-start=\"1052\" data-end=\"1148\">\n<p data-start=\"1054\" data-end=\"1148\"><strong data-start=\"1054\" data-end=\"1076\">LED zaslon<\/strong> \u2013 Jasno prikazuje razinu baterije i e-teku\u0107ine za bolju kontrolu kori\u0161tenja.<\/p>\n<\/li>\n<li data-start=\"1149\" data-end=\"1259\">\n<p data-start=\"1151\" data-end=\"1259\"><strong data-start=\"1151\" data-end=\"1176\">Premium aluminijsko ku\u0107i\u0161te<\/strong> \u2013 Kombinira trajnost s ergonomskim, vrhunskim zavr\u0161nim obradama za svakodnevnu prenosivost.<\/p>\n<\/li>\n<\/ul>\n<figure id=\"attachment_4777\" aria-describedby=\"caption-attachment-4777\" style=\"width: 300px\" class=\"wp-caption alignnone\"><img decoding=\"async\" class=\"size-medium wp-image-4777\" src=\"https:\/\/vapestornado.com\/wp-content\/uploads\/2026\/01\/Al-Fakher-Mega-Max-40K-40000-Puff-Vape-Wholesale-Spain-300x300.webp\" alt=\"Al Fakher Mega Max 40K 40000 Udisaja Vape na veliko Hrvatska\" width=\"300\" height=\"300\" srcset=\"https:\/\/vapestornado.com\/wp-content\/uploads\/2026\/01\/Al-Fakher-Mega-Max-40K-40000-Puff-Vape-Wholesale-Spain-300x300.webp 300w, https:\/\/vapestornado.com\/wp-content\/uploads\/2026\/01\/Al-Fakher-Mega-Max-40K-40000-Puff-Vape-Wholesale-Spain-150x150.webp 150w, https:\/\/vapestornado.com\/wp-content\/uploads\/2026\/01\/Al-Fakher-Mega-Max-40K-40000-Puff-Vape-Wholesale-Spain-768x768.webp 768w, https:\/\/vapestornado.com\/wp-content\/uploads\/2026\/01\/Al-Fakher-Mega-Max-40K-40000-Puff-Vape-Wholesale-Spain-12x12.webp 12w, https:\/\/vapestornado.com\/wp-content\/uploads\/2026\/01\/Al-Fakher-Mega-Max-40K-40000-Puff-Vape-Wholesale-Spain-600x600.webp 600w, https:\/\/vapestornado.com\/wp-content\/uploads\/2026\/01\/Al-Fakher-Mega-Max-40K-40000-Puff-Vape-Wholesale-Spain-100x100.webp 100w, https:\/\/vapestornado.com\/wp-content\/uploads\/2026\/01\/Al-Fakher-Mega-Max-40K-40000-Puff-Vape-Wholesale-Spain.webp 800w\" sizes=\"(max-width: 300px) 100vw, 300px\" \/><figcaption id=\"caption-attachment-4777\" class=\"wp-caption-text\">Al Fakher Mega Max 40K 40000 Udisaja Vape na veliko Hrvatska<\/figcaption><\/figure>\n<p>&nbsp;<\/p>\n<div><\/div>\n<h2 class=\"product-title\"><strong>Popis okusa za Al Fakher Mega Max 40K Puff<\/strong><\/h2>\n<p>1 Bobica plava<br \/>\n2 Bobica led<br \/>\n3 Crna ribizla led<br \/>\n4 Crna ribizla menta<br \/>\n5 Plavi Razz Blast<br \/>\n6 Plavi Razz Lemonada<br \/>\n7 Borovnica tre\u0161nja<br \/>\n8 Plava Guma od Borovnice<br \/>\n9 Limunada od Borovnice<br \/>\n10 Menta od Borovnice<br \/>\n11 Malina od Borovnice<br \/>\n12 Kiselina od borovnice i ribizla<br \/>\n13 Cherry Fiesta<br \/>\n14 Cherry Fizz<br \/>\n15 Cherry Ice<br \/>\n16 Cool Mango<br \/>\n17 Fusion Pop<br \/>\n18 Gro\u017e\u0111ice<br \/>\n19 Gro\u017e\u0111ice od Bobica<br \/>\n20 Gro\u017e\u0111ice s Mentom<br \/>\n21 Guma s Mentom<br \/>\n22 Hubba<br \/>\n23 Ledena Plava<br \/>\n24 Limun Limeta<br \/>\n25 Limun Limeta Cherry Fizz<br \/>\n26 Limun Menta<br \/>\n27 Lush Ice<br \/>\n28 Magic Love<br \/>\n29 Mango Ananas<br \/>\n30 Mentol<br \/>\n31 Menta<br \/>\n32 Mije\u0161ano Bobi\u010dasto Vo\u0107e<br \/>\n33 Naran\u010da Menta<br \/>\n34 Breskva Led<br \/>\n35 Ananas Led<br \/>\n36 Svemirski San<br \/>\n37 Mentha<br \/>\n38 Jagoda Tre\u0161nja<br \/>\n39 Jagoda Punch<br \/>\n40 Ljetni San<br \/>\n41 Dvije Jabuke<br \/>\n42 Lubenica Tre\u0161nja<br \/>\n43 Lubenica Kiwi<br \/>\n44 Lubenica Limeta<br \/>\n45 Lubenica Ananas<\/p>\n<div class=\"flex-shrink-0 flex flex-col relative items-end\">\n<div class=\"pt-0\">\n<div class=\"gizmo-bot-avatar flex h-8 w-8 items-center justify-center overflow-hidden rounded-full\">\n<div class=\"relative p-1 rounded-sm flex items-center justify-center bg-token-main-surface-primary text-token-text-primary h-8 w-8\">\n<h2 data-start=\"1200\" data-end=\"1487\">Vapes Tornado \u2013 Va\u0161 veleprodajni online du\u0107an za popularne vape ure\u0111aje<\/h2>\n<p data-start=\"72\" data-end=\"396\"><strong data-start=\"72\" data-end=\"89\">Vapes Tornado<\/strong> je europski orijentirani veleprodajni online du\u0107an koji nudi pa\u017eljivo odabrani asortiman <strong data-start=\"178\" data-end=\"195\">popularnih vape ure\u0111aja<\/strong> za profesionalne kupce. Suradjujemo s maloprodajnim trgovcima, distributerima i online trgovinama diljem Hrvatske koji trebaju stabilnu opskrbu, jasne informacije o proizvodima i brendove kojima kupci ve\u0107 vjeruju i prepoznaju.<\/p>\n<p data-start=\"398\" data-end=\"687\">Radimo s pouzdanim imenima kao \u0161to su <strong data-start=\"307\" data-end=\"362\"><a href=\"https:\/\/vapestornado.com\/hr\/product\/randm-12000-puffs-fumot-digital-disposable-vape-wholesale-price\/\">Fumot VAPE<\/a>, <a href=\"https:\/\/vapestornado.com\/hr\/product\/original-wga-ultra-35k-35000-puff-rechargeable-crystal-disposable-nicotine-vape-best-discount-price\/\">WGA VAPE<\/a>, <\/strong><strong data-start=\"307\" data-end=\"362\"><a href=\"https:\/\/vapestornado.com\/hr\/product\/vozol-gear-shisha-25k-25000-puffs-best-dtl-disposable-vape-hookah-cheap-price\/\">VOZOL BAR VAPE<\/a>,<\/strong><strong data-start=\"247\" data-end=\"352\">\u00a0Elf Bar Vape, WASPE Vape, <a href=\"https:\/\/vapestornado.com\/hr\/product\/uzy-150k-puffs-6-in-1-flavor-switch-disposable-vape-pen-wholesale\/\">UZY Vape<\/a>, Bang Vape, Razz Bar Vape, i Stag Bar Vape<\/strong>, odabrani zbog dosljedne kvalitete i velike potra\u017enje na europskom tr\u017ei\u0161tu.<\/p>\n<h4 data-start=\"1080\" data-end=\"1120\">Izgra\u0111eno za europske veleprodajne kupce<\/h4>\n<p data-start=\"1121\" data-end=\"1189\">Vapes Tornado je strukturiran oko stvarnih potreba europskih veleprodavaca:<\/p>\n<ul data-start=\"1190\" data-end=\"1400\">\n<li data-start=\"1190\" data-end=\"1239\">\n<p data-start=\"1192\" data-end=\"1239\">Konkurentne veleprodajne cijene za velike narud\u017ebe<\/p>\n<\/li>\n<li data-start=\"1240\" data-end=\"1289\">\n<p data-start=\"1242\" data-end=\"1289\">Jasni opisi proizvoda i specifikacije<\/p>\n<\/li>\n<li data-start=\"1290\" data-end=\"1330\">\n<p data-start=\"1292\" data-end=\"1330\">Brza, pouzdana logistika usmjerena na EU<\/p>\n<\/li>\n<li data-start=\"1331\" data-end=\"1400\">\n<p data-start=\"1333\" data-end=\"1400\">Katalog usmjeren na <strong data-start=\"1356\" data-end=\"1373\">popularnih vape ure\u0111aja<\/strong>, ne pretrpan SKU-jevima<\/p>\n<\/li>\n<\/ul>\n<h2 data-start=\"2064\" data-end=\"2115\">\u010cesto postavljana pitanja o Al Fakher Mega Max 40000 jednokratnom vapingu<\/h2>\n<p data-start=\"3278\" data-end=\"3451\"><strong data-start=\"3278\" data-end=\"3343\">1. Koliko dugo traje Al Fakher Mega Max 40K u stvarnoj uporabi?<\/strong><br data-start=\"3343\" data-end=\"3346\" \/>Upotreba ovisi o individualnim navikama, ali ve\u0107ina korisnika prijavljuje vi\u0161emjese\u010dnu izvedbu pri redovitoj dnevnoj uporabi.<\/p>\n<p data-start=\"3453\" data-end=\"3579\"><strong data-start=\"3453\" data-end=\"3497\">2. Je li protok zraka podesiv tijekom uporabe?<\/strong><br data-start=\"3497\" data-end=\"3500\" \/>Da, podesiv protok zraka omogu\u0107ava korisnicima da u bilo kojem trenutku mijenjaju otpor povla\u010denja.<\/p>\n<p data-start=\"3581\" data-end=\"3678\"><strong data-start=\"3581\" data-end=\"3615\">3. Je li ure\u0111aj punjiv?<\/strong><br data-start=\"3615\" data-end=\"3618\" \/>Da, ima bateriju od 850mAh s USB Type-C punjenjem.<\/p>\n<p data-start=\"3680\" data-end=\"3856\"><strong data-start=\"3680\" data-end=\"3744\">4. \u0160to ga razlikuje od standardnih jednokratnih vapinga?<\/strong><br data-start=\"3744\" data-end=\"3747\" \/>Njegov dizajn e-shishe, velika kapacitet e-teku\u0107ine i kontrola protoka zraka izdvajaju ga od osnovnih jednokratnih ure\u0111aja.<\/p>\n<p data-start=\"3858\" data-end=\"4007\"><strong data-start=\"3858\" data-end=\"3912\">5. Je li prikladno za veleprodaju u EU?<\/strong><br data-start=\"3912\" data-end=\"3915\" \/>Da, dizajniran je za tr\u017ei\u0161ta EU i \u010desto se isporu\u010duje po veleprodajnoj cijeni za ve\u0107e narud\u017ebe.<\/p>\n<\/div>\n<\/div>\n<\/div>\n<\/div>","protected":false},"excerpt":{"rendered":"<p data-start=\"4472\" data-end=\"4562\"><strong data-start=\"4472\" data-end=\"4560\">Al Fakher Mega Max 40K Jednokratna E Shisha s podesivim protokom zraka \u2013 Na veliko spremni<\/strong><\/p>\n<p data-start=\"4566\" data-end=\"4641\"><strong data-start=\"4566\" data-end=\"4639\">Al Fakher Crown Bar Mega Max 40000 Udisaja Nargila Vape za EU na veliko<\/strong><\/p>\n<p data-start=\"4645\" data-end=\"4728\"><strong data-start=\"4645\" data-end=\"4728\">Mega Max 40K od Al Fakhera \u2013 Dugotrajna jednokratna E Shisha po veleprodajnoj cijeni<\/strong><\/p>\n<p><strong>Dodajte Amy na WhatsApp za brzi odgovor i popust!<\/strong><\/p>\n<p><img fetchpriority=\"high\" decoding=\"async\" class=\"size-full wp-image-2932\" src=\"https:\/\/vapestornado.com\/wp-content\/uploads\/2024\/12\/Vape-Wholesale.jpg\" alt=\"Veleprodaja vejpova\" width=\"229\" height=\"300\" \/><\/p>\n<h3><a href=\"https:\/\/wa.me\/8617776015835\"><span style=\"color: #ff0000;\"><strong>WhatsApp: +86 17776015835<\/strong><\/span><\/a><\/h3>","protected":false},"featured_media":4776,"comment_status":"open","ping_status":"closed","template":"","meta":{"_acf_changed":false,"_uag_custom_page_level_css":"","_lmt_disableupdate":"no","_lmt_disable":"","_monsterinsights_skip_tracking":false,"_monsterinsights_sitenote_active":false,"_monsterinsights_sitenote_note":"","_monsterinsights_sitenote_category":0,"site-sidebar-layout":"default","site-content-layout":"","ast-site-content-layout":"default","site-content-style":"default","site-sidebar-style":"default","ast-global-header-display":"","ast-banner-title-visibility":"","ast-main-header-display":"","ast-hfb-above-header-display":"","ast-hfb-below-header-display":"","ast-hfb-mobile-header-display":"","site-post-title":"","ast-breadcrumbs-content":"","ast-featured-img":"","footer-sml-layout":"","ast-disable-related-posts":"","theme-transparent-header-meta":"default","adv-header-id-meta":"","stick-header-meta":"","header-above-stick-meta":"","header-main-stick-meta":"","header-below-stick-meta":"","astra-migrate-meta-layouts":"set","ast-page-background-enabled":"default","ast-page-background-meta":{"desktop":{"background-color":"","background-image":"","background-repeat":"repeat","background-position":"center center","background-size":"auto","background-attachment":"scroll","background-type":"","background-media":"","overlay-type":"","overlay-color":"","overlay-opacity":"","overlay-gradient":""},"tablet":{"background-color":"","background-image":"","background-repeat":"repeat","background-position":"center center","background-size":"auto","background-attachment":"scroll","background-type":"","background-media":"","overlay-type":"","overlay-color":"","overlay-opacity":"","overlay-gradient":""},"mobile":{"background-color":"","background-image":"","background-repeat":"repeat","background-position":"center center","background-size":"auto","background-attachment":"scroll","background-type":"","background-media":"","overlay-type":"","overlay-color":"","overlay-opacity":"","overlay-gradient":""}},"ast-content-background-meta":{"desktop":{"background-color":"var(--ast-global-color-5)","background-image":"","background-repeat":"repeat","background-position":"center center","background-size":"auto","background-attachment":"scroll","background-type":"","background-media":"","overlay-type":"","overlay-color":"","overlay-opacity":"","overlay-gradient":""},"tablet":{"background-color":"var(--ast-global-color-5)","background-image":"","background-repeat":"repeat","background-position":"center center","background-size":"auto","background-attachment":"scroll","background-type":"","background-media":"","overlay-type":"","overlay-color":"","overlay-opacity":"","overlay-gradient":""},"mobile":{"background-color":"var(--ast-global-color-5)","background-image":"","background-repeat":"repeat","background-position":"center center","background-size":"auto","background-attachment":"scroll","background-type":"","background-media":"","overlay-type":"","overlay-color":"","overlay-opacity":"","overlay-gradient":""}},"_joinchat":[]},"product_brand":[],"product_cat":[65,531,140,150,156,158,141,142,146,147],"product_tag":[533,534,535,532,355,287,513,512],"class_list":{"0":"post-4781","1":"product","2":"type-product","3":"status-publish","4":"has-post-thumbnail","6":"product_cat-40000-puff","7":"product_cat-al-fakher-crown-bar","8":"product_cat-big-puffs-disposable-vapes","9":"product_cat-buy-disposable-vapes-in-belgium","10":"product_cat-buy-disposable-vapes-in-poland","11":"product_cat-buy-disposable-vapes-in-spain","12":"product_cat-crystal-disposable-vapes","13":"product_cat-digital-box-disposable-vapes","14":"product_cat-rechargeable-disposable-vapes","15":"product_cat-shisha-hookah-disposable-vapes","16":"product_tag-al-fakher-crown-bar-mega-max","17":"product_tag-al-fakher-crown-bar-mega-max-40000-puffs","18":"product_tag-al-fakher-crown-bar-mega-max-40k","19":"product_tag-al-fakher-mega-max-40k","20":"product_tag-big-puff-vape","21":"product_tag-disposable-vape-pen","22":"product_tag-vape-discount-price","23":"product_tag-vape-wholesale-distributor","24":"desktop-align-left","25":"tablet-align-left","26":"mobile-align-left","28":"first","29":"instock","30":"sale","31":"shipping-taxable","32":"purchasable","33":"product-type-simple"},"acf":[],"uagb_featured_image_src":{"full":["https:\/\/vapestornado.com\/wp-content\/uploads\/2026\/01\/Al-Fakher-Mega-Max-40K-40000-Puff-Disposable-Vapor.webp",800,800,false],"thumbnail":["https:\/\/vapestornado.com\/wp-content\/uploads\/2026\/01\/Al-Fakher-Mega-Max-40K-40000-Puff-Disposable-Vapor-150x150.webp",150,150,true],"medium":["https:\/\/vapestornado.com\/wp-content\/uploads\/2026\/01\/Al-Fakher-Mega-Max-40K-40000-Puff-Disposable-Vapor-300x300.webp",300,300,true],"medium_large":["https:\/\/vapestornado.com\/wp-content\/uploads\/2026\/01\/Al-Fakher-Mega-Max-40K-40000-Puff-Disposable-Vapor-768x768.webp",768,768,true],"large":["https:\/\/vapestornado.com\/wp-content\/uploads\/2026\/01\/Al-Fakher-Mega-Max-40K-40000-Puff-Disposable-Vapor.webp",800,800,false],"1536x1536":["https:\/\/vapestornado.com\/wp-content\/uploads\/2026\/01\/Al-Fakher-Mega-Max-40K-40000-Puff-Disposable-Vapor.webp",800,800,false],"2048x2048":["https:\/\/vapestornado.com\/wp-content\/uploads\/2026\/01\/Al-Fakher-Mega-Max-40K-40000-Puff-Disposable-Vapor.webp",800,800,false],"trp-custom-language-flag":["https:\/\/vapestornado.com\/wp-content\/uploads\/2026\/01\/Al-Fakher-Mega-Max-40K-40000-Puff-Disposable-Vapor-12x12.webp",12,12,true],"woocommerce_thumbnail":["https:\/\/vapestornado.com\/wp-content\/uploads\/2026\/01\/Al-Fakher-Mega-Max-40K-40000-Puff-Disposable-Vapor-300x300.webp",300,300,true],"woocommerce_single":["https:\/\/vapestornado.com\/wp-content\/uploads\/2026\/01\/Al-Fakher-Mega-Max-40K-40000-Puff-Disposable-Vapor-600x600.webp",600,600,true],"woocommerce_gallery_thumbnail":["https:\/\/vapestornado.com\/wp-content\/uploads\/2026\/01\/Al-Fakher-Mega-Max-40K-40000-Puff-Disposable-Vapor-100x100.webp",100,100,true]},"uagb_author_info":{"display_name":"ESAMY","author_link":"https:\/\/vapestornado.com\/hr\/author\/"},"uagb_comment_info":0,"uagb_excerpt":"Al Fakher Mega Max 40K Disposable E Shisha with Adjustable Airflow \u2013 Wholesale Ready Al Fakher Crown Bar Mega Max 40000 Puffs Hookah Vape for EU Wholesale Mega Max 40K by Al Fakher \u2013 Long-Lasting Disposable E Shisha at Wholesale Price Add Amy's whatsapp to get right reply and discount price! WhatsApp: +86 17776015835","_links":{"self":[{"href":"https:\/\/vapestornado.com\/hr\/wp-json\/wp\/v2\/product\/4781","targetHints":{"allow":["GET"]}}],"collection":[{"href":"https:\/\/vapestornado.com\/hr\/wp-json\/wp\/v2\/product"}],"about":[{"href":"https:\/\/vapestornado.com\/hr\/wp-json\/wp\/v2\/types\/product"}],"replies":[{"embeddable":true,"href":"https:\/\/vapestornado.com\/hr\/wp-json\/wp\/v2\/comments?post=4781"}],"wp:featuredmedia":[{"embeddable":true,"href":"https:\/\/vapestornado.com\/hr\/wp-json\/wp\/v2\/media\/4776"}],"wp:attachment":[{"href":"https:\/\/vapestornado.com\/hr\/wp-json\/wp\/v2\/media?parent=4781"}],"wp:term":[{"taxonomy":"product_brand","embeddable":true,"href":"https:\/\/vapestornado.com\/hr\/wp-json\/wp\/v2\/product_brand?post=4781"},{"taxonomy":"product_cat","embeddable":true,"href":"https:\/\/vapestornado.com\/hr\/wp-json\/wp\/v2\/product_cat?post=4781"},{"taxonomy":"product_tag","embeddable":true,"href":"https:\/\/vapestornado.com\/hr\/wp-json\/wp\/v2\/product_tag?post=4781"}],"curies":[{"name":"wp","href":"https:\/\/api.w.org\/{rel}","templated":true}]}}