{"id":4703,"date":"2025-12-19T06:50:39","date_gmt":"2025-12-19T06:50:39","guid":{"rendered":"https:\/\/vapestornado.com\/?post_type=product&#038;p=4703"},"modified":"2025-12-19T07:56:00","modified_gmt":"2025-12-19T07:56:00","slug":"bang-box-200k-200000-puff-disposable-vape-pen-wholesale-price-8-flavor-adjustable","status":"publish","type":"product","link":"https:\/\/vapestornado.com\/hr\/product\/bang-box-200k-200000-puff-disposable-vape-pen-wholesale-price-8-flavor-adjustable\/","title":{"rendered":"Bang Box 200k 200000 Udisaja Jednokratni Vape Olovka na Veliko Cijena 8 Okusa Pode\u0161avanje"},"content":{"rendered":"<h2 data-pm-slice=\"1 1 []\">Bang Box 200k 200000 Udisaja Jednokratni Vape Olovka na Veliko Cijena 8 Okusa Pode\u0161avanje<\/h2>\n<p data-start=\"88\" data-end=\"695\">Ovo <strong data-start=\"92\" data-end=\"109\">Bang Box 200k<\/strong> (tako\u0111er poznat kao <strong data-start=\"128\" data-end=\"152\">Bang Box 200000 udisaja<\/strong>) je visokokapacitetni <strong data-start=\"173\" data-end=\"196\">jednokratna vape olovka<\/strong> ure\u0111aj napravljen za odrasle koji \u017eele jedan ure\u0111aj koji mo\u017ee raditi dulje vrijeme bez stalnog ciklusa zamjena. Kombinira vrlo veliki ciljani broj udisaja s <strong data-start=\"358\" data-end=\"374\">40 ml e-teku\u0107ine<\/strong> rezervoarom, <strong data-start=\"388\" data-end=\"401\">mre\u017easta zavojnica<\/strong> jezgrom za stabilan izlaz i <strong data-start=\"433\" data-end=\"443\">850mAh<\/strong> baterijom dizajniranom da ure\u0111aj bude upotrebljiv tijekom dugih sesija. Glavna razlika je, me\u0111utim, sustav okusa: umjesto kupnje vi\u0161e ure\u0111aja za izmjenu okusa, ovaj se model prodaje s <strong data-start=\"642\" data-end=\"665\">8 podesivih okusa<\/strong> opcija unutar jedne jedinice.<\/p>\n<p data-start=\"697\" data-end=\"1165\">Povjerenje u ovoj kategoriji proizlazi iz toga odgovara li hardver obe\u0107anju. Tvrdnja od \u201c200k\u201d bez dovoljno teku\u0107ine ili grija\u010da dizajniranog za dugotrajnu upotrebu brzo ostavlja dojam marketinga. Ovdje <strong data-start=\"884\" data-end=\"892\">40ml<\/strong> kapacitet je prava osnova, a <strong data-start=\"934\" data-end=\"947\">mre\u017easta zavojnica<\/strong> je prakti\u010dni odabir za ravnomjerno zagrijavanje i dosljednu isporuku okusa. Veli\u010dina baterije tako\u0111er je va\u017ena: <strong data-start=\"1056\" data-end=\"1066\">850mAh<\/strong> je namijenjen za podr\u0161ku produ\u017eenoj upotrebi, tako da iskustvo ne opada rano isklju\u010divo zbog snage.<\/p>\n<p data-start=\"1167\" data-end=\"1741\">Koncept okusa je tako\u0111er funkcionalniji nego \u0161to zvu\u010di. S <strong data-start=\"1232\" data-end=\"1255\">8 podesivih okusa<\/strong>, ure\u0111aj je namijenjen za ljude koji se dosa\u0111uju s jednim profilom nakon jednog ili dva dana. Umjesto da zavr\u0161e cijeli ure\u0111aj s jednim okusom, korisnici mogu mijenjati profile ovisno o dobu dana\u2014ne\u0161to \u010di\u0161\u0107e poput mente kada \u017eelite da bude hrskavo, ili vo\u0107na\/slatka mje\u0161avina kada \u017eelite vi\u0161e slatko\u0107e. Za veleprodava\u010de, ovo je lak\u0161e prodati jer smanjuje rizik od \u201cpogre\u0161nog okusa\u201d: kupci imaju raznolikost unutar jednog ure\u0111aja, \u0161to mo\u017ee pobolj\u0161ati zadovoljstvo i ponovnu narud\u017ebu.<\/p>\n<p data-start=\"1743\" data-end=\"2146\">Iz veleprodajnog aspekta, <strong data-start=\"1777\" data-end=\"1796\">veleprodajna cijena<\/strong> privla\u010dnost nije samo u cijeni po jedinici. Radi se o tome \u0161to mo\u017eete sigurnosno obe\u0107ati na pultu: dugotrajno trajanje, sna\u017ena raznolikost okusa i sustav \u017eica koji je izgra\u0111en za odr\u017eavanje stabilne performanse. To \u010dini Bang Box 200k sna\u017enom opcijom za trgovce koji \u017eele proizvod s glavnim naglaskom koji djeluje premium u kori\u0161tenju, a istovremeno odgovara kupnji s vrijedno\u0161\u0107u.<\/p>\n<p><strong><span style=\"color: #ff0000;\">Dodajte Amy na WhatsApp za brzi odgovor i kupon za vape!<\/span><\/strong><\/p>\n<p><img fetchpriority=\"high\" decoding=\"async\" class=\"size-full wp-image-2932\" src=\"https:\/\/vapestornado.com\/wp-content\/uploads\/2024\/12\/Vape-Wholesale.jpg\" alt=\"Veleprodaja vejpova\" width=\"229\" height=\"300\" \/><\/p>\n<h3><a href=\"https:\/\/wa.me\/8617776015835\" target=\"_blank\" rel=\"noopener\"><span style=\"color: #ff0000;\"><strong>WhatsApp: +86 17776015835<\/strong><\/span><\/a><\/h3>\n<h2 class=\"product-title\"><strong>Popis okusa za Bang Box 200000 Pu\u0161enja<\/strong><\/h2>\n<ol data-start=\"2433\" data-end=\"3152\">\n<li data-start=\"2433\" data-end=\"2499\">\n<p data-start=\"2436\" data-end=\"2499\">Borovnica Led \/ Borovnica Watermelon \/ Malina \/ Limun Limeta<\/p>\n<\/li>\n<li data-start=\"2500\" data-end=\"2567\">\n<p data-start=\"2503\" data-end=\"2567\">Watermelon Ice \/ Watermelon Bubblegum \/ Vi\u0161nja Led \/ Bubblegum<\/p>\n<\/li>\n<li data-start=\"2568\" data-end=\"2632\">\n<p data-start=\"2571\" data-end=\"2632\">Menta Led \/ Borovnica Malina Led \/ Gro\u017e\u0111e Led \/ Nerd Candy<\/p>\n<\/li>\n<li data-start=\"2633\" data-end=\"2703\">\n<p data-start=\"2636\" data-end=\"2703\">Triple Honeydew \/ Love 66 \/ Passion Fruit \/ Ananas Kokos Led<\/p>\n<\/li>\n<li data-start=\"2704\" data-end=\"2779\">\n<p data-start=\"2707\" data-end=\"2779\">Dvostruka Jabuka \/ Kisele Jabuke Malina \/ Kupina Led \/ Ananas Breskva<\/p>\n<\/li>\n<li data-start=\"2780\" data-end=\"2854\">\n<p data-start=\"2783\" data-end=\"2854\">Jagoda Led \/ Jagoda Kiwi \/ Plava Malina Led \/ Roza Limunada<\/p>\n<\/li>\n<li data-start=\"2855\" data-end=\"2925\">\n<p data-start=\"2858\" data-end=\"2925\">Vi\u0161nja Cola \/ Borovnica Vi\u0161nja \/ Brusnica \/ Jagoda Malina<\/p>\n<\/li>\n<li data-start=\"2926\" data-end=\"3000\">\n<p data-start=\"2929\" data-end=\"3000\">Ananas Led \/ Kisele Mango Ananas \/ Breskva Led \/ Ananas Limunada<\/p>\n<\/li>\n<li data-start=\"3001\" data-end=\"3076\">\n<p data-start=\"3004\" data-end=\"3076\">Crni Zmaj Led \/ Jagoda Pitaja \/ Triple Bobice \/ Vi\u0161nja Brusnica<\/p>\n<\/li>\n<li data-start=\"3077\" data-end=\"3152\">\n<p data-start=\"3081\" data-end=\"3152\">Triple Mango \/ Mango Passion Fruit \/ Ananas Led \/ Jagoda Mango<\/p>\n<\/li>\n<\/ol>\n<p><strong>Ovi setovi pokrivaju osnovne europske mainstream preferencije: ledena menta, mije\u0161ano vo\u0107e, slatki slatki notes, i nekoliko bogatijih profila poput cola i mje\u0161avina dragog kamena.<\/strong><\/p>\n<div class=\"flex-shrink-0 flex flex-col relative items-end\">\n<div class=\"pt-0\">\n<div class=\"gizmo-bot-avatar flex h-8 w-8 items-center justify-center overflow-hidden rounded-full\">\n<div class=\"relative p-1 rounded-sm flex items-center justify-center bg-token-main-surface-primary text-token-text-primary h-8 w-8\">\n<p data-start=\"4971\" data-end=\"5180\">\n<\/div>\n<h2><strong>Bang Box 200k Puff Klju\u010dne zna\u010dajke proizvoda<\/strong><\/h2>\n<div class=\"relative p-1 rounded-sm flex items-center justify-center bg-token-main-surface-primary text-token-text-primary h-8 w-8\">\n<table>\n<thead>\n<tr>\n<th>Zna\u010dajka<\/th>\n<th>Specifikacija<\/th>\n<th>Obja\u0161njenje<\/th>\n<\/tr>\n<\/thead>\n<tbody>\n<tr>\n<td>Kapacitet Udisaja<\/td>\n<td>200.000 udisaja<\/td>\n<td>Dizajniran za dugotrajnu uporabu tijekom du\u017eeg razdoblja; stvarni broj udisaja varira ovisno o duljini udaha i u\u010destalosti kori\u0161tenja.<\/td>\n<\/tr>\n<tr>\n<td>Kapacitet Baterije<\/td>\n<td>850mAh<\/td>\n<td>Pru\u017ea dovoljno snage za podr\u0161ku dugim ciklusima kori\u0161tenja i odr\u017eavanje stabilnog izlaza tijekom du\u017eih sesija.<\/td>\n<\/tr>\n<tr>\n<td>Kapacitet e-tekuc\u0301ine<\/td>\n<td>40ml<\/td>\n<td>Veliki volumen e-teku\u0107ine poma\u017ee osigurati da ure\u0111aj mo\u017ee dosljedno isporu\u010divati okus tijekom cijelog vijeka trajanja.<\/td>\n<\/tr>\n<tr>\n<td>Vrsta zavojnice<\/td>\n<td>Mre\u017easta zavojnica<\/td>\n<td>Mre\u017easta struktura omogu\u0107ava ravnomjernije zagrijavanje, podr\u017eavaju\u0107i glatkije stvaranje pare i dosljedan okus tijekom du\u017ee uporabe.<\/td>\n<\/tr>\n<tr>\n<td>Sustav okusa<\/td>\n<td>8 podesivih okusa<\/td>\n<td>Omogu\u0107ava korisnicima da prebacuju izme\u0111u vi\u0161e profila okusa unutar jednog ure\u0111aja, smanjuju\u0107i umor od okusa tijekom dugotrajne uporabe.<\/td>\n<\/tr>\n<tr>\n<td>Opcije okusa<\/td>\n<td>10 skupova okusa (4 okusa po setu)<\/td>\n<td>Svaki set nudi uravnote\u017eenu mje\u0161avinu vo\u0107nih, ledenih i slatkih profila kako bi odgovarali uobi\u010dajenim europskim preferencijama okusa.<\/td>\n<\/tr>\n<tr>\n<td>Vrsta ure\u0111aja<\/td>\n<td>Jednokratni Vape Pen<\/td>\n<td>Predpunjen i spreman za kori\u0161tenje, bez potrebe za dopunjavanjem ili zamjenom grija\u010da.<\/td>\n<\/tr>\n<tr>\n<td>Stil kori\u0161tenja<\/td>\n<td>Dugotrajno<\/td>\n<td>Dizajniran za korisnike koji preferiraju manje zamjena i du\u017ee intervale izme\u0111u promjena ure\u0111aja.<\/td>\n<\/tr>\n<tr>\n<td>Ciljno tr\u017ei\u0161te<\/td>\n<td>Odrasli korisnici i veleprodaja<\/td>\n<td>Prikladno za maloprodaju i kupovinu na veliko po veleprodajnim cijenama.<\/td>\n<\/tr>\n<\/tbody>\n<\/table>\n<figure id=\"attachment_4699\" aria-describedby=\"caption-attachment-4699\" style=\"width: 263px\" class=\"wp-caption alignnone\"><img decoding=\"async\" class=\"size-medium wp-image-4699\" src=\"https:\/\/vapestornado.com\/wp-content\/uploads\/2025\/12\/Bang-Box-200k-200000-Puffs-Disposable-Vape-Shop-Online-263x300.webp\" alt=\"Bang Box 200k 200000 Udisaja Jednokratni Vape Trgovina Online\" width=\"263\" height=\"300\" srcset=\"https:\/\/vapestornado.com\/wp-content\/uploads\/2025\/12\/Bang-Box-200k-200000-Puffs-Disposable-Vape-Shop-Online-263x300.webp 263w, https:\/\/vapestornado.com\/wp-content\/uploads\/2025\/12\/Bang-Box-200k-200000-Puffs-Disposable-Vape-Shop-Online-768x875.webp 768w, https:\/\/vapestornado.com\/wp-content\/uploads\/2025\/12\/Bang-Box-200k-200000-Puffs-Disposable-Vape-Shop-Online-11x12.webp 11w, https:\/\/vapestornado.com\/wp-content\/uploads\/2025\/12\/Bang-Box-200k-200000-Puffs-Disposable-Vape-Shop-Online-600x683.webp 600w, https:\/\/vapestornado.com\/wp-content\/uploads\/2025\/12\/Bang-Box-200k-200000-Puffs-Disposable-Vape-Shop-Online.webp 800w\" sizes=\"(max-width: 263px) 100vw, 263px\" \/><figcaption id=\"caption-attachment-4699\" class=\"wp-caption-text\">Bang Box 200k 200000 Udisaja Jednokratni Vape Trgovina Online<\/figcaption><\/figure>\n<figure id=\"attachment_4697\" aria-describedby=\"caption-attachment-4697\" style=\"width: 300px\" class=\"wp-caption alignnone\"><img decoding=\"async\" class=\"size-medium wp-image-4697\" src=\"https:\/\/vapestornado.com\/wp-content\/uploads\/2025\/12\/Bang-Box-200k-200000-Puffs-Disposable-Vape-Long-Lasting-300x218.webp\" alt=\"Bang Box 200k 200000 Udisaja Jednokratni Vape Dugotrajno\" width=\"300\" height=\"218\" srcset=\"https:\/\/vapestornado.com\/wp-content\/uploads\/2025\/12\/Bang-Box-200k-200000-Puffs-Disposable-Vape-Long-Lasting-300x218.webp 300w, https:\/\/vapestornado.com\/wp-content\/uploads\/2025\/12\/Bang-Box-200k-200000-Puffs-Disposable-Vape-Long-Lasting-1024x744.webp 1024w, https:\/\/vapestornado.com\/wp-content\/uploads\/2025\/12\/Bang-Box-200k-200000-Puffs-Disposable-Vape-Long-Lasting-768x558.webp 768w, https:\/\/vapestornado.com\/wp-content\/uploads\/2025\/12\/Bang-Box-200k-200000-Puffs-Disposable-Vape-Long-Lasting-1536x1117.webp 1536w, https:\/\/vapestornado.com\/wp-content\/uploads\/2025\/12\/Bang-Box-200k-200000-Puffs-Disposable-Vape-Long-Lasting-2048x1489.webp 2048w, https:\/\/vapestornado.com\/wp-content\/uploads\/2025\/12\/Bang-Box-200k-200000-Puffs-Disposable-Vape-Long-Lasting-18x12.webp 18w, https:\/\/vapestornado.com\/wp-content\/uploads\/2025\/12\/Bang-Box-200k-200000-Puffs-Disposable-Vape-Long-Lasting-600x436.webp 600w\" sizes=\"(max-width: 300px) 100vw, 300px\" \/><figcaption id=\"caption-attachment-4697\" class=\"wp-caption-text\">Bang Box 200k 200000 Udisaja Jednokratni Vape Dugotrajno<\/figcaption><\/figure>\n<h2 data-start=\"1200\" data-end=\"1487\">Vapes Tornado \u2013 Va\u0161a veleprodajna online trgovina za vrhunske vape marke<\/h2>\n<p data-start=\"1200\" data-end=\"1487\"><strong data-start=\"141\" data-end=\"177\">Vapes Tornado Online du\u0107an za dim<\/strong> va\u0161 pouzdani izvor za <strong data-start=\"205\" data-end=\"270\">premium jednokratne vape i veleprodajne e-cigarete u Europi<\/strong>. Isti\u010demo najbolje prodavane marke poput <strong data-start=\"307\" data-end=\"362\"><a href=\"https:\/\/vapestornado.com\/hr\/product\/randm-12000-puffs-fumot-digital-disposable-vape-wholesale-price\/\">Fumot VAPE<\/a>, <a href=\"https:\/\/vapestornado.com\/hr\/product\/original-wga-ultra-35k-35000-puff-rechargeable-crystal-disposable-nicotine-vape-best-discount-price\/\">WGA VAPE<\/a>, <\/strong><strong data-start=\"307\" data-end=\"362\"><a href=\"https:\/\/vapestornado.com\/hr\/product\/vozol-gear-shisha-25k-25000-puffs-best-dtl-disposable-vape-hookah-cheap-price\/\">VOZOL BAR VAPE<\/a>, \u00a0 Bang Vape<\/strong>, i vi\u0161e, osiguravaju\u0107i kvalitetu i raznolikost za svakog kupca. Bilo da ste pojedina\u010dni vaper ili veleprodajni kupac, dostavljamo <strong data-start=\"481\" data-end=\"550\">visokou\u010dinkovite ure\u0111aje, moderne dizajne i konkurentne cijene<\/strong> za va\u0161e potrebe.<\/p>\n<h2 data-start=\"2064\" data-end=\"2115\">\u010cesto postavljana pitanja o WASPE 150K 150000 Dimnih Jednokratnih Vape<\/h2>\n<p data-start=\"4211\" data-end=\"4399\"><strong data-start=\"4211\" data-end=\"4264\">1) Je li \u201cBang Box 200000 udisaja\u201d zajam\u010deni broj?<\/strong><br data-start=\"4264\" data-end=\"4267\" \/>Ne. Broj udaha ovisi o duljini udaha, koliko \u010desto vapujete i stil kori\u0161tenja. To je maksimalno tvrdnja, a ne fiksni rezultat za svakog korisnika.<\/p>\n<p data-start=\"4401\" data-end=\"4622\"><strong data-start=\"4401\" data-end=\"4457\">2) \u0160to zna\u010di \u201c8 podesivih okusa\u201d u praksi?<\/strong><br data-start=\"4457\" data-end=\"4460\" \/>To zna\u010di da je ure\u0111aj napravljen tako da korisnici mogu prebacivati izme\u0111u vi\u0161e profila okusa unutar jednog ure\u0111aja (prodaje se kao setovi okusa), \u010dime se smanjuje umor od okusa tijekom du\u017ee uporabe.<\/p>\n<p data-start=\"4624\" data-end=\"4844\"><strong data-start=\"4624\" data-end=\"4688\">3) Za\u0161to je mre\u017easta grija\u010da va\u017ena kod dugotrajne jednokratne e-cigarete?<\/strong><br data-start=\"4688\" data-end=\"4691\" \/>Mre\u017easte grija\u010de koriste se za ravnomjernije zagrijavanje, \u0161to poma\u017ee odr\u017eati stabilniji okus i izlaz pare tijekom du\u017ee uporabe u usporedbi s jednostavnijim strukturama grija\u010da.<\/p>\n<p data-start=\"4846\" data-end=\"4969\"><strong data-start=\"4846\" data-end=\"4883\">4) Koliko e-juica mo\u017ee sadr\u017eavati?<\/strong><br data-start=\"4883\" data-end=\"4886\" \/>Navedeno je kao <strong data-start=\"4904\" data-end=\"4912\">40ml<\/strong>, \u0161to je prakti\u010dna baza koja podr\u017eava dugotrajno trajanje rada.<\/p>\n<p data-start=\"4971\" data-end=\"5180\"><strong data-start=\"4971\" data-end=\"5030\">5) Je li ovo prvenstveno za maloprodajne korisnike ili za veleprodajne kupce?<\/strong><br data-start=\"5030\" data-end=\"5033\" \/>Oboje. Krajnji korisnici dobivaju dugotrajnu uporabu i raznolikost; veleprodajni kupci dobivaju jasan, lako prodajni proizvod s konkurentnom <strong data-start=\"5160\" data-end=\"5179\">veleprodajna cijena<\/strong>.<\/p>\n<\/div>\n<\/div>\n<\/div>\n<\/div>","protected":false},"excerpt":{"rendered":"<p data-start=\"3411\" data-end=\"3490\">Ovo <strong data-start=\"35\" data-end=\"52\">Bang Box 200k<\/strong> je dugotrajna jednokratna vape olovka dizajnirana za produljenu upotrebu i fleksibilnost okusa. Isporu\u010duje do <strong data-start=\"160\" data-end=\"176\">200000 udisaja<\/strong>, ima <strong data-start=\"189\" data-end=\"214\">kapacitet e-teku\u0107ine od 40 ml<\/strong>, <strong data-start=\"219\" data-end=\"237\">bateriju od 850mAh<\/strong>, i <strong data-start=\"245\" data-end=\"258\">mre\u017easta zavojnica<\/strong> za stabilan izlaz pare. S <strong data-start=\"290\" data-end=\"313\">8 podesivih okusa<\/strong> opcija u jednom ure\u0111aju, nudi raznolikost bez \u010destih zamjena, \u0161to ga \u010dini prakti\u010dnim izborom za odrasle korisnike i sna\u017enom opcijom za pozicioniranje veleprodajne cijene.<\/p>\n<p><strong>Dodajte Amy na WhatsApp za brzi odgovor i popust!<\/strong><\/p>\n<p><img fetchpriority=\"high\" decoding=\"async\" class=\"size-full wp-image-2932\" src=\"https:\/\/vapestornado.com\/wp-content\/uploads\/2024\/12\/Vape-Wholesale.jpg\" alt=\"Veleprodaja vejpova\" width=\"229\" height=\"300\" \/><\/p>\n<h3><a href=\"https:\/\/wa.me\/8617776015835\"><span style=\"color: #ff0000;\"><strong>WhatsApp: +86 17776015835<\/strong><\/span><\/a><\/h3>","protected":false},"featured_media":4696,"comment_status":"open","ping_status":"closed","template":"","meta":{"_acf_changed":false,"_uag_custom_page_level_css":"","_lmt_disableupdate":"no","_lmt_disable":"","_monsterinsights_skip_tracking":false,"_monsterinsights_sitenote_active":false,"_monsterinsights_sitenote_note":"","_monsterinsights_sitenote_category":0,"site-sidebar-layout":"default","site-content-layout":"","ast-site-content-layout":"default","site-content-style":"default","site-sidebar-style":"default","ast-global-header-display":"","ast-banner-title-visibility":"","ast-main-header-display":"","ast-hfb-above-header-display":"","ast-hfb-below-header-display":"","ast-hfb-mobile-header-display":"","site-post-title":"","ast-breadcrumbs-content":"","ast-featured-img":"","footer-sml-layout":"","ast-disable-related-posts":"","theme-transparent-header-meta":"default","adv-header-id-meta":"","stick-header-meta":"","header-above-stick-meta":"","header-main-stick-meta":"","header-below-stick-meta":"","astra-migrate-meta-layouts":"set","ast-page-background-enabled":"default","ast-page-background-meta":{"desktop":{"background-color":"","background-image":"","background-repeat":"repeat","background-position":"center center","background-size":"auto","background-attachment":"scroll","background-type":"","background-media":"","overlay-type":"","overlay-color":"","overlay-opacity":"","overlay-gradient":""},"tablet":{"background-color":"","background-image":"","background-repeat":"repeat","background-position":"center center","background-size":"auto","background-attachment":"scroll","background-type":"","background-media":"","overlay-type":"","overlay-color":"","overlay-opacity":"","overlay-gradient":""},"mobile":{"background-color":"","background-image":"","background-repeat":"repeat","background-position":"center center","background-size":"auto","background-attachment":"scroll","background-type":"","background-media":"","overlay-type":"","overlay-color":"","overlay-opacity":"","overlay-gradient":""}},"ast-content-background-meta":{"desktop":{"background-color":"var(--ast-global-color-5)","background-image":"","background-repeat":"repeat","background-position":"center center","background-size":"auto","background-attachment":"scroll","background-type":"","background-media":"","overlay-type":"","overlay-color":"","overlay-opacity":"","overlay-gradient":""},"tablet":{"background-color":"var(--ast-global-color-5)","background-image":"","background-repeat":"repeat","background-position":"center center","background-size":"auto","background-attachment":"scroll","background-type":"","background-media":"","overlay-type":"","overlay-color":"","overlay-opacity":"","overlay-gradient":""},"mobile":{"background-color":"var(--ast-global-color-5)","background-image":"","background-repeat":"repeat","background-position":"center center","background-size":"auto","background-attachment":"scroll","background-type":"","background-media":"","overlay-type":"","overlay-color":"","overlay-opacity":"","overlay-gradient":""}},"_joinchat":[]},"product_brand":[],"product_cat":[64,151,152,153,154,142,144,146],"product_tag":[500,499,387,287,498,390,393,386],"class_list":{"0":"post-4703","1":"product","2":"type-product","3":"status-publish","4":"has-post-thumbnail","6":"product_cat-bangbox-vape","7":"product_cat-buy-disposable-vapes-in-france","8":"product_cat-buy-disposable-vapes-in-cermany","9":"product_cat-buy-disposable-vapes-in-italy","10":"product_cat-buy-disposable-vapes-in-netherlands","11":"product_cat-digital-box-disposable-vapes","12":"product_cat-low-nicotine-disposable-vapes","13":"product_cat-rechargeable-disposable-vapes","14":"product_tag-200k-puff-vape","15":"product_tag-bang-box-200k","16":"product_tag-cigarette-vapor","17":"product_tag-disposable-vape-pen","18":"product_tag-long-lasting-vape","19":"product_tag-online-vape-shop","20":"product_tag-vape-cartridge","21":"product_tag-vape-pen","22":"desktop-align-left","23":"tablet-align-left","24":"mobile-align-left","26":"first","27":"instock","28":"sale","29":"shipping-taxable","30":"purchasable","31":"product-type-simple"},"acf":[],"uagb_featured_image_src":{"full":["https:\/\/vapestornado.com\/wp-content\/uploads\/2025\/12\/Bang-Box-200k-200000-Puffs-Disposable-Vape-Box-Wholesale-Price.webp",1000,1000,false],"thumbnail":["https:\/\/vapestornado.com\/wp-content\/uploads\/2025\/12\/Bang-Box-200k-200000-Puffs-Disposable-Vape-Box-Wholesale-Price-150x150.webp",150,150,true],"medium":["https:\/\/vapestornado.com\/wp-content\/uploads\/2025\/12\/Bang-Box-200k-200000-Puffs-Disposable-Vape-Box-Wholesale-Price-300x300.webp",300,300,true],"medium_large":["https:\/\/vapestornado.com\/wp-content\/uploads\/2025\/12\/Bang-Box-200k-200000-Puffs-Disposable-Vape-Box-Wholesale-Price-768x768.webp",768,768,true],"large":["https:\/\/vapestornado.com\/wp-content\/uploads\/2025\/12\/Bang-Box-200k-200000-Puffs-Disposable-Vape-Box-Wholesale-Price.webp",1000,1000,false],"1536x1536":["https:\/\/vapestornado.com\/wp-content\/uploads\/2025\/12\/Bang-Box-200k-200000-Puffs-Disposable-Vape-Box-Wholesale-Price.webp",1000,1000,false],"2048x2048":["https:\/\/vapestornado.com\/wp-content\/uploads\/2025\/12\/Bang-Box-200k-200000-Puffs-Disposable-Vape-Box-Wholesale-Price.webp",1000,1000,false],"trp-custom-language-flag":["https:\/\/vapestornado.com\/wp-content\/uploads\/2025\/12\/Bang-Box-200k-200000-Puffs-Disposable-Vape-Box-Wholesale-Price-12x12.webp",12,12,true],"woocommerce_thumbnail":["https:\/\/vapestornado.com\/wp-content\/uploads\/2025\/12\/Bang-Box-200k-200000-Puffs-Disposable-Vape-Box-Wholesale-Price-300x300.webp",300,300,true],"woocommerce_single":["https:\/\/vapestornado.com\/wp-content\/uploads\/2025\/12\/Bang-Box-200k-200000-Puffs-Disposable-Vape-Box-Wholesale-Price-600x600.webp",600,600,true],"woocommerce_gallery_thumbnail":["https:\/\/vapestornado.com\/wp-content\/uploads\/2025\/12\/Bang-Box-200k-200000-Puffs-Disposable-Vape-Box-Wholesale-Price-100x100.webp",100,100,true]},"uagb_author_info":{"display_name":"ESAMY","author_link":"https:\/\/vapestornado.com\/hr\/author\/"},"uagb_comment_info":0,"uagb_excerpt":"The Bang Box 200k is a long lasting disposable vape pen designed for extended use and flavour flexibility. It delivers up to 200000 puffs, features a 40ml e-juice capacity, an 850mAh battery, and a mesh coil for stable vapour output. With 8 adjustable flavor options in one device, it offers variety without frequent replacements, making&hellip;","_links":{"self":[{"href":"https:\/\/vapestornado.com\/hr\/wp-json\/wp\/v2\/product\/4703","targetHints":{"allow":["GET"]}}],"collection":[{"href":"https:\/\/vapestornado.com\/hr\/wp-json\/wp\/v2\/product"}],"about":[{"href":"https:\/\/vapestornado.com\/hr\/wp-json\/wp\/v2\/types\/product"}],"replies":[{"embeddable":true,"href":"https:\/\/vapestornado.com\/hr\/wp-json\/wp\/v2\/comments?post=4703"}],"wp:featuredmedia":[{"embeddable":true,"href":"https:\/\/vapestornado.com\/hr\/wp-json\/wp\/v2\/media\/4696"}],"wp:attachment":[{"href":"https:\/\/vapestornado.com\/hr\/wp-json\/wp\/v2\/media?parent=4703"}],"wp:term":[{"taxonomy":"product_brand","embeddable":true,"href":"https:\/\/vapestornado.com\/hr\/wp-json\/wp\/v2\/product_brand?post=4703"},{"taxonomy":"product_cat","embeddable":true,"href":"https:\/\/vapestornado.com\/hr\/wp-json\/wp\/v2\/product_cat?post=4703"},{"taxonomy":"product_tag","embeddable":true,"href":"https:\/\/vapestornado.com\/hr\/wp-json\/wp\/v2\/product_tag?post=4703"}],"curies":[{"name":"wp","href":"https:\/\/api.w.org\/{rel}","templated":true}]}}