{"id":4702,"date":"2025-12-19T06:49:15","date_gmt":"2025-12-19T06:49:15","guid":{"rendered":"https:\/\/vapestornado.com\/?post_type=product&#038;p=4702"},"modified":"2025-12-22T09:50:48","modified_gmt":"2025-12-22T09:50:48","slug":"okso-120k-120000-puffs-6-in-1-multiple-flavors-screen-digital-display-disposable-vaper","status":"publish","type":"product","link":"https:\/\/vapestornado.com\/hr\/product\/okso-120k-120000-puffs-6-in-1-multiple-flavors-screen-digital-display-disposable-vaper\/","title":{"rendered":"OKSO 120k 120000 Udisaja Jedinstveni Vaper s Digitalnim Zaslonom za Jednokratnu Upotrebu s Vi\u0161e Okusa 6 u 1"},"content":{"rendered":"<h2 data-pm-slice=\"1 1 []\">OKSO 120k 120000 Udisaja Jedinstveni Vaper s Digitalnim Zaslonom za Jednokratnu Upotrebu s Vi\u0161e Okusa 6 u 1<\/h2>\n<p data-start=\"84\" data-end=\"483\">Ovo <strong data-start=\"88\" data-end=\"106\">OKSO 120k Dim<\/strong> (tako\u0111er poznat kao <strong data-start=\"122\" data-end=\"143\">OKSO 120000 Dim<\/strong>) je visokokapacitetni <strong data-start=\"164\" data-end=\"184\">Jednokratni vaporizator<\/strong> dizajniran za odrasle korisnike koji \u017eele dugo trajanje kori\u0161tenja, jasnu povratnu informaciju o ure\u0111aju i fleksibilnost okusa u jednoj \u010dvrstoj jedinici. Ovaj model je izgra\u0111en oko <strong data-start=\"331\" data-end=\"364\">6 u 1 vi\u0161estrukog sustava okusa<\/strong>, a <strong data-start=\"368\" data-end=\"387\">digitalni zaslon<\/strong>, te strukturiranog unutarnjeg rasporeda koji podr\u017eava produ\u017eenu uporabu bez oslanjanja na nejasne obe\u0107anja.<\/p>\n<p data-start=\"485\" data-end=\"734\">Umjesto fokusiranja na izgled ili trendove, OKSO 120k je dizajniran prema na\u010dinu na koji ljudi zapravo koriste ure\u0111aj s visokim brojem dimova tijekom vremena: \u010desto dnevno kori\u0161tenje, promjena preferencija okusa i potreba za razumijevanjem \u0161to ure\u0111aj radi u svakom trenutku.<\/p>\n<h3 data-start=\"741\" data-end=\"772\">Za\u0161to ovaj OKSO 120K ure\u0111aj za vaping postaje popularan?<\/h3>\n<p data-start=\"774\" data-end=\"930\">\u00a0Ure\u0111aj s ocjenom od <strong data-start=\"871\" data-end=\"887\">120000 udisaja<\/strong> treba vi\u0161e od velikog broja na kutiji. Okso 120000 dim vaporizator elementi rade zajedno kako bi performanse bile predvidljivije, \u0161to je osnova dugoro confidence korisnika.<\/p>\n<ul data-start=\"932\" data-end=\"1451\">\n<li data-start=\"932\" data-end=\"1111\">\n<p data-start=\"934\" data-end=\"1111\"><strong data-start=\"934\" data-end=\"977\">Sustav trostruke mre\u017ene zavojnice (Mesh zavojnica \u00d73):<\/strong> vi\u0161e mre\u017enih jezgri poma\u017ee ravnomjernije rasporediti toplinu dok se teku\u0107ina tro\u0161i, \u0161to podr\u017eava stabilniji izlaz pare tijekom dugotrajne uporabe.<\/p>\n<\/li>\n<li data-start=\"1112\" data-end=\"1258\">\n<p data-start=\"1114\" data-end=\"1258\"><strong data-start=\"1114\" data-end=\"1152\">Tri komore za e-teku\u0107inu (20ml \u00d73):<\/strong> volumen teku\u0107ine je podijeljen kako bi se osigurala dosljedna isporuka, a ne oslanjati se na jedan veliki spremnik.<\/p>\n<\/li>\n<li data-start=\"1259\" data-end=\"1451\">\n<p data-start=\"1261\" data-end=\"1451\"><strong data-start=\"1261\" data-end=\"1301\">Baterija od 850mAh s digitalnim prikazom:<\/strong> kapacitet baterije je uskla\u0111en s redovitom dnevnom uporabom, dok <strong data-start=\"1366\" data-end=\"1385\">Digitalni zaslon<\/strong> prikazuje stanje ure\u0111aja u stvarnom vremenu, smanjuju\u0107i neizvjesnost za korisnika.<\/p>\n<\/li>\n<li data-start=\"1696\" data-end=\"1852\">\n<p data-start=\"1698\" data-end=\"1852\"><strong data-start=\"1698\" data-end=\"1733\">6-u-1 podesiv sustav okusa<\/strong> omogu\u0107ava korisnicima da prebacuju izme\u0111u opcija okusa unutar jednog ure\u0111aja, poma\u017eu\u0107i izbje\u0107i umor od okusa tijekom du\u017ee uporabe.<\/p>\n<\/li>\n<li data-start=\"1853\" data-end=\"1964\">\n<p data-start=\"1855\" data-end=\"1964\"><strong data-start=\"1855\" data-end=\"1874\">Digitalni zaslon<\/strong> pru\u017ea vidljive povratne informacije umjesto oslanjanja na naga\u0111anje kada se ja\u010dina pare mijenja.<\/p>\n<\/li>\n<li data-start=\"1965\" data-end=\"2065\">\n<p data-start=\"1967\" data-end=\"2065\"><strong data-start=\"1967\" data-end=\"1989\">Visoka kapacitet za dim<\/strong> smanjuje koliko \u010desto je potrebno zamijeniti, \u0161to je va\u017eno za redovite korisnike.<\/p>\n<\/li>\n<\/ul>\n<p>Za prodava\u010de i distributere, iste to\u010dke \u010dine ure\u0111aj lak\u0161im za obja\u0161njenje, lak\u0161im za podr\u0161ku i prikladnim za <strong data-start=\"2188\" data-end=\"2210\">Veleprodajni dobavlja\u010d<\/strong> kanale koji se natje\u010du na <strong data-start=\"2236\" data-end=\"2251\">Jeftina cijena<\/strong> bez \u017ertvovanja vjerodostojnosti.<\/p>\n<p><strong><span style=\"color: #ff0000;\">Dodajte Amy na WhatsApp za brzi odgovor i kupon za vape!<\/span><\/strong><\/p>\n<p><img fetchpriority=\"high\" decoding=\"async\" class=\"size-full wp-image-2932\" src=\"https:\/\/vapestornado.com\/wp-content\/uploads\/2024\/12\/Vape-Wholesale.jpg\" alt=\"Veleprodaja vejpova\" width=\"229\" height=\"300\" \/><\/p>\n<h3><a href=\"https:\/\/wa.me\/8617776015835\" target=\"_blank\" rel=\"noopener\"><span style=\"color: #ff0000;\"><strong>WhatsApp: +86 17776015835<\/strong><\/span><\/a><\/h3>\n<p>&nbsp;<\/p>\n<h2><strong>OKSO 120k 120000 Dimnih proizvoda zna\u010dajke<\/strong><\/h2>\n<table>\n<thead>\n<tr>\n<th>Zna\u010dajka<\/th>\n<th>Specifikacija<\/th>\n<th>Opis<\/th>\n<\/tr>\n<\/thead>\n<tbody>\n<tr>\n<td>Marka<\/td>\n<td>OKSO<\/td>\n<td>Uspje\u0161na marka vapinga usmjerena na visokokapacitetne jednokratne ure\u0111aje.<\/td>\n<\/tr>\n<tr>\n<td>Kapacitet Udisaja<\/td>\n<td>Do 120000 udisaja<\/td>\n<td>Dizajniran za produ\u017eenu uporabu; stvarni broj udisaja varira o duljini udaha i navikama kori\u0161tenja.<\/td>\n<\/tr>\n<tr>\n<td>Struktura grija\u010da<\/td>\n<td>Mre\u017easta grija\u010da \u00d73<\/td>\n<td>Vi\u0161e mre\u017eastih jezgri poma\u017ee ravnomjerno rasporediti toplinu za stabilniji izlaz pare tijekom vremena.<\/td>\n<\/tr>\n<tr>\n<td>Kapacitet E-teku\u0107ine<\/td>\n<td>20ml \u00d73<\/td>\n<td>Podijeljeni spremnici za teku\u0107inu podr\u017eavaju dosljednu isporuku tijekom dugih ciklusa kori\u0161tenja.<\/td>\n<\/tr>\n<tr>\n<td>Opcije nikotina<\/td>\n<td>2% \/ 5%<\/td>\n<td>Dva ja\u010dine opcije za razli\u010dite preferencije odraslih (ovisno o tr\u017ei\u0161tu).<\/td>\n<\/tr>\n<tr>\n<td>Kapacitet Baterije<\/td>\n<td>850mAh<\/td>\n<td>Podr\u017eava redovitu dnevnu uporabu i stabilan izlaz tijekom du\u017eih sesija.<\/td>\n<\/tr>\n<tr>\n<td>Zaslon<\/td>\n<td>Digitalni zaslon<\/td>\n<td>Jasno prikazuje status ure\u0111aja, smanjuju\u0107i nesigurnost tijekom kori\u0161tenja.<\/td>\n<\/tr>\n<tr>\n<td>Sustav okusa<\/td>\n<td>6 u 1 podesivog okusa<\/td>\n<td>Omogu\u0107ava prebacivanje izme\u0111u vi\u0161e kombinacija okusa unutar jednog ure\u0111aja.<\/td>\n<\/tr>\n<tr>\n<td>Te\u017eina proizvoda<\/td>\n<td>166g<\/td>\n<td>\u010cvrsta konstrukcija dizajnirana za visokokapacitetnu uporabu.<\/td>\n<\/tr>\n<tr>\n<td>Veli\u010dina proizvoda<\/td>\n<td>51 \u00d7 51 \u00d7 131mm<\/td>\n<td>Kompaktan za svoj kapacitet, istovremeno omogu\u0107avaju\u0107i unutarnju strukturu.<\/td>\n<\/tr>\n<\/tbody>\n<\/table>\n<figure id=\"attachment_4705\" aria-describedby=\"caption-attachment-4705\" style=\"width: 300px\" class=\"wp-caption alignnone\"><img decoding=\"async\" class=\"size-medium wp-image-4705\" src=\"https:\/\/vapestornado.com\/wp-content\/uploads\/2025\/12\/OKSO-120K-120000-Puff-Disposable-Vape-POD-300x300.webp\" alt=\"OKSO 120K 120000 Udisaja jednokratni vaporizator POD\" width=\"300\" height=\"300\" srcset=\"https:\/\/vapestornado.com\/wp-content\/uploads\/2025\/12\/OKSO-120K-120000-Puff-Disposable-Vape-POD-300x300.webp 300w, https:\/\/vapestornado.com\/wp-content\/uploads\/2025\/12\/OKSO-120K-120000-Puff-Disposable-Vape-POD-150x150.webp 150w, https:\/\/vapestornado.com\/wp-content\/uploads\/2025\/12\/OKSO-120K-120000-Puff-Disposable-Vape-POD-768x768.webp 768w, https:\/\/vapestornado.com\/wp-content\/uploads\/2025\/12\/OKSO-120K-120000-Puff-Disposable-Vape-POD-12x12.webp 12w, https:\/\/vapestornado.com\/wp-content\/uploads\/2025\/12\/OKSO-120K-120000-Puff-Disposable-Vape-POD-600x600.webp 600w, https:\/\/vapestornado.com\/wp-content\/uploads\/2025\/12\/OKSO-120K-120000-Puff-Disposable-Vape-POD-100x100.webp 100w, https:\/\/vapestornado.com\/wp-content\/uploads\/2025\/12\/OKSO-120K-120000-Puff-Disposable-Vape-POD.webp 800w\" sizes=\"(max-width: 300px) 100vw, 300px\" \/><figcaption id=\"caption-attachment-4705\" class=\"wp-caption-text\">OKSO 120K 120000 Udisaja jednokratni vaporizator POD<\/figcaption><\/figure>\n<h2 class=\"product-title\"><strong>OKSO 120k 120000 Poput Pop Pop Pop Okusi Popisa<\/strong><\/h2>\n<p data-start=\"2550\" data-end=\"2736\">Svaki ure\u0111aj OKSO 120k uklju\u010duje <strong data-start=\"4483\" data-end=\"4502\">10 skupova okusa<\/strong>, a svaki skup sadr\u017ei <strong data-start=\"4526\" data-end=\"4545\">3 osnovna okusa<\/strong> i 3 kombinirana okusa koja se mogu koristiti pojedina\u010dno ili kao parne kombinacije. Ova struktura omogu\u0107ava prebacivanje okusa bez promjene ure\u0111aja i pokriva profile vo\u0107a, leda, slatki\u0161a, pi\u0107a i mije\u0161anih okusa koji su \u010desto preferirani na europskom tr\u017ei\u0161tu.<\/p>\n<p data-start=\"238\" data-end=\"252\">1. Jagoda Led \/ Lush Led \/ Mamba<br data-start=\"290\" data-end=\"293\" \/>Jagoda Led + Lush Led \/ Mamba + Jagoda Led \/ Lush Led + Mamba<\/p>\n<p data-start=\"369\" data-end=\"383\">2. Gumenjak od jagode \/ Ananas Led \/ Plava Razz Limunada<br data-start=\"446\" data-end=\"449\" \/>Gumenjak od jagode + Ananas Led \/ Gumenjak od jagode + Plava Razz Limunada \/ Plava Razz Limunada + Ananas Led<\/p>\n<p data-start=\"575\" data-end=\"589\">3. Plava Razz \/ Limun Limeta \/ Vi\u0161nja Led<br data-start=\"629\" data-end=\"632\" \/>Plava Razz + Vi\u0161nja Led \/ Plava Razz + Limun Limeta \/ Limun Limeta + Vi\u0161nja Led<\/p>\n<p data-start=\"712\" data-end=\"726\">4. Kivi Pasijefruk Guava \/ Zmajeva Vo\u0107ka Led \/ Borovnica Led<br data-start=\"790\" data-end=\"793\" \/>Kivi Pasijefruk Guava + Borovnica Led \/ Kivi Pasijefruk Guava + Zmajeva Vo\u0107ka Led \/ Zmajeva Vo\u0107ka Led + Borovnica Led<\/p>\n<p data-start=\"921\" data-end=\"935\">5. Dva Jablka \/ Fanta \/ Red Bull<br data-start=\"968\" data-end=\"971\" \/>Dva Jablka + Red Bull \/ Dva Jablka + Fanta \/ Fanta + Red Bull<\/p>\n<p data-start=\"1037\" data-end=\"1051\">6. Kiseljasto Jaje Naran\u010da \/ Crna Ribizla \/ Gro\u017e\u0111e Led<br data-start=\"1101\" data-end=\"1104\" \/>Kiseljasto Jaje Naran\u010da + Gro\u017e\u0111e Led \/ Kiseljasto Jaje Naran\u010da + Crna Ribizla \/ Crna Ribizla + Gro\u017e\u0111e Led<\/p>\n<p data-start=\"1204\" data-end=\"1218\">7. Jagoda Lubenica \/ Mango Led \/ Breskva Led<br data-start=\"1268\" data-end=\"1271\" \/>Jagoda Lubenica + Breskva Led \/ Jagoda Lubenica + Mango Led \/ Mango Led + Breskva Led<\/p>\n<p data-start=\"1371\" data-end=\"1385\">8. Jagoda Riba \/ Kiwi Vo\u0107e \/ Jagoda Mango<br data-start=\"1442\" data-end=\"1445\" \/>Jagoda Riba + Jagoda Mango \/ Jagoda Riba + Kiwi Vo\u0107e \/ Kiwi Vo\u0107e + Jagoda Mango<\/p>\n<p data-start=\"1559\" data-end=\"1573\">9. Jagoda Kiwi \/ Hladna Menta \/ Led od Borovnice i Breskve<br data-start=\"1627\" data-end=\"1630\" \/>Jagoda Kiwi + Led od Borovnice i Breskve \/ Jagoda Kiwi + Hladna Menta \/ Hladna Menta + Led od Borovnice i Breskve<\/p>\n<p data-start=\"1738\" data-end=\"1753\">10. Jabuka Kru\u0161ke \/ Mije\u0161ano Bobi\u010dasto Vo\u0107e \/ Jagoda Granat<br data-start=\"1810\" data-end=\"1813\" \/>Jabuka Kru\u0161ke + Jagoda Granat \/ Jabuka Kru\u0161ke + Mije\u0161ano Bobi\u010dasto Vo\u0107e \/ Mije\u0161ano Bobi\u010dasto Vo\u0107e + Jabuka Kru\u0161ke<\/p>\n<div class=\"flex-shrink-0 flex flex-col relative items-end\">\n<div class=\"pt-0\">\n<div class=\"gizmo-bot-avatar flex h-8 w-8 items-center justify-center overflow-hidden rounded-full\">\n<div class=\"relative p-1 rounded-sm flex items-center justify-center bg-token-main-surface-primary text-token-text-primary h-8 w-8\">\n<h2 data-start=\"1200\" data-end=\"1487\">Vapes Tornado \u2013 Va\u0161a veleprodajna online trgovina za vrhunske vape marke<\/h2>\n<p data-start=\"1200\" data-end=\"1487\"><strong data-start=\"141\" data-end=\"177\">Vapes Tornado Online du\u0107an za dim<\/strong> va\u0161 pouzdani izvor za <strong data-start=\"205\" data-end=\"270\">premium jednokratne vape i veleprodajne e-cigarete u Europi<\/strong>. Isti\u010demo najbolje prodavane marke poput <strong data-start=\"307\" data-end=\"362\"><a href=\"https:\/\/vapestornado.com\/hr\/product\/randm-12000-puffs-fumot-digital-disposable-vape-wholesale-price\/\">Fumot VAPE<\/a>, <a href=\"https:\/\/vapestornado.com\/hr\/product\/original-wga-ultra-35k-35000-puff-rechargeable-crystal-disposable-nicotine-vape-best-discount-price\/\">WGA VAPE<\/a>, <\/strong><strong data-start=\"307\" data-end=\"362\"><a href=\"https:\/\/vapestornado.com\/hr\/product\/vozol-gear-shisha-25k-25000-puffs-best-dtl-disposable-vape-hookah-cheap-price\/\">VOZOL BAR VAPE<\/a>, \u00a0 Bang Vape<\/strong>, i vi\u0161e, osiguravaju\u0107i kvalitetu i raznolikost za svakog kupca. Bilo da ste pojedina\u010dni vaper ili veleprodajni kupac, dostavljamo <strong data-start=\"481\" data-end=\"550\">visokou\u010dinkovite ure\u0111aje, moderne dizajne i konkurentne cijene<\/strong> za va\u0161e potrebe.<\/p>\n<h2 data-start=\"2064\" data-end=\"2115\">\u010cesto postavljana pitanja o OKSO 120k 120000 Udisaja Jednokratni Vape<\/h2>\n<p data-start=\"5010\" data-end=\"5178\"><strong data-start=\"5010\" data-end=\"5059\">1) Je li 120000 udisaja zajam\u010deno za svakog korisnika?<\/strong><br data-start=\"5059\" data-end=\"5062\" \/>Ne. Broj udisaja ovisi o duljini udaha, u\u010destalosti i individualnom stilu kori\u0161tenja. To predstavlja maksimalni dizajnerski cilj.<\/p>\n<p data-start=\"5180\" data-end=\"5363\"><strong data-start=\"5180\" data-end=\"5227\">2) \u0160to zna\u010di prilagodljivi okus s 6 u 1?<\/strong><br data-start=\"5227\" data-end=\"5230\" \/>To zna\u010di da jedno ure\u0111aj omogu\u0107ava prebacivanje izme\u0111u vi\u0161e opcija okusa i kombinacija, poma\u017eu\u0107i smanjiti umor od okusa tijekom du\u017ee uporabe.<\/p>\n<p data-start=\"5365\" data-end=\"5536\"><strong data-start=\"5365\" data-end=\"5414\">3) Za\u0161to ovaj ure\u0111aj koristi tri mre\u017easte zavojnice?<\/strong><br data-start=\"5414\" data-end=\"5417\" \/>Kori\u0161tenje vi\u0161e mre\u017eastih zavojnica poma\u017ee ravnomjernije rasporediti toplinu, podr\u017eavaju\u0107i dosljedan izlaz pare tijekom produ\u017eene uporabe.<\/p>\n<p data-start=\"5538\" data-end=\"5709\"><strong data-start=\"5538\" data-end=\"5592\">4) Koje informacije prikazuje Digitalni zaslon?<\/strong><br data-start=\"5592\" data-end=\"5595\" \/>Zaslon pru\u017ea vidljivo stanje ure\u0111aja kako bi korisnici mogli bolje razumjeti promjene u performansama umjesto naga\u0111anja.<\/p>\n<p data-start=\"5711\" data-end=\"5913\"><strong data-start=\"5711\" data-end=\"5766\">5) Je li ovaj proizvod prikladan za veleprodaju?<\/strong><br data-start=\"5766\" data-end=\"5769\" \/>Da. Set zna\u010dajki, stabilan dizajn performansi i struktura cijena \u010dine ga prikladnim za <strong data-start=\"5861\" data-end=\"5883\">Veleprodajni dobavlja\u010d<\/strong> distribuciju i narud\u017ebe na veliko.<\/p>\n<p data-start=\"5915\" data-end=\"6067\" data-is-last-node=\"\" data-is-only-node=\"\">Ako \u017eelite, mogu tako\u0111er pripremiti <strong data-start=\"5949\" data-end=\"5974\">skra\u0107eni B2B popis<\/strong>, a <strong data-start=\"5978\" data-end=\"6007\">samo tehni\u010dki list za specifikacije<\/strong>, ili a <strong data-start=\"6014\" data-end=\"6041\">verzija specifi\u010dna za tr\u017ei\u0161te<\/strong> za razli\u010dite EU regije.<\/p>\n<\/div>\n<\/div>\n<\/div>\n<\/div>","protected":false},"excerpt":{"rendered":"<p data-start=\"3411\" data-end=\"3490\">Ovo <strong data-start=\"35\" data-end=\"53\">OKSO 120k Dim<\/strong> je ure\u0111aj visokog kapaciteta <strong data-start=\"73\" data-end=\"93\">Jednokratni vaporizator<\/strong> isporu\u010duje do <strong data-start=\"111\" data-end=\"127\">120000 udisaja<\/strong> s <strong data-start=\"135\" data-end=\"161\">6 u 1 vi\u0161estruki okus<\/strong> podesivi sustav. Ima <strong data-start=\"195\" data-end=\"214\">digitalni zaslon<\/strong>, <strong data-start=\"216\" data-end=\"237\">trostrukim mre\u017eastim grija\u010dima<\/strong>, <strong data-start=\"239\" data-end=\"269\">20ml \u00d7 3 kapaciteta e-teku\u0107ine<\/strong>, i s <strong data-start=\"278\" data-end=\"296\">bateriju od 850mAh<\/strong> za stabilan, dugotrajan rad. Dizajniran za odrasle korisnike i veleprodajnu opskrbu, <strong data-start=\"383\" data-end=\"427\">OKSO 120000 Dim Jednokratni e-cig<\/strong>\u00a0nudi prakti\u010dnu kontrolu okusa na <strong data-start=\"466\" data-end=\"481\">niskoj cijeni<\/strong>, s opcijom da <strong data-start=\"502\" data-end=\"516\">kupi online<\/strong> od pouzdanog veleprodajnog dobavlja\u010da.<\/p>\n<p><strong>Dodajte Amy na WhatsApp za brzi odgovor i popust!<\/strong><\/p>\n<p><img fetchpriority=\"high\" decoding=\"async\" class=\"size-full wp-image-2932\" src=\"https:\/\/vapestornado.com\/wp-content\/uploads\/2024\/12\/Vape-Wholesale.jpg\" alt=\"Veleprodaja vejpova\" width=\"229\" height=\"300\" \/><\/p>\n<h3><a href=\"https:\/\/wa.me\/8617776015835\"><span style=\"color: #ff0000;\"><strong>WhatsApp: +86 17776015835<\/strong><\/span><\/a><\/h3>","protected":false},"featured_media":4707,"comment_status":"open","ping_status":"closed","template":"","meta":{"_acf_changed":false,"_uag_custom_page_level_css":"","_lmt_disableupdate":"no","_lmt_disable":"","_monsterinsights_skip_tracking":false,"_monsterinsights_sitenote_active":false,"_monsterinsights_sitenote_note":"","_monsterinsights_sitenote_category":0,"site-sidebar-layout":"default","site-content-layout":"","ast-site-content-layout":"default","site-content-style":"default","site-sidebar-style":"default","ast-global-header-display":"","ast-banner-title-visibility":"","ast-main-header-display":"","ast-hfb-above-header-display":"","ast-hfb-below-header-display":"","ast-hfb-mobile-header-display":"","site-post-title":"","ast-breadcrumbs-content":"","ast-featured-img":"","footer-sml-layout":"","ast-disable-related-posts":"","theme-transparent-header-meta":"default","adv-header-id-meta":"","stick-header-meta":"","header-above-stick-meta":"","header-main-stick-meta":"","header-below-stick-meta":"","astra-migrate-meta-layouts":"set","ast-page-background-enabled":"default","ast-page-background-meta":{"desktop":{"background-color":"","background-image":"","background-repeat":"repeat","background-position":"center center","background-size":"auto","background-attachment":"scroll","background-type":"","background-media":"","overlay-type":"","overlay-color":"","overlay-opacity":"","overlay-gradient":""},"tablet":{"background-color":"","background-image":"","background-repeat":"repeat","background-position":"center center","background-size":"auto","background-attachment":"scroll","background-type":"","background-media":"","overlay-type":"","overlay-color":"","overlay-opacity":"","overlay-gradient":""},"mobile":{"background-color":"","background-image":"","background-repeat":"repeat","background-position":"center center","background-size":"auto","background-attachment":"scroll","background-type":"","background-media":"","overlay-type":"","overlay-color":"","overlay-opacity":"","overlay-gradient":""}},"ast-content-background-meta":{"desktop":{"background-color":"var(--ast-global-color-5)","background-image":"","background-repeat":"repeat","background-position":"center center","background-size":"auto","background-attachment":"scroll","background-type":"","background-media":"","overlay-type":"","overlay-color":"","overlay-opacity":"","overlay-gradient":""},"tablet":{"background-color":"var(--ast-global-color-5)","background-image":"","background-repeat":"repeat","background-position":"center center","background-size":"auto","background-attachment":"scroll","background-type":"","background-media":"","overlay-type":"","overlay-color":"","overlay-opacity":"","overlay-gradient":""},"mobile":{"background-color":"var(--ast-global-color-5)","background-image":"","background-repeat":"repeat","background-position":"center center","background-size":"auto","background-attachment":"scroll","background-type":"","background-media":"","overlay-type":"","overlay-color":"","overlay-opacity":"","overlay-gradient":""}},"_joinchat":[]},"product_brand":[],"product_cat":[347,153,158,142,144,146,60],"product_tag":[387,287,503,502,501,393],"class_list":{"0":"post-4702","1":"product","2":"type-product","3":"status-publish","4":"has-post-thumbnail","6":"product_cat-120000-puff","7":"product_cat-buy-disposable-vapes-in-italy","8":"product_cat-buy-disposable-vapes-in-spain","9":"product_cat-digital-box-disposable-vapes","10":"product_cat-low-nicotine-disposable-vapes","11":"product_cat-rechargeable-disposable-vapes","12":"product_cat-waspe-fihp-vape","13":"product_tag-cigarette-vapor","14":"product_tag-disposable-vape-pen","15":"product_tag-multi-flavor-disposable-vape","16":"product_tag-okso-120000-puff","17":"product_tag-okso-120k","18":"product_tag-vape-cartridge","19":"desktop-align-left","20":"tablet-align-left","21":"mobile-align-left","23":"first","24":"instock","25":"sale","26":"shipping-taxable","27":"purchasable","28":"product-type-simple"},"acf":[],"uagb_featured_image_src":{"full":["https:\/\/vapestornado.com\/wp-content\/uploads\/2025\/12\/OKSO-120K-120000-Puff-Disposable-Vaper.webp",800,800,false],"thumbnail":["https:\/\/vapestornado.com\/wp-content\/uploads\/2025\/12\/OKSO-120K-120000-Puff-Disposable-Vaper-150x150.webp",150,150,true],"medium":["https:\/\/vapestornado.com\/wp-content\/uploads\/2025\/12\/OKSO-120K-120000-Puff-Disposable-Vaper-300x300.webp",300,300,true],"medium_large":["https:\/\/vapestornado.com\/wp-content\/uploads\/2025\/12\/OKSO-120K-120000-Puff-Disposable-Vaper-768x768.webp",768,768,true],"large":["https:\/\/vapestornado.com\/wp-content\/uploads\/2025\/12\/OKSO-120K-120000-Puff-Disposable-Vaper.webp",800,800,false],"1536x1536":["https:\/\/vapestornado.com\/wp-content\/uploads\/2025\/12\/OKSO-120K-120000-Puff-Disposable-Vaper.webp",800,800,false],"2048x2048":["https:\/\/vapestornado.com\/wp-content\/uploads\/2025\/12\/OKSO-120K-120000-Puff-Disposable-Vaper.webp",800,800,false],"trp-custom-language-flag":["https:\/\/vapestornado.com\/wp-content\/uploads\/2025\/12\/OKSO-120K-120000-Puff-Disposable-Vaper-12x12.webp",12,12,true],"woocommerce_thumbnail":["https:\/\/vapestornado.com\/wp-content\/uploads\/2025\/12\/OKSO-120K-120000-Puff-Disposable-Vaper-300x300.webp",300,300,true],"woocommerce_single":["https:\/\/vapestornado.com\/wp-content\/uploads\/2025\/12\/OKSO-120K-120000-Puff-Disposable-Vaper-600x600.webp",600,600,true],"woocommerce_gallery_thumbnail":["https:\/\/vapestornado.com\/wp-content\/uploads\/2025\/12\/OKSO-120K-120000-Puff-Disposable-Vaper-100x100.webp",100,100,true]},"uagb_author_info":{"display_name":"ESAMY","author_link":"https:\/\/vapestornado.com\/hr\/author\/"},"uagb_comment_info":0,"uagb_excerpt":"The OKSO 120k Puff is a high-capacity Disposable Vaper delivering up to 120000 puffs with a 6 in 1 multiple flavor adjustable system. It features a digital display, triple mesh coils, 20ml \u00d7 3 e-liquid capacity, and an 850mAh battery for stable, long-term performance. Designed for adult users and wholesale supply, the OKSO 120000 Puffs&hellip;","_links":{"self":[{"href":"https:\/\/vapestornado.com\/hr\/wp-json\/wp\/v2\/product\/4702","targetHints":{"allow":["GET"]}}],"collection":[{"href":"https:\/\/vapestornado.com\/hr\/wp-json\/wp\/v2\/product"}],"about":[{"href":"https:\/\/vapestornado.com\/hr\/wp-json\/wp\/v2\/types\/product"}],"replies":[{"embeddable":true,"href":"https:\/\/vapestornado.com\/hr\/wp-json\/wp\/v2\/comments?post=4702"}],"wp:featuredmedia":[{"embeddable":true,"href":"https:\/\/vapestornado.com\/hr\/wp-json\/wp\/v2\/media\/4707"}],"wp:attachment":[{"href":"https:\/\/vapestornado.com\/hr\/wp-json\/wp\/v2\/media?parent=4702"}],"wp:term":[{"taxonomy":"product_brand","embeddable":true,"href":"https:\/\/vapestornado.com\/hr\/wp-json\/wp\/v2\/product_brand?post=4702"},{"taxonomy":"product_cat","embeddable":true,"href":"https:\/\/vapestornado.com\/hr\/wp-json\/wp\/v2\/product_cat?post=4702"},{"taxonomy":"product_tag","embeddable":true,"href":"https:\/\/vapestornado.com\/hr\/wp-json\/wp\/v2\/product_tag?post=4702"}],"curies":[{"name":"wp","href":"https:\/\/api.w.org\/{rel}","templated":true}]}}