{"id":4596,"date":"2025-11-25T08:25:45","date_gmt":"2025-11-25T08:25:45","guid":{"rendered":"https:\/\/vapestornado.com\/?post_type=product&#038;p=4596"},"modified":"2025-11-25T08:36:27","modified_gmt":"2025-11-25T08:36:27","slug":"airmez-fox-120000-puffs-4-flavour-big-puff-disposable-vape-pen-shop-eu-warehouse","status":"publish","type":"product","link":"https:\/\/vapestornado.com\/hr\/product\/airmez-fox-120000-puffs-4-flavour-big-puff-disposable-vape-pen-shop-eu-warehouse\/","title":{"rendered":"AIRMEZ FOX 120000 Udisaja 4 Okusa Veliki Pufer Jednokratni Vape Olovka Trgovina EU Skladi\u0161te"},"content":{"rendered":"<h2 data-pm-slice=\"1 1 []\">AIRMEZ FOX 120000 \u2013 4 Okusa Veliki Pufer Jednokratni Vape Olovka EU Skladi\u0161te na skladi\u0161tu<\/h2>\n<p data-start=\"610\" data-end=\"1164\">Ovo <strong data-start=\"614\" data-end=\"635\">AIRMEZ FOX 120000<\/strong> dizajniran za veleprodajne kupce kojima je potrebna dugotrajna, stabilna izvedba <strong data-start=\"712\" data-end=\"740\">Veliki Dim Jednokratni Vape<\/strong> sa pravom privla\u010dno\u0161\u0107u za korisnike. Svaki ure\u0111aj integrira <strong data-start=\"787\" data-end=\"818\">\u010detiri neovisna spremnika od 15mL<\/strong> s ukupnim <strong data-start=\"832\" data-end=\"849\">60mL kapacitetom<\/strong>, pru\u017eaju\u0107i do <strong data-start=\"868\" data-end=\"885\">120.000 udisaja<\/strong>\u2014 jasna prednost za trgovine koje ciljaju na kupce s intenzivnom uporabom ili preprodava\u010de koji tra\u017ee sna\u017ene ponovljene narud\u017ebe. Sistem podizanja i okretanja vrha poklopca omogu\u0107ava korisnicima da odmah promijene okuse, \u010dine\u0107i ga jednim od najprakti\u010dnijih <strong data-start=\"1106\" data-end=\"1133\">podesivih ure\u0111aja za okus<\/strong> u kategoriji s velikim kapacitetom.<\/p>\n<p data-start=\"1166\" data-end=\"1684\">Pokre\u0107e ga <strong data-start=\"1179\" data-end=\"1210\">650mAh punjiva baterija<\/strong> s brzim punjenjem Type-C, <strong data-start=\"1242\" data-end=\"1261\">AIRMEZ FOX 120k<\/strong> odr\u017eava dosljedan izlaz tijekom dugih sesija. Njegov <strong data-start=\"1316\" data-end=\"1335\">1.0\u03a9 mre\u017eastim grija\u010dima<\/strong> isporu\u010duje \u010dist okus kroz sva \u010detiri spremnika, dok <strong data-start=\"1391\" data-end=\"1411\">LCD pametni zaslon<\/strong> daje korisnicima brz uvid u bateriju i odabir okusa\u2014va\u017ean detalj koji pove\u0107ava povjerenje korisnika i smanjuje pitanja nakon prodaje. Za EU kupce, mogu\u0107nost <strong data-start=\"1584\" data-end=\"1605\">Kupovina u EU skladi\u0161tu<\/strong> osigurava kra\u0107e rute dostave, stabilne zalihe i glatkije planiranje poslovanja.<\/p>\n<p data-start=\"1686\" data-end=\"2063\">AIRMEZ FOX 120000 je izra\u0111en za trgovine koje \u017eele ure\u0111aj s visokom vrijedno\u0161\u0107u, sna\u017enim okusom, niskim odr\u017eavanjem i strukturom koja dobro prodaje i online i u lokalnim trgovinama. Pakiranje na veliko (10 komada po kutiji \/ 100 komada po kartonu) \u010dini ga u\u010dinkovitom opcijom za distributere koji \u017eele \u010dist, ujedna\u010den SKU koji se brzo prodaje na trenutnom europskom tr\u017ei\u0161tu jednokratnih vape ure\u0111aja.<\/p>\n<p data-start=\"666\" data-end=\"1235\"><strong style=\"font-size: 16px;\"><span style=\"color: #ff0000;\">Dodajte Amy na WhatsApp za brzi odgovor i popust!<\/span><\/strong><\/p>\n<p><img fetchpriority=\"high\" decoding=\"async\" class=\"size-full wp-image-2932\" src=\"https:\/\/vapestornado.com\/wp-content\/uploads\/2024\/12\/Vape-Wholesale.jpg\" alt=\"Veleprodaja vejpova\" width=\"229\" height=\"300\" \/><\/p>\n<h3><a href=\"https:\/\/wa.me\/8617776015835\" target=\"_blank\" rel=\"noopener\"><span style=\"color: #ff0000;\"><strong>WhatsApp: +86 17776015835<\/strong><\/span><\/a><\/h3>\n<p>&nbsp;<\/p>\n<h2><strong>\u0160to \u010dini AIRMEZ FOX 120000 Dimenzije za jednokratne vape ure\u0111aje s 120000 dimenzija posebnim?<\/strong><\/h2>\n<ul>\n<li data-start=\"2855\" data-end=\"2918\">\n<p data-start=\"2857\" data-end=\"2918\"><strong data-start=\"2857\" data-end=\"2893\">4-u-1 podesiv sustav okusa<\/strong> za trenutnu promjenu.<\/p>\n<\/li>\n<li data-start=\"2919\" data-end=\"2981\">\n<p data-start=\"2921\" data-end=\"2981\"><strong data-start=\"2921\" data-end=\"2944\">Ukupni kapacitet od 60mL<\/strong> (15mL \u00d7 4 spremnika) za produ\u017eenu uporabu.<\/p>\n<\/li>\n<li data-start=\"2982\" data-end=\"3040\">\n<p data-start=\"2984\" data-end=\"3040\"><strong data-start=\"2984\" data-end=\"3005\">Grija\u010d s mre\u017eastom zavojnicom<\/strong> za stabilan, bogat izlaz okusa.<\/p>\n<\/li>\n<li data-start=\"3041\" data-end=\"3094\">\n<p data-start=\"3043\" data-end=\"3094\"><strong data-start=\"3043\" data-end=\"3066\">650mAh punjiva baterija<\/strong> baterija s Type-C priklju\u010dkom.<\/p>\n<\/li>\n<li data-start=\"3095\" data-end=\"3150\">\n<p data-start=\"3097\" data-end=\"3150\"><strong data-start=\"3097\" data-end=\"3112\">LCD zaslon<\/strong> prikazuje bateriju i aktivni okus.<\/p>\n<\/li>\n<li data-start=\"3151\" data-end=\"3214\">\n<p data-start=\"3153\" data-end=\"3214\"><strong data-start=\"3153\" data-end=\"3182\">Pakiranje spremno za veleprodaju<\/strong>, idealno za distribuciju na veliko.<\/p>\n<\/li>\n<li data-start=\"3215\" data-end=\"3294\">\n<p data-start=\"3217\" data-end=\"3294\"><strong data-start=\"3217\" data-end=\"3247\">EU skladi\u0161te Brza dostava<\/strong> s dolaskom za 3\u20137 dana i bez dodatnih poreznih tro\u0161kova.<\/p>\n<\/li>\n<\/ul>\n<figure id=\"attachment_4590\" aria-describedby=\"caption-attachment-4590\" style=\"width: 800px\" class=\"wp-caption alignnone\"><img decoding=\"async\" class=\"wp-image-4590 size-full\" src=\"https:\/\/vapestornado.com\/wp-content\/uploads\/2025\/11\/Airmez-FOX-4-IN-1-120000-Puff-Bar-EU-Warehouse.webp\" alt=\"Airmez FOX 4 U 1 120000 Dimenzija Bar EU skladi\u0161te\" width=\"800\" height=\"800\" srcset=\"https:\/\/vapestornado.com\/wp-content\/uploads\/2025\/11\/Airmez-FOX-4-IN-1-120000-Puff-Bar-EU-Warehouse.webp 800w, https:\/\/vapestornado.com\/wp-content\/uploads\/2025\/11\/Airmez-FOX-4-IN-1-120000-Puff-Bar-EU-Warehouse-300x300.webp 300w, https:\/\/vapestornado.com\/wp-content\/uploads\/2025\/11\/Airmez-FOX-4-IN-1-120000-Puff-Bar-EU-Warehouse-150x150.webp 150w, https:\/\/vapestornado.com\/wp-content\/uploads\/2025\/11\/Airmez-FOX-4-IN-1-120000-Puff-Bar-EU-Warehouse-768x768.webp 768w, https:\/\/vapestornado.com\/wp-content\/uploads\/2025\/11\/Airmez-FOX-4-IN-1-120000-Puff-Bar-EU-Warehouse-12x12.webp 12w, https:\/\/vapestornado.com\/wp-content\/uploads\/2025\/11\/Airmez-FOX-4-IN-1-120000-Puff-Bar-EU-Warehouse-600x600.webp 600w, https:\/\/vapestornado.com\/wp-content\/uploads\/2025\/11\/Airmez-FOX-4-IN-1-120000-Puff-Bar-EU-Warehouse-100x100.webp 100w\" sizes=\"(max-width: 800px) 100vw, 800px\" \/><figcaption id=\"caption-attachment-4590\" class=\"wp-caption-text\">Airmez FOX 4 U 1 120000 Dimenzija Bar EU skladi\u0161te<\/figcaption><\/figure>\n<div class=\"mceTemp\"><\/div>\n<h2><strong>POPIS okusa za AIRMEZ FOX 120000 Dimenzija za jednokratne vape ure\u0111aje<\/strong><\/h2>\n<ol data-start=\"2106\" data-end=\"2809\">\n<li data-start=\"2106\" data-end=\"2191\">\n<p data-start=\"2109\" data-end=\"2191\">Jagoda Malina \/ Jagoda Kiwi \/ Jagoda Led \/ Breskva Mango Lubenica<\/p>\n<\/li>\n<li data-start=\"2192\" data-end=\"2280\">\n<p data-start=\"2195\" data-end=\"2280\">Lubenica Led \/ Jagoda Lubenica \/ Malina Lubenica \/ Borovnica Malina<\/p>\n<\/li>\n<li data-start=\"2281\" data-end=\"2345\">\n<p data-start=\"2284\" data-end=\"2345\">Ru\u017ei\u010dasta Limunada \/ Strastveni Poljubac \/ Mije\u0161ano Bobi\u010dasto Vo\u0107e \/ Trostruka Bobica<\/p>\n<\/li>\n<li data-start=\"2346\" data-end=\"2396\">\n<p data-start=\"2349\" data-end=\"2396\">Vi\u0161nja \/ Ljubav 66 \/ Bobi\u010dasta Limunada \/ Gro\u017e\u0111e Led<\/p>\n<\/li>\n<li data-start=\"2397\" data-end=\"2465\">\n<p data-start=\"2400\" data-end=\"2465\">Mango Breskva \/ Tropsko Vo\u0107e \/ Breskva Led \/ Kisel Mango Ananas<\/p>\n<\/li>\n<li data-start=\"2466\" data-end=\"2528\">\n<p data-start=\"2469\" data-end=\"2528\">Grape Ice \/ Love 66 \/ Blueberry On Ice \/ Dragon Fruit Ice<\/p>\n<\/li>\n<li data-start=\"2529\" data-end=\"2596\">\n<p data-start=\"2532\" data-end=\"2596\">Love 66 \/ Tre\u0161nja \/ Blueberry On Ice \/ Kiwi Passion Fruit Guava<\/p>\n<\/li>\n<li data-start=\"2597\" data-end=\"2654\">\n<p data-start=\"2600\" data-end=\"2654\">Peach Ice \/ Pink Lemonade \/ Watermelon Ice \/ Dr Blue<\/p>\n<\/li>\n<li data-start=\"2655\" data-end=\"2720\">\n<p data-start=\"2658\" data-end=\"2720\">Red Mojito \/ Love 66 \/ Mije\u0161ano Bobi\u010dasto Vo\u0107e \/ Jagoda Lubenica<\/p>\n<\/li>\n<li data-start=\"2721\" data-end=\"2809\">\n<p data-start=\"2725\" data-end=\"2809\">Peach Mango Watermelon \/ Blueberry Cherry \/ Watermelon Dragon Fruit \/ Passion Kiss<\/p>\n<\/li>\n<\/ol>\n<h2>Za\u0161to odabrati Vapestornado za kupnju jednokratnih vape ure\u0111aja online?<\/h2>\n<div class=\"flex-shrink-0 flex flex-col relative items-end\">\n<div class=\"pt-0\">\n<div class=\"gizmo-bot-avatar flex h-8 w-8 items-center justify-center overflow-hidden rounded-full\">\n<div class=\"relative p-1 rounded-sm flex items-center justify-center bg-token-main-surface-primary text-token-text-primary h-8 w-8\">\n<p data-start=\"648\" data-end=\"799\">Odabir <strong data-start=\"189\" data-end=\"205\">Vapestornado<\/strong> kao va\u0161 dobavlja\u010d za <strong data-start=\"227\" data-end=\"261\">Elf Bar Moon Night 40000 Pufova<\/strong> zna\u010di osiguravanje partnera koji razumije potrebe veleprodaja i maloprodaja u EU. Fokusiramo se na brzu isporuku, provjerene zalihe i stabilnu dugoro\u010dnu opskrbu\u2014klju\u010dne \u010dimbenike za tvrtke koje prodaju proizvode velike koli\u010dine poput <strong data-start=\"489\" data-end=\"515\">Elf Bar Moon Night 40K<\/strong>. Svaka serija je nabavljena izravno iz certificiranih kanala, osiguravaju\u0107i autenti\u010dne proizvode, sna\u017enu konzistenciju okusa i pouzdanu kvalitetu koja zadovoljava o\u010dekivanja kupaca u EU.<\/p>\n<p data-start=\"559\" data-end=\"933\" data-is-last-node=\"\" data-is-only-node=\"\">Tako\u0111er imamo neke druge popularne jednokratne vape s ekranom poput <a href=\"https:\/\/vapestornado.com\/hr\/product\/hifancy-dream-45k-45000-puffs-disposable-vape-kit-fast-shipping-from-eu-warehouse\/\">Hifancy Dream 45k vape<\/a>, <a href=\"https:\/\/vapestornado.com\/hr\/product\/elf-bar-moon-night-40000-puffs-disposable-vape-germany-wholesale\/\">ELF BAR Moon Night 40000 Vape<\/a>, <a href=\"https:\/\/vapestornado.com\/hr\/product\/uor-120000-puff-120k-4-flavors-rechargeable-disposable-vape-shop-online\/\">UOR 120000 PUFF 4 u 1<\/a>, i vi\u0161e.<\/p>\n<p data-start=\"559\" data-end=\"933\" data-is-last-node=\"\" data-is-only-node=\"\">\n<\/div>\n<h2>PITANJA O AIRMEZ FOX 120000 Udisaja<\/h2>\n<div class=\"relative p-1 rounded-sm flex items-center justify-center bg-token-main-surface-primary text-token-text-primary h-8 w-8\">\n<p data-start=\"3330\" data-end=\"3457\"><strong data-start=\"3330\" data-end=\"3387\">1. Kako prebaciti okuse na AIRMEZ FOX 120000?<\/strong><br data-start=\"3387\" data-end=\"3390\" \/>Podignite i okrenite vrh kapice za promjenu na sljede\u0107i tank s okusom.<\/p>\n<p data-start=\"3459\" data-end=\"3562\"><strong data-start=\"3459\" data-end=\"3502\">2. Je li AIRMEZ FOX 120k punjiv?<\/strong><br data-start=\"3502\" data-end=\"3505\" \/>Da, koristi Type-C priklju\u010dak i unutarnju bateriju od 650mAh.<\/p>\n<p data-start=\"3564\" data-end=\"3691\"><strong data-start=\"3564\" data-end=\"3612\">3. Koliko udisaja pru\u017ea svaki okus?<\/strong><br data-start=\"3612\" data-end=\"3615\" \/>Svaki tank nudi oko 30.000 udisaja, s ukupno pribli\u017eno 120.000.<\/p>\n<p data-start=\"3693\" data-end=\"3813\"><strong data-start=\"3693\" data-end=\"3743\">4. Prikazuje li pametni ekran razinu e-teku\u0107ine?<\/strong><br data-start=\"3743\" data-end=\"3746\" \/>Da, LCD ekran prikazuje status baterije i aktivni okus.<\/p>\n<p data-start=\"3815\" data-end=\"3944\"><strong data-start=\"3815\" data-end=\"3866\">5. Mogu li naru\u010diti AIRMEZ FOX 120000 iz EU skladi\u0161ta?<\/strong><br data-start=\"3866\" data-end=\"3869\" \/>Da, na\u0161a <strong data-start=\"3878\" data-end=\"3899\">Kupovina u EU skladi\u0161tu<\/strong> Usluga dostave unutar 3\u20137 dana diljem Europe.<\/p>\n<\/div>\n<\/div>\n<\/div>\n<\/div>","protected":false},"excerpt":{"rendered":"<article class=\"text-token-text-primary w-full focus:outline-none [--shadow-height:45px] has-data-writing-block:pointer-events-none has-data-writing-block:-mt-(--shadow-height) has-data-writing-block:pt-(--shadow-height) [&amp;:has([data-writing-block])&gt;*]:pointer-events-auto [content-visibility:auto] supports-[content-visibility:auto]:[contain-intrinsic-size:auto_100lvh] scroll-mt-[calc(var(--header-height)+min(200px,max(70px,20svh)))]\" dir=\"auto\" tabindex=\"-1\" data-turn-id=\"86ca9d92-7a10-4e6b-bda0-15f9df36adca\" data-testid=\"conversation-turn-120\" data-scroll-anchor=\"true\" data-turn=\"assistant\">\n<div class=\"text-base my-auto mx-auto pb-10 [--thread-content-margin:--spacing(4)] thread-sm:[--thread-content-margin:--spacing(6)] thread-lg:[--thread-content-margin:--spacing(16)] px-(--thread-content-margin)\">\n<div class=\"[--thread-content-max-width:40rem] thread-lg:[--thread-content-max-width:48rem] mx-auto max-w-(--thread-content-max-width) flex-1 group\/turn-messages focus-visible:outline-hidden relative flex w-full min-w-0 flex-col agent-turn\" tabindex=\"-1\">\n<div class=\"flex max-w-full flex-col grow\">\n<div class=\"min-h-8 text-message relative flex w-full flex-col items-end gap-2 text-start break-words whitespace-normal [.text-message+&amp;]:mt-1\" dir=\"auto\" data-message-author-role=\"assistant\" data-message-id=\"43b070d6-bf28-4fbe-8049-1032a61ea3ac\" data-message-model-slug=\"gpt-5\">\n<div class=\"flex w-full flex-col gap-1 empty:hidden first:pt-[1px]\">\n<div class=\"markdown prose dark:prose-invert w-full break-words light markdown-new-styling\">\n<article class=\"text-token-text-primary w-full focus:outline-none [--shadow-height:45px] has-data-writing-block:pointer-events-none has-data-writing-block:-mt-(--shadow-height) has-data-writing-block:pt-(--shadow-height) [&amp;:has([data-writing-block])&gt;*]:pointer-events-auto [content-visibility:auto] supports-[content-visibility:auto]:[contain-intrinsic-size:auto_100lvh] scroll-mt-[calc(var(--header-height)+min(200px,max(70px,20svh)))]\" dir=\"auto\" tabindex=\"-1\" data-turn-id=\"4d6f00b8-d41a-438b-8912-05a895842882\" data-testid=\"conversation-turn-130\" data-scroll-anchor=\"true\" data-turn=\"assistant\">\n<div class=\"text-base my-auto mx-auto pb-10 [--thread-content-margin:--spacing(4)] thread-sm:[--thread-content-margin:--spacing(6)] thread-lg:[--thread-content-margin:--spacing(16)] px-(--thread-content-margin)\">\n<div class=\"[--thread-content-max-width:40rem] thread-lg:[--thread-content-max-width:48rem] mx-auto max-w-(--thread-content-max-width) flex-1 group\/turn-messages focus-visible:outline-hidden relative flex w-full min-w-0 flex-col agent-turn\" tabindex=\"-1\">\n<div class=\"flex max-w-full flex-col grow\">\n<div class=\"min-h-8 text-message relative flex w-full flex-col items-end gap-2 text-start break-words whitespace-normal [.text-message+&amp;]:mt-1\" dir=\"auto\" data-message-author-role=\"assistant\" data-message-id=\"f3c520bf-c043-4392-87ea-b3bf1b3ae6d3\" data-message-model-slug=\"gpt-5-1\">\n<div class=\"flex w-full flex-col gap-1 empty:hidden first:pt-[1px]\">\n<div class=\"markdown prose dark:prose-invert w-full break-words light markdown-new-styling\">\n<p>AIRMEZ FOX 120000 Veliki Pufer Jednokratni Vape \u2013 4 Okusa 120k Ure\u0111aj s EU skladi\u0161tem na skladi\u0161tu<\/p>\n<p>AIRMEZ FOX 120k Pode\u0161avaju\u0107i Okus Vape \u2013 Narud\u017ebe na veliko spremne iz EU skladi\u0161ta<\/p>\n<p>AIRMEZ FOX 120000 Udisaja 4-u-1 Jednokratna Olovka \u2013 Duga\u010dka trajnost 120k Vape za veleprodajne kupce<\/p>\n<\/div>\n<\/div>\n<\/div>\n<\/div>\n<\/div>\n<\/div>\n<\/article>\n<\/div>\n<\/div>\n<\/div>\n<\/div>\n<\/div>\n<\/div>\n<\/article>\n<p><img fetchpriority=\"high\" decoding=\"async\" class=\"size-full wp-image-2932\" src=\"https:\/\/vapestornado.com\/wp-content\/uploads\/2024\/12\/Vape-Wholesale.jpg\" alt=\"Veleprodaja vejpova\" width=\"229\" height=\"300\" \/><\/p>\n<h3><a href=\"https:\/\/wa.me\/8617776015835\"><span style=\"color: #ff0000;\"><strong>WhatsApp: +86 17776015835<\/strong><\/span><\/a><\/h3>\n<p>&nbsp;<\/p>","protected":false},"featured_media":4595,"comment_status":"open","ping_status":"closed","template":"","meta":{"_acf_changed":false,"_uag_custom_page_level_css":"","_lmt_disableupdate":"no","_lmt_disable":"","_monsterinsights_skip_tracking":false,"_monsterinsights_sitenote_active":false,"_monsterinsights_sitenote_note":"","_monsterinsights_sitenote_category":0,"site-sidebar-layout":"default","site-content-layout":"","ast-site-content-layout":"default","site-content-style":"default","site-sidebar-style":"default","ast-global-header-display":"","ast-banner-title-visibility":"","ast-main-header-display":"","ast-hfb-above-header-display":"","ast-hfb-below-header-display":"","ast-hfb-mobile-header-display":"","site-post-title":"","ast-breadcrumbs-content":"","ast-featured-img":"","footer-sml-layout":"","ast-disable-related-posts":"","theme-transparent-header-meta":"default","adv-header-id-meta":"","stick-header-meta":"","header-above-stick-meta":"","header-main-stick-meta":"","header-below-stick-meta":"","astra-migrate-meta-layouts":"set","ast-page-background-enabled":"default","ast-page-background-meta":{"desktop":{"background-color":"","background-image":"","background-repeat":"repeat","background-position":"center center","background-size":"auto","background-attachment":"scroll","background-type":"","background-media":"","overlay-type":"","overlay-color":"","overlay-opacity":"","overlay-gradient":""},"tablet":{"background-color":"","background-image":"","background-repeat":"repeat","background-position":"center center","background-size":"auto","background-attachment":"scroll","background-type":"","background-media":"","overlay-type":"","overlay-color":"","overlay-opacity":"","overlay-gradient":""},"mobile":{"background-color":"","background-image":"","background-repeat":"repeat","background-position":"center center","background-size":"auto","background-attachment":"scroll","background-type":"","background-media":"","overlay-type":"","overlay-color":"","overlay-opacity":"","overlay-gradient":""}},"ast-content-background-meta":{"desktop":{"background-color":"var(--ast-global-color-5)","background-image":"","background-repeat":"repeat","background-position":"center center","background-size":"auto","background-attachment":"scroll","background-type":"","background-media":"","overlay-type":"","overlay-color":"","overlay-opacity":"","overlay-gradient":""},"tablet":{"background-color":"var(--ast-global-color-5)","background-image":"","background-repeat":"repeat","background-position":"center center","background-size":"auto","background-attachment":"scroll","background-type":"","background-media":"","overlay-type":"","overlay-color":"","overlay-opacity":"","overlay-gradient":""},"mobile":{"background-color":"var(--ast-global-color-5)","background-image":"","background-repeat":"repeat","background-position":"center center","background-size":"auto","background-attachment":"scroll","background-type":"","background-media":"","overlay-type":"","overlay-color":"","overlay-opacity":"","overlay-gradient":""}},"_joinchat":{"telephone":"17776015835"}},"product_brand":[],"product_cat":[347,149,150,151,157,146],"product_tag":[449,452,105,446,436,450,451],"class_list":{"0":"post-4596","1":"product","2":"type-product","3":"status-publish","4":"has-post-thumbnail","6":"product_cat-120000-puff","7":"product_cat-buy-disposable-vapes-in-austria","8":"product_cat-buy-disposable-vapes-in-belgium","9":"product_cat-buy-disposable-vapes-in-france","10":"product_cat-buy-disposable-vapes-in-portugal","11":"product_cat-rechargeable-disposable-vapes","12":"product_tag-airmez-fox-120000","13":"product_tag-airmez-fox-120k","14":"product_tag-digital-disposable-vape","15":"product_tag-disposable-vape-kit","16":"product_tag-shop-vape-online","17":"product_tag-vape-fast-shipping","18":"product_tag-vape-free-shipping","19":"desktop-align-left","20":"tablet-align-left","21":"mobile-align-left","23":"first","24":"instock","25":"sale","26":"shipping-taxable","27":"purchasable","28":"product-type-simple"},"acf":[],"uagb_featured_image_src":{"full":["https:\/\/vapestornado.com\/wp-content\/uploads\/2025\/11\/Airmez-Fox-Disposable-Vape-120k-Puffs-4-in-1-Vape.webp",800,800,false],"thumbnail":["https:\/\/vapestornado.com\/wp-content\/uploads\/2025\/11\/Airmez-Fox-Disposable-Vape-120k-Puffs-4-in-1-Vape-150x150.webp",150,150,true],"medium":["https:\/\/vapestornado.com\/wp-content\/uploads\/2025\/11\/Airmez-Fox-Disposable-Vape-120k-Puffs-4-in-1-Vape-300x300.webp",300,300,true],"medium_large":["https:\/\/vapestornado.com\/wp-content\/uploads\/2025\/11\/Airmez-Fox-Disposable-Vape-120k-Puffs-4-in-1-Vape-768x768.webp",768,768,true],"large":["https:\/\/vapestornado.com\/wp-content\/uploads\/2025\/11\/Airmez-Fox-Disposable-Vape-120k-Puffs-4-in-1-Vape.webp",800,800,false],"1536x1536":["https:\/\/vapestornado.com\/wp-content\/uploads\/2025\/11\/Airmez-Fox-Disposable-Vape-120k-Puffs-4-in-1-Vape.webp",800,800,false],"2048x2048":["https:\/\/vapestornado.com\/wp-content\/uploads\/2025\/11\/Airmez-Fox-Disposable-Vape-120k-Puffs-4-in-1-Vape.webp",800,800,false],"trp-custom-language-flag":["https:\/\/vapestornado.com\/wp-content\/uploads\/2025\/11\/Airmez-Fox-Disposable-Vape-120k-Puffs-4-in-1-Vape-12x12.webp",12,12,true],"woocommerce_thumbnail":["https:\/\/vapestornado.com\/wp-content\/uploads\/2025\/11\/Airmez-Fox-Disposable-Vape-120k-Puffs-4-in-1-Vape-300x300.webp",300,300,true],"woocommerce_single":["https:\/\/vapestornado.com\/wp-content\/uploads\/2025\/11\/Airmez-Fox-Disposable-Vape-120k-Puffs-4-in-1-Vape-600x600.webp",600,600,true],"woocommerce_gallery_thumbnail":["https:\/\/vapestornado.com\/wp-content\/uploads\/2025\/11\/Airmez-Fox-Disposable-Vape-120k-Puffs-4-in-1-Vape-100x100.webp",100,100,true]},"uagb_author_info":{"display_name":"ESAMY","author_link":"https:\/\/vapestornado.com\/hr\/author\/"},"uagb_comment_info":0,"uagb_excerpt":"AIRMEZ FOX 120000 Big Puff Disposable Vape \u2013 4-Flavour 120k Device with EU Warehouse Stock AIRMEZ FOX 120k Adjustable Flavor Vape \u2013 Bulk Orders Ready from EU Warehouse AIRMEZ FOX 120000 Puffs 4-in-1 Disposable Pen \u2013 Long-Life 120k Vape for Wholesale Buyers WhatsApp: +86 17776015835 &nbsp;","_links":{"self":[{"href":"https:\/\/vapestornado.com\/hr\/wp-json\/wp\/v2\/product\/4596","targetHints":{"allow":["GET"]}}],"collection":[{"href":"https:\/\/vapestornado.com\/hr\/wp-json\/wp\/v2\/product"}],"about":[{"href":"https:\/\/vapestornado.com\/hr\/wp-json\/wp\/v2\/types\/product"}],"replies":[{"embeddable":true,"href":"https:\/\/vapestornado.com\/hr\/wp-json\/wp\/v2\/comments?post=4596"}],"wp:featuredmedia":[{"embeddable":true,"href":"https:\/\/vapestornado.com\/hr\/wp-json\/wp\/v2\/media\/4595"}],"wp:attachment":[{"href":"https:\/\/vapestornado.com\/hr\/wp-json\/wp\/v2\/media?parent=4596"}],"wp:term":[{"taxonomy":"product_brand","embeddable":true,"href":"https:\/\/vapestornado.com\/hr\/wp-json\/wp\/v2\/product_brand?post=4596"},{"taxonomy":"product_cat","embeddable":true,"href":"https:\/\/vapestornado.com\/hr\/wp-json\/wp\/v2\/product_cat?post=4596"},{"taxonomy":"product_tag","embeddable":true,"href":"https:\/\/vapestornado.com\/hr\/wp-json\/wp\/v2\/product_tag?post=4596"}],"curies":[{"name":"wp","href":"https:\/\/api.w.org\/{rel}","templated":true}]}}