{"id":4566,"date":"2025-11-18T08:50:18","date_gmt":"2025-11-18T08:50:18","guid":{"rendered":"https:\/\/vapestornado.com\/?post_type=product&#038;p=4566"},"modified":"2025-11-18T09:04:54","modified_gmt":"2025-11-18T09:04:54","slug":"bang-legend-150000-puffs-6-in-1-flavor-newest-disposable-vape","status":"publish","type":"product","link":"https:\/\/vapestornado.com\/hr\/product\/bang-legend-150000-puffs-6-in-1-flavor-newest-disposable-vape\/","title":{"rendered":"Bang Legend 150000 Udisaja 6 u 1 Okus Najnoviji Jednokratni Vape"},"content":{"rendered":"<h2 data-pm-slice=\"1 1 []\">Bang Legend 150000 Udisaja 6 u 1 Okus Najnoviji Jednokratni Vape \u2014 Hrvatski najprodavaniji veleprodajni hit<\/h2>\n<p data-start=\"419\" data-end=\"845\">Ovo <strong data-start=\"423\" data-end=\"451\">Bang Legend 150000 Udisaja<\/strong> oblikuje tr\u017ei\u0161te vapinga u Hrvatskoj 2025. godine s formatom prilago\u0111enim veletrgovcima i mladim mu\u0161kim potro\u0161a\u010dima koji tra\u017ee snagu, dubinu okusa i dugotrajnu izvedbu. Ovo <strong data-start=\"614\" data-end=\"640\">Najnoviji Jednokratni Vape<\/strong> donosi nadogra\u0111eni <strong data-start=\"660\" data-end=\"682\">6 u 1 okusni sustav vape<\/strong> koji omogu\u0107ava korisnicima da se prebacuju izme\u0111u \u0161est vrhunskih mje\u0161avina u jednom ure\u0111aju, pojednostavljuju\u0107i inventar za trgovce i pru\u017eaju\u0107i sveskustvo za krajnje korisnike.<\/p>\n<p data-start=\"847\" data-end=\"1062\">Dizajniran s obzirom na veleprodajnu distribuciju, Bang Legend 150K kombinira trajnost, stabilan izlaz pare i vrhunsku tehnologiju grijanja, \u010dine\u0107i ga obaveznim izborom za <strong data-start=\"1023\" data-end=\"1052\">Hrvatski najprodavaniji veleprodajni kanal<\/strong> kanale.<\/p>\n<p data-start=\"1064\" data-end=\"1568\">Pokre\u0107e ga punjiva baterija od 850mAh i mesh grija\u010d od 1.0*3, ure\u0111aj pru\u017ea glatku paru i odva\u017ean okus od prvog udisaja do posljednjeg. S brzim punjenjem Type-C i velikim <strong data-start=\"1256\" data-end=\"1271\">150000-udisaja<\/strong> kapacitetom, ovaj model odgovara potra\u017enji na tr\u017ei\u0161tu za dugotrajnim jednokratnim vapima koji smanjuju vrijeme zastoja i pove\u0107avaju udobnost korisnika.<\/p>\n<p data-start=\"1570\" data-end=\"1827\">Ovo je vrsta ure\u0111aja koju cijene trgovine u Hrvatskoj: pouzdan, aromati\u010dan, visok kapacitet i spreman za veleprodaju. The <strong data-start=\"1682\" data-end=\"1710\">Bang Legend 150000 Udisaja<\/strong> nije samo jo\u0161 jedan jednokratni proizvod\u2014to je lider kategorije dizajniran za ozbiljne trgovce i distributere diljem Hrvatske.<\/p>\n<p data-start=\"666\" data-end=\"1235\"><strong style=\"font-size: 16px;\"><span style=\"color: #ff0000;\">Dodajte Amy na WhatsApp za brzi odgovor i popust!<\/span><\/strong><\/p>\n<p><img fetchpriority=\"high\" decoding=\"async\" class=\"size-full wp-image-2932\" src=\"https:\/\/vapestornado.com\/wp-content\/uploads\/2024\/12\/Vape-Wholesale.jpg\" alt=\"Veleprodaja vejpova\" width=\"229\" height=\"300\" \/><\/p>\n<h3><a href=\"https:\/\/wa.me\/8617776015835\" target=\"_blank\" rel=\"noopener\"><span style=\"color: #ff0000;\"><strong>WhatsApp: +86 17776015835<\/strong><\/span><\/a><\/h3>\n<p>&nbsp;<\/p>\n<h2><strong>\u0160to \u010dini Bang Legend 150000 Puffs jednokratnu e-cigaretu istaknutom?<\/strong><\/h2>\n<ul>\n<li data-start=\"3944\" data-end=\"3990\">\n<p data-start=\"3946\" data-end=\"3990\"><strong data-start=\"3946\" data-end=\"3970\">Kapacitet od 150000 udisaja<\/strong> za dugotrajnu uporabu<\/p>\n<\/li>\n<li data-start=\"3991\" data-end=\"4055\">\n<p data-start=\"3993\" data-end=\"4055\"><strong data-start=\"3993\" data-end=\"4019\">6-u-1 rotacija okusa<\/strong> dizajniran za preferencije mladih u Hrvatskoj<\/p>\n<\/li>\n<li data-start=\"4056\" data-end=\"4109\">\n<p data-start=\"4058\" data-end=\"4109\"><strong data-start=\"4058\" data-end=\"4077\">1.0*3 mre\u017easta zavojnica<\/strong> isporu\u010duju\u0107i \u010disti, gusti dim<\/p>\n<\/li>\n<li data-start=\"4110\" data-end=\"4151\">\n<p data-start=\"4112\" data-end=\"4151\"><strong data-start=\"4112\" data-end=\"4130\">bateriju od 850mAh<\/strong> s stabilnim izlazom<\/p>\n<\/li>\n<li data-start=\"4152\" data-end=\"4201\">\n<p data-start=\"4154\" data-end=\"4201\"><strong data-start=\"4154\" data-end=\"4178\">Type-C brzo punjenje<\/strong> za minimalno vrijeme zastoja<\/p>\n<\/li>\n<li data-start=\"4202\" data-end=\"4272\">\n<p data-start=\"4204\" data-end=\"4272\"><strong data-start=\"4204\" data-end=\"4229\">OEM\/ODM prilagodba<\/strong> za veleprodaje i privatne marke<\/p>\n<\/li>\n<\/ul>\n<figure id=\"attachment_4561\" aria-describedby=\"caption-attachment-4561\" style=\"width: 300px\" class=\"wp-caption alignnone\"><img decoding=\"async\" class=\"size-medium wp-image-4561\" src=\"https:\/\/vapestornado.com\/wp-content\/uploads\/2025\/11\/Bang-Legend-150K-Puff-Multi-Flavor-Disposable-Vape-300x300.webp\" alt=\"Bang Legend 150K Puff Vi\u0161eflavne jednokratne e-cigarete\" width=\"300\" height=\"300\" srcset=\"https:\/\/vapestornado.com\/wp-content\/uploads\/2025\/11\/Bang-Legend-150K-Puff-Multi-Flavor-Disposable-Vape-300x300.webp 300w, https:\/\/vapestornado.com\/wp-content\/uploads\/2025\/11\/Bang-Legend-150K-Puff-Multi-Flavor-Disposable-Vape-150x150.webp 150w, https:\/\/vapestornado.com\/wp-content\/uploads\/2025\/11\/Bang-Legend-150K-Puff-Multi-Flavor-Disposable-Vape-768x768.webp 768w, https:\/\/vapestornado.com\/wp-content\/uploads\/2025\/11\/Bang-Legend-150K-Puff-Multi-Flavor-Disposable-Vape-12x12.webp 12w, https:\/\/vapestornado.com\/wp-content\/uploads\/2025\/11\/Bang-Legend-150K-Puff-Multi-Flavor-Disposable-Vape-600x600.webp 600w, https:\/\/vapestornado.com\/wp-content\/uploads\/2025\/11\/Bang-Legend-150K-Puff-Multi-Flavor-Disposable-Vape-100x100.webp 100w, https:\/\/vapestornado.com\/wp-content\/uploads\/2025\/11\/Bang-Legend-150K-Puff-Multi-Flavor-Disposable-Vape.webp 800w\" sizes=\"(max-width: 300px) 100vw, 300px\" \/><figcaption id=\"caption-attachment-4561\" class=\"wp-caption-text\">Bang Legend 150K Puff Vi\u0161eflavne jednokratne e-cigarete<\/figcaption><\/figure>\n<h2 class=\"product-title\"><strong>Popis okusa jednokratnih e-cigareta Bang Legend 150000 Puffs<\/strong><\/h2>\n<h2 data-start=\"1834\" data-end=\"1884\"><\/h2>\n<ol>\n<li style=\"list-style-type: none;\">\n<ol data-start=\"1886\" data-end=\"3879\">\n<li data-start=\"1886\" data-end=\"2027\">\n<p data-start=\"1889\" data-end=\"2027\"><strong data-start=\"1889\" data-end=\"1934\">Breskva Led \/ Mango Breskva \/ Borovnica Breskva<\/strong><br data-start=\"1934\" data-end=\"1937\" \/>Breskva Led + Mango Breskva \/ Breskva Led + Borovnica Breskva \/ Mango Breskva + Borovnica Breskva<\/p>\n<\/li>\n<li data-start=\"2028\" data-end=\"2214\">\n<p data-start=\"2031\" data-end=\"2214\"><strong data-start=\"2031\" data-end=\"2091\">Ananas Led \/ Ananas Kokos \/ Kivi Ananas<\/strong><br data-start=\"2091\" data-end=\"2094\" \/>Ananas Led + Ananas Kokos \/ Ananas Led + Kivi Ananas \/ Kokos Ananas + Kivi Ananas<\/p>\n<\/li>\n<li data-start=\"2215\" data-end=\"2371\">\n<p data-start=\"2218\" data-end=\"2371\"><strong data-start=\"2218\" data-end=\"2268\">Gro\u017e\u0111e Led \/ \u017dvaka\u0107a guma od gro\u017e\u0111a \/ Malina Gro\u017e\u0111e<\/strong><br data-start=\"2268\" data-end=\"2271\" \/>Gro\u017e\u0111e Led + \u017dvaka\u0107a guma od gro\u017e\u0111a \/ Led od gro\u017e\u0111a + Malina Gro\u017e\u0111e \/ \u017dvaka\u0107a guma od gro\u017e\u0111a + Malina Gro\u017e\u0111e<\/p>\n<\/li>\n<li data-start=\"2372\" data-end=\"2567\">\n<p data-start=\"2375\" data-end=\"2567\"><strong data-start=\"2375\" data-end=\"2438\">Voda od lubenice \/ Bobice od lubenice \/ Jagoda lubenica<\/strong><br data-start=\"2438\" data-end=\"2441\" \/>Voda od lubenice + Bobice od lubenice \/ Voda od lubenice + Jagoda lubenica \/ Bobice od lubenice + Jagoda lubenica<\/p>\n<\/li>\n<li data-start=\"2568\" data-end=\"2778\">\n<p data-start=\"2571\" data-end=\"2778\"><strong data-start=\"2571\" data-end=\"2639\">Borovnica Led \/ Borovnica Malina \/ Borovnica Cranberry Tre\u0161nja<\/strong><br data-start=\"2639\" data-end=\"2642\" \/>Borovnica Led + Borovnica Malina \/ Borovnica Led + Cranberry Tre\u0161nja \/ Borovnica Malina + Cranberry Tre\u0161nja<\/p>\n<\/li>\n<li data-start=\"2779\" data-end=\"2950\">\n<p data-start=\"2782\" data-end=\"2950\"><strong data-start=\"2782\" data-end=\"2837\">Banana Led \/ Jagoda Banana \/ Citrusi Limun<\/strong><br data-start=\"2837\" data-end=\"2840\" \/>Banana Led + Jagoda Banana \/ Banana Led + Citrusi Limun \/ Jagoda Banana + Citrusi Limun<\/p>\n<\/li>\n<li data-start=\"2951\" data-end=\"3092\">\n<p data-start=\"2954\" data-end=\"3092\"><strong data-start=\"2954\" data-end=\"2999\">Jabuka Led \/ Jabuka Gro\u017e\u0111e \/ Borovnica Gro\u017e\u0111e<\/strong><br data-start=\"2999\" data-end=\"3002\" \/>Jabuka Led + Jabuka Gro\u017e\u0111e \/ Jabuka Led + Borovnica Gro\u017e\u0111e \/ Jabuka Gro\u017e\u0111e + Borovnica Gro\u017e\u0111e<\/p>\n<\/li>\n<li data-start=\"3093\" data-end=\"3252\">\n<p data-start=\"3096\" data-end=\"3252\"><strong data-start=\"3096\" data-end=\"3147\">Mango Led \/ Breskva Mango Lubenica \/ Gummy Medo<\/strong><br data-start=\"3147\" data-end=\"3150\" \/>Mango Led + Breskva Mango Lubenica \/ Mango Led + Gummy Medo \/ Breskva Mango Lubenica + Gummy Medo<\/p>\n<\/li>\n<li data-start=\"3253\" data-end=\"3382\">\n<p data-start=\"3256\" data-end=\"3382\"><strong data-start=\"3256\" data-end=\"3297\">Tre\u0161nja Led \/ Mije\u0161ano Bobi\u010dasto Vo\u0107e \/ Crvena Cola<\/strong><br data-start=\"3297\" data-end=\"3300\" \/>Tre\u0161nja Led + Mije\u0161ano Bobi\u010dasto Vo\u0107e \/ Tre\u0161nja Led + Crvena Cola \/ Mije\u0161ano Bobi\u010dasto Vo\u0107e + Crvena Cola<\/p>\n<\/li>\n<li data-start=\"3383\" data-end=\"3528\">\n<p data-start=\"3387\" data-end=\"3528\"><strong data-start=\"3387\" data-end=\"3433\">Red Bull \/ Voda od lubenice \u017evaka\u0107a guma \/ Love 66<\/strong><br data-start=\"3433\" data-end=\"3436\" \/>Red Bull + Voda od lubenice \u017evaka\u0107a guma \/ Red Bull + Love 66 \/ Voda od lubenice \u017evaka\u0107a guma + Love 66<\/p>\n<\/li>\n<li data-start=\"3529\" data-end=\"3704\">\n<p data-start=\"3533\" data-end=\"3704\"><strong data-start=\"3533\" data-end=\"3589\">Jagoda Led \/ Jagoda Kiwi \/ Jagoda Lje\u0161njak<\/strong><br data-start=\"3589\" data-end=\"3592\" \/>Jagoda Led + Jagoda Kiwi \/ Jagoda Led + Jagoda Lje\u0161njak \/ Jagoda Kiwi + Jagoda Lje\u0161njak<\/p>\n<\/li>\n<li data-start=\"3705\" data-end=\"3879\">\n<p data-start=\"3709\" data-end=\"3879\"><strong data-start=\"3709\" data-end=\"3772\">Strastno Vo\u0107e \/ Guava Limun \/ Vo\u0107e Strast<\/strong><br data-start=\"3772\" data-end=\"3775\" \/>Vo\u0107e Strast + Guava Limun \/ Vo\u0107e Strast + Vo\u0107e Strast Limun \/ Guava Limun + Vo\u0107e Strast Limun<\/p>\n<\/li>\n<\/ol>\n<\/li>\n<\/ol>\n<p>&nbsp;<\/p>\n<h2>Za\u0161to odabrati Vapestornado za Bang Legend 150000 Pufova na veliko?<\/h2>\n<div class=\"flex-shrink-0 flex flex-col relative items-end\">\n<div class=\"pt-0\">\n<div class=\"gizmo-bot-avatar flex h-8 w-8 items-center justify-center overflow-hidden rounded-full\">\n<div class=\"relative p-1 rounded-sm flex items-center justify-center bg-token-main-surface-primary text-token-text-primary h-8 w-8\">\n<p data-start=\"648\" data-end=\"799\">Odabir <strong data-start=\"189\" data-end=\"205\">Vapestornado<\/strong> kao va\u0161 dobavlja\u010d za <strong data-start=\"227\" data-end=\"261\">Elf Bar Moon Night 40000 Pufova<\/strong> zna\u010di osiguravanje partnera koji razumije potrebe veleprodaja i maloprodaja u EU. Fokusiramo se na brzu isporuku, provjerene zalihe i stabilnu dugoro\u010dnu opskrbu\u2014klju\u010dne \u010dimbenike za tvrtke koje prodaju proizvode velike koli\u010dine poput <strong data-start=\"489\" data-end=\"515\">Elf Bar Moon Night 40K<\/strong>. Svaka serija je nabavljena izravno iz certificiranih kanala, osiguravaju\u0107i autenti\u010dne proizvode, sna\u017enu konzistenciju okusa i pouzdanu kvalitetu koja zadovoljava o\u010dekivanja kupaca u EU.<\/p>\n<p data-start=\"559\" data-end=\"933\" data-is-last-node=\"\" data-is-only-node=\"\">Tako\u0111er imamo neke druge popularne jednokratne vape s ekranom poput <a href=\"https:\/\/vapestornado.com\/hr\/product\/uzy-150k-puffs-6-in-1-flavor-switch-disposable-vape-pen-wholesale\/\">UZY 150K Puff vape za promjenu okusa<\/a>, <a href=\"https:\/\/vapestornado.com\/hr\/product\/vozol-rave-40k-40000-puffs-disposable-vape-smart-screen-5-nicotine\/\">VOZOL RAVE 40K Jednokratni Vape<\/a>, <a href=\"https:\/\/vapestornado.com\/hr\/product\/waspe-150k-150000-puff-6-in-1-disposable-vape-pen-cartridge-best-wholesale-price-in-poland\/\">WASPE 150K Udisaja 6 u 1<\/a>, i vi\u0161e.<\/p>\n<\/div>\n<div class=\"relative p-1 rounded-sm flex items-center justify-center bg-token-main-surface-primary text-token-text-primary h-8 w-8\">\n<h2>\u010cESTO POSTAVLJANA PITANJA O Bang Legend 150000 Pufova<\/h2>\n<p data-start=\"4658\" data-end=\"4815\"><strong data-start=\"4658\" data-end=\"4721\">1. Koliko obi\u010dno traje Bang Legend 150000 Pufova?<\/strong><br data-start=\"4721\" data-end=\"4724\" \/>Za prosje\u010dne korisnike, ure\u0111aj mo\u017ee trajati nekoliko tjedana zbog svoje velike kapaciteta od 150K pufova.<\/p>\n<p data-start=\"4817\" data-end=\"4927\"><strong data-start=\"4817\" data-end=\"4861\">2. Je li Bang Legend 150K punjiv?<\/strong><br data-start=\"4861\" data-end=\"4864\" \/>Da, uklju\u010duje Type-C priklju\u010dak za brzo i u\u010dinkovito punjenje.<\/p>\n<p data-start=\"4929\" data-end=\"5084\"><strong data-start=\"4929\" data-end=\"4980\">3. \u0160to \u010dini sustav okusa od 6 u 1 posebnim?<\/strong><br data-start=\"4980\" data-end=\"4983\" \/>Omogu\u0107ava korisnicima da odmah prebacuju izme\u0111u \u0161est okusa, smanjuju\u0107i potrebu za no\u0161enjem vi\u0161e ure\u0111aja.<\/p>\n<p data-start=\"5086\" data-end=\"5240\"><strong data-start=\"5086\" data-end=\"5146\">4. Je li ovaj model prikladan za Najbolju veleprodaju vape proizvoda u Hrvatskoj?<\/strong><br data-start=\"5146\" data-end=\"5149\" \/>Da, vrlo je preporu\u010dljiv za veleprodajne mre\u017ee zbog potra\u017enje i stabilnosti opskrbe.<\/p>\n<p data-start=\"5242\" data-end=\"5375\"><strong data-start=\"5242\" data-end=\"5287\">5. Koristi li Bang Legend 150K mesh coil?<\/strong><br data-start=\"5287\" data-end=\"5290\" \/>Ima 1.0*3 mesh coil, pru\u017eaju\u0107i ravnomjerno zagrijavanje i sna\u017ean, konzistentan okus.<\/p>\n<\/div>\n<\/div>\n<\/div>\n<\/div>","protected":false},"excerpt":{"rendered":"<article class=\"text-token-text-primary w-full focus:outline-none [--shadow-height:45px] has-data-writing-block:pointer-events-none has-data-writing-block:-mt-(--shadow-height) has-data-writing-block:pt-(--shadow-height) [&amp;:has([data-writing-block])&gt;*]:pointer-events-auto [content-visibility:auto] supports-[content-visibility:auto]:[contain-intrinsic-size:auto_100lvh] scroll-mt-[calc(var(--header-height)+min(200px,max(70px,20svh)))]\" dir=\"auto\" tabindex=\"-1\" data-turn-id=\"86ca9d92-7a10-4e6b-bda0-15f9df36adca\" data-testid=\"conversation-turn-120\" data-scroll-anchor=\"true\" data-turn=\"assistant\">\n<div class=\"text-base my-auto mx-auto pb-10 [--thread-content-margin:--spacing(4)] thread-sm:[--thread-content-margin:--spacing(6)] thread-lg:[--thread-content-margin:--spacing(16)] px-(--thread-content-margin)\">\n<div class=\"[--thread-content-max-width:40rem] thread-lg:[--thread-content-max-width:48rem] mx-auto max-w-(--thread-content-max-width) flex-1 group\/turn-messages focus-visible:outline-hidden relative flex w-full min-w-0 flex-col agent-turn\" tabindex=\"-1\">\n<div class=\"flex max-w-full flex-col grow\">\n<div class=\"min-h-8 text-message relative flex w-full flex-col items-end gap-2 text-start break-words whitespace-normal [.text-message+&amp;]:mt-1\" dir=\"auto\" data-message-author-role=\"assistant\" data-message-id=\"43b070d6-bf28-4fbe-8049-1032a61ea3ac\" data-message-model-slug=\"gpt-5\">\n<div class=\"flex w-full flex-col gap-1 empty:hidden first:pt-[1px]\">\n<div class=\"markdown prose dark:prose-invert w-full break-words light markdown-new-styling\">\n<article class=\"text-token-text-primary w-full focus:outline-none [--shadow-height:45px] has-data-writing-block:pointer-events-none has-data-writing-block:-mt-(--shadow-height) has-data-writing-block:pt-(--shadow-height) [&amp;:has([data-writing-block])&gt;*]:pointer-events-auto [content-visibility:auto] supports-[content-visibility:auto]:[contain-intrinsic-size:auto_100lvh] scroll-mt-[calc(var(--header-height)+min(200px,max(70px,20svh)))]\" dir=\"auto\" tabindex=\"-1\" data-turn-id=\"4d6f00b8-d41a-438b-8912-05a895842882\" data-testid=\"conversation-turn-130\" data-scroll-anchor=\"true\" data-turn=\"assistant\">\n<div class=\"text-base my-auto mx-auto pb-10 [--thread-content-margin:--spacing(4)] thread-sm:[--thread-content-margin:--spacing(6)] thread-lg:[--thread-content-margin:--spacing(16)] px-(--thread-content-margin)\">\n<div class=\"[--thread-content-max-width:40rem] thread-lg:[--thread-content-max-width:48rem] mx-auto max-w-(--thread-content-max-width) flex-1 group\/turn-messages focus-visible:outline-hidden relative flex w-full min-w-0 flex-col agent-turn\" tabindex=\"-1\">\n<div class=\"flex max-w-full flex-col grow\">\n<div class=\"min-h-8 text-message relative flex w-full flex-col items-end gap-2 text-start break-words whitespace-normal [.text-message+&amp;]:mt-1\" dir=\"auto\" data-message-author-role=\"assistant\" data-message-id=\"f3c520bf-c043-4392-87ea-b3bf1b3ae6d3\" data-message-model-slug=\"gpt-5-1\">\n<div class=\"flex w-full flex-col gap-1 empty:hidden first:pt-[1px]\">\n<div class=\"markdown prose dark:prose-invert w-full break-words light markdown-new-styling\">\n<p>Bang Legend 150000 Udisaja 6 u 1 \u2014 Najprodavaniji Najnoviji Jednokratni Vape u Hrvatskoj<\/p>\n<p>Bang Legend 150K 6 u 1 Okus Vape za Hrvatski veletrgovce \u2014 Mo\u0107an, Dugotrajan, Spreman za veleprodaju<\/p>\n<p>Bang Legend 150000 Udisaja Jednokratni Vape \u2014 Premium rotacija od 6 okusa za hrvatsko tr\u017ei\u0161te vapea<\/p>\n<\/div>\n<\/div>\n<\/div>\n<\/div>\n<\/div>\n<\/div>\n<\/article>\n<div class=\"pointer-events-none h-px w-px\" aria-hidden=\"true\" data-edge=\"true\"><\/div>\n<\/div>\n<\/div>\n<\/div>\n<\/div>\n<\/div>\n<\/div>\n<\/article>\n<p><img fetchpriority=\"high\" decoding=\"async\" class=\"size-full wp-image-2932\" src=\"https:\/\/vapestornado.com\/wp-content\/uploads\/2024\/12\/Vape-Wholesale.jpg\" alt=\"Veleprodaja vejpova\" width=\"229\" height=\"300\" \/><\/p>\n<h3><a href=\"https:\/\/wa.me\/8617776015835\"><span style=\"color: #ff0000;\"><strong>WhatsApp: +86 17776015835<\/strong><\/span><\/a><\/h3>\n<p>&nbsp;<\/p>","protected":false},"featured_media":4560,"comment_status":"open","ping_status":"closed","template":"","meta":{"_acf_changed":false,"_uag_custom_page_level_css":"","_lmt_disableupdate":"no","_lmt_disable":"","_monsterinsights_skip_tracking":false,"_monsterinsights_sitenote_active":false,"_monsterinsights_sitenote_note":"","_monsterinsights_sitenote_category":0,"site-sidebar-layout":"default","site-content-layout":"","ast-site-content-layout":"default","site-content-style":"default","site-sidebar-style":"default","ast-global-header-display":"","ast-banner-title-visibility":"","ast-main-header-display":"","ast-hfb-above-header-display":"","ast-hfb-below-header-display":"","ast-hfb-mobile-header-display":"","site-post-title":"","ast-breadcrumbs-content":"","ast-featured-img":"","footer-sml-layout":"","ast-disable-related-posts":"","theme-transparent-header-meta":"default","adv-header-id-meta":"","stick-header-meta":"","header-above-stick-meta":"","header-main-stick-meta":"","header-below-stick-meta":"","astra-migrate-meta-layouts":"set","ast-page-background-enabled":"default","ast-page-background-meta":{"desktop":{"background-color":"","background-image":"","background-repeat":"repeat","background-position":"center center","background-size":"auto","background-attachment":"scroll","background-type":"","background-media":"","overlay-type":"","overlay-color":"","overlay-opacity":"","overlay-gradient":""},"tablet":{"background-color":"","background-image":"","background-repeat":"repeat","background-position":"center center","background-size":"auto","background-attachment":"scroll","background-type":"","background-media":"","overlay-type":"","overlay-color":"","overlay-opacity":"","overlay-gradient":""},"mobile":{"background-color":"","background-image":"","background-repeat":"repeat","background-position":"center center","background-size":"auto","background-attachment":"scroll","background-type":"","background-media":"","overlay-type":"","overlay-color":"","overlay-opacity":"","overlay-gradient":""}},"ast-content-background-meta":{"desktop":{"background-color":"var(--ast-global-color-5)","background-image":"","background-repeat":"repeat","background-position":"center center","background-size":"auto","background-attachment":"scroll","background-type":"","background-media":"","overlay-type":"","overlay-color":"","overlay-opacity":"","overlay-gradient":""},"tablet":{"background-color":"var(--ast-global-color-5)","background-image":"","background-repeat":"repeat","background-position":"center center","background-size":"auto","background-attachment":"scroll","background-type":"","background-media":"","overlay-type":"","overlay-color":"","overlay-opacity":"","overlay-gradient":""},"mobile":{"background-color":"var(--ast-global-color-5)","background-image":"","background-repeat":"repeat","background-position":"center center","background-size":"auto","background-attachment":"scroll","background-type":"","background-media":"","overlay-type":"","overlay-color":"","overlay-opacity":"","overlay-gradient":""}},"_joinchat":{"telephone":"17776015835"}},"product_brand":[],"product_cat":[394,62,149,150,156,357,146],"product_tag":[440,105,441,436,435,439,301],"class_list":{"0":"post-4566","1":"product","2":"type-product","3":"status-publish","4":"has-post-thumbnail","6":"product_cat-150000-puff","7":"product_cat-bang-vape","8":"product_cat-buy-disposable-vapes-in-austria","9":"product_cat-buy-disposable-vapes-in-belgium","10":"product_cat-buy-disposable-vapes-in-poland","11":"product_cat-flavor-adjustable-vape","12":"product_cat-rechargeable-disposable-vapes","13":"product_tag-bang-legend-150000","14":"product_tag-digital-disposable-vape","15":"product_tag-puff-150k","16":"product_tag-shop-vape-online","17":"product_tag-vape-eu-wholesale","18":"product_tag-vape-germany-wholesale","19":"product_tag-vapor-wholesale","20":"desktop-align-left","21":"tablet-align-left","22":"mobile-align-left","24":"first","25":"instock","26":"sale","27":"shipping-taxable","28":"purchasable","29":"product-type-simple"},"acf":[],"uagb_featured_image_src":{"full":["https:\/\/vapestornado.com\/wp-content\/uploads\/2025\/11\/Bang-Legend-150K-Puff-Disposable-Vape.webp",800,800,false],"thumbnail":["https:\/\/vapestornado.com\/wp-content\/uploads\/2025\/11\/Bang-Legend-150K-Puff-Disposable-Vape-150x150.webp",150,150,true],"medium":["https:\/\/vapestornado.com\/wp-content\/uploads\/2025\/11\/Bang-Legend-150K-Puff-Disposable-Vape-300x300.webp",300,300,true],"medium_large":["https:\/\/vapestornado.com\/wp-content\/uploads\/2025\/11\/Bang-Legend-150K-Puff-Disposable-Vape-768x768.webp",768,768,true],"large":["https:\/\/vapestornado.com\/wp-content\/uploads\/2025\/11\/Bang-Legend-150K-Puff-Disposable-Vape.webp",800,800,false],"1536x1536":["https:\/\/vapestornado.com\/wp-content\/uploads\/2025\/11\/Bang-Legend-150K-Puff-Disposable-Vape.webp",800,800,false],"2048x2048":["https:\/\/vapestornado.com\/wp-content\/uploads\/2025\/11\/Bang-Legend-150K-Puff-Disposable-Vape.webp",800,800,false],"trp-custom-language-flag":["https:\/\/vapestornado.com\/wp-content\/uploads\/2025\/11\/Bang-Legend-150K-Puff-Disposable-Vape-12x12.webp",12,12,true],"woocommerce_thumbnail":["https:\/\/vapestornado.com\/wp-content\/uploads\/2025\/11\/Bang-Legend-150K-Puff-Disposable-Vape-300x300.webp",300,300,true],"woocommerce_single":["https:\/\/vapestornado.com\/wp-content\/uploads\/2025\/11\/Bang-Legend-150K-Puff-Disposable-Vape-600x600.webp",600,600,true],"woocommerce_gallery_thumbnail":["https:\/\/vapestornado.com\/wp-content\/uploads\/2025\/11\/Bang-Legend-150K-Puff-Disposable-Vape-100x100.webp",100,100,true]},"uagb_author_info":{"display_name":"ESAMY","author_link":"https:\/\/vapestornado.com\/hr\/author\/"},"uagb_comment_info":0,"uagb_excerpt":"Bang Legend 150000 Puffs 6 in 1 \u2014 Italy\u2019s Best-Selling Newest Disposable Vape Bang Legend 150K 6 in 1 Flavor Vape for EU Wholesalers \u2014 Powerful, Long-Lasting, Ready for Bulk Orders Bang Legend 150000 Puffs Disposable Vape \u2014 Premium 6-Flavor Rotation for Europe\u2019s Vape Market WhatsApp: +86 17776015835 &nbsp;","_links":{"self":[{"href":"https:\/\/vapestornado.com\/hr\/wp-json\/wp\/v2\/product\/4566","targetHints":{"allow":["GET"]}}],"collection":[{"href":"https:\/\/vapestornado.com\/hr\/wp-json\/wp\/v2\/product"}],"about":[{"href":"https:\/\/vapestornado.com\/hr\/wp-json\/wp\/v2\/types\/product"}],"replies":[{"embeddable":true,"href":"https:\/\/vapestornado.com\/hr\/wp-json\/wp\/v2\/comments?post=4566"}],"wp:featuredmedia":[{"embeddable":true,"href":"https:\/\/vapestornado.com\/hr\/wp-json\/wp\/v2\/media\/4560"}],"wp:attachment":[{"href":"https:\/\/vapestornado.com\/hr\/wp-json\/wp\/v2\/media?parent=4566"}],"wp:term":[{"taxonomy":"product_brand","embeddable":true,"href":"https:\/\/vapestornado.com\/hr\/wp-json\/wp\/v2\/product_brand?post=4566"},{"taxonomy":"product_cat","embeddable":true,"href":"https:\/\/vapestornado.com\/hr\/wp-json\/wp\/v2\/product_cat?post=4566"},{"taxonomy":"product_tag","embeddable":true,"href":"https:\/\/vapestornado.com\/hr\/wp-json\/wp\/v2\/product_tag?post=4566"}],"curies":[{"name":"wp","href":"https:\/\/api.w.org\/{rel}","templated":true}]}}