{"id":4544,"date":"2025-11-14T09:07:41","date_gmt":"2025-11-14T09:07:41","guid":{"rendered":"https:\/\/vapestornado.com\/?post_type=product&#038;p=4544"},"modified":"2025-11-17T07:46:36","modified_gmt":"2025-11-17T07:46:36","slug":"uor-120000-puff-120k-4-flavors-rechargeable-disposable-vape-shop-online","status":"publish","type":"product","link":"https:\/\/vapestornado.com\/hr\/product\/uor-120000-puff-120k-4-flavors-rechargeable-disposable-vape-shop-online\/","title":{"rendered":"UOR 120000 Dim 120K 4 Okusa Punjiva Jednokratna Vape Trgovina Online"},"content":{"rendered":"<h2 data-pm-slice=\"1 1 []\">UOR 120000 Dim \u2013 4-Okus Prebaciva Jednokratna Vape za kupce u EU<\/h2>\n<p data-start=\"78\" data-end=\"577\">Ovo <strong data-start=\"82\" data-end=\"101\">UOR 120000 Dim<\/strong> je izra\u0111en za veleprodava\u010de u EU i mlade vaperi koji \u017eele maksimalnu izdr\u017eljivost, sna\u017enu isporuku okusa i jednostavnu uporabu. Ovaj <strong data-start=\"232\" data-end=\"249\">UOR 120k Dim<\/strong> ure\u0111aj sadr\u017ei <strong data-start=\"268\" data-end=\"295\">4-u-1 sustav prebacivanja<\/strong>, omogu\u0107uju\u0107i korisnicima da odmah prebacuju izme\u0111u \u010detiri vrhunska okusa \u2013 bez dopunjavanja, bez nereda, samo \u010diste prijelaze s svakim klikom. Dizajniran za <strong data-start=\"443\" data-end=\"464\">Vape Veleprodaja EU<\/strong>, ure\u0111aj kombinira dug vijek trajanja i stabilne performanse koje odgovaraju i na policama maloprodaje i u online trgovinama vapea.<\/p>\n<p data-start=\"579\" data-end=\"998\">S <strong data-start=\"584\" data-end=\"612\">4\u00d716ml kapaciteta e-teku\u0107ine<\/strong>, svaka kapsula sadr\u017ei dovoljno za du\u017eu uporabu, podr\u017eano od strane <strong data-start=\"669\" data-end=\"707\">650mAh Type-C punjiva baterija<\/strong>. <strong data-start=\"713\" data-end=\"731\">Mre\u017easta zavojnica od 1,0 \u03a9<\/strong> \u0161to osigurava dosljednu gusto\u0107u pare i \u010disto\u0107u okusa za svaku od \u010detiri ugra\u0111ene mje\u0161avine. Kao <strong data-start=\"836\" data-end=\"863\">Digitalna Jednokratna Vape<\/strong>, nudi glatko uvla\u010denje s modernom u\u010dinkovito\u0161\u0107u, \u0161to je \u010dini popularnim izborom me\u0111u potro\u0161a\u010dima u EU koji tra\u017ee vi\u0161estruke okuse s velikim brojem dimova.<\/p>\n<p data-start=\"1000\" data-end=\"1408\">Ovaj odabrani izbor okusa ovog modela, posebno kombinacije poput <em data-start=\"1065\" data-end=\"1088\">Jagoda Lubenica<\/em>, <em data-start=\"1090\" data-end=\"1116\">Kivi Marakuja Guava<\/em>, <em data-start=\"1118\" data-end=\"1129\">Ledeni Mango<\/em>i <em data-start=\"1135\" data-end=\"1158\">Lubenica Kiselog Breskve<\/em>, stvara dinami\u010dnu \u201cTropsku Ledenu Pustolovinu\u201d od svijetle vo\u0107ne slatko\u0107e do hladnih, osvje\u017eavaju\u0107ih zavr\u0161etaka. Za distributere u Hrvatskoj, <strong data-start=\"1288\" data-end=\"1307\">UOR 120000 Dim<\/strong> nudi visoke mar\u017ee, pouzdanu opskrbu i konkurentnu potra\u017enju na tr\u017ei\u0161tima tijekom ljeta i tijekom cijele godine.<\/p>\n<p data-start=\"666\" data-end=\"1235\"><strong style=\"font-size: 16px;\"><span style=\"color: #ff0000;\">Dodajte Amy na WhatsApp za brzi odgovor i popust!<\/span><\/strong><\/p>\n<p><img fetchpriority=\"high\" decoding=\"async\" class=\"size-full wp-image-2932\" src=\"https:\/\/vapestornado.com\/wp-content\/uploads\/2024\/12\/Vape-Wholesale.jpg\" alt=\"Veleprodaja vejpova\" width=\"229\" height=\"300\" \/><\/p>\n<h3><a href=\"https:\/\/wa.me\/8617776015835\" target=\"_blank\" rel=\"noopener\"><span style=\"color: #ff0000;\"><strong>WhatsApp: +86 17776015835<\/strong><\/span><\/a><\/h3>\n<p>&nbsp;<\/p>\n<h2><strong>\u0160to \u010dini UOR 120000 Puff Jednokratnu Vape Olovku posebnim?<\/strong><\/h2>\n<ul data-start=\"1447\" data-end=\"1657\">\n<li data-start=\"1447\" data-end=\"1482\">\n<p data-start=\"1449\" data-end=\"1482\"><strong data-start=\"1449\" data-end=\"1467\">Kapacitet udaha:<\/strong> 120000 udisaja<\/p>\n<\/li>\n<li data-start=\"1483\" data-end=\"1512\">\n<p data-start=\"1485\" data-end=\"1512\"><strong data-start=\"1485\" data-end=\"1497\">E-tekila:<\/strong> 4\u00d716ml spremnika<\/p>\n<\/li>\n<li data-start=\"1513\" data-end=\"1556\">\n<p data-start=\"1515\" data-end=\"1556\"><strong data-start=\"1515\" data-end=\"1533\">Prebacivanje okusa:<\/strong> 4 okusa podesiva<\/p>\n<\/li>\n<li data-start=\"1557\" data-end=\"1601\">\n<p data-start=\"1559\" data-end=\"1601\"><strong data-start=\"1559\" data-end=\"1571\">Baterija:<\/strong> 650mAh, punjenje putem Type-C<\/p>\n<\/li>\n<li data-start=\"1602\" data-end=\"1625\">\n<p data-start=\"1604\" data-end=\"1625\"><strong data-start=\"1604\" data-end=\"1613\">Grija\u010d:<\/strong> Mesh 1.0\u03a9<\/p>\n<\/li>\n<li data-start=\"1626\" data-end=\"1657\">\n<p data-start=\"1628\" data-end=\"1657\"><strong data-start=\"1628\" data-end=\"1639\">Te\u017eina:<\/strong> 145g po ure\u0111aju<\/p>\n<\/li>\n<\/ul>\n<h2 class=\"product-title\"><strong>Popis okusa UOR 120k Puff Jednokratnih Vapesa<\/strong><\/h2>\n<h3 data-start=\"1664\" data-end=\"1692\"><\/h3>\n<ol data-start=\"1693\" data-end=\"2434\">\n<li data-start=\"1693\" data-end=\"1761\">\n<p data-start=\"1696\" data-end=\"1761\">Lubenica Led \/ Borovnica Menta \/ Fuji Jabuka Led \/ Limun Romansa<\/p>\n<\/li>\n<li data-start=\"1762\" data-end=\"1837\">\n<p data-start=\"1765\" data-end=\"1837\">Lubenica Led \/ Borovnica Tre\u0161nja \/ Ljetno Vrijeme \/ Kisel Mango Ananas<\/p>\n<\/li>\n<li data-start=\"1838\" data-end=\"1904\">\n<p data-start=\"1841\" data-end=\"1904\">Borovnica Led \/ Breskva Led \/ Duga \u010cokolada \/ Limun Kisel Naran\u010da<\/p>\n<\/li>\n<li data-start=\"1905\" data-end=\"1977\">\n<p data-start=\"1908\" data-end=\"1977\">Borovnica Led \/ Breskva Mango Lubenica \/ Strastveni Poljubac \/ Melon Jabuka<\/p>\n<\/li>\n<li data-start=\"1978\" data-end=\"2058\">\n<p data-start=\"1981\" data-end=\"2058\">Borovnica Malina \/ Mije\u0161ano Bobi\u010dasto Vo\u0107e \/ Kalifornijska Tre\u0161nja \/ Mango Marakuja<\/p>\n<\/li>\n<li data-start=\"2059\" data-end=\"2126\">\n<p data-start=\"2062\" data-end=\"2126\">Borovnica Malina \/ Gro\u017e\u0111e Led \/ Bobi\u010dasto Led \/ Aloe Mango Melon<\/p>\n<\/li>\n<li data-start=\"2127\" data-end=\"2203\">\n<p data-start=\"2130\" data-end=\"2203\">Energetski Napitak \/ Borovnica Lubenica \/ Kisel Apple Malina \/ Gumenjak Medvjedi\u0107<\/p>\n<\/li>\n<li data-start=\"2204\" data-end=\"2271\">\n<p data-start=\"2207\" data-end=\"2271\">Jagoda Mango \/ Vodeni Buba\u0161vaba \/ Crveni Mojito \/ LOVE66<\/p>\n<\/li>\n<li data-start=\"2272\" data-end=\"2343\">\n<p data-start=\"2275\" data-end=\"2343\">Jagoda Lubenica \/ Crni Led \/ Trostruka Lubenica \/ Brusnica Gro\u017e\u0111e<\/p>\n<\/li>\n<li data-start=\"2344\" data-end=\"2434\">\n<p data-start=\"2348\" data-end=\"2434\">Jagoda Lubenica \/ Kivi Pasijon Vo\u0107e Guava \/ Mango Led \/ Lubenica Kisel Peach<\/p>\n<\/li>\n<\/ol>\n<figure id=\"attachment_4548\" aria-describedby=\"caption-attachment-4548\" style=\"width: 300px\" class=\"wp-caption alignnone\"><img decoding=\"async\" class=\"size-medium wp-image-4548\" src=\"https:\/\/vapestornado.com\/wp-content\/uploads\/2025\/11\/UOR-4-in-1-Flavors-120K-Puffs-4-Distinct-Flavors-Smart-Screen-Vape-300x300.webp\" alt=\"UOR 4 u 1 Okusi 120K Udisaja 4 Razli\u010dita Okusa Pametni Ekran Vape\" width=\"300\" height=\"300\" srcset=\"https:\/\/vapestornado.com\/wp-content\/uploads\/2025\/11\/UOR-4-in-1-Flavors-120K-Puffs-4-Distinct-Flavors-Smart-Screen-Vape-300x300.webp 300w, https:\/\/vapestornado.com\/wp-content\/uploads\/2025\/11\/UOR-4-in-1-Flavors-120K-Puffs-4-Distinct-Flavors-Smart-Screen-Vape-150x150.webp 150w, https:\/\/vapestornado.com\/wp-content\/uploads\/2025\/11\/UOR-4-in-1-Flavors-120K-Puffs-4-Distinct-Flavors-Smart-Screen-Vape-768x768.webp 768w, https:\/\/vapestornado.com\/wp-content\/uploads\/2025\/11\/UOR-4-in-1-Flavors-120K-Puffs-4-Distinct-Flavors-Smart-Screen-Vape-12x12.webp 12w, https:\/\/vapestornado.com\/wp-content\/uploads\/2025\/11\/UOR-4-in-1-Flavors-120K-Puffs-4-Distinct-Flavors-Smart-Screen-Vape-600x600.webp 600w, https:\/\/vapestornado.com\/wp-content\/uploads\/2025\/11\/UOR-4-in-1-Flavors-120K-Puffs-4-Distinct-Flavors-Smart-Screen-Vape-100x100.webp 100w, https:\/\/vapestornado.com\/wp-content\/uploads\/2025\/11\/UOR-4-in-1-Flavors-120K-Puffs-4-Distinct-Flavors-Smart-Screen-Vape.webp 800w\" sizes=\"(max-width: 300px) 100vw, 300px\" \/><figcaption id=\"caption-attachment-4548\" class=\"wp-caption-text\">UOR 4 u 1 Okusi 120K Udisaja 4 Razli\u010dita Okusa Pametni Ekran Vape<\/figcaption><\/figure>\n<h2>Za\u0161to Odabrati Vapestornado za UOR 120000 Udisaja Kupnju na Veliko?<\/h2>\n<div class=\"flex-shrink-0 flex flex-col relative items-end\">\n<div class=\"pt-0\">\n<div class=\"gizmo-bot-avatar flex h-8 w-8 items-center justify-center overflow-hidden rounded-full\">\n<div class=\"relative p-1 rounded-sm flex items-center justify-center bg-token-main-surface-primary text-token-text-primary h-8 w-8\">\n<p>At\u00a0<strong>Vapes Tornado<\/strong>, ponosimo se isporukom\u00a0<strong>vrhunskih proizvoda za vaping po nenadma\u0161nim cijenama<\/strong>\u00a0Evo za\u0161to biste trebali kupovati od nas:<\/p>\n<p data-start=\"235\" data-end=\"360\"><strong data-start=\"235\" data-end=\"261\">Najbolji veleprodajni dogovori<\/strong> \u2013 U\u017eivajte <strong data-start=\"270\" data-end=\"297\">visoke mar\u017ee na veleprodajnim cijenama<\/strong> prilago\u0111eno za preprodava\u010de, distributere vapea i maloprodajne trgovine.<\/p>\n<p data-start=\"362\" data-end=\"513\"><strong data-start=\"362\" data-end=\"400\">\u2714 Brza i Sigurna Dostava \u0161irom svijeta<\/strong> \u2013 Osiguravamo <strong data-start=\"413\" data-end=\"443\">brzu, pra\u0107enu dostavu<\/strong> kroz Europu i \u0161ire, tako da va\u0161a zaliha sti\u017ee sigurno i na vrijeme.<\/p>\n<p data-start=\"515\" data-end=\"646\"><strong data-start=\"515\" data-end=\"542\">\u2714 100% Autenti\u010dni Proizvodi<\/strong> \u2013 Svaki <strong data-start=\"551\" data-end=\"578\">WASPE Triple 60000 vape<\/strong> koji prodajemo je <strong data-start=\"590\" data-end=\"625\">autenti\u010dan i tvorni\u010dki certificiran<\/strong>, nikada imitacija.<\/p>\n<p data-start=\"648\" data-end=\"799\"><strong data-start=\"648\" data-end=\"676\">\u2714 Posve\u0107eni Tim za Podr\u0161ku<\/strong> \u2013 Trebate pomo\u0107? Na\u0161i <strong data-start=\"694\" data-end=\"733\">stru\u010dnjaci za vape dostupni su 24\/7<\/strong>, spremni odgovoriti na va\u0161a pitanja i pomo\u0107i s narud\u017ebama u bilo koje vrijeme.<\/p>\n<p>&nbsp;<\/p>\n<p data-start=\"559\" data-end=\"933\" data-is-last-node=\"\" data-is-only-node=\"\">Tako\u0111er imamo neke druge popularne jednokratne vape s ekranom poput <a href=\"https:\/\/vapestornado.com\/hr\/product\/uzy-150k-puffs-6-in-1-flavor-switch-disposable-vape-pen-wholesale\/\">UZY 150K Puff vape za promjenu okusa<\/a>, <a href=\"https:\/\/vapestornado.com\/hr\/product\/vozol-rave-40k-40000-puffs-disposable-vape-smart-screen-5-nicotine\/\">VOZOL RAVE 40K Jednokratni Vape<\/a>, <a href=\"https:\/\/vapestornado.com\/hr\/product\/waspe-150k-150000-puff-6-in-1-disposable-vape-pen-cartridge-best-wholesale-price-in-poland\/\">WASPE 150K Udisaja 6 u 1<\/a>, i vi\u0161e.<\/p>\n<\/div>\n<div class=\"relative p-1 rounded-sm flex items-center justify-center bg-token-main-surface-primary text-token-text-primary h-8 w-8\">\n<h2>\u010cesto Postavljana Pitanja o UOR 120000 Udisaja<\/h2>\n<p data-start=\"2474\" data-end=\"2646\"><strong data-start=\"2474\" data-end=\"2523\">1. Kako radi sustav promjene okusa?<\/strong><br data-start=\"2523\" data-end=\"2526\" \/>Ovo <strong data-start=\"2530\" data-end=\"2559\">Zamjenjivi Jednokratni Vape<\/strong> dizajn koristi \u010detiri odvojena spremnika od 16ml. Okrenite prekida\u010d za trenutnu promjenu okusa.<\/p>\n<p data-start=\"2648\" data-end=\"2797\"><strong data-start=\"2648\" data-end=\"2689\">2. Je li UOR 120k Udisaja punjiv?<\/strong><br data-start=\"2689\" data-end=\"2692\" \/>Da, uklju\u010duje <strong data-start=\"2711\" data-end=\"2736\">650mAh Type-C baterija<\/strong>, pru\u017eaju\u0107i korisnicima stabilnu snagu dok se svi okusi ne potro\u0161e.<\/p>\n<p data-start=\"2799\" data-end=\"2917\"><strong data-start=\"2799\" data-end=\"2836\">3. Koju grija\u010du koristi ure\u0111aj?<\/strong><br data-start=\"2836\" data-end=\"2839\" \/>Koristi <strong data-start=\"2849\" data-end=\"2867\">Mre\u017easta zavojnica od 1,0 \u03a9<\/strong>, optimiziran za glatki vapor i to\u010dan okus.<\/p>\n<p data-start=\"2919\" data-end=\"3102\"><strong data-start=\"2919\" data-end=\"2967\">4. Je li ovo prikladno za veleprodajne narud\u017ebe u Hrvatskoj?<\/strong><br data-start=\"2967\" data-end=\"2970\" \/>Apsolutno \u2014 <strong data-start=\"2987\" data-end=\"3006\">UOR 120000 Dim<\/strong> je sna\u017ean u <strong data-start=\"3032\" data-end=\"3053\">Vape Veleprodaja EU<\/strong>, s visokim brojem udisaja i vi\u0161estrukim okusima.<\/p>\n<p data-start=\"3104\" data-end=\"3259\"><strong data-start=\"3104\" data-end=\"3145\">5. Je li ovaj ure\u0111aj dobar za nove korisnike?<\/strong><br data-start=\"3145\" data-end=\"3148\" \/>Da. To je <strong data-start=\"3161\" data-end=\"3188\">Digitalna Jednokratna Vape<\/strong> s aktivacijom povla\u010denja i jednostavnim prebacivanjem, bez potrebe za odr\u017eavanjem.<\/p>\n<\/div>\n<\/div>\n<\/div>\n<\/div>","protected":false},"excerpt":{"rendered":"<article class=\"text-token-text-primary w-full focus:outline-none [--shadow-height:45px] has-data-writing-block:pointer-events-none has-data-writing-block:-mt-(--shadow-height) has-data-writing-block:pt-(--shadow-height) [&amp;:has([data-writing-block])&gt;*]:pointer-events-auto [content-visibility:auto] supports-[content-visibility:auto]:[contain-intrinsic-size:auto_100lvh] scroll-mt-[calc(var(--header-height)+min(200px,max(70px,20svh)))]\" dir=\"auto\" tabindex=\"-1\" data-turn-id=\"86ca9d92-7a10-4e6b-bda0-15f9df36adca\" data-testid=\"conversation-turn-120\" data-scroll-anchor=\"true\" data-turn=\"assistant\">\n<div class=\"text-base my-auto mx-auto pb-10 [--thread-content-margin:--spacing(4)] thread-sm:[--thread-content-margin:--spacing(6)] thread-lg:[--thread-content-margin:--spacing(16)] px-(--thread-content-margin)\">\n<div class=\"[--thread-content-max-width:40rem] thread-lg:[--thread-content-max-width:48rem] mx-auto max-w-(--thread-content-max-width) flex-1 group\/turn-messages focus-visible:outline-hidden relative flex w-full min-w-0 flex-col agent-turn\" tabindex=\"-1\">\n<div class=\"flex max-w-full flex-col grow\">\n<div class=\"min-h-8 text-message relative flex w-full flex-col items-end gap-2 text-start break-words whitespace-normal [.text-message+&amp;]:mt-1\" dir=\"auto\" data-message-author-role=\"assistant\" data-message-id=\"43b070d6-bf28-4fbe-8049-1032a61ea3ac\" data-message-model-slug=\"gpt-5\">\n<div class=\"flex w-full flex-col gap-1 empty:hidden first:pt-[1px]\">\n<div class=\"markdown prose dark:prose-invert w-full break-words light markdown-new-styling\">\n<article class=\"text-token-text-primary w-full focus:outline-none [--shadow-height:45px] has-data-writing-block:pointer-events-none has-data-writing-block:-mt-(--shadow-height) has-data-writing-block:pt-(--shadow-height) [&amp;:has([data-writing-block])&gt;*]:pointer-events-auto [content-visibility:auto] supports-[content-visibility:auto]:[contain-intrinsic-size:auto_100lvh] scroll-mt-[calc(var(--header-height)+min(200px,max(70px,20svh)))]\" dir=\"auto\" tabindex=\"-1\" data-turn-id=\"4d6f00b8-d41a-438b-8912-05a895842882\" data-testid=\"conversation-turn-130\" data-scroll-anchor=\"true\" data-turn=\"assistant\">\n<div class=\"text-base my-auto mx-auto pb-10 [--thread-content-margin:--spacing(4)] thread-sm:[--thread-content-margin:--spacing(6)] thread-lg:[--thread-content-margin:--spacing(16)] px-(--thread-content-margin)\">\n<div class=\"[--thread-content-max-width:40rem] thread-lg:[--thread-content-max-width:48rem] mx-auto max-w-(--thread-content-max-width) flex-1 group\/turn-messages focus-visible:outline-hidden relative flex w-full min-w-0 flex-col agent-turn\" tabindex=\"-1\">\n<div class=\"flex max-w-full flex-col grow\">\n<div class=\"min-h-8 text-message relative flex w-full flex-col items-end gap-2 text-start break-words whitespace-normal [.text-message+&amp;]:mt-1\" dir=\"auto\" data-message-author-role=\"assistant\" data-message-id=\"f3c520bf-c043-4392-87ea-b3bf1b3ae6d3\" data-message-model-slug=\"gpt-5-1\">\n<div class=\"flex w-full flex-col gap-1 empty:hidden first:pt-[1px]\">\n<div class=\"markdown prose dark:prose-invert w-full break-words light markdown-new-styling\">\n<p data-start=\"3562\" data-end=\"3657\"><strong data-start=\"3562\" data-end=\"3655\">UOR 120K Dim 4-Okus Prebaciva Vape \u2013 120000 Dim Punjiva Jednokratna za veleprodaju u EU<\/strong><\/p>\n<p data-start=\"3661\" data-end=\"3753\"><strong data-start=\"3661\" data-end=\"3751\">Kupi UOR 120000 Dim Online \u2013 Vi\u0161ekanalna Digitalna Jednokratna Vape s Type-C Punjenjem<\/strong><\/p>\n<p data-start=\"3757\" data-end=\"3844\" data-is-last-node=\"\"><strong data-start=\"3757\" data-end=\"3844\" data-is-last-node=\"\">UOR 120K 4-u-1 Vape \u2013 120000 Dim Dugotrajna Jednokratna za maloprodaju i veleprodaju u EU<\/strong><\/p>\n<\/div>\n<\/div>\n<\/div>\n<\/div>\n<div class=\"z-0 flex min-h-[46px] justify-start\"><\/div>\n<div class=\"mt-3 w-full empty:hidden\">\n<div class=\"text-center\"><\/div>\n<\/div>\n<\/div>\n<\/div>\n<\/article>\n<div class=\"pointer-events-none h-px w-px\" aria-hidden=\"true\" data-edge=\"true\"><\/div>\n<\/div>\n<\/div>\n<\/div>\n<\/div>\n<\/div>\n<\/div>\n<\/article>\n<p><img fetchpriority=\"high\" decoding=\"async\" class=\"size-full wp-image-2932\" src=\"https:\/\/vapestornado.com\/wp-content\/uploads\/2024\/12\/Vape-Wholesale.jpg\" alt=\"Veleprodaja vejpova\" width=\"229\" height=\"300\" \/><\/p>\n<h3><a href=\"https:\/\/wa.me\/8617776015835\"><span style=\"color: #ff0000;\"><strong>WhatsApp: +86 17776015835<\/strong><\/span><\/a><\/h3>\n<p>&nbsp;<\/p>","protected":false},"featured_media":4547,"comment_status":"open","ping_status":"closed","template":"","meta":{"_acf_changed":false,"_uag_custom_page_level_css":"","_lmt_disableupdate":"no","_lmt_disable":"","_monsterinsights_skip_tracking":false,"_monsterinsights_sitenote_active":false,"_monsterinsights_sitenote_note":"","_monsterinsights_sitenote_category":0,"site-sidebar-layout":"default","site-content-layout":"","ast-site-content-layout":"default","site-content-style":"default","site-sidebar-style":"default","ast-global-header-display":"","ast-banner-title-visibility":"","ast-main-header-display":"","ast-hfb-above-header-display":"","ast-hfb-below-header-display":"","ast-hfb-mobile-header-display":"","site-post-title":"","ast-breadcrumbs-content":"","ast-featured-img":"","footer-sml-layout":"","ast-disable-related-posts":"","theme-transparent-header-meta":"default","adv-header-id-meta":"","stick-header-meta":"","header-above-stick-meta":"","header-main-stick-meta":"","header-below-stick-meta":"","astra-migrate-meta-layouts":"set","ast-page-background-enabled":"default","ast-page-background-meta":{"desktop":{"background-color":"","background-image":"","background-repeat":"repeat","background-position":"center center","background-size":"auto","background-attachment":"scroll","background-type":"","background-media":"","overlay-type":"","overlay-color":"","overlay-opacity":"","overlay-gradient":""},"tablet":{"background-color":"","background-image":"","background-repeat":"repeat","background-position":"center center","background-size":"auto","background-attachment":"scroll","background-type":"","background-media":"","overlay-type":"","overlay-color":"","overlay-opacity":"","overlay-gradient":""},"mobile":{"background-color":"","background-image":"","background-repeat":"repeat","background-position":"center center","background-size":"auto","background-attachment":"scroll","background-type":"","background-media":"","overlay-type":"","overlay-color":"","overlay-opacity":"","overlay-gradient":""}},"ast-content-background-meta":{"desktop":{"background-color":"var(--ast-global-color-5)","background-image":"","background-repeat":"repeat","background-position":"center center","background-size":"auto","background-attachment":"scroll","background-type":"","background-media":"","overlay-type":"","overlay-color":"","overlay-opacity":"","overlay-gradient":""},"tablet":{"background-color":"var(--ast-global-color-5)","background-image":"","background-repeat":"repeat","background-position":"center center","background-size":"auto","background-attachment":"scroll","background-type":"","background-media":"","overlay-type":"","overlay-color":"","overlay-opacity":"","overlay-gradient":""},"mobile":{"background-color":"var(--ast-global-color-5)","background-image":"","background-repeat":"repeat","background-position":"center center","background-size":"auto","background-attachment":"scroll","background-type":"","background-media":"","overlay-type":"","overlay-color":"","overlay-opacity":"","overlay-gradient":""}},"_joinchat":{"telephone":"17776015835"}},"product_brand":[],"product_cat":[347,149,150,156,143,357,146],"product_tag":[105,427,94,436,434,433,435,301],"class_list":{"0":"post-4544","1":"product","2":"type-product","3":"status-publish","4":"has-post-thumbnail","6":"product_cat-120000-puff","7":"product_cat-buy-disposable-vapes-in-austria","8":"product_cat-buy-disposable-vapes-in-belgium","9":"product_cat-buy-disposable-vapes-in-poland","10":"product_cat-dual-mesh-disposable-vapes","11":"product_cat-flavor-adjustable-vape","12":"product_cat-rechargeable-disposable-vapes","13":"product_tag-digital-disposable-vape","14":"product_tag-multi-flaovr-vape","15":"product_tag-rechargeable-disposable-vape","16":"product_tag-shop-vape-online","17":"product_tag-uor-120000-puffs","18":"product_tag-uor-120k-puff","19":"product_tag-vape-eu-wholesale","20":"product_tag-vapor-wholesale","21":"desktop-align-left","22":"tablet-align-left","23":"mobile-align-left","25":"first","26":"instock","27":"sale","28":"shipping-taxable","29":"purchasable","30":"product-type-simple"},"acf":[],"uagb_featured_image_src":{"full":["https:\/\/vapestornado.com\/wp-content\/uploads\/2025\/11\/The-UOR-120K-is-very-popular-in-the-European-Disposable-Vape-Wholesale.webp",800,800,false],"thumbnail":["https:\/\/vapestornado.com\/wp-content\/uploads\/2025\/11\/The-UOR-120K-is-very-popular-in-the-European-Disposable-Vape-Wholesale-150x150.webp",150,150,true],"medium":["https:\/\/vapestornado.com\/wp-content\/uploads\/2025\/11\/The-UOR-120K-is-very-popular-in-the-European-Disposable-Vape-Wholesale-300x300.webp",300,300,true],"medium_large":["https:\/\/vapestornado.com\/wp-content\/uploads\/2025\/11\/The-UOR-120K-is-very-popular-in-the-European-Disposable-Vape-Wholesale-768x768.webp",768,768,true],"large":["https:\/\/vapestornado.com\/wp-content\/uploads\/2025\/11\/The-UOR-120K-is-very-popular-in-the-European-Disposable-Vape-Wholesale.webp",800,800,false],"1536x1536":["https:\/\/vapestornado.com\/wp-content\/uploads\/2025\/11\/The-UOR-120K-is-very-popular-in-the-European-Disposable-Vape-Wholesale.webp",800,800,false],"2048x2048":["https:\/\/vapestornado.com\/wp-content\/uploads\/2025\/11\/The-UOR-120K-is-very-popular-in-the-European-Disposable-Vape-Wholesale.webp",800,800,false],"trp-custom-language-flag":["https:\/\/vapestornado.com\/wp-content\/uploads\/2025\/11\/The-UOR-120K-is-very-popular-in-the-European-Disposable-Vape-Wholesale-12x12.webp",12,12,true],"woocommerce_thumbnail":["https:\/\/vapestornado.com\/wp-content\/uploads\/2025\/11\/The-UOR-120K-is-very-popular-in-the-European-Disposable-Vape-Wholesale-300x300.webp",300,300,true],"woocommerce_single":["https:\/\/vapestornado.com\/wp-content\/uploads\/2025\/11\/The-UOR-120K-is-very-popular-in-the-European-Disposable-Vape-Wholesale-600x600.webp",600,600,true],"woocommerce_gallery_thumbnail":["https:\/\/vapestornado.com\/wp-content\/uploads\/2025\/11\/The-UOR-120K-is-very-popular-in-the-European-Disposable-Vape-Wholesale-100x100.webp",100,100,true]},"uagb_author_info":{"display_name":"ESAMY","author_link":"https:\/\/vapestornado.com\/hr\/author\/"},"uagb_comment_info":1,"uagb_excerpt":"UOR 120K Puff 4-Flavor Switch Vape \u2013 120000 Puff Rechargeable Disposable for EU Wholesale Buy UOR 120000 Puff Online \u2013 Multi-Flavor Digital Disposable Vape with Type-C Charging UOR 120K 4-in-1 Vape \u2013 120000 Puff Long-Life Disposable for EU Retail &amp; Bulk Orders WhatsApp: +86 17776015835 &nbsp;","_links":{"self":[{"href":"https:\/\/vapestornado.com\/hr\/wp-json\/wp\/v2\/product\/4544","targetHints":{"allow":["GET"]}}],"collection":[{"href":"https:\/\/vapestornado.com\/hr\/wp-json\/wp\/v2\/product"}],"about":[{"href":"https:\/\/vapestornado.com\/hr\/wp-json\/wp\/v2\/types\/product"}],"replies":[{"embeddable":true,"href":"https:\/\/vapestornado.com\/hr\/wp-json\/wp\/v2\/comments?post=4544"}],"wp:featuredmedia":[{"embeddable":true,"href":"https:\/\/vapestornado.com\/hr\/wp-json\/wp\/v2\/media\/4547"}],"wp:attachment":[{"href":"https:\/\/vapestornado.com\/hr\/wp-json\/wp\/v2\/media?parent=4544"}],"wp:term":[{"taxonomy":"product_brand","embeddable":true,"href":"https:\/\/vapestornado.com\/hr\/wp-json\/wp\/v2\/product_brand?post=4544"},{"taxonomy":"product_cat","embeddable":true,"href":"https:\/\/vapestornado.com\/hr\/wp-json\/wp\/v2\/product_cat?post=4544"},{"taxonomy":"product_tag","embeddable":true,"href":"https:\/\/vapestornado.com\/hr\/wp-json\/wp\/v2\/product_tag?post=4544"}],"curies":[{"name":"wp","href":"https:\/\/api.w.org\/{rel}","templated":true}]}}