{"id":4529,"date":"2025-11-12T03:26:29","date_gmt":"2025-11-12T03:26:29","guid":{"rendered":"https:\/\/vapestornado.com\/?post_type=product&#038;p=4529"},"modified":"2025-11-12T04:00:35","modified_gmt":"2025-11-12T04:00:35","slug":"uzy-150k-puffs-6-in-1-flavor-switch-disposable-vape-pen-wholesale","status":"publish","type":"product","link":"https:\/\/vapestornado.com\/hr\/product\/uzy-150k-puffs-6-in-1-flavor-switch-disposable-vape-pen-wholesale\/","title":{"rendered":"UZY 150K Udaraca 6 u 1 Promjena Okusa Jednokratni Vape Olovka na Veliko"},"content":{"rendered":"<h2 data-pm-slice=\"1 1 []\">UZY 150K Udaraca 6 u 1 Promjena Okusa Jednokratni Vape Olovka Na veliko \u2013 Izgra\u0111ena za Snagu, Stil i Veliku Zaradu<\/h2>\n<p data-start=\"120\" data-end=\"663\">Ovo <strong data-start=\"124\" data-end=\"162\">UZY 150K Udaraca Jednokratni Vape Olovka<\/strong> redefinira izdr\u017eljivost i svestranost za dana\u0161nje tr\u017ei\u0161te vapinga. Projektirana s <strong data-start=\"244\" data-end=\"275\">sustavom promjene okusa 6 u 1<\/strong>, ovaj <strong data-start=\"282\" data-end=\"319\">Promjena Okusa Jednokratni Vape<\/strong> omogu\u0107ava korisnicima da odmah promijene izme\u0111u \u0161est jedinstvenih mje\u0161avina jednostavnim klikom \u2014 od <strong data-start=\"401\" data-end=\"418\">Borovnica Led<\/strong> to <strong data-start=\"422\" data-end=\"437\">Breskva Limun<\/strong>, svaki udah djeluje jasno i svje\u017ee. Dizajnirano za <strong data-start=\"496\" data-end=\"518\">Vape Olovka Na veliko<\/strong> kupce u Hrvatskoj, <strong data-start=\"541\" data-end=\"560\">UZY 150000 Udaraca<\/strong> nudi neusporedivu dugotrajnost i stil koji odgovara na\u010dinu \u017eivota mladih, aktivnih potro\u0161a\u010da u dobi od 25 do 35 godina.<\/p>\n<p data-start=\"665\" data-end=\"1277\">S <strong data-start=\"672\" data-end=\"705\">veli\u010danstven kapacitet od 150.000 udaraca<\/strong>, a <strong data-start=\"709\" data-end=\"740\">punjivom baterijom od 650 mAh<\/strong>, i <strong data-start=\"748\" data-end=\"777\">Type-C brzo punjenje<\/strong>, UZY 150K Puffs osigurava neprekidno u\u017eivanje u vapingu tjednima. Njegov <strong data-start=\"842\" data-end=\"867\">kvad-mre\u017eni grija\u010d (1.0\u03a9)<\/strong> i <strong data-start=\"872\" data-end=\"899\">64ml spremnik za e-teku\u0107inu<\/strong> dostavlja gustu paru i \u010distu konzistenciju okusa. The <strong data-start=\"953\" data-end=\"973\">pametni LED zaslon<\/strong> jasno prikazuje trajanje baterije, na\u010din pu\u0161enja i razinu e-teku\u0107ine, dok je <strong data-start=\"1044\" data-end=\"1082\">proziran omota\u010d nadahnut kristalima<\/strong> i odva\u017ean grafi\u010dki dizajn majmuna \u010dine ga istaknutim u svakom asortimanu. Dostupan u <strong data-start=\"1160\" data-end=\"1190\">0%, 2%, 3% i 5% nikotina<\/strong> ja\u010dinama, zadovoljava i casual i iskusne vaper-e koji tra\u017ee fleksibilne opcije.<\/p>\n<p data-start=\"1279\" data-end=\"1604\">Savr\u0161eno za <strong data-start=\"1291\" data-end=\"1331\">EU distributeri i veleprodaje za vape proizvode<\/strong>, onda je <strong data-start=\"1337\" data-end=\"1367\">UZY 150K Puffs 6 u 1 Vape<\/strong> kombinira stil, performanse i raznolikost okusa u jednom proizvodu s visokim mar\u017eama i brzoj prodaji. Od <strong data-start=\"1460\" data-end=\"1480\">Hrvatske do Poljske<\/strong>, to je glavno <strong data-start=\"1497\" data-end=\"1530\">veliko prodajno rje\u0161enje za jednokratne vape olovke<\/strong> za maloprodaju koji \u017eele kvalitetu, dizajn i zahtjeve sve u jednom.<\/p>\n<p data-start=\"666\" data-end=\"1235\"><strong style=\"font-size: 16px;\"><span style=\"color: #ff0000;\">Dodajte Amy na WhatsApp za brzi odgovor i popust!<\/span><\/strong><\/p>\n<p><img fetchpriority=\"high\" decoding=\"async\" class=\"size-full wp-image-2932\" src=\"https:\/\/vapestornado.com\/wp-content\/uploads\/2024\/12\/Vape-Wholesale.jpg\" alt=\"Veleprodaja vejpova\" width=\"229\" height=\"300\" \/><\/p>\n<h3><a href=\"https:\/\/wa.me\/8617776015835\" target=\"_blank\" rel=\"noopener\"><span style=\"color: #ff0000;\"><strong>WhatsApp: +86 17776015835<\/strong><\/span><\/a><\/h3>\n<p>&nbsp;<\/p>\n<h2><strong>UZY 150K Puff Bar Klju\u010dne zna\u010dajke proizvoda<\/strong><\/h2>\n<ul>\n<li data-start=\"1639\" data-end=\"1696\">\n<p data-start=\"1641\" data-end=\"1696\">Kapacitet udaha: <strong data-start=\"1656\" data-end=\"1694\">150.000 Pufova (Ultra dugotrajno)<\/strong><\/p>\n<\/li>\n<li data-start=\"1697\" data-end=\"1745\">\n<p data-start=\"1699\" data-end=\"1745\">Na\u010din okusa: <strong data-start=\"1712\" data-end=\"1743\">6-u-1 sustav za promjenu okusa<\/strong><\/p>\n<\/li>\n<li data-start=\"1746\" data-end=\"1786\">\n<p data-start=\"1748\" data-end=\"1786\">Vrsta zavojnice: <strong data-start=\"1759\" data-end=\"1784\">Kvad-mre\u017eni grija\u010d (1.0\u03a9)<\/strong><\/p>\n<\/li>\n<li data-start=\"1787\" data-end=\"1832\">\n<p data-start=\"1789\" data-end=\"1832\">Volumen e-teku\u0107ine: <strong data-start=\"1806\" data-end=\"1830\">64ml Prednapunjeni spremnik<\/strong><\/p>\n<\/li>\n<li data-start=\"1833\" data-end=\"1874\">\n<p data-start=\"1835\" data-end=\"1874\">Ja\u010dine nikotina: <strong data-start=\"1854\" data-end=\"1872\">0%, 2%, 3%, 5%<\/strong><\/p>\n<\/li>\n<li data-start=\"1875\" data-end=\"1928\">\n<p data-start=\"1877\" data-end=\"1928\">Baterija: <strong data-start=\"1886\" data-end=\"1926\">650mAh punjiva, Type-C punjenje<\/strong><\/p>\n<\/li>\n<li data-start=\"1929\" data-end=\"1990\">\n<p data-start=\"1931\" data-end=\"1990\">Zaslon: <strong data-start=\"1940\" data-end=\"1988\">Pametni LED zaslon (indikator baterije i teku\u0107ine)<\/strong><\/p>\n<\/li>\n<li data-start=\"1991\" data-end=\"2047\">\n<p data-start=\"1993\" data-end=\"2047\">Dizajn: <strong data-start=\"2001\" data-end=\"2045\">Kristalno prozirno ku\u0107i\u0161te, grafika majmuna<\/strong><\/p>\n<\/li>\n<li data-start=\"2048\" data-end=\"2077\">\n<p data-start=\"2050\" data-end=\"2077\">Te\u017eina: <strong data-start=\"2058\" data-end=\"2075\">120g po komadu<\/strong><\/p>\n<\/li>\n<li data-start=\"2078\" data-end=\"2133\">\n<p data-start=\"2080\" data-end=\"2133\">Pakiranje: <strong data-start=\"2091\" data-end=\"2131\">10 komada\/kutija, 120 komada\/karton (G.W. 18kg)<\/strong><\/p>\n<\/li>\n<\/ul>\n<figure id=\"attachment_4523\" aria-describedby=\"caption-attachment-4523\" style=\"width: 300px\" class=\"wp-caption alignnone\"><img decoding=\"async\" class=\"size-medium wp-image-4523\" src=\"https:\/\/vapestornado.com\/wp-content\/uploads\/2025\/11\/UZY-150K-High-Puff-6-in-1-Monkey-Vape-300x300.webp\" alt=\"UZY 150K Visoki dim od 6 u 1 Monkey Vape\" width=\"300\" height=\"300\" srcset=\"https:\/\/vapestornado.com\/wp-content\/uploads\/2025\/11\/UZY-150K-High-Puff-6-in-1-Monkey-Vape-300x300.webp 300w, https:\/\/vapestornado.com\/wp-content\/uploads\/2025\/11\/UZY-150K-High-Puff-6-in-1-Monkey-Vape-150x150.webp 150w, https:\/\/vapestornado.com\/wp-content\/uploads\/2025\/11\/UZY-150K-High-Puff-6-in-1-Monkey-Vape-768x768.webp 768w, https:\/\/vapestornado.com\/wp-content\/uploads\/2025\/11\/UZY-150K-High-Puff-6-in-1-Monkey-Vape-12x12.webp 12w, https:\/\/vapestornado.com\/wp-content\/uploads\/2025\/11\/UZY-150K-High-Puff-6-in-1-Monkey-Vape-600x600.webp 600w, https:\/\/vapestornado.com\/wp-content\/uploads\/2025\/11\/UZY-150K-High-Puff-6-in-1-Monkey-Vape-100x100.webp 100w, https:\/\/vapestornado.com\/wp-content\/uploads\/2025\/11\/UZY-150K-High-Puff-6-in-1-Monkey-Vape.webp 800w\" sizes=\"(max-width: 300px) 100vw, 300px\" \/><figcaption id=\"caption-attachment-4523\" class=\"wp-caption-text\">UZY 150K Visoki dim od 6 u 1 Monkey Vape<\/figcaption><\/figure>\n<h2 class=\"product-title\"><strong>UZY 150K 150000 Udisaja jednokratni vapori s popisom okusa<\/strong><\/h2>\n<article class=\"w-full text-token-text-primary focus-visible:outline-2 focus-visible:outline-offset-[-4px]\" dir=\"auto\" data-testid=\"conversation-turn-32\" data-scroll-anchor=\"false\">\n<div class=\"m-auto text-base py-[18px] px-6\">\n<div class=\"mx-auto flex flex-1 text-base gap-4 md:gap-5 lg:gap-6 md:max-w-3xl lg:max-w-[40rem] xl:max-w-[48rem]\">\n<div class=\"group\/conversation-turn relative flex w-full min-w-0 flex-col @xs\/thread:px-0 @sm\/thread:px-1.5 @md\/thread:px-4\">\n<div class=\"flex-col gap-1 md:gap-3\">\n<div class=\"flex max-w-full flex-col flex-grow\">\n<div class=\"min-h-8 text-message flex w-full flex-col items-end gap-2 whitespace-normal break-words text-start [.text-message+&amp;]:mt-5\" dir=\"auto\" data-message-author-role=\"user\" data-message-id=\"ffac41ca-1db4-431b-873a-32c4052956f1\">\n<div class=\"flex w-full flex-col gap-1 empty:hidden items-end rtl:items-start\">\n<div class=\"relative max-w-[var(--user-chat-width,70%)] rounded-3xl bg-token-message-surface px-5 py-2.5\">\n<div class=\"absolute bottom-0 right-full top-0 -mr-3.5 hidden pr-5 pt-2 [.group\/conversation-turn:hover_&amp;]:flex\">\n<div class=\"flex\">\n<article class=\"w-full text-token-text-primary focus-visible:outline-2 focus-visible:outline-offset-[-4px]\" dir=\"auto\" data-testid=\"conversation-turn-39\" data-scroll-anchor=\"true\">\n<div class=\"m-auto text-base py-[18px] px-6\">\n<div class=\"mx-auto flex flex-1 text-base gap-4 md:gap-5 lg:gap-6 md:max-w-3xl lg:max-w-[40rem] xl:max-w-[48rem]\">\n<div class=\"group\/conversation-turn relative flex w-full min-w-0 flex-col agent-turn @xs\/thread:px-0 @sm\/thread:px-1.5 @md\/thread:px-4\">\n<div class=\"flex-col gap-1 md:gap-3\">\n<div class=\"flex max-w-full flex-col flex-grow\">\n<div class=\"min-h-8 text-message flex w-full flex-col items-end gap-2 whitespace-normal break-words text-start [.text-message+&amp;]:mt-5\" dir=\"auto\" data-message-author-role=\"assistant\" data-message-id=\"55a23854-ec57-48dd-bd4f-6118f43d6241\" data-message-model-slug=\"gpt-4o\">\n<div class=\"flex w-full flex-col gap-1 empty:hidden first:pt-[3px]\">\n<div class=\"markdown prose w-full break-words dark:prose-invert light\">\n<ol data-start=\"2191\" data-end=\"2733\">\n<li data-start=\"2191\" data-end=\"2253\">\n<p data-start=\"2194\" data-end=\"2253\">Lubenica Led \/ Jagoda Mamba \/ Jagoda Lubenica<\/p>\n<\/li>\n<li data-start=\"2254\" data-end=\"2313\">\n<p data-start=\"2257\" data-end=\"2313\">Borovnica Led \/ Malina Limun \/ Lubenica \u017dvaka\u0107a guma<\/p>\n<\/li>\n<li data-start=\"2314\" data-end=\"2368\">\n<p data-start=\"2317\" data-end=\"2368\">Jagoda Kivi \/ Borovnica Kokos \/ Mije\u0161ano Bobi\u010dasto vo\u0107e<\/p>\n<\/li>\n<li data-start=\"2369\" data-end=\"2420\">\n<p data-start=\"2372\" data-end=\"2420\">Gro\u017e\u0111e Led \/ Mango Breskva \/ Borovnica Lubenica<\/p>\n<\/li>\n<li data-start=\"2421\" data-end=\"2477\">\n<p data-start=\"2424\" data-end=\"2477\">Borovnica Riba \/ Trostruki Melon \/ Jagoda Led<\/p>\n<\/li>\n<li data-start=\"2478\" data-end=\"2527\">\n<p data-start=\"2481\" data-end=\"2527\">Jagoda Kiwi \/ Borovnica Led \/ Tre\u0161nja Led<\/p>\n<\/li>\n<li data-start=\"2528\" data-end=\"2581\">\n<p data-start=\"2531\" data-end=\"2581\">Kiwi Pasijefrukta Guava \/ Breskva Limun \/ Ljubav 66<\/p>\n<\/li>\n<li data-start=\"2582\" data-end=\"2644\">\n<p data-start=\"2585\" data-end=\"2644\">Jagoda Dragon Plod \/ Crveni Bivol \/ Riba Lubenica<\/p>\n<\/li>\n<li data-start=\"2645\" data-end=\"2686\">\n<p data-start=\"2648\" data-end=\"2686\">Breskva Led \/ Dvije Jabuke \/ Trostruki Mango<\/p>\n<\/li>\n<li data-start=\"2687\" data-end=\"2733\">\n<p data-start=\"2691\" data-end=\"2733\">Mije\u0161ano Bobi\u010dasto Vo\u0107e \/ Gazirana Tre\u0161nja \/ Breskva Limun<\/p>\n<\/li>\n<\/ol>\n<p data-start=\"2735\" data-end=\"2978\">Svako uklju\u010divanje donosi novi nalet okusa, pru\u017eaju\u0107i korisnicima slobodu da u\u017eivaju u vi\u0161e profila s jednog ure\u0111aja \u2014 glavni razlog za\u0161to <strong data-start=\"2869\" data-end=\"2887\">UZY 150K Udaraca<\/strong> je postao jedan od <strong data-start=\"2910\" data-end=\"2942\">najprodavanijih jednokratnih vape ure\u0111aja<\/strong> na europskom veleprodajnom tr\u017ei\u0161tu.<\/p>\n<p>&nbsp;<\/p>\n<\/div>\n<\/div>\n<\/div>\n<\/div>\n<\/div>\n<\/div>\n<\/div>\n<\/div>\n<\/article>\n<\/div>\n<\/div>\n<\/div>\n<\/div>\n<\/div>\n<\/div>\n<\/div>\n<\/div>\n<\/div>\n<\/div>\n<\/article>\n<h2>Za\u0161to odabrati Vapestornado za UZY 150K Pufova Velika Kupnja?<\/h2>\n<div class=\"flex-shrink-0 flex flex-col relative items-end\">\n<div class=\"pt-0\">\n<div class=\"gizmo-bot-avatar flex h-8 w-8 items-center justify-center overflow-hidden rounded-full\">\n<div class=\"relative p-1 rounded-sm flex items-center justify-center bg-token-main-surface-primary text-token-text-primary h-8 w-8\">\n<p>At\u00a0<strong>VapeTornado<\/strong>, ponosimo se isporukom\u00a0<strong>vrhunskih proizvoda za vaping po nenadma\u0161nim cijenama<\/strong>\u00a0Evo za\u0161to biste trebali kupovati od nas:<\/p>\n<p data-start=\"235\" data-end=\"360\"><strong data-start=\"235\" data-end=\"261\">Najbolji veleprodajni dogovori<\/strong> \u2013 U\u017eivajte <strong data-start=\"270\" data-end=\"297\">visoke mar\u017ee na veleprodajnim cijenama<\/strong> prilago\u0111eno za preprodava\u010de, distributere vapea i maloprodajne trgovine.<\/p>\n<p data-start=\"362\" data-end=\"513\"><strong data-start=\"362\" data-end=\"400\">\u2714 Brza i Sigurna Dostava \u0161irom svijeta<\/strong> \u2013 Osiguravamo <strong data-start=\"413\" data-end=\"443\">brzu, pra\u0107enu dostavu<\/strong> kroz Europu i \u0161ire, tako da va\u0161a zaliha sti\u017ee sigurno i na vrijeme.<\/p>\n<p data-start=\"515\" data-end=\"646\"><strong data-start=\"515\" data-end=\"542\">\u2714 100% Autenti\u010dni Proizvodi<\/strong> \u2013 Svaki <strong data-start=\"551\" data-end=\"578\">WASPE Triple 60000 vape<\/strong> koji prodajemo je <strong data-start=\"590\" data-end=\"625\">autenti\u010dan i tvorni\u010dki certificiran<\/strong>, nikada imitacija.<\/p>\n<p data-start=\"648\" data-end=\"799\"><strong data-start=\"648\" data-end=\"676\">\u2714 Posve\u0107eni Tim za Podr\u0161ku<\/strong> \u2013 Trebate pomo\u0107? Na\u0161i <strong data-start=\"694\" data-end=\"733\">stru\u010dnjaci za vape dostupni su 24\/7<\/strong>, spremni odgovoriti na va\u0161a pitanja i pomo\u0107i s narud\u017ebama u bilo koje vrijeme.<\/p>\n<p>&nbsp;<\/p>\n<p data-start=\"559\" data-end=\"933\" data-is-last-node=\"\" data-is-only-node=\"\">Tako\u0111er imamo neke druge popularne jednokratne vape s ekranom poput <a href=\"https:\/\/vapestornado.com\/hr\/product\/aivono-avn-150k-puff-150000-8-in-1-0-nicotine-free-disposable-vape-pen-kit-wholesale\/\">AIVONO 150K 150000<\/a>, <a href=\"https:\/\/vapestornado.com\/hr\/product\/vozol-rave-40k-40000-puffs-disposable-vape-smart-screen-5-nicotine\/\">VOZOL RAVE 40K Jednokratni Vape<\/a>, <a href=\"https:\/\/vapestornado.com\/hr\/product\/waspe-150k-150000-puff-6-in-1-disposable-vape-pen-cartridge-best-wholesale-price-in-poland\/\">WASPE 150K Udisaja 6 u 1<\/a>, i vi\u0161e.<\/p>\n<\/div>\n<div class=\"relative p-1 rounded-sm flex items-center justify-center bg-token-main-surface-primary text-token-text-primary h-8 w-8\">\n<h2>\u010cESTO POSTAVLJANA PITANJA O UZY 150K Udisaja<\/h2>\n<p data-start=\"3047\" data-end=\"3210\"><strong data-start=\"3047\" data-end=\"3111\">1. Koliko okusa je uklju\u010deno u UZY 150K Udisaja vape?<\/strong><br data-start=\"3111\" data-end=\"3114\" \/>Svaki ure\u0111aj uklju\u010duje 10 razli\u010ditih <strong data-start=\"3135\" data-end=\"3159\">6 izmjenjivih okusa<\/strong>, nude\u0107i raznolika iskustva okusa u jednom vapeu.<\/p>\n<p data-start=\"3212\" data-end=\"3335\"><strong data-start=\"3212\" data-end=\"3248\">2. Je li UZY 150K punjiv?<\/strong><br data-start=\"3248\" data-end=\"3251\" \/>Da, ima <strong data-start=\"3270\" data-end=\"3308\">Type-C punjivu bateriju od 650 mAh<\/strong> za maksimalnu prakti\u010dnost.<\/p>\n<p data-start=\"3337\" data-end=\"3486\"><strong data-start=\"3337\" data-end=\"3390\">3. Sadr\u017ei li UZY 150000 Udisaja vape nikotin?<\/strong><br data-start=\"3390\" data-end=\"3393\" \/>Mo\u017eete birati izme\u0111u <strong data-start=\"3413\" data-end=\"3449\">razine nikotina 0%, 2%, 3% ili 5%<\/strong>, \u0161to ga \u010dini pogodnim za sve korisnike.<\/p>\n<p data-start=\"3488\" data-end=\"3667\"><strong data-start=\"3488\" data-end=\"3542\">4. \u0160to \u010dini UZY 150K pogodnim za veleprodaju?<\/strong><br data-start=\"3542\" data-end=\"3545\" \/>Njegova <strong data-start=\"3549\" data-end=\"3607\">veliki broj udisaja, sna\u017ena konstrukcija i dizajn s vi\u0161e okusa<\/strong> \u010dini ga idealnim za <strong data-start=\"3626\" data-end=\"3664\">Veleprodajni distributeri EU vape olovki<\/strong>.<\/p>\n<p data-start=\"3669\" data-end=\"3837\"><strong data-start=\"3669\" data-end=\"3711\">5. Kako LED ekran poma\u017ee korisnicima?<\/strong><br data-start=\"3711\" data-end=\"3714\" \/>Ovo <strong data-start=\"3718\" data-end=\"3739\">pametni LED zaslon<\/strong> prikazuje u stvarnom vremenu <strong data-start=\"3756\" data-end=\"3807\">bateriju, razinu e-teku\u0107ine i aktivni na\u010din okusa<\/strong>, pojednostavljuju\u0107i svaku sesiju.<\/p>\n<\/div>\n<\/div>\n<\/div>\n<\/div>","protected":false},"excerpt":{"rendered":"<article class=\"text-token-text-primary w-full focus:outline-none [--shadow-height:45px] has-data-writing-block:pointer-events-none has-data-writing-block:-mt-(--shadow-height) has-data-writing-block:pt-(--shadow-height) [&amp;:has([data-writing-block])&gt;*]:pointer-events-auto [content-visibility:auto] supports-[content-visibility:auto]:[contain-intrinsic-size:auto_100lvh] scroll-mt-[calc(var(--header-height)+min(200px,max(70px,20svh)))]\" dir=\"auto\" tabindex=\"-1\" data-turn-id=\"86ca9d92-7a10-4e6b-bda0-15f9df36adca\" data-testid=\"conversation-turn-120\" data-scroll-anchor=\"true\" data-turn=\"assistant\">\n<div class=\"text-base my-auto mx-auto pb-10 [--thread-content-margin:--spacing(4)] thread-sm:[--thread-content-margin:--spacing(6)] thread-lg:[--thread-content-margin:--spacing(16)] px-(--thread-content-margin)\">\n<div class=\"[--thread-content-max-width:40rem] thread-lg:[--thread-content-max-width:48rem] mx-auto max-w-(--thread-content-max-width) flex-1 group\/turn-messages focus-visible:outline-hidden relative flex w-full min-w-0 flex-col agent-turn\" tabindex=\"-1\">\n<div class=\"flex max-w-full flex-col grow\">\n<div class=\"min-h-8 text-message relative flex w-full flex-col items-end gap-2 text-start break-words whitespace-normal [.text-message+&amp;]:mt-1\" dir=\"auto\" data-message-author-role=\"assistant\" data-message-id=\"43b070d6-bf28-4fbe-8049-1032a61ea3ac\" data-message-model-slug=\"gpt-5\">\n<div class=\"flex w-full flex-col gap-1 empty:hidden first:pt-[1px]\">\n<div class=\"markdown prose dark:prose-invert w-full break-words light markdown-new-styling\">\n<ul>\n<li data-start=\"4119\" data-end=\"4207\">\n<p data-start=\"4122\" data-end=\"4207\"><strong data-start=\"4122\" data-end=\"4205\">UZY 150K Udaraca 6 u 1 Promjena Okusa Jednokratni Vape Olovka \u2013 EU Na veliko<\/strong><\/p>\n<\/li>\n<li data-start=\"4208\" data-end=\"4294\">\n<p data-start=\"4211\" data-end=\"4294\"><strong data-start=\"4211\" data-end=\"4292\">Na veliko UZY 150000 Udaraca Vape Olovka \u2013 6 Okusa, Pametni Zaslon, Punjenje Type-C<\/strong><\/p>\n<\/li>\n<li data-start=\"4295\" data-end=\"4386\" data-is-last-node=\"\">\n<p data-start=\"4298\" data-end=\"4386\" data-is-last-node=\"\"><strong data-start=\"4298\" data-end=\"4386\" data-is-last-node=\"\">UZY 150K Udaraca Vi\u0161efunkcijska Jednokratna Vape Olovka Svi Okusi na skladi\u0161tu<\/strong><\/p>\n<\/li>\n<\/ul>\n<\/div>\n<\/div>\n<\/div>\n<\/div>\n<\/div>\n<\/div>\n<\/article>\n<p><img fetchpriority=\"high\" decoding=\"async\" class=\"size-full wp-image-2932\" src=\"https:\/\/vapestornado.com\/wp-content\/uploads\/2024\/12\/Vape-Wholesale.jpg\" alt=\"Veleprodaja vejpova\" width=\"229\" height=\"300\" \/><\/p>\n<h3><a href=\"https:\/\/wa.me\/8617776015835\"><span style=\"color: #ff0000;\"><strong>WhatsApp: +86 17776015835<\/strong><\/span><\/a><\/h3>\n<p>&nbsp;<\/p>","protected":false},"featured_media":4526,"comment_status":"open","ping_status":"closed","template":"","meta":{"_acf_changed":false,"_uag_custom_page_level_css":"","_lmt_disableupdate":"no","_lmt_disable":"","_monsterinsights_skip_tracking":false,"_monsterinsights_sitenote_active":false,"_monsterinsights_sitenote_note":"","_monsterinsights_sitenote_category":0,"site-sidebar-layout":"default","site-content-layout":"","ast-site-content-layout":"default","site-content-style":"default","site-sidebar-style":"default","ast-global-header-display":"","ast-banner-title-visibility":"","ast-main-header-display":"","ast-hfb-above-header-display":"","ast-hfb-below-header-display":"","ast-hfb-mobile-header-display":"","site-post-title":"","ast-breadcrumbs-content":"","ast-featured-img":"","footer-sml-layout":"","ast-disable-related-posts":"","theme-transparent-header-meta":"default","adv-header-id-meta":"","stick-header-meta":"","header-above-stick-meta":"","header-main-stick-meta":"","header-below-stick-meta":"","astra-migrate-meta-layouts":"set","ast-page-background-enabled":"default","ast-page-background-meta":{"desktop":{"background-color":"","background-image":"","background-repeat":"repeat","background-position":"center center","background-size":"auto","background-attachment":"scroll","background-type":"","background-media":"","overlay-type":"","overlay-color":"","overlay-opacity":"","overlay-gradient":""},"tablet":{"background-color":"","background-image":"","background-repeat":"repeat","background-position":"center center","background-size":"auto","background-attachment":"scroll","background-type":"","background-media":"","overlay-type":"","overlay-color":"","overlay-opacity":"","overlay-gradient":""},"mobile":{"background-color":"","background-image":"","background-repeat":"repeat","background-position":"center center","background-size":"auto","background-attachment":"scroll","background-type":"","background-media":"","overlay-type":"","overlay-color":"","overlay-opacity":"","overlay-gradient":""}},"ast-content-background-meta":{"desktop":{"background-color":"var(--ast-global-color-5)","background-image":"","background-repeat":"repeat","background-position":"center center","background-size":"auto","background-attachment":"scroll","background-type":"","background-media":"","overlay-type":"","overlay-color":"","overlay-opacity":"","overlay-gradient":""},"tablet":{"background-color":"var(--ast-global-color-5)","background-image":"","background-repeat":"repeat","background-position":"center center","background-size":"auto","background-attachment":"scroll","background-type":"","background-media":"","overlay-type":"","overlay-color":"","overlay-opacity":"","overlay-gradient":""},"mobile":{"background-color":"var(--ast-global-color-5)","background-image":"","background-repeat":"repeat","background-position":"center center","background-size":"auto","background-attachment":"scroll","background-type":"","background-media":"","overlay-type":"","overlay-color":"","overlay-opacity":"","overlay-gradient":""}},"_joinchat":{"telephone":"17776015835"}},"product_brand":[],"product_cat":[394,150,156,158,159,142,357,144,356],"product_tag":[105,426,427,94,425,301],"class_list":{"0":"post-4529","1":"product","2":"type-product","3":"status-publish","4":"has-post-thumbnail","6":"product_cat-150000-puff","7":"product_cat-buy-disposable-vapes-in-belgium","8":"product_cat-buy-disposable-vapes-in-poland","9":"product_cat-buy-disposable-vapes-in-spain","10":"product_cat-buy-disposable-vapes-in-sweden","11":"product_cat-digital-box-disposable-vapes","12":"product_cat-flavor-adjustable-vape","13":"product_cat-low-nicotine-disposable-vapes","14":"product_cat-uzy-vape","15":"product_tag-digital-disposable-vape","16":"product_tag-flavor-switch-disposable-vape","17":"product_tag-multi-flaovr-vape","18":"product_tag-rechargeable-disposable-vape","19":"product_tag-uzy-150k-puffs","20":"product_tag-vapor-wholesale","21":"desktop-align-left","22":"tablet-align-left","23":"mobile-align-left","25":"first","26":"instock","27":"sale","28":"shipping-taxable","29":"purchasable","30":"product-type-simple"},"acf":[],"uagb_featured_image_src":{"full":["https:\/\/vapestornado.com\/wp-content\/uploads\/2025\/11\/UZY-150000-Puffs-Rechargeable-Vape-with-Smart-Screen.webp",800,800,false],"thumbnail":["https:\/\/vapestornado.com\/wp-content\/uploads\/2025\/11\/UZY-150000-Puffs-Rechargeable-Vape-with-Smart-Screen-150x150.webp",150,150,true],"medium":["https:\/\/vapestornado.com\/wp-content\/uploads\/2025\/11\/UZY-150000-Puffs-Rechargeable-Vape-with-Smart-Screen-300x300.webp",300,300,true],"medium_large":["https:\/\/vapestornado.com\/wp-content\/uploads\/2025\/11\/UZY-150000-Puffs-Rechargeable-Vape-with-Smart-Screen-768x768.webp",768,768,true],"large":["https:\/\/vapestornado.com\/wp-content\/uploads\/2025\/11\/UZY-150000-Puffs-Rechargeable-Vape-with-Smart-Screen.webp",800,800,false],"1536x1536":["https:\/\/vapestornado.com\/wp-content\/uploads\/2025\/11\/UZY-150000-Puffs-Rechargeable-Vape-with-Smart-Screen.webp",800,800,false],"2048x2048":["https:\/\/vapestornado.com\/wp-content\/uploads\/2025\/11\/UZY-150000-Puffs-Rechargeable-Vape-with-Smart-Screen.webp",800,800,false],"trp-custom-language-flag":["https:\/\/vapestornado.com\/wp-content\/uploads\/2025\/11\/UZY-150000-Puffs-Rechargeable-Vape-with-Smart-Screen-12x12.webp",12,12,true],"woocommerce_thumbnail":["https:\/\/vapestornado.com\/wp-content\/uploads\/2025\/11\/UZY-150000-Puffs-Rechargeable-Vape-with-Smart-Screen-300x300.webp",300,300,true],"woocommerce_single":["https:\/\/vapestornado.com\/wp-content\/uploads\/2025\/11\/UZY-150000-Puffs-Rechargeable-Vape-with-Smart-Screen-600x600.webp",600,600,true],"woocommerce_gallery_thumbnail":["https:\/\/vapestornado.com\/wp-content\/uploads\/2025\/11\/UZY-150000-Puffs-Rechargeable-Vape-with-Smart-Screen-100x100.webp",100,100,true]},"uagb_author_info":{"display_name":"ESAMY","author_link":"https:\/\/vapestornado.com\/hr\/author\/"},"uagb_comment_info":1,"uagb_excerpt":"UZY 150K Puffs 6 in 1 Flavor Switch Disposable Vape Pen \u2013 EU Wholesale Wholesale UZY 150000 Puff Vape Pen \u2013 6 Flavors, Smart Screen, Type-C Rechargeable UZY 150K Puffs Multi-Flavor Disposable Vape\u00a0 Pen\u00a0 Full Flavor in Stock WhatsApp: +86 17776015835 &nbsp;","_links":{"self":[{"href":"https:\/\/vapestornado.com\/hr\/wp-json\/wp\/v2\/product\/4529","targetHints":{"allow":["GET"]}}],"collection":[{"href":"https:\/\/vapestornado.com\/hr\/wp-json\/wp\/v2\/product"}],"about":[{"href":"https:\/\/vapestornado.com\/hr\/wp-json\/wp\/v2\/types\/product"}],"replies":[{"embeddable":true,"href":"https:\/\/vapestornado.com\/hr\/wp-json\/wp\/v2\/comments?post=4529"}],"wp:featuredmedia":[{"embeddable":true,"href":"https:\/\/vapestornado.com\/hr\/wp-json\/wp\/v2\/media\/4526"}],"wp:attachment":[{"href":"https:\/\/vapestornado.com\/hr\/wp-json\/wp\/v2\/media?parent=4529"}],"wp:term":[{"taxonomy":"product_brand","embeddable":true,"href":"https:\/\/vapestornado.com\/hr\/wp-json\/wp\/v2\/product_brand?post=4529"},{"taxonomy":"product_cat","embeddable":true,"href":"https:\/\/vapestornado.com\/hr\/wp-json\/wp\/v2\/product_cat?post=4529"},{"taxonomy":"product_tag","embeddable":true,"href":"https:\/\/vapestornado.com\/hr\/wp-json\/wp\/v2\/product_tag?post=4529"}],"curies":[{"name":"wp","href":"https:\/\/api.w.org\/{rel}","templated":true}]}}