{"id":4510,"date":"2025-11-03T08:52:41","date_gmt":"2025-11-03T08:52:41","guid":{"rendered":"https:\/\/vapestornado.com\/?post_type=product&#038;p=4510"},"modified":"2025-12-16T09:21:24","modified_gmt":"2025-12-16T09:21:24","slug":"vozol-rave-40k-40000-puffs-disposable-vape-smart-screen-5-nicotine","status":"publish","type":"product","link":"https:\/\/vapestornado.com\/hr\/product\/vozol-rave-40k-40000-puffs-disposable-vape-smart-screen-5-nicotine\/","title":{"rendered":"Vozol Rave 40K 40000 Udisaja Jednokratni vaporizator sa pametnim zaslonom 5% Nikotin"},"content":{"rendered":"<h2 data-pm-slice=\"1 1 []\">Vozol Rave 40K Jednokratni Vape \u2014 Kontrola pametnim zaslonom i nikotin 5%<\/h2>\n<p data-start=\"93\" data-end=\"561\"><strong data-start=\"93\" data-end=\"111\">Vozol Rave 40K<\/strong> je visokokapacitetni jednokratni ure\u0111aj izra\u0111en za mu\u0161karce koji \u017eele dugotrajno kori\u0161tenje i jasnu kontrolu, bez naga\u0111anja. On pru\u017ea <strong data-start=\"224\" data-end=\"246\">do 40.000 udisaja<\/strong> iz <strong data-start=\"255\" data-end=\"279\">18ml unaprijed napunjenog spremnika<\/strong>, pokretan s <strong data-start=\"294\" data-end=\"325\">650mAh punjiva baterija<\/strong> sa <strong data-start=\"331\" data-end=\"355\">Type-C brzo punjenje<\/strong>. A <strong data-start=\"360\" data-end=\"382\">napredna mre\u017easta zavojnica<\/strong> dr\u017ei paru glatkom i okus dosljednim, dok <strong data-start=\"437\" data-end=\"457\">pametni LED zaslon<\/strong> prikazuje razine baterije i teku\u0107ine za vaporiziranje kako biste to\u010dno znali kada je potrebno napuniti ili kada ste pri kraju.<\/p>\n<p data-start=\"563\" data-end=\"790\">Za svakoga tko uspore\u0111uje <strong data-start=\"586\" data-end=\"614\">jeftini jednokratni vape<\/strong> u lokalnoj <strong data-start=\"626\" data-end=\"638\">du\u0107ani s cigaretama<\/strong> nasuprot vrhunskim opcijama, ovaj model spada u kategoriju \u201ckoristi ga intenzivno, vjeruj u performanse\u201d \u2014 dugotrajnost, stabilan rad i zaslon koji potvr\u0111uje tvrdnje.<\/p>\n<p data-start=\"563\" data-end=\"790\">\n<h3 data-start=\"1007\" data-end=\"1054\">Za\u0161to odabrati Vozol Rave 40K Jednokratni Vape Pod?<\/h3>\n<ul data-start=\"1056\" data-end=\"2677\">\n<li data-start=\"1056\" data-end=\"1435\">\n<p data-start=\"1058\" data-end=\"1435\"><strong data-start=\"1058\" data-end=\"1104\">40K izdr\u017eljivosti dizajnirano za svakodnevnu uporabu.<\/strong> Ovo <strong data-start=\"1109\" data-end=\"1155\">Vozol Rave 40K 40000 udaha jednokratni vape<\/strong> je napravljen za duge periode \u2014 radne tjedne, putovanja i no\u0107i vani \u2014 bez potrebe za stalnim zamjenama. U tr\u017ei\u0161tima s velikom potra\u017enjom kao \u0161to je <strong data-start=\"1288\" data-end=\"1333\">Hrvatske, Francuske, \u0160panjolske, Poljske i Italije<\/strong>, ova kategorija se prodaje jer korisnici \u017eele manje kupovina i ure\u0111aj koji ostaje dosljedan tijekom vremena.<\/p>\n<\/li>\n<li data-start=\"1437\" data-end=\"1817\">\n<p data-start=\"1439\" data-end=\"1817\"><strong data-start=\"1439\" data-end=\"1499\">Pametni zaslon sprje\u010dava gubljenje vremena i neo\u010dekivane prekide.<\/strong> Ovo <strong data-start=\"1504\" data-end=\"1551\">Vozol Rave 40K pametni zaslon jednokratni vape<\/strong> jasno prikazuje razinu baterije i e-teku\u0107ine. To zna\u010di da mo\u017eete odlu\u010diti je li potrebna brza nadopuna putem Type-C prije nego \u0161to napustite ku\u0107u, i ne ostajete bez ure\u0111aja usred dana\u2014jedan od glavnih prigovora na osnovne <strong data-start=\"1779\" data-end=\"1807\">jeftini jednokratni vape<\/strong> proizvoda.<\/p>\n<\/li>\n<li data-start=\"1819\" data-end=\"2105\">\n<p data-start=\"1821\" data-end=\"2105\"><strong data-start=\"1821\" data-end=\"1877\">Mesh zavojnica odr\u017eava okus stabilnim tijekom dugih sesija.<\/strong> Ovo <strong data-start=\"1882\" data-end=\"1904\">napredna mre\u017easta zavojnica<\/strong> ravnomjerno raspore\u0111uje toplinu, poma\u017eu\u0107i da para ostane glatka i okus ostane definiran dublje u 18 ml zalihe. Izbjegava o\u0161tru, suhu ivicu koja se pojavljuje na jeftinijim zavojnicama nakon intenzivnog kori\u0161tenja ure\u0111aja.<\/p>\n<\/li>\n<li data-start=\"2107\" data-end=\"2354\">\n<p data-start=\"2109\" data-end=\"2354\"><strong data-start=\"2109\" data-end=\"2157\">5% nikotinska doza ostaje dosljedna, nije nagla.<\/strong> S <strong data-start=\"2163\" data-end=\"2195\">18 ml e-teku\u0107ine s nikotinom 5%<\/strong>, onda je <strong data-start=\"2201\" data-end=\"2219\">Vozol Rave 40K<\/strong> pru\u017ea stabilan, predvidljiv osje\u0107aj u grlu\u2014korisno za odrasle korisnike koji \u017eele pouzdanost, a ne stalne 'jake pa slabe' oscilacije.<\/p>\n<\/li>\n<li data-start=\"2356\" data-end=\"2677\">\n<p data-start=\"2358\" data-end=\"2677\"><strong data-start=\"2358\" data-end=\"2405\">Raznolikost okusa koja odgovara ure\u0111ajima s dugim vijekom trajanja.<\/strong> Dvadeset okusa (od ledenog vo\u0107a do sla\u0111ih mje\u0161avina) olak\u0161ava kori\u0161tenje istog ure\u0111aja du\u017ee vrijeme. To je jedan od razloga za\u0161to se \u010desto spominje uz <strong data-start=\"2558\" data-end=\"2579\">Najbolje e-cigaretama<\/strong> segment, \u010dak i od strane kupaca koji obi\u010dno uspore\u0111uju s <strong data-start=\"2633\" data-end=\"2653\">Jeftinim cigaretama<\/strong> ili kupnjama u trgovinama brze prodaje cigareta.<\/p>\n<\/li>\n<\/ul>\n<p data-start=\"666\" data-end=\"1235\"><strong style=\"font-size: 16px;\"><span style=\"color: #ff0000;\">Dodajte Amy na WhatsApp za brzi odgovor i popust!<\/span><\/strong><\/p>\n<p><img fetchpriority=\"high\" decoding=\"async\" class=\"size-full wp-image-2932\" src=\"https:\/\/vapestornado.com\/wp-content\/uploads\/2024\/12\/Vape-Wholesale.jpg\" alt=\"Veleprodaja vejpova\" width=\"229\" height=\"300\" \/><\/p>\n<h3><a href=\"https:\/\/wa.me\/8617776015835\" target=\"_blank\" rel=\"noopener\"><span style=\"color: #ff0000;\"><strong>WhatsApp: +86 17776015835<\/strong><\/span><\/a><\/h3>\n<p>&nbsp;<\/p>\n<h2><strong>Vozol Rave 40K Puff Klju\u010dne zna\u010dajke proizvoda<\/strong><\/h2>\n<div class=\"_tableContainer_1rjym_1\">\n<div class=\"group _tableWrapper_1rjym_13 flex w-fit flex-col-reverse\" tabindex=\"-1\">\n<table>\n<thead>\n<tr>\n<th>Zna\u010dajka<\/th>\n<th>specifikacija<\/th>\n<th>kako radi<\/th>\n<\/tr>\n<\/thead>\n<tbody>\n<tr>\n<td>Broj puhanja<\/td>\n<td>Do 40.000 udaha<\/td>\n<td>Format velike kapacitete dizajniran za smanjenje u\u010destalosti zamjene.<\/td>\n<\/tr>\n<tr>\n<td>Ja\u010dina Nikotina<\/td>\n<td>5% nikotina<\/td>\n<td>Pru\u017ea sna\u017ean, dosljedan udarac za iskusne korisnike.<\/td>\n<\/tr>\n<tr>\n<td>Kapacitet E-teku\u0107ine<\/td>\n<td>18ml unaprijed napunjenog<\/td>\n<td>Ve\u0107a zaliha teku\u0107ine podr\u017eava duge sesije i stabilan rad.<\/td>\n<\/tr>\n<tr>\n<td>Baterija<\/td>\n<td>650mAh punjiva baterija<\/td>\n<td>Punjenje baterije sprje\u010dava probleme s 'baterija se prvo isprazni'.<\/td>\n<\/tr>\n<tr>\n<td>Punjenje<\/td>\n<td>Type-C brzo punjenje<\/td>\n<td>Brza nadopunjavanja modernim kabelima koji se \u010desto koriste diljem Europe.<\/td>\n<\/tr>\n<tr>\n<td>Grija\u010d<\/td>\n<td>Napredna mesh zavojnica<\/td>\n<td>Ujedna\u010deno zagrijavanje za glatkiji vapor i dosljedniji okus.<\/td>\n<\/tr>\n<tr>\n<td>Zaslon<\/td>\n<td>Pametni LED zaslon<\/td>\n<td>Prikazuje razinu baterije i e-teku\u0107ine kako biste mogli planirati punjenje i kori\u0161tenje.<\/td>\n<\/tr>\n<tr>\n<td>Dizajn<\/td>\n<td>Kompaktno, izdr\u017eljivo, ergonomski<\/td>\n<td>Prilago\u0111ena konstrukcija za svakodnevno no\u0161enje, pogodna za d\u017eep.<\/td>\n<\/tr>\n<tr>\n<td>Okusi<\/td>\n<td>20 opcija<\/td>\n<td>Raznolikost poma\u017ee izbje\u0107i umor od okusa tijekom du\u017ee uporabe.<\/td>\n<\/tr>\n<\/tbody>\n<\/table>\n<\/div>\n<\/div>\n<div class=\"_tableContainer_1rjym_1\">\n<div class=\"group _tableWrapper_1rjym_13 flex w-fit flex-col-reverse\" tabindex=\"-1\">\n<p data-start=\"2738\" data-end=\"2823\">\n<figure id=\"attachment_4495\" aria-describedby=\"caption-attachment-4495\" style=\"width: 800px\" class=\"wp-caption alignnone\"><img decoding=\"async\" class=\"wp-image-4495 size-full\" src=\"https:\/\/vapestornado.com\/wp-content\/uploads\/2025\/11\/Buy-VOZOL-Rave-40000-Puffs-Disposable-Vape.webp\" alt=\"Kupi VOZOL Rave 40000 Pufova jednokratni ure\u0111aj za vaping\" width=\"800\" height=\"800\" srcset=\"https:\/\/vapestornado.com\/wp-content\/uploads\/2025\/11\/Buy-VOZOL-Rave-40000-Puffs-Disposable-Vape.webp 800w, https:\/\/vapestornado.com\/wp-content\/uploads\/2025\/11\/Buy-VOZOL-Rave-40000-Puffs-Disposable-Vape-300x300.webp 300w, https:\/\/vapestornado.com\/wp-content\/uploads\/2025\/11\/Buy-VOZOL-Rave-40000-Puffs-Disposable-Vape-150x150.webp 150w, https:\/\/vapestornado.com\/wp-content\/uploads\/2025\/11\/Buy-VOZOL-Rave-40000-Puffs-Disposable-Vape-768x768.webp 768w, https:\/\/vapestornado.com\/wp-content\/uploads\/2025\/11\/Buy-VOZOL-Rave-40000-Puffs-Disposable-Vape-12x12.webp 12w, https:\/\/vapestornado.com\/wp-content\/uploads\/2025\/11\/Buy-VOZOL-Rave-40000-Puffs-Disposable-Vape-600x600.webp 600w, https:\/\/vapestornado.com\/wp-content\/uploads\/2025\/11\/Buy-VOZOL-Rave-40000-Puffs-Disposable-Vape-100x100.webp 100w\" sizes=\"(max-width: 800px) 100vw, 800px\" \/><figcaption id=\"caption-attachment-4495\" class=\"wp-caption-text\">Kupi VOZOL Rave 40000 Pufova jednokratni ure\u0111aj za vaping<\/figcaption><\/figure>\n<figure id=\"attachment_4497\" aria-describedby=\"caption-attachment-4497\" style=\"width: 800px\" class=\"wp-caption alignnone\"><img decoding=\"async\" class=\"wp-image-4497 size-full\" src=\"https:\/\/vapestornado.com\/wp-content\/uploads\/2025\/11\/VOZOL-RAVE-40K-Puff-5-Nicotine-Vape.webp\" alt=\"VOZOL RAVE 40K Puff 5% nikotinska vape\" width=\"800\" height=\"800\" srcset=\"https:\/\/vapestornado.com\/wp-content\/uploads\/2025\/11\/VOZOL-RAVE-40K-Puff-5-Nicotine-Vape.webp 800w, https:\/\/vapestornado.com\/wp-content\/uploads\/2025\/11\/VOZOL-RAVE-40K-Puff-5-Nicotine-Vape-300x300.webp 300w, https:\/\/vapestornado.com\/wp-content\/uploads\/2025\/11\/VOZOL-RAVE-40K-Puff-5-Nicotine-Vape-150x150.webp 150w, https:\/\/vapestornado.com\/wp-content\/uploads\/2025\/11\/VOZOL-RAVE-40K-Puff-5-Nicotine-Vape-768x768.webp 768w, https:\/\/vapestornado.com\/wp-content\/uploads\/2025\/11\/VOZOL-RAVE-40K-Puff-5-Nicotine-Vape-12x12.webp 12w, https:\/\/vapestornado.com\/wp-content\/uploads\/2025\/11\/VOZOL-RAVE-40K-Puff-5-Nicotine-Vape-600x600.webp 600w, https:\/\/vapestornado.com\/wp-content\/uploads\/2025\/11\/VOZOL-RAVE-40K-Puff-5-Nicotine-Vape-100x100.webp 100w\" sizes=\"(max-width: 800px) 100vw, 800px\" \/><figcaption id=\"caption-attachment-4497\" class=\"wp-caption-text\">VOZOL RAVE 40K Puff 5% nikotinska vape<\/figcaption><\/figure>\n<\/div>\n<\/div>\n<h2 class=\"product-title\"><strong>Vozol Rave 40K Puff Disposables Popis okusa<\/strong><\/h2>\n<div class=\"flex-shrink-0 flex flex-col relative items-end\">\n<div class=\"pt-0\">\n<div class=\"gizmo-bot-avatar flex h-8 w-8 items-center justify-center overflow-hidden rounded-full\">\n<div class=\"relative p-1 rounded-sm flex items-center justify-center bg-token-main-surface-primary text-token-text-primary h-8 w-8\">\n<div class=\"_tableContainer_1rjym_1\">\n<div class=\"group _tableWrapper_1rjym_13 flex w-fit flex-col-reverse\" tabindex=\"-1\">\n<p data-start=\"4433\" data-end=\"4567\">1. Plavi Razz Led<br \/>\n2. Ledena borovnica<br \/>\n3. Borovnica Lubenica<br \/>\n4. Tre\u0161nja Jagoda<br \/>\n5. Hladna Menta<br \/>\n6. Dvostruka Jabuka<br \/>\n7. Gro\u017e\u0111e Led<br \/>\n8. Ljubav 777<br \/>\n9. Mango Led<br \/>\n10. Mango Breskva<br \/>\n11. Ledena breskva<br \/>\n12. Breskva Malina Limunada<br \/>\n13. Jagoda Led<br \/>\n14. Jagoda Kiwi<br \/>\n15. Jagoda Mango<br \/>\n16. Jagoda lubenica<br \/>\n17. Strawmelon breskva<br \/>\n18. Lubenica \u017evaka\u0107a guma<br \/>\n19. Lubenica led<br \/>\n20. Lubenica Razz Rancher<\/p>\n<p data-start=\"4433\" data-end=\"4567\">\n<\/div>\n<\/div>\n<\/div>\n<div class=\"relative p-1 rounded-sm flex items-center justify-center bg-token-main-surface-primary text-token-text-primary h-8 w-8\">\n<h2>\u010cESTITKE za Vozol Rave 40K<\/h2>\n<ol data-start=\"3671\" data-end=\"5075\">\n<li data-start=\"3671\" data-end=\"3949\">\n<p data-start=\"3674\" data-end=\"3949\"><strong data-start=\"3674\" data-end=\"3768\">Kako Vozol Rave 40K 40000 udaha jednokratna e-cigareta ostaje pouzdana tijekom dugotrajne svakodnevne uporabe?<\/strong><br data-start=\"3768\" data-end=\"3771\" \/>Njegova kombinacija <strong data-start=\"3790\" data-end=\"3807\">18ml e-teku\u0107ine<\/strong>, <strong data-start=\"3809\" data-end=\"3840\">punjivom baterijom od 650 mAh<\/strong>i <strong data-start=\"3846\" data-end=\"3859\">mre\u017easta zavojnica<\/strong> je izra\u0111ena za du\u017ee sesije bez tipi\u010dnog pada performansi koji se javlja kod manjih jednokratnih ure\u0111aja.<\/p>\n<\/li>\n<li data-start=\"3951\" data-end=\"4186\">\n<p data-start=\"3954\" data-end=\"4186\"><strong data-start=\"3954\" data-end=\"4043\">Je li Vozol Rave 40K pametni zaslon jednokratne e-cigarete zaista koristan ili samo kozmeti\u010dki?<\/strong><br data-start=\"4043\" data-end=\"4046\" \/>Prakti\u010dno je. Zaslon prikazuje razinu baterije i e-teku\u0107ine, poma\u017eu\u0107i vam izbje\u0107i neo\u010dekivano isklju\u010divanje i odlu\u010diti kada je potrebno nadopunjavanje putem Type-C priklju\u010dka.<\/p>\n<\/li>\n<li data-start=\"4188\" data-end=\"4436\">\n<p data-start=\"4191\" data-end=\"4436\"><strong data-start=\"4191\" data-end=\"4294\">Kakav dojam pare i okusa trebaju o\u010dekivati korisnici od Vozol Rave 40K jednokratne e-cigarete s mre\u017eastom zavojnicom?<\/strong><br data-start=\"4294\" data-end=\"4297\" \/>O\u010dekujte glatku paru s stabilnom ja\u010dinom okusa. Mre\u017easto grijanje smanjuje o\u0161trinu i odr\u017eava izlaz konzistentnijim kako se razina teku\u0107ine smanjuje.<\/p>\n<\/li>\n<li data-start=\"4438\" data-end=\"4745\">\n<p data-start=\"4441\" data-end=\"4745\"><strong data-start=\"4441\" data-end=\"4533\">Kako se Vozol Rave 40K uspore\u0111uje s jeftinijim jednokratnim opcijama dostupnim u du\u0107anima s cigaretama?<\/strong><br data-start=\"4533\" data-end=\"4536\" \/>Mnoge jeftine jednokratne ure\u0111aje nemaju zaslone i \u010desto nisu punjive, \u0161to mo\u017ee dovesti do rasipanja teku\u0107ine i neujedna\u010denog izlaza. Rave 40K fokusira se na kontrolu (zaslon) i trajanje (punjenje + visok broj udaha).<\/p>\n<\/li>\n<li data-start=\"4747\" data-end=\"5075\">\n<p data-start=\"4750\" data-end=\"5075\"><strong data-start=\"4750\" data-end=\"4867\">Za\u0161to neki korisnici stavljaju Vozol Rave 40K 5% nikotinsku jednokratnu e-cigaretu me\u0111u najbolje e-cigaretama za dugotrajnu vrijednost?<\/strong><br data-start=\"4867\" data-end=\"4870\" \/>Zato \u0161to kombinira visok kapacitet udaha, pametni zaslon i punjenje, \u0161to pobolj\u0161ava pouzdanost u stvarnom svijetu tijekom du\u017ee uporabe, posebno u usporedbi s brzim jeftinim cigaretama.<\/p>\n<\/li>\n<\/ol>\n<h3 data-start=\"0\" data-end=\"119\"><span class=\"hover:entity-accent entity-underline inline cursor-pointer align-baseline\"><span class=\"whitespace-normal\">Vozol<\/span><\/span> Vista 40K vs <a href=\"https:\/\/vapestornado.com\/hr\/product\/vozol-vista-40000-puff-40k-5-nicotine-premium-disposable-vape-with-led-display-boost-mode\/\"><span class=\"hover:entity-accent entity-underline inline cursor-pointer align-baseline\"><span class=\"whitespace-normal\">Vozol<\/span><\/span> Rave 40K<\/a><\/h3>\n<p data-start=\"121\" data-end=\"261\">Pri odabiru izme\u0111u Vista 40K i Rave 40K, oba pru\u017eaju visok u\u010dinak \u2014 ali su izra\u0111eni za malo razli\u010dite prioritete.<\/p>\n<ul data-start=\"263\" data-end=\"1081\">\n<li data-start=\"263\" data-end=\"537\">\n<p data-start=\"265\" data-end=\"537\"><strong data-start=\"265\" data-end=\"290\">Broj udaha i kapacitet<\/strong>: Vista 40K prednja\u010di s <strong data-start=\"317\" data-end=\"333\">40.000 udisaja<\/strong> i ve\u0107im kapacitetom e-teku\u0107ine, nude\u0107i dulju uporabu izme\u0111u zamjena. Rave 40K tako\u0111er pru\u017ea do 40K udaha, ali koristi <strong data-start=\"463\" data-end=\"477\">tank od 18 ml<\/strong> sustav osmi\u0161ljen za kompaktnu prakti\u010dnost i pametni zaslon.<\/p>\n<\/li>\n<li data-start=\"538\" data-end=\"807\">\n<p data-start=\"540\" data-end=\"807\"><strong data-start=\"540\" data-end=\"564\">Zna\u010dajke i su\u010delje<\/strong>: Vista 40K ima prednji LED zaslon, dvostruke mre\u017easte grija\u010de i BOOST na\u010din za maksimalnu intenzitet. Rave 40K tako\u0111er ima pametni LED zaslon, mre\u017eastu grija\u010du i fokusira se na jednostavnost kori\u0161tenja i odva\u017ean okus s <strong data-start=\"780\" data-end=\"804\">5% ja\u010dina nikotina<\/strong>.<\/p>\n<\/li>\n<li data-start=\"808\" data-end=\"1081\">\n<p data-start=\"810\" data-end=\"1081\"><strong data-start=\"810\" data-end=\"831\">Dizajn i slu\u010daj uporabe<\/strong>: Odaberite Vista 40K ako \u017eelite vrhunski dizajn, maksimalno trajanje sesije i napredne opcije na\u010dina rada. Odaberite Rave 40K ako preferirate <strong data-start=\"969\" data-end=\"994\">pametni jednokratni vape<\/strong> s jakim nikotinom (5%), stilsku integraciju zaslona i pouzdanu robnu marku.<\/p>\n<\/li>\n<\/ul>\n<p data-start=\"1083\" data-end=\"1365\" data-is-last-node=\"\" data-is-only-node=\"\">Ukratko: Ako vam je prioritet <strong data-start=\"1111\" data-end=\"1157\">maksimalna dugovje\u010dnost i napredni skup zna\u010dajki<\/strong>, Vista 40K je va\u0161 izbor. Ako vam je prioritet <strong data-start=\"1201\" data-end=\"1264\">intenzivan okus, pametna jednostavnost i visoka nikotinska snaga<\/strong>, odaberite Rave 40K. Obje su izvrsne opcije za veletrgovce u EU i tr\u017ei\u0161te mu\u0161karaca od 25 do 35 godina.<\/p>\n<\/div>\n<\/div>\n<\/div>\n<\/div>","protected":false},"excerpt":{"rendered":"<p data-start=\"3913\" data-end=\"3990\"><strong data-start=\"3913\" data-end=\"3988\">Vozol Rave 40K jednokratni vaping ure\u0111aj \u2013 40000 udisaja Pametno LED 5% Nikotinska Snaga<\/strong><\/p>\n<p data-start=\"3994\" data-end=\"4077\"><strong data-start=\"3994\" data-end=\"4075\">Vozol Rave 40000 Udisaja Vape \u2013 Premium Pametni Jednokratni za Dugotrajni Okus<\/strong><\/p>\n<p data-start=\"4081\" data-end=\"4159\"><strong data-start=\"4081\" data-end=\"4159\">Kupi Vozol Rave 40K 5% Nikotin Vape \u2013 40000 Udisaja Pametni Ure\u0111aj za vaperi u Hrvatskoj<\/strong><\/p>\n<p>Kontaktirajte Amy za pravi odgovor i povoljnu cijenu!<\/p>\n<p><img fetchpriority=\"high\" decoding=\"async\" class=\"size-full wp-image-2932\" src=\"https:\/\/vapestornado.com\/wp-content\/uploads\/2024\/12\/Vape-Wholesale.jpg\" alt=\"Veleprodaja vejpova\" width=\"229\" height=\"300\" \/><\/p>\n<h3><a href=\"https:\/\/wa.me\/8617776015835\"><span style=\"color: #ff0000;\"><strong>WhatsApp: +86 17776015835<\/strong><\/span><\/a><\/h3>\n<p>&nbsp;<\/p>","protected":false},"featured_media":4500,"comment_status":"open","ping_status":"closed","template":"","meta":{"_acf_changed":false,"_uag_custom_page_level_css":"","_lmt_disableupdate":"no","_lmt_disable":"","_monsterinsights_skip_tracking":false,"_monsterinsights_sitenote_active":false,"_monsterinsights_sitenote_note":"","_monsterinsights_sitenote_category":0,"site-sidebar-layout":"default","site-content-layout":"","ast-site-content-layout":"default","site-content-style":"default","site-sidebar-style":"default","ast-global-header-display":"","ast-banner-title-visibility":"","ast-main-header-display":"","ast-hfb-above-header-display":"","ast-hfb-below-header-display":"","ast-hfb-mobile-header-display":"","site-post-title":"","ast-breadcrumbs-content":"","ast-featured-img":"","footer-sml-layout":"","ast-disable-related-posts":"","theme-transparent-header-meta":"default","adv-header-id-meta":"","stick-header-meta":"","header-above-stick-meta":"","header-main-stick-meta":"","header-below-stick-meta":"","astra-migrate-meta-layouts":"set","ast-page-background-enabled":"default","ast-page-background-meta":{"desktop":{"background-color":"","background-image":"","background-repeat":"repeat","background-position":"center center","background-size":"auto","background-attachment":"scroll","background-type":"","background-media":"","overlay-type":"","overlay-color":"","overlay-opacity":"","overlay-gradient":""},"tablet":{"background-color":"","background-image":"","background-repeat":"repeat","background-position":"center center","background-size":"auto","background-attachment":"scroll","background-type":"","background-media":"","overlay-type":"","overlay-color":"","overlay-opacity":"","overlay-gradient":""},"mobile":{"background-color":"","background-image":"","background-repeat":"repeat","background-position":"center center","background-size":"auto","background-attachment":"scroll","background-type":"","background-media":"","overlay-type":"","overlay-color":"","overlay-opacity":"","overlay-gradient":""}},"ast-content-background-meta":{"desktop":{"background-color":"var(--ast-global-color-5)","background-image":"","background-repeat":"repeat","background-position":"center center","background-size":"auto","background-attachment":"scroll","background-type":"","background-media":"","overlay-type":"","overlay-color":"","overlay-opacity":"","overlay-gradient":""},"tablet":{"background-color":"var(--ast-global-color-5)","background-image":"","background-repeat":"repeat","background-position":"center center","background-size":"auto","background-attachment":"scroll","background-type":"","background-media":"","overlay-type":"","overlay-color":"","overlay-opacity":"","overlay-gradient":""},"mobile":{"background-color":"var(--ast-global-color-5)","background-image":"","background-repeat":"repeat","background-position":"center center","background-size":"auto","background-attachment":"scroll","background-type":"","background-media":"","overlay-type":"","overlay-color":"","overlay-opacity":"","overlay-gradient":""}},"_joinchat":{"telephone":"17776015835"}},"product_brand":[],"product_cat":[65,150,151,152,156,143,57,60],"product_tag":[418,105,94,421,420,220],"class_list":{"0":"post-4510","1":"product","2":"type-product","3":"status-publish","4":"has-post-thumbnail","6":"product_cat-40000-puff","7":"product_cat-buy-disposable-vapes-in-belgium","8":"product_cat-buy-disposable-vapes-in-france","9":"product_cat-buy-disposable-vapes-in-cermany","10":"product_cat-buy-disposable-vapes-in-poland","11":"product_cat-dual-mesh-disposable-vapes","12":"product_cat-vozol-vape","13":"product_cat-waspe-fihp-vape","14":"product_tag-5-nicotine-vape","15":"product_tag-digital-disposable-vape","16":"product_tag-rechargeable-disposable-vape","17":"product_tag-vozol-rave-40000","18":"product_tag-vozol-rave-40k","19":"product_tag-vozol-vape","20":"desktop-align-left","21":"tablet-align-left","22":"mobile-align-left","24":"first","25":"instock","26":"sale","27":"shipping-taxable","28":"purchasable","29":"product-type-simple"},"acf":[],"uagb_featured_image_src":{"full":["https:\/\/vapestornado.com\/wp-content\/uploads\/2025\/11\/VOZOL-Rave-40000-Puffs-Disposable-Vape-50Mg-Nicotine.webp",800,800,false],"thumbnail":["https:\/\/vapestornado.com\/wp-content\/uploads\/2025\/11\/VOZOL-Rave-40000-Puffs-Disposable-Vape-50Mg-Nicotine-150x150.webp",150,150,true],"medium":["https:\/\/vapestornado.com\/wp-content\/uploads\/2025\/11\/VOZOL-Rave-40000-Puffs-Disposable-Vape-50Mg-Nicotine-300x300.webp",300,300,true],"medium_large":["https:\/\/vapestornado.com\/wp-content\/uploads\/2025\/11\/VOZOL-Rave-40000-Puffs-Disposable-Vape-50Mg-Nicotine-768x768.webp",768,768,true],"large":["https:\/\/vapestornado.com\/wp-content\/uploads\/2025\/11\/VOZOL-Rave-40000-Puffs-Disposable-Vape-50Mg-Nicotine.webp",800,800,false],"1536x1536":["https:\/\/vapestornado.com\/wp-content\/uploads\/2025\/11\/VOZOL-Rave-40000-Puffs-Disposable-Vape-50Mg-Nicotine.webp",800,800,false],"2048x2048":["https:\/\/vapestornado.com\/wp-content\/uploads\/2025\/11\/VOZOL-Rave-40000-Puffs-Disposable-Vape-50Mg-Nicotine.webp",800,800,false],"trp-custom-language-flag":["https:\/\/vapestornado.com\/wp-content\/uploads\/2025\/11\/VOZOL-Rave-40000-Puffs-Disposable-Vape-50Mg-Nicotine-12x12.webp",12,12,true],"woocommerce_thumbnail":["https:\/\/vapestornado.com\/wp-content\/uploads\/2025\/11\/VOZOL-Rave-40000-Puffs-Disposable-Vape-50Mg-Nicotine-300x300.webp",300,300,true],"woocommerce_single":["https:\/\/vapestornado.com\/wp-content\/uploads\/2025\/11\/VOZOL-Rave-40000-Puffs-Disposable-Vape-50Mg-Nicotine-600x600.webp",600,600,true],"woocommerce_gallery_thumbnail":["https:\/\/vapestornado.com\/wp-content\/uploads\/2025\/11\/VOZOL-Rave-40000-Puffs-Disposable-Vape-50Mg-Nicotine-100x100.webp",100,100,true]},"uagb_author_info":{"display_name":"ESAMY","author_link":"https:\/\/vapestornado.com\/hr\/author\/"},"uagb_comment_info":0,"uagb_excerpt":"Vozol Rave 40K Disposable Vape \u2013 40000 Puffs Smart LED 5% Nicotin Power Vozol Rave 40000 Puff Vape \u2013 Premium Smart Disposable for Long-Lasting Flavor Buy Vozol Rave 40K 5% Nicotin Vape \u2013 40000 Puff Smart Device for EU Vapers Contact Amy for right reply and discount price! WhatsApp: +86 17776015835 &nbsp;","_links":{"self":[{"href":"https:\/\/vapestornado.com\/hr\/wp-json\/wp\/v2\/product\/4510","targetHints":{"allow":["GET"]}}],"collection":[{"href":"https:\/\/vapestornado.com\/hr\/wp-json\/wp\/v2\/product"}],"about":[{"href":"https:\/\/vapestornado.com\/hr\/wp-json\/wp\/v2\/types\/product"}],"replies":[{"embeddable":true,"href":"https:\/\/vapestornado.com\/hr\/wp-json\/wp\/v2\/comments?post=4510"}],"wp:featuredmedia":[{"embeddable":true,"href":"https:\/\/vapestornado.com\/hr\/wp-json\/wp\/v2\/media\/4500"}],"wp:attachment":[{"href":"https:\/\/vapestornado.com\/hr\/wp-json\/wp\/v2\/media?parent=4510"}],"wp:term":[{"taxonomy":"product_brand","embeddable":true,"href":"https:\/\/vapestornado.com\/hr\/wp-json\/wp\/v2\/product_brand?post=4510"},{"taxonomy":"product_cat","embeddable":true,"href":"https:\/\/vapestornado.com\/hr\/wp-json\/wp\/v2\/product_cat?post=4510"},{"taxonomy":"product_tag","embeddable":true,"href":"https:\/\/vapestornado.com\/hr\/wp-json\/wp\/v2\/product_tag?post=4510"}],"curies":[{"name":"wp","href":"https:\/\/api.w.org\/{rel}","templated":true}]}}