{"id":4507,"date":"2025-11-01T09:04:49","date_gmt":"2025-11-01T09:04:49","guid":{"rendered":"https:\/\/vapestornado.com\/?post_type=product&#038;p=4507"},"modified":"2025-11-06T08:20:36","modified_gmt":"2025-11-06T08:20:36","slug":"aivono-avn-150k-puff-150000-8-in-1-0-nicotine-free-disposable-vape-pen-kit-wholesale","status":"publish","type":"product","link":"https:\/\/vapestornado.com\/hr\/product\/aivono-avn-150k-puff-150000-8-in-1-0-nicotine-free-disposable-vape-pen-kit-wholesale\/","title":{"rendered":"AIVONO AVN 150K Puff 150000 8 u 1 Bez nikotina Jednokratni vape olovka komplet na veliko"},"content":{"rendered":"<h1 data-pm-slice=\"1 1 []\">AIVONO AVN 150K Puff Kompleti za jednokratnu vape bez nikotina \u2013 Vrhunskih 8-u-1 snaga za vape<\/h1>\n<p data-start=\"110\" data-end=\"659\">Ovo <strong data-start=\"114\" data-end=\"162\">AIVONO AVN 150K Puff Kompleti za jednokratnu vape<\/strong> nova zvijezda na tr\u017ei\u0161tu jednokratnih vape ure\u0111aja, koja sadr\u017ei performanse, okus i slobodu \u2014 sve u jednom ure\u0111aju. S <strong data-start=\"250\" data-end=\"273\">do 150.000 pufova<\/strong>, ova sljede\u0107a generacija <strong data-start=\"296\" data-end=\"329\">beznikotinska jednokratna vape<\/strong> redefinira dugotrajno u\u017eivanje. Napajano s <strong data-start=\"378\" data-end=\"409\">850mAh punjiva baterija<\/strong> i <strong data-start=\"416\" data-end=\"445\">sustavom od 4 \u00d7 1.2\u03a9 mre\u017eastih grija\u010da<\/strong>, pru\u017ea \u010disti, glatki vapor s stabilnim izlazom. Njegov <strong data-start=\"502\" data-end=\"522\">Pametni LED zaslon<\/strong> daje informacije u stvarnom vremenu o snazi i na\u010dinu okusa, dok <strong data-start=\"583\" data-end=\"605\">brzo punjenje Type-C<\/strong> osigurava da nikada ne \u010dekate dugo izme\u0111u sesija.<\/p>\n<p data-start=\"661\" data-end=\"1153\">Savr\u0161eno za veleprodajnu distribuciju, <strong data-start=\"701\" data-end=\"720\">AIVONO AVN 150K<\/strong> nudi <strong data-start=\"728\" data-end=\"746\">8 na\u010dina okusa<\/strong> \u2014 \u010detiri s pojedina\u010dnim okusom i \u010detiri fusion mje\u0161avine \u2014 sve upakirano unutar <strong data-start=\"811\" data-end=\"839\">58ml vrhunske e-teku\u0107ine<\/strong>. To zna\u010di da svaki udah ostaje bogat i dosljedan, \u0161to ga \u010dini idealnim za vapere koji tra\u017ee <strong data-start=\"977\" data-end=\"1017\">\u010disti, nikotinom besplatni jednokratni vape<\/strong> opcija. Dizajniran za kupce na veliko, to je <strong data-start=\"1059\" data-end=\"1082\">proizvod s visokim mar\u017eama<\/strong> s dokazanim zahtjevom u <strong data-start=\"1105\" data-end=\"1150\">Njema\u010dkoj, \u0160panjolskoj, Francuskoj, Poljskoj, Italiji i ve\u0107ini zemalja EU.<\/strong><\/p>\n<p data-start=\"666\" data-end=\"1235\"><strong style=\"font-size: 16px;\"><span style=\"color: #ff0000;\">Dodajte Amy na WhatsApp za brzi odgovor i popust!<\/span><\/strong><\/p>\n<p><img fetchpriority=\"high\" decoding=\"async\" class=\"size-full wp-image-2932\" src=\"https:\/\/vapestornado.com\/wp-content\/uploads\/2024\/12\/Vape-Wholesale.jpg\" alt=\"Veleprodaja vejpova\" width=\"229\" height=\"300\" \/><\/p>\n<h3><a href=\"https:\/\/wa.me\/8617776015835\" target=\"_blank\" rel=\"noopener\"><span style=\"color: #ff0000;\"><strong>WhatsApp: +86 17776015835<\/strong><\/span><\/a><\/h3>\n<p>&nbsp;<\/p>\n<h2><strong>AIVONO AVN 150K Udarnih To\u010dkica Klju\u010dne Zna\u010dajke Proizvoda<\/strong><\/h2>\n<ul>\n<li data-start=\"1177\" data-end=\"1213\">\n<p data-start=\"1179\" data-end=\"1213\">Kapacitet udaha: <strong data-start=\"1194\" data-end=\"1211\">150.000 Udarnih To\u010dkica<\/strong><\/p>\n<\/li>\n<li data-start=\"1214\" data-end=\"1243\">\n<p data-start=\"1216\" data-end=\"1243\">Volumen teku\u0107ine: <strong data-start=\"1233\" data-end=\"1241\">58ml<\/strong><\/p>\n<\/li>\n<li data-start=\"1244\" data-end=\"1295\">\n<p data-start=\"1246\" data-end=\"1295\">Nikotina: <strong data-start=\"1255\" data-end=\"1293\">0% 2% 5% (Nikotin besplatni jednokratni vape)<\/strong><\/p>\n<\/li>\n<li data-start=\"1296\" data-end=\"1339\">\n<p data-start=\"1298\" data-end=\"1339\">Baterija: <strong data-start=\"1307\" data-end=\"1337\">850mAh punjiva Type-C<\/strong><\/p>\n<\/li>\n<li data-start=\"1340\" data-end=\"1387\">\n<p data-start=\"1342\" data-end=\"1387\">Grija\u010d: <strong data-start=\"1348\" data-end=\"1385\">4 \u00d7 1.2\u03a9 mre\u017ena grija\u010da za bogat oblak pare<\/strong><\/p>\n<\/li>\n<li data-start=\"1388\" data-end=\"1446\">\n<p data-start=\"1390\" data-end=\"1446\">Zaslon: <strong data-start=\"1399\" data-end=\"1444\">Pametni LED zaslon za na\u010dine napajanja i okusa<\/strong><\/p>\n<\/li>\n<li data-start=\"1447\" data-end=\"1493\">\n<p data-start=\"1449\" data-end=\"1493\">Dizajn: <strong data-start=\"1457\" data-end=\"1491\">Sustav patrona s 8 okusa<\/strong><\/p>\n<\/li>\n<li data-start=\"1494\" data-end=\"1552\">\n<p data-start=\"1496\" data-end=\"1552\">Idealno za: <strong data-start=\"1507\" data-end=\"1550\">Veleprodajne kupce i EU distributere vapea<\/strong><\/p>\n<\/li>\n<\/ul>\n<h2 class=\"product-title\"><strong>AIVONO AVN 150K Udarnih To\u010dkica Popis okusa jednokratnih patrona<\/strong><\/h2>\n<article class=\"w-full text-token-text-primary focus-visible:outline-2 focus-visible:outline-offset-[-4px]\" dir=\"auto\" data-testid=\"conversation-turn-32\" data-scroll-anchor=\"false\">\n<div class=\"m-auto text-base py-[18px] px-6\">\n<div class=\"mx-auto flex flex-1 text-base gap-4 md:gap-5 lg:gap-6 md:max-w-3xl lg:max-w-[40rem] xl:max-w-[48rem]\">\n<div class=\"group\/conversation-turn relative flex w-full min-w-0 flex-col @xs\/thread:px-0 @sm\/thread:px-1.5 @md\/thread:px-4\">\n<div class=\"flex-col gap-1 md:gap-3\">\n<div class=\"flex max-w-full flex-col flex-grow\">\n<div class=\"min-h-8 text-message flex w-full flex-col items-end gap-2 whitespace-normal break-words text-start [.text-message+&amp;]:mt-5\" dir=\"auto\" data-message-author-role=\"user\" data-message-id=\"ffac41ca-1db4-431b-873a-32c4052956f1\">\n<div class=\"flex w-full flex-col gap-1 empty:hidden items-end rtl:items-start\">\n<div class=\"relative max-w-[var(--user-chat-width,70%)] rounded-3xl bg-token-message-surface px-5 py-2.5\">\n<div class=\"absolute bottom-0 right-full top-0 -mr-3.5 hidden pr-5 pt-2 [.group\/conversation-turn:hover_&amp;]:flex\">\n<div class=\"flex\">\n<article class=\"w-full text-token-text-primary focus-visible:outline-2 focus-visible:outline-offset-[-4px]\" dir=\"auto\" data-testid=\"conversation-turn-39\" data-scroll-anchor=\"true\">\n<div class=\"m-auto text-base py-[18px] px-6\">\n<div class=\"mx-auto flex flex-1 text-base gap-4 md:gap-5 lg:gap-6 md:max-w-3xl lg:max-w-[40rem] xl:max-w-[48rem]\">\n<div class=\"group\/conversation-turn relative flex w-full min-w-0 flex-col agent-turn @xs\/thread:px-0 @sm\/thread:px-1.5 @md\/thread:px-4\">\n<div class=\"flex-col gap-1 md:gap-3\">\n<div class=\"flex max-w-full flex-col flex-grow\">\n<div class=\"min-h-8 text-message flex w-full flex-col items-end gap-2 whitespace-normal break-words text-start [.text-message+&amp;]:mt-5\" dir=\"auto\" data-message-author-role=\"assistant\" data-message-id=\"55a23854-ec57-48dd-bd4f-6118f43d6241\" data-message-model-slug=\"gpt-4o\">\n<div class=\"flex w-full flex-col gap-1 empty:hidden first:pt-[3px]\">\n<div class=\"markdown prose w-full break-words dark:prose-invert light\">\n<ol data-start=\"1596\" data-end=\"2226\">\n<li data-start=\"1596\" data-end=\"1664\">\n<p data-start=\"1599\" data-end=\"1664\">Jagoda Ice + Lubenica Ice + Breskva Ice + Marakuja Ice<\/p>\n<\/li>\n<li data-start=\"1665\" data-end=\"1730\">\n<p data-start=\"1668\" data-end=\"1730\">Jagoda Ice + Borovnica Ice + Gro\u017e\u0111e Ice + Zeleni Jabu\u010dn Ice<\/p>\n<\/li>\n<li data-start=\"1731\" data-end=\"1782\">\n<p data-start=\"1734\" data-end=\"1782\">Jagoda Ice + Mango + Ananas + Sladoled<\/p>\n<\/li>\n<li data-start=\"1783\" data-end=\"1853\">\n<p data-start=\"1786\" data-end=\"1853\">Borovnica Ice + Malina Limun Ice + Lubenica \u017dvaka\u0107a Guma + Menta<\/p>\n<\/li>\n<li data-start=\"1854\" data-end=\"1897\">\n<p data-start=\"1857\" data-end=\"1897\">Lubenica + Malina + Tre\u0161nja + Cola<\/p>\n<\/li>\n<li data-start=\"1898\" data-end=\"1959\">\n<p data-start=\"1901\" data-end=\"1959\">Gro\u017e\u0111e Ice + Mango Breskva + Lubenica Ice + Borovnica Ice<\/p>\n<\/li>\n<li data-start=\"1960\" data-end=\"2021\">\n<p data-start=\"1963\" data-end=\"2021\">Jagoda Kivi + Borovnica Kokos + Mije\u0161ano \u0160ljiva + Mango<\/p>\n<\/li>\n<li data-start=\"2022\" data-end=\"2083\">\n<p data-start=\"2025\" data-end=\"2083\">Banana Ice + Jagoda Ice + Lubenica Ice + Limun Ice<\/p>\n<\/li>\n<li data-start=\"2084\" data-end=\"2159\">\n<p data-start=\"2087\" data-end=\"2159\">Jagoda Ice + Ananas Kokos Ice + Mango Ice + Marakuja Ice<\/p>\n<\/li>\n<li data-start=\"2160\" data-end=\"2226\">\n<p data-start=\"2164\" data-end=\"2226\">Ananas Kokos + Limun Ice + Borovnica Ice + Energetski Napitak<\/p>\n<\/li>\n<\/ol>\n<p>Ovo <strong data-start=\"2232\" data-end=\"2245\">Puff 150K<\/strong> preoblikuje jednokratnu izvedbu \u2014 bez nadopuna, bez nikotina, bez kompromisa. Idealno za <strong data-start=\"2331\" data-end=\"2344\">veliko<\/strong> i <strong data-start=\"2349\" data-end=\"2367\">prodava\u010de e-cigareta<\/strong> kroz Europu tra\u017ee\u0107i <strong data-start=\"2392\" data-end=\"2421\">jeftin komplet za jednokratne e-cigarete<\/strong> koji kombinira stil, okus i odr\u017eivost.<\/p>\n<figure id=\"attachment_4518\" aria-describedby=\"caption-attachment-4518\" style=\"width: 800px\" class=\"wp-caption alignnone\"><img decoding=\"async\" class=\"wp-image-4518 size-full\" src=\"https:\/\/vapestornado.com\/wp-content\/uploads\/2025\/11\/AIVONO-AVN-150k-150000-Puffs-Disposable-Vape-Pod-Rechargeable.webp\" alt=\"AIVONO AVN 150k 150000 Pufova Jednokratni Vape Pod Punjiv\" width=\"800\" height=\"800\" srcset=\"https:\/\/vapestornado.com\/wp-content\/uploads\/2025\/11\/AIVONO-AVN-150k-150000-Puffs-Disposable-Vape-Pod-Rechargeable.webp 800w, https:\/\/vapestornado.com\/wp-content\/uploads\/2025\/11\/AIVONO-AVN-150k-150000-Puffs-Disposable-Vape-Pod-Rechargeable-300x300.webp 300w, https:\/\/vapestornado.com\/wp-content\/uploads\/2025\/11\/AIVONO-AVN-150k-150000-Puffs-Disposable-Vape-Pod-Rechargeable-150x150.webp 150w, https:\/\/vapestornado.com\/wp-content\/uploads\/2025\/11\/AIVONO-AVN-150k-150000-Puffs-Disposable-Vape-Pod-Rechargeable-768x768.webp 768w, https:\/\/vapestornado.com\/wp-content\/uploads\/2025\/11\/AIVONO-AVN-150k-150000-Puffs-Disposable-Vape-Pod-Rechargeable-12x12.webp 12w, https:\/\/vapestornado.com\/wp-content\/uploads\/2025\/11\/AIVONO-AVN-150k-150000-Puffs-Disposable-Vape-Pod-Rechargeable-600x600.webp 600w, https:\/\/vapestornado.com\/wp-content\/uploads\/2025\/11\/AIVONO-AVN-150k-150000-Puffs-Disposable-Vape-Pod-Rechargeable-100x100.webp 100w\" sizes=\"(max-width: 800px) 100vw, 800px\" \/><figcaption id=\"caption-attachment-4518\" class=\"wp-caption-text\">AIVONO AVN 150k 150000 Pufova Jednokratni Vape Pod Punjiv<\/figcaption><\/figure>\n<\/div>\n<\/div>\n<\/div>\n<\/div>\n<\/div>\n<\/div>\n<\/div>\n<\/div>\n<\/article>\n<\/div>\n<\/div>\n<\/div>\n<\/div>\n<\/div>\n<\/div>\n<\/div>\n<\/div>\n<\/div>\n<\/div>\n<\/article>\n<h2>Za\u0161to odabrati Vapestornado za AIVONO AVN 150K Kupnju na veliko?<\/h2>\n<div class=\"flex-shrink-0 flex flex-col relative items-end\">\n<div class=\"pt-0\">\n<div class=\"gizmo-bot-avatar flex h-8 w-8 items-center justify-center overflow-hidden rounded-full\">\n<div class=\"relative p-1 rounded-sm flex items-center justify-center bg-token-main-surface-primary text-token-text-primary h-8 w-8\">\n<p>At\u00a0<strong>VapeTornado<\/strong>, ponosimo se isporukom\u00a0<strong>vrhunskih proizvoda za vaping po nenadma\u0161nim cijenama<\/strong>\u2014a Waspe Aiviou 3 u 1 60000 puffs nije iznimka! Evo za\u0161to biste trebali kupiti od nas:<\/p>\n<p><strong>Najbolje veleprodajne cijene<\/strong>\u00a0\u2013 Nudimo\u00a0<strong>konkurentne cijene za velike koli\u010dine<\/strong><span style=\"font-size: 16px;\">, \u0161to nas \u010dini najboljim izborom za preprodava\u010de i vape trgovine.<\/span><\/p>\n<p><strong>Brzo<\/strong>\u00a0\u2013 Neka va\u0161a narud\u017eba bude isporu\u010dena\u00a0<strong>brzo i sigurno<\/strong>, s mogu\u0107nostima slanja diljem svijeta.<br \/>\n<strong>100% Autenti\u010dni proizvodi<\/strong>\u00a0\u2013 Bez imitacija\u2014samo\u00a0<strong>originalni WASPE Triple jednokratni ure\u0111aji<\/strong>\u00a0s provjerenom kvalitetom.<br \/>\n<strong>Izvrsna korisni\u010dka podr\u0161ka<\/strong>\u00a0\u2013 Imate pitanja? Na\u0161i\u00a0<strong>stru\u010dnjaci za vape<\/strong> su vam spremni pomo\u0107i 24\/7.<\/p>\n<p><strong>Ne \u010dekajte\u2014naru\u010dite svoj Waspe Aiviou 3 u 1 60000 puff od VapeTornado danas i iskusite vrhunsko zadovoljstvo vapinga!<\/strong><\/p>\n<p data-start=\"559\" data-end=\"933\" data-is-last-node=\"\" data-is-only-node=\"\">Tako\u0111er imamo i druge popularne vapeove sa zaslonom kao \u0161to su <a href=\"https:\/\/vapestornado.com\/hr\/product\/mesii-couple-50k-disposable-shisha-hookah-50000-puffs-vape-with-digital-display\/\">Mesii par 50000<\/a>, <a href=\"https:\/\/vapestornado.com\/hr\/product\/vopk-cool-9000-puffs-disposable-vapes-bar-puff-9k\/\">VOPK 9000 Puff jednokratni vape<\/a>, <a href=\"https:\/\/vapestornado.com\/hr\/product\/bang-beach-22000-20k-puff-disposable-vape-pen-with-screen-reddit-hot\/\">Bang Beach 22000<\/a>, i vi\u0161e.<\/p>\n<\/div>\n<div class=\"relative p-1 rounded-sm flex items-center justify-center bg-token-main-surface-primary text-token-text-primary h-8 w-8\">\n<h2>\u010cesto postavljana pitanja o AIM 150K Pufovima<\/h2>\n<p data-start=\"2521\" data-end=\"2673\"><strong data-start=\"2521\" data-end=\"2572\">1. Koliko dugo traje AIVONO AVN 150K Puff?<\/strong><br data-start=\"2572\" data-end=\"2575\" \/>Svaki komplet pru\u017ea do <strong data-start=\"2599\" data-end=\"2616\">150.000 udisaja<\/strong>, podr\u017eano punjivom baterijom za produ\u017eenu upotrebu.<\/p>\n<p data-start=\"2675\" data-end=\"2823\"><strong data-start=\"2675\" data-end=\"2719\">2. Je li AIVONO AVN 150K bez nikotina?<\/strong><br data-start=\"2719\" data-end=\"2722\" \/>Da, to je <strong data-start=\"2734\" data-end=\"2767\">jednokratni e-cigareta bez nikotina<\/strong>, savr\u0161ena za one koji \u017eele okus bez ovisnosti.<\/p>\n<p data-start=\"2825\" data-end=\"2945\"><strong data-start=\"2825\" data-end=\"2867\">3. Mogu li napuniti AIVONO AVN 150K?<\/strong><br data-start=\"2867\" data-end=\"2870\" \/>Apsolutno. Ima <strong data-start=\"2896\" data-end=\"2911\">Type-C priklju\u010dkom<\/strong> za brzo, pouzdano punjenje.<\/p>\n<p data-start=\"2947\" data-end=\"3176\"><strong data-start=\"2947\" data-end=\"3011\">4. \u0160to \u010dini AIVONO AVN 150K pogodnim za veleprodajne kupce?<\/strong><br data-start=\"3011\" data-end=\"3014\" \/>Njegova <strong data-start=\"3018\" data-end=\"3042\">Sustav okusa od 8 u 1<\/strong>, <strong data-start=\"3044\" data-end=\"3063\">broj udisaja od 150K<\/strong>i <strong data-start=\"3069\" data-end=\"3089\">povoljna cijena<\/strong> \u010dini ga idealnim za <strong data-start=\"3108\" data-end=\"3127\">distributere u Hrvatskoj<\/strong> koji tra\u017ee proizvode s velikom potra\u017enjom i niskom odr\u017eavanjem.<\/p>\n<p data-start=\"3178\" data-end=\"3404\"><strong data-start=\"3178\" data-end=\"3238\">5. Kako se uspore\u0111uje s obi\u010dnim e-cigaretama od 20K ili 40K udisaja?<\/strong><br data-start=\"3238\" data-end=\"3241\" \/>AIVONO AVN 150K nudi <strong data-start=\"3268\" data-end=\"3291\">utrostru\u010diti kapacitet<\/strong>, <strong data-start=\"3293\" data-end=\"3320\">vi\u0161e opcija okusa<\/strong>i <strong data-start=\"3326\" data-end=\"3342\">nula nikotina<\/strong>, \u010dine\u0107i ga \u010di\u0161\u0107im i isplativijim na du\u017ei rok.<\/p>\n<\/div>\n<\/div>\n<\/div>\n<\/div>","protected":false},"excerpt":{"rendered":"<article class=\"text-token-text-primary w-full focus:outline-none [--shadow-height:45px] has-data-writing-block:pointer-events-none has-data-writing-block:-mt-(--shadow-height) has-data-writing-block:pt-(--shadow-height) [&amp;:has([data-writing-block])&gt;*]:pointer-events-auto [content-visibility:auto] supports-[content-visibility:auto]:[contain-intrinsic-size:auto_100lvh] scroll-mt-[calc(var(--header-height)+min(200px,max(70px,20svh)))]\" dir=\"auto\" tabindex=\"-1\" data-turn-id=\"86ca9d92-7a10-4e6b-bda0-15f9df36adca\" data-testid=\"conversation-turn-120\" data-scroll-anchor=\"true\" data-turn=\"assistant\">\n<div class=\"text-base my-auto mx-auto pb-10 [--thread-content-margin:--spacing(4)] thread-sm:[--thread-content-margin:--spacing(6)] thread-lg:[--thread-content-margin:--spacing(16)] px-(--thread-content-margin)\">\n<div class=\"[--thread-content-max-width:40rem] thread-lg:[--thread-content-max-width:48rem] mx-auto max-w-(--thread-content-max-width) flex-1 group\/turn-messages focus-visible:outline-hidden relative flex w-full min-w-0 flex-col agent-turn\" tabindex=\"-1\">\n<div class=\"flex max-w-full flex-col grow\">\n<div class=\"min-h-8 text-message relative flex w-full flex-col items-end gap-2 text-start break-words whitespace-normal [.text-message+&amp;]:mt-1\" dir=\"auto\" data-message-author-role=\"assistant\" data-message-id=\"43b070d6-bf28-4fbe-8049-1032a61ea3ac\" data-message-model-slug=\"gpt-5\">\n<div class=\"flex w-full flex-col gap-1 empty:hidden first:pt-[1px]\">\n<div class=\"markdown prose dark:prose-invert w-full break-words light markdown-new-styling\">\n<p data-start=\"3706\" data-end=\"3787\"><strong data-start=\"3706\" data-end=\"3785\">AIVONO AVN 150K Puff Nicotine Free Vape Kit \u2013 8-u-1 Snaga za veleprodaju u EU<\/strong><\/p>\n<p data-start=\"3791\" data-end=\"3865\"><strong data-start=\"3791\" data-end=\"3863\">Puff 150K by AIVONO \u2013 Dugotrajna beznikotinska jednokratna vape olovka<\/strong><\/p>\n<p data-start=\"3869\" data-end=\"3952\" data-is-last-node=\"\"><strong data-start=\"3869\" data-end=\"3952\" data-is-last-node=\"\">AIVONO AVN 150K Vape Veleprodaja: 8-u-1 Beznikotinska jednokratna vape za tr\u017ei\u0161te EU<\/strong><\/p>\n<\/div>\n<\/div>\n<\/div>\n<\/div>\n<\/div>\n<\/div>\n<\/article>\n<p><img fetchpriority=\"high\" decoding=\"async\" class=\"size-full wp-image-2932\" src=\"https:\/\/vapestornado.com\/wp-content\/uploads\/2024\/12\/Vape-Wholesale.jpg\" alt=\"Veleprodaja vejpova\" width=\"229\" height=\"300\" \/><\/p>\n<h3><a href=\"https:\/\/wa.me\/8617776015835\"><span style=\"color: #ff0000;\"><strong>WhatsApp: +86 17776015835<\/strong><\/span><\/a><\/h3>\n<p>&nbsp;<\/p>","protected":false},"featured_media":4514,"comment_status":"open","ping_status":"closed","template":"","meta":{"_acf_changed":false,"_uag_custom_page_level_css":"","_lmt_disableupdate":"no","_lmt_disable":"","_monsterinsights_skip_tracking":false,"_monsterinsights_sitenote_active":false,"_monsterinsights_sitenote_note":"","_monsterinsights_sitenote_category":0,"site-sidebar-layout":"default","site-content-layout":"","ast-site-content-layout":"default","site-content-style":"default","site-sidebar-style":"default","ast-global-header-display":"","ast-banner-title-visibility":"","ast-main-header-display":"","ast-hfb-above-header-display":"","ast-hfb-below-header-display":"","ast-hfb-mobile-header-display":"","site-post-title":"","ast-breadcrumbs-content":"","ast-featured-img":"","footer-sml-layout":"","ast-disable-related-posts":"","theme-transparent-header-meta":"default","adv-header-id-meta":"","stick-header-meta":"","header-above-stick-meta":"","header-main-stick-meta":"","header-below-stick-meta":"","astra-migrate-meta-layouts":"set","ast-page-background-enabled":"default","ast-page-background-meta":{"desktop":{"background-color":"","background-image":"","background-repeat":"repeat","background-position":"center center","background-size":"auto","background-attachment":"scroll","background-type":"","background-media":"","overlay-type":"","overlay-color":"","overlay-opacity":"","overlay-gradient":""},"tablet":{"background-color":"","background-image":"","background-repeat":"repeat","background-position":"center center","background-size":"auto","background-attachment":"scroll","background-type":"","background-media":"","overlay-type":"","overlay-color":"","overlay-opacity":"","overlay-gradient":""},"mobile":{"background-color":"","background-image":"","background-repeat":"repeat","background-position":"center center","background-size":"auto","background-attachment":"scroll","background-type":"","background-media":"","overlay-type":"","overlay-color":"","overlay-opacity":"","overlay-gradient":""}},"ast-content-background-meta":{"desktop":{"background-color":"var(--ast-global-color-5)","background-image":"","background-repeat":"repeat","background-position":"center center","background-size":"auto","background-attachment":"scroll","background-type":"","background-media":"","overlay-type":"","overlay-color":"","overlay-opacity":"","overlay-gradient":""},"tablet":{"background-color":"var(--ast-global-color-5)","background-image":"","background-repeat":"repeat","background-position":"center center","background-size":"auto","background-attachment":"scroll","background-type":"","background-media":"","overlay-type":"","overlay-color":"","overlay-opacity":"","overlay-gradient":""},"mobile":{"background-color":"var(--ast-global-color-5)","background-image":"","background-repeat":"repeat","background-position":"center center","background-size":"auto","background-attachment":"scroll","background-type":"","background-media":"","overlay-type":"","overlay-color":"","overlay-opacity":"","overlay-gradient":""}},"_joinchat":{"telephone":"17776015835"}},"product_brand":[],"product_cat":[176,152,153,156,142,357,144],"product_tag":[245,423,422,105,424,94,301],"class_list":{"0":"post-4507","1":"product","2":"type-product","3":"status-publish","4":"has-post-thumbnail","6":"product_cat-aivono-vape","7":"product_cat-buy-disposable-vapes-in-cermany","8":"product_cat-buy-disposable-vapes-in-italy","9":"product_cat-buy-disposable-vapes-in-poland","10":"product_cat-digital-box-disposable-vapes","11":"product_cat-flavor-adjustable-vape","12":"product_cat-low-nicotine-disposable-vapes","13":"product_tag-0-nicotine-disposable-vape","14":"product_tag-aivono-150000-puffs","15":"product_tag-aivono-avn-150k","16":"product_tag-digital-disposable-vape","17":"product_tag-nicotine-free-disposable-vape","18":"product_tag-rechargeable-disposable-vape","19":"product_tag-vapor-wholesale","20":"desktop-align-left","21":"tablet-align-left","22":"mobile-align-left","24":"first","25":"instock","26":"sale","27":"shipping-taxable","28":"purchasable","29":"product-type-simple"},"acf":[],"uagb_featured_image_src":{"full":["https:\/\/vapestornado.com\/wp-content\/uploads\/2025\/11\/AIM-AVN-150k-150000-Puffs-Disposable-Vape-Wholesale.webp",800,800,false],"thumbnail":["https:\/\/vapestornado.com\/wp-content\/uploads\/2025\/11\/AIM-AVN-150k-150000-Puffs-Disposable-Vape-Wholesale-150x150.webp",150,150,true],"medium":["https:\/\/vapestornado.com\/wp-content\/uploads\/2025\/11\/AIM-AVN-150k-150000-Puffs-Disposable-Vape-Wholesale-300x300.webp",300,300,true],"medium_large":["https:\/\/vapestornado.com\/wp-content\/uploads\/2025\/11\/AIM-AVN-150k-150000-Puffs-Disposable-Vape-Wholesale-768x768.webp",768,768,true],"large":["https:\/\/vapestornado.com\/wp-content\/uploads\/2025\/11\/AIM-AVN-150k-150000-Puffs-Disposable-Vape-Wholesale.webp",800,800,false],"1536x1536":["https:\/\/vapestornado.com\/wp-content\/uploads\/2025\/11\/AIM-AVN-150k-150000-Puffs-Disposable-Vape-Wholesale.webp",800,800,false],"2048x2048":["https:\/\/vapestornado.com\/wp-content\/uploads\/2025\/11\/AIM-AVN-150k-150000-Puffs-Disposable-Vape-Wholesale.webp",800,800,false],"trp-custom-language-flag":["https:\/\/vapestornado.com\/wp-content\/uploads\/2025\/11\/AIM-AVN-150k-150000-Puffs-Disposable-Vape-Wholesale-12x12.webp",12,12,true],"woocommerce_thumbnail":["https:\/\/vapestornado.com\/wp-content\/uploads\/2025\/11\/AIM-AVN-150k-150000-Puffs-Disposable-Vape-Wholesale-300x300.webp",300,300,true],"woocommerce_single":["https:\/\/vapestornado.com\/wp-content\/uploads\/2025\/11\/AIM-AVN-150k-150000-Puffs-Disposable-Vape-Wholesale-600x600.webp",600,600,true],"woocommerce_gallery_thumbnail":["https:\/\/vapestornado.com\/wp-content\/uploads\/2025\/11\/AIM-AVN-150k-150000-Puffs-Disposable-Vape-Wholesale-100x100.webp",100,100,true]},"uagb_author_info":{"display_name":"ESAMY","author_link":"https:\/\/vapestornado.com\/hr\/author\/"},"uagb_comment_info":1,"uagb_excerpt":"AIVONO AVN 150K Puff Nicotine Free Vape Kit \u2013 8-in-1 Power for EU Wholesale Puff 150K by AIVONO \u2013 Long-Lasting Nicotine Free Disposable Vape Pen AIVONO AVN 150K Vape Wholesale: 8-in-1 0 Nicotine Disposable Vape for EU Market WhatsApp: +86 17776015835 &nbsp;","_links":{"self":[{"href":"https:\/\/vapestornado.com\/hr\/wp-json\/wp\/v2\/product\/4507","targetHints":{"allow":["GET"]}}],"collection":[{"href":"https:\/\/vapestornado.com\/hr\/wp-json\/wp\/v2\/product"}],"about":[{"href":"https:\/\/vapestornado.com\/hr\/wp-json\/wp\/v2\/types\/product"}],"replies":[{"embeddable":true,"href":"https:\/\/vapestornado.com\/hr\/wp-json\/wp\/v2\/comments?post=4507"}],"wp:featuredmedia":[{"embeddable":true,"href":"https:\/\/vapestornado.com\/hr\/wp-json\/wp\/v2\/media\/4514"}],"wp:attachment":[{"href":"https:\/\/vapestornado.com\/hr\/wp-json\/wp\/v2\/media?parent=4507"}],"wp:term":[{"taxonomy":"product_brand","embeddable":true,"href":"https:\/\/vapestornado.com\/hr\/wp-json\/wp\/v2\/product_brand?post=4507"},{"taxonomy":"product_cat","embeddable":true,"href":"https:\/\/vapestornado.com\/hr\/wp-json\/wp\/v2\/product_cat?post=4507"},{"taxonomy":"product_tag","embeddable":true,"href":"https:\/\/vapestornado.com\/hr\/wp-json\/wp\/v2\/product_tag?post=4507"}],"curies":[{"name":"wp","href":"https:\/\/api.w.org\/{rel}","templated":true}]}}