{"id":4483,"date":"2025-10-30T06:42:12","date_gmt":"2025-10-30T06:42:12","guid":{"rendered":"https:\/\/vapestornado.com\/?post_type=product&#038;p=4483"},"modified":"2025-12-12T08:55:22","modified_gmt":"2025-12-12T08:55:22","slug":"jnr-falcon-pro-28k-28000-disposable-vape-puff-bar-rechargeable","status":"publish","type":"product","link":"https:\/\/vapestornado.com\/hr\/product\/jnr-falcon-pro-28k-28000-disposable-vape-puff-bar-rechargeable\/","title":{"rendered":"JNR Falcon Pro 28k 28000 Jednokratni vaporizator Puff Bar s punjivom baterijom"},"content":{"rendered":"<h2 data-pm-slice=\"1 1 []\">JNR Falcon Pro 28K Punjivi Puff Bar \u2013 28000 Pufsa jednokratni vape veleprodaja<\/h2>\n<p data-start=\"73\" data-end=\"688\">Ovo <strong data-start=\"97\" data-end=\"119\">JNR Falcon Pro 28K<\/strong> je ponovno punjiva jednokratna naprava namijenjena vaperima koji o\u010dekuju vi\u0161e od kratkoro\u010dne prakti\u010dnosti. S <strong data-start=\"216\" data-end=\"238\">do 28.000 udaha<\/strong>, a <strong data-start=\"242\" data-end=\"268\">30 ml kapaciteta e-teku\u0107ine<\/strong>, i <strong data-start=\"276\" data-end=\"294\">dvostrukom mre\u017eastom zavojnicom<\/strong>, dizajnirana je za pru\u017eanje stabilnog okusa i pare tijekom du\u017ee uporabe. Dodajte <strong data-start=\"372\" data-end=\"410\">950mAh Type-C punjivom baterijom<\/strong> i <strong data-start=\"418\" data-end=\"446\">inteligentni pametni ekran<\/strong>, i dobit \u0107ete ure\u0111aj koji se pona\u0161a bli\u017ee kompaktnom <strong data-start=\"500\" data-end=\"520\">E-cigaretama modovima<\/strong> nego osnovnoj jednokratnoj - bez postavljanja ili odr\u017eavanja.<\/p>\n<h3 data-start=\"791\" data-end=\"864\">Za\u0161to JNR Falcon Pro 28k pru\u017ea bolju vrijednost od tipi\u010dnih jednokratnih vapea?<\/h3>\n<ul data-start=\"866\" data-end=\"2179\">\n<li data-start=\"866\" data-end=\"1161\">\n<p data-start=\"868\" data-end=\"1161\"><strong data-start=\"868\" data-end=\"906\">Izdr\u017eljivost koja odgovara stvarnim rutinama.<\/strong> Ovo <strong data-start=\"911\" data-end=\"949\">JNR Falcon Pro 28K jednokratni vape<\/strong> kombinira visok <strong data-start=\"963\" data-end=\"982\">ocjenu od 28K udaha<\/strong> s <strong data-start=\"990\" data-end=\"1003\">30ml spremnika<\/strong>, \u0161to ga \u010dini prikladnim za redovne korisnike u <strong data-start=\"1045\" data-end=\"1090\">Hrvatskoj, Francuskoj, Italiji, \u0160panjolskoj i Poljskoj<\/strong> koji \u017eele manje zamjena i predvidivu svakodnevnu uporabu s jednim ure\u0111ajem.<\/p>\n<\/li>\n<li data-start=\"1163\" data-end=\"1428\">\n<p data-start=\"1165\" data-end=\"1428\"><strong data-start=\"1165\" data-end=\"1202\">Dvoslojna mre\u017easta zavojnica za stabilan rad.<\/strong> Unutar <strong data-start=\"1214\" data-end=\"1243\">JNR 28K vaper punjiv<\/strong> dizajn, koji <strong data-start=\"1256\" data-end=\"1274\">dvostrukom mre\u017eastom zavojnicom<\/strong> ravnomjerno raspore\u0111uje toplinu po vrpci. To poma\u017ee da para ostane glatka i da se okus zadr\u017ei puniji dublje u spremniku, umjesto da se razrje\u0111uje nakon intenzivne uporabe.<\/p>\n<\/li>\n<li data-start=\"1430\" data-end=\"1649\">\n<p data-start=\"1432\" data-end=\"1649\"><strong data-start=\"1432\" data-end=\"1480\">Punjenje koje \u0161titi teku\u0107inu.<\/strong> A <strong data-start=\"1483\" data-end=\"1521\">950mAh Type-C punjivom baterijom<\/strong> zna\u010di da mo\u017eete nadopuniti snagu kada je potrebno i nastaviti s vapingom dok teku\u0107ina ne nestane \u2014 bez ranog odlaganja, bez gubljenja e-juica.<\/p>\n<\/li>\n<li data-start=\"1651\" data-end=\"1884\">\n<p data-start=\"1653\" data-end=\"1884\"><strong data-start=\"1653\" data-end=\"1689\">Pametni zaslon vas obavje\u0161tava.<\/strong> Ovo <strong data-start=\"1694\" data-end=\"1747\">inteligentni LED zaslon na JNR Falcon Pro 28K<\/strong> prikazuje razine baterije i e-teku\u0107ine u stvarnom vremenu, tako da znate mo\u017eete li pokriti dug radni dan ili izlazak bez naga\u0111anja.<\/p>\n<\/li>\n<li data-start=\"1886\" data-end=\"2179\">\n<p data-start=\"1888\" data-end=\"2179\"><strong data-start=\"1888\" data-end=\"1939\">Sna\u017ena vrijednost za maloprodajne i veleprodajne kanale.<\/strong> S zna\u010dajkama koje se obi\u010dno vi\u0111aju na slo\u017eenijim ure\u0111ajima, <strong data-start=\"1996\" data-end=\"2018\">JNR Falcon Pro 28000<\/strong>\u00a0dobro se snalazi u bilo kojem <strong data-start=\"2040\" data-end=\"2053\">du\u0107anu za vaping<\/strong> i odgovara kupcima koji uspore\u0111uju premium disposable ure\u0111aje s <strong data-start=\"2108\" data-end=\"2138\">Veleprodaja jeftinih cigareta<\/strong> alternativama za bolju dugoro\u010dnu vrijednost.<\/p>\n<\/li>\n<\/ul>\n<p><strong><span style=\"color: #ff0000;\">Dodajte Amy na WhatsApp za brzi odgovor i kupon za vape!<\/span><\/strong><\/p>\n<p><img fetchpriority=\"high\" decoding=\"async\" class=\"size-full wp-image-2932\" src=\"https:\/\/vapestornado.com\/wp-content\/uploads\/2024\/12\/Vape-Wholesale.jpg\" alt=\"Veleprodaja vejpova\" width=\"229\" height=\"300\" \/><\/p>\n<h3><a href=\"https:\/\/wa.me\/8617776015835\" target=\"_blank\" rel=\"noopener\"><span style=\"color: #ff0000;\"><strong>WhatsApp: +86 17776015835<\/strong><\/span><\/a><\/h3>\n<p>&nbsp;<\/p>\n<h2><strong>JNR Falcon Pro 28k zna\u010dajke proizvoda<\/strong><\/h2>\n<table>\n<thead>\n<tr>\n<th>Zna\u010dajka<\/th>\n<th>specifikacija<\/th>\n<th>detalji<\/th>\n<\/tr>\n<\/thead>\n<tbody>\n<tr>\n<td>Naziv proizvoda<\/td>\n<td>JNR Falcon Pro 28K<\/td>\n<td>Visokokapacitetni punjivi disposable vape<\/td>\n<\/tr>\n<tr>\n<td>Kapacitet Udisaja<\/td>\n<td>Do 28.000 udisaja<\/td>\n<td>Dizajniran za produ\u017eenu, vi\u0161ednevnu uporabu<\/td>\n<\/tr>\n<tr>\n<td>Volumen teku\u0107ine<\/td>\n<td>30ml unaprijed napunjeno<\/td>\n<td>Veliki spremnik podr\u017eava duge sesije<\/td>\n<\/tr>\n<tr>\n<td>Tehnologija grija\u010da<\/td>\n<td>Dvostruka mre\u017easta zavojnica<\/td>\n<td>Jednoliko zagrijavanje za glatki vapor i bogat okus<\/td>\n<\/tr>\n<tr>\n<td>Baterija<\/td>\n<td>950mAh punjiva baterija<\/td>\n<td>Podr\u017eava ponovnu punjenje tijekom cijelog vijeka ure\u0111aja<\/td>\n<\/tr>\n<tr>\n<td>Punjenje<\/td>\n<td>brzo punjenje Type-C<\/td>\n<td>Brzo, moderno punjenje s EU-standardnim kabelima<\/td>\n<\/tr>\n<tr>\n<td>Zaslon<\/td>\n<td>Inteligentni pametni ekran<\/td>\n<td>Stanje baterije i e-teku\u0107ine u stvarnom vremenu<\/td>\n<\/tr>\n<tr>\n<td>Dizajn<\/td>\n<td>Kristalno stil tijela s Falcon logotipom<\/td>\n<td>Moderni izgled s \u010dvrstim osje\u0107ajem u ruci<\/td>\n<\/tr>\n<tr>\n<td>Opcije okusa<\/td>\n<td>Do 20 okusa<\/td>\n<td>Dostupni vo\u0107ni, ledeni i mije\u0161ani profili<\/td>\n<\/tr>\n<tr>\n<td>Pozicioniranje<\/td>\n<td>Maloprodaja i veleprodaja<\/td>\n<td>Prikladno za vape shop i veleprodaju<\/td>\n<\/tr>\n<\/tbody>\n<\/table>\n<figure id=\"attachment_4478\" aria-describedby=\"caption-attachment-4478\" style=\"width: 800px\" class=\"wp-caption alignnone\"><img decoding=\"async\" class=\"wp-image-4478 size-full\" src=\"https:\/\/vapestornado.com\/wp-content\/uploads\/2025\/10\/JNR-Falcon-Pro-28000-2-Nicotine-Disposable-Vapes.webp\" alt=\"JNR Falcon Pro 28000 2% nikotinske jednokratne vape\" width=\"800\" height=\"800\" srcset=\"https:\/\/vapestornado.com\/wp-content\/uploads\/2025\/10\/JNR-Falcon-Pro-28000-2-Nicotine-Disposable-Vapes.webp 800w, https:\/\/vapestornado.com\/wp-content\/uploads\/2025\/10\/JNR-Falcon-Pro-28000-2-Nicotine-Disposable-Vapes-300x300.webp 300w, https:\/\/vapestornado.com\/wp-content\/uploads\/2025\/10\/JNR-Falcon-Pro-28000-2-Nicotine-Disposable-Vapes-150x150.webp 150w, https:\/\/vapestornado.com\/wp-content\/uploads\/2025\/10\/JNR-Falcon-Pro-28000-2-Nicotine-Disposable-Vapes-768x768.webp 768w, https:\/\/vapestornado.com\/wp-content\/uploads\/2025\/10\/JNR-Falcon-Pro-28000-2-Nicotine-Disposable-Vapes-12x12.webp 12w, https:\/\/vapestornado.com\/wp-content\/uploads\/2025\/10\/JNR-Falcon-Pro-28000-2-Nicotine-Disposable-Vapes-600x600.webp 600w, https:\/\/vapestornado.com\/wp-content\/uploads\/2025\/10\/JNR-Falcon-Pro-28000-2-Nicotine-Disposable-Vapes-100x100.webp 100w\" sizes=\"(max-width: 800px) 100vw, 800px\" \/><figcaption id=\"caption-attachment-4478\" class=\"wp-caption-text\">JNR Falcon Pro 28000 2% nikotinske jednokratne vape<\/figcaption><\/figure>\n<h2 class=\"product-title\"><strong>JNR Falcon Pro 28k popis okusa jednokratnih vapea<\/strong><\/h2>\n<p>1 Jagoda Led<br \/>\n2 Vi\u0161nja Cola<br \/>\n3 Lubenica Led<br \/>\n4 Plavi Razz Vi\u0161nja<br \/>\n5 Jagoda Kiwi<br \/>\n6 Borovnica Riba Vi\u0161nja<br \/>\n7 Jagoda Lubenica Led<br \/>\n8 Kivi Lubenica Led<br \/>\n9 Mije\u0161ano bobi\u010dasto vo\u0107e<br \/>\n10 So\u010dne breskve<br \/>\n11 Plavi borovnica Led<br \/>\n12 Kiselina od borovnice i ribizla<br \/>\n13 Bijela breskva Razz<br \/>\n14 Mango Marakuja<br \/>\n15 Breskva Mango Lubenica<br \/>\n16 Lubenica \u017dvaka\u0107a guma<br \/>\n17 Jagoda Banana<br \/>\n18 Dvostruka jabuka<br \/>\n19 Kiwi Passion Guava<br \/>\n20 Tre\u0161nja Bobica<\/p>\n<div class=\"flex-shrink-0 flex flex-col relative items-end\">\n<div class=\"pt-0\">\n<div class=\"gizmo-bot-avatar flex h-8 w-8 items-center justify-center overflow-hidden rounded-full\">\n<div class=\"relative p-1 rounded-sm flex items-center justify-center bg-token-main-surface-primary text-token-text-primary h-8 w-8\">\n<h2 data-start=\"1200\" data-end=\"1487\">Vapes Tornado \u2013 Va\u0161a veleprodajna online trgovina za vrhunske vape marke<\/h2>\n<p data-start=\"1200\" data-end=\"1487\">Vapes Tornado Online du\u0107an za dim je va\u0161e pouzdano odredi\u0161te za <strong data-start=\"66\" data-end=\"94\">premium jednokratnih vapeova<\/strong> i <strong data-start=\"99\" data-end=\"125\">velika veleprodaja e-cigareta<\/strong> diljem Europe. Na skladi\u0161tu imamo popularne marke vapinga kao \u0161to su <a href=\"https:\/\/vapestornado.com\/hr\/product\/elf-bar-raya-d3-25000-puffs-best-disposable-vape-wholesale-in-uk\/\">Elf Bar Vape<\/a>, <strong data-start=\"175\" data-end=\"228\"><a href=\"https:\/\/vapestornado.com\/hr\/product\/fumot-randm-tornado-15000-puffs-rechargeable-disposable-vape-wholesale\/\">Fumot Vape<\/a>, <a href=\"https:\/\/vapestornado.com\/hr\/product\/waspe-150k-150000-puff-6-in-1-disposable-vape-pen-cartridge-best-wholesale-price-in-poland\/\">Waspe Vape<\/a>, Vozol Bar Vape, <a href=\"https:\/\/vapestornado.com\/hr\/product-category\/bang-vape\/\">Bum Vape<\/a><\/strong>, i mnoge druge\u2014nude\u0107i izuzetnu kvalitetu, raznolike opcije okusa i inovativne dizajne. Bilo da ste osobni korisnik ili kupac na veliko, <strong data-start=\"372\" data-end=\"389\">Vapes Tornado<\/strong> nudi ure\u0111aje visokih performansi, elegantne stilove i nenadma\u0161ne veleprodajne cijene koje \u0107e zadovoljiti va\u0161e potrebe za vapingom.<\/p>\n<h2 data-start=\"2064\" data-end=\"2115\"><\/h2>\n<h2 data-start=\"2064\" data-end=\"2115\">\u010cesto postavljana pitanja o JNR Falcon Pro 28k Vape Kutiji<\/h2>\n<h3 data-start=\"3123\" data-end=\"3203\">1. Koliko dugo traje jednokratni vaporizator JNR Falcon Pro 28K pri svakodnevnoj uporabi?<\/h3>\n<p data-start=\"3204\" data-end=\"3362\">S <strong data-start=\"3209\" data-end=\"3225\">28,000 dimova<\/strong> i <strong data-start=\"3232\" data-end=\"3245\">30ml spremnika<\/strong>, mnogi redovni korisnici pronalaze <strong data-start=\"3275\" data-end=\"3297\">JNR Falcon Pro 28K<\/strong> traje <strong data-start=\"3304\" data-end=\"3321\">nekoliko tjedana<\/strong>, ovisno o duljini i u\u010destalosti udisaja.<\/p>\n<h3 data-start=\"3369\" data-end=\"3461\">2. Koju prednost daje dvostruka mre\u017easta grija\u010da u JNR 28K punjivom jednokratnom ure\u0111aju?<\/h3>\n<p data-start=\"3462\" data-end=\"3614\">Ovo <strong data-start=\"3466\" data-end=\"3484\">dvostrukom mre\u017eastom zavojnicom<\/strong> zagrijava ravnomjernije od jednostrukih \u017ei\u010danih grija\u010da, poma\u017eu\u0107i da para ostane gusta i okus dosljedan tijekom cijelog vijeka trajanja ure\u0111aja.<\/p>\n<h3 data-start=\"3621\" data-end=\"3722\">3. Je li JNR Falcon Pro 28K sli\u010dniji E-cigaretama ili standardnim jednokratnim ure\u0111ajima u performansama?<\/h3>\n<p data-start=\"3723\" data-end=\"3861\">\u0160to se ti\u010de stabilnosti izlaza i kontrole, osje\u0107aj je sli\u010dniji kompaktnim <strong data-start=\"3792\" data-end=\"3812\">E-cigaretama modovima<\/strong>, ali bez grija\u010da za zamjenu ili spremnika za dopunjavanje.<\/p>\n<h3 data-start=\"3868\" data-end=\"3943\">4. Koliko je korisno pametni ekran na JNR Falcon Pro 28K Puff Baru?<\/h3>\n<p data-start=\"3944\" data-end=\"4092\">Ovo <strong data-start=\"3948\" data-end=\"3964\">pametni zaslon<\/strong> jasno prikazuje razine baterije i teku\u0107ine, omogu\u0107avaju\u0107i bolje planiranje punjenja i smanjenje neo\u010dekivanih prekida tijekom dana.<\/p>\n<h3 data-start=\"4099\" data-end=\"4232\">5. Je li JNR Falcon Pro 28K dobra opcija za vape shop ili veleprodajne kupce koji tra\u017ee alternative jeftinim cigaretama na veliko?<\/h3>\n<p data-start=\"4233\" data-end=\"4467\">Da. Za <strong data-start=\"4242\" data-end=\"4255\">du\u0107anu za vaping<\/strong> vlasnike i kupce na veliko, je <strong data-start=\"4284\" data-end=\"4306\">JNR Falcon Pro 28K<\/strong> nudi visok broj pufova, punjivu konstrukciju i vrhunske zna\u010dajke koje privla\u010de korisnike koji tra\u017ee dugotrajnu vrijednost izvan <strong data-start=\"4427\" data-end=\"4457\">Veleprodaja jeftinih cigareta<\/strong> proizvoda.<\/p>\n<\/div>\n<\/div>\n<\/div>\n<\/div>","protected":false},"excerpt":{"rendered":"<ul>\n<li data-start=\"2055\" data-end=\"2134\">\n<p data-start=\"2058\" data-end=\"2134\">Kupi JNR 28K Puff Bar Online \u2013 Dugotrajni punjivi jednokratni vape EU<\/p>\n<\/li>\n<li data-start=\"2055\" data-end=\"2134\">\n<p data-start=\"2058\" data-end=\"2134\">JNR Falcon 28000 Puffs Vape \u2013 Dual Mesh Coil Puff Bar po veleprodajnoj cijeni<\/p>\n<\/li>\n<\/ul>\n<p><strong>Dodajte Amy na WhatsApp za brzi odgovor i popust!<\/strong><\/p>\n<p><img fetchpriority=\"high\" decoding=\"async\" class=\"size-full wp-image-2932\" src=\"https:\/\/vapestornado.com\/wp-content\/uploads\/2024\/12\/Vape-Wholesale.jpg\" alt=\"Veleprodaja vejpova\" width=\"229\" height=\"300\" \/><\/p>\n<h3><a href=\"https:\/\/wa.me\/8617776015835\"><span style=\"color: #ff0000;\"><strong>WhatsApp: +86 17776015835<\/strong><\/span><\/a><\/h3>","protected":false},"featured_media":4477,"comment_status":"open","ping_status":"closed","template":"","meta":{"_acf_changed":false,"_uag_custom_page_level_css":"","_lmt_disableupdate":"no","_lmt_disable":"","_monsterinsights_skip_tracking":false,"_monsterinsights_sitenote_active":false,"_monsterinsights_sitenote_note":"","_monsterinsights_sitenote_category":0,"site-sidebar-layout":"default","site-content-layout":"","ast-site-content-layout":"default","site-content-style":"default","site-sidebar-style":"default","ast-global-header-display":"","ast-banner-title-visibility":"","ast-main-header-display":"","ast-hfb-above-header-display":"","ast-hfb-below-header-display":"","ast-hfb-mobile-header-display":"","site-post-title":"","ast-breadcrumbs-content":"","ast-featured-img":"","footer-sml-layout":"","ast-disable-related-posts":"","theme-transparent-header-meta":"default","adv-header-id-meta":"","stick-header-meta":"","header-above-stick-meta":"","header-main-stick-meta":"","header-below-stick-meta":"","astra-migrate-meta-layouts":"set","ast-page-background-enabled":"default","ast-page-background-meta":{"desktop":{"background-color":"","background-image":"","background-repeat":"repeat","background-position":"center center","background-size":"auto","background-attachment":"scroll","background-type":"","background-media":"","overlay-type":"","overlay-color":"","overlay-opacity":"","overlay-gradient":""},"tablet":{"background-color":"","background-image":"","background-repeat":"repeat","background-position":"center center","background-size":"auto","background-attachment":"scroll","background-type":"","background-media":"","overlay-type":"","overlay-color":"","overlay-opacity":"","overlay-gradient":""},"mobile":{"background-color":"","background-image":"","background-repeat":"repeat","background-position":"center center","background-size":"auto","background-attachment":"scroll","background-type":"","background-media":"","overlay-type":"","overlay-color":"","overlay-opacity":"","overlay-gradient":""}},"ast-content-background-meta":{"desktop":{"background-color":"var(--ast-global-color-5)","background-image":"","background-repeat":"repeat","background-position":"center center","background-size":"auto","background-attachment":"scroll","background-type":"","background-media":"","overlay-type":"","overlay-color":"","overlay-opacity":"","overlay-gradient":""},"tablet":{"background-color":"var(--ast-global-color-5)","background-image":"","background-repeat":"repeat","background-position":"center center","background-size":"auto","background-attachment":"scroll","background-type":"","background-media":"","overlay-type":"","overlay-color":"","overlay-opacity":"","overlay-gradient":""},"mobile":{"background-color":"var(--ast-global-color-5)","background-image":"","background-repeat":"repeat","background-position":"center center","background-size":"auto","background-attachment":"scroll","background-type":"","background-media":"","overlay-type":"","overlay-color":"","overlay-opacity":"","overlay-gradient":""}},"_joinchat":[]},"product_brand":[],"product_cat":[235,149,150,151,154,141,142,76,144],"product_tag":[403,406,411,412,410,390,397],"class_list":{"0":"post-4483","1":"product","2":"type-product","3":"status-publish","4":"has-post-thumbnail","6":"product_cat-28000-puff","7":"product_cat-buy-disposable-vapes-in-austria","8":"product_cat-buy-disposable-vapes-in-belgium","9":"product_cat-buy-disposable-vapes-in-france","10":"product_cat-buy-disposable-vapes-in-netherlands","11":"product_cat-crystal-disposable-vapes","12":"product_cat-digital-box-disposable-vapes","13":"product_cat-jnr-vape","14":"product_cat-low-nicotine-disposable-vapes","15":"product_tag-disposable-vape-box","16":"product_tag-disposable-vape-fast-shipping","17":"product_tag-jnr-28k","18":"product_tag-jnr-falcon-pro-280000","19":"product_tag-jnr-falcon-pro-28k","20":"product_tag-online-vape-shop","21":"product_tag-vapor","22":"desktop-align-left","23":"tablet-align-left","24":"mobile-align-left","26":"first","27":"instock","28":"sale","29":"shipping-taxable","30":"purchasable","31":"product-type-simple"},"acf":[],"uagb_featured_image_src":{"full":["https:\/\/vapestornado.com\/wp-content\/uploads\/2025\/10\/JNR-Falcon-Pro-28K-Puff-Dispsoable-Vape-Wholesale-Price.webp",800,800,false],"thumbnail":["https:\/\/vapestornado.com\/wp-content\/uploads\/2025\/10\/JNR-Falcon-Pro-28K-Puff-Dispsoable-Vape-Wholesale-Price-150x150.webp",150,150,true],"medium":["https:\/\/vapestornado.com\/wp-content\/uploads\/2025\/10\/JNR-Falcon-Pro-28K-Puff-Dispsoable-Vape-Wholesale-Price-300x300.webp",300,300,true],"medium_large":["https:\/\/vapestornado.com\/wp-content\/uploads\/2025\/10\/JNR-Falcon-Pro-28K-Puff-Dispsoable-Vape-Wholesale-Price-768x768.webp",768,768,true],"large":["https:\/\/vapestornado.com\/wp-content\/uploads\/2025\/10\/JNR-Falcon-Pro-28K-Puff-Dispsoable-Vape-Wholesale-Price.webp",800,800,false],"1536x1536":["https:\/\/vapestornado.com\/wp-content\/uploads\/2025\/10\/JNR-Falcon-Pro-28K-Puff-Dispsoable-Vape-Wholesale-Price.webp",800,800,false],"2048x2048":["https:\/\/vapestornado.com\/wp-content\/uploads\/2025\/10\/JNR-Falcon-Pro-28K-Puff-Dispsoable-Vape-Wholesale-Price.webp",800,800,false],"trp-custom-language-flag":["https:\/\/vapestornado.com\/wp-content\/uploads\/2025\/10\/JNR-Falcon-Pro-28K-Puff-Dispsoable-Vape-Wholesale-Price-12x12.webp",12,12,true],"woocommerce_thumbnail":["https:\/\/vapestornado.com\/wp-content\/uploads\/2025\/10\/JNR-Falcon-Pro-28K-Puff-Dispsoable-Vape-Wholesale-Price-300x300.webp",300,300,true],"woocommerce_single":["https:\/\/vapestornado.com\/wp-content\/uploads\/2025\/10\/JNR-Falcon-Pro-28K-Puff-Dispsoable-Vape-Wholesale-Price-600x600.webp",600,600,true],"woocommerce_gallery_thumbnail":["https:\/\/vapestornado.com\/wp-content\/uploads\/2025\/10\/JNR-Falcon-Pro-28K-Puff-Dispsoable-Vape-Wholesale-Price-100x100.webp",100,100,true]},"uagb_author_info":{"display_name":"ESAMY","author_link":"https:\/\/vapestornado.com\/hr\/author\/"},"uagb_comment_info":1,"uagb_excerpt":"Buy JNR 28K Puff Bar Online \u2013 Long-Lasting Rechargeable Disposable Vape EU JNR Falcon 28000 Puffs Vape \u2013 Dual Mesh Coil Puff Bar at Wholesale Price Add Amy's whatsapp to get right reply and discount price! WhatsApp: +86 17776015835","_links":{"self":[{"href":"https:\/\/vapestornado.com\/hr\/wp-json\/wp\/v2\/product\/4483","targetHints":{"allow":["GET"]}}],"collection":[{"href":"https:\/\/vapestornado.com\/hr\/wp-json\/wp\/v2\/product"}],"about":[{"href":"https:\/\/vapestornado.com\/hr\/wp-json\/wp\/v2\/types\/product"}],"replies":[{"embeddable":true,"href":"https:\/\/vapestornado.com\/hr\/wp-json\/wp\/v2\/comments?post=4483"}],"wp:featuredmedia":[{"embeddable":true,"href":"https:\/\/vapestornado.com\/hr\/wp-json\/wp\/v2\/media\/4477"}],"wp:attachment":[{"href":"https:\/\/vapestornado.com\/hr\/wp-json\/wp\/v2\/media?parent=4483"}],"wp:term":[{"taxonomy":"product_brand","embeddable":true,"href":"https:\/\/vapestornado.com\/hr\/wp-json\/wp\/v2\/product_brand?post=4483"},{"taxonomy":"product_cat","embeddable":true,"href":"https:\/\/vapestornado.com\/hr\/wp-json\/wp\/v2\/product_cat?post=4483"},{"taxonomy":"product_tag","embeddable":true,"href":"https:\/\/vapestornado.com\/hr\/wp-json\/wp\/v2\/product_tag?post=4483"}],"curies":[{"name":"wp","href":"https:\/\/api.w.org\/{rel}","templated":true}]}}