{"id":4438,"date":"2025-10-20T04:17:46","date_gmt":"2025-10-20T04:17:46","guid":{"rendered":"https:\/\/vapestornado.com\/?post_type=product&#038;p=4438"},"modified":"2025-12-12T09:51:23","modified_gmt":"2025-12-12T09:51:23","slug":"bang-legend-120000-120k-puff-5-in-1-flavor-switch-disposable-vape","status":"publish","type":"product","link":"https:\/\/vapestornado.com\/hr\/product\/bang-legend-120000-120k-puff-5-in-1-flavor-switch-disposable-vape\/","title":{"rendered":"Bang Legend 120000 120K Udisaja, 5 u 1 Okus Prebacivanje Jednokratni Vape"},"content":{"rendered":"<h2 data-pm-slice=\"1 1 []\">Bang Legend 120000 Jednokratna e-cigareta \u2014 Bang Legend 120k 5-u-1 Prebacivanje okusa i 120.000 udisaja<\/h2>\n<p data-start=\"1107\" data-end=\"1364\"><strong data-start=\"103\" data-end=\"125\">Bang Legend 120000<\/strong> je ure\u0111aj visokog kapaciteta <strong data-start=\"145\" data-end=\"160\">E-cigareta<\/strong> dizajnirana za korisnike koji \u017eele jedno ure\u0111aj za cijeli mjesec (i vi\u0161e), bez da ostaju zarobljeni na jednom okusu. Ona pru\u017ea do <strong data-start=\"301\" data-end=\"318\">120.000 udisaja<\/strong> i dodaje <strong data-start=\"330\" data-end=\"355\">5-u-1 prebacivanje okusa<\/strong> tako da mo\u017eete odmah mijenjati izme\u0111u pet mje\u0161avina. A <strong data-start=\"407\" data-end=\"427\">mre\u017ena zavojnica<\/strong> dr\u017ei paru gustom i okus sna\u017enim, dok <strong data-start=\"473\" data-end=\"495\">podesivi protok zraka<\/strong> omogu\u0107ava prelazak izme\u0111u \u010dvr\u0161\u0107e MTL vu\u010de i punije, prozra\u010dnije vu\u010de. The <strong data-start=\"568\" data-end=\"599\">podi\u017ee prakti\u010dnost na vi\u0161u razinu, pru\u017eaju\u0107i informacije u stvarnom vremenu o trajanju baterije i preostalim razinama e-teku\u0107ine kako biste mogli bezbri\u017eno u\u017eivati.<\/strong> i <strong data-start=\"604\" data-end=\"625\">LED pametni zaslon<\/strong> ostaje prakti\u010dno: brzo punjenje, pra\u0107enje baterije i teku\u0107ine, i nastavak rada.<\/p>\n<h3 data-start=\"1136\" data-end=\"1187\">Istaknuti performansi (SEO bogat, usmjeren na korisnika)<\/h3>\n<ul data-start=\"1189\" data-end=\"2704\">\n<li data-start=\"1189\" data-end=\"1518\">\n<p data-start=\"1191\" data-end=\"1518\"><strong data-start=\"1191\" data-end=\"1235\">120K izdr\u017eljivosti za te\u0161ke rutine.<\/strong> Ovo <strong data-start=\"1240\" data-end=\"1285\">Bang Legend 120000 jednokratna e-cigareta<\/strong> namijenjena je korisnicima koji prebrzo tro\u0161e standardne jednokratne ure\u0111aje. U <strong data-start=\"1358\" data-end=\"1403\">Hrvatskoj, Sloveniji, Bosni i Hercegovini, Srbiji i Crnoj Gori<\/strong>, ure\u0111aji u ovoj klasi pobje\u0111uju jer smanjuju ponovnu kupnju i olak\u0161avaju svakodnevno no\u0161enje\u2014jedan ure\u0111aj, dugi vijek trajanja.<\/p>\n<\/li>\n<li data-start=\"1520\" data-end=\"1834\">\n<p data-start=\"1522\" data-end=\"1834\"><strong data-start=\"1522\" data-end=\"1566\">5 okusa sprje\u010dava \u201cumor od istog okusa\u201d.<\/strong> Ovo <strong data-start=\"1571\" data-end=\"1613\">Bang Legend 120k 5-u-1 prebacivanje okusa<\/strong> rje\u0161ava glavni nedostatak ultra-visokih udisajnih ure\u0111aja: dosadu. Mijenjanje okusa u sekundi odr\u017eava ure\u0111aj zabavnim tijekom du\u017ee uporabe, \u0161to pobolj\u0161ava stvarne stope zavr\u0161etka u usporedbi s jednokorisni\u010dkim visokoudisajnim trakama.<\/p>\n<\/li>\n<li data-start=\"1836\" data-end=\"2060\">\n<p data-start=\"1838\" data-end=\"2060\"><strong data-start=\"1838\" data-end=\"1887\">Performanse mre\u017ene zavojnice ostaju guste i glatke.<\/strong> Ovo <strong data-start=\"1892\" data-end=\"1912\">mre\u017ena zavojnica<\/strong> ravnomjerno \u0161iri toplinu, podr\u017eavaju\u0107i gustu paru i sna\u017ean prijenos okusa bez grubih, suhih povla\u010denja koja se mogu pojaviti kasno u \u017eivotnom vijeku ure\u0111aja.<\/p>\n<\/li>\n<li data-start=\"2062\" data-end=\"2358\">\n<p data-start=\"2064\" data-end=\"2358\"><strong data-start=\"2064\" data-end=\"2111\">Prilagodljivi protok zraka za MTL ili punije udisaje.<\/strong> Kontrola protoka zraka omogu\u0107ava zatezanje povla\u010denja za osje\u0107aj poput cigarete ili otvaranje za otvorenije udisanje. Ta fleksibilnost poma\u017ee biv\u0161im pu\u0161a\u010dima i iskusnim vaperima koristiti isti ure\u0111aj u razli\u010ditim situacijama\u2014pauze na poslu, putovanja ili no\u0107ni izlazak.<\/p>\n<\/li>\n<li data-start=\"2360\" data-end=\"2704\">\n<p data-start=\"2362\" data-end=\"2704\"><strong data-start=\"2362\" data-end=\"2414\">Vrijednost spremna za veleprodaju po jeftinoj cijeni po udisaju.<\/strong> Za bilo \u0161to <strong data-start=\"2423\" data-end=\"2447\">Veleprodava\u010d cigareta<\/strong> ili maloprodajni kupac koji uspore\u0111uje opcije velike kapacitete, <strong data-start=\"2501\" data-end=\"2523\">Bang Legend 120000<\/strong> je lako pozicionirati: masovni broj udisaja, vi\u0161estruki prijenosi okusa, pametni zaslon i mogu\u0107nost punjenja\u2014zna\u010dajke koje opravdavaju ponovnu potra\u017enju dok istovremeno odr\u017eavaju atraktivnu cijenu po udisaju.<\/p>\n<\/li>\n<\/ul>\n<p><strong><span style=\"color: #ff0000;\">Dodajte Amy na WhatsApp za brzi odgovor i kupon za vape!<\/span><\/strong><\/p>\n<p><img fetchpriority=\"high\" decoding=\"async\" class=\"size-full wp-image-2932\" src=\"https:\/\/vapestornado.com\/wp-content\/uploads\/2024\/12\/Vape-Wholesale.jpg\" alt=\"Veleprodaja vejpova\" width=\"229\" height=\"300\" \/><\/p>\n<h3><a href=\"https:\/\/wa.me\/8617776015835\" target=\"_blank\" rel=\"noopener\"><span style=\"color: #ff0000;\"><strong>WhatsApp: +86 17776015835<\/strong><\/span><\/a><\/h3>\n<p>&nbsp;<\/p>\n<h2><strong>Bang Legend 120000 Puf 5 u 1 Istaknute Zna\u010dajke Proizvoda<\/strong><\/h2>\n<table>\n<thead>\n<tr>\n<th>Zna\u010dajka<\/th>\n<th>specifikacija<\/th>\n<th>detalji<\/th>\n<\/tr>\n<\/thead>\n<tbody>\n<tr>\n<td>Naziv proizvoda<\/td>\n<td>Bang Legend 120000 \/ Bang Legend 120k<\/td>\n<td>Jedinstvena zamjenjiva e-cigareta s 5 okusa<\/td>\n<\/tr>\n<tr>\n<td>Kapacitet Udisaja<\/td>\n<td>Do 120.000 udisaja<\/td>\n<td>Ultra dugi vijek trajanja za te\u0161ke ili \u010desto korisnike<\/td>\n<\/tr>\n<tr>\n<td>Sustav okusa<\/td>\n<td>5-u-1 prebacivanje okusa<\/td>\n<td>Pet unaprijed u\u010ditanih okusa u jednom ure\u0111aju, trenutni prijenosi<\/td>\n<\/tr>\n<tr>\n<td>Vrsta zavojnice<\/td>\n<td>Mesh grija\u010d<\/td>\n<td>Jednoliko zagrijavanje za gustu paru i sna\u017ean okus<\/td>\n<\/tr>\n<tr>\n<td>Punjenje<\/td>\n<td>Type-C punjiv<\/td>\n<td>Brzi nadopuni za odr\u017eavanje ure\u0111aja uporabljivim tijekom cijelog \u017eivotnog vijeka<\/td>\n<\/tr>\n<tr>\n<td>Protok zraka<\/td>\n<td>Podesivi protok zraka<\/td>\n<td>Pode\u0161avanje povla\u010denja od u\u017eeg MTL do otvorenijeg udisaja<\/td>\n<\/tr>\n<tr>\n<td>Zaslon<\/td>\n<td>Pametni LED zaslon<\/td>\n<td>Jasno prikazuje razinu baterije i e-teku\u0107ine<\/td>\n<\/tr>\n<tr>\n<td>Pozicioniranje<\/td>\n<td>Maloprodaja + veleprodaja<\/td>\n<td>Dizajnirano za kategoriju visokoproizvodnih switch vape ure\u0111aja i veleprodajne narud\u017ebe<\/td>\n<\/tr>\n<\/tbody>\n<\/table>\n<figure id=\"attachment_4437\" aria-describedby=\"caption-attachment-4437\" style=\"width: 300px\" class=\"wp-caption alignnone\"><img decoding=\"async\" class=\"size-medium wp-image-4437\" src=\"https:\/\/vapestornado.com\/wp-content\/uploads\/2025\/10\/Newest-Bang-Legend-120K-Puff-5-In-1-Flavor-Switch-Vape-Cheap-Price-300x300.webp\" alt=\"Najnoviji Bang Legend 120K Puf 5 u 1 Okus Prebacivanje Vape Jeftina Cijena\" width=\"300\" height=\"300\" srcset=\"https:\/\/vapestornado.com\/wp-content\/uploads\/2025\/10\/Newest-Bang-Legend-120K-Puff-5-In-1-Flavor-Switch-Vape-Cheap-Price-300x300.webp 300w, https:\/\/vapestornado.com\/wp-content\/uploads\/2025\/10\/Newest-Bang-Legend-120K-Puff-5-In-1-Flavor-Switch-Vape-Cheap-Price-150x150.webp 150w, https:\/\/vapestornado.com\/wp-content\/uploads\/2025\/10\/Newest-Bang-Legend-120K-Puff-5-In-1-Flavor-Switch-Vape-Cheap-Price-768x768.webp 768w, https:\/\/vapestornado.com\/wp-content\/uploads\/2025\/10\/Newest-Bang-Legend-120K-Puff-5-In-1-Flavor-Switch-Vape-Cheap-Price-12x12.webp 12w, https:\/\/vapestornado.com\/wp-content\/uploads\/2025\/10\/Newest-Bang-Legend-120K-Puff-5-In-1-Flavor-Switch-Vape-Cheap-Price-600x600.webp 600w, https:\/\/vapestornado.com\/wp-content\/uploads\/2025\/10\/Newest-Bang-Legend-120K-Puff-5-In-1-Flavor-Switch-Vape-Cheap-Price-100x100.webp 100w, https:\/\/vapestornado.com\/wp-content\/uploads\/2025\/10\/Newest-Bang-Legend-120K-Puff-5-In-1-Flavor-Switch-Vape-Cheap-Price.webp 800w\" sizes=\"(max-width: 300px) 100vw, 300px\" \/><figcaption id=\"caption-attachment-4437\" class=\"wp-caption-text\">Najnoviji Bang Legend 120K Puf 5 u 1 Okus Prebacivanje Vape Jeftina Cijena<\/figcaption><\/figure>\n<figure id=\"attachment_4435\" aria-describedby=\"caption-attachment-4435\" style=\"width: 300px\" class=\"wp-caption alignnone\"><img decoding=\"async\" class=\"size-medium wp-image-4435\" src=\"https:\/\/vapestornado.com\/wp-content\/uploads\/2025\/10\/Bang-Legend-120000-Puff-120k-Disposable-Pod-300x300.webp\" alt=\"Bang Legend 120000 Puf 120k Jednokratni Pod\" width=\"300\" height=\"300\" srcset=\"https:\/\/vapestornado.com\/wp-content\/uploads\/2025\/10\/Bang-Legend-120000-Puff-120k-Disposable-Pod-300x300.webp 300w, https:\/\/vapestornado.com\/wp-content\/uploads\/2025\/10\/Bang-Legend-120000-Puff-120k-Disposable-Pod-150x150.webp 150w, https:\/\/vapestornado.com\/wp-content\/uploads\/2025\/10\/Bang-Legend-120000-Puff-120k-Disposable-Pod-768x768.webp 768w, https:\/\/vapestornado.com\/wp-content\/uploads\/2025\/10\/Bang-Legend-120000-Puff-120k-Disposable-Pod-12x12.webp 12w, https:\/\/vapestornado.com\/wp-content\/uploads\/2025\/10\/Bang-Legend-120000-Puff-120k-Disposable-Pod-600x600.webp 600w, https:\/\/vapestornado.com\/wp-content\/uploads\/2025\/10\/Bang-Legend-120000-Puff-120k-Disposable-Pod-100x100.webp 100w, https:\/\/vapestornado.com\/wp-content\/uploads\/2025\/10\/Bang-Legend-120000-Puff-120k-Disposable-Pod.webp 800w\" sizes=\"(max-width: 300px) 100vw, 300px\" \/><figcaption id=\"caption-attachment-4435\" class=\"wp-caption-text\">Bang Legend 120000 Puf 120k Jednokratni Pod<\/figcaption><\/figure>\n<h2 class=\"product-title\"><strong>Bang Legend 120000 Puf 5 u 1 Popis Okusa<\/strong><\/h2>\n<p>1. Energetsko Pi\u0107e \/ Borovnica Vi\u0161nja \/Jabuka Gro\u017e\u0111e \/ Lubenica Zmajeva Vo\u0107ka \/ Mamba<\/p>\n<p>2. Energetsko Pi\u0107e \/ Breskva Led \/ Mango Led \/ Goji Bobice \/ Crni Ribizl<\/p>\n<p>3. Borovnica Malina \/ Breskva Mango Lubenica \/ Vi\u0161nja Koka \/ Gro\u017e\u0111e Crni Ribizl Led \/ Mango Breskva Aprikot.<\/p>\n<p>4.Plava borovnica Malina\/Crni zmaj Led \/Duga\u0107a slatki\u0161 \/Fuji Led \/Lubenica Kisele breskve<\/p>\n<p>5.Plava borovnica Led\/Kivi Pasijefruk Guava\/Tri lubenice\/Breskva Ananas \/Strastveni poljubac<\/p>\n<p>6.Plava borovnica Led\/Lubenica \u017dvaka\u0107a guma\/Kisela jabuka malina \/Lotus vo\u0107e Mango lubenica\/Strastveni vo\u0107e Kivi Limeta<\/p>\n<p>7.Lubenica Led\/Mije\u0161ano bobi\u010dasto vo\u0107e\/Jabuka kru\u0161ka\/Plava borovnica Mint\/Ljetno vrijeme<\/p>\n<p>8.Lubenica Led\/Jagoda Mango\/Kalifornijska tre\u0161nja\/Plava borovnica breskva Led\/Berry Cool<\/p>\n<p>9.Jagoda lubenica\/Gro\u017e\u0111e Led\/Crveni Mojito\/Banana Led\/Limun Limeta<\/p>\n<p>10.Jagoda lubenica\/Kantalupa Jabuka\/Cola Led\/Mango breskva\/Ljubav 66<\/p>\n<p>11.Jagoda Kivi \/Jagoda Banana\/Li\u010dijeva Led\/Lubenica bobi\u010dasto vo\u0107e \/Strastveno vo\u0107e Mango<\/p>\n<p>12.Jagoda Kivi\/Plava borovnica lubenica\/Medvje\u0111a fudge\/Plava borovnica \u017dvaka\u0107a guma\/Kisela mango ananas<\/p>\n<p>&nbsp;<\/p>\n<div class=\"flex-shrink-0 flex flex-col relative items-end\">\n<div class=\"pt-0\">\n<div class=\"gizmo-bot-avatar flex h-8 w-8 items-center justify-center overflow-hidden rounded-full\">\n<div class=\"relative p-1 rounded-sm flex items-center justify-center bg-token-main-surface-primary text-token-text-primary h-8 w-8\">\n<h2 data-start=\"1200\" data-end=\"1487\">Vapes Tornado \u2013 Va\u0161a veleprodajna online trgovina za vrhunske vape marke<\/h2>\n<p data-start=\"1200\" data-end=\"1487\"><strong data-start=\"141\" data-end=\"177\">Vapes Tornado Online du\u0107an za dim<\/strong> va\u0161 pouzdani izvor za <strong data-start=\"205\" data-end=\"270\">premium jednokratne vape i veleprodajne e-cigarete u Europi<\/strong>. Isti\u010demo najbolje prodavane marke poput <strong data-start=\"307\" data-end=\"362\"><a href=\"https:\/\/vapestornado.com\/hr\/product\/randm-12000-puffs-fumot-digital-disposable-vape-wholesale-price\/\">Fumot VAPE<\/a>, <a href=\"https:\/\/vapestornado.com\/hr\/product\/waspe-150k-150000-puff-6-in-1-disposable-vape-pen-cartridge-best-wholesale-price-in-poland\/\">WASPE VAPE<\/a>, <\/strong><strong data-start=\"307\" data-end=\"362\"><a href=\"https:\/\/vapestornado.com\/hr\/product\/vozol-gear-shisha-25k-25000-puffs-best-dtl-disposable-vape-hookah-cheap-price\/\">VOZOL BAR VAPE<\/a>, \u00a0 Bang Vape<\/strong>, i vi\u0161e, osiguravaju\u0107i kvalitetu i raznolikost za svakog kupca. Bilo da ste pojedina\u010dni vaper ili veleprodajni kupac, dostavljamo <strong data-start=\"481\" data-end=\"550\">visokou\u010dinkovite ure\u0111aje, moderne dizajne i konkurentne cijene<\/strong> za va\u0161e potrebe.<\/p>\n<h2 data-start=\"2064\" data-end=\"2115\">\u010cesto postavljana pitanja o Bang Legend 120000 Pufer prekida\u010d za vaping<\/h2>\n<ol data-start=\"3569\" data-end=\"4841\">\n<li data-start=\"3569\" data-end=\"3838\">\n<p data-start=\"3572\" data-end=\"3838\"><strong data-start=\"3572\" data-end=\"3675\">Kako Bang Legend 120000 5-u-1 switch okusa jednokratni vape ostaje ugodan tijekom dugotrajne uporabe?<\/strong><br data-start=\"3675\" data-end=\"3678\" \/>Pet ugra\u0111enih okusa sprje\u010dava monotoniju. Mije\u0161anje okusa odr\u017eava svje\u017einu okusa, \u0161to je klju\u010dno na ure\u0111aju dizajniranom da traje znatno du\u017ee od tipi\u010dnih jednokratnih ure\u0111aja.<\/p>\n<\/li>\n<li data-start=\"3840\" data-end=\"4081\">\n<p data-start=\"3843\" data-end=\"4081\"><strong data-start=\"3843\" data-end=\"3943\">Poma\u017ee li mesh grija\u010d Bang Legend 120k odr\u017eavati gusto\u0107u pare pri velikom broju udisaja?<\/strong><br data-start=\"3943\" data-end=\"3946\" \/>Da. Mesh grija\u010di ravnomjernije raspore\u0111uju toplinu od osnovnih \u017ei\u010danih grija\u010da, podr\u017eavaju\u0107i glatku paru i stabilan okus tijekom dugotrajne uporabe.<\/p>\n<\/li>\n<li data-start=\"4083\" data-end=\"4341\">\n<p data-start=\"4086\" data-end=\"4341\"><strong data-start=\"4086\" data-end=\"4190\">Koja je prakti\u010dna prednost podesivog protoka zraka na jednokratnoj elektroni\u010dkoj cigareti Bang Legend 120000?<\/strong><br data-start=\"4190\" data-end=\"4193\" \/>Omogu\u0107ava vam da stegnete povla\u010denje za cigaretni stil ili ga otvorite za punije udisanje, tako da ure\u0111aj odgovara razli\u010ditim rutinama bez dodatne opreme.<\/p>\n<\/li>\n<li data-start=\"4343\" data-end=\"4562\">\n<p data-start=\"4346\" data-end=\"4562\"><strong data-start=\"4346\" data-end=\"4433\">Je li potrebna Type-C mogu\u0107nost punjenja na ure\u0111aju s 120.000 udisaja poput Bang Legend 120k?<\/strong><br data-start=\"4433\" data-end=\"4436\" \/>Apsolutno. Mogu\u0107nost punjenja sprje\u010dava rano odlaganje zbog slabije baterije, poma\u017eu\u0107i ure\u0111aju da isporu\u010di svoj puni o\u010dekivani vijek trajanja.<\/p>\n<\/li>\n<li data-start=\"4564\" data-end=\"4841\">\n<p data-start=\"4567\" data-end=\"4841\"><strong data-start=\"4567\" data-end=\"4674\">Za\u0161to kupci veleprodaje cigareta ocjenjuju Bang Legend 120000 kao sna\u017enu jeftinu opciju po udisaju?<\/strong><br data-start=\"4674\" data-end=\"4677\" \/>Zbog vrlo visokog broja udisaja, vi\u0161estrukog prebacivanja okusa i dizajna s mogu\u0107no\u0161\u0107u punjenja, tro\u0161ak po udisaju je konkurentan, dok skup zna\u010dajki odr\u017eava visoku potra\u017enju potro\u0161a\u010da.<\/p>\n<\/li>\n<\/ol>\n<\/div>\n<\/div>\n<\/div>\n<\/div>","protected":false},"excerpt":{"rendered":"<div class=\"flex flex-col text-sm @w-xl\/main:pt-header-height pb-25\">\n<article class=\"text-token-text-primary w-full focus:outline-none [--shadow-height:45px] has-data-writing-block:pointer-events-none has-data-writing-block:-mt-(--shadow-height) has-data-writing-block:pt-(--shadow-height) [&amp;:has([data-writing-block])&gt;*]:pointer-events-auto scroll-mt-[calc(var(--header-height)+min(200px,max(70px,20svh)))]\" dir=\"auto\" tabindex=\"-1\" data-turn-id=\"1216eed0-d089-4251-926f-eb67c4e27f78\" data-testid=\"conversation-turn-54\" data-scroll-anchor=\"true\" data-turn=\"assistant\">\n<div class=\"text-base my-auto mx-auto pb-10 [--thread-content-margin:--spacing(4)] @w-sm\/main:[--thread-content-margin:--spacing(6)] @w-lg\/main:[--thread-content-margin:--spacing(16)] px-(--thread-content-margin)\">\n<div class=\"[--thread-content-max-width:40rem] @w-lg\/main:[--thread-content-max-width:48rem] mx-auto max-w-(--thread-content-max-width) flex-1 group\/turn-messages focus-visible:outline-hidden relative flex w-full min-w-0 flex-col agent-turn\" tabindex=\"-1\">\n<div class=\"flex max-w-full flex-col grow\">\n<div class=\"min-h-8 text-message relative flex w-full flex-col items-end gap-2 text-start break-words whitespace-normal [.text-message+&amp;]:mt-1\" dir=\"auto\" data-message-author-role=\"assistant\" data-message-id=\"d248b401-75f3-45e9-8935-fcbc0a13d11e\" data-message-model-slug=\"gpt-5-2-thinking\">\n<div class=\"flex w-full flex-col gap-1 empty:hidden first:pt-[1px]\">\n<div class=\"markdown prose dark:prose-invert w-full break-words light markdown-new-styling\">\n<p data-start=\"4871\" data-end=\"5142\" data-is-last-node=\"\" data-is-only-node=\"\">Bang Legend 120000 (Bang Legend 120k) disposable E-cigarette with 120,000 puffs, 5-in-1 flavour switch, mesh coil engine, adjustable airflow, Type-C recharge and LED smart display. Wholesale-friendly cheap price per puff option for Cigarette wholesaler and EU vape shops.<\/p>\n<\/div>\n<\/div>\n<\/div>\n<\/div>\n<\/div>\n<\/div>\n<\/article>\n<\/div>\n<p><strong>Dodajte Amy na WhatsApp za brzi odgovor i popust!<\/strong><\/p>\n<p><img fetchpriority=\"high\" decoding=\"async\" class=\"size-full wp-image-2932\" src=\"https:\/\/vapestornado.com\/wp-content\/uploads\/2024\/12\/Vape-Wholesale.jpg\" alt=\"Veleprodaja vejpova\" width=\"229\" height=\"300\" \/><\/p>\n<h3><a href=\"https:\/\/wa.me\/8617776015835\"><span style=\"color: #ff0000;\"><strong>WhatsApp: +86 17776015835<\/strong><\/span><\/a><\/h3>","protected":false},"featured_media":4432,"comment_status":"open","ping_status":"closed","template":"","meta":{"_acf_changed":false,"_uag_custom_page_level_css":"","_lmt_disableupdate":"no","_lmt_disable":"","_monsterinsights_skip_tracking":false,"_monsterinsights_sitenote_active":false,"_monsterinsights_sitenote_note":"","_monsterinsights_sitenote_category":0,"site-sidebar-layout":"default","site-content-layout":"","ast-site-content-layout":"default","site-content-style":"default","site-sidebar-style":"default","ast-global-header-display":"","ast-banner-title-visibility":"","ast-main-header-display":"","ast-hfb-above-header-display":"","ast-hfb-below-header-display":"","ast-hfb-mobile-header-display":"","site-post-title":"","ast-breadcrumbs-content":"","ast-featured-img":"","footer-sml-layout":"","ast-disable-related-posts":"","theme-transparent-header-meta":"default","adv-header-id-meta":"","stick-header-meta":"","header-above-stick-meta":"","header-main-stick-meta":"","header-below-stick-meta":"","astra-migrate-meta-layouts":"set","ast-page-background-enabled":"default","ast-page-background-meta":{"desktop":{"background-color":"","background-image":"","background-repeat":"repeat","background-position":"center center","background-size":"auto","background-attachment":"scroll","background-type":"","background-media":"","overlay-type":"","overlay-color":"","overlay-opacity":"","overlay-gradient":""},"tablet":{"background-color":"","background-image":"","background-repeat":"repeat","background-position":"center center","background-size":"auto","background-attachment":"scroll","background-type":"","background-media":"","overlay-type":"","overlay-color":"","overlay-opacity":"","overlay-gradient":""},"mobile":{"background-color":"","background-image":"","background-repeat":"repeat","background-position":"center center","background-size":"auto","background-attachment":"scroll","background-type":"","background-media":"","overlay-type":"","overlay-color":"","overlay-opacity":"","overlay-gradient":""}},"ast-content-background-meta":{"desktop":{"background-color":"var(--ast-global-color-5)","background-image":"","background-repeat":"repeat","background-position":"center center","background-size":"auto","background-attachment":"scroll","background-type":"","background-media":"","overlay-type":"","overlay-color":"","overlay-opacity":"","overlay-gradient":""},"tablet":{"background-color":"var(--ast-global-color-5)","background-image":"","background-repeat":"repeat","background-position":"center center","background-size":"auto","background-attachment":"scroll","background-type":"","background-media":"","overlay-type":"","overlay-color":"","overlay-opacity":"","overlay-gradient":""},"mobile":{"background-color":"var(--ast-global-color-5)","background-image":"","background-repeat":"repeat","background-position":"center center","background-size":"auto","background-attachment":"scroll","background-type":"","background-media":"","overlay-type":"","overlay-color":"","overlay-opacity":"","overlay-gradient":""}},"_joinchat":[]},"product_brand":[],"product_cat":[347,62,152,156,142,357,146],"product_tag":[398,399,396,368,390,393,386,397],"class_list":{"0":"post-4438","1":"product","2":"type-product","3":"status-publish","4":"has-post-thumbnail","6":"product_cat-120000-puff","7":"product_cat-bang-vape","8":"product_cat-buy-disposable-vapes-in-cermany","9":"product_cat-buy-disposable-vapes-in-poland","10":"product_cat-digital-box-disposable-vapes","11":"product_cat-flavor-adjustable-vape","12":"product_cat-rechargeable-disposable-vapes","13":"product_tag-bang-legend-120000","14":"product_tag-bang-legend-120k","15":"product_tag-disposable-cigarette","16":"product_tag-disposable-vapor","17":"product_tag-online-vape-shop","18":"product_tag-vape-cartridge","19":"product_tag-vape-pen","20":"product_tag-vapor","21":"desktop-align-left","22":"tablet-align-left","23":"mobile-align-left","25":"first","26":"instock","27":"sale","28":"shipping-taxable","29":"purchasable","30":"product-type-simple"},"acf":[],"uagb_featured_image_src":{"full":["https:\/\/vapestornado.com\/wp-content\/uploads\/2025\/10\/BANG-LEGEND-120K-Puffs-Screen-Disposable-Vape.webp",800,800,false],"thumbnail":["https:\/\/vapestornado.com\/wp-content\/uploads\/2025\/10\/BANG-LEGEND-120K-Puffs-Screen-Disposable-Vape-150x150.webp",150,150,true],"medium":["https:\/\/vapestornado.com\/wp-content\/uploads\/2025\/10\/BANG-LEGEND-120K-Puffs-Screen-Disposable-Vape-300x300.webp",300,300,true],"medium_large":["https:\/\/vapestornado.com\/wp-content\/uploads\/2025\/10\/BANG-LEGEND-120K-Puffs-Screen-Disposable-Vape-768x768.webp",768,768,true],"large":["https:\/\/vapestornado.com\/wp-content\/uploads\/2025\/10\/BANG-LEGEND-120K-Puffs-Screen-Disposable-Vape.webp",800,800,false],"1536x1536":["https:\/\/vapestornado.com\/wp-content\/uploads\/2025\/10\/BANG-LEGEND-120K-Puffs-Screen-Disposable-Vape.webp",800,800,false],"2048x2048":["https:\/\/vapestornado.com\/wp-content\/uploads\/2025\/10\/BANG-LEGEND-120K-Puffs-Screen-Disposable-Vape.webp",800,800,false],"trp-custom-language-flag":["https:\/\/vapestornado.com\/wp-content\/uploads\/2025\/10\/BANG-LEGEND-120K-Puffs-Screen-Disposable-Vape-12x12.webp",12,12,true],"woocommerce_thumbnail":["https:\/\/vapestornado.com\/wp-content\/uploads\/2025\/10\/BANG-LEGEND-120K-Puffs-Screen-Disposable-Vape-300x300.webp",300,300,true],"woocommerce_single":["https:\/\/vapestornado.com\/wp-content\/uploads\/2025\/10\/BANG-LEGEND-120K-Puffs-Screen-Disposable-Vape-600x600.webp",600,600,true],"woocommerce_gallery_thumbnail":["https:\/\/vapestornado.com\/wp-content\/uploads\/2025\/10\/BANG-LEGEND-120K-Puffs-Screen-Disposable-Vape-100x100.webp",100,100,true]},"uagb_author_info":{"display_name":"ESAMY","author_link":"https:\/\/vapestornado.com\/hr\/author\/"},"uagb_comment_info":0,"uagb_excerpt":"Bang Legend 120000 (Bang Legend 120k) disposable E-cigarette with 120,000 puffs, 5-in-1 flavour switch, mesh coil engine, adjustable airflow, Type-C recharge and LED smart display. Wholesale-friendly cheap price per puff option for Cigarette wholesaler and EU vape shops. Add Amy's whatsapp to get right reply and discount price! WhatsApp: +86 17776015835","_links":{"self":[{"href":"https:\/\/vapestornado.com\/hr\/wp-json\/wp\/v2\/product\/4438","targetHints":{"allow":["GET"]}}],"collection":[{"href":"https:\/\/vapestornado.com\/hr\/wp-json\/wp\/v2\/product"}],"about":[{"href":"https:\/\/vapestornado.com\/hr\/wp-json\/wp\/v2\/types\/product"}],"replies":[{"embeddable":true,"href":"https:\/\/vapestornado.com\/hr\/wp-json\/wp\/v2\/comments?post=4438"}],"wp:featuredmedia":[{"embeddable":true,"href":"https:\/\/vapestornado.com\/hr\/wp-json\/wp\/v2\/media\/4432"}],"wp:attachment":[{"href":"https:\/\/vapestornado.com\/hr\/wp-json\/wp\/v2\/media?parent=4438"}],"wp:term":[{"taxonomy":"product_brand","embeddable":true,"href":"https:\/\/vapestornado.com\/hr\/wp-json\/wp\/v2\/product_brand?post=4438"},{"taxonomy":"product_cat","embeddable":true,"href":"https:\/\/vapestornado.com\/hr\/wp-json\/wp\/v2\/product_cat?post=4438"},{"taxonomy":"product_tag","embeddable":true,"href":"https:\/\/vapestornado.com\/hr\/wp-json\/wp\/v2\/product_tag?post=4438"}],"curies":[{"name":"wp","href":"https:\/\/api.w.org\/{rel}","templated":true}]}}