{"id":4430,"date":"2025-10-15T09:50:23","date_gmt":"2025-10-15T09:50:23","guid":{"rendered":"https:\/\/vapestornado.com\/?post_type=product&#038;p=4430"},"modified":"2025-10-31T09:51:16","modified_gmt":"2025-10-31T09:51:16","slug":"fihp-120k-6-in1-multi-flavors-120000-puff-disposable-vape-pen-cheap-price","status":"publish","type":"product","link":"https:\/\/vapestornado.com\/hr\/product\/fihp-120k-6-in1-multi-flavors-120000-puff-disposable-vape-pen-cheap-price\/","title":{"rendered":"FIHP 120K 6 u 1 Vi\u0161e Okusa 120000 Udisaja Jednokratni Vape Olovka Jeftina Cijena"},"content":{"rendered":"<h2 data-pm-slice=\"1 1 []\">FIHP 120K 6-u-1 vi\u0161estruki okusi 120000 udisaja jednokratna vape olovka \u2014 Najbolji jeftini vape ure\u0111aji u Europi<\/h2>\n<p data-start=\"104\" data-end=\"592\">Ovo <strong data-start=\"108\" data-end=\"146\">FIHP 120K udisaja jednokratna vape olovka<\/strong> je dizajniran za one koji \u017eele ogromnu snagu, bogat okus i pravu raznolikost u jednom elegantnom dizajnu. Pru\u017ea nevjerojatno <strong data-start=\"272\" data-end=\"288\">120000 udisaja<\/strong>, ovaj <strong data-start=\"295\" data-end=\"315\">FIHP 120000 udisaja<\/strong> ure\u0111aj dolazi unaprijed napunjen s <strong data-start=\"344\" data-end=\"372\">64mL vrhunskog e-teku\u0107ine<\/strong> i <strong data-start=\"379\" data-end=\"416\">6-u-1 sustav za prebacivanje okusa<\/strong>, pru\u017eaju\u0107i korisnicima \u0161est \u017eivopisnih opcija okusa u jednom vape ure\u0111aju. Idealni je izbor za hrvatske veletrgovce i mlade vape korisnike koji tra\u017ee <strong data-start=\"543\" data-end=\"558\">jeftinim vape ure\u0111ajima<\/strong> koji nikada ne pristaju na kompromis u kvaliteti.<\/p>\n<p data-start=\"594\" data-end=\"1161\">Pokre\u0107e ga <strong data-start=\"607\" data-end=\"638\">650mAh punjiva baterija<\/strong> i opremljen s <strong data-start=\"657\" data-end=\"681\">Type-C brzo punjenje<\/strong>, onda je <strong data-start=\"687\" data-end=\"714\">FIHP 120k udisaja vape olovka<\/strong> osigurava neprekidno vape iskustvo tijekom cijelog dana. <strong data-start=\"757\" data-end=\"775\">dvostrukom mre\u017eastom zavojnicom<\/strong> pru\u017ea gusti dim i sna\u017ean okus od prvog do zadnjeg udisaja, dok <strong data-start=\"860\" data-end=\"881\">pametni LED zaslon<\/strong> prikazuje razinu baterije i e-teku\u0107ine u stvarnom vremenu. S <strong data-start=\"932\" data-end=\"970\">2% i 5% opcijama ja\u010dine nikotina<\/strong>, ovaj ure\u0111aj savr\u0161eno balansira performanse, zadovoljstvo i pristupa\u010dnost \u2014 \u010dine\u0107i ga jednim od <strong data-start=\"1071\" data-end=\"1084\">najboljih vape ure\u0111aja<\/strong> opcije za povremene korisnike i trgovce koji \u017eele pove\u0107ati profitne mar\u017ee.<\/p>\n<p data-start=\"1163\" data-end=\"1524\">Stilski, izdr\u017eljiv i prepun zna\u010dajki, <strong data-start=\"1211\" data-end=\"1251\">FIHP 120K 6-u-1 Jednokratna Vape Olovka<\/strong> preoblikuje pojam jednokratnog ure\u0111aja velike kapacitete. Bilo za osobno u\u017eivanje ili veleprodajnu opskrbu, ovaj vape pru\u017ea snagu, okus i vrijednost koju zahtijeva europska vape zajednica. Dostupno sada po najboljoj veleprodajnoj cijeni preko Vapestornado<strong data-start=\"1493\" data-end=\"1523\">\u00a0online vape trgovini<\/strong>.<\/p>\n<p><strong><span style=\"color: #ff0000;\">Dodajte Amy na WhatsApp za brzi odgovor i kupon za vape!<\/span><\/strong><\/p>\n<p><img fetchpriority=\"high\" decoding=\"async\" class=\"size-full wp-image-2932\" src=\"https:\/\/vapestornado.com\/wp-content\/uploads\/2024\/12\/Vape-Wholesale.jpg\" alt=\"Veleprodaja vejpova\" width=\"229\" height=\"300\" \/><\/p>\n<h3><a href=\"https:\/\/wa.me\/8617776015835\" target=\"_blank\" rel=\"noopener\"><span style=\"color: #ff0000;\"><strong>WhatsApp: +86 17776015835<\/strong><\/span><\/a><\/h3>\n<p>&nbsp;<\/p>\n<h2><strong>FIHP 120K Puff 6 u 1 Zna\u010dajke proizvoda<\/strong><\/h2>\n<ul>\n<li data-start=\"1555\" data-end=\"1630\">\n<p data-start=\"1557\" data-end=\"1630\"><strong data-start=\"1557\" data-end=\"1574\">120000 Pufova:<\/strong> Dugotrajna izvedba za dosljedno zadovoljstvo.<\/p>\n<\/li>\n<li data-start=\"1631\" data-end=\"1728\">\n<p data-start=\"1633\" data-end=\"1728\"><strong data-start=\"1633\" data-end=\"1658\">6-u-1 Sustav Okusa:<\/strong> Trenutno prebacivanje izme\u0111u \u0161est unaprijed napunjenih okusa za neprekidnu raznolikost.<\/p>\n<\/li>\n<li data-start=\"1729\" data-end=\"1799\">\n<p data-start=\"1731\" data-end=\"1799\"><strong data-start=\"1731\" data-end=\"1758\">Kapacitet E-teku\u0107ine 64mL:<\/strong> Izuzetno veliki spremnik osigurava tjedne kori\u0161tenja.<\/p>\n<\/li>\n<li data-start=\"1800\" data-end=\"1885\">\n<p data-start=\"1802\" data-end=\"1885\"><strong data-start=\"1802\" data-end=\"1834\">Punjiva baterija od 650 mAh:<\/strong> Kompaktan i u\u010dinkovit s Type-C brzopunjenjem.<\/p>\n<\/li>\n<li data-start=\"1886\" data-end=\"1974\">\n<p data-start=\"1888\" data-end=\"1974\"><strong data-start=\"1888\" data-end=\"1914\">Dizajn s Dvostrukom Mre\u017eicom:<\/strong> Pove\u0107ana gusto\u0107a pare i autenti\u010dna isporuka okusa.<\/p>\n<\/li>\n<li data-start=\"1975\" data-end=\"2050\">\n<p data-start=\"1977\" data-end=\"2050\"><strong data-start=\"1977\" data-end=\"1999\">Pametni LED zaslon:<\/strong> Pra\u0107enje u stvarnom vremenu razine snage i teku\u0107ine.<\/p>\n<\/li>\n<li data-start=\"2051\" data-end=\"2125\">\n<p data-start=\"2053\" data-end=\"2125\"><strong data-start=\"2053\" data-end=\"2073\">Opcije Nikotina:<\/strong> Dostupno u 2% i 5% za fleksibilne potrebe vapeanja.<\/p>\n<\/li>\n<\/ul>\n<figure id=\"attachment_4429\" aria-describedby=\"caption-attachment-4429\" style=\"width: 300px\" class=\"wp-caption alignnone\"><img decoding=\"async\" class=\"size-medium wp-image-4429\" src=\"https:\/\/vapestornado.com\/wp-content\/uploads\/2025\/10\/Newest-FIHP-120000-120k-Puffs-Dispsable-Vape-Kit-300x300.webp\" alt=\"Najnoviji FIHP 120000 120k Pufova Jednokratni Vape Kit\" width=\"300\" height=\"300\" srcset=\"https:\/\/vapestornado.com\/wp-content\/uploads\/2025\/10\/Newest-FIHP-120000-120k-Puffs-Dispsable-Vape-Kit-300x300.webp 300w, https:\/\/vapestornado.com\/wp-content\/uploads\/2025\/10\/Newest-FIHP-120000-120k-Puffs-Dispsable-Vape-Kit-150x150.webp 150w, https:\/\/vapestornado.com\/wp-content\/uploads\/2025\/10\/Newest-FIHP-120000-120k-Puffs-Dispsable-Vape-Kit-768x768.webp 768w, https:\/\/vapestornado.com\/wp-content\/uploads\/2025\/10\/Newest-FIHP-120000-120k-Puffs-Dispsable-Vape-Kit-12x12.webp 12w, https:\/\/vapestornado.com\/wp-content\/uploads\/2025\/10\/Newest-FIHP-120000-120k-Puffs-Dispsable-Vape-Kit-600x600.webp 600w, https:\/\/vapestornado.com\/wp-content\/uploads\/2025\/10\/Newest-FIHP-120000-120k-Puffs-Dispsable-Vape-Kit-100x100.webp 100w, https:\/\/vapestornado.com\/wp-content\/uploads\/2025\/10\/Newest-FIHP-120000-120k-Puffs-Dispsable-Vape-Kit.webp 800w\" sizes=\"(max-width: 300px) 100vw, 300px\" \/><figcaption id=\"caption-attachment-4429\" class=\"wp-caption-text\">Najnoviji FIHP 120000 120k Pufova Jednokratni Vape Kit<\/figcaption><\/figure>\n<h2 class=\"product-title\"><strong>FIHP 120K 120000 Pufova 6 u 1 Popis Okusa<\/strong><\/h2>\n<p data-start=\"2550\" data-end=\"2736\">1. Lubenica Led &amp; Red Bull &amp; Jagoda Kivi &amp; Borovnica Led &amp; Limun Limeta &amp; Jagoda Lubenica<br \/>\n2. Jagoda Banana &amp; Dvostruka Jabuka &amp; Malina Lubenica &amp; Kiseli Mango Ananas &amp; Tropsko Vo\u0107e &amp; Limun Breskva<br \/>\n3. Ananas Kokos &amp; Plavi Malina &amp; Mije\u0161ano Bobi\u010dasto Vo\u0107e &amp; Mango Breskva &amp; Borovnica Malina &amp; Jagoda Vanilija Kola<br \/>\n4. Breskva Bobica &amp; Trostruka Dinja &amp; Gro\u017e\u0111e Led &amp; Crni Zmaj Led &amp; Gazirana Tre\u0161nja Led &amp; Gumeni Medvjedi\u0107<br \/>\n5. Dugin Bombon &amp; Tre\u0161nja Kola Led &amp; Ljubav 666 &amp; Mango Led &amp; Borovnica \u0160e\u0107erna Vata &amp; Breskva Led<br \/>\n6. Aloe Li\u010di Led &amp; Rozi Limun &amp; Gle\u010derski Led &amp; Borova Iglasta Menta &amp; Crna Ribes Led &amp; Lubenica Limun<\/p>\n<div class=\"flex-shrink-0 flex flex-col relative items-end\">\n<div class=\"pt-0\">\n<div class=\"gizmo-bot-avatar flex h-8 w-8 items-center justify-center overflow-hidden rounded-full\">\n<div class=\"relative p-1 rounded-sm flex items-center justify-center bg-token-main-surface-primary text-token-text-primary h-8 w-8\">\n<h2 data-start=\"1200\" data-end=\"1487\">Vapes Tornado \u2013 Va\u0161a veleprodajna online trgovina za vrhunske vape marke<\/h2>\n<p data-start=\"1200\" data-end=\"1487\"><strong data-start=\"141\" data-end=\"177\">Vapes Tornado Online du\u0107an za dim<\/strong> va\u0161 pouzdani izvor za <strong data-start=\"205\" data-end=\"270\">premium jednokratne vape i veleprodajne e-cigarete u Europi<\/strong>. Isti\u010demo najbolje prodavane marke poput <strong data-start=\"307\" data-end=\"362\"><a href=\"https:\/\/vapestornado.com\/hr\/product\/randm-12000-puffs-fumot-digital-disposable-vape-wholesale-price\/\">Fumot VAPE<\/a>, <a href=\"https:\/\/vapestornado.com\/hr\/product\/waspe-150k-150000-puff-6-in-1-disposable-vape-pen-cartridge-best-wholesale-price-in-poland\/\">WASPE VAPE<\/a>, <\/strong><strong data-start=\"307\" data-end=\"362\"><a href=\"https:\/\/vapestornado.com\/hr\/product\/vozol-gear-shisha-25k-25000-puffs-best-dtl-disposable-vape-hookah-cheap-price\/\">VOZOL BAR VAPE<\/a>, \u00a0 Bang Vape<\/strong>, i vi\u0161e, osiguravaju\u0107i kvalitetu i raznolikost za svakog kupca. Bilo da ste pojedina\u010dni vaper ili veleprodajni kupac, dostavljamo <strong data-start=\"481\" data-end=\"550\">visokou\u010dinkovite ure\u0111aje, moderne dizajne i konkurentne cijene<\/strong> za va\u0161e potrebe.<\/p>\n<h2 data-start=\"2064\" data-end=\"2115\">\u010cesta pitanja o FIHP 120K Puff jednokratnoj e-cigareti<\/h2>\n<p data-start=\"2159\" data-end=\"2318\"><strong data-start=\"2159\" data-end=\"2233\">1. Koliko okusa nudi FIHP 120K Puff jednokratna e-cigareta?<\/strong><br data-start=\"2233\" data-end=\"2236\" \/>Ima 6-u-1 sustav, omogu\u0107uju\u0107i korisnicima u\u017eivanje u \u0161est jedinstvenih okusa u jednom ure\u0111aju.<\/p>\n<p data-start=\"2320\" data-end=\"2445\"><strong data-start=\"2320\" data-end=\"2369\">2. Je li FIHP 120000 Puff e-cigareta punjiva?<\/strong><br data-start=\"2369\" data-end=\"2372\" \/>Da, uklju\u010duje punjivu bateriju od 650mAh s brzom Type-C naplatom.<\/p>\n<p data-start=\"2447\" data-end=\"2577\"><strong data-start=\"2447\" data-end=\"2511\">3. Koje razine nikotina su dostupne za FIHP 120k Puff?<\/strong><br data-start=\"2511\" data-end=\"2514\" \/>Mo\u017eete birati izme\u0111u 2% i 5%, ovisno o va\u0161im \u017eeljama.<\/p>\n<p data-start=\"2579\" data-end=\"2743\"><strong data-start=\"2579\" data-end=\"2646\">4. Za\u0161to se FIHP 120K smatra jednim od najboljih jeftinih vape ure\u0111aja?<\/strong><br data-start=\"2646\" data-end=\"2649\" \/>Nudi \u0161est okusa, 120000 udisaja i kvalitetu dvostruke mre\u017easte zavojnice po vrlo konkurentnoj cijeni.<\/p>\n<p data-start=\"2745\" data-end=\"2917\"><strong data-start=\"2745\" data-end=\"2813\">5. Gdje mogu kupiti FIHP 120000 Puff jednokratni vape na veliko?<\/strong><br data-start=\"2813\" data-end=\"2816\" \/>Najbolje veleprodajne ponude dostupne su u <strong data-start=\"2858\" data-end=\"2888\">Vapes Tornado online du\u0107an za vaporizatore<\/strong>, kojoj vjeruju distributeri u Hrvatskoj.<\/p>\n<\/div>\n<\/div>\n<\/div>\n<\/div>","protected":false},"excerpt":{"rendered":"<p data-start=\"3204\" data-end=\"3282\">FIHP 120K 6-u-1 120000 udisaja jednokratna vape olovka | Jeftini vape ure\u0111aji za veleprodaju<\/p>\n<p data-start=\"3286\" data-end=\"3358\">Kupite FIHP 120000 udisaja vape olovku | Najbolji 6-u-1 jednokratni vape ure\u0111aji u Europi<\/p>\n<p data-start=\"3362\" data-end=\"3446\">FIHP 120K udisaja jednokratni vape \u2013 Veliki kapacitet, vi\u0161estruki okusi, najbolja veleprodajna cijena<\/p>\n<p><strong>Dodajte Amy na WhatsApp za brzi odgovor i popust!<\/strong><\/p>\n<p><img fetchpriority=\"high\" decoding=\"async\" class=\"size-full wp-image-2932\" src=\"https:\/\/vapestornado.com\/wp-content\/uploads\/2024\/12\/Vape-Wholesale.jpg\" alt=\"Veleprodaja vejpova\" width=\"229\" height=\"300\" \/><\/p>\n<h3><a href=\"https:\/\/wa.me\/8617776015835\"><span style=\"color: #ff0000;\"><strong>WhatsApp: +86 17776015835<\/strong><\/span><\/a><\/h3>","protected":false},"featured_media":4428,"comment_status":"open","ping_status":"closed","template":"","meta":{"_acf_changed":false,"_uag_custom_page_level_css":"","_lmt_disableupdate":"no","_lmt_disable":"","_monsterinsights_skip_tracking":false,"_monsterinsights_sitenote_active":false,"_monsterinsights_sitenote_note":"","_monsterinsights_sitenote_category":0,"site-sidebar-layout":"default","site-content-layout":"","ast-site-content-layout":"default","site-content-style":"default","site-sidebar-style":"default","ast-global-header-display":"","ast-banner-title-visibility":"","ast-main-header-display":"","ast-hfb-above-header-display":"","ast-hfb-below-header-display":"","ast-hfb-mobile-header-display":"","site-post-title":"","ast-breadcrumbs-content":"","ast-featured-img":"","footer-sml-layout":"","ast-disable-related-posts":"","theme-transparent-header-meta":"default","adv-header-id-meta":"","stick-header-meta":"","header-above-stick-meta":"","header-main-stick-meta":"","header-below-stick-meta":"","astra-migrate-meta-layouts":"set","ast-page-background-enabled":"default","ast-page-background-meta":{"desktop":{"background-color":"","background-image":"","background-repeat":"repeat","background-position":"center center","background-size":"auto","background-attachment":"scroll","background-type":"","background-media":"","overlay-type":"","overlay-color":"","overlay-opacity":"","overlay-gradient":""},"tablet":{"background-color":"","background-image":"","background-repeat":"repeat","background-position":"center center","background-size":"auto","background-attachment":"scroll","background-type":"","background-media":"","overlay-type":"","overlay-color":"","overlay-opacity":"","overlay-gradient":""},"mobile":{"background-color":"","background-image":"","background-repeat":"repeat","background-position":"center center","background-size":"auto","background-attachment":"scroll","background-type":"","background-media":"","overlay-type":"","overlay-color":"","overlay-opacity":"","overlay-gradient":""}},"ast-content-background-meta":{"desktop":{"background-color":"var(--ast-global-color-5)","background-image":"","background-repeat":"repeat","background-position":"center center","background-size":"auto","background-attachment":"scroll","background-type":"","background-media":"","overlay-type":"","overlay-color":"","overlay-opacity":"","overlay-gradient":""},"tablet":{"background-color":"var(--ast-global-color-5)","background-image":"","background-repeat":"repeat","background-position":"center center","background-size":"auto","background-attachment":"scroll","background-type":"","background-media":"","overlay-type":"","overlay-color":"","overlay-opacity":"","overlay-gradient":""},"mobile":{"background-color":"var(--ast-global-color-5)","background-image":"","background-repeat":"repeat","background-position":"center center","background-size":"auto","background-attachment":"scroll","background-type":"","background-media":"","overlay-type":"","overlay-color":"","overlay-opacity":"","overlay-gradient":""}},"_joinchat":[]},"product_brand":[],"product_cat":[347,154,142,144,146,60],"product_tag":[387,287,368,388,395,390,393,386],"class_list":{"0":"post-4430","1":"product","2":"type-product","3":"status-publish","4":"has-post-thumbnail","6":"product_cat-120000-puff","7":"product_cat-buy-disposable-vapes-in-netherlands","8":"product_cat-digital-box-disposable-vapes","9":"product_cat-low-nicotine-disposable-vapes","10":"product_cat-rechargeable-disposable-vapes","11":"product_cat-waspe-fihp-vape","12":"product_tag-cigarette-vapor","13":"product_tag-disposable-vape-pen","14":"product_tag-disposable-vapor","15":"product_tag-e-vape","16":"product_tag-fihp-120k","17":"product_tag-online-vape-shop","18":"product_tag-vape-cartridge","19":"product_tag-vape-pen","20":"desktop-align-left","21":"tablet-align-left","22":"mobile-align-left","24":"first","25":"instock","26":"sale","27":"shipping-taxable","28":"purchasable","29":"product-type-simple"},"acf":[],"uagb_featured_image_src":{"full":["https:\/\/vapestornado.com\/wp-content\/uploads\/2025\/10\/FIHP-Multi-120000-puffs-Original-Disposable-Vape.webp",800,800,false],"thumbnail":["https:\/\/vapestornado.com\/wp-content\/uploads\/2025\/10\/FIHP-Multi-120000-puffs-Original-Disposable-Vape-150x150.webp",150,150,true],"medium":["https:\/\/vapestornado.com\/wp-content\/uploads\/2025\/10\/FIHP-Multi-120000-puffs-Original-Disposable-Vape-300x300.webp",300,300,true],"medium_large":["https:\/\/vapestornado.com\/wp-content\/uploads\/2025\/10\/FIHP-Multi-120000-puffs-Original-Disposable-Vape-768x768.webp",768,768,true],"large":["https:\/\/vapestornado.com\/wp-content\/uploads\/2025\/10\/FIHP-Multi-120000-puffs-Original-Disposable-Vape.webp",800,800,false],"1536x1536":["https:\/\/vapestornado.com\/wp-content\/uploads\/2025\/10\/FIHP-Multi-120000-puffs-Original-Disposable-Vape.webp",800,800,false],"2048x2048":["https:\/\/vapestornado.com\/wp-content\/uploads\/2025\/10\/FIHP-Multi-120000-puffs-Original-Disposable-Vape.webp",800,800,false],"trp-custom-language-flag":["https:\/\/vapestornado.com\/wp-content\/uploads\/2025\/10\/FIHP-Multi-120000-puffs-Original-Disposable-Vape-12x12.webp",12,12,true],"woocommerce_thumbnail":["https:\/\/vapestornado.com\/wp-content\/uploads\/2025\/10\/FIHP-Multi-120000-puffs-Original-Disposable-Vape-300x300.webp",300,300,true],"woocommerce_single":["https:\/\/vapestornado.com\/wp-content\/uploads\/2025\/10\/FIHP-Multi-120000-puffs-Original-Disposable-Vape-600x600.webp",600,600,true],"woocommerce_gallery_thumbnail":["https:\/\/vapestornado.com\/wp-content\/uploads\/2025\/10\/FIHP-Multi-120000-puffs-Original-Disposable-Vape-100x100.webp",100,100,true]},"uagb_author_info":{"display_name":"ESAMY","author_link":"https:\/\/vapestornado.com\/hr\/author\/"},"uagb_comment_info":1,"uagb_excerpt":"FIHP 120K 6-in-1 120000 Puff Disposable Vape Pen | Cheap Vapes for Wholesale Buy FIHP 120000 Puff Vape Pen | Best 6-in-1 Disposable Vapes in Europe FIHP 120K Puff Disposable Vape \u2013 Big Capacity, Multi Flavors, Best Wholesale Price Add Amy's whatsapp to get right reply and discount price! WhatsApp: +86 17776015835","_links":{"self":[{"href":"https:\/\/vapestornado.com\/hr\/wp-json\/wp\/v2\/product\/4430","targetHints":{"allow":["GET"]}}],"collection":[{"href":"https:\/\/vapestornado.com\/hr\/wp-json\/wp\/v2\/product"}],"about":[{"href":"https:\/\/vapestornado.com\/hr\/wp-json\/wp\/v2\/types\/product"}],"replies":[{"embeddable":true,"href":"https:\/\/vapestornado.com\/hr\/wp-json\/wp\/v2\/comments?post=4430"}],"wp:featuredmedia":[{"embeddable":true,"href":"https:\/\/vapestornado.com\/hr\/wp-json\/wp\/v2\/media\/4428"}],"wp:attachment":[{"href":"https:\/\/vapestornado.com\/hr\/wp-json\/wp\/v2\/media?parent=4430"}],"wp:term":[{"taxonomy":"product_brand","embeddable":true,"href":"https:\/\/vapestornado.com\/hr\/wp-json\/wp\/v2\/product_brand?post=4430"},{"taxonomy":"product_cat","embeddable":true,"href":"https:\/\/vapestornado.com\/hr\/wp-json\/wp\/v2\/product_cat?post=4430"},{"taxonomy":"product_tag","embeddable":true,"href":"https:\/\/vapestornado.com\/hr\/wp-json\/wp\/v2\/product_tag?post=4430"}],"curies":[{"name":"wp","href":"https:\/\/api.w.org\/{rel}","templated":true}]}}