{"id":4410,"date":"2025-10-02T03:56:17","date_gmt":"2025-10-02T03:56:17","guid":{"rendered":"https:\/\/vapestornado.com\/?post_type=product&#038;p=4410"},"modified":"2025-09-30T08:04:32","modified_gmt":"2025-09-30T08:04:32","slug":"aivono-fatmax-50k-puff-smart-screen-disposable-e-shisha-hookah-bar","status":"publish","type":"product","link":"https:\/\/vapestornado.com\/hr\/product\/aivono-fatmax-50k-puff-smart-screen-disposable-e-shisha-hookah-bar\/","title":{"rendered":"AIVONO FATMAX 50K Puf Pametni Ekran za Jednokratnu E Shisha Nargila Bar"},"content":{"rendered":"<h2 data-pm-slice=\"1 1 []\">AIVONO FATMAX 50K Jednokratna shisha hookah bar \u2013 Pametna zaslonska E Shisha<\/h2>\n<p data-start=\"242\" data-end=\"546\">Ovo <strong data-start=\"246\" data-end=\"267\">AIVONO FATMAX 50K<\/strong> je sljede\u0107a razina <strong data-start=\"284\" data-end=\"309\">elektroni\u010dka shisha bar<\/strong> dizajniran za dugotrajnu izvedbu i odva\u017ean okus. Svaki ure\u0111aj je unaprijed napunjen s <strong data-start=\"679\" data-end=\"707\">30mL vrhunske e-teku\u0107ine<\/strong>, pru\u017eaju\u0107i do <strong data-start=\"726\" data-end=\"749\">50.000 glatkih pufova<\/strong>\u2014savr\u0161eno za dugotrajnu uporabu bez \u010destih zamjena. Izra\u0111en s precizno in\u017eenjerskom tehnologijom mre\u017easte zavojnice,, \u00a0ova <strong data-start=\"452\" data-end=\"480\">jednokratna shisha hookah<\/strong> nudi glatki vapor, bogat okus i dosljedno zadovoljstvo.<\/p>\n<p data-start=\"548\" data-end=\"851\">Njegova <strong data-start=\"552\" data-end=\"609\">800mAh punjiva baterija s Type-C brzim punjenjem<\/strong> osigurava pouzdane sesije. Za razliku od obi\u010dnih jednokratnih vapea, FATMAX 50K dolazi s <strong data-start=\"1144\" data-end=\"1169\">jasnim digitalnim prikazom<\/strong> koji prikazuje <strong data-start=\"1181\" data-end=\"1233\">stanje e-teku\u0107ine u stvarnom vremenu i postotak baterije<\/strong>, sprje\u010davaju\u0107i suhe udare i naga\u0111anja. \u00a0Dostupno u <strong data-start=\"744\" data-end=\"785\">0%, 2%, 3% i 5% ja\u010dinama nikotina<\/strong>, FATMAX 50K zadovoljava \u0161irok spektar korisnika\u2014od onih koji preferiraju <strong data-start=\"1673\" data-end=\"1703\">nic-free iskustvo \u0161ishe<\/strong> do vapera koji \u017eele <strong data-start=\"1725\" data-end=\"1746\">jak osje\u0107aj u grlu<\/strong>.<\/p>\n<p data-start=\"853\" data-end=\"1034\">Kompaktan, ali sna\u017ean, <strong data-start=\"879\" data-end=\"909\">AIVONO FATMAX 50K e \u0161isha<\/strong> je <strong data-start=\"917\" data-end=\"947\">najbolji jednokratni \u0161ej\u0161 bar<\/strong> za veleprodaje i mlade potro\u0161a\u010de koji tra\u017ee stil, izdr\u017eljivost i prakti\u010dnost.<\/p>\n<p><strong><span style=\"color: #ff0000;\">Dodajte Amy na WhatsApp za brzi odgovor i kupon za vape!<\/span><\/strong><\/p>\n<p><img fetchpriority=\"high\" decoding=\"async\" class=\"size-full wp-image-2932\" src=\"https:\/\/vapestornado.com\/wp-content\/uploads\/2024\/12\/Vape-Wholesale.jpg\" alt=\"Veleprodaja vejpova\" width=\"229\" height=\"300\" \/><\/p>\n<h3><a href=\"https:\/\/wa.me\/8617776015835\" target=\"_blank\" rel=\"noopener\"><span style=\"color: #ff0000;\"><strong>WhatsApp: +86 17776015835<\/strong><\/span><\/a><\/h3>\n<p>&nbsp;<\/p>\n<h2><strong>AIVONO FATMAX 50K zna\u010dajke proizvoda za pu\u0161enje<\/strong><\/h2>\n<ul>\n<li data-start=\"1069\" data-end=\"1112\">\n<p data-start=\"1071\" data-end=\"1112\">Do <strong data-start=\"1077\" data-end=\"1093\">50.000 uvla\u010denja<\/strong> s tankom od 30mL<\/p>\n<\/li>\n<li data-start=\"1113\" data-end=\"1169\">\n<p data-start=\"1115\" data-end=\"1169\"><strong data-start=\"1115\" data-end=\"1133\">0,6\u03a9 mre\u017easta zavojnica<\/strong> za glatke oblake i punu aromu<\/p>\n<\/li>\n<li data-start=\"1170\" data-end=\"1229\">\n<p data-start=\"1172\" data-end=\"1229\"><strong data-start=\"1172\" data-end=\"1193\">Pametni LED zaslon<\/strong> za nadzor baterije i e-teku\u0107ine<\/p>\n<\/li>\n<li data-start=\"1230\" data-end=\"1287\">\n<p data-start=\"1232\" data-end=\"1287\"><strong data-start=\"1232\" data-end=\"1270\">800mAh Type-C punjiva baterija<\/strong> za dulju uporabu<\/p>\n<\/li>\n<li data-start=\"1288\" data-end=\"1340\">\n<p data-start=\"1290\" data-end=\"1340\">Fleksibilnost nikotina: <strong data-start=\"1312\" data-end=\"1330\">0%, 2%, 3%, 5%<\/strong> opcijama<\/p>\n<\/li>\n<li data-start=\"1341\" data-end=\"1405\">\n<p data-start=\"1343\" data-end=\"1405\">Direktno u plu\u0107a (DTL) udisanje za iskustvo sli\u010dno \u0161ishi<\/p>\n<\/li>\n<\/ul>\n<figure id=\"attachment_4400\" aria-describedby=\"caption-attachment-4400\" style=\"width: 800px\" class=\"wp-caption alignnone\"><img decoding=\"async\" class=\"wp-image-4400 size-full\" src=\"https:\/\/vapestornado.com\/wp-content\/uploads\/2025\/09\/Aivono-50000-Puff-50k-Disposable-E-Shisha-Hookah.webp\" alt=\"Aivono 50000 Udisaja 50k jednokratna e \u0161isha \u0161ej\u0161\" width=\"800\" height=\"800\" srcset=\"https:\/\/vapestornado.com\/wp-content\/uploads\/2025\/09\/Aivono-50000-Puff-50k-Disposable-E-Shisha-Hookah.webp 800w, https:\/\/vapestornado.com\/wp-content\/uploads\/2025\/09\/Aivono-50000-Puff-50k-Disposable-E-Shisha-Hookah-300x300.webp 300w, https:\/\/vapestornado.com\/wp-content\/uploads\/2025\/09\/Aivono-50000-Puff-50k-Disposable-E-Shisha-Hookah-150x150.webp 150w, https:\/\/vapestornado.com\/wp-content\/uploads\/2025\/09\/Aivono-50000-Puff-50k-Disposable-E-Shisha-Hookah-768x768.webp 768w, https:\/\/vapestornado.com\/wp-content\/uploads\/2025\/09\/Aivono-50000-Puff-50k-Disposable-E-Shisha-Hookah-12x12.webp 12w, https:\/\/vapestornado.com\/wp-content\/uploads\/2025\/09\/Aivono-50000-Puff-50k-Disposable-E-Shisha-Hookah-600x600.webp 600w, https:\/\/vapestornado.com\/wp-content\/uploads\/2025\/09\/Aivono-50000-Puff-50k-Disposable-E-Shisha-Hookah-100x100.webp 100w\" sizes=\"(max-width: 800px) 100vw, 800px\" \/><figcaption id=\"caption-attachment-4400\" class=\"wp-caption-text\">Aivono 50000 Udisaja 50k jednokratna e \u0161isha \u0161ej\u0161<\/figcaption><\/figure>\n<h2 class=\"product-title\"><strong>AIVONO FATMAX 50000 Udisaja Popis okusa<\/strong><\/h2>\n<p data-start=\"2550\" data-end=\"2736\">1. Tre\u0161nja Raspberries<\/p>\n<p data-start=\"2550\" data-end=\"2736\">2. Dva Jablika<\/p>\n<p data-start=\"2550\" data-end=\"2736\">3. Nana od gro\u017e\u0111a<\/p>\n<p data-start=\"2550\" data-end=\"2736\">4. Borovnica Guma<\/p>\n<p data-start=\"2550\" data-end=\"2736\">5. Ljubav 66<\/p>\n<p data-start=\"2550\" data-end=\"2736\">6. Jasni San<\/p>\n<p data-start=\"2550\" data-end=\"2736\">7. Bujna Led<\/p>\n<p data-start=\"2550\" data-end=\"2736\">8. Breskva Led<\/p>\n<p data-start=\"2550\" data-end=\"2736\">9. Bobi\u010dasto Vo\u0107e Led<\/p>\n<p data-start=\"2550\" data-end=\"2736\">10. Jagoda Punch<\/p>\n<div class=\"flex-shrink-0 flex flex-col relative items-end\">\n<div class=\"pt-0\">\n<div class=\"gizmo-bot-avatar flex h-8 w-8 items-center justify-center overflow-hidden rounded-full\">\n<div class=\"relative p-1 rounded-sm flex items-center justify-center bg-token-main-surface-primary text-token-text-primary h-8 w-8\">\n<h2 data-start=\"1200\" data-end=\"1487\">Vapes Tornado \u2013 Va\u0161a veleprodajna online vape trgovina za vrhunske vape marke<\/h2>\n<p data-start=\"1200\" data-end=\"1487\"><strong data-start=\"141\" data-end=\"177\">Vapes Tornado Online du\u0107an za dim<\/strong> va\u0161 pouzdani izvor za <strong data-start=\"205\" data-end=\"270\">premium jednokratne vape i veleprodajne e-cigarete u Europi<\/strong>. Isti\u010demo najbolje prodavane marke poput <strong data-start=\"307\" data-end=\"362\"><a href=\"https:\/\/vapestornado.com\/hr\/product\/vozol-gear-shisha-25k-25000-puffs-best-dtl-disposable-vape-hookah-cheap-price\/\">VOZOL BAR VAPE<\/a>, <a href=\"https:\/\/vapestornado.com\/hr\/product\/randm-12000-puffs-fumot-digital-disposable-vape-wholesale-price\/\">Fumot VAPE<\/a>, <a href=\"https:\/\/vapestornado.com\/hr\/product\/original-wga-ultra-35k-35000-puff-rechargeable-crystal-disposable-nicotine-vape-best-discount-price\/\">WGA VAPE<\/a>, Bang Vape<\/strong>, i vi\u0161e, osiguravaju\u0107i kvalitetu i raznolikost za svakog kupca. Bilo da ste pojedina\u010dni vaper ili veleprodajni kupac, dostavljamo <strong data-start=\"481\" data-end=\"550\">visokou\u010dinkovite ure\u0111aje, moderne dizajne i konkurentne cijene<\/strong> za va\u0161e potrebe.<\/p>\n<h2 data-start=\"2064\" data-end=\"2115\">FAQs o AIVONO FATMAX 50K Puff Disposable Vape<\/h2>\n<p data-start=\"1456\" data-end=\"1582\"><strong data-start=\"1456\" data-end=\"1504\">1. Koliko dugo traje AIVONO 50K?<\/strong><br data-start=\"1504\" data-end=\"1507\" \/>Pru\u017ea do <strong data-start=\"1525\" data-end=\"1541\">50.000 uvla\u010denja<\/strong>, \u0161to ga \u010dini idealnim za dugotrajno vaping iskustvo.<\/p>\n<p data-start=\"1584\" data-end=\"1703\"><strong data-start=\"1584\" data-end=\"1622\">2. Je li FATMAX 50000 ispuha punjiv?<\/strong><br data-start=\"1622\" data-end=\"1625\" \/>Da, uklju\u010duje <strong data-start=\"1645\" data-end=\"1683\">800mAh Type-C punjiva baterija<\/strong> za produljenu upotrebu.<\/p>\n<p data-start=\"1705\" data-end=\"1837\"><strong data-start=\"1705\" data-end=\"1750\">3. Koje su ja\u010dine nikotina dostupne?<\/strong><br data-start=\"1750\" data-end=\"1753\" \/>Ure\u0111aj podr\u017eava <strong data-start=\"1773\" data-end=\"1803\">0%, 2%, 3% i 5% nikotin<\/strong> za razli\u010dite preferencije.<\/p>\n<p data-start=\"1839\" data-end=\"1956\"><strong data-start=\"1839\" data-end=\"1868\">4. Ima li ekran?<\/strong><br data-start=\"1868\" data-end=\"1871\" \/>Da, <strong data-start=\"1880\" data-end=\"1901\">pametni LED zaslon<\/strong> prikazuje razinu baterije i e-teku\u0107ine u stvarnom vremenu.<\/p>\n<p data-start=\"1958\" data-end=\"2195\"><strong data-start=\"1958\" data-end=\"2017\">5. Je li ovaj shisha bar prikladan za veleprodaju u Europi?<\/strong><br data-start=\"2017\" data-end=\"2020\" \/>Apsolutno. <strong data-start=\"2036\" data-end=\"2057\">AIVONO FATMAX 50K<\/strong> kombinira visok broj ispuha, moderan dizajn i fleksibilne opcije nikotina, \u0161to ga \u010dini savr\u0161enim za <strong data-start=\"2151\" data-end=\"2192\">EU veleprodaju jednokratnih shisha<\/strong>.<\/p>\n<\/div>\n<\/div>\n<\/div>\n<\/div>","protected":false},"excerpt":{"rendered":"<p data-start=\"2473\" data-end=\"2550\">AIVONO FATMAX 50K Puff E Shisha \u2013 Pametna zaslonska jednokratna shisha hookah bar<\/p>\n<p data-start=\"2554\" data-end=\"2633\">Najbolja veleprodajna jednokratna shisha hookah \u2013 AIVONO FATMAX 50K Elektroni\u010dka shisha<\/p>\n<p data-start=\"2637\" data-end=\"2714\">AIVONO FATMAX 50K Pametna zaslonska E Shisha Bar \u2013 50.000 pufova jednokratna hookah<\/p>\n<p><strong>Dodajte Amy na WhatsApp za brzi odgovor i popust!<\/strong><\/p>\n<p><img fetchpriority=\"high\" decoding=\"async\" class=\"size-full wp-image-2932\" src=\"https:\/\/vapestornado.com\/wp-content\/uploads\/2024\/12\/Vape-Wholesale.jpg\" alt=\"Veleprodaja vejpova\" width=\"229\" height=\"300\" \/><\/p>\n<h3><a href=\"https:\/\/wa.me\/8617776015835\"><span style=\"color: #ff0000;\"><strong>WhatsApp: +86 17776015835<\/strong><\/span><\/a><\/h3>","protected":false},"featured_media":4404,"comment_status":"open","ping_status":"closed","template":"","meta":{"_acf_changed":false,"_uag_custom_page_level_css":"","_lmt_disableupdate":"no","_lmt_disable":"","_monsterinsights_skip_tracking":false,"_monsterinsights_sitenote_active":false,"_monsterinsights_sitenote_note":"","_monsterinsights_sitenote_category":0,"site-sidebar-layout":"default","site-content-layout":"","ast-site-content-layout":"default","site-content-style":"default","site-sidebar-style":"default","ast-global-header-display":"","ast-banner-title-visibility":"","ast-main-header-display":"","ast-hfb-above-header-display":"","ast-hfb-below-header-display":"","ast-hfb-mobile-header-display":"","site-post-title":"","ast-breadcrumbs-content":"","ast-featured-img":"","footer-sml-layout":"","ast-disable-related-posts":"","theme-transparent-header-meta":"default","adv-header-id-meta":"","stick-header-meta":"","header-above-stick-meta":"","header-main-stick-meta":"","header-below-stick-meta":"","astra-migrate-meta-layouts":"set","ast-page-background-enabled":"default","ast-page-background-meta":{"desktop":{"background-color":"","background-image":"","background-repeat":"repeat","background-position":"center center","background-size":"auto","background-attachment":"scroll","background-type":"","background-media":"","overlay-type":"","overlay-color":"","overlay-opacity":"","overlay-gradient":""},"tablet":{"background-color":"","background-image":"","background-repeat":"repeat","background-position":"center center","background-size":"auto","background-attachment":"scroll","background-type":"","background-media":"","overlay-type":"","overlay-color":"","overlay-opacity":"","overlay-gradient":""},"mobile":{"background-color":"","background-image":"","background-repeat":"repeat","background-position":"center center","background-size":"auto","background-attachment":"scroll","background-type":"","background-media":"","overlay-type":"","overlay-color":"","overlay-opacity":"","overlay-gradient":""}},"ast-content-background-meta":{"desktop":{"background-color":"var(--ast-global-color-5)","background-image":"","background-repeat":"repeat","background-position":"center center","background-size":"auto","background-attachment":"scroll","background-type":"","background-media":"","overlay-type":"","overlay-color":"","overlay-opacity":"","overlay-gradient":""},"tablet":{"background-color":"var(--ast-global-color-5)","background-image":"","background-repeat":"repeat","background-position":"center center","background-size":"auto","background-attachment":"scroll","background-type":"","background-media":"","overlay-type":"","overlay-color":"","overlay-opacity":"","overlay-gradient":""},"mobile":{"background-color":"var(--ast-global-color-5)","background-image":"","background-repeat":"repeat","background-position":"center center","background-size":"auto","background-attachment":"scroll","background-type":"","background-media":"","overlay-type":"","overlay-color":"","overlay-opacity":"","overlay-gradient":""}},"_joinchat":[]},"product_brand":[],"product_cat":[344,176,149,153,156,158,142,143,144,146],"product_tag":[385,355,380,368,381],"class_list":{"0":"post-4410","1":"product","2":"type-product","3":"status-publish","4":"has-post-thumbnail","6":"product_cat-80000-puff","7":"product_cat-aivono-vape","8":"product_cat-buy-disposable-vapes-in-austria","9":"product_cat-buy-disposable-vapes-in-italy","10":"product_cat-buy-disposable-vapes-in-poland","11":"product_cat-buy-disposable-vapes-in-spain","12":"product_cat-digital-box-disposable-vapes","13":"product_cat-dual-mesh-disposable-vapes","14":"product_cat-low-nicotine-disposable-vapes","15":"product_cat-rechargeable-disposable-vapes","16":"product_tag-aivono-fatbear-80k","17":"product_tag-big-puff-vape","18":"product_tag-disposable-vapes-online","19":"product_tag-disposable-vapor","20":"product_tag-vapes-online-wholesale","21":"desktop-align-left","22":"tablet-align-left","23":"mobile-align-left","25":"first","26":"instock","27":"sale","28":"shipping-taxable","29":"purchasable","30":"product-type-simple"},"acf":[],"uagb_featured_image_src":{"full":["https:\/\/vapestornado.com\/wp-content\/uploads\/2025\/09\/Big-Puff-50k-Disposable-E-Shisha-Hookah-Wholesale.webp",800,800,false],"thumbnail":["https:\/\/vapestornado.com\/wp-content\/uploads\/2025\/09\/Big-Puff-50k-Disposable-E-Shisha-Hookah-Wholesale-150x150.webp",150,150,true],"medium":["https:\/\/vapestornado.com\/wp-content\/uploads\/2025\/09\/Big-Puff-50k-Disposable-E-Shisha-Hookah-Wholesale-300x300.webp",300,300,true],"medium_large":["https:\/\/vapestornado.com\/wp-content\/uploads\/2025\/09\/Big-Puff-50k-Disposable-E-Shisha-Hookah-Wholesale-768x768.webp",768,768,true],"large":["https:\/\/vapestornado.com\/wp-content\/uploads\/2025\/09\/Big-Puff-50k-Disposable-E-Shisha-Hookah-Wholesale.webp",800,800,false],"1536x1536":["https:\/\/vapestornado.com\/wp-content\/uploads\/2025\/09\/Big-Puff-50k-Disposable-E-Shisha-Hookah-Wholesale.webp",800,800,false],"2048x2048":["https:\/\/vapestornado.com\/wp-content\/uploads\/2025\/09\/Big-Puff-50k-Disposable-E-Shisha-Hookah-Wholesale.webp",800,800,false],"trp-custom-language-flag":["https:\/\/vapestornado.com\/wp-content\/uploads\/2025\/09\/Big-Puff-50k-Disposable-E-Shisha-Hookah-Wholesale-12x12.webp",12,12,true],"woocommerce_thumbnail":["https:\/\/vapestornado.com\/wp-content\/uploads\/2025\/09\/Big-Puff-50k-Disposable-E-Shisha-Hookah-Wholesale-300x300.webp",300,300,true],"woocommerce_single":["https:\/\/vapestornado.com\/wp-content\/uploads\/2025\/09\/Big-Puff-50k-Disposable-E-Shisha-Hookah-Wholesale-600x600.webp",600,600,true],"woocommerce_gallery_thumbnail":["https:\/\/vapestornado.com\/wp-content\/uploads\/2025\/09\/Big-Puff-50k-Disposable-E-Shisha-Hookah-Wholesale-100x100.webp",100,100,true]},"uagb_author_info":{"display_name":"ESAMY","author_link":"https:\/\/vapestornado.com\/hr\/author\/"},"uagb_comment_info":0,"uagb_excerpt":"AIVONO FATMAX 50K Puff E Shisha \u2013 Smart Screen Disposable Shisha Hookah Bar Best Wholesale Disposable Shisha Hookah \u2013 AIVONO FATMAX 50K Electronic Shisha AIVONO FATMAX 50K Smart Screen E Shisha Bar \u2013 50,000 Puff Disposable Hookah Add Amy's whatsapp to get right reply and discount price! WhatsApp: +86 17776015835","_links":{"self":[{"href":"https:\/\/vapestornado.com\/hr\/wp-json\/wp\/v2\/product\/4410","targetHints":{"allow":["GET"]}}],"collection":[{"href":"https:\/\/vapestornado.com\/hr\/wp-json\/wp\/v2\/product"}],"about":[{"href":"https:\/\/vapestornado.com\/hr\/wp-json\/wp\/v2\/types\/product"}],"replies":[{"embeddable":true,"href":"https:\/\/vapestornado.com\/hr\/wp-json\/wp\/v2\/comments?post=4410"}],"wp:featuredmedia":[{"embeddable":true,"href":"https:\/\/vapestornado.com\/hr\/wp-json\/wp\/v2\/media\/4404"}],"wp:attachment":[{"href":"https:\/\/vapestornado.com\/hr\/wp-json\/wp\/v2\/media?parent=4410"}],"wp:term":[{"taxonomy":"product_brand","embeddable":true,"href":"https:\/\/vapestornado.com\/hr\/wp-json\/wp\/v2\/product_brand?post=4410"},{"taxonomy":"product_cat","embeddable":true,"href":"https:\/\/vapestornado.com\/hr\/wp-json\/wp\/v2\/product_cat?post=4410"},{"taxonomy":"product_tag","embeddable":true,"href":"https:\/\/vapestornado.com\/hr\/wp-json\/wp\/v2\/product_tag?post=4410"}],"curies":[{"name":"wp","href":"https:\/\/api.w.org\/{rel}","templated":true}]}}