{"id":4386,"date":"2025-09-25T07:52:37","date_gmt":"2025-09-25T07:52:37","guid":{"rendered":"https:\/\/vapestornado.com\/?post_type=product&#038;p=4386"},"modified":"2025-09-29T09:40:45","modified_gmt":"2025-09-29T09:40:45","slug":"aivono-fatbear-80k-best-3-in-1-vape-led-display-disposable-vape-pen","status":"publish","type":"product","link":"https:\/\/vapestornado.com\/hr\/product\/aivono-fatbear-80k-best-3-in-1-vape-led-display-disposable-vape-pen\/","title":{"rendered":"AIVONO FATBEAR 80K Najbolji 3 u 1 Vape LED Prikaz Jednokratna Vape Olovka"},"content":{"rendered":"<h2 data-pm-slice=\"1 1 []\">AIVONO FATBEAR 80K 3-u-1 LED zaslon za jednokratne vape olovke \u2013 Najbolji veleprodajni jednokratni vaporizator<\/h2>\n<p data-start=\"305\" data-end=\"593\">Ovo <strong data-start=\"309\" data-end=\"331\">AIVONO FATBEAR 80K<\/strong> je ultimativni <strong data-start=\"348\" data-end=\"365\">veliki dimni vaporizator<\/strong> izgra\u0111en za snagu, okus i prakti\u010dnost. Nudi do <strong data-start=\"423\" data-end=\"439\">80000 udisaja<\/strong> s ogromnim <strong data-start=\"455\" data-end=\"481\">58mL kapacitetom e-teku\u0107ine<\/strong>, ovaj <strong data-start=\"488\" data-end=\"523\">LED zaslon za jednokratne vape olovke<\/strong> je osmi\u0161ljen za dugotrajnu izvedbu i glatko zadovoljstvo.<\/p>\n<p data-start=\"595\" data-end=\"945\">Sadr\u017ei <strong data-start=\"607\" data-end=\"638\">Sustav prebacivanja okusa 3-u-1<\/strong>, onda je <strong data-start=\"644\" data-end=\"668\">AIVONO FATBEAR 80000<\/strong> omogu\u0107ava vam da odmah prebacujete izme\u0111u tri okusa u jednom ure\u0111aju, pru\u017eaju\u0107i vam neprekidnu raznolikost bez mijenjanja kapsula. Taj <strong data-start=\"786\" data-end=\"804\">Mre\u017easta zavojnica od 1,0 \u03a9<\/strong> nudi gustu paru i bogat okus, dok <strong data-start=\"852\" data-end=\"883\">650mAh punjiva baterija<\/strong> sa <strong data-start=\"889\" data-end=\"913\">Type-C brzo punjenje<\/strong> osigurava pouzdanu svakodnevnu upotrebu.<\/p>\n<p data-start=\"947\" data-end=\"1325\">Ostanite pod kontrolom s <strong data-start=\"972\" data-end=\"993\">pametni LED zaslon<\/strong>, prikazuje stvarne razine e-teku\u0107ine i baterije. S fleksibilnim opcijama nikotina (0%, 2%, 3%, 5%), ovaj ure\u0111aj je savr\u0161en za opu\u0161tene i te\u0161ke vaperice. Elegantno, sna\u017eno i izdr\u017eljivo, <strong data-start=\"1191\" data-end=\"1213\">AIVONO 80K<\/strong> je <strong data-start=\"1221\" data-end=\"1255\">najbolji veleprodajni jednokratni vaporizator<\/strong> za europske trgovce na veliko i izbor broj jedan za vaperice.<\/p>\n<p><strong><span style=\"color: #ff0000;\">Dodajte Amy na WhatsApp za brzi odgovor i kupon za vape!<\/span><\/strong><\/p>\n<p><img fetchpriority=\"high\" decoding=\"async\" class=\"size-full wp-image-2932\" src=\"https:\/\/vapestornado.com\/wp-content\/uploads\/2024\/12\/Vape-Wholesale.jpg\" alt=\"Veleprodaja vejpova\" width=\"229\" height=\"300\" \/><\/p>\n<h3><a href=\"https:\/\/wa.me\/8617776015835\" target=\"_blank\" rel=\"noopener\"><span style=\"color: #ff0000;\"><strong>WhatsApp: +86 17776015835<\/strong><\/span><\/a><\/h3>\n<p>&nbsp;<\/p>\n<h2><strong>AIVONO AIM FATBEAR 80K Puff Zna\u010dajke proizvoda<\/strong><\/h2>\n<ul>\n<li data-start=\"1357\" data-end=\"1402\">\n<p data-start=\"1359\" data-end=\"1402\">Do <strong data-start=\"1365\" data-end=\"1381\">80.000 pufova<\/strong> s kapacitetom od 58mL<\/p>\n<\/li>\n<li data-start=\"1403\" data-end=\"1453\">\n<p data-start=\"1405\" data-end=\"1453\"><strong data-start=\"1405\" data-end=\"1431\">3-u-1 rotacija okusa<\/strong> za neprekidnu raznolikost<\/p>\n<\/li>\n<li data-start=\"1454\" data-end=\"1515\">\n<p data-start=\"1456\" data-end=\"1515\"><strong data-start=\"1456\" data-end=\"1487\">650mAh punjiva baterija<\/strong> s Type-C brzim punjenjem<\/p>\n<\/li>\n<li data-start=\"1516\" data-end=\"1568\">\n<p data-start=\"1518\" data-end=\"1568\"><strong data-start=\"1518\" data-end=\"1533\">LED zaslon<\/strong> prati razine e-teku\u0107ine i baterije<\/p>\n<\/li>\n<li data-start=\"1569\" data-end=\"1629\">\n<p data-start=\"1571\" data-end=\"1629\"><strong data-start=\"1571\" data-end=\"1589\">Mre\u017easta zavojnica od 1,0 \u03a9<\/strong> za dosljedne oblake i bogat okus<\/p>\n<\/li>\n<li data-start=\"1630\" data-end=\"1665\">\n<p data-start=\"1632\" data-end=\"1665\">Opcije nikotina: 0%, 2%, 3%, 5%<\/p>\n<\/li>\n<\/ul>\n<h2 class=\"product-title\"><strong>AIVONO AIM FATBEAR 80K Popis okusa 3 u 1<\/strong><\/h2>\n<p data-start=\"2550\" data-end=\"2736\">1. Borovnica Malina \/ Limun Led \/ Ananas Led<br \/>\n2. Jagoda Led \/ Lubenica Led \/ \u017dvaka\u0107a guma<br \/>\n3. Mango Led \/ Ananas Kokos \/ Breskva Led<br \/>\n4. Vi\u0161nja Soda Led \/ Cola Led \/ Medni dinja<br \/>\n5. Gro\u017e\u0111e \/ Menta \/ Krem od brusnice<br \/>\n6. Kisele jabuke \/ Jagoda Banana \/ Kisele mango ananas<br \/>\n7. Mije\u0161ano bobi\u010dasto vo\u0107e \/ Jagoda Kiwi \/ Jagoda Lubenica<br \/>\n8. Kiwi Pasijefruit \/ Love66 \/ Mango Led<br \/>\n9. Lubenica Led \/ Breskva Bobica \/ Vi\u0161nja Cola<br \/>\n10. Red Bull \/ Jagoda Lubenica \/ Malina Slatki\u0161<\/p>\n<figure id=\"attachment_4397\" aria-describedby=\"caption-attachment-4397\" style=\"width: 300px\" class=\"wp-caption alignnone\"><img decoding=\"async\" class=\"size-medium wp-image-4397\" src=\"https:\/\/vapestornado.com\/wp-content\/uploads\/2025\/09\/Aivono-Aim-Fatbear-Triple-3-in-1-Disposable-Vape-Wholesale-Cheap-Price-300x300.webp\" alt=\"Aivono Aim Fatbear Triple 3 u 1 Jednokratni Vape na veliko jeftina cijena\" width=\"300\" height=\"300\" srcset=\"https:\/\/vapestornado.com\/wp-content\/uploads\/2025\/09\/Aivono-Aim-Fatbear-Triple-3-in-1-Disposable-Vape-Wholesale-Cheap-Price-300x300.webp 300w, https:\/\/vapestornado.com\/wp-content\/uploads\/2025\/09\/Aivono-Aim-Fatbear-Triple-3-in-1-Disposable-Vape-Wholesale-Cheap-Price-150x150.webp 150w, https:\/\/vapestornado.com\/wp-content\/uploads\/2025\/09\/Aivono-Aim-Fatbear-Triple-3-in-1-Disposable-Vape-Wholesale-Cheap-Price-768x768.webp 768w, https:\/\/vapestornado.com\/wp-content\/uploads\/2025\/09\/Aivono-Aim-Fatbear-Triple-3-in-1-Disposable-Vape-Wholesale-Cheap-Price-12x12.webp 12w, https:\/\/vapestornado.com\/wp-content\/uploads\/2025\/09\/Aivono-Aim-Fatbear-Triple-3-in-1-Disposable-Vape-Wholesale-Cheap-Price-600x600.webp 600w, https:\/\/vapestornado.com\/wp-content\/uploads\/2025\/09\/Aivono-Aim-Fatbear-Triple-3-in-1-Disposable-Vape-Wholesale-Cheap-Price-100x100.webp 100w, https:\/\/vapestornado.com\/wp-content\/uploads\/2025\/09\/Aivono-Aim-Fatbear-Triple-3-in-1-Disposable-Vape-Wholesale-Cheap-Price.webp 800w\" sizes=\"(max-width: 300px) 100vw, 300px\" \/><figcaption id=\"caption-attachment-4397\" class=\"wp-caption-text\">Aivono Aim Fatbear Triple 3 u 1 Jednokratni Vape na veliko jeftina cijena<\/figcaption><\/figure>\n<div class=\"flex-shrink-0 flex flex-col relative items-end\">\n<div class=\"pt-0\">\n<div class=\"gizmo-bot-avatar flex h-8 w-8 items-center justify-center overflow-hidden rounded-full\">\n<div class=\"relative p-1 rounded-sm flex items-center justify-center bg-token-main-surface-primary text-token-text-primary h-8 w-8\">\n<h2 data-start=\"1200\" data-end=\"1487\">Vapes Tornado \u2013 Va\u0161a veleprodajna online vape trgovina za vrhunske vape marke<\/h2>\n<p data-start=\"1200\" data-end=\"1487\"><strong data-start=\"141\" data-end=\"177\">Vapes Tornado Online du\u0107an za dim<\/strong> va\u0161 pouzdani izvor za <strong data-start=\"205\" data-end=\"270\">premium jednokratne vape i veleprodajne e-cigarete u Europi<\/strong>. Isti\u010demo najbolje prodavane marke poput <strong data-start=\"307\" data-end=\"362\"><a href=\"https:\/\/vapestornado.com\/hr\/product\/vozol-gear-shisha-25k-25000-puffs-best-dtl-disposable-vape-hookah-cheap-price\/\">VOZOL BAR VAPE<\/a>, <a href=\"https:\/\/vapestornado.com\/hr\/product\/randm-12000-puffs-fumot-digital-disposable-vape-wholesale-price\/\">Fumot VAPE<\/a>, <a href=\"https:\/\/vapestornado.com\/hr\/product\/original-wga-ultra-35k-35000-puff-rechargeable-crystal-disposable-nicotine-vape-best-discount-price\/\">WGA VAPE<\/a>, Bang Vape<\/strong>, i vi\u0161e, osiguravaju\u0107i kvalitetu i raznolikost za svakog kupca. Bilo da ste pojedina\u010dni vaper ili veleprodajni kupac, dostavljamo <strong data-start=\"481\" data-end=\"550\">visokou\u010dinkovite ure\u0111aje, moderne dizajne i konkurentne cijene<\/strong> za va\u0161e potrebe.<\/p>\n<h2 data-start=\"2064\" data-end=\"2115\">\u010cesto postavljana pitanja o AIVONO AIM FATBEAR 80K Jednokratni Vape<\/h2>\n<p data-start=\"1722\" data-end=\"1875\"><strong data-start=\"1722\" data-end=\"1782\">1. Koliko udaha pru\u017ea AIVONO FATBEAR 80000?<\/strong><br data-start=\"1782\" data-end=\"1785\" \/>Dostavlja do <strong data-start=\"1803\" data-end=\"1819\">80.000 pufova<\/strong>, \u010dine\u0107i ga jednim od najdu\u017ee trajaju\u0107ih velikih udahnih vapea.<\/p>\n<p data-start=\"1877\" data-end=\"2004\"><strong data-start=\"1877\" data-end=\"1922\">2. Mogu li napuniti AIVONO FATBEAR 80K?<\/strong><br data-start=\"1922\" data-end=\"1925\" \/>Da, dolazi s <strong data-start=\"1946\" data-end=\"1984\">650mAh Type-C punjiva baterija<\/strong> za produljenu upotrebu.<\/p>\n<p data-start=\"2006\" data-end=\"2196\"><strong data-start=\"2006\" data-end=\"2064\">3. \u0160to \u010dini ovaj najkvalitetnijim veleprodajnim jednokratnim vapeom?<\/strong><br data-start=\"2064\" data-end=\"2067\" \/>Njegova <strong data-start=\"2071\" data-end=\"2129\">3-u-1 sustav okusa, veliki broj udisaja i LED zaslon<\/strong> \u010dini ga vrlo atraktivnim za potro\u0161a\u010de i veleprodava\u010de u EU.<\/p>\n<p data-start=\"2198\" data-end=\"2331\"><strong data-start=\"2198\" data-end=\"2243\">4. Koje su dostupne ja\u010dine nikotina?<\/strong><br data-start=\"2243\" data-end=\"2246\" \/>Mo\u017eete birati izme\u0111u <strong data-start=\"2269\" data-end=\"2298\">0%, 2%, 3% ili 5% nikotina<\/strong>, ovisno o va\u0161im \u017eeljama.<\/p>\n<p data-start=\"2333\" data-end=\"2487\"><strong data-start=\"2333\" data-end=\"2388\">5. Ima li AIVONO FATBEAR 80K opcije okusa?<\/strong><br data-start=\"2388\" data-end=\"2391\" \/>Da, dolazi u <strong data-start=\"2408\" data-end=\"2448\">10 jedinstvenih trostrukih kombinacija okusa<\/strong>, nude\u0107i ne\u0161to za svaki ukus.<\/p>\n<\/div>\n<\/div>\n<\/div>\n<\/div>","protected":false},"excerpt":{"rendered":"<p data-start=\"2774\" data-end=\"2854\">AIVONO FATBEAR 80K Veliki dimni vaporizator \u2013 Najbolji 3-u-1 LED zaslon za jednokratne vape olovke<\/p>\n<p data-start=\"2858\" data-end=\"2937\">AIVONO FATBEAR 80000 Udisaja Punjivi jednokratni vaporizator \u2013 Na veliko u Europi<\/p>\n<p data-start=\"2941\" data-end=\"3026\">Najbolji veleprodajni jednokratni vaporizator \u2013 AIVONO FATBEAR 80K s LED zaslonom i 3-u-1 okusom<\/p>\n<p data-start=\"2159\" data-end=\"2246\">\n<p><strong>Dodajte Amy na WhatsApp za brzi odgovor i popust!<\/strong><\/p>\n<p><img fetchpriority=\"high\" decoding=\"async\" class=\"size-full wp-image-2932\" src=\"https:\/\/vapestornado.com\/wp-content\/uploads\/2024\/12\/Vape-Wholesale.jpg\" alt=\"Veleprodaja vejpova\" width=\"229\" height=\"300\" \/><\/p>\n<h3><a href=\"https:\/\/wa.me\/8617776015835\"><span style=\"color: #ff0000;\"><strong>WhatsApp: +86 17776015835<\/strong><\/span><\/a><\/h3>","protected":false},"featured_media":4396,"comment_status":"open","ping_status":"closed","template":"","meta":{"_acf_changed":false,"_uag_custom_page_level_css":"","_lmt_disableupdate":"no","_lmt_disable":"","_monsterinsights_skip_tracking":false,"_monsterinsights_sitenote_active":false,"_monsterinsights_sitenote_note":"","_monsterinsights_sitenote_category":0,"site-sidebar-layout":"default","site-content-layout":"","ast-site-content-layout":"default","site-content-style":"default","site-sidebar-style":"default","ast-global-header-display":"","ast-banner-title-visibility":"","ast-main-header-display":"","ast-hfb-above-header-display":"","ast-hfb-below-header-display":"","ast-hfb-mobile-header-display":"","site-post-title":"","ast-breadcrumbs-content":"","ast-featured-img":"","footer-sml-layout":"","ast-disable-related-posts":"","theme-transparent-header-meta":"default","adv-header-id-meta":"","stick-header-meta":"","header-above-stick-meta":"","header-main-stick-meta":"","header-below-stick-meta":"","astra-migrate-meta-layouts":"set","ast-page-background-enabled":"default","ast-page-background-meta":{"desktop":{"background-color":"","background-image":"","background-repeat":"repeat","background-position":"center center","background-size":"auto","background-attachment":"scroll","background-type":"","background-media":"","overlay-type":"","overlay-color":"","overlay-opacity":"","overlay-gradient":""},"tablet":{"background-color":"","background-image":"","background-repeat":"repeat","background-position":"center center","background-size":"auto","background-attachment":"scroll","background-type":"","background-media":"","overlay-type":"","overlay-color":"","overlay-opacity":"","overlay-gradient":""},"mobile":{"background-color":"","background-image":"","background-repeat":"repeat","background-position":"center center","background-size":"auto","background-attachment":"scroll","background-type":"","background-media":"","overlay-type":"","overlay-color":"","overlay-opacity":"","overlay-gradient":""}},"ast-content-background-meta":{"desktop":{"background-color":"var(--ast-global-color-5)","background-image":"","background-repeat":"repeat","background-position":"center center","background-size":"auto","background-attachment":"scroll","background-type":"","background-media":"","overlay-type":"","overlay-color":"","overlay-opacity":"","overlay-gradient":""},"tablet":{"background-color":"var(--ast-global-color-5)","background-image":"","background-repeat":"repeat","background-position":"center center","background-size":"auto","background-attachment":"scroll","background-type":"","background-media":"","overlay-type":"","overlay-color":"","overlay-opacity":"","overlay-gradient":""},"mobile":{"background-color":"var(--ast-global-color-5)","background-image":"","background-repeat":"repeat","background-position":"center center","background-size":"auto","background-attachment":"scroll","background-type":"","background-media":"","overlay-type":"","overlay-color":"","overlay-opacity":"","overlay-gradient":""}},"_joinchat":[]},"product_brand":[],"product_cat":[344,176,149,153,156,158,142,143,144,146],"product_tag":[385,355,380,368,381],"class_list":{"0":"post-4386","1":"product","2":"type-product","3":"status-publish","4":"has-post-thumbnail","6":"product_cat-80000-puff","7":"product_cat-aivono-vape","8":"product_cat-buy-disposable-vapes-in-austria","9":"product_cat-buy-disposable-vapes-in-italy","10":"product_cat-buy-disposable-vapes-in-poland","11":"product_cat-buy-disposable-vapes-in-spain","12":"product_cat-digital-box-disposable-vapes","13":"product_cat-dual-mesh-disposable-vapes","14":"product_cat-low-nicotine-disposable-vapes","15":"product_cat-rechargeable-disposable-vapes","16":"product_tag-aivono-fatbear-80k","17":"product_tag-big-puff-vape","18":"product_tag-disposable-vapes-online","19":"product_tag-disposable-vapor","20":"product_tag-vapes-online-wholesale","21":"desktop-align-left","22":"tablet-align-left","23":"mobile-align-left","25":"first","26":"instock","27":"sale","28":"shipping-taxable","29":"purchasable","30":"product-type-simple"},"acf":[],"uagb_featured_image_src":{"full":["https:\/\/vapestornado.com\/wp-content\/uploads\/2025\/09\/Aivono-Aim-Fatbear-80000-Puffs-Disposable-Vape-Flavor-Adjustable.webp",800,800,false],"thumbnail":["https:\/\/vapestornado.com\/wp-content\/uploads\/2025\/09\/Aivono-Aim-Fatbear-80000-Puffs-Disposable-Vape-Flavor-Adjustable-150x150.webp",150,150,true],"medium":["https:\/\/vapestornado.com\/wp-content\/uploads\/2025\/09\/Aivono-Aim-Fatbear-80000-Puffs-Disposable-Vape-Flavor-Adjustable-300x300.webp",300,300,true],"medium_large":["https:\/\/vapestornado.com\/wp-content\/uploads\/2025\/09\/Aivono-Aim-Fatbear-80000-Puffs-Disposable-Vape-Flavor-Adjustable-768x768.webp",768,768,true],"large":["https:\/\/vapestornado.com\/wp-content\/uploads\/2025\/09\/Aivono-Aim-Fatbear-80000-Puffs-Disposable-Vape-Flavor-Adjustable.webp",800,800,false],"1536x1536":["https:\/\/vapestornado.com\/wp-content\/uploads\/2025\/09\/Aivono-Aim-Fatbear-80000-Puffs-Disposable-Vape-Flavor-Adjustable.webp",800,800,false],"2048x2048":["https:\/\/vapestornado.com\/wp-content\/uploads\/2025\/09\/Aivono-Aim-Fatbear-80000-Puffs-Disposable-Vape-Flavor-Adjustable.webp",800,800,false],"trp-custom-language-flag":["https:\/\/vapestornado.com\/wp-content\/uploads\/2025\/09\/Aivono-Aim-Fatbear-80000-Puffs-Disposable-Vape-Flavor-Adjustable-12x12.webp",12,12,true],"woocommerce_thumbnail":["https:\/\/vapestornado.com\/wp-content\/uploads\/2025\/09\/Aivono-Aim-Fatbear-80000-Puffs-Disposable-Vape-Flavor-Adjustable-300x300.webp",300,300,true],"woocommerce_single":["https:\/\/vapestornado.com\/wp-content\/uploads\/2025\/09\/Aivono-Aim-Fatbear-80000-Puffs-Disposable-Vape-Flavor-Adjustable-600x600.webp",600,600,true],"woocommerce_gallery_thumbnail":["https:\/\/vapestornado.com\/wp-content\/uploads\/2025\/09\/Aivono-Aim-Fatbear-80000-Puffs-Disposable-Vape-Flavor-Adjustable-100x100.webp",100,100,true]},"uagb_author_info":{"display_name":"ESAMY","author_link":"https:\/\/vapestornado.com\/hr\/author\/"},"uagb_comment_info":1,"uagb_excerpt":"AIVONO FATBEAR 80K Big Puff Vape \u2013 Best 3-in-1 LED Display Disposable Vape Pen AIVONO FATBEAR 80000 Puffs Rechargeable Disposable Vape \u2013 Wholesale in Europe Best Wholesale Disposable Vape \u2013 AIVONO FATBEAR 80K with LED Screen &amp; 3-in-1 Flavor Add Amy's whatsapp to get right reply and discount price! WhatsApp: +86 17776015835","_links":{"self":[{"href":"https:\/\/vapestornado.com\/hr\/wp-json\/wp\/v2\/product\/4386","targetHints":{"allow":["GET"]}}],"collection":[{"href":"https:\/\/vapestornado.com\/hr\/wp-json\/wp\/v2\/product"}],"about":[{"href":"https:\/\/vapestornado.com\/hr\/wp-json\/wp\/v2\/types\/product"}],"replies":[{"embeddable":true,"href":"https:\/\/vapestornado.com\/hr\/wp-json\/wp\/v2\/comments?post=4386"}],"wp:featuredmedia":[{"embeddable":true,"href":"https:\/\/vapestornado.com\/hr\/wp-json\/wp\/v2\/media\/4396"}],"wp:attachment":[{"href":"https:\/\/vapestornado.com\/hr\/wp-json\/wp\/v2\/media?parent=4386"}],"wp:term":[{"taxonomy":"product_brand","embeddable":true,"href":"https:\/\/vapestornado.com\/hr\/wp-json\/wp\/v2\/product_brand?post=4386"},{"taxonomy":"product_cat","embeddable":true,"href":"https:\/\/vapestornado.com\/hr\/wp-json\/wp\/v2\/product_cat?post=4386"},{"taxonomy":"product_tag","embeddable":true,"href":"https:\/\/vapestornado.com\/hr\/wp-json\/wp\/v2\/product_tag?post=4386"}],"curies":[{"name":"wp","href":"https:\/\/api.w.org\/{rel}","templated":true}]}}