{"id":4379,"date":"2025-09-25T02:51:29","date_gmt":"2025-09-25T02:51:29","guid":{"rendered":"https:\/\/vapestornado.com\/?post_type=product&#038;p=4379"},"modified":"2025-09-25T03:40:09","modified_gmt":"2025-09-25T03:40:09","slug":"vopk-80000-puff-80k-4-in-1-four-flavors-disposable-vapes-online-wholesale","status":"publish","type":"product","link":"https:\/\/vapestornado.com\/hr\/product\/vopk-80000-puff-80k-4-in-1-four-flavors-disposable-vapes-online-wholesale\/","title":{"rendered":"VOPK 80000 Puff 80k 4 u 1 \u010cetiri Okusa Jednokratni Vapeovi Online Veleprodaja"},"content":{"rendered":"<h2 data-pm-slice=\"1 1 []\">VOPK 80000 Puff 80k 4 u 1 \u010cetiri Okusa Jednokratni Vapeovi Online Veleprodaja<\/h2>\n<p data-start=\"175\" data-end=\"532\">Ovo <strong data-start=\"179\" data-end=\"214\">VOPK 80000 Puff Jednokratna Vape<\/strong> je napravljen za vapere koji \u017eele <strong data-start=\"244\" data-end=\"293\">snaga, raznolikost i prakti\u010dnost u jednom ure\u0111aju<\/strong>. S <strong data-start=\"300\" data-end=\"328\">Tehnologija okusa 4-u-1<\/strong>, korisnici mogu odmah prebacivati izme\u0111u \u010detiri vrhunska okusa bez no\u0161enja vi\u0161e podova. Nudi do <strong data-start=\"433\" data-end=\"457\">80k udisaja po ure\u0111aju<\/strong>, ovaj model je <strong data-start=\"475\" data-end=\"515\">najbolji izbor u veleprodaji online vapea<\/strong> \u0161irom Europe.<\/p>\n<p data-start=\"534\" data-end=\"1007\">Opremljen s <strong data-start=\"550\" data-end=\"568\">0.9\u03a9 mre\u017easta zavojnica<\/strong>, <strong data-start=\"570\" data-end=\"608\">650mAh Type-C punjiva baterija<\/strong>, i <strong data-start=\"616\" data-end=\"642\">digitalni zaslon<\/strong>, onda je <strong data-start=\"648\" data-end=\"660\">VOPK 80k<\/strong> osigurava bogat okus, gustu paru i potpunu kontrolu nad razinom ulja i baterije. S opcijama nikotina od <strong data-start=\"764\" data-end=\"782\">0%, 2% i 5%<\/strong>, zadovoljava i casual korisnike i iskusne vaperi. Kompaktan, ali sna\u017ean, savr\u0161en je <strong data-start=\"878\" data-end=\"905\">jednokratni vape mod set<\/strong> za <b>korisnike<\/b>, donosi moderan dizajn i pouzdanu izvedbu.<\/p>\n<p><strong><span style=\"color: #ff0000;\">Dodajte Amy na WhatsApp za brzi odgovor i kupon za vape!<\/span><\/strong><\/p>\n<p><img fetchpriority=\"high\" decoding=\"async\" class=\"size-full wp-image-2932\" src=\"https:\/\/vapestornado.com\/wp-content\/uploads\/2024\/12\/Vape-Wholesale.jpg\" alt=\"Veleprodaja vejpova\" width=\"229\" height=\"300\" \/><\/p>\n<h3><a href=\"https:\/\/wa.me\/8617776015835\" target=\"_blank\" rel=\"noopener\"><span style=\"color: #ff0000;\"><strong>WhatsApp: +86 17776015835<\/strong><\/span><\/a><\/h3>\n<p>&nbsp;<\/p>\n<h2><strong>VOPK 80000 Puff Karakteristike proizvoda<\/strong><\/h2>\n<h2 data-start=\"201\" data-end=\"249\"><\/h2>\n<ul data-start=\"251\" data-end=\"944\">\n<li data-start=\"251\" data-end=\"343\">\n<p data-start=\"253\" data-end=\"343\"><strong data-start=\"253\" data-end=\"277\">Masivnih 80.000 Udisaja<\/strong> \u2013 izra\u0111en za dugotrajnu uporabu, idealan za veleprodaju i masovnu potra\u017enju.<\/p>\n<\/li>\n<li data-start=\"344\" data-end=\"438\">\n<p data-start=\"346\" data-end=\"438\"><strong data-start=\"346\" data-end=\"370\">Sustav okusa 4-u-1<\/strong> \u2013 u\u017eivajte u \u010detiri okusa u jednom ure\u0111aju, nema potrebe za mijenjanjem podova.<\/p>\n<\/li>\n<li data-start=\"439\" data-end=\"518\">\n<p data-start=\"441\" data-end=\"518\"><strong data-start=\"441\" data-end=\"459\">0.9\u03a9 Mre\u017ena grija\u010dica<\/strong> \u2013 pru\u017ea dosljednu gusto\u0107u pare i pobolj\u0161an okus.<\/p>\n<\/li>\n<li data-start=\"519\" data-end=\"606\">\n<p data-start=\"521\" data-end=\"606\"><strong data-start=\"521\" data-end=\"552\">650mAh Punjiva Baterija<\/strong> \u2013 Brzo punjenje Type-C odr\u017eava vas napajanima na putu.<\/p>\n<\/li>\n<li data-start=\"607\" data-end=\"693\">\n<p data-start=\"609\" data-end=\"693\"><strong data-start=\"609\" data-end=\"634\">Pametni digitalni zaslon<\/strong> \u2013 pratite trajanje baterije i razinu e-teku\u0107ine u stvarnom vremenu.<\/p>\n<\/li>\n<li data-start=\"694\" data-end=\"776\">\n<p data-start=\"696\" data-end=\"776\"><strong data-start=\"696\" data-end=\"727\">Opcije nikotina: 0%, 2%, 5%<\/strong> \u2013 fleksibilnost za razli\u010dite potrebe vapinga.<\/p>\n<\/li>\n<li data-start=\"777\" data-end=\"862\">\n<p data-start=\"779\" data-end=\"862\"><strong data-start=\"779\" data-end=\"807\">Prijenosno i jednostavno za kori\u0161tenje<\/strong> \u2013 ergonomski veliki nastavak za usta i lagan dizajn.<\/p>\n<\/li>\n<li data-start=\"863\" data-end=\"944\">\n<p data-start=\"865\" data-end=\"944\"><strong data-start=\"865\" data-end=\"885\">10 kombinacija okusa<\/strong> \u2013 \u0161irok izbor za zadovoljenje razli\u010ditih preferencija okusa.<\/p>\n<\/li>\n<\/ul>\n<figure id=\"attachment_4374\" aria-describedby=\"caption-attachment-4374\" style=\"width: 300px\" class=\"wp-caption alignnone\"><img decoding=\"async\" class=\"size-medium wp-image-4374\" src=\"https:\/\/vapestornado.com\/wp-content\/uploads\/2025\/09\/VOPK-80000-Puffs-Nicotine-Free-Disposable-Vape-300x300.webp\" alt=\"VOPK 80000 Udisaja Nikotin-Free Jednokratni Vape\" width=\"300\" height=\"300\" srcset=\"https:\/\/vapestornado.com\/wp-content\/uploads\/2025\/09\/VOPK-80000-Puffs-Nicotine-Free-Disposable-Vape-300x300.webp 300w, https:\/\/vapestornado.com\/wp-content\/uploads\/2025\/09\/VOPK-80000-Puffs-Nicotine-Free-Disposable-Vape-150x150.webp 150w, https:\/\/vapestornado.com\/wp-content\/uploads\/2025\/09\/VOPK-80000-Puffs-Nicotine-Free-Disposable-Vape-768x768.webp 768w, https:\/\/vapestornado.com\/wp-content\/uploads\/2025\/09\/VOPK-80000-Puffs-Nicotine-Free-Disposable-Vape-12x12.webp 12w, https:\/\/vapestornado.com\/wp-content\/uploads\/2025\/09\/VOPK-80000-Puffs-Nicotine-Free-Disposable-Vape-600x600.webp 600w, https:\/\/vapestornado.com\/wp-content\/uploads\/2025\/09\/VOPK-80000-Puffs-Nicotine-Free-Disposable-Vape-100x100.webp 100w, https:\/\/vapestornado.com\/wp-content\/uploads\/2025\/09\/VOPK-80000-Puffs-Nicotine-Free-Disposable-Vape.webp 800w\" sizes=\"(max-width: 300px) 100vw, 300px\" \/><figcaption id=\"caption-attachment-4374\" class=\"wp-caption-text\">VOPK 80000 Udisaja Nikotin-Free Jednokratni Vape<\/figcaption><\/figure>\n<h2 class=\"product-title\"><strong>VOPK 80000 Udisaja 80k 4-u-1 Popis okusa<\/strong><\/h2>\n<p data-start=\"2550\" data-end=\"2736\">1. lubenica led\/Triple melon led\/Plava raz\/Jagoda sladoled<br \/>\n2. Borovnica malina\/ Fuji led\/ Mije\u0161ano bobi\u010dasto vo\u0107e\/ Borovnica kokos bombon<br \/>\n3. Jagoda lubenica\/ Brusnica gro\u017e\u0111e\/ Mango led\/ Jagoda malina bombon<br \/>\n4. Red bull led\/ Pasijed vo\u0107e kiwi limeta\/ Kiselina jabu\u010dasta malina Jagoda\/ Lubenica \u017evaka\u0107a guma<br \/>\n5. Borovnica led\/ Breskva mango lubenica\/ Melon jaje\/ Fizi\u010dka tre\u0161nja led<br \/>\n6. Jagoda mango\/ Jagoda kiwi\/ Lubenica Dragon Fruit\/ Gummy medvjedi\u0107<br \/>\n7. Ljubav 66\/ Malina lubenica\/ Jagoda malina\/ \u010cokolada od tre\u0161nje\/ \u010cokoladni sladoled od tre\u0161nje<br \/>\n8. Jagoda banana\/ Ananas kokos sladoled\/ Mango breskva marelica\/ Aloe mango dinja<br \/>\n9. Duga\u010dak slatki\u0161\/ Breskva led\/ Limun kisel naran\u010da\/ Brusnica Limun<br \/>\n10. Kivi strast vo\u0107e guava\/ Jagoda tre\u0161nja\/ Gro\u017e\u0111e led\/ Jagoda slatki\u0161<\/p>\n<div class=\"flex-shrink-0 flex flex-col relative items-end\">\n<div class=\"pt-0\">\n<div class=\"gizmo-bot-avatar flex h-8 w-8 items-center justify-center overflow-hidden rounded-full\">\n<div class=\"relative p-1 rounded-sm flex items-center justify-center bg-token-main-surface-primary text-token-text-primary h-8 w-8\">\n<h2 data-start=\"1200\" data-end=\"1487\">Vapes Tornado \u2013 Va\u0161a veleprodajna online vape trgovina za vrhunske vape marke<\/h2>\n<p data-start=\"1200\" data-end=\"1487\"><strong data-start=\"141\" data-end=\"177\">Vapes Tornado Online du\u0107an za dim<\/strong> va\u0161 pouzdani izvor za <strong data-start=\"205\" data-end=\"270\">premium jednokratne vape i veleprodajne e-cigarete u Europi<\/strong>. Isti\u010demo najbolje prodavane marke poput <strong data-start=\"307\" data-end=\"362\"><a href=\"https:\/\/vapestornado.com\/hr\/product\/elf-bar-raya-d3-25000-puffs-best-disposable-vape-wholesale-in-uk\/\">ELF BAR VAPE<\/a>, <a href=\"https:\/\/vapestornado.com\/hr\/product\/randm-tornado-15000-disposable-vape-wholesale-price\/\">Fumot VAPE<\/a>, <a href=\"https:\/\/vapestornado.com\/hr\/product\/original-vozol-star-40000-puff-40k-best-disposable-vape-2025-wholesale-cheap-price\/\">VOZOL VAPE<\/a>, Bang Vape<\/strong>, i vi\u0161e, osiguravaju\u0107i kvalitetu i raznolikost za svakog kupca. Bilo da ste pojedina\u010dni vaper ili veleprodajni kupac, dostavljamo <strong data-start=\"481\" data-end=\"550\">visokou\u010dinkovite ure\u0111aje, moderne dizajne i konkurentne cijene<\/strong> za va\u0161e potrebe.<\/p>\n<h2 data-start=\"2064\" data-end=\"2115\">\u010cesto postavljana pitanja o VOPK 80000 Puf 80k 4 u 1 jednokratnom vaporizatoru<\/h2>\n<p data-start=\"1035\" data-end=\"1198\"><strong data-start=\"1035\" data-end=\"1107\">Q1: Koliko pufova pru\u017ea VOPK 80000 Puf jednokratni vaporizator?<\/strong><br data-start=\"1107\" data-end=\"1110\" \/>A1: Svaki ure\u0111aj pru\u017ea do <strong data-start=\"1141\" data-end=\"1157\">80.000 pufova<\/strong>, \u0161to ga \u010dini idealnim za dugotrajnu uporabu.<\/p>\n<p data-start=\"1200\" data-end=\"1379\"><strong data-start=\"1200\" data-end=\"1281\">Q2: \u0160to \u010dini VOPK 80k jedinstvenim u usporedbi s drugim jednokratnim vaporizatorima online?<\/strong><br data-start=\"1281\" data-end=\"1284\" \/>A2: Ima zna\u010dajku <strong data-start=\"1302\" data-end=\"1326\">sustav okusa od 4 u 1<\/strong>, omogu\u0107uju\u0107i vam u\u017eivanje u \u010detiri okusa u jednom ure\u0111aju.<\/p>\n<p data-start=\"1381\" data-end=\"1530\"><strong data-start=\"1381\" data-end=\"1433\">Q3: Podr\u017eava li VOPK 80000 Puff punjenje?<\/strong><br data-start=\"1433\" data-end=\"1436\" \/>A3: Da, dolazi s <strong data-start=\"1461\" data-end=\"1499\">650mAh Type-C punjiva baterija<\/strong> za u\u010dinkovito brzo punjenje.<\/p>\n<p data-start=\"1532\" data-end=\"1693\"><strong data-start=\"1532\" data-end=\"1610\">Q4: Koje su opcije nikotinskih ja\u010dina dostupne za VOPK 80k jednokratnu e-cigaretu?<\/strong><br data-start=\"1610\" data-end=\"1613\" \/>A4: Opcije uklju\u010duju <strong data-start=\"1633\" data-end=\"1651\">0%, 2% i 5%<\/strong>, zadovoljavaju\u0107i potrebe razli\u010ditih vaper-a.<\/p>\n<p data-start=\"1695\" data-end=\"1910\"><strong data-start=\"1695\" data-end=\"1762\">Q5: Za\u0161to je VOPK 80k popularan na veleprodajnim tr\u017ei\u0161tima u Europi?<\/strong><br data-start=\"1762\" data-end=\"1765\" \/>A5: Njegova <strong data-start=\"1773\" data-end=\"1840\">visoka kapacitet za dim, zaslon i vi\u0161e izbora okusa<\/strong> \u010dini ga vrlo atraktivnim za veleprodajne kupce i mlade potro\u0161a\u010de.<\/p>\n<\/div>\n<\/div>\n<\/div>\n<\/div>","protected":false},"excerpt":{"rendered":"<p data-start=\"2159\" data-end=\"2246\"><strong data-start=\"2159\" data-end=\"2244\">VOPK 80000 Puff Jednokratne Vape \u2013 4-u-1 Okusi, 80k Udisaja, Najbolja veleprodajna cijena<\/strong><\/p>\n<p data-start=\"2250\" data-end=\"2331\"><strong data-start=\"2250\" data-end=\"2329\">Veleprodaja VOPK 80k Jednokratnih Vape Mod Setova \u2013 Zaslon i punjenje<\/strong><\/p>\n<p data-start=\"2335\" data-end=\"2416\"><strong data-start=\"2335\" data-end=\"2414\">VOPK 80000 Puff 4-u-1 Jednokratni Vape Set \u2013 Premium Vape Online za tr\u017ei\u0161te EU<\/strong><\/p>\n<p><strong>Dodajte Amy na WhatsApp za brzi odgovor i popust!<\/strong><\/p>\n<p><img fetchpriority=\"high\" decoding=\"async\" class=\"size-full wp-image-2932\" src=\"https:\/\/vapestornado.com\/wp-content\/uploads\/2024\/12\/Vape-Wholesale.jpg\" alt=\"Veleprodaja vejpova\" width=\"229\" height=\"300\" \/><\/p>\n<h3><a href=\"https:\/\/wa.me\/8617776015835\"><span style=\"color: #ff0000;\"><strong>WhatsApp: +86 17776015835<\/strong><\/span><\/a><\/h3>","protected":false},"featured_media":4373,"comment_status":"open","ping_status":"closed","template":"","meta":{"_acf_changed":false,"_uag_custom_page_level_css":"","_lmt_disableupdate":"no","_lmt_disable":"","_monsterinsights_skip_tracking":false,"_monsterinsights_sitenote_active":false,"_monsterinsights_sitenote_note":"","_monsterinsights_sitenote_category":0,"site-sidebar-layout":"default","site-content-layout":"","ast-site-content-layout":"default","site-content-style":"default","site-sidebar-style":"default","ast-global-header-display":"","ast-banner-title-visibility":"","ast-main-header-display":"","ast-hfb-above-header-display":"","ast-hfb-below-header-display":"","ast-hfb-mobile-header-display":"","site-post-title":"","ast-breadcrumbs-content":"","ast-featured-img":"","footer-sml-layout":"","ast-disable-related-posts":"","theme-transparent-header-meta":"default","adv-header-id-meta":"","stick-header-meta":"","header-above-stick-meta":"","header-main-stick-meta":"","header-below-stick-meta":"","astra-migrate-meta-layouts":"set","ast-page-background-enabled":"default","ast-page-background-meta":{"desktop":{"background-color":"","background-image":"","background-repeat":"repeat","background-position":"center center","background-size":"auto","background-attachment":"scroll","background-type":"","background-media":"","overlay-type":"","overlay-color":"","overlay-opacity":"","overlay-gradient":""},"tablet":{"background-color":"","background-image":"","background-repeat":"repeat","background-position":"center center","background-size":"auto","background-attachment":"scroll","background-type":"","background-media":"","overlay-type":"","overlay-color":"","overlay-opacity":"","overlay-gradient":""},"mobile":{"background-color":"","background-image":"","background-repeat":"repeat","background-position":"center center","background-size":"auto","background-attachment":"scroll","background-type":"","background-media":"","overlay-type":"","overlay-color":"","overlay-opacity":"","overlay-gradient":""}},"ast-content-background-meta":{"desktop":{"background-color":"var(--ast-global-color-5)","background-image":"","background-repeat":"repeat","background-position":"center center","background-size":"auto","background-attachment":"scroll","background-type":"","background-media":"","overlay-type":"","overlay-color":"","overlay-opacity":"","overlay-gradient":""},"tablet":{"background-color":"var(--ast-global-color-5)","background-image":"","background-repeat":"repeat","background-position":"center center","background-size":"auto","background-attachment":"scroll","background-type":"","background-media":"","overlay-type":"","overlay-color":"","overlay-opacity":"","overlay-gradient":""},"mobile":{"background-color":"var(--ast-global-color-5)","background-image":"","background-repeat":"repeat","background-position":"center center","background-size":"auto","background-attachment":"scroll","background-type":"","background-media":"","overlay-type":"","overlay-color":"","overlay-opacity":"","overlay-gradient":""}},"_joinchat":[]},"product_brand":[],"product_cat":[344,149,153,156,158,142,143,144,146,290],"product_tag":[378,380,368,381,377,379],"class_list":{"0":"post-4379","1":"product","2":"type-product","3":"status-publish","4":"has-post-thumbnail","6":"product_cat-80000-puff","7":"product_cat-buy-disposable-vapes-in-austria","8":"product_cat-buy-disposable-vapes-in-italy","9":"product_cat-buy-disposable-vapes-in-poland","10":"product_cat-buy-disposable-vapes-in-spain","11":"product_cat-digital-box-disposable-vapes","12":"product_cat-dual-mesh-disposable-vapes","13":"product_cat-low-nicotine-disposable-vapes","14":"product_cat-rechargeable-disposable-vapes","15":"product_cat-vopk-vape","16":"product_tag-4-in-1-vape","17":"product_tag-disposable-vapes-online","18":"product_tag-disposable-vapor","19":"product_tag-vapes-online-wholesale","20":"product_tag-vopk-80000-puff","21":"product_tag-vopk-80k","22":"desktop-align-left","23":"tablet-align-left","24":"mobile-align-left","26":"first","27":"instock","28":"sale","29":"shipping-taxable","30":"purchasable","31":"product-type-simple"},"acf":[],"uagb_featured_image_src":{"full":["https:\/\/vapestornado.com\/wp-content\/uploads\/2025\/09\/VOPK-80k-80000-Puffs-Disposable-Vape-Mod-Kits.webp",800,800,false],"thumbnail":["https:\/\/vapestornado.com\/wp-content\/uploads\/2025\/09\/VOPK-80k-80000-Puffs-Disposable-Vape-Mod-Kits-150x150.webp",150,150,true],"medium":["https:\/\/vapestornado.com\/wp-content\/uploads\/2025\/09\/VOPK-80k-80000-Puffs-Disposable-Vape-Mod-Kits-300x300.webp",300,300,true],"medium_large":["https:\/\/vapestornado.com\/wp-content\/uploads\/2025\/09\/VOPK-80k-80000-Puffs-Disposable-Vape-Mod-Kits-768x768.webp",768,768,true],"large":["https:\/\/vapestornado.com\/wp-content\/uploads\/2025\/09\/VOPK-80k-80000-Puffs-Disposable-Vape-Mod-Kits.webp",800,800,false],"1536x1536":["https:\/\/vapestornado.com\/wp-content\/uploads\/2025\/09\/VOPK-80k-80000-Puffs-Disposable-Vape-Mod-Kits.webp",800,800,false],"2048x2048":["https:\/\/vapestornado.com\/wp-content\/uploads\/2025\/09\/VOPK-80k-80000-Puffs-Disposable-Vape-Mod-Kits.webp",800,800,false],"trp-custom-language-flag":["https:\/\/vapestornado.com\/wp-content\/uploads\/2025\/09\/VOPK-80k-80000-Puffs-Disposable-Vape-Mod-Kits-12x12.webp",12,12,true],"woocommerce_thumbnail":["https:\/\/vapestornado.com\/wp-content\/uploads\/2025\/09\/VOPK-80k-80000-Puffs-Disposable-Vape-Mod-Kits-300x300.webp",300,300,true],"woocommerce_single":["https:\/\/vapestornado.com\/wp-content\/uploads\/2025\/09\/VOPK-80k-80000-Puffs-Disposable-Vape-Mod-Kits-600x600.webp",600,600,true],"woocommerce_gallery_thumbnail":["https:\/\/vapestornado.com\/wp-content\/uploads\/2025\/09\/VOPK-80k-80000-Puffs-Disposable-Vape-Mod-Kits-100x100.webp",100,100,true]},"uagb_author_info":{"display_name":"ESAMY","author_link":"https:\/\/vapestornado.com\/hr\/author\/"},"uagb_comment_info":1,"uagb_excerpt":"VOPK 80000 Puff Disposable Vapes \u2013 4-in-1 Flavor, 80k Puffs, Best Wholesale Price Wholesale VOPK 80k Disposable Vape Mod Kits \u2013 Screen Display &amp; Rechargeable VOPK 80000 Puff 4-in-1 Disposable Vape Kit\u2013 Premium Vapes Online for EU Market Add Amy's whatsapp to get right reply and discount price! WhatsApp: +86 17776015835","_links":{"self":[{"href":"https:\/\/vapestornado.com\/hr\/wp-json\/wp\/v2\/product\/4379","targetHints":{"allow":["GET"]}}],"collection":[{"href":"https:\/\/vapestornado.com\/hr\/wp-json\/wp\/v2\/product"}],"about":[{"href":"https:\/\/vapestornado.com\/hr\/wp-json\/wp\/v2\/types\/product"}],"replies":[{"embeddable":true,"href":"https:\/\/vapestornado.com\/hr\/wp-json\/wp\/v2\/comments?post=4379"}],"wp:featuredmedia":[{"embeddable":true,"href":"https:\/\/vapestornado.com\/hr\/wp-json\/wp\/v2\/media\/4373"}],"wp:attachment":[{"href":"https:\/\/vapestornado.com\/hr\/wp-json\/wp\/v2\/media?parent=4379"}],"wp:term":[{"taxonomy":"product_brand","embeddable":true,"href":"https:\/\/vapestornado.com\/hr\/wp-json\/wp\/v2\/product_brand?post=4379"},{"taxonomy":"product_cat","embeddable":true,"href":"https:\/\/vapestornado.com\/hr\/wp-json\/wp\/v2\/product_cat?post=4379"},{"taxonomy":"product_tag","embeddable":true,"href":"https:\/\/vapestornado.com\/hr\/wp-json\/wp\/v2\/product_tag?post=4379"}],"curies":[{"name":"wp","href":"https:\/\/api.w.org\/{rel}","templated":true}]}}