{"id":4363,"date":"2025-09-20T03:33:56","date_gmt":"2025-09-20T03:33:56","guid":{"rendered":"https:\/\/vapestornado.com\/?post_type=product&#038;p=4363"},"modified":"2025-09-20T06:28:53","modified_gmt":"2025-09-20T06:28:53","slug":"bang-box-turbo-42000-puff-dual-vaping-mode-touch-screen-disposable-vape","status":"publish","type":"product","link":"https:\/\/vapestornado.com\/hr\/product\/bang-box-turbo-42000-puff-dual-vaping-mode-touch-screen-disposable-vape\/","title":{"rendered":"Bang Box Turbo 42000 Puffs Dvostruki Na\u010din Vape za Jednokratnu Upotrebu sa Zaslonom Osjetljivim na Dodir"},"content":{"rendered":"<h2 data-pm-slice=\"1 1 []\">Bang Box Turbo 42000 Puff \u2013 Jednokratni vape s dodirnim zaslonom i dvostrukim na\u010dinom vapinga<\/h2>\n<p data-start=\"272\" data-end=\"659\">Ovo <strong data-start=\"276\" data-end=\"300\">Bang Box Turbo 42000<\/strong> je izra\u0111en za vape korisnike koji \u017eele snagu, stil i kontrolu u jednom ure\u0111aju. Sa svojim <strong data-start=\"380\" data-end=\"400\">dva na\u010dina pu\u0161enja<\/strong>, mo\u017eete se prebacivati izme\u0111u <strong data-start=\"425\" data-end=\"462\">redovitim na\u010dinom (do 42.000 puhanja)<\/strong> or <strong data-start=\"466\" data-end=\"495\">pulse na\u010dinom (30.000 puhanja)<\/strong> za ja\u010di udarac. Ova fleksibilnost \u010dini ga idealnim izborom za <b>razli\u010dite vape korisnike<\/b> koji tra\u017ee jednokratni vape koji se prilago\u0111ava njihovom na\u010dinu \u017eivota.<\/p>\n<p data-start=\"661\" data-end=\"989\">Opremljen s <strong data-start=\"677\" data-end=\"703\">3D zakrivljeni dodirni zaslon<\/strong>, onda je <strong data-start=\"709\" data-end=\"741\">Bang Box 42k Jednokratni Vape Pod<\/strong>\u00a0prati vas u stvarnom vremenu o trajanju baterije i razini e-teku\u0107ine. Bez naga\u0111anja\u2014samo jasne, pouzdane informacije na prvi pogled. <strong data-start=\"878\" data-end=\"902\">28mL unaprijed napunjeni spremnik<\/strong> u kombinaciji s <strong data-start=\"917\" data-end=\"935\">mre\u017easta zavojnica<\/strong> pru\u017ea sna\u017ene, glatke okuse od po\u010detka do kraja.<\/p>\n<p data-start=\"991\" data-end=\"1263\">Pokre\u0107e ga <strong data-start=\"1004\" data-end=\"1042\">750mAh Type-C punjiva baterija<\/strong>, Bang Box Turbo 42000 jam\u010di dugotrajne sesije bez prekida. Odaberite \u017eeljenu ja\u010dinu s <strong data-start=\"1161\" data-end=\"1201\">opcijama nikotina 0%, 2%, 3% ili 5%<\/strong>, \u0161to ga \u010dini prikladnim za povremene i iskusne vape korisnike.<\/p>\n<p data-start=\"1265\" data-end=\"1583\">Izbor okusa uklju\u010duje <strong data-start=\"1288\" data-end=\"1362\">Jagoda Lubenica, Meksi\u010dki Mango, Miamijska Menta, Gro\u017e\u0111e B Pop i jo\u0161 mnogo toga<\/strong>, pru\u017eaju\u0107i vam \u0161irok izbor vo\u0107a, leda i slatkih mje\u0161avina kako bi svaka dimnja bila uzbudljiva. Sa svojim kompaktnim, ali vrhunskim dizajnom, ovo <strong data-start=\"1493\" data-end=\"1525\">Jednokratni vaporizator s dodirnim zaslonom<\/strong> nije samo ure\u0111aj\u2014to je izjava o modernom vaping-u.<\/p>\n<h3 data-start=\"1585\" data-end=\"1624\">Za\u0161to kupiti Bang Box Turbo 42000?<\/h3>\n<ul data-start=\"1625\" data-end=\"1935\">\n<li data-start=\"1625\" data-end=\"1693\">\n<p data-start=\"1627\" data-end=\"1693\"><strong data-start=\"1627\" data-end=\"1647\">Dvaput na\u010din pu\u0161enja<\/strong>: Redovni ili Puls za prilago\u0111eno zadovoljstvo<\/p>\n<\/li>\n<li data-start=\"1694\" data-end=\"1760\">\n<p data-start=\"1696\" data-end=\"1760\"><strong data-start=\"1696\" data-end=\"1720\">Zaslon osjetljiv na dodir<\/strong>: Pra\u0107enje ulja i baterije u stvarnom vremenu<\/p>\n<\/li>\n<li data-start=\"1761\" data-end=\"1815\">\n<p data-start=\"1763\" data-end=\"1815\"><strong data-start=\"1763\" data-end=\"1780\">Veliki kapacitet<\/strong>: 42.000 dimova s 28 mL e-teku\u0107ine<\/p>\n<\/li>\n<li data-start=\"1816\" data-end=\"1875\">\n<p data-start=\"1818\" data-end=\"1875\"><strong data-start=\"1818\" data-end=\"1831\">Mre\u017easta zavojnica<\/strong>: Glatki oblaci i puni okus svaki put<\/p>\n<\/li>\n<li data-start=\"1876\" data-end=\"1935\">\n<p data-start=\"1878\" data-end=\"1935\"><strong data-start=\"1878\" data-end=\"1894\">Punjivo<\/strong>: 750mAh baterija Type-C za udobnost<\/p>\n<\/li>\n<\/ul>\n<p><strong><span style=\"color: #ff0000;\">Dodajte Amy na WhatsApp za brzi odgovor i kupon za vape!<\/span><\/strong><\/p>\n<p><img fetchpriority=\"high\" decoding=\"async\" class=\"size-full wp-image-2932\" src=\"https:\/\/vapestornado.com\/wp-content\/uploads\/2024\/12\/Vape-Wholesale.jpg\" alt=\"Veleprodaja vejpova\" width=\"229\" height=\"300\" \/><\/p>\n<h3><a href=\"https:\/\/wa.me\/8617776015835\" target=\"_blank\" rel=\"noopener\"><span style=\"color: #ff0000;\"><strong>WhatsApp: +86 17776015835<\/strong><\/span><\/a><\/h3>\n<p>&nbsp;<\/p>\n<h2><strong>Karakteristike proizvoda Bang Box Turbo 42000 Dimnih Ure\u0111aja za Jednokratnu Upotrebu<\/strong><\/h2>\n<p>Dimovi: 42000 dimova (obi\u010dni na\u010din)<br \/>\n30000 dimova (Pulse na\u010din)<br \/>\nDvaput na\u010din pu\u0161enja<br \/>\nTeku\u0107ina: 28 mL unaprijed napunjeno<br \/>\nNikotin: 0% 2% 3% 5%<br \/>\nJezgra: Mre\u017easta spirala 1.0 \u03a9<br \/>\nBaterija: 750 mAh s punjenjem putem Type-C<br \/>\n3D zakrivljeni zaslon za pra\u0107enje ulja i baterije<\/p>\n<figure id=\"attachment_4359\" aria-describedby=\"caption-attachment-4359\" style=\"width: 300px\" class=\"wp-caption alignnone\"><img decoding=\"async\" class=\"size-medium wp-image-4359\" src=\"https:\/\/vapestornado.com\/wp-content\/uploads\/2025\/09\/Bang-Box-Turbo-42000-Puff-Dispsoable-Vape-Mod-Kits-300x300.webp\" alt=\"Bang Box Turbo 42000 Dimnih Ure\u0111aja za Jednokratnu Upotrebu\" width=\"300\" height=\"300\" srcset=\"https:\/\/vapestornado.com\/wp-content\/uploads\/2025\/09\/Bang-Box-Turbo-42000-Puff-Dispsoable-Vape-Mod-Kits-300x300.webp 300w, https:\/\/vapestornado.com\/wp-content\/uploads\/2025\/09\/Bang-Box-Turbo-42000-Puff-Dispsoable-Vape-Mod-Kits-1024x1024.webp 1024w, https:\/\/vapestornado.com\/wp-content\/uploads\/2025\/09\/Bang-Box-Turbo-42000-Puff-Dispsoable-Vape-Mod-Kits-150x150.webp 150w, https:\/\/vapestornado.com\/wp-content\/uploads\/2025\/09\/Bang-Box-Turbo-42000-Puff-Dispsoable-Vape-Mod-Kits-768x768.webp 768w, https:\/\/vapestornado.com\/wp-content\/uploads\/2025\/09\/Bang-Box-Turbo-42000-Puff-Dispsoable-Vape-Mod-Kits-12x12.webp 12w, https:\/\/vapestornado.com\/wp-content\/uploads\/2025\/09\/Bang-Box-Turbo-42000-Puff-Dispsoable-Vape-Mod-Kits-600x600.webp 600w, https:\/\/vapestornado.com\/wp-content\/uploads\/2025\/09\/Bang-Box-Turbo-42000-Puff-Dispsoable-Vape-Mod-Kits-100x100.webp 100w, https:\/\/vapestornado.com\/wp-content\/uploads\/2025\/09\/Bang-Box-Turbo-42000-Puff-Dispsoable-Vape-Mod-Kits.webp 1500w\" sizes=\"(max-width: 300px) 100vw, 300px\" \/><figcaption id=\"caption-attachment-4359\" class=\"wp-caption-text\">Bang Box Turbo 42000 Dimnih Ure\u0111aja za Jednokratnu Upotrebu<\/figcaption><\/figure>\n<h2 class=\"product-title\"><strong>Bang Box Turbo 42000 Popis Okusa<\/strong><\/h2>\n<p data-start=\"2550\" data-end=\"2736\">1.Jagoda Lubenica<br \/>\n2. Divlje Bobice<br \/>\n3. Blue Razz Ice<br \/>\n4.Borovnica Lubenica<br \/>\n5. Kisela Jabuka Led<br \/>\n6. Limeta Bobica Naran\u010da<br \/>\n7. Meksi\u010dki Mango<br \/>\n8. Miamijska Menta<br \/>\n9. Led od lubenice<br \/>\n10. Slatka Tre\u0161nja<br \/>\n11. Gro\u017e\u0111e B Pop<br \/>\n12. Kupina B Pop<\/p>\n<div class=\"flex-shrink-0 flex flex-col relative items-end\">\n<div class=\"pt-0\">\n<div class=\"gizmo-bot-avatar flex h-8 w-8 items-center justify-center overflow-hidden rounded-full\">\n<div class=\"relative p-1 rounded-sm flex items-center justify-center bg-token-main-surface-primary text-token-text-primary h-8 w-8\">\n<h2 data-start=\"1200\" data-end=\"1487\">Vapes Tornado \u2013 Va\u0161a online veleprodaja vape trgovine za vrhunske europske marke vapea<\/h2>\n<p data-start=\"1200\" data-end=\"1487\"><strong data-start=\"213\" data-end=\"248\">Vapes Tornado Online du\u0107an za dim<\/strong> Vapes Tornado \u2013 Va\u0161e veleprodajno sredi\u0161te za vrhunske marke vape u Europi<strong data-start=\"403\" data-end=\"431\">\u00a0popularnim brendovima vapeova<\/strong>, uklju\u010duju\u0107i <strong data-start=\"443\" data-end=\"502\"><a href=\"https:\/\/vapestornado.com\/hr\/product-category\/elf-bar-vape\/\">ELF BAR VAPE<\/a>, Vapme VAPE, <a href=\"https:\/\/vapestornado.com\/hr\/product\/vozol-gear-power-20k-20000-puffs-vape-rechargeable-disposable-box-bulk-buy-cheap-price\/\">VOZOL VAPE<\/a><\/strong><strong data-start=\"443\" data-end=\"502\">i <a href=\"https:\/\/vapestornado.com\/hr\/product-category\/bang-vape\/\">Bum Vape<\/a><\/strong>. Na\u0161a je trgovina izgra\u0111ena da slu\u017ei individualnim kupcima i veleprodajnim kupcima, pru\u017eaju\u0107i pouzdane proizvode koji kombiniraju sna\u017ene performanse, moderan dizajn i konkurentne cijene.<\/p>\n<h2 data-start=\"2064\" data-end=\"2115\">\u010cesto postavljana pitanja o Bang Box 42k Udisaju jednokratnoj e-cigaretama<\/h2>\n<p data-start=\"1990\" data-end=\"2128\"><strong data-start=\"1990\" data-end=\"2049\">1. Koliko udisaja mo\u017ee pru\u017eiti Bang Box Turbo 42000?<\/strong><br data-start=\"2049\" data-end=\"2052\" \/>Do <strong data-start=\"2058\" data-end=\"2090\">42.000 udisaja u redovnom na\u010dinu rada<\/strong> i <strong data-start=\"2095\" data-end=\"2125\">30.000 udisaja u pulse na\u010dinu rada<\/strong>.<\/p>\n<p data-start=\"2130\" data-end=\"2311\"><strong data-start=\"2130\" data-end=\"2202\">2. \u0160to \u010dini Bang Box 42k jedinstvenim u usporedbi s drugim jednokratnim e-cigaretama?<\/strong><br data-start=\"2202\" data-end=\"2205\" \/>Nudi <strong data-start=\"2217\" data-end=\"2237\">dva na\u010dina pu\u0161enja<\/strong> i <strong data-start=\"2244\" data-end=\"2263\">3D dodirni zaslon<\/strong>, pru\u017eaju\u0107i korisnicima kontrolu i prilagodbu.<\/p>\n<p data-start=\"2313\" data-end=\"2441\"><strong data-start=\"2313\" data-end=\"2361\">3. Je li Bang Box Turbo 42000 punjiv?<\/strong><br data-start=\"2361\" data-end=\"2364\" \/>Da, uklju\u010duje <strong data-start=\"2383\" data-end=\"2421\">750mAh Type-C punjiva baterija<\/strong> za produljenu upotrebu.<\/p>\n<p data-start=\"2443\" data-end=\"2548\"><strong data-start=\"2443\" data-end=\"2484\">4. Koje su razine nikotina dostupne?<\/strong><br data-start=\"2484\" data-end=\"2487\" \/>Mo\u017eete birati izme\u0111u <strong data-start=\"2507\" data-end=\"2545\">0%, 2%, 3% ili 5% ja\u010dina nikotina<\/strong>.<\/p>\n<p data-start=\"2550\" data-end=\"2736\"><strong data-start=\"2550\" data-end=\"2611\">5. Koji su popularni okusi od Bang Box Turbo 42000?<\/strong><br data-start=\"2611\" data-end=\"2614\" \/>Opcije uklju\u010duju <strong data-start=\"2630\" data-end=\"2723\">Jagoda Lubenica, Plavi Razz Ice, Meksi\u010dki Mango, Miami Menta, Slatka Tre\u0161nja, Gro\u017e\u0111e B Pop<\/strong>, i vi\u0161e.<\/p>\n<\/div>\n<\/div>\n<\/div>\n<\/div>","protected":false},"excerpt":{"rendered":"<p>Ovo <strong data-start=\"2783\" data-end=\"2812\">Bang Box Turbo 42000 Udisaja<\/strong> kombinira <strong data-start=\"2822\" data-end=\"2842\">dva na\u010dina pu\u0161enja<\/strong>, a <strong data-start=\"2846\" data-end=\"2870\">zaslon na dodir<\/strong>i <strong data-start=\"2876\" data-end=\"2892\">42000 udisaja<\/strong> od hrabre arome. S <strong data-start=\"2916\" data-end=\"2947\">750mAh punjivom baterijom<\/strong> i <strong data-start=\"2952\" data-end=\"2969\">kapacitetom od 28mL<\/strong>, to je pametan izbor za kupce na veliko diljem Europe.<\/p>\n<p><strong>Dodajte Amy na WhatsApp za brzi odgovor i popust!<\/strong><\/p>\n<p><img fetchpriority=\"high\" decoding=\"async\" class=\"size-full wp-image-2932\" src=\"https:\/\/vapestornado.com\/wp-content\/uploads\/2024\/12\/Vape-Wholesale.jpg\" alt=\"Veleprodaja vejpova\" width=\"229\" height=\"300\" \/><\/p>\n<h3><a href=\"https:\/\/wa.me\/8617776015835\"><span style=\"color: #ff0000;\"><strong>WhatsApp: +86 17776015835<\/strong><\/span><\/a><\/h3>","protected":false},"featured_media":4360,"comment_status":"open","ping_status":"closed","template":"","meta":{"_acf_changed":false,"_uag_custom_page_level_css":"","_lmt_disableupdate":"no","_lmt_disable":"","_monsterinsights_skip_tracking":false,"_monsterinsights_sitenote_active":false,"_monsterinsights_sitenote_note":"","_monsterinsights_sitenote_category":0,"site-sidebar-layout":"default","site-content-layout":"","ast-site-content-layout":"default","site-content-style":"default","site-sidebar-style":"default","ast-global-header-display":"","ast-banner-title-visibility":"","ast-main-header-display":"","ast-hfb-above-header-display":"","ast-hfb-below-header-display":"","ast-hfb-mobile-header-display":"","site-post-title":"","ast-breadcrumbs-content":"","ast-featured-img":"","footer-sml-layout":"","ast-disable-related-posts":"","theme-transparent-header-meta":"default","adv-header-id-meta":"","stick-header-meta":"","header-above-stick-meta":"","header-main-stick-meta":"","header-below-stick-meta":"","astra-migrate-meta-layouts":"set","ast-page-background-enabled":"default","ast-page-background-meta":{"desktop":{"background-color":"","background-image":"","background-repeat":"repeat","background-position":"center center","background-size":"auto","background-attachment":"scroll","background-type":"","background-media":"","overlay-type":"","overlay-color":"","overlay-opacity":"","overlay-gradient":""},"tablet":{"background-color":"","background-image":"","background-repeat":"repeat","background-position":"center center","background-size":"auto","background-attachment":"scroll","background-type":"","background-media":"","overlay-type":"","overlay-color":"","overlay-opacity":"","overlay-gradient":""},"mobile":{"background-color":"","background-image":"","background-repeat":"repeat","background-position":"center center","background-size":"auto","background-attachment":"scroll","background-type":"","background-media":"","overlay-type":"","overlay-color":"","overlay-opacity":"","overlay-gradient":""}},"ast-content-background-meta":{"desktop":{"background-color":"var(--ast-global-color-5)","background-image":"","background-repeat":"repeat","background-position":"center center","background-size":"auto","background-attachment":"scroll","background-type":"","background-media":"","overlay-type":"","overlay-color":"","overlay-opacity":"","overlay-gradient":""},"tablet":{"background-color":"var(--ast-global-color-5)","background-image":"","background-repeat":"repeat","background-position":"center center","background-size":"auto","background-attachment":"scroll","background-type":"","background-media":"","overlay-type":"","overlay-color":"","overlay-opacity":"","overlay-gradient":""},"mobile":{"background-color":"var(--ast-global-color-5)","background-image":"","background-repeat":"repeat","background-position":"center center","background-size":"auto","background-attachment":"scroll","background-type":"","background-media":"","overlay-type":"","overlay-color":"","overlay-opacity":"","overlay-gradient":""}},"_joinchat":{"telephone":"17776015835"}},"product_brand":[],"product_cat":[62,64,151,153,156,158,142,143,144,146],"product_tag":[372,371,369,370,368,373],"class_list":{"0":"post-4363","1":"product","2":"type-product","3":"status-publish","4":"has-post-thumbnail","6":"product_cat-bang-vape","7":"product_cat-bangbox-vape","8":"product_cat-buy-disposable-vapes-in-france","9":"product_cat-buy-disposable-vapes-in-italy","10":"product_cat-buy-disposable-vapes-in-poland","11":"product_cat-buy-disposable-vapes-in-spain","12":"product_cat-digital-box-disposable-vapes","13":"product_cat-dual-mesh-disposable-vapes","14":"product_cat-low-nicotine-disposable-vapes","15":"product_cat-rechargeable-disposable-vapes","16":"product_tag-bang-box-42k","17":"product_tag-bang-box-turbo-42000","18":"product_tag-buy-disposable-vape-online","19":"product_tag-disposable-vape-bulk-buy","20":"product_tag-disposable-vapor","21":"product_tag-touch-screen-disposable-vape","22":"desktop-align-left","23":"tablet-align-left","24":"mobile-align-left","26":"first","27":"instock","28":"sale","29":"shipping-taxable","30":"purchasable","31":"product-type-simple"},"acf":[],"uagb_featured_image_src":{"full":["https:\/\/vapestornado.com\/wp-content\/uploads\/2025\/09\/Bang-Box-Turbo-42000-Puff-Touch-Screen-Vape.webp",1000,1000,false],"thumbnail":["https:\/\/vapestornado.com\/wp-content\/uploads\/2025\/09\/Bang-Box-Turbo-42000-Puff-Touch-Screen-Vape-150x150.webp",150,150,true],"medium":["https:\/\/vapestornado.com\/wp-content\/uploads\/2025\/09\/Bang-Box-Turbo-42000-Puff-Touch-Screen-Vape-300x300.webp",300,300,true],"medium_large":["https:\/\/vapestornado.com\/wp-content\/uploads\/2025\/09\/Bang-Box-Turbo-42000-Puff-Touch-Screen-Vape-768x768.webp",768,768,true],"large":["https:\/\/vapestornado.com\/wp-content\/uploads\/2025\/09\/Bang-Box-Turbo-42000-Puff-Touch-Screen-Vape.webp",1000,1000,false],"1536x1536":["https:\/\/vapestornado.com\/wp-content\/uploads\/2025\/09\/Bang-Box-Turbo-42000-Puff-Touch-Screen-Vape.webp",1000,1000,false],"2048x2048":["https:\/\/vapestornado.com\/wp-content\/uploads\/2025\/09\/Bang-Box-Turbo-42000-Puff-Touch-Screen-Vape.webp",1000,1000,false],"trp-custom-language-flag":["https:\/\/vapestornado.com\/wp-content\/uploads\/2025\/09\/Bang-Box-Turbo-42000-Puff-Touch-Screen-Vape-12x12.webp",12,12,true],"woocommerce_thumbnail":["https:\/\/vapestornado.com\/wp-content\/uploads\/2025\/09\/Bang-Box-Turbo-42000-Puff-Touch-Screen-Vape-300x300.webp",300,300,true],"woocommerce_single":["https:\/\/vapestornado.com\/wp-content\/uploads\/2025\/09\/Bang-Box-Turbo-42000-Puff-Touch-Screen-Vape-600x600.webp",600,600,true],"woocommerce_gallery_thumbnail":["https:\/\/vapestornado.com\/wp-content\/uploads\/2025\/09\/Bang-Box-Turbo-42000-Puff-Touch-Screen-Vape-100x100.webp",100,100,true]},"uagb_author_info":{"display_name":"ESAMY","author_link":"https:\/\/vapestornado.com\/hr\/author\/"},"uagb_comment_info":1,"uagb_excerpt":"The Bang Box Turbo 42000 Puff combines dual vaping mode, a touch screen display, and 42000 puffs of bold flavor. With a 750mAh rechargeable battery and 28mL capacity, it\u2019s the smart choice for bulk wholesale buyers across Europe. Add Amy's whatsapp to get right reply and discount price! WhatsApp: +86 17776015835","_links":{"self":[{"href":"https:\/\/vapestornado.com\/hr\/wp-json\/wp\/v2\/product\/4363","targetHints":{"allow":["GET"]}}],"collection":[{"href":"https:\/\/vapestornado.com\/hr\/wp-json\/wp\/v2\/product"}],"about":[{"href":"https:\/\/vapestornado.com\/hr\/wp-json\/wp\/v2\/types\/product"}],"replies":[{"embeddable":true,"href":"https:\/\/vapestornado.com\/hr\/wp-json\/wp\/v2\/comments?post=4363"}],"wp:featuredmedia":[{"embeddable":true,"href":"https:\/\/vapestornado.com\/hr\/wp-json\/wp\/v2\/media\/4360"}],"wp:attachment":[{"href":"https:\/\/vapestornado.com\/hr\/wp-json\/wp\/v2\/media?parent=4363"}],"wp:term":[{"taxonomy":"product_brand","embeddable":true,"href":"https:\/\/vapestornado.com\/hr\/wp-json\/wp\/v2\/product_brand?post=4363"},{"taxonomy":"product_cat","embeddable":true,"href":"https:\/\/vapestornado.com\/hr\/wp-json\/wp\/v2\/product_cat?post=4363"},{"taxonomy":"product_tag","embeddable":true,"href":"https:\/\/vapestornado.com\/hr\/wp-json\/wp\/v2\/product_tag?post=4363"}],"curies":[{"name":"wp","href":"https:\/\/api.w.org\/{rel}","templated":true}]}}