{"id":4319,"date":"2025-08-29T08:39:13","date_gmt":"2025-08-29T08:39:13","guid":{"rendered":"https:\/\/vapestornado.com\/?post_type=product&#038;p=4319"},"modified":"2025-08-29T09:18:04","modified_gmt":"2025-08-29T09:18:04","slug":"buy-authentic-waspe-100000-puffs-low-nicotine-disposable-vape-pen-at-wholesale-price","status":"publish","type":"product","link":"https:\/\/vapestornado.com\/hr\/product\/buy-authentic-waspe-100000-puffs-low-nicotine-disposable-vape-pen-at-wholesale-price\/","title":{"rendered":"Kupite autenti\u010dnu WASPE 100000 Puffs jednokratnu vape olovku s niskim udjelom nikotina po veleprodajnoj cijeni"},"content":{"rendered":"<h2 data-pm-slice=\"1 1 []\">Kupite autenti\u010dnu WASPE 100000 Puffs jednokratnu vape olovku s niskim udjelom nikotina po veleprodajnoj cijeni<\/h2>\n<p data-start=\"375\" data-end=\"654\">Ovo <strong data-start=\"379\" data-end=\"421\">WASPE 100000 Puffs Jednokratna Vape Olovka<\/strong> je izra\u0111ena za one koji zahtijevaju velike performanse u kompaktnom dizajnu. S nevjerojatnim <strong data-start=\"508\" data-end=\"530\">kapacitetom od 100K udisaja<\/strong> i <strong data-start=\"537\" data-end=\"559\">spremnikom za e-teku\u0107inu od 56mL<\/strong>, pru\u017ea neusporedivu vrijednost za osobnu upotrebu i veleprodajnu distribuciju diljem Europe.<\/p>\n<p data-start=\"656\" data-end=\"909\">Projektiran s <strong data-start=\"672\" data-end=\"698\">\u010detverostrukim mre\u017eastim grija\u010dima (1.0\u03a9)<\/strong>, svaki je povla\u010denje glatko, sna\u017eno i dosljedno. Sustav <strong data-start=\"748\" data-end=\"782\">izmjenjivih okusa 4-u-1<\/strong> odr\u017eava va\u0161e vaping iskustvo svje\u017eim i uzbudljivim, savr\u0161eno za mla\u0111e vapere koji \u017eele raznolikost bez no\u0161enja vi\u0161e ure\u0111aja.<\/p>\n<p data-start=\"911\" data-end=\"1248\">Ovo <strong data-start=\"915\" data-end=\"953\">Punjiva Type-C baterija od 650mAh<\/strong> osigurava dugotrajne sesije, dok <strong data-start=\"995\" data-end=\"1010\">LED zaslon<\/strong> daje trenutne informacije o razinama baterije i teku\u0107ine\u2014uklanjaju\u0107i naga\u0111anja i dodaju\u0107i potpunu kontrolu. Dostupan u <strong data-start=\"1118\" data-end=\"1149\">ja\u010dinama nikotina od 2% i 5%<\/strong>, onda je <strong data-start=\"1155\" data-end=\"1189\">WASPE 100K Jednokratna Vape Olovka<\/strong> posti\u017ee pravu ravnote\u017eu izme\u0111u snage i prakti\u010dnosti.<\/p>\n<p><strong><span style=\"color: #ff0000;\">Dodajte Amy na WhatsApp za brzi odgovor i kupon za vape!<\/span><\/strong><\/p>\n<p><img fetchpriority=\"high\" decoding=\"async\" class=\"size-full wp-image-2932\" src=\"https:\/\/vapestornado.com\/wp-content\/uploads\/2024\/12\/Vape-Wholesale.jpg\" alt=\"Veleprodaja vejpova\" width=\"229\" height=\"300\" \/><\/p>\n<h3><a href=\"https:\/\/wa.me\/8617776015835\" target=\"_blank\" rel=\"noopener\"><span style=\"color: #ff0000;\"><strong>WhatsApp: +86 17776015835<\/strong><\/span><\/a><\/h3>\n<p>&nbsp;<\/p>\n<h2><strong>WASPE 100000 Puffs Zna\u010dajke proizvoda<\/strong><\/h2>\n<p><strong data-start=\"1252\" data-end=\"1280\">100.000 udisaja po ure\u0111aju<\/strong><br data-start=\"1280\" data-end=\"1283\" \/><strong data-start=\"1285\" data-end=\"1316\">Sustav prebacivanja okusa 4-u-1<\/strong><br data-start=\"1316\" data-end=\"1319\" \/><strong data-start=\"1321\" data-end=\"1354\">\u010cetverostruki mre\u017easti grija\u010d za bogatu paru<\/strong><br data-start=\"1354\" data-end=\"1357\" \/><strong data-start=\"1359\" data-end=\"1403\">56mL kapacitet e-teku\u0107ine | 2% \/ 5% nikotin<\/strong><br data-start=\"1403\" data-end=\"1406\" \/><strong data-start=\"1408\" data-end=\"1446\">650mAh Type-C punjiva baterija<\/strong><br data-start=\"1446\" data-end=\"1449\" \/><strong data-start=\"1451\" data-end=\"1495\">LED zaslon za bateriju<\/strong><\/p>\n<h2 class=\"product-title\"><strong>WASPE 100000 Udisaja Lista Okusa<\/strong><\/h2>\n<p>1. Lubenica Led<br \/>\n2. Jagoda Lubenica<br \/>\n3. Red Bull Led<br \/>\n4. Jagoda Malina Tre\u0161nja<br \/>\n5. Jagoda Banana<br \/>\n6. Borovnica Led<br \/>\n7. Tre\u0161nja Cola Led<br \/>\nLubeni\u010dasta \u017evaka\u0107a guma<br \/>\n8. So\u010dna Breskva Led<br \/>\n9. Gro\u017e\u0111e Led<br \/>\n10. Mije\u0161ano Bobi\u010dasto Vo\u0107e<br \/>\n11. Jagoda Red bull<br \/>\nLedena Cola od Tre\u0161nje<br \/>\n12. Borovnica Malina<\/p>\n<figure id=\"attachment_4314\" aria-describedby=\"caption-attachment-4314\" style=\"width: 300px\" class=\"wp-caption alignnone\"><img decoding=\"async\" class=\"size-medium wp-image-4314\" src=\"https:\/\/vapestornado.com\/wp-content\/uploads\/2025\/08\/WASPE-100000-Puff-100k-Online-Vape-Shop-300x300.webp\" alt=\"WASPE 100000 Udisaja 100k Online Vape Shop\" width=\"300\" height=\"300\" srcset=\"https:\/\/vapestornado.com\/wp-content\/uploads\/2025\/08\/WASPE-100000-Puff-100k-Online-Vape-Shop-300x300.webp 300w, https:\/\/vapestornado.com\/wp-content\/uploads\/2025\/08\/WASPE-100000-Puff-100k-Online-Vape-Shop-150x150.webp 150w, https:\/\/vapestornado.com\/wp-content\/uploads\/2025\/08\/WASPE-100000-Puff-100k-Online-Vape-Shop-768x768.webp 768w, https:\/\/vapestornado.com\/wp-content\/uploads\/2025\/08\/WASPE-100000-Puff-100k-Online-Vape-Shop-12x12.webp 12w, https:\/\/vapestornado.com\/wp-content\/uploads\/2025\/08\/WASPE-100000-Puff-100k-Online-Vape-Shop-600x600.webp 600w, https:\/\/vapestornado.com\/wp-content\/uploads\/2025\/08\/WASPE-100000-Puff-100k-Online-Vape-Shop-100x100.webp 100w, https:\/\/vapestornado.com\/wp-content\/uploads\/2025\/08\/WASPE-100000-Puff-100k-Online-Vape-Shop.webp 800w\" sizes=\"(max-width: 300px) 100vw, 300px\" \/><figcaption id=\"caption-attachment-4314\" class=\"wp-caption-text\">WASPE 100000 Udisaja 100k Online Vape Shop<\/figcaption><\/figure>\n<div class=\"flex-shrink-0 flex flex-col relative items-end\">\n<div class=\"pt-0\">\n<div class=\"gizmo-bot-avatar flex h-8 w-8 items-center justify-center overflow-hidden rounded-full\">\n<div class=\"relative p-1 rounded-sm flex items-center justify-center bg-token-main-surface-primary text-token-text-primary h-8 w-8\">\n<h2 data-start=\"435\" data-end=\"491\"><strong data-start=\"439\" data-end=\"489\">Za\u0161to Odabrati WASPE 100K Jednokratnu Vape Olovku?<\/strong><\/h2>\n<p data-start=\"492\" data-end=\"586\">Istaknite kapacitet od 100.000 udisaja, dugotrajan dizajn i privla\u010dnost mladima na tr\u017ei\u0161tu u Hrvatskoj.<\/p>\n<h3 data-start=\"588\" data-end=\"639\"><strong data-start=\"592\" data-end=\"637\">4-u-1 Sustav Okusa za Non-Stop Raznolikost<\/strong><\/h3>\n<p data-start=\"640\" data-end=\"708\">Objasnite zamjenjive okuse zbog kojih se jedan ure\u0111aj \u010dini kao \u010detiri.<\/p>\n<h3 data-start=\"710\" data-end=\"757\"><strong data-start=\"714\" data-end=\"755\">Veliki kapacitet s vrhunskim in\u017eenjeringom<\/strong><\/h3>\n<p data-start=\"758\" data-end=\"835\">Naglasite 56 ml e-teku\u0107ine, \u010detverostruke mre\u017easte grija\u010de (1,0 \u03a9) i dosljedan, sna\u017ean okus.<\/p>\n<h3 data-start=\"837\" data-end=\"888\"><strong data-start=\"841\" data-end=\"886\">Pametna snaga, dizajnirana za tr\u017ei\u0161te Europe<\/strong><\/h3>\n<p data-start=\"889\" data-end=\"987\">Prika\u017eite 650mAh Type-C punjivu bateriju i LED zaslon za bateriju<\/p>\n<h3 data-start=\"989\" data-end=\"1035\"><strong data-start=\"993\" data-end=\"1033\">Savr\u0161ena ravnote\u017ea ja\u010dine nikotina<\/strong><\/h3>\n<p data-start=\"1036\" data-end=\"1112\">Ponudite detalje o 2% i 5% opcijama nikotina kako bi odgovarale razli\u010ditim preferencijama.<\/p>\n<h3 data-start=\"1114\" data-end=\"1171\"><strong data-start=\"1118\" data-end=\"1169\">WASPE 100000 Puffs \u2013 Izra\u0111en za veleprodajnu potra\u017enju<\/strong><\/h3>\n<p data-start=\"1172\" data-end=\"1260\">Oja\u010dajte sna\u017enu vrijednost, pouzdanost i privla\u010dnost distributerima na tr\u017ei\u0161tima EU.<\/p>\n<\/div>\n<h3><\/h3>\n<div class=\"relative p-1 rounded-sm flex items-center justify-center bg-token-main-surface-primary text-token-text-primary h-8 w-8\">\n<h2>\u010cesto postavljana pitanja za WASPE 100000 Puffs jednokratnu e-cigaretu<\/h2>\n<\/div>\n<\/div>\n<\/div>\n<\/div>\n<div class=\"flex-shrink-0 flex flex-col relative items-end\">\n<div class=\"pt-0\">\n<div class=\"gizmo-bot-avatar flex h-8 w-8 items-center justify-center overflow-hidden rounded-full\">\n<div class=\"relative p-1 rounded-sm flex items-center justify-center bg-token-main-surface-primary text-token-text-primary h-8 w-8\">\n<div class=\"mb-2 flex gap-3 empty:hidden -ml-2\">\n<p data-start=\"308\" data-end=\"562\"><strong data-start=\"308\" data-end=\"364\">1. Koliko dugo traje jedan WASPE 100000 Puffs ure\u0111aj?<\/strong><br data-start=\"364\" data-end=\"367\" \/>WASPE 100K nudi do <strong data-start=\"395\" data-end=\"412\">100.000 udisaja<\/strong>, \u0161to obi\u010dno traje nekoliko tjedana, ovisno o u\u010destalosti kori\u0161tenja. Veleprodajni kupci \u010desto isti\u010du njegov produljeni vijek trajanja kao glavnu prodajnu to\u010dku.<\/p>\n<p data-start=\"564\" data-end=\"753\"><strong data-start=\"564\" data-end=\"614\">2. Mogu li ponovno napuniti WASPE 100000 Puffs vape?<\/strong><br data-start=\"614\" data-end=\"617\" \/>Da. Dolazi s <strong data-start=\"638\" data-end=\"676\">650mAh Type-C punjiva baterija<\/strong>punjivom baterijom<\/p>\n<p data-start=\"755\" data-end=\"1019\"><strong data-start=\"755\" data-end=\"830\">, osiguravaju\u0107i da u potpunosti iskoristite 56 mL e-teku\u0107ine bez prekida.<\/strong><br data-start=\"830\" data-end=\"833\" \/>3. Po \u010demu se WASPE 100K razlikuje od ostalih jednokratnih vape olovaka? <strong data-start=\"894\" data-end=\"964\">Za razliku od standardnih jednokratnih, WASPE 100000 Puffs kombinira<\/strong>4-u-1 zamjenjive okuse, \u010detverostruke mre\u017easte grija\u010de i pametni LED zaslon<\/p>\n<p data-start=\"1021\" data-end=\"1198\"><strong data-start=\"1021\" data-end=\"1081\">, \u0161to ga \u010dini svestranim i izdr\u017eljivim za svakodnevnu upotrebu.<\/strong><br data-start=\"1081\" data-end=\"1084\" \/>4. Je li WASPE 100K dostupan u niskim ja\u010dinama nikotina? <strong data-start=\"1105\" data-end=\"1133\">2% i 5% razine nikotina<\/strong>Da. Nudi se u<\/p>\n<p data-start=\"1200\" data-end=\"1487\"><strong data-start=\"1200\" data-end=\"1278\">0%, 2%, 3% i 5% ja\u010dine nikotina<\/strong><br data-start=\"1278\" data-end=\"1281\" \/>Njegova kombinacija <strong data-start=\"1300\" data-end=\"1386\">, udovoljavaju\u0107i razli\u010ditim preferencijama na cijelom europskom tr\u017ei\u0161tu.<\/strong> 5. Za\u0161to je WASPE 100000 Puffs popularan me\u0111u veleprodajnim kupcima u EU?<\/p>\n<\/div>\n<h2 data-start=\"1200\" data-end=\"1487\">Kapacitet od 100K udisaja, punjivi dizajn, vi\u0161e okusa i vrhunski sustav grija\u010da<\/h2>\n<p data-start=\"1200\" data-end=\"1487\"><strong data-start=\"213\" data-end=\"248\">pru\u017ea izvrsnu vrijednost, \u0161to ga \u010dini pouzdanim izborom za trgovce koji ciljaju dobnu skupinu od 25 do 35 godina.<\/strong> Vapes Tornado \u2013 Va\u0161e veleprodajno sredi\u0161te za vrhunske marke vape u Europi <strong data-start=\"403\" data-end=\"431\">najpopularniji brendovi vapea<\/strong>, uklju\u010duju\u0107i <strong data-start=\"443\" data-end=\"502\"><a href=\"https:\/\/vapestornado.com\/hr\/product-category\/aivono-vape\/\">AIVONO VAPE<\/a>, BANGBOX VAPE, <a href=\"https:\/\/vapestornado.com\/hr\/product-category\/elf-bar-vape\/\">ELF BAR Vape<\/a>i <a href=\"https:\/\/vapestornado.com\/hr\/product-category\/fumot-vape\/\">FUMOT VAPE<\/a><\/strong>. Na\u0161a je trgovina izgra\u0111ena da slu\u017ei individualnim kupcima i veleprodajnim kupcima, pru\u017eaju\u0107i pouzdane proizvode koji kombiniraju sna\u017ene performanse, moderan dizajn i konkurentne cijene.<\/p>\n<\/div>\n<\/div>\n<\/div>\n<\/div>","protected":false},"excerpt":{"rendered":"<p>WASPE 100K \u2013 100.000 Udisaja, 4 Okusa, Jedna Sna\u017ena Jednokratna Vape Olovka.<\/p>\n<p>Promijenite Okuse, Ostanite Napajani \u2013 WASPE 100000 Udisaja s Type-C Punjenjem.<\/p>\n<p>Jednokratna Vape Olovka Izra\u0111ena za Europu \u2013 WASPE 100K, Veliki Oblaci, Ve\u0107a Vrijednost.<\/p>\n<p><strong>Dodajte Amy na WhatsApp za brzi odgovor i popust!<\/strong><\/p>\n<p><img fetchpriority=\"high\" decoding=\"async\" class=\"size-full wp-image-2932\" src=\"https:\/\/vapestornado.com\/wp-content\/uploads\/2024\/12\/Vape-Wholesale.jpg\" alt=\"Veleprodaja vejpova\" width=\"229\" height=\"300\" \/><\/p>\n<h3><a href=\"https:\/\/wa.me\/8617776015835\"><span style=\"color: #ff0000;\"><strong>WhatsApp: +86 17776015835<\/strong><\/span><\/a><\/h3>\n<p>&nbsp;<\/p>","protected":false},"featured_media":4318,"comment_status":"open","ping_status":"closed","template":"","meta":{"_acf_changed":false,"_uag_custom_page_level_css":"","_lmt_disableupdate":"no","_lmt_disable":"","_monsterinsights_skip_tracking":false,"_monsterinsights_sitenote_active":false,"_monsterinsights_sitenote_note":"","_monsterinsights_sitenote_category":0,"site-sidebar-layout":"default","site-content-layout":"","ast-site-content-layout":"default","site-content-style":"default","site-sidebar-style":"default","ast-global-header-display":"","ast-banner-title-visibility":"","ast-main-header-display":"","ast-hfb-above-header-display":"","ast-hfb-below-header-display":"","ast-hfb-mobile-header-display":"","site-post-title":"","ast-breadcrumbs-content":"","ast-featured-img":"","footer-sml-layout":"","ast-disable-related-posts":"","theme-transparent-header-meta":"default","adv-header-id-meta":"","stick-header-meta":"","header-above-stick-meta":"","header-main-stick-meta":"","header-below-stick-meta":"","astra-migrate-meta-layouts":"set","ast-page-background-enabled":"default","ast-page-background-meta":{"desktop":{"background-color":"","background-image":"","background-repeat":"repeat","background-position":"center center","background-size":"auto","background-attachment":"scroll","background-type":"","background-media":"","overlay-type":"","overlay-color":"","overlay-opacity":"","overlay-gradient":""},"tablet":{"background-color":"","background-image":"","background-repeat":"repeat","background-position":"center center","background-size":"auto","background-attachment":"scroll","background-type":"","background-media":"","overlay-type":"","overlay-color":"","overlay-opacity":"","overlay-gradient":""},"mobile":{"background-color":"","background-image":"","background-repeat":"repeat","background-position":"center center","background-size":"auto","background-attachment":"scroll","background-type":"","background-media":"","overlay-type":"","overlay-color":"","overlay-opacity":"","overlay-gradient":""}},"ast-content-background-meta":{"desktop":{"background-color":"var(--ast-global-color-5)","background-image":"","background-repeat":"repeat","background-position":"center center","background-size":"auto","background-attachment":"scroll","background-type":"","background-media":"","overlay-type":"","overlay-color":"","overlay-opacity":"","overlay-gradient":""},"tablet":{"background-color":"var(--ast-global-color-5)","background-image":"","background-repeat":"repeat","background-position":"center center","background-size":"auto","background-attachment":"scroll","background-type":"","background-media":"","overlay-type":"","overlay-color":"","overlay-opacity":"","overlay-gradient":""},"mobile":{"background-color":"var(--ast-global-color-5)","background-image":"","background-repeat":"repeat","background-position":"center center","background-size":"auto","background-attachment":"scroll","background-type":"","background-media":"","overlay-type":"","overlay-color":"","overlay-opacity":"","overlay-gradient":""}},"_joinchat":{"telephone":"17776015835"}},"product_brand":[],"product_cat":[346,150,151,152,156,158,142,146,171,60],"product_tag":[350,348,349,163],"class_list":{"0":"post-4319","1":"product","2":"type-product","3":"status-publish","4":"has-post-thumbnail","6":"product_cat-100000-puff","7":"product_cat-buy-disposable-vapes-in-belgium","8":"product_cat-buy-disposable-vapes-in-france","9":"product_cat-buy-disposable-vapes-in-cermany","10":"product_cat-buy-disposable-vapes-in-poland","11":"product_cat-buy-disposable-vapes-in-spain","12":"product_cat-digital-box-disposable-vapes","13":"product_cat-rechargeable-disposable-vapes","14":"product_cat-vapsolo-disposable-vapes","15":"product_cat-waspe-fihp-vape","16":"product_tag-four-flavor-disposable-vape","17":"product_tag-waspe-100000-puffs","18":"product_tag-waspe-100k-4-in-1","19":"product_tag-waspe-vape","20":"desktop-align-left","21":"tablet-align-left","22":"mobile-align-left","24":"first","25":"instock","26":"sale","27":"shipping-taxable","28":"purchasable","29":"product-type-simple"},"acf":[],"uagb_featured_image_src":{"full":["https:\/\/vapestornado.com\/wp-content\/uploads\/2025\/08\/WASPE-100000-Puffs-4-Flavors-No-Nicotine-Vape.webp",800,800,false],"thumbnail":["https:\/\/vapestornado.com\/wp-content\/uploads\/2025\/08\/WASPE-100000-Puffs-4-Flavors-No-Nicotine-Vape-150x150.webp",150,150,true],"medium":["https:\/\/vapestornado.com\/wp-content\/uploads\/2025\/08\/WASPE-100000-Puffs-4-Flavors-No-Nicotine-Vape-300x300.webp",300,300,true],"medium_large":["https:\/\/vapestornado.com\/wp-content\/uploads\/2025\/08\/WASPE-100000-Puffs-4-Flavors-No-Nicotine-Vape-768x768.webp",768,768,true],"large":["https:\/\/vapestornado.com\/wp-content\/uploads\/2025\/08\/WASPE-100000-Puffs-4-Flavors-No-Nicotine-Vape.webp",800,800,false],"1536x1536":["https:\/\/vapestornado.com\/wp-content\/uploads\/2025\/08\/WASPE-100000-Puffs-4-Flavors-No-Nicotine-Vape.webp",800,800,false],"2048x2048":["https:\/\/vapestornado.com\/wp-content\/uploads\/2025\/08\/WASPE-100000-Puffs-4-Flavors-No-Nicotine-Vape.webp",800,800,false],"trp-custom-language-flag":["https:\/\/vapestornado.com\/wp-content\/uploads\/2025\/08\/WASPE-100000-Puffs-4-Flavors-No-Nicotine-Vape-12x12.webp",12,12,true],"woocommerce_thumbnail":["https:\/\/vapestornado.com\/wp-content\/uploads\/2025\/08\/WASPE-100000-Puffs-4-Flavors-No-Nicotine-Vape-300x300.webp",300,300,true],"woocommerce_single":["https:\/\/vapestornado.com\/wp-content\/uploads\/2025\/08\/WASPE-100000-Puffs-4-Flavors-No-Nicotine-Vape-600x600.webp",600,600,true],"woocommerce_gallery_thumbnail":["https:\/\/vapestornado.com\/wp-content\/uploads\/2025\/08\/WASPE-100000-Puffs-4-Flavors-No-Nicotine-Vape-100x100.webp",100,100,true]},"uagb_author_info":{"display_name":"ESAMY","author_link":"https:\/\/vapestornado.com\/hr\/author\/"},"uagb_comment_info":2,"uagb_excerpt":"WASPE 100K \u2013 100,000 Puffs, 4 Flavors, One Powerful Disposable Vape Pen. Switch Flavors, Stay Powered \u2013 WASPE 100000 Puffs with Type-C Recharge. The Disposable Vape Pen Built for Europe \u2013 WASPE 100K, Big Clouds, Bigger Value. Add Amy's whatsapp to get right reply and discount price! WhatsApp: +86 17776015835 &nbsp;","_links":{"self":[{"href":"https:\/\/vapestornado.com\/hr\/wp-json\/wp\/v2\/product\/4319","targetHints":{"allow":["GET"]}}],"collection":[{"href":"https:\/\/vapestornado.com\/hr\/wp-json\/wp\/v2\/product"}],"about":[{"href":"https:\/\/vapestornado.com\/hr\/wp-json\/wp\/v2\/types\/product"}],"replies":[{"embeddable":true,"href":"https:\/\/vapestornado.com\/hr\/wp-json\/wp\/v2\/comments?post=4319"}],"wp:featuredmedia":[{"embeddable":true,"href":"https:\/\/vapestornado.com\/hr\/wp-json\/wp\/v2\/media\/4318"}],"wp:attachment":[{"href":"https:\/\/vapestornado.com\/hr\/wp-json\/wp\/v2\/media?parent=4319"}],"wp:term":[{"taxonomy":"product_brand","embeddable":true,"href":"https:\/\/vapestornado.com\/hr\/wp-json\/wp\/v2\/product_brand?post=4319"},{"taxonomy":"product_cat","embeddable":true,"href":"https:\/\/vapestornado.com\/hr\/wp-json\/wp\/v2\/product_cat?post=4319"},{"taxonomy":"product_tag","embeddable":true,"href":"https:\/\/vapestornado.com\/hr\/wp-json\/wp\/v2\/product_tag?post=4319"}],"curies":[{"name":"wp","href":"https:\/\/api.w.org\/{rel}","templated":true}]}}