{"id":4312,"date":"2025-08-28T08:42:28","date_gmt":"2025-08-28T08:42:28","guid":{"rendered":"https:\/\/vapestornado.com\/?post_type=product&#038;p=4312"},"modified":"2025-08-28T09:33:49","modified_gmt":"2025-08-28T09:33:49","slug":"original-wga-ultra-35k-35000-puff-rechargeable-crystal-disposable-nicotine-vape-best-discount-price","status":"publish","type":"product","link":"https:\/\/vapestornado.com\/hr\/product\/original-wga-ultra-35k-35000-puff-rechargeable-crystal-disposable-nicotine-vape-best-discount-price\/","title":{"rendered":"Original WGA ULTRA 35k 35000 Puff Punjiva Kristalna Jednokratna Nikotinska Vape Najbolja Diskontna Cijena"},"content":{"rendered":"<h1 data-pm-slice=\"1 1 []\">Original WGA ULTRA 35k 35000 Puff Punjiva Kristalna Jednokratna Nikotinska Vape Najbolja Diskontna Cijena<\/h1>\n<p data-start=\"361\" data-end=\"697\">Ovo <strong data-start=\"425\" data-end=\"466\">WGA Ultra 35k jednokratna vape olovka<\/strong> postavlja novi standard za dugotrajne performanse i gladak okus u industriji vapinga. Ova snaga isporu\u010duje do <strong data-start=\"519\" data-end=\"535\">35.000 udisaja<\/strong>, \u0161to ga \u010dini jednim od najizdr\u017eljivijih jednokratnih vape olovaka u svojoj kategoriji. Savr\u0161eno dimenzioniran na 108*48*23.6mm, kombinira stil i prakti\u010dnost za svakodnevnu upotrebu.<\/p>\n<h3 data-start=\"699\" data-end=\"741\">35.000 udisaja podr\u017eano s 35mL E-teku\u0107ine<\/h3>\n<p data-start=\"742\" data-end=\"1051\">Za razliku od manjih jednokratnih, WGA 35k jednokratna vape olovka nosi izda\u0161nih <strong data-start=\"817\" data-end=\"847\">35mL prethodno napunjene e-teku\u0107ine<\/strong>, osiguravaju\u0107i da je svaka sesija puna okusa. Bez obzira preferirate li jak nikotinski udar ili gla\u0111e povla\u010denje, dostupan je u <strong data-start=\"969\" data-end=\"998\">2% i 5% nikotinskim opcijama<\/strong>, omogu\u0107uju\u0107i vam da odaberete ono \u0161to odgovara va\u0161em \u017eivotnom stilu.<\/p>\n<h3 data-start=\"1053\" data-end=\"1089\">Punjiva snaga s Type-C<\/h3>\n<p data-start=\"1090\" data-end=\"1396\">Unutar ovog kompaktnog dizajna je <strong data-start=\"1122\" data-end=\"1153\">550mAh punjiva baterija<\/strong> podr\u017ean od strane <strong data-start=\"1167\" data-end=\"1186\">Type-C punjenje<\/strong>, osiguravaju\u0107i brzo punjenje uz minimalno vrijeme prekida rada. Za razliku od tipi\u010dnih jednokratnih koji zavr\u0161avaju kada baterija oslabi, ovaj ure\u0111aj vam daje najbolje od oba svijeta: jednokratnu prakti\u010dnost s punjivom u\u010dinkovito\u0161\u0107u.<\/p>\n<h3 data-start=\"1398\" data-end=\"1425\">Pametni digitalni zaslon<\/h3>\n<p data-start=\"1426\" data-end=\"1715\">Nema vi\u0161e naga\u0111anja. The <strong data-start=\"1448\" data-end=\"1467\">digitalni zaslon<\/strong> jasno pokazuje va\u0161 <strong data-start=\"1487\" data-end=\"1529\">postotak baterije i razinu e-teku\u0107ine<\/strong>, tako da imate kontrolu na svakom koraku. To \u010dini WGA Ultra 35k posebno privla\u010dnim za mu\u0161karce koji \u017eele pouzdan, jednostavan ure\u0111aj bez gnjava\u017ee neizvjesnosti.<\/p>\n<h3 data-start=\"1717\" data-end=\"1756\">Dvostruka mre\u017easta zavojnica za maksimalan okus<\/h3>\n<p data-start=\"1757\" data-end=\"1990\">Ugra\u0111eni <strong data-start=\"1770\" data-end=\"1788\">dvostrukom mre\u017eastom zavojnicom<\/strong> pobolj\u0161ava svaki dim, proizvode\u0107i guste oblake pare i sna\u017ean, dosljedan okus. Bez obzira u\u017eivate li u vo\u0107nim mje\u0161avinama ili ledenim klasicima, zavojnica osigurava glatke performanse bez o\u0161trih ili zagorenih udaraca.<\/p>\n<h3 data-start=\"1992\" data-end=\"2019\">30 okusa za istra\u017eivanje<\/h3>\n<p data-start=\"2020\" data-end=\"2342\">S <strong data-start=\"2025\" data-end=\"2048\">30 uzbudljivih okusa<\/strong>, WGA Crystal Ultra 35k ima ne\u0161to za svako nepce. Popularni izbori uklju\u010duju <strong data-start=\"2130\" data-end=\"2206\">Borovnica Malina, Cola Ice, Red Bull, Mojito, Cactus Ice, Peach Kiss,<\/strong> i <strong data-start=\"2211\" data-end=\"2231\">Zmajevo vo\u0107e Ice<\/strong>. Od osvje\u017eavaju\u0107e mente do smjelih mje\u0161avina sode, ovaj vape je dizajniran da zadovolji \u0161irok raspon hrvatskih ukusa.<\/p>\n<p><strong><span style=\"color: #ff0000;\">Dodajte Amy na WhatsApp za brzi odgovor i kupon za vape!<\/span><\/strong><\/p>\n<p><img fetchpriority=\"high\" decoding=\"async\" class=\"size-full wp-image-2932\" src=\"https:\/\/vapestornado.com\/wp-content\/uploads\/2024\/12\/Vape-Wholesale.jpg\" alt=\"Veleprodaja vejpova\" width=\"229\" height=\"300\" \/><\/p>\n<h3><a href=\"https:\/\/wa.me\/8617776015835\" target=\"_blank\" rel=\"noopener\"><span style=\"color: #ff0000;\"><strong>WhatsApp: +86 17776015835<\/strong><\/span><\/a><\/h3>\n<p>&nbsp;<\/p>\n<h2><strong>WGA ULTRA 35k Zna\u010dajke proizvoda<\/strong><\/h2>\n<p>&nbsp;<\/p>\n<p>Puh : 35000 puhova<br \/>\nE-teku\u0107ina : 35 ml<br \/>\nJa\u010dina nikotina : 2%\/5%<br \/>\nBaterija : 550mAh s Type C punjivom<br \/>\nDigitalni zaslon za ulje i E-sok<br \/>\nDvostruka mre\u017easta zavojnica<br \/>\nVeli\u010dina proizvoda: 108*48*23.6mm<\/p>\n<figure id=\"attachment_4307\" aria-describedby=\"caption-attachment-4307\" style=\"width: 300px\" class=\"wp-caption alignnone\"><img decoding=\"async\" class=\"size-medium wp-image-4307\" src=\"https:\/\/vapestornado.com\/wp-content\/uploads\/2025\/08\/WGA-35K-Ultra-35000-Puffs-Rechargeable-Disposable-Vape-300x300.webp\" alt=\"WGA Ultra 35K 35000 Puffs Punjivi jednokratni Vape\" width=\"300\" height=\"300\" srcset=\"https:\/\/vapestornado.com\/wp-content\/uploads\/2025\/08\/WGA-35K-Ultra-35000-Puffs-Rechargeable-Disposable-Vape-300x300.webp 300w, https:\/\/vapestornado.com\/wp-content\/uploads\/2025\/08\/WGA-35K-Ultra-35000-Puffs-Rechargeable-Disposable-Vape-150x150.webp 150w, https:\/\/vapestornado.com\/wp-content\/uploads\/2025\/08\/WGA-35K-Ultra-35000-Puffs-Rechargeable-Disposable-Vape-768x768.webp 768w, https:\/\/vapestornado.com\/wp-content\/uploads\/2025\/08\/WGA-35K-Ultra-35000-Puffs-Rechargeable-Disposable-Vape-12x12.webp 12w, https:\/\/vapestornado.com\/wp-content\/uploads\/2025\/08\/WGA-35K-Ultra-35000-Puffs-Rechargeable-Disposable-Vape-600x600.webp 600w, https:\/\/vapestornado.com\/wp-content\/uploads\/2025\/08\/WGA-35K-Ultra-35000-Puffs-Rechargeable-Disposable-Vape-100x100.webp 100w, https:\/\/vapestornado.com\/wp-content\/uploads\/2025\/08\/WGA-35K-Ultra-35000-Puffs-Rechargeable-Disposable-Vape.webp 800w\" sizes=\"(max-width: 300px) 100vw, 300px\" \/><figcaption id=\"caption-attachment-4307\" class=\"wp-caption-text\">WGA Ultra 35K 35000 Puffs Punjivi jednokratni Vape<\/figcaption><\/figure>\n<h2 class=\"product-title\"><strong>WGA Crystal ULTRA 35k Popis okusa<\/strong><\/h2>\n<p>1. Borovnica Malina<br \/>\n2. Cola Led<br \/>\n3. Dvostruka Jabuka<br \/>\n4. Fanta<br \/>\n5. Red Bull<br \/>\n6. Jagoda Led<br \/>\n7. Gro\u017e\u0111e Led<br \/>\n8. Limun Limeta<br \/>\n9. Lubenica Led<br \/>\n10. Svje\u017ea Metvica<br \/>\n11. Jagoda Kiwi<br \/>\n12. Kiwi Marakuja Guava<br \/>\n13. Gospodin Plavi<br \/>\n14. Ru\u017ei\u010dasta Limunada<br \/>\n15. WGA \u010caj (Ledeni Crni \u010caj)<br \/>\n16. Poljubac Breskve<br \/>\n17. Li\u010di Menta<br \/>\n18. Soda od Crnog Ribiza<br \/>\n19. Kiseli Limun od Jabuke<br \/>\n20. Mije\u0161ano Bobi\u010dasto Vo\u0107e<br \/>\n21. Kaktus Kiwi<br \/>\n22. Led od Kaktusa<br \/>\n23. Led od Zmajevog Vo\u0107a<br \/>\n24. Tre\u0161nja Kola<br \/>\n25. Jagoda Redbull<br \/>\n26. Jagoda Lubenica<br \/>\n27. Jager Crvena Energija<br \/>\n28. Mojito<br \/>\n29. Zelena Jabuka<br \/>\n30. Ludi Plavi Led<\/p>\n<p>&nbsp;<\/p>\n<article class=\"w-full text-token-text-primary focus-visible:outline-2 focus-visible:outline-offset-[-4px]\" dir=\"auto\" data-testid=\"conversation-turn-32\" data-scroll-anchor=\"false\">\n<div class=\"m-auto text-base py-[18px] px-6\">\n<div class=\"mx-auto flex flex-1 text-base gap-4 md:gap-5 lg:gap-6 md:max-w-3xl lg:max-w-[40rem] xl:max-w-[48rem]\">\n<div class=\"group\/conversation-turn relative flex w-full min-w-0 flex-col @xs\/thread:px-0 @sm\/thread:px-1.5 @md\/thread:px-4\">\n<div class=\"flex-col gap-1 md:gap-3\">\n<div class=\"flex max-w-full flex-col flex-grow\">\n<div class=\"min-h-8 text-message flex w-full flex-col items-end gap-2 whitespace-normal break-words text-start [.text-message+&amp;]:mt-5\" dir=\"auto\" data-message-author-role=\"user\" data-message-id=\"ffac41ca-1db4-431b-873a-32c4052956f1\">\n<div class=\"flex w-full flex-col gap-1 empty:hidden items-end rtl:items-start\">\n<div class=\"relative max-w-[var(--user-chat-width,70%)] rounded-3xl bg-token-message-surface px-5 py-2.5\">\n<div class=\"absolute bottom-0 right-full top-0 -mr-3.5 hidden pr-5 pt-2 [.group\/conversation-turn:hover_&amp;]:flex\">\n<div class=\"flex\">\n<article class=\"w-full text-token-text-primary focus-visible:outline-2 focus-visible:outline-offset-[-4px]\" dir=\"auto\" data-testid=\"conversation-turn-39\" data-scroll-anchor=\"true\">\n<div class=\"m-auto text-base py-[18px] px-6\">\n<div class=\"mx-auto flex flex-1 text-base gap-4 md:gap-5 lg:gap-6 md:max-w-3xl lg:max-w-[40rem] xl:max-w-[48rem]\">\n<div class=\"group\/conversation-turn relative flex w-full min-w-0 flex-col agent-turn @xs\/thread:px-0 @sm\/thread:px-1.5 @md\/thread:px-4\">\n<div class=\"flex-col gap-1 md:gap-3\">\n<div class=\"flex max-w-full flex-col flex-grow\">\n<div class=\"min-h-8 text-message flex w-full flex-col items-end gap-2 whitespace-normal break-words text-start [.text-message+&amp;]:mt-5\" dir=\"auto\" data-message-author-role=\"assistant\" data-message-id=\"55a23854-ec57-48dd-bd4f-6118f43d6241\" data-message-model-slug=\"gpt-4o\">\n<div class=\"flex w-full flex-col gap-1 empty:hidden first:pt-[3px]\">\n<div class=\"markdown prose w-full break-words dark:prose-invert light\"><\/div>\n<\/div>\n<\/div>\n<\/div>\n<\/div>\n<\/div>\n<\/div>\n<\/div>\n<\/article>\n<\/div>\n<\/div>\n<\/div>\n<\/div>\n<\/div>\n<\/div>\n<\/div>\n<\/div>\n<\/div>\n<\/div>\n<\/article>\n<h2>Za\u0161to odabrati WGA ULTRA 35k Vape?<\/h2>\n<div class=\"flex-shrink-0 flex flex-col relative items-end\">\n<div class=\"pt-0\">\n<div class=\"gizmo-bot-avatar flex h-8 w-8 items-center justify-center overflow-hidden rounded-full\">\n<div class=\"relative p-1 rounded-sm flex items-center justify-center bg-token-main-surface-primary text-token-text-primary h-8 w-8\">\n<p data-start=\"313\" data-end=\"860\">Ovo <strong data-start=\"317\" data-end=\"358\">WGA Crystal Ultra 35k Jednokratni Vape<\/strong> je napravljen za vapere koji \u017eele <strong data-start=\"388\" data-end=\"417\">snagu, okus i kontrolu<\/strong> u jednom elegantnom ure\u0111aju. S do <strong data-start=\"450\" data-end=\"466\">35.000 udisaja<\/strong>, a <strong data-start=\"470\" data-end=\"493\">35 ml prethodno napunjenog spremnika<\/strong>, i <strong data-start=\"501\" data-end=\"519\">dvostrukom mre\u017eastom zavojnicom<\/strong>, pru\u017ea odva\u017ean okus pri svakom povla\u010denju. Zaslon <strong data-start=\"566\" data-end=\"591\">pametni digitalni zaslon<\/strong> vas obavje\u0161tava o razinama e-teku\u0107ine i baterije, dok <strong data-start=\"652\" data-end=\"689\">USB-C punjiva baterija od 550 mAh<\/strong> osigurava da nikada ne propustite ritam. Dostupan u <strong data-start=\"734\" data-end=\"757\">30 uzbudljivih okusa<\/strong> i <strong data-start=\"762\" data-end=\"792\">2% ili 5%<\/strong>, to je ultimativni veleprodajni izbor za vrhunsko tr\u017ei\u0161te vapea u Hrvatskoj.<\/p>\n<p data-start=\"313\" data-end=\"860\">Usporedite s <a href=\"https:\/\/vapestornado.com\/hr\/product\/wga-crystal-plus-20000-puff-vape-2-in-1-rechargeable-disposable-vape-wholesale-bulk-buy\/\">WGA 20K<\/a>, WGA 30K je nadogra\u0111en s vi\u0161im iskustvom vapinga.<\/p>\n<\/div>\n<h3><\/h3>\n<div class=\"relative p-1 rounded-sm flex items-center justify-center bg-token-main-surface-primary text-token-text-primary h-8 w-8\">\n<h2>\u010cesto postavljana pitanja za WGA Crystal ULTRA 35000 jednokratnu e-cigaretu<\/h2>\n<\/div>\n<\/div>\n<\/div>\n<\/div>\n<div class=\"flex-shrink-0 flex flex-col relative items-end\">\n<div class=\"pt-0\">\n<div class=\"gizmo-bot-avatar flex h-8 w-8 items-center justify-center overflow-hidden rounded-full\">\n<div class=\"relative p-1 rounded-sm flex items-center justify-center bg-token-main-surface-primary text-token-text-primary h-8 w-8\">\n<div class=\"mb-2 flex gap-3 empty:hidden -ml-2\">\n<p data-start=\"2405\" data-end=\"2541\"><strong data-start=\"2405\" data-end=\"2466\">1. Koliko povla\u010denja pru\u017ea WGA Crystal Ultra 35k?<\/strong><br data-start=\"2466\" data-end=\"2469\" \/>Nudi do <strong data-start=\"2485\" data-end=\"2501\">35.000 udisaja<\/strong>, ovisno o osobnim navikama vapinga.<\/p>\n<p data-start=\"2543\" data-end=\"2713\"><strong data-start=\"2543\" data-end=\"2594\">2. Je li WGA 35k jednokratni Vape punjiv?<\/strong><br data-start=\"2594\" data-end=\"2597\" \/>Da, dolazi s <strong data-start=\"2618\" data-end=\"2656\">550mAh Type-C punjiva baterija<\/strong>, omogu\u0107uju\u0107i vam da se punite dok koristite isti ure\u0111aj.<\/p>\n<p data-start=\"2715\" data-end=\"2825\"><strong data-start=\"2715\" data-end=\"2759\">3. Koje su ja\u010dine nikotina dostupne?<\/strong><br data-start=\"2759\" data-end=\"2762\" \/>Ure\u0111aj je dostupan u obama <strong data-start=\"2794\" data-end=\"2822\">2% i 5% razine nikotina<\/strong>.<\/p>\n<p data-start=\"2827\" data-end=\"3023\"><strong data-start=\"2827\" data-end=\"2896\">4. Po \u010demu se WGA Ultra 35k razlikuje od ostalih jednokratnih ure\u0111aja?<\/strong><br data-start=\"2896\" data-end=\"2899\" \/>Njegova <strong data-start=\"2903\" data-end=\"2966\">dvostruka mre\u017easta zavojnica, digitalni zaslon i kapacitet e-teku\u0107ine od 35 ml<\/strong> izdvajaju ga, pru\u017eaju\u0107i vam i performanse i kontrolu.<\/p>\n<p data-start=\"3025\" data-end=\"3207\"><strong data-start=\"3025\" data-end=\"3088\">5. Koliko okusa nudi WGA 35k jednokratni vape?<\/strong><br data-start=\"3088\" data-end=\"3091\" \/>Dolazi u <strong data-start=\"3103\" data-end=\"3117\">30 okusa<\/strong>, u rasponu od vo\u0107nih mje\u0161avina poput Strawberry Kiwi do odva\u017enih opcija poput Jager Red Energy.<\/p>\n<\/div>\n<\/div>\n<\/div>\n<\/div>\n<\/div>","protected":false},"excerpt":{"rendered":"<p data-start=\"274\" data-end=\"349\"><strong data-start=\"274\" data-end=\"347\">WGA Crystal Ultra 35k jednokratna vape olovka 35000 udisaja Veleprodaja u Europi<\/strong><\/p>\n<p data-start=\"274\" data-end=\"349\"><strong data-start=\"353\" data-end=\"424\">WGA 35k jednokratna vape olovka s digitalnim zaslonom<\/strong><\/p>\n<p data-start=\"430\" data-end=\"494\"><strong data-start=\"430\" data-end=\"492\">Kupite WGA Ultra 35000 Puff Vape Online \u2013 Najbolja cijena s popustom<\/strong><\/p>\n<p><strong>Dodajte Amy na WhatsApp za brzi odgovor i popust!<\/strong><\/p>\n<p><img fetchpriority=\"high\" decoding=\"async\" class=\"size-full wp-image-2932\" src=\"https:\/\/vapestornado.com\/wp-content\/uploads\/2024\/12\/Vape-Wholesale.jpg\" alt=\"Veleprodaja vejpova\" width=\"229\" height=\"300\" \/><\/p>\n<h3><a href=\"https:\/\/wa.me\/8617776015835\"><span style=\"color: #ff0000;\"><strong>WhatsApp: +86 17776015835<\/strong><\/span><\/a><\/h3>\n<p>&nbsp;<\/p>","protected":false},"featured_media":4311,"comment_status":"open","ping_status":"closed","template":"","meta":{"_acf_changed":false,"_uag_custom_page_level_css":"","_lmt_disableupdate":"no","_lmt_disable":"","_monsterinsights_skip_tracking":false,"_monsterinsights_sitenote_active":false,"_monsterinsights_sitenote_note":"","_monsterinsights_sitenote_category":0,"site-sidebar-layout":"default","site-content-layout":"","ast-site-content-layout":"default","site-content-style":"default","site-sidebar-style":"default","ast-global-header-display":"","ast-banner-title-visibility":"","ast-main-header-display":"","ast-hfb-above-header-display":"","ast-hfb-below-header-display":"","ast-hfb-mobile-header-display":"","site-post-title":"","ast-breadcrumbs-content":"","ast-featured-img":"","footer-sml-layout":"","ast-disable-related-posts":"","theme-transparent-header-meta":"default","adv-header-id-meta":"","stick-header-meta":"","header-above-stick-meta":"","header-main-stick-meta":"","header-below-stick-meta":"","astra-migrate-meta-layouts":"set","ast-page-background-enabled":"default","ast-page-background-meta":{"desktop":{"background-color":"","background-image":"","background-repeat":"repeat","background-position":"center center","background-size":"auto","background-attachment":"scroll","background-type":"","background-media":"","overlay-type":"","overlay-color":"","overlay-opacity":"","overlay-gradient":""},"tablet":{"background-color":"","background-image":"","background-repeat":"repeat","background-position":"center center","background-size":"auto","background-attachment":"scroll","background-type":"","background-media":"","overlay-type":"","overlay-color":"","overlay-opacity":"","overlay-gradient":""},"mobile":{"background-color":"","background-image":"","background-repeat":"repeat","background-position":"center center","background-size":"auto","background-attachment":"scroll","background-type":"","background-media":"","overlay-type":"","overlay-color":"","overlay-opacity":"","overlay-gradient":""}},"ast-content-background-meta":{"desktop":{"background-color":"var(--ast-global-color-5)","background-image":"","background-repeat":"repeat","background-position":"center center","background-size":"auto","background-attachment":"scroll","background-type":"","background-media":"","overlay-type":"","overlay-color":"","overlay-opacity":"","overlay-gradient":""},"tablet":{"background-color":"var(--ast-global-color-5)","background-image":"","background-repeat":"repeat","background-position":"center center","background-size":"auto","background-attachment":"scroll","background-type":"","background-media":"","overlay-type":"","overlay-color":"","overlay-opacity":"","overlay-gradient":""},"mobile":{"background-color":"var(--ast-global-color-5)","background-image":"","background-repeat":"repeat","background-position":"center center","background-size":"auto","background-attachment":"scroll","background-type":"","background-media":"","overlay-type":"","overlay-color":"","overlay-opacity":"","overlay-gradient":""}},"_joinchat":{"telephone":"17776015835"}},"product_brand":[],"product_cat":[19,175,149,158,143,146,171],"product_tag":[342,340,339,341],"class_list":{"0":"post-4312","1":"product","2":"type-product","3":"status-publish","4":"has-post-thumbnail","6":"product_cat-vapes","7":"product_cat-35000-puff","8":"product_cat-buy-disposable-vapes-in-austria","9":"product_cat-buy-disposable-vapes-in-spain","10":"product_cat-dual-mesh-disposable-vapes","11":"product_cat-rechargeable-disposable-vapes","12":"product_cat-vapsolo-disposable-vapes","13":"product_tag-wga-35000-puff","14":"product_tag-wga-35k","15":"product_tag-wga-crystal-ultra-35k","16":"product_tag-wga-crystal-vape","17":"desktop-align-left","18":"tablet-align-left","19":"mobile-align-left","21":"first","22":"instock","23":"sale","24":"shipping-taxable","25":"purchasable","26":"product-type-simple"},"acf":[],"uagb_featured_image_src":{"full":["https:\/\/vapestornado.com\/wp-content\/uploads\/2025\/08\/Wholesale-WGA-Ultra-35000-Puffs-Disposable-Vape.webp",800,800,false],"thumbnail":["https:\/\/vapestornado.com\/wp-content\/uploads\/2025\/08\/Wholesale-WGA-Ultra-35000-Puffs-Disposable-Vape-150x150.webp",150,150,true],"medium":["https:\/\/vapestornado.com\/wp-content\/uploads\/2025\/08\/Wholesale-WGA-Ultra-35000-Puffs-Disposable-Vape-300x300.webp",300,300,true],"medium_large":["https:\/\/vapestornado.com\/wp-content\/uploads\/2025\/08\/Wholesale-WGA-Ultra-35000-Puffs-Disposable-Vape-768x768.webp",768,768,true],"large":["https:\/\/vapestornado.com\/wp-content\/uploads\/2025\/08\/Wholesale-WGA-Ultra-35000-Puffs-Disposable-Vape.webp",800,800,false],"1536x1536":["https:\/\/vapestornado.com\/wp-content\/uploads\/2025\/08\/Wholesale-WGA-Ultra-35000-Puffs-Disposable-Vape.webp",800,800,false],"2048x2048":["https:\/\/vapestornado.com\/wp-content\/uploads\/2025\/08\/Wholesale-WGA-Ultra-35000-Puffs-Disposable-Vape.webp",800,800,false],"trp-custom-language-flag":["https:\/\/vapestornado.com\/wp-content\/uploads\/2025\/08\/Wholesale-WGA-Ultra-35000-Puffs-Disposable-Vape-12x12.webp",12,12,true],"woocommerce_thumbnail":["https:\/\/vapestornado.com\/wp-content\/uploads\/2025\/08\/Wholesale-WGA-Ultra-35000-Puffs-Disposable-Vape-300x300.webp",300,300,true],"woocommerce_single":["https:\/\/vapestornado.com\/wp-content\/uploads\/2025\/08\/Wholesale-WGA-Ultra-35000-Puffs-Disposable-Vape-600x600.webp",600,600,true],"woocommerce_gallery_thumbnail":["https:\/\/vapestornado.com\/wp-content\/uploads\/2025\/08\/Wholesale-WGA-Ultra-35000-Puffs-Disposable-Vape-100x100.webp",100,100,true]},"uagb_author_info":{"display_name":"ESAMY","author_link":"https:\/\/vapestornado.com\/hr\/author\/"},"uagb_comment_info":1,"uagb_excerpt":"WGA Crystal Ultra 35k Disposable Vape 35000 Puffs Wholesale in Europe WGA 35k Disposable Vape with Digital Display &amp; Rechargeable Battery Buy WGA Ultra 35000 Puff Vape Online \u2013 Best Discount Price Add Amy's whatsapp to get right reply and discount price! WhatsApp: +86 17776015835 &nbsp;","_links":{"self":[{"href":"https:\/\/vapestornado.com\/hr\/wp-json\/wp\/v2\/product\/4312","targetHints":{"allow":["GET"]}}],"collection":[{"href":"https:\/\/vapestornado.com\/hr\/wp-json\/wp\/v2\/product"}],"about":[{"href":"https:\/\/vapestornado.com\/hr\/wp-json\/wp\/v2\/types\/product"}],"replies":[{"embeddable":true,"href":"https:\/\/vapestornado.com\/hr\/wp-json\/wp\/v2\/comments?post=4312"}],"wp:featuredmedia":[{"embeddable":true,"href":"https:\/\/vapestornado.com\/hr\/wp-json\/wp\/v2\/media\/4311"}],"wp:attachment":[{"href":"https:\/\/vapestornado.com\/hr\/wp-json\/wp\/v2\/media?parent=4312"}],"wp:term":[{"taxonomy":"product_brand","embeddable":true,"href":"https:\/\/vapestornado.com\/hr\/wp-json\/wp\/v2\/product_brand?post=4312"},{"taxonomy":"product_cat","embeddable":true,"href":"https:\/\/vapestornado.com\/hr\/wp-json\/wp\/v2\/product_cat?post=4312"},{"taxonomy":"product_tag","embeddable":true,"href":"https:\/\/vapestornado.com\/hr\/wp-json\/wp\/v2\/product_tag?post=4312"}],"curies":[{"name":"wp","href":"https:\/\/api.w.org\/{rel}","templated":true}]}}