{"id":4132,"date":"2025-04-14T09:56:44","date_gmt":"2025-04-14T09:56:44","guid":{"rendered":"https:\/\/vapestornado.com\/?post_type=product&#038;p=4132"},"modified":"2025-12-05T07:13:53","modified_gmt":"2025-12-05T07:13:53","slug":"bang-box-kingdoms-rex-40000-puffs-digital-double-flavor-disposable-vape","status":"publish","type":"product","link":"https:\/\/vapestornado.com\/hr\/product\/bang-box-kingdoms-rex-40000-puffs-digital-double-flavor-disposable-vape\/","title":{"rendered":"Bang Kingdoms Rex 40000 Pufova Digitalna Dvostruka Okus Jednokratna Vape Kutija"},"content":{"rendered":"<h1 data-pm-slice=\"1 1 []\">Bang Box Kingdoms Rex 40000 Puffs digitalni jednokratni vape s dvostrukim okusom<\/h1>\n<p data-start=\"1129\" data-end=\"1370\">Bang Kingdoms Rex 40000 kombinira pravi dvostruki okus s 60ml setupom (30ml+30ml) s pametnim zaslonom, mesh grija\u010dem i Type-C punjenjem za do 40.000 pufova u jednom ure\u0111aju spremnom za prebacivanje.<\/p>\n<p data-start=\"570\" data-end=\"887\"><strong data-start=\"570\" data-end=\"614\">Podr\u017eava 40.000 pufova s pravim kapacitetom.<\/strong><br data-start=\"614\" data-end=\"617\" \/>Ovo <strong data-start=\"621\" data-end=\"669\">Bang Kingdoms Rex 40000 Puf jednokratna vape<\/strong> je izgra\u0111en oko <strong data-start=\"686\" data-end=\"709\">ukupno 60ml e-teku\u0107ine<\/strong>, podijeljene u dva neovisna od 30ml spremnika. Taj volumen omogu\u0107ava ure\u0111aju da traje du\u017ee u svakodnevnoj uporabi, poma\u017eu\u0107i korisnicima izbje\u0107i \u010deste zamjene tipi\u010dne za manje jednokratne ure\u0111aje.<\/p>\n<p data-start=\"889\" data-end=\"1165\"><strong data-start=\"889\" data-end=\"933\">Sustav dvostrukog okusa s \u010distim prebacivanjem.<\/strong><br data-start=\"933\" data-end=\"936\" \/>Ovaj <strong data-start=\"941\" data-end=\"971\">Jednokratna vape s 40000 pufova<\/strong> koristi <strong data-start=\"979\" data-end=\"1010\">2-u-1 format dvostrukog okusa<\/strong>: dva okusa pohranjena odvojeno, s mogu\u0107no\u0161\u0107u prebacivanja kad se promijene preferencije. Odvajanje odr\u017eava svaki profil zasebnim, umjesto da se mije\u0161aju tijekom vremena.<\/p>\n<p data-start=\"1167\" data-end=\"1479\"><strong data-start=\"1167\" data-end=\"1211\">Performanse mesh grija\u010da za stabilan okus.<\/strong><br data-start=\"1211\" data-end=\"1214\" \/>Napredno <strong data-start=\"1223\" data-end=\"1236\">mre\u017easta zavojnica<\/strong> zagrijavanje ravnomjerno raspore\u0111uje temperaturu po povr\u0161ini grija\u010da. U praksi, to podr\u017eava glatki protok zraka i stabilnu isporuku okusa tijekom du\u017eih sesija, \u0161to je posebno va\u017eno u ure\u0111ajima velikog kapaciteta gdje \u010desto dolazi do pada okusa u kasnim fazama.<\/p>\n<p data-start=\"1481\" data-end=\"1702\"><strong data-start=\"1481\" data-end=\"1522\">Pametni zaslon za pra\u0107enje u stvarnom vremenu.<\/strong><br data-start=\"1522\" data-end=\"1525\" \/>Ugra\u0111eni digitalni ekran jasno prikazuje <strong data-start=\"1557\" data-end=\"1594\">razinu baterije i status e-teku\u0107ine<\/strong> korisnicima. Mogu se puniti prije nego \u0161to se snaga isprazni i izbje\u0107i neo\u010dekivani suhi udarci kada je spremnik pri kraju.<\/p>\n<p data-start=\"1704\" data-end=\"1956\"><strong data-start=\"1704\" data-end=\"1747\">Punja\u010d za Type-C za potpuno kori\u0161tenje.<\/strong><br data-start=\"1747\" data-end=\"1750\" \/>Ovo <strong data-start=\"1754\" data-end=\"1792\">650mAh Type-C punjiva baterija<\/strong> dimenzioniran za dugotrajno pu\u0161enje. Punjenje zna\u010di da Rex 40000 mo\u017ee biti kori\u0161ten dok se ne potro\u0161e oba spremnika, umjesto da se ranije odla\u017ee zbog pra\u017enjenja baterije.<\/p>\n<p data-start=\"666\" data-end=\"1235\"><strong style=\"font-size: 16px;\"><span style=\"color: #ff0000;\">Dodajte Amy na WhatsApp za brzi odgovor i popust!<\/span><\/strong><\/p>\n<p><img fetchpriority=\"high\" decoding=\"async\" class=\"size-full wp-image-2932\" src=\"https:\/\/vapestornado.com\/wp-content\/uploads\/2024\/12\/Vape-Wholesale.jpg\" alt=\"Veleprodaja vejpova\" width=\"229\" height=\"300\" \/><\/p>\n<h3><a href=\"https:\/\/wa.me\/8617776015835\" target=\"_blank\" rel=\"noopener\"><span style=\"color: #ff0000;\"><strong>WhatsApp: +86 17776015835<\/strong><\/span><\/a><\/h3>\n<h2><\/h2>\n<h2 data-start=\"1258\" data-end=\"1303\">Bang Kingdoms Rex 40000 Klju\u010dne zna\u010dajke<\/h2>\n<table>\n<thead>\n<tr>\n<th>Zna\u010dajka \/ Parametar<\/th>\n<th align=\"right\">Specifikacije<\/th>\n<th>Obja\u0161njenje<\/th>\n<\/tr>\n<\/thead>\n<tbody>\n<tr>\n<td>Naziv proizvoda<\/td>\n<td align=\"right\">Bang Kingdoms Rex 40000 Puff Jednokratni Vape<\/td>\n<td>Jasno modelno imenovanje za pretra\u017eivanje i ponovnu narud\u017ebu.<\/td>\n<\/tr>\n<tr>\n<td>Kapacitet Udisaja<\/td>\n<td align=\"right\">Do 40.000 udaha<\/td>\n<td>Visoko trajni jednokratni; manje promjena ure\u0111aja.<\/td>\n<\/tr>\n<tr>\n<td>Volumen e-teku\u0107ine<\/td>\n<td align=\"right\">Ukupno 60ml (30ml + 30ml)<\/td>\n<td>Dva puna spremnika u jednom tijelu, podr\u017eavaju\u0107i dug vijek trajanja.<\/td>\n<\/tr>\n<tr>\n<td>Sustav okusa<\/td>\n<td align=\"right\">2-u-1 dvostruki okus<\/td>\n<td>Prebacivanje izme\u0111u dva okusa bez no\u0161enja drugog ure\u0111aja za vaping.<\/td>\n<\/tr>\n<tr>\n<td>Vrsta zavojnice<\/td>\n<td align=\"right\">Mre\u017easta spirala<\/td>\n<td>Jednoliko zagrijavanje = glatkije uvla\u010denje i stabilniji okus.<\/td>\n<\/tr>\n<tr>\n<td>Baterija<\/td>\n<td align=\"right\">650mAh punjiva baterija<\/td>\n<td>Punite da zavr\u0161ite oba spremnika umjesto gubitka udisaja.<\/td>\n<\/tr>\n<tr>\n<td>Punjenje<\/td>\n<td align=\"right\">USB Type-C brzo punjenje<\/td>\n<td>Standardni kabel; kra\u0107e vrijeme zastoja.<\/td>\n<\/tr>\n<tr>\n<td>Zaslon<\/td>\n<td align=\"right\">Digitalni ekran<\/td>\n<td>Prikazuje razinu baterije + razinu e-tekuc\u0301ine u stvarnom vremenu.<\/td>\n<\/tr>\n<tr>\n<td>Opcije nikotina<\/td>\n<td align=\"right\">0% \/ 2% \/ 5%<\/td>\n<td>Prikladno za korisnike bez nikotina putem sna\u017enijeg udarca.<\/td>\n<\/tr>\n<tr>\n<td>Ciljno tr\u017ei\u0161te<\/td>\n<td align=\"right\">Maloprodaja i veleprodaja u Hrvatskoj<\/td>\n<td>Visoki kapacitet + dvostruki okus odgovara trenuta\u010dnim trendovima potra\u017enje.<\/td>\n<\/tr>\n<\/tbody>\n<\/table>\n<p>&nbsp;<\/p>\n<figure id=\"attachment_4127\" aria-describedby=\"caption-attachment-4127\" style=\"width: 800px\" class=\"wp-caption alignnone\"><img decoding=\"async\" class=\"wp-image-4127 size-full\" src=\"https:\/\/vapestornado.com\/wp-content\/uploads\/2025\/04\/Bang-Box-Vape-40000-Double-Flavor.webp\" alt=\"Bang Box Vape 40000 dvostruki okus\" width=\"800\" height=\"800\" srcset=\"https:\/\/vapestornado.com\/wp-content\/uploads\/2025\/04\/Bang-Box-Vape-40000-Double-Flavor.webp 800w, https:\/\/vapestornado.com\/wp-content\/uploads\/2025\/04\/Bang-Box-Vape-40000-Double-Flavor-300x300.webp 300w, https:\/\/vapestornado.com\/wp-content\/uploads\/2025\/04\/Bang-Box-Vape-40000-Double-Flavor-150x150.webp 150w, https:\/\/vapestornado.com\/wp-content\/uploads\/2025\/04\/Bang-Box-Vape-40000-Double-Flavor-768x768.webp 768w, https:\/\/vapestornado.com\/wp-content\/uploads\/2025\/04\/Bang-Box-Vape-40000-Double-Flavor-600x600.webp 600w, https:\/\/vapestornado.com\/wp-content\/uploads\/2025\/04\/Bang-Box-Vape-40000-Double-Flavor-100x100.webp 100w\" sizes=\"(max-width: 800px) 100vw, 800px\" \/><figcaption id=\"caption-attachment-4127\" class=\"wp-caption-text\">Bang Kingdoms Rex 40000 Dvostruki okus<\/figcaption><\/figure>\n<h2 class=\"product-title\"><strong>Bang Kingdoms Rex 40000 jednokratni popis okusa<\/strong><\/h2>\n<article class=\"w-full text-token-text-primary focus-visible:outline-2 focus-visible:outline-offset-[-4px]\" dir=\"auto\" data-testid=\"conversation-turn-32\" data-scroll-anchor=\"false\">\n<div class=\"m-auto text-base py-[18px] px-6\">\n<div class=\"mx-auto flex flex-1 text-base gap-4 md:gap-5 lg:gap-6 md:max-w-3xl lg:max-w-[40rem] xl:max-w-[48rem]\">\n<div class=\"group\/conversation-turn relative flex w-full min-w-0 flex-col @xs\/thread:px-0 @sm\/thread:px-1.5 @md\/thread:px-4\">\n<div class=\"flex-col gap-1 md:gap-3\">\n<div class=\"flex max-w-full flex-col flex-grow\">\n<div class=\"min-h-8 text-message flex w-full flex-col items-end gap-2 whitespace-normal break-words text-start [.text-message+&amp;]:mt-5\" dir=\"auto\" data-message-author-role=\"user\" data-message-id=\"ffac41ca-1db4-431b-873a-32c4052956f1\">\n<div class=\"flex w-full flex-col gap-1 empty:hidden items-end rtl:items-start\">\n<div class=\"relative max-w-[var(--user-chat-width,70%)] rounded-3xl bg-token-message-surface px-5 py-2.5\">\n<div class=\"absolute bottom-0 right-full top-0 -mr-3.5 hidden pr-5 pt-2 [.group\/conversation-turn:hover_&amp;]:flex\">\n<div class=\"flex\">\n<article class=\"w-full text-token-text-primary focus-visible:outline-2 focus-visible:outline-offset-[-4px]\" dir=\"auto\" data-testid=\"conversation-turn-39\" data-scroll-anchor=\"true\">\n<div class=\"m-auto text-base py-[18px] px-6\">\n<div class=\"mx-auto flex flex-1 text-base gap-4 md:gap-5 lg:gap-6 md:max-w-3xl lg:max-w-[40rem] xl:max-w-[48rem]\">\n<div class=\"group\/conversation-turn relative flex w-full min-w-0 flex-col agent-turn @xs\/thread:px-0 @sm\/thread:px-1.5 @md\/thread:px-4\">\n<div class=\"flex-col gap-1 md:gap-3\">\n<div class=\"flex max-w-full flex-col flex-grow\">\n<div class=\"min-h-8 text-message flex w-full flex-col items-end gap-2 whitespace-normal break-words text-start [.text-message+&amp;]:mt-5\" dir=\"auto\" data-message-author-role=\"assistant\" data-message-id=\"55a23854-ec57-48dd-bd4f-6118f43d6241\" data-message-model-slug=\"gpt-4o\">\n<div class=\"flex w-full flex-col gap-1 empty:hidden first:pt-[3px]\">\n<div class=\"markdown prose w-full break-words dark:prose-invert light\">\n<p class=\"\" data-start=\"2451\" data-end=\"2502\">1. Borovnica lubenica<br \/>\n2. Led od borovnice<br \/>\n3. Jagoda kivi<br \/>\n4. Jagoda i lubenica<br \/>\n5. Jagoda kivi<br \/>\n6. Jagoda lubenica<br \/>\n7. Borovnica malina<br \/>\n8. Led od lubenice<br \/>\n9. Red Bull<br \/>\n10. Lubenica Led<br \/>\n11. Red Bull<br \/>\n12. Borovnica Led<\/p>\n<\/div>\n<\/div>\n<\/div>\n<\/div>\n<\/div>\n<\/div>\n<\/div>\n<\/div>\n<\/article>\n<\/div>\n<\/div>\n<\/div>\n<\/div>\n<\/div>\n<\/div>\n<\/div>\n<\/div>\n<\/div>\n<\/div>\n<\/article>\n<h2>Za\u0161to odabrati Vapestornado za veleprodaju Kingdoms Rex 40k?<\/h2>\n<div class=\"flex-shrink-0 flex flex-col relative items-end\">\n<div class=\"pt-0\">\n<div class=\"gizmo-bot-avatar flex h-8 w-8 items-center justify-center overflow-hidden rounded-full\">\n<div class=\"relative p-1 rounded-sm flex items-center justify-center bg-token-main-surface-primary text-token-text-primary h-8 w-8\">\n<p>U Vapestornadu ne samo da prodajemo vapeove\u2014mi isporu\u010dujemo vrijednost, kvalitetu i uslugu na koju mo\u017eete ra\u010dunati. Kao pouzdani veleprodajni dobavlja\u010d Kingdoms Rex 40000<strong data-start=\"410\" data-end=\"449\">\u00a0Vape za jednokratnu upotrebu<\/strong>, nudimo <strong data-start=\"460\" data-end=\"488\">konkurentne cijene za velike koli\u010dine<\/strong>, osiguravaju\u0107i da dobijete <strong data-start=\"511\" data-end=\"537\">najni\u017ee veleprodajne cijene<\/strong> bez kompromisa po pitanju autenti\u010dnosti proizvoda. Na\u0161 tim ru\u010dno bira samo <strong data-start=\"608\" data-end=\"634\">100% originalne proizvode<\/strong> s zajam\u010denom izvedbom i konzistencijom okusa. Uz <strong data-start=\"692\" data-end=\"716\">brzu globalnu dostavu<\/strong>, posve\u0107eni <strong data-start=\"730\" data-end=\"766\">voditelj ra\u010duna za velike klijente<\/strong>, i a\u017euriranja zaliha u stvarnom vremenu, va\u0161e poslovanje ostaje ispred tr\u017ei\u0161ta. Bez obzira jeste li trgovina vape opremom, distributer ili online prodava\u010d, <strong data-start=\"901\" data-end=\"917\">Vapestornado<\/strong> je va\u0161 pouzdan partner za <strong data-start=\"947\" data-end=\"994\">proizvode visoke potra\u017enje kao \u0161to je Bang Box 50k Puff<\/strong>\u2014podr\u017eano profesionalnom uslugom i nenadma\u0161nim ponudama.<\/p>\n<p data-start=\"559\" data-end=\"933\" data-is-last-node=\"\" data-is-only-node=\"\">Tako\u0111er imamo i druge popularne vapeove sa zaslonom kao \u0161to su <a href=\"https:\/\/vapestornado.com\/hr\/product\/solaris-25000-puff-solar-charging-dispsoable-vape-kit-usa\/\">SOLARIS 25000 UDASA<\/a>, <a href=\"https:\/\/vapestornado.com\/hr\/product\/elfbar-planet-25000-wholesale-disposable-vape-kit-with-digital-screen\/\">ELF BAR Planet 25000<\/a>, <a href=\"https:\/\/vapestornado.com\/hr\/product\/elfworld-ai22000-22k-puff-disposable-vape-pen-kit-best-seller-in-poland\/\">Elf WORLD AI 22000<\/a>, i vi\u0161e.<\/p>\n<\/div>\n<div class=\"relative p-1 rounded-sm flex items-center justify-center bg-token-main-surface-primary text-token-text-primary h-8 w-8\">\n<h2>\u010cESTO POSTAVLJANA PITANJA<\/h2>\n<p data-start=\"3075\" data-end=\"3298\"><strong data-start=\"3075\" data-end=\"3154\">1. Trebaju li jednokratni ure\u0111aji poseban punja\u010d za Bang Kingdoms Rex 40000?<\/strong><br data-start=\"3154\" data-end=\"3157\" \/>Ne. Se <strong data-start=\"3165\" data-end=\"3213\">Bang Kingdoms Rex 40000 Puf jednokratna vape<\/strong> punjava putem <strong data-start=\"3226\" data-end=\"3240\">USB Type-C<\/strong>, tako da bilo koji standardni Type-C kabel i siguran USB adapter rade.<\/p>\n<p data-start=\"3300\" data-end=\"3595\"><strong data-start=\"3300\" data-end=\"3392\">2. Koji jednokratni ure\u0111aj za vaping zaista traje najdu\u017ee: Bang Kingdoms Rex 40000 ili vape s 20k?<\/strong><br data-start=\"3392\" data-end=\"3395\" \/>U svakodnevnoj upotrebi, <strong data-start=\"3416\" data-end=\"3443\">Kraljevstvo Bang Rex 40000<\/strong> obi\u010dno traje du\u017ee jer kombinira <strong data-start=\"3487\" data-end=\"3552\">40.000 udisaja, 60ml ukupnog e-teku\u0107ine i punjiva baterija<\/strong>, dok ve\u0107ina ure\u0111aja od 20k ima manje teku\u0107ine.<\/p>\n<p data-start=\"3597\" data-end=\"3837\"><strong data-start=\"3597\" data-end=\"3667\">3. Je li sustav dvostrukog okusa Bang Kingdoms Rex 40000 vrijedan toga?<\/strong><br data-start=\"3667\" data-end=\"3670\" \/>Da za korisnike koji rotiraju okuse. The <strong data-start=\"3708\" data-end=\"3752\">Bang Kingdoms Rex 40000 dual flavor vape<\/strong> raspored odr\u017eava svaki okus odvojen, pa je prebacivanje \u010disto i ne mije\u0161a okus.<\/p>\n<p data-start=\"3839\" data-end=\"4094\"><strong data-start=\"3839\" data-end=\"3923\">4. \u010cine li jednokratni ure\u0111aji br\u017ee ovisnim, uklju\u010duju\u0107i Bang Kingdoms Rex 40000?<\/strong><br data-start=\"3923\" data-end=\"3926\" \/>Rizik od ovisnosti ovisi o <strong data-start=\"3952\" data-end=\"3994\">ja\u010dini nikotina i u\u010destalosti kori\u0161tenja<\/strong>, a ne samo broj udaha. The <strong data-start=\"4022\" data-end=\"4038\">0% \/ 2% \/ 5%<\/strong> opcijama omogu\u0107uju korisnicima odabir razine koja im odgovara.<\/p>\n<p data-start=\"4096\" data-end=\"4377\"><strong data-start=\"4096\" data-end=\"4170\">5. Mogu li donijeti jednokratni vape Bang Kingdoms Rex 40000 na zrakoplov?<\/strong><br data-start=\"4170\" data-end=\"4173\" \/>Ve\u0107ina zrakoplovnih kompanija dopu\u0161ta jednokratne ure\u0111aje <strong data-start=\"4205\" data-end=\"4233\">samo u ru\u010dnoj prtljazi<\/strong>, ne prtljagu za provjeru, zbog pravila o baterijama. Dr\u017eite <strong data-start=\"4284\" data-end=\"4332\">Bang Kingdoms Rex 40000 Puf jednokratna vape<\/strong> zape\u010da\u0107enim i pridr\u017eavajte se pravila zrakoplovne kompanije\/lokalnih propisa.<\/p>\n<\/div>\n<\/div>\n<\/div>\n<\/div>","protected":false},"excerpt":{"rendered":"<p class=\"LC20lb MBeuO DKV0Md\">Bang Kingdoms Rex 40000 2 u 1 Jednokratni Vape Sni\u017eena Cijena<br \/>\nBang Box 40000 Digital Vape Box Veleprodajna Jeftina Cijena<br \/>\nBig Puff Vape Bang Box Kingdoms Rex 40k Jednokratni Vapor<\/p>\n<p><strong>Dodajte Amy na WhatsApp za brzi odgovor i popust!<\/strong><\/p>\n<p><img fetchpriority=\"high\" decoding=\"async\" class=\"size-full wp-image-2932\" src=\"https:\/\/vapestornado.com\/wp-content\/uploads\/2024\/12\/Vape-Wholesale.jpg\" alt=\"Veleprodaja vejpova\" width=\"229\" height=\"300\" \/><\/p>\n<h3><a href=\"https:\/\/wa.me\/8617776015835\"><span style=\"color: #ff0000;\"><strong>WhatsApp: +86 17776015835<\/strong><\/span><\/a><\/h3>\n<p>&nbsp;<\/p>","protected":false},"featured_media":4131,"comment_status":"open","ping_status":"closed","template":"","meta":{"_acf_changed":false,"_uag_custom_page_level_css":"","_lmt_disableupdate":"no","_lmt_disable":"","_monsterinsights_skip_tracking":false,"_monsterinsights_sitenote_active":false,"_monsterinsights_sitenote_note":"","_monsterinsights_sitenote_category":0,"site-sidebar-layout":"default","site-content-layout":"","ast-site-content-layout":"default","site-content-style":"default","site-sidebar-style":"default","ast-global-header-display":"","ast-banner-title-visibility":"","ast-main-header-display":"","ast-hfb-above-header-display":"","ast-hfb-below-header-display":"","ast-hfb-mobile-header-display":"","site-post-title":"","ast-breadcrumbs-content":"","ast-featured-img":"","footer-sml-layout":"","ast-disable-related-posts":"","theme-transparent-header-meta":"default","adv-header-id-meta":"","stick-header-meta":"","header-above-stick-meta":"","header-main-stick-meta":"","header-below-stick-meta":"","astra-migrate-meta-layouts":"set","ast-page-background-enabled":"default","ast-page-background-meta":{"desktop":{"background-color":"","background-image":"","background-repeat":"repeat","background-position":"center center","background-size":"auto","background-attachment":"scroll","background-type":"","background-media":"","overlay-type":"","overlay-color":"","overlay-opacity":"","overlay-gradient":""},"tablet":{"background-color":"","background-image":"","background-repeat":"repeat","background-position":"center center","background-size":"auto","background-attachment":"scroll","background-type":"","background-media":"","overlay-type":"","overlay-color":"","overlay-opacity":"","overlay-gradient":""},"mobile":{"background-color":"","background-image":"","background-repeat":"repeat","background-position":"center center","background-size":"auto","background-attachment":"scroll","background-type":"","background-media":"","overlay-type":"","overlay-color":"","overlay-opacity":"","overlay-gradient":""}},"ast-content-background-meta":{"desktop":{"background-color":"var(--ast-global-color-5)","background-image":"","background-repeat":"repeat","background-position":"center center","background-size":"auto","background-attachment":"scroll","background-type":"","background-media":"","overlay-type":"","overlay-color":"","overlay-opacity":"","overlay-gradient":""},"tablet":{"background-color":"var(--ast-global-color-5)","background-image":"","background-repeat":"repeat","background-position":"center center","background-size":"auto","background-attachment":"scroll","background-type":"","background-media":"","overlay-type":"","overlay-color":"","overlay-opacity":"","overlay-gradient":""},"mobile":{"background-color":"var(--ast-global-color-5)","background-image":"","background-repeat":"repeat","background-position":"center center","background-size":"auto","background-attachment":"scroll","background-type":"","background-media":"","overlay-type":"","overlay-color":"","overlay-opacity":"","overlay-gradient":""}},"_joinchat":{"telephone":"17776015835"}},"product_brand":[],"product_cat":[65,62,150,152,142,146],"product_tag":[475,335,334,105,476,195],"class_list":{"0":"post-4132","1":"product","2":"type-product","3":"status-publish","4":"has-post-thumbnail","6":"product_cat-40000-puff","7":"product_cat-bang-vape","8":"product_cat-buy-disposable-vapes-in-belgium","9":"product_cat-buy-disposable-vapes-in-cermany","10":"product_cat-digital-box-disposable-vapes","11":"product_cat-rechargeable-disposable-vapes","12":"product_tag-40k-puff-vape","13":"product_tag-bang-40000","14":"product_tag-bang-kingdoms-rex-40000","15":"product_tag-digital-disposable-vape","16":"product_tag-double-taste-disposable-vape","17":"product_tag-dual-flavor-disposable-vape","18":"desktop-align-left","19":"tablet-align-left","20":"mobile-align-left","22":"first","23":"instock","24":"sale","25":"shipping-taxable","26":"purchasable","27":"product-type-simple"},"acf":[],"uagb_featured_image_src":{"full":["https:\/\/vapestornado.com\/wp-content\/uploads\/2025\/04\/Wholesale-Bang-Kingdoms-40000-Puff-Vape-Pod.webp",800,800,false],"thumbnail":["https:\/\/vapestornado.com\/wp-content\/uploads\/2025\/04\/Wholesale-Bang-Kingdoms-40000-Puff-Vape-Pod-150x150.webp",150,150,true],"medium":["https:\/\/vapestornado.com\/wp-content\/uploads\/2025\/04\/Wholesale-Bang-Kingdoms-40000-Puff-Vape-Pod-300x300.webp",300,300,true],"medium_large":["https:\/\/vapestornado.com\/wp-content\/uploads\/2025\/04\/Wholesale-Bang-Kingdoms-40000-Puff-Vape-Pod-768x768.webp",768,768,true],"large":["https:\/\/vapestornado.com\/wp-content\/uploads\/2025\/04\/Wholesale-Bang-Kingdoms-40000-Puff-Vape-Pod.webp",800,800,false],"1536x1536":["https:\/\/vapestornado.com\/wp-content\/uploads\/2025\/04\/Wholesale-Bang-Kingdoms-40000-Puff-Vape-Pod.webp",800,800,false],"2048x2048":["https:\/\/vapestornado.com\/wp-content\/uploads\/2025\/04\/Wholesale-Bang-Kingdoms-40000-Puff-Vape-Pod.webp",800,800,false],"trp-custom-language-flag":["https:\/\/vapestornado.com\/wp-content\/uploads\/2025\/04\/Wholesale-Bang-Kingdoms-40000-Puff-Vape-Pod.webp",12,12,false],"woocommerce_thumbnail":["https:\/\/vapestornado.com\/wp-content\/uploads\/2025\/04\/Wholesale-Bang-Kingdoms-40000-Puff-Vape-Pod-300x300.webp",300,300,true],"woocommerce_single":["https:\/\/vapestornado.com\/wp-content\/uploads\/2025\/04\/Wholesale-Bang-Kingdoms-40000-Puff-Vape-Pod-600x600.webp",600,600,true],"woocommerce_gallery_thumbnail":["https:\/\/vapestornado.com\/wp-content\/uploads\/2025\/04\/Wholesale-Bang-Kingdoms-40000-Puff-Vape-Pod-100x100.webp",100,100,true]},"uagb_author_info":{"display_name":"ESAMY","author_link":"https:\/\/vapestornado.com\/hr\/author\/"},"uagb_comment_info":0,"uagb_excerpt":"Bang Kingdoms Rex 40000 2 in 1 Disposables Vape Discount Price Bang Box 40000 Digital Vape Box Wholesale Cheap Price Big Puff Vape Bang Box Kingdoms Rex 40k Disposables Vapor Add Amy's whatsapp to get right reply and discount price! WhatsApp: +86 17776015835 &nbsp;","_links":{"self":[{"href":"https:\/\/vapestornado.com\/hr\/wp-json\/wp\/v2\/product\/4132","targetHints":{"allow":["GET"]}}],"collection":[{"href":"https:\/\/vapestornado.com\/hr\/wp-json\/wp\/v2\/product"}],"about":[{"href":"https:\/\/vapestornado.com\/hr\/wp-json\/wp\/v2\/types\/product"}],"replies":[{"embeddable":true,"href":"https:\/\/vapestornado.com\/hr\/wp-json\/wp\/v2\/comments?post=4132"}],"wp:featuredmedia":[{"embeddable":true,"href":"https:\/\/vapestornado.com\/hr\/wp-json\/wp\/v2\/media\/4131"}],"wp:attachment":[{"href":"https:\/\/vapestornado.com\/hr\/wp-json\/wp\/v2\/media?parent=4132"}],"wp:term":[{"taxonomy":"product_brand","embeddable":true,"href":"https:\/\/vapestornado.com\/hr\/wp-json\/wp\/v2\/product_brand?post=4132"},{"taxonomy":"product_cat","embeddable":true,"href":"https:\/\/vapestornado.com\/hr\/wp-json\/wp\/v2\/product_cat?post=4132"},{"taxonomy":"product_tag","embeddable":true,"href":"https:\/\/vapestornado.com\/hr\/wp-json\/wp\/v2\/product_tag?post=4132"}],"curies":[{"name":"wp","href":"https:\/\/api.w.org\/{rel}","templated":true}]}}