{"id":4126,"date":"2025-04-14T03:07:08","date_gmt":"2025-04-14T03:07:08","guid":{"rendered":"https:\/\/vapestornado.com\/?post_type=product&#038;p=4126"},"modified":"2025-12-05T06:58:11","modified_gmt":"2025-12-05T06:58:11","slug":"bang-box-50000-puff-50k-disposables-vape-pod-double-flavour","status":"publish","type":"product","link":"https:\/\/vapestornado.com\/hr\/product\/bang-box-50000-puff-50k-disposables-vape-pod-double-flavour\/","title":{"rendered":"Bang Box 50000 Puff 50k Jednokratni Vape Pod Dvostruki Okus"},"content":{"rendered":"<h2 data-pm-slice=\"1 1 []\">Bang Box 50000 Puff 50k Jednokratni Vape Pod Dvostruki Okus<\/h2>\n<p data-start=\"1203\" data-end=\"1522\">Bang Box 50000 Puf s kapom od 45ml dvostrukog okvira, 850mAh Type-C punjivom baterijom, mre\u017enim ulo\u0161kom i pametnim zaslonom u jednom ure\u0111aju dizajniranom za isporuku do 50.000 udisaja bez \u010destih zamjena.<\/p>\n<p data-start=\"568\" data-end=\"863\"><strong data-start=\"568\" data-end=\"608\">Do 50.000 udisaja s kapom od 45ml:<\/strong><br data-start=\"608\" data-end=\"611\" \/>Bang Box 50k je dizajniran za dugotrajnu svakodnevnu uporabu. Taj <strong data-start=\"656\" data-end=\"684\">kapacitet od 45ml unaprijed napunjen<\/strong> podr\u017eava <strong data-start=\"698\" data-end=\"720\">ocjenu od 50.000 udisaja<\/strong>, tako da korisnici obi\u010dno traju mnogo du\u017ee izme\u0111u zamjena ure\u0111aja u usporedbi s jednokratnim od 10k\u201320k. To tako\u0111er odr\u017eava tro\u0161ak po udisaju stabilnijim tijekom vremena.<\/p>\n<p data-start=\"865\" data-end=\"1176\"><strong data-start=\"865\" data-end=\"916\">Sustav Dual Flavour Vape za trenutnu promjenu okusa:<\/strong><br data-start=\"916\" data-end=\"919\" \/>Dva okusa su ugra\u0111ena u jedan ure\u0111aj. Taj <strong data-start=\"970\" data-end=\"991\">dual-flavor sustav<\/strong> omogu\u0107ava korisnicima da mijenjaju okuse kad god \u017eele bez no\u0161enja drugog vapea ili \u010dekanja na dopunu. Prakti\u010dno je za ljude koji rotiraju izme\u0111u slatkih i ledenih okusa tijekom dana.<\/p>\n<p data-start=\"1178\" data-end=\"1456\"><strong data-start=\"1178\" data-end=\"1220\">Mre\u017eni ulo\u017eak za stabilan vapor i okus:<\/strong><br data-start=\"1220\" data-end=\"1223\" \/>Bang Box 50000 puf koristi <strong data-start=\"1237\" data-end=\"1261\">mre\u017easte zavojnice<\/strong> za ravnomjerno zagrijavanje e-teku\u0107ine. To poma\u017ee izbje\u0107i o\u0161tre suhe udare i odr\u017eava izlaz pare glatkim na velikom kapacitetu spremnika\u2014\u0161to je va\u017eno u ure\u0111ajima visokog kapaciteta gdje se gubitak okusa mo\u017ee pojaviti kasno u \u017eivotnom vijeku.<\/p>\n<p data-start=\"1458\" data-end=\"1707\"><strong data-start=\"1458\" data-end=\"1507\">Pametan digitalni prikaz za pra\u0107enje u stvarnom vremenu:<\/strong><br data-start=\"1507\" data-end=\"1510\" \/>Ovo <strong data-start=\"1514\" data-end=\"1530\">pametni zaslon<\/strong> prikazuje <strong data-start=\"1537\" data-end=\"1573\">razina baterije i razina e-teku\u0107ine<\/strong> kada vapate. To uklanja naga\u0111anja, tako da korisnici mogu napuniti prije nego \u0161to snaga padne i izbje\u0107i neo\u010dekivane suhe udare blizu kraja spremnika.<\/p>\n<p data-start=\"1709\" data-end=\"1964\"><strong data-start=\"1709\" data-end=\"1748\">850mAh punjiva baterija Type-C:<\/strong><br data-start=\"1748\" data-end=\"1751\" \/>Ovo <strong data-start=\"1755\" data-end=\"1773\">bateriju od 850mAh<\/strong> je dimenzionirana za veliki spremnik i visok broj udisaja. S <strong data-start=\"1824\" data-end=\"1852\">USB Type-C brzo punjenje<\/strong>, vrijeme mirovanja ostaje kratko i korisnici mogu zavr\u0161iti cijeli zalihu teku\u0107ine umjesto da je prerano odbace zbog niske snage.<\/p>\n<p data-start=\"666\" data-end=\"1235\"><strong style=\"font-size: 16px;\"><span style=\"color: #ff0000;\">Dodajte Amy na WhatsApp za brzi odgovor i popust!<\/span><\/strong><\/p>\n<p><img fetchpriority=\"high\" decoding=\"async\" class=\"size-full wp-image-2932\" src=\"https:\/\/vapestornado.com\/wp-content\/uploads\/2024\/12\/Vape-Wholesale.jpg\" alt=\"Veleprodaja vejpova\" width=\"229\" height=\"300\" \/><\/p>\n<h3><a href=\"https:\/\/wa.me\/8617776015835\" target=\"_blank\" rel=\"noopener\"><span style=\"color: #ff0000;\"><strong>WhatsApp: +86 17776015835<\/strong><\/span><\/a><\/h3>\n<h2><\/h2>\n<h2 data-start=\"1258\" data-end=\"1303\"><strong data-start=\"1265\" data-end=\"1303\">Za\u0161to je Bang Box 50k obavezan<\/strong><\/h2>\n<table>\n<thead>\n<tr>\n<th>Zna\u010dajka \/ Parametar<\/th>\n<th align=\"right\">Specifikacije<\/th>\n<th>Obja\u0161njenje<\/th>\n<\/tr>\n<\/thead>\n<tbody>\n<tr>\n<td>Naziv proizvoda<\/td>\n<td align=\"right\">Bang Box 50000 Puff jednokratnog vapea<\/td>\n<td>Jasno imenovanje modela za ponovljene narud\u017ebe i pretra\u017eivanje.<\/td>\n<\/tr>\n<tr>\n<td>Kapacitet Udisaja<\/td>\n<td align=\"right\">Do 50.000 udiha<\/td>\n<td>Jednokratno visokokapacitetno; manje zamjena.<\/td>\n<\/tr>\n<tr>\n<td>Volumen e-teku\u0107ine<\/td>\n<td align=\"right\">45ml unaprijed napunjeno<\/td>\n<td>Veliki spremnik podr\u017eava duge sesije bez nadopunjavanja.<\/td>\n<\/tr>\n<tr>\n<td>Sustav okusa<\/td>\n<td align=\"right\">Vape s dvostrukim okusom<\/td>\n<td>Dva okusa u jednom ure\u0111aju; mijenjajte bilo kada.<\/td>\n<\/tr>\n<tr>\n<td>Vrsta zavojnice<\/td>\n<td align=\"right\">Mre\u017easta spirala<\/td>\n<td>Jednoliko zagrijavanje = glatkiji udisaji i stabilniji okus.<\/td>\n<\/tr>\n<tr>\n<td>Baterija<\/td>\n<td align=\"right\">850mAh punjiva<\/td>\n<td>Napuni da iskoristi\u0161 svu e-teku\u0107inu umjesto da gubi\u0161 udisaje.<\/td>\n<\/tr>\n<tr>\n<td>Punjenje<\/td>\n<td align=\"right\">USB Type-C<\/td>\n<td>Uobi\u010dajeni standard brzog punjenja; jednostavan pristup kabelu.<\/td>\n<\/tr>\n<tr>\n<td>Zaslon<\/td>\n<td align=\"right\">Pametni digitalni zaslon<\/td>\n<td>Prikazuje razinu baterije + razinu e-teku\u0107ine u stvarnom vremenu.<\/td>\n<\/tr>\n<tr>\n<td>Ciljani korisnici<\/td>\n<td align=\"right\">Prijateljski vaperi do te\u0161kih vaperi<\/td>\n<td>Dug kapacitet s jednostavnim radom odgovara obje skupine.<\/td>\n<\/tr>\n<tr>\n<td>Prilagodba tr\u017ei\u0161ta<\/td>\n<td align=\"right\">Maloprodaja i veleprodaja u Hrvatskoj<\/td>\n<td>Visok broj udisaja + dvostruki okus podr\u017eavaju ponovnu kupnju.<\/td>\n<\/tr>\n<\/tbody>\n<\/table>\n<h2 class=\"product-title\"><strong>Recenzija okusa Bang Box 50000 Puff Disposables<\/strong><\/h2>\n<article class=\"w-full text-token-text-primary focus-visible:outline-2 focus-visible:outline-offset-[-4px]\" dir=\"auto\" data-testid=\"conversation-turn-32\" data-scroll-anchor=\"false\">\n<div class=\"m-auto text-base py-[18px] px-6\">\n<div class=\"mx-auto flex flex-1 text-base gap-4 md:gap-5 lg:gap-6 md:max-w-3xl lg:max-w-[40rem] xl:max-w-[48rem]\">\n<div class=\"group\/conversation-turn relative flex w-full min-w-0 flex-col @xs\/thread:px-0 @sm\/thread:px-1.5 @md\/thread:px-4\">\n<div class=\"flex-col gap-1 md:gap-3\">\n<div class=\"flex max-w-full flex-col flex-grow\">\n<div class=\"min-h-8 text-message flex w-full flex-col items-end gap-2 whitespace-normal break-words text-start [.text-message+&amp;]:mt-5\" dir=\"auto\" data-message-author-role=\"user\" data-message-id=\"ffac41ca-1db4-431b-873a-32c4052956f1\">\n<div class=\"flex w-full flex-col gap-1 empty:hidden items-end rtl:items-start\">\n<div class=\"relative max-w-[var(--user-chat-width,70%)] rounded-3xl bg-token-message-surface px-5 py-2.5\">\n<div class=\"absolute bottom-0 right-full top-0 -mr-3.5 hidden pr-5 pt-2 [.group\/conversation-turn:hover_&amp;]:flex\">\n<div class=\"flex\">\n<article class=\"w-full text-token-text-primary focus-visible:outline-2 focus-visible:outline-offset-[-4px]\" dir=\"auto\" data-testid=\"conversation-turn-39\" data-scroll-anchor=\"true\">\n<div class=\"m-auto text-base py-[18px] px-6\">\n<div class=\"mx-auto flex flex-1 text-base gap-4 md:gap-5 lg:gap-6 md:max-w-3xl lg:max-w-[40rem] xl:max-w-[48rem]\">\n<div class=\"group\/conversation-turn relative flex w-full min-w-0 flex-col agent-turn @xs\/thread:px-0 @sm\/thread:px-1.5 @md\/thread:px-4\">\n<div class=\"flex-col gap-1 md:gap-3\">\n<div class=\"flex max-w-full flex-col flex-grow\">\n<div class=\"min-h-8 text-message flex w-full flex-col items-end gap-2 whitespace-normal break-words text-start [.text-message+&amp;]:mt-5\" dir=\"auto\" data-message-author-role=\"assistant\" data-message-id=\"55a23854-ec57-48dd-bd4f-6118f43d6241\" data-message-model-slug=\"gpt-4o\">\n<div class=\"flex w-full flex-col gap-1 empty:hidden first:pt-[3px]\">\n<div class=\"markdown prose w-full break-words dark:prose-invert light\">\n<p class=\"\" data-start=\"2451\" data-end=\"2502\">1. Jagoda Kiwi<br \/>\n2. \u017dvaka\u0107a guma od lubenice<br \/>\n3. Ananas Mango Breskva<br \/>\n4. Red Bull<br \/>\n5. Sok od breskve<br \/>\n6. Jabuka Kru\u0161ka<br \/>\n7. Led od borovnice<br \/>\n8. Led od crnog zmaja<br \/>\n9. Led od kisele maline i borovnice<br \/>\n10. Bombon od jagode i maline<br \/>\n11. Led od plave maline<br \/>\n12. Led od jagode<\/p>\n<figure id=\"attachment_4121\" aria-describedby=\"caption-attachment-4121\" style=\"width: 851px\" class=\"wp-caption alignnone\"><img decoding=\"async\" class=\"wp-image-4121 size-full\" src=\"https:\/\/vapestornado.com\/wp-content\/uploads\/2025\/04\/Bang-Box-50000-Puff-50k-Vape.webp\" alt=\"Bang Box 50000 Puff Ekran Vape\" width=\"851\" height=\"851\" srcset=\"https:\/\/vapestornado.com\/wp-content\/uploads\/2025\/04\/Bang-Box-50000-Puff-50k-Vape.webp 851w, https:\/\/vapestornado.com\/wp-content\/uploads\/2025\/04\/Bang-Box-50000-Puff-50k-Vape-300x300.webp 300w, https:\/\/vapestornado.com\/wp-content\/uploads\/2025\/04\/Bang-Box-50000-Puff-50k-Vape-150x150.webp 150w, https:\/\/vapestornado.com\/wp-content\/uploads\/2025\/04\/Bang-Box-50000-Puff-50k-Vape-768x768.webp 768w, https:\/\/vapestornado.com\/wp-content\/uploads\/2025\/04\/Bang-Box-50000-Puff-50k-Vape-600x600.webp 600w, https:\/\/vapestornado.com\/wp-content\/uploads\/2025\/04\/Bang-Box-50000-Puff-50k-Vape-100x100.webp 100w\" sizes=\"(max-width: 851px) 100vw, 851px\" \/><figcaption id=\"caption-attachment-4121\" class=\"wp-caption-text\">Bang Box 50000 Puff Ekran Vape<\/figcaption><\/figure>\n<\/div>\n<\/div>\n<\/div>\n<\/div>\n<\/div>\n<\/div>\n<\/div>\n<\/div>\n<\/article>\n<\/div>\n<\/div>\n<\/div>\n<\/div>\n<\/div>\n<\/div>\n<\/div>\n<\/div>\n<\/div>\n<\/div>\n<\/article>\n<h2>Za\u0161to odabrati Vapestornado za Bang Box 50000 Puff Veleprodaju?<\/h2>\n<div class=\"flex-shrink-0 flex flex-col relative items-end\">\n<div class=\"pt-0\">\n<div class=\"gizmo-bot-avatar flex h-8 w-8 items-center justify-center overflow-hidden rounded-full\">\n<div class=\"relative p-1 rounded-sm flex items-center justify-center bg-token-main-surface-primary text-token-text-primary h-8 w-8\">\n<p>U Vapestornadu ne samo da prodajemo vapeove\u2014mi isporu\u010dujemo vrijednost, kvalitetu i uslugu na koju mo\u017eete ra\u010dunati. Kao pouzdani veleprodajni dobavlja\u010d <strong data-start=\"410\" data-end=\"449\">Bang Box 50000 Puff jednokratnog vapea<\/strong>, nudimo <strong data-start=\"460\" data-end=\"488\">konkurentne cijene za velike koli\u010dine<\/strong>, osiguravaju\u0107i da dobijete <strong data-start=\"511\" data-end=\"537\">najni\u017ee veleprodajne cijene<\/strong> bez kompromisa po pitanju autenti\u010dnosti proizvoda. Na\u0161 tim ru\u010dno bira samo <strong data-start=\"608\" data-end=\"634\">100% originalne proizvode<\/strong> s zajam\u010denom izvedbom i konzistencijom okusa. Uz <strong data-start=\"692\" data-end=\"716\">brzu globalnu dostavu<\/strong>, posve\u0107eni <strong data-start=\"730\" data-end=\"766\">voditelj ra\u010duna za velike klijente<\/strong>, i a\u017euriranja zaliha u stvarnom vremenu, va\u0161e poslovanje ostaje ispred tr\u017ei\u0161ta. Bez obzira jeste li trgovina vape opremom, distributer ili online prodava\u010d, <strong data-start=\"901\" data-end=\"917\">Vapestornado<\/strong> je va\u0161 pouzdan partner za <strong data-start=\"947\" data-end=\"994\">proizvode visoke potra\u017enje kao \u0161to je Bang Box 50k Puff<\/strong>\u2014podr\u017eano profesionalnom uslugom i nenadma\u0161nim ponudama.<\/p>\n<p data-start=\"559\" data-end=\"933\" data-is-last-node=\"\" data-is-only-node=\"\">Tako\u0111er imamo i druge popularne vapeove sa zaslonom kao \u0161to su <a href=\"https:\/\/vapestornado.com\/hr\/product\/solaris-25000-puff-solar-charging-dispsoable-vape-kit-usa\/\">SOLARIS 25000 UDASA<\/a>, <a href=\"https:\/\/vapestornado.com\/hr\/product\/elfbar-planet-25000-wholesale-disposable-vape-kit-with-digital-screen\/\">ELF BAR Planet 25000<\/a>, <a href=\"https:\/\/vapestornado.com\/hr\/product\/elfworld-ai22000-22k-puff-disposable-vape-pen-kit-best-seller-in-poland\/\">Elf WORLD AI 22000<\/a>, i vi\u0161e.<\/p>\n<\/div>\n<div class=\"relative p-1 rounded-sm flex items-center justify-center bg-token-main-surface-primary text-token-text-primary h-8 w-8\">\n<h2>\u010cESTO POSTAVLJANA PITANJA<\/h2>\n<p data-start=\"3043\" data-end=\"3258\"><strong data-start=\"3043\" data-end=\"3118\">1. Trebaju li jednokratne ure\u0111aje poseban punja\u010d za Bang Box 50000 udisaja?<\/strong><br data-start=\"3118\" data-end=\"3121\" \/>Ne. Se <strong data-start=\"3129\" data-end=\"3168\">Bang Box 50000 Puff jednokratnog vapea<\/strong> upotrebe <strong data-start=\"3174\" data-end=\"3188\">USB Type-C<\/strong>, tako da \u0107e svaki standardni Type-C kabel i siguran USB napajaju\u0107i adapter raditi.<\/p>\n<p data-start=\"3260\" data-end=\"3561\"><strong data-start=\"3260\" data-end=\"3350\">2. Koji jednokratni ure\u0111aj zaista traje najdu\u017ee: Bang Box 50000 udisaja ili Bang box 30k ure\u0111aj?<\/strong><br data-start=\"3350\" data-end=\"3353\" \/>U svakodnevnoj upotrebi, <strong data-start=\"3374\" data-end=\"3397\">Bang Box 50000 udisaja<\/strong> obi\u010dno traje du\u017ee jer kombinira <strong data-start=\"3441\" data-end=\"3500\">50.000 udisaja, 45ml e-teku\u0107ine i punjiva baterija<\/strong>, dok ve\u0107ina modela od 30k nosi manje teku\u0107ine i br\u017ee se potro\u0161i.<\/p>\n<p data-start=\"3563\" data-end=\"3814\"><strong data-start=\"3563\" data-end=\"3627\">3. Je li sustav dvostrukog okusa Bang Box 50000 udisaja vrijedan toga?<\/strong><br data-start=\"3627\" data-end=\"3630\" \/>Da, ako je raznolikost okusa va\u017ena. The <strong data-start=\"3665\" data-end=\"3705\">Bang Box 50000 Puff dvostruki okus vape ure\u0111aja<\/strong> format daje dva profila u jednom tijelu, pa je prebacivanje okusa odmah i ne zahtijeva drugi ure\u0111aj.<\/p>\n<p data-start=\"3816\" data-end=\"4050\"><strong data-start=\"3816\" data-end=\"3886\">4. Dr\u017ei li Bang Box 50000 Puff jak okus blizu kraja?<\/strong><br data-start=\"3886\" data-end=\"3889\" \/>Ovo <strong data-start=\"3893\" data-end=\"3906\">mre\u017easta zavojnica<\/strong> poma\u017ee odr\u017eati ravnomjerno zagrijavanje preko velikog spremnika, smanjuju\u0107i pad okusa u kasnijoj fazi i suhe udare koji se mogu dogoditi kod ure\u0111aja s velikim kapacitetom.<\/p>\n<p data-start=\"4052\" data-end=\"4308\"><strong data-start=\"4052\" data-end=\"4122\">5. Mogu li ponijeti jednokratni vape Bang Box 50000 Puff na zrakoplov?<\/strong><br data-start=\"4122\" data-end=\"4125\" \/>Ve\u0107ina zrakoplovnih kompanija dopu\u0161ta jednokratne ure\u0111aje <strong data-start=\"4157\" data-end=\"4185\">samo u ru\u010dnoj prtljazi<\/strong>, ne provjerene torbe, jer sadr\u017ee baterije. \u010cuvajte ih u <strong data-start=\"4246\" data-end=\"4269\">Bang Box 50000 udisaja<\/strong> zape\u010da\u0107enima i slijedite pravila zrakoplovne kompanije\/lokalne propise.<\/p>\n<\/div>\n<\/div>\n<\/div>\n<\/div>","protected":false},"excerpt":{"rendered":"<p class=\"LC20lb MBeuO DKV0Md\">Bang Box 50000 Puf Jednokratni Vape s 45ml Dvostrukim Okvirom Kapom<br \/>\nBang Box 50000 Puf Dual Flavour Vape s Pametnim Digitalnim Prikazom<br \/>\nBang Box 50k Puf Type-C Punjenje Mre\u017enim Ulo\u0161kom Jednokratni Ure\u0111aj<\/p>\n<p><strong>Dodajte Amy na WhatsApp za brzi odgovor i popust!<\/strong><\/p>\n<p><img fetchpriority=\"high\" decoding=\"async\" class=\"size-full wp-image-2932\" src=\"https:\/\/vapestornado.com\/wp-content\/uploads\/2024\/12\/Vape-Wholesale.jpg\" alt=\"Veleprodaja vejpova\" width=\"229\" height=\"300\" \/><\/p>\n<h3><a href=\"https:\/\/wa.me\/8617776015835\"><span style=\"color: #ff0000;\"><strong>WhatsApp: +86 17776015835<\/strong><\/span><\/a><\/h3>\n<p>&nbsp;<\/p>","protected":false},"featured_media":4122,"comment_status":"open","ping_status":"closed","template":"","meta":{"_acf_changed":false,"_uag_custom_page_level_css":"","_lmt_disableupdate":"no","_lmt_disable":"","_monsterinsights_skip_tracking":false,"_monsterinsights_sitenote_active":false,"_monsterinsights_sitenote_note":"","_monsterinsights_sitenote_category":0,"site-sidebar-layout":"default","site-content-layout":"","ast-site-content-layout":"default","site-content-style":"default","site-sidebar-style":"default","ast-global-header-display":"","ast-banner-title-visibility":"","ast-main-header-display":"","ast-hfb-above-header-display":"","ast-hfb-below-header-display":"","ast-hfb-mobile-header-display":"","site-post-title":"","ast-breadcrumbs-content":"","ast-featured-img":"","footer-sml-layout":"","ast-disable-related-posts":"","theme-transparent-header-meta":"default","adv-header-id-meta":"","stick-header-meta":"","header-above-stick-meta":"","header-main-stick-meta":"","header-below-stick-meta":"","astra-migrate-meta-layouts":"set","ast-page-background-enabled":"default","ast-page-background-meta":{"desktop":{"background-color":"","background-image":"","background-repeat":"repeat","background-position":"center center","background-size":"auto","background-attachment":"scroll","background-type":"","background-media":"","overlay-type":"","overlay-color":"","overlay-opacity":"","overlay-gradient":""},"tablet":{"background-color":"","background-image":"","background-repeat":"repeat","background-position":"center center","background-size":"auto","background-attachment":"scroll","background-type":"","background-media":"","overlay-type":"","overlay-color":"","overlay-opacity":"","overlay-gradient":""},"mobile":{"background-color":"","background-image":"","background-repeat":"repeat","background-position":"center center","background-size":"auto","background-attachment":"scroll","background-type":"","background-media":"","overlay-type":"","overlay-color":"","overlay-opacity":"","overlay-gradient":""}},"ast-content-background-meta":{"desktop":{"background-color":"var(--ast-global-color-5)","background-image":"","background-repeat":"repeat","background-position":"center center","background-size":"auto","background-attachment":"scroll","background-type":"","background-media":"","overlay-type":"","overlay-color":"","overlay-opacity":"","overlay-gradient":""},"tablet":{"background-color":"var(--ast-global-color-5)","background-image":"","background-repeat":"repeat","background-position":"center center","background-size":"auto","background-attachment":"scroll","background-type":"","background-media":"","overlay-type":"","overlay-color":"","overlay-opacity":"","overlay-gradient":""},"mobile":{"background-color":"var(--ast-global-color-5)","background-image":"","background-repeat":"repeat","background-position":"center center","background-size":"auto","background-attachment":"scroll","background-type":"","background-media":"","overlay-type":"","overlay-color":"","overlay-opacity":"","overlay-gradient":""}},"_joinchat":{"telephone":"17776015835"}},"product_brand":[],"product_cat":[192,64,150,151,142,146],"product_tag":[332,333,474,105,195,189],"class_list":{"0":"post-4126","1":"product","2":"type-product","3":"status-publish","4":"has-post-thumbnail","6":"product_cat-50000-puff","7":"product_cat-bangbox-vape","8":"product_cat-buy-disposable-vapes-in-belgium","9":"product_cat-buy-disposable-vapes-in-france","10":"product_cat-digital-box-disposable-vapes","11":"product_cat-rechargeable-disposable-vapes","12":"product_tag-bang-box-50000","13":"product_tag-bang-box-50k","14":"product_tag-bang-hot-sale-vape","15":"product_tag-digital-disposable-vape","16":"product_tag-dual-flavor-disposable-vape","17":"product_tag-puff-50k","18":"desktop-align-left","19":"tablet-align-left","20":"mobile-align-left","22":"first","23":"instock","24":"sale","25":"shipping-taxable","26":"purchasable","27":"product-type-simple"},"acf":[],"uagb_featured_image_src":{"full":["https:\/\/vapestornado.com\/wp-content\/uploads\/2025\/04\/Bang-Box-50000-Puff-Best-Double-Flavor-Vape-scaled.webp",2560,2560,false],"thumbnail":["https:\/\/vapestornado.com\/wp-content\/uploads\/2025\/04\/Bang-Box-50000-Puff-Best-Double-Flavor-Vape-150x150.webp",150,150,true],"medium":["https:\/\/vapestornado.com\/wp-content\/uploads\/2025\/04\/Bang-Box-50000-Puff-Best-Double-Flavor-Vape-300x300.webp",300,300,true],"medium_large":["https:\/\/vapestornado.com\/wp-content\/uploads\/2025\/04\/Bang-Box-50000-Puff-Best-Double-Flavor-Vape-768x768.webp",768,768,true],"large":["https:\/\/vapestornado.com\/wp-content\/uploads\/2025\/04\/Bang-Box-50000-Puff-Best-Double-Flavor-Vape-1024x1024.webp",1024,1024,true],"1536x1536":["https:\/\/vapestornado.com\/wp-content\/uploads\/2025\/04\/Bang-Box-50000-Puff-Best-Double-Flavor-Vape-1536x1536.webp",1536,1536,true],"2048x2048":["https:\/\/vapestornado.com\/wp-content\/uploads\/2025\/04\/Bang-Box-50000-Puff-Best-Double-Flavor-Vape-2048x2048.webp",2048,2048,true],"trp-custom-language-flag":["https:\/\/vapestornado.com\/wp-content\/uploads\/2025\/04\/Bang-Box-50000-Puff-Best-Double-Flavor-Vape-scaled.webp",12,12,false],"woocommerce_thumbnail":["https:\/\/vapestornado.com\/wp-content\/uploads\/2025\/04\/Bang-Box-50000-Puff-Best-Double-Flavor-Vape-300x300.webp",300,300,true],"woocommerce_single":["https:\/\/vapestornado.com\/wp-content\/uploads\/2025\/04\/Bang-Box-50000-Puff-Best-Double-Flavor-Vape-600x600.webp",600,600,true],"woocommerce_gallery_thumbnail":["https:\/\/vapestornado.com\/wp-content\/uploads\/2025\/04\/Bang-Box-50000-Puff-Best-Double-Flavor-Vape-100x100.webp",100,100,true]},"uagb_author_info":{"display_name":"ESAMY","author_link":"https:\/\/vapestornado.com\/hr\/author\/"},"uagb_comment_info":0,"uagb_excerpt":"Bang Box 50000 Puff Disposable Vape with 45ml Dual-Flavor Tank Bang Box 50000 Puff Dual Flavour Vape with Smart Digital Display Bang Box 50k Puff Type-C Rechargeable Mesh Coil Disposable Device Add Amy's whatsapp to get right reply and discount price! WhatsApp: +86 17776015835 &nbsp;","_links":{"self":[{"href":"https:\/\/vapestornado.com\/hr\/wp-json\/wp\/v2\/product\/4126","targetHints":{"allow":["GET"]}}],"collection":[{"href":"https:\/\/vapestornado.com\/hr\/wp-json\/wp\/v2\/product"}],"about":[{"href":"https:\/\/vapestornado.com\/hr\/wp-json\/wp\/v2\/types\/product"}],"replies":[{"embeddable":true,"href":"https:\/\/vapestornado.com\/hr\/wp-json\/wp\/v2\/comments?post=4126"}],"wp:featuredmedia":[{"embeddable":true,"href":"https:\/\/vapestornado.com\/hr\/wp-json\/wp\/v2\/media\/4122"}],"wp:attachment":[{"href":"https:\/\/vapestornado.com\/hr\/wp-json\/wp\/v2\/media?parent=4126"}],"wp:term":[{"taxonomy":"product_brand","embeddable":true,"href":"https:\/\/vapestornado.com\/hr\/wp-json\/wp\/v2\/product_brand?post=4126"},{"taxonomy":"product_cat","embeddable":true,"href":"https:\/\/vapestornado.com\/hr\/wp-json\/wp\/v2\/product_cat?post=4126"},{"taxonomy":"product_tag","embeddable":true,"href":"https:\/\/vapestornado.com\/hr\/wp-json\/wp\/v2\/product_tag?post=4126"}],"curies":[{"name":"wp","href":"https:\/\/api.w.org\/{rel}","templated":true}]}}