{"id":4111,"date":"2025-04-11T09:55:33","date_gmt":"2025-04-11T09:55:33","guid":{"rendered":"https:\/\/vapestornado.com\/?post_type=product&#038;p=4111"},"modified":"2025-12-04T03:58:48","modified_gmt":"2025-12-04T03:58:48","slug":"high-quality-bang-leader-30000-puffs-disposable-box-pod-vaporizer","status":"publish","type":"product","link":"https:\/\/vapestornado.com\/hr\/product\/high-quality-bang-leader-30000-puffs-disposable-box-pod-vaporizer\/","title":{"rendered":"Visokokvalitetni Bang Leader 30000 Puffs Jednokratni Box Pod Vaporizer"},"content":{"rendered":"<h1 data-pm-slice=\"1 1 []\">Visokokvalitetni Bang Leader 30000 Puffs Jednokratni Box Pod Vaporizer<\/h1>\n<p data-start=\"1148\" data-end=\"1548\">Ako \u017eelite jednokratni ure\u0111aj koji traje puno dulje od standardnih ure\u0111aja, omogu\u0107uje vam trenutno prebacivanje izme\u0111u dva okusa i informira vas putem pametnog zaslona, Bang Leader 30000 Puff pru\u017ea do 30.000 udisaja s dvostrukim mre\u017eastim grija\u010dima, rotacijom dvostrukog okusa i Type-C punjenjem u kompaktnom ku\u0107i\u0161tu.<\/p>\n<ul>\n<li data-start=\"759\" data-end=\"922\">\n<p data-start=\"761\" data-end=\"922\"><strong data-start=\"761\" data-end=\"779\">Izra\u0111en da traje:<\/strong> S <strong data-start=\"785\" data-end=\"807\">do 30.000 udisaja<\/strong>, ovo je <strong data-start=\"819\" data-end=\"854\">najdugotrajniji jednokratni vape<\/strong> opcija u svojoj klasi, smanjuju\u0107i zamjene i tro\u0161kove po udisaju.<\/p>\n<\/li>\n<li data-start=\"923\" data-end=\"1082\">\n<p data-start=\"925\" data-end=\"1082\"><strong data-start=\"925\" data-end=\"953\">Dva okusa, jedan ure\u0111aj:<\/strong> Ovo <strong data-start=\"958\" data-end=\"1001\">Bang Leader 30000 Puff vape s dvostrukim okusom<\/strong> omogu\u0107uje vam da se okrenete i prebacujete izme\u0111u dva profila trenutno\u2014nije potreban dodatni vape.<\/p>\n<\/li>\n<li data-start=\"1083\" data-end=\"1235\">\n<p data-start=\"1085\" data-end=\"1235\"><strong data-start=\"1085\" data-end=\"1107\">Kontrola u stvarnom vremenu:<\/strong> Kao <strong data-start=\"1113\" data-end=\"1148\">jednokratni vape s LED zaslonom<\/strong>, jasno prikazuje razinu baterije i e-teku\u0107ine, tako da nikada ne naga\u0111ate usred sesije.<\/p>\n<\/li>\n<li data-start=\"1236\" data-end=\"1377\">\n<p data-start=\"1238\" data-end=\"1377\"><strong data-start=\"1238\" data-end=\"1267\">Pouzdana isporuka okusa:<\/strong> <strong data-start=\"1268\" data-end=\"1287\">Dvostruke mre\u017easte zavojnice<\/strong> odr\u017eavaju paru gustom, a okus glatkim od prvog do zadnjeg povla\u010denja, \u010dak i tijekom dugotrajne uporabe.<\/p>\n<\/li>\n<li data-start=\"1378\" data-end=\"1517\">\n<p data-start=\"1380\" data-end=\"1517\"><strong data-start=\"1380\" data-end=\"1411\">Prakti\u010dna snaga u pokretu:<\/strong> <strong data-start=\"1412\" data-end=\"1450\">550mAh Type-C punjiva baterija<\/strong> zna\u010di da mo\u017eete dovr\u0161iti puni spremnik bez da se ure\u0111aj rano ugasi.<\/p>\n<\/li>\n<\/ul>\n<h2 class=\"\" data-start=\"1229\" data-end=\"1282\"><strong data-start=\"1235\" data-end=\"1282\">Bang Leader 30000 Puff Specifikacija Vapea<\/strong><\/h2>\n<table>\n<thead>\n<tr>\n<th>Parametar<\/th>\n<th align=\"right\">Specifikacije<\/th>\n<th>Ljudsko obja\u0161njenje<\/th>\n<\/tr>\n<\/thead>\n<tbody>\n<tr>\n<td>Kapacitet Udisaja<\/td>\n<td align=\"right\">Do 30.000 udaha<\/td>\n<td>Jednokratni vape koji najdulje traje u svom rangu; manje ponovnih kupnji.<\/td>\n<\/tr>\n<tr>\n<td>Sustav okusa<\/td>\n<td align=\"right\">Rotacija dvostrukog okusa<\/td>\n<td>Dva okusa u jednom ure\u0111aju; okrenite za trenutno prebacivanje.<\/td>\n<\/tr>\n<tr>\n<td>Vrsta zavojnice<\/td>\n<td align=\"right\">Dvostruke mre\u017easte zavojnice<\/td>\n<td>Jednako zagrijavanje = ja\u010di okus, glatkiji vapor, manje blijedosti.<\/td>\n<\/tr>\n<tr>\n<td>Baterija<\/td>\n<td align=\"right\">Punjiva baterija od 550mAh<\/td>\n<td>Dovoljno snage za dugotrajnu uporabu; punite umjesto da gubite udisaje.<\/td>\n<\/tr>\n<tr>\n<td>Punjenje<\/td>\n<td align=\"right\">USB Type-C<\/td>\n<td>Brzi, univerzalni standard za punja\u010de.<\/td>\n<\/tr>\n<tr>\n<td>Zaslon<\/td>\n<td align=\"right\">Pametni LED zaslon<\/td>\n<td>Prikazuje razinu baterije + razinu e-teku\u0107ine kako biste ostali u kontroli.<\/td>\n<\/tr>\n<tr>\n<td>Aktivacija<\/td>\n<td align=\"right\">Aktivacija povla\u010denjem<\/td>\n<td>Bez gumba; udi\u0161ite za vaping \u2014 pogodno za po\u010detnike.<\/td>\n<\/tr>\n<tr>\n<td>Stil tijela<\/td>\n<td align=\"right\">Kompaktni dizajn kutije<\/td>\n<td>Lako za nositi, \u010dvrsto u d\u017eepovima ili torbama.<\/td>\n<\/tr>\n<tr>\n<td>Svrha kori\u0161tenja<\/td>\n<td align=\"right\">Dnevne + te\u0161ke sesije<\/td>\n<td>Radi za casual korisnike i vaperi visokog intenziteta.<\/td>\n<\/tr>\n<\/tbody>\n<\/table>\n<p data-start=\"666\" data-end=\"1235\"><strong style=\"font-size: 16px;\"><span style=\"color: #ff0000;\">Dodajte Amy na WhatsApp za brzi odgovor i popust!<\/span><\/strong><\/p>\n<p><img fetchpriority=\"high\" decoding=\"async\" class=\"size-full wp-image-2932\" src=\"https:\/\/vapestornado.com\/wp-content\/uploads\/2024\/12\/Vape-Wholesale.jpg\" alt=\"Veleprodaja vejpova\" width=\"229\" height=\"300\" \/><\/p>\n<h3><a href=\"https:\/\/wa.me\/8617776015835\" target=\"_blank\" rel=\"noopener\"><span style=\"color: #ff0000;\"><strong>WhatsApp: +86 17776015835<\/strong><\/span><\/a><\/h3>\n<p>&nbsp;<\/p>\n<h2 class=\"product-title\"><strong>Bang Leader 30k okusi jednokratnih e-cigareta<\/strong><\/h2>\n<article class=\"w-full text-token-text-primary focus-visible:outline-2 focus-visible:outline-offset-[-4px]\" dir=\"auto\" data-testid=\"conversation-turn-32\" data-scroll-anchor=\"false\">\n<div class=\"m-auto text-base py-[18px] px-6\">\n<div class=\"mx-auto flex flex-1 text-base gap-4 md:gap-5 lg:gap-6 md:max-w-3xl lg:max-w-[40rem] xl:max-w-[48rem]\">\n<div class=\"group\/conversation-turn relative flex w-full min-w-0 flex-col @xs\/thread:px-0 @sm\/thread:px-1.5 @md\/thread:px-4\">\n<div class=\"flex-col gap-1 md:gap-3\">\n<div class=\"flex max-w-full flex-col flex-grow\">\n<div class=\"min-h-8 text-message flex w-full flex-col items-end gap-2 whitespace-normal break-words text-start [.text-message+&amp;]:mt-5\" dir=\"auto\" data-message-author-role=\"user\" data-message-id=\"ffac41ca-1db4-431b-873a-32c4052956f1\">\n<div class=\"flex w-full flex-col gap-1 empty:hidden items-end rtl:items-start\">\n<div class=\"relative max-w-[var(--user-chat-width,70%)] rounded-3xl bg-token-message-surface px-5 py-2.5\">\n<div class=\"absolute bottom-0 right-full top-0 -mr-3.5 hidden pr-5 pt-2 [.group\/conversation-turn:hover_&amp;]:flex\">\n<div class=\"flex\">\n<article class=\"w-full text-token-text-primary focus-visible:outline-2 focus-visible:outline-offset-[-4px]\" dir=\"auto\" data-testid=\"conversation-turn-39\" data-scroll-anchor=\"true\">\n<div class=\"m-auto text-base py-[18px] px-6\">\n<div class=\"mx-auto flex flex-1 text-base gap-4 md:gap-5 lg:gap-6 md:max-w-3xl lg:max-w-[40rem] xl:max-w-[48rem]\">\n<div class=\"group\/conversation-turn relative flex w-full min-w-0 flex-col agent-turn @xs\/thread:px-0 @sm\/thread:px-1.5 @md\/thread:px-4\">\n<div class=\"flex-col gap-1 md:gap-3\">\n<div class=\"flex max-w-full flex-col flex-grow\">\n<div class=\"min-h-8 text-message flex w-full flex-col items-end gap-2 whitespace-normal break-words text-start [.text-message+&amp;]:mt-5\" dir=\"auto\" data-message-author-role=\"assistant\" data-message-id=\"55a23854-ec57-48dd-bd4f-6118f43d6241\" data-message-model-slug=\"gpt-4o\">\n<div class=\"flex w-full flex-col gap-1 empty:hidden first:pt-[3px]\">\n<div class=\"markdown prose w-full break-words dark:prose-invert light\">\n<p>1.Ledena lubenica<br \/>\n2.Ledena lubenica<br \/>\n3.Jagoda i lubenica<br \/>\n4.Jagoda i lubenica<br \/>\n5.Borovnica i malina<br \/>\n6.Borovnica i malina<br \/>\n7.Ledena borovnica<br \/>\n8.Ledena borovnica<br \/>\n9.Crveni bik<br \/>\n10.Crveni bik<br \/>\n11.Jagoda i kivi<br \/>\n12.Jagoda Kivi<\/p>\n<figure id=\"attachment_4109\" aria-describedby=\"caption-attachment-4109\" style=\"width: 800px\" class=\"wp-caption alignnone\"><img decoding=\"async\" class=\"wp-image-4109 size-full\" src=\"https:\/\/vapestornado.com\/wp-content\/uploads\/2025\/04\/High-Quality-Bang-Leader-30000-Puffs-Pen-Pod.webp\" alt=\"Visokokvalitetna Bang Leader 30000 Puffs Pen Pod\" width=\"800\" height=\"800\" srcset=\"https:\/\/vapestornado.com\/wp-content\/uploads\/2025\/04\/High-Quality-Bang-Leader-30000-Puffs-Pen-Pod.webp 800w, https:\/\/vapestornado.com\/wp-content\/uploads\/2025\/04\/High-Quality-Bang-Leader-30000-Puffs-Pen-Pod-300x300.webp 300w, https:\/\/vapestornado.com\/wp-content\/uploads\/2025\/04\/High-Quality-Bang-Leader-30000-Puffs-Pen-Pod-150x150.webp 150w, https:\/\/vapestornado.com\/wp-content\/uploads\/2025\/04\/High-Quality-Bang-Leader-30000-Puffs-Pen-Pod-768x768.webp 768w, https:\/\/vapestornado.com\/wp-content\/uploads\/2025\/04\/High-Quality-Bang-Leader-30000-Puffs-Pen-Pod-600x600.webp 600w, https:\/\/vapestornado.com\/wp-content\/uploads\/2025\/04\/High-Quality-Bang-Leader-30000-Puffs-Pen-Pod-100x100.webp 100w\" sizes=\"(max-width: 800px) 100vw, 800px\" \/><figcaption id=\"caption-attachment-4109\" class=\"wp-caption-text\">Visokokvalitetna Bang Leader 30000 Puffs Pen Pod<\/figcaption><\/figure>\n<\/div>\n<\/div>\n<\/div>\n<\/div>\n<\/div>\n<\/div>\n<\/div>\n<\/div>\n<\/article>\n<\/div>\n<\/div>\n<\/div>\n<\/div>\n<\/div>\n<\/div>\n<\/div>\n<\/div>\n<\/div>\n<\/div>\n<\/article>\n<h2>Za\u0161to je Vapestornado najbolje mjesto za kupnju e-cigareta?<\/h2>\n<div class=\"flex-shrink-0 flex flex-col relative items-end\">\n<div class=\"pt-0\">\n<div class=\"gizmo-bot-avatar flex h-8 w-8 items-center justify-center overflow-hidden rounded-full\">\n<div class=\"relative p-1 rounded-sm flex items-center justify-center bg-token-main-surface-primary text-token-text-primary h-8 w-8\">\n<p>At\u00a0<strong>VapeTornado<\/strong>, ponosimo se isporukom\u00a0<strong>vrhunskih proizvoda za vaping po nenadma\u0161nim cijenama<\/strong>\u2014a Bang Leader 30000 Puff 30k nije iznimka! Evo za\u0161to biste trebali kupiti od nas:<\/p>\n<p class=\"\" data-start=\"49\" data-end=\"193\"><strong data-start=\"49\" data-end=\"81\">Nenadma\u0161ne veleprodajne cijene<\/strong> \u2013 U\u017eivajte u najboljim ponudama za velike koli\u010dine na tr\u017ei\u0161tu, \u0161to nas \u010dini glavnim dobavlja\u010dem za trgovine vape opremom i preprodava\u010de diljem svijeta.<\/p>\n<p class=\"\" data-start=\"195\" data-end=\"340\"><strong data-start=\"195\" data-end=\"228\">Brzo<\/strong> \u2013 Va\u0161e narud\u017ebe dostavljamo brzo i sigurno, s pouzdanim opcijama me\u0111unarodne dostave prilago\u0111enim va\u0161im potrebama.<\/p>\n<p class=\"\" data-start=\"342\" data-end=\"487\"><strong data-start=\"342\" data-end=\"367\">100% Izvorna Roba<\/strong> \u2013 Recite zbogom la\u017enjacima! Jam\u010dimo samo originalne Bang Leader 30000 Puffs e-cigarete s provjerenom kvalitetom i performansama.<\/p>\n<p class=\"\" data-start=\"489\" data-end=\"627\"><strong data-start=\"489\" data-end=\"516\">Stru\u010dna Korisni\u010dka Podr\u0161ka<\/strong> \u2013 Imate pitanja? Na\u0161 tim stru\u010dnjaka za vape je tu za vas u bilo koje vrijeme, osiguravaju\u0107i glatku uslugu bez problema.<\/p>\n<p data-start=\"559\" data-end=\"933\" data-is-last-node=\"\" data-is-only-node=\"\">Tako\u0111er imamo i druge popularne vapeove sa zaslonom kao \u0161to su <a href=\"https:\/\/vapestornado.com\/hr\/product\/wga-legend-ultra-30k-30000-puffs-rechargeable-vape-pod-twins-flavor\/\">WGA Kristal 30000 Dimnih oblaka<\/a>, <a href=\"https:\/\/vapestornado.com\/hr\/product\/waspe-aiviou-3-in-1-60000-puffs-disposable-vape-kit-best-price\/\">WASPE 60000 3 u 1<\/a>, <a href=\"https:\/\/vapestornado.com\/hr\/product\/uzy-crystal-50000-puff-twin-flavor-bulk-vapes-for-cheap\/\">UZY Kristal 50000<\/a>, i vi\u0161e.<\/p>\n<\/div>\n<div class=\"relative p-1 rounded-sm flex items-center justify-center bg-token-main-surface-primary text-token-text-primary h-8 w-8\">\n<h2>\u010cesto postavljana pitanja o Bang Leader 30000 Puff koje biste mo\u017eda \u017eeljeli znati<\/h2>\n<p data-start=\"1588\" data-end=\"1913\"><strong data-start=\"1588\" data-end=\"1678\">P: \u201cUmoran sam od jednokratnih ure\u0111aja koji nestaju za nekoliko dana. Ho\u0107e li ovaj zaista trajati?\u201d<\/strong><br data-start=\"1678\" data-end=\"1681\" \/><strong data-start=\"1681\" data-end=\"1687\">A:<\/strong> Da. Bang Leader pru\u017ea <strong data-start=\"1718\" data-end=\"1740\">do 30.000 udisaja<\/strong>, pa ve\u0107ina korisnika dobiva <strong data-start=\"1760\" data-end=\"1776\">tjedne kori\u0161tenja<\/strong>, a ne dane. Dizajniran je za te\u0161ke vaperi koji \u017eele manje zamjena i casual korisnike koji \u017eele ure\u0111aj koji ostaje pouzdan du\u017ee vrijeme.<\/p>\n<p data-start=\"1915\" data-end=\"2197\"><strong data-start=\"1915\" data-end=\"1980\">P: \u201cGubi li jednokratni ure\u0111aj s puno udisaja okus na pola puta?\u201d<\/strong><br data-start=\"1980\" data-end=\"1983\" \/><strong data-start=\"1983\" data-end=\"1989\">A:<\/strong> To je \u010dest problem kod standardnih grija\u010da. Bang Leader to rje\u0161ava koriste\u0107i <strong data-start=\"2061\" data-end=\"2090\">tehnologijom dvostruke mre\u017easte zavojnice<\/strong>, koji ravnomjerno zagrijava e-teku\u0107inu i odr\u017eava stabilan profil okusa i gusto\u0107u vaporea tijekom dugih sesija.<\/p>\n<p data-start=\"2199\" data-end=\"2470\"><strong data-start=\"2199\" data-end=\"2261\">P: \u201cVolim mijenjati okuse. Moram li kupiti dva ure\u0111aja?\u201d<\/strong><br data-start=\"2261\" data-end=\"2264\" \/><strong data-start=\"2264\" data-end=\"2270\">A:<\/strong> Ne. Ovo je istina <strong data-start=\"2290\" data-end=\"2333\">Bang Leader 30000 Puff vape s dvostrukim okusom<\/strong>. Sustav rotacije s dvostrukim okusom omogu\u0107ava ti <strong data-start=\"2376\" data-end=\"2415\">prebacivanje izme\u0111u dva okusa odmah<\/strong> s okretom, pru\u017eaju\u0107i raznolikost bez no\u0161enja rezervi.<\/p>\n<p data-start=\"2472\" data-end=\"2734\"><strong data-start=\"2472\" data-end=\"2524\">P: \u201cKako da znam kada je baterija ili teku\u0107ina niska?\u201d<\/strong><br data-start=\"2524\" data-end=\"2527\" \/><strong data-start=\"2527\" data-end=\"2533\">A:<\/strong> Ugra\u0111eni pametni ekran prikazuje ovo kao <strong data-start=\"2573\" data-end=\"2608\">jednokratni vape s LED zaslonom<\/strong> koji prikazuje <strong data-start=\"2620\" data-end=\"2663\">razinu baterije i razinu e-teku\u0107ine u stvarnom vremenu<\/strong>. To\u010dno \u0107e\u0161 znati kada je potrebno napuniti ili zamijeniti\u2014bez iznenadnih suhih udaraca.<\/p>\n<p data-start=\"2954\" data-end=\"3124\"><strong data-start=\"2954\" data-end=\"3001\">P: \u201cJe li dovoljno prenosiv za svakodnevno no\u0161enje?\u201d<\/strong><br data-start=\"3001\" data-end=\"3004\" \/><strong data-start=\"3004\" data-end=\"3010\">A:<\/strong> Da. Kompaktno, kutijasto tijelo je <strong data-start=\"3047\" data-end=\"3078\">pogodno za d\u017eep i izdr\u017eljivo<\/strong>, izra\u0111eno za svakodnevne vo\u017enje, putovanja i no\u0107ne izlaske.<\/p>\n<p data-start=\"3126\" data-end=\"3428\"><strong data-start=\"3126\" data-end=\"3170\">P: \u201cJesu li okusi jaki i popularni?\u201d<\/strong><br data-start=\"3170\" data-end=\"3173\" \/><strong data-start=\"3173\" data-end=\"3179\">A:<\/strong> Linija se fokusira na parove okusa koji ostaju ugodni tijekom du\u017ee uporabe\u2014kao \u0161to su <strong data-start=\"3254\" data-end=\"3292\">Red Bull<\/strong>, <strong data-start=\"3294\" data-end=\"3325\">Jagoda Kiwi<\/strong>i <strong data-start=\"3331\" data-end=\"3368\">Ledeni okus borovnice<\/strong>. Dvoslojno grijanje s mre\u017eicom odr\u017eava svaki profil \u010distim i dosljednim.<\/p>\n<\/div>\n<\/div>\n<\/div>\n<\/div>","protected":false},"excerpt":{"rendered":"<p class=\"LC20lb MBeuO DKV0Md\">Bang Leader 30000 Puffs Jeftine E-cigarete Veleprodaja Duhanskih Proizvoda Hrvatska<br \/>\nBang Leader 30000 Puffs 2 u 1 Dvostruki Okus Vape Kutija Veleprodajna Cijena<br \/>\nBang Leader 30000 Puffs Jeftine E-cigarete Kupnja na veliko<\/p>\n<p><strong>Dodajte Amy na WhatsApp za brzi odgovor i popust!<\/strong><\/p>\n<p><img fetchpriority=\"high\" decoding=\"async\" class=\"size-full wp-image-2932\" src=\"https:\/\/vapestornado.com\/wp-content\/uploads\/2024\/12\/Vape-Wholesale.jpg\" alt=\"Veleprodaja vejpova\" width=\"229\" height=\"300\" \/><\/p>\n<h3><a href=\"https:\/\/wa.me\/8617776015835\"><span style=\"color: #ff0000;\"><strong>WhatsApp: +86 17776015835<\/strong><\/span><\/a><\/h3>\n<p>&nbsp;<\/p>","protected":false},"featured_media":4105,"comment_status":"open","ping_status":"closed","template":"","meta":{"_acf_changed":false,"_uag_custom_page_level_css":"","_lmt_disableupdate":"no","_lmt_disable":"","_monsterinsights_skip_tracking":false,"_monsterinsights_sitenote_active":false,"_monsterinsights_sitenote_note":"","_monsterinsights_sitenote_category":0,"site-sidebar-layout":"default","site-content-layout":"","ast-site-content-layout":"default","site-content-style":"default","site-sidebar-style":"default","ast-global-header-display":"","ast-banner-title-visibility":"","ast-main-header-display":"","ast-hfb-above-header-display":"","ast-hfb-below-header-display":"","ast-hfb-mobile-header-display":"","site-post-title":"","ast-breadcrumbs-content":"","ast-featured-img":"","footer-sml-layout":"","ast-disable-related-posts":"","theme-transparent-header-meta":"default","adv-header-id-meta":"","stick-header-meta":"","header-above-stick-meta":"","header-main-stick-meta":"","header-below-stick-meta":"","astra-migrate-meta-layouts":"set","ast-page-background-enabled":"default","ast-page-background-meta":{"desktop":{"background-color":"","background-image":"","background-repeat":"repeat","background-position":"center center","background-size":"auto","background-attachment":"scroll","background-type":"","background-media":"","overlay-type":"","overlay-color":"","overlay-opacity":"","overlay-gradient":""},"tablet":{"background-color":"","background-image":"","background-repeat":"repeat","background-position":"center center","background-size":"auto","background-attachment":"scroll","background-type":"","background-media":"","overlay-type":"","overlay-color":"","overlay-opacity":"","overlay-gradient":""},"mobile":{"background-color":"","background-image":"","background-repeat":"repeat","background-position":"center center","background-size":"auto","background-attachment":"scroll","background-type":"","background-media":"","overlay-type":"","overlay-color":"","overlay-opacity":"","overlay-gradient":""}},"ast-content-background-meta":{"desktop":{"background-color":"var(--ast-global-color-5)","background-image":"","background-repeat":"repeat","background-position":"center center","background-size":"auto","background-attachment":"scroll","background-type":"","background-media":"","overlay-type":"","overlay-color":"","overlay-opacity":"","overlay-gradient":""},"tablet":{"background-color":"var(--ast-global-color-5)","background-image":"","background-repeat":"repeat","background-position":"center center","background-size":"auto","background-attachment":"scroll","background-type":"","background-media":"","overlay-type":"","overlay-color":"","overlay-opacity":"","overlay-gradient":""},"mobile":{"background-color":"var(--ast-global-color-5)","background-image":"","background-repeat":"repeat","background-position":"center center","background-size":"auto","background-attachment":"scroll","background-type":"","background-media":"","overlay-type":"","overlay-color":"","overlay-opacity":"","overlay-gradient":""}},"_joinchat":{"telephone":"17776015835"}},"product_brand":[],"product_cat":[67,278,154,156,142],"product_tag":[470,469,328,105,198],"class_list":{"0":"post-4111","1":"product","2":"type-product","3":"status-publish","4":"has-post-thumbnail","6":"product_cat-30000-puff","7":"product_cat-bang-leader-vape","8":"product_cat-buy-disposable-vapes-in-netherlands","9":"product_cat-buy-disposable-vapes-in-poland","10":"product_cat-digital-box-disposable-vapes","11":"product_tag-30k-puff-vape","12":"product_tag-bang-leader-30k","13":"product_tag-cheap-e-cigs","14":"product_tag-digital-disposable-vape","15":"product_tag-double-flavor-disposable-vape","16":"desktop-align-left","17":"tablet-align-left","18":"mobile-align-left","20":"first","21":"instock","22":"sale","23":"shipping-taxable","24":"purchasable","25":"product-type-simple"},"acf":[],"uagb_featured_image_src":{"full":["https:\/\/vapestornado.com\/wp-content\/uploads\/2025\/04\/Bang-30000-Puffs-Pro-Big-Screen-Double-Flavors-Disposable.webp",800,800,false],"thumbnail":["https:\/\/vapestornado.com\/wp-content\/uploads\/2025\/04\/Bang-30000-Puffs-Pro-Big-Screen-Double-Flavors-Disposable-150x150.webp",150,150,true],"medium":["https:\/\/vapestornado.com\/wp-content\/uploads\/2025\/04\/Bang-30000-Puffs-Pro-Big-Screen-Double-Flavors-Disposable-300x300.webp",300,300,true],"medium_large":["https:\/\/vapestornado.com\/wp-content\/uploads\/2025\/04\/Bang-30000-Puffs-Pro-Big-Screen-Double-Flavors-Disposable-768x768.webp",768,768,true],"large":["https:\/\/vapestornado.com\/wp-content\/uploads\/2025\/04\/Bang-30000-Puffs-Pro-Big-Screen-Double-Flavors-Disposable.webp",800,800,false],"1536x1536":["https:\/\/vapestornado.com\/wp-content\/uploads\/2025\/04\/Bang-30000-Puffs-Pro-Big-Screen-Double-Flavors-Disposable.webp",800,800,false],"2048x2048":["https:\/\/vapestornado.com\/wp-content\/uploads\/2025\/04\/Bang-30000-Puffs-Pro-Big-Screen-Double-Flavors-Disposable.webp",800,800,false],"trp-custom-language-flag":["https:\/\/vapestornado.com\/wp-content\/uploads\/2025\/04\/Bang-30000-Puffs-Pro-Big-Screen-Double-Flavors-Disposable.webp",12,12,false],"woocommerce_thumbnail":["https:\/\/vapestornado.com\/wp-content\/uploads\/2025\/04\/Bang-30000-Puffs-Pro-Big-Screen-Double-Flavors-Disposable-300x300.webp",300,300,true],"woocommerce_single":["https:\/\/vapestornado.com\/wp-content\/uploads\/2025\/04\/Bang-30000-Puffs-Pro-Big-Screen-Double-Flavors-Disposable-600x600.webp",600,600,true],"woocommerce_gallery_thumbnail":["https:\/\/vapestornado.com\/wp-content\/uploads\/2025\/04\/Bang-30000-Puffs-Pro-Big-Screen-Double-Flavors-Disposable-100x100.webp",100,100,true]},"uagb_author_info":{"display_name":"ESAMY","author_link":"https:\/\/vapestornado.com\/hr\/author\/"},"uagb_comment_info":0,"uagb_excerpt":"Bang Leader 30000 Puffs Cheap E Cigs Smoke Shop Wholesale Poland Bang Leader 30000 Puffs 2 in 1 Double Flavor Vape Box Wholesale Price Bang Leader 30000 Puffs\u00a0 Cheap ECigs Buy In Bulk Add Amy's whatsapp to get right reply and discount price! WhatsApp: +86 17776015835 &nbsp;","_links":{"self":[{"href":"https:\/\/vapestornado.com\/hr\/wp-json\/wp\/v2\/product\/4111","targetHints":{"allow":["GET"]}}],"collection":[{"href":"https:\/\/vapestornado.com\/hr\/wp-json\/wp\/v2\/product"}],"about":[{"href":"https:\/\/vapestornado.com\/hr\/wp-json\/wp\/v2\/types\/product"}],"replies":[{"embeddable":true,"href":"https:\/\/vapestornado.com\/hr\/wp-json\/wp\/v2\/comments?post=4111"}],"wp:featuredmedia":[{"embeddable":true,"href":"https:\/\/vapestornado.com\/hr\/wp-json\/wp\/v2\/media\/4105"}],"wp:attachment":[{"href":"https:\/\/vapestornado.com\/hr\/wp-json\/wp\/v2\/media?parent=4111"}],"wp:term":[{"taxonomy":"product_brand","embeddable":true,"href":"https:\/\/vapestornado.com\/hr\/wp-json\/wp\/v2\/product_brand?post=4111"},{"taxonomy":"product_cat","embeddable":true,"href":"https:\/\/vapestornado.com\/hr\/wp-json\/wp\/v2\/product_cat?post=4111"},{"taxonomy":"product_tag","embeddable":true,"href":"https:\/\/vapestornado.com\/hr\/wp-json\/wp\/v2\/product_tag?post=4111"}],"curies":[{"name":"wp","href":"https:\/\/api.w.org\/{rel}","templated":true}]}}