{"id":4103,"date":"2025-04-10T09:29:15","date_gmt":"2025-04-10T09:29:15","guid":{"rendered":"https:\/\/vapestornado.com\/?post_type=product&#038;p=4103"},"modified":"2025-12-02T09:08:48","modified_gmt":"2025-12-02T09:08:48","slug":"bang-leader-45000-puff-45k-cheap-e-cigs-bulk-buy-online","status":"publish","type":"product","link":"https:\/\/vapestornado.com\/hr\/product\/bang-leader-45000-puff-45k-cheap-e-cigs-bulk-buy-online\/","title":{"rendered":"Bang Leader 45000 Puff 45k jeftini E cigarete kupnja na veliko online"},"content":{"rendered":"<h1 data-pm-slice=\"1 1 []\">Bang Leader 45000 Puff 45k jeftini E cigarete kupnja na veliko online<\/h1>\n<p data-start=\"465\" data-end=\"826\">Ovo <strong data-start=\"469\" data-end=\"511\">Bang Leader 45000 Puff jednokratnim vapeom<\/strong> stoji kao jedna od najmo\u0107nijih i najpouzdanijih opcija u kategoriji jednokratnih vapea od 45.000 udisaja. S punjivom baterijom od 650mAh, nikotinskim ja\u010dinama od 0%, 2% i 5% te impresivnim kapacitetom od 45.000 udisaja, ure\u0111aj pru\u017ea dugotrajan i dosljedan do\u017eivljaj vapinga, savr\u0161en za du\u017ee sesije.<\/p>\n<h4 data-start=\"828\" data-end=\"878\">1. Visokou\u010dinkovita baterija i pametni zaslon<\/h4>\n<p data-start=\"879\" data-end=\"1303\">Opremljen s <strong data-start=\"895\" data-end=\"926\">650mAh punjiva baterija<\/strong>, ure\u0111aj Bang Leader osigurava da mo\u017eete u\u017eivati u produ\u017eenim sesijama vapinga bez brige o \u010destim punjenjima. Tako\u0111er ima <strong data-start=\"1058\" data-end=\"1083\">digitalni pametni zaslon<\/strong> koji pru\u017ea informacije u stvarnom vremenu o razinama baterije i e-teku\u0107ine, daju\u0107i korisnicima potpunu kontrolu tijekom kori\u0161tenja. Ova zna\u010dajka eliminira naga\u0111anja, poma\u017eu\u0107i vam da pratite status ure\u0111aja za bezbri\u017eno iskustvo.<\/p>\n<h4 data-start=\"1305\" data-end=\"1337\">2. Optimizirani mesh grija\u010d od 1.0\u03a9<\/h4>\n<p data-start=\"1338\" data-end=\"1634\">Ovo <strong data-start=\"1342\" data-end=\"1360\">Mre\u017easta zavojnica od 1,0 \u03a9<\/strong> koji se koristi u Bang Leader vapeu pobolj\u0161ava proizvodnju pare i osigurava glatke, ukusne udisaje od po\u010detka do kraja. Dizajn mesh grija\u010da nudi bolju u\u010dinkovitost grijanja, pru\u017eaju\u0107i dosljednu i ravnomjernu paru tijekom cijelog kori\u0161tenja ure\u0111aja, pobolj\u0161avaju\u0107i cjelokupno iskustvo vapinga.<\/p>\n<h4 data-start=\"1636\" data-end=\"1672\">3. Dvostruki sustav izmjene okusa<\/h4>\n<p data-start=\"1673\" data-end=\"1877\">Istaknuta zna\u010dajka ovog vapea je njegov <strong data-start=\"1712\" data-end=\"1744\">dvostruki sustav izmjene okusa<\/strong>, koji omogu\u0107ava korisnicima da odmah prebacuju izme\u0111u dva razli\u010dita okusa. Neki od najpopularnijih kombinacija okusa uklju\u010duju:<\/p>\n<ul data-start=\"1878\" data-end=\"2042\">\n<li data-start=\"1878\" data-end=\"1928\">\n<p data-start=\"1880\" data-end=\"1928\"><strong data-start=\"1880\" data-end=\"1928\">Borovnica Malina<\/strong><\/p>\n<\/li>\n<li data-start=\"1929\" data-end=\"1969\">\n<p data-start=\"1931\" data-end=\"1969\"><strong data-start=\"1931\" data-end=\"1969\">Red Bull<\/strong><\/p>\n<\/li>\n<li data-start=\"1970\" data-end=\"2003\">\n<p data-start=\"1972\" data-end=\"2003\"><strong data-start=\"1972\" data-end=\"2003\">Cola Ice<\/strong><\/p>\n<\/li>\n<li data-start=\"2004\" data-end=\"2042\">\n<p data-start=\"2006\" data-end=\"2042\"><strong data-start=\"2006\" data-end=\"2042\">Blueberry Ice<\/strong><\/p>\n<\/li>\n<\/ul>\n<p data-start=\"2044\" data-end=\"2199\">Ovaj dvostruki sustav okusa pru\u017ea svestranost, omogu\u0107avaju\u0107i korisnicima da u\u017eivaju u raznim okusima u jednom ure\u0111aju, \u010dime iskustvo vapinga ostaje uzbudljivo i svje\u017ee.<\/p>\n<h4 data-start=\"2201\" data-end=\"2236\">4. Kompaktan i prenosiv dizajn<\/h4>\n<p data-start=\"2237\" data-end=\"2544\">Ovo <strong data-start=\"2241\" data-end=\"2267\">Bang Leader 45000 Udisaja<\/strong> dizajniran je tako da bude kompaktan i prikladan za d\u017eep, osiguravaju\u0107i prakti\u010dnost za kori\u0161tenje u pokretu. Njegov ergonomski dizajn omogu\u0107ava korisnicima da ga nose bez napora, bilo za svakodnevnu upotrebu ili tijekom putovanja. To je prakti\u010dno rje\u0161enje za one koji tra\u017ee visokou\u010dinkovit, prenosiv ure\u0111aj za vaping.<\/p>\n<h4 data-start=\"2546\" data-end=\"2585\">5. Velika potra\u017enja na tr\u017ei\u0161tu za Europu<\/h4>\n<p data-start=\"2586\" data-end=\"2963\">Kao vrhunski jednokratni vape, <strong data-start=\"2620\" data-end=\"2646\">Bang Leader 45000 Udisaja<\/strong> je pozicioniran tako da zadovolji rastu\u0107u potra\u017enju na europskom tr\u017ei\u0161tu. Njegove performanse i zna\u010dajke \u010dine ga izvrsnim izborom za osobnu upotrebu i veleprodajnu distribuciju. Za vape trgovine i prodava\u010de na veliko, nudi sna\u017ean potencijal potra\u017enje, <strong data-start=\"2884\" data-end=\"2907\">konkurentne mar\u017ee<\/strong>, i ure\u0111aj osmi\u0161ljen za privla\u010denje <strong data-start=\"2942\" data-end=\"2962\">ponovnih kupaca<\/strong>.<\/p>\n<h4 data-start=\"2965\" data-end=\"2998\">6. Opcije ja\u010dine nikotina<\/h4>\n<p data-start=\"2999\" data-end=\"3233\">Ure\u0111aj je dostupan u tri opcije ja\u010dine nikotina: <strong data-start=\"3059\" data-end=\"3077\">0%, 2% i 5%<\/strong>, zadovoljavaju\u0107i \u0161irok raspon korisnika. Bilo da preferirate iskustvo bez nikotina ili ja\u010di udarac, Bang Leader 45000 Udisaja ima ne\u0161to za svakoga.<\/p>\n<p data-start=\"666\" data-end=\"1235\"><strong style=\"font-size: 16px;\"><span style=\"color: #ff0000;\">Dodajte Amy na WhatsApp za brzi odgovor i popust!<\/span><\/strong><\/p>\n<p><img fetchpriority=\"high\" decoding=\"async\" class=\"size-full wp-image-2932\" src=\"https:\/\/vapestornado.com\/wp-content\/uploads\/2024\/12\/Vape-Wholesale.jpg\" alt=\"Veleprodaja vejpova\" width=\"229\" height=\"300\" \/><\/p>\n<h3><a href=\"https:\/\/wa.me\/8617776015835\" target=\"_blank\" rel=\"noopener\"><span style=\"color: #ff0000;\"><strong>WhatsApp: +86 17776015835<\/strong><\/span><\/a><\/h3>\n<p>&nbsp;<\/p>\n<h2><strong>Bang Leader 45000 Klju\u010dne zna\u010dajke proizvoda<\/strong><\/h2>\n<p>Marka: BANG LEADER<br \/>\nPUHOVI: 45000<br \/>\nBaterija: 650mah punjiva<br \/>\nOtpor: 1.0ohm<br \/>\n2 u 1 dvostruki okus<br \/>\nDigitalni zaslon za ulje i bateriju<br \/>\nNikotin 0% 2% 5%<\/p>\n<h2 class=\"product-title\"><strong>Bang Leader 45k Jednokratni E Cig Okusi Pregled<\/strong><\/h2>\n<article class=\"w-full text-token-text-primary focus-visible:outline-2 focus-visible:outline-offset-[-4px]\" dir=\"auto\" data-testid=\"conversation-turn-32\" data-scroll-anchor=\"false\">\n<div class=\"m-auto text-base py-[18px] px-6\">\n<div class=\"mx-auto flex flex-1 text-base gap-4 md:gap-5 lg:gap-6 md:max-w-3xl lg:max-w-[40rem] xl:max-w-[48rem]\">\n<div class=\"group\/conversation-turn relative flex w-full min-w-0 flex-col @xs\/thread:px-0 @sm\/thread:px-1.5 @md\/thread:px-4\">\n<div class=\"flex-col gap-1 md:gap-3\">\n<div class=\"flex max-w-full flex-col flex-grow\">\n<div class=\"min-h-8 text-message flex w-full flex-col items-end gap-2 whitespace-normal break-words text-start [.text-message+&amp;]:mt-5\" dir=\"auto\" data-message-author-role=\"user\" data-message-id=\"ffac41ca-1db4-431b-873a-32c4052956f1\">\n<div class=\"flex w-full flex-col gap-1 empty:hidden items-end rtl:items-start\">\n<div class=\"relative max-w-[var(--user-chat-width,70%)] rounded-3xl bg-token-message-surface px-5 py-2.5\">\n<div class=\"absolute bottom-0 right-full top-0 -mr-3.5 hidden pr-5 pt-2 [.group\/conversation-turn:hover_&amp;]:flex\">\n<div class=\"flex\">\n<article class=\"w-full text-token-text-primary focus-visible:outline-2 focus-visible:outline-offset-[-4px]\" dir=\"auto\" data-testid=\"conversation-turn-39\" data-scroll-anchor=\"true\">\n<div class=\"m-auto text-base py-[18px] px-6\">\n<div class=\"mx-auto flex flex-1 text-base gap-4 md:gap-5 lg:gap-6 md:max-w-3xl lg:max-w-[40rem] xl:max-w-[48rem]\">\n<div class=\"group\/conversation-turn relative flex w-full min-w-0 flex-col agent-turn @xs\/thread:px-0 @sm\/thread:px-1.5 @md\/thread:px-4\">\n<div class=\"flex-col gap-1 md:gap-3\">\n<div class=\"flex max-w-full flex-col flex-grow\">\n<div class=\"min-h-8 text-message flex w-full flex-col items-end gap-2 whitespace-normal break-words text-start [.text-message+&amp;]:mt-5\" dir=\"auto\" data-message-author-role=\"assistant\" data-message-id=\"55a23854-ec57-48dd-bd4f-6118f43d6241\" data-message-model-slug=\"gpt-4o\">\n<div class=\"flex w-full flex-col gap-1 empty:hidden first:pt-[3px]\">\n<div class=\"markdown prose w-full break-words dark:prose-invert light\">\n<p>1. Led od lubenice<br \/>\n2. Jagoda i lubenica<br \/>\n3. Jagoda i lubenica<br \/>\n4. Borovnica Malina<br \/>\n5. Borovnica Lubenica<br \/>\n6. Led od borovnice<br \/>\n7. Led od borovnice<br \/>\n8. Red Bull<br \/>\n9. Red Bull<br \/>\n10. Jagoda Kiwi<br \/>\n11. Cola Led<br \/>\n12. Led od ananasa<\/p>\n<figure id=\"attachment_4097\" aria-describedby=\"caption-attachment-4097\" style=\"width: 300px\" class=\"wp-caption alignnone\"><img decoding=\"async\" class=\"size-medium wp-image-4097\" src=\"https:\/\/vapestornado.com\/wp-content\/uploads\/2025\/04\/Bang-45000-Puff-Buy-Vape-Mods-Online-300x300.webp\" alt=\"Bang 45000 Puff Kupite Vape Modove Online\" width=\"300\" height=\"300\" srcset=\"https:\/\/vapestornado.com\/wp-content\/uploads\/2025\/04\/Bang-45000-Puff-Buy-Vape-Mods-Online-300x300.webp 300w, https:\/\/vapestornado.com\/wp-content\/uploads\/2025\/04\/Bang-45000-Puff-Buy-Vape-Mods-Online-150x150.webp 150w, https:\/\/vapestornado.com\/wp-content\/uploads\/2025\/04\/Bang-45000-Puff-Buy-Vape-Mods-Online-768x768.webp 768w, https:\/\/vapestornado.com\/wp-content\/uploads\/2025\/04\/Bang-45000-Puff-Buy-Vape-Mods-Online-600x600.webp 600w, https:\/\/vapestornado.com\/wp-content\/uploads\/2025\/04\/Bang-45000-Puff-Buy-Vape-Mods-Online-100x100.webp 100w, https:\/\/vapestornado.com\/wp-content\/uploads\/2025\/04\/Bang-45000-Puff-Buy-Vape-Mods-Online.webp 800w\" sizes=\"(max-width: 300px) 100vw, 300px\" \/><figcaption id=\"caption-attachment-4097\" class=\"wp-caption-text\">Bang 45000 Puff Kupite Vape Modove Online<\/figcaption><\/figure>\n<\/div>\n<\/div>\n<\/div>\n<\/div>\n<\/div>\n<\/div>\n<\/div>\n<\/div>\n<\/article>\n<\/div>\n<\/div>\n<\/div>\n<\/div>\n<\/div>\n<\/div>\n<\/div>\n<\/div>\n<\/div>\n<\/div>\n<\/article>\n<h2>Za\u0161to je Vapestornado najbolje mjesto za kupnju e-cigareta?<\/h2>\n<div class=\"flex-shrink-0 flex flex-col relative items-end\">\n<div class=\"pt-0\">\n<div class=\"gizmo-bot-avatar flex h-8 w-8 items-center justify-center overflow-hidden rounded-full\">\n<div class=\"relative p-1 rounded-sm flex items-center justify-center bg-token-main-surface-primary text-token-text-primary h-8 w-8\">\n<p>At\u00a0<strong>VapeTornado<\/strong>, ponosimo se isporukom\u00a0<strong>vrhunskih proizvoda za vaping po nenadma\u0161nim cijenama<\/strong>\u2014a Bang Leader 45000 Puff 45k nije iznimka! Evo za\u0161to biste trebali kupiti od nas:<\/p>\n<p class=\"\" data-start=\"49\" data-end=\"193\"><strong data-start=\"49\" data-end=\"81\">Nenadma\u0161ne veleprodajne cijene<\/strong> \u2013 U\u017eivajte u najboljim ponudama za velike koli\u010dine na tr\u017ei\u0161tu, \u0161to nas \u010dini glavnim dobavlja\u010dem za trgovine vape opremom i preprodava\u010de diljem svijeta.<\/p>\n<p class=\"\" data-start=\"195\" data-end=\"340\"><strong data-start=\"195\" data-end=\"228\">Brzo<\/strong> \u2013 Va\u0161e narud\u017ebe dostavljamo brzo i sigurno, s pouzdanim opcijama me\u0111unarodne dostave prilago\u0111enim va\u0161im potrebama.<\/p>\n<p class=\"\" data-start=\"342\" data-end=\"487\"><strong data-start=\"342\" data-end=\"367\">100% Izvorna Roba<\/strong> \u2013 Recite zbogom la\u017enjacima! Jam\u010dimo samo originalni Bang 45000 Puff Buy Vape s provjerenom kvalitetom i performansama.<\/p>\n<p class=\"\" data-start=\"489\" data-end=\"627\"><strong data-start=\"489\" data-end=\"516\">Stru\u010dna Korisni\u010dka Podr\u0161ka<\/strong> \u2013 Imate pitanja? Na\u0161 tim stru\u010dnjaka za vape je tu za vas u bilo koje vrijeme, osiguravaju\u0107i glatku uslugu bez problema.<\/p>\n<p data-start=\"559\" data-end=\"933\" data-is-last-node=\"\" data-is-only-node=\"\">Tako\u0111er imamo i druge popularne vapeove sa zaslonom kao \u0161to su <a href=\"https:\/\/vapestornado.com\/hr\/product\/wga-legend-ultra-30k-30000-puffs-rechargeable-vape-pod-twins-flavor\/\">WGA Kristal 30000 Dimnih oblaka<\/a>, <a href=\"https:\/\/vapestornado.com\/hr\/product\/waspe-aiviou-3-in-1-60000-puffs-disposable-vape-kit-best-price\/\">WASPE 60000 3 u 1<\/a>, <a href=\"https:\/\/vapestornado.com\/hr\/product\/uzy-crystal-50000-puff-twin-flavor-bulk-vapes-for-cheap\/\">UZY Kristal 50000<\/a>, i vi\u0161e.<\/p>\n<\/div>\n<div class=\"relative p-1 rounded-sm flex items-center justify-center bg-token-main-surface-primary text-token-text-primary h-8 w-8\">\n<h2>\u010cesto postavljana pitanja za Bang Leader 45000 Puff Koje biste trebali znati<\/h2>\n<p class=\"\" data-start=\"1408\" data-end=\"1608\"><strong data-start=\"1408\" data-end=\"1466\">1. Koliko dugo traje Bang Leader 45000 Puff vape?<\/strong><br data-start=\"1466\" data-end=\"1469\" \/>Ovaj ure\u0111aj nudi do <strong data-start=\"1494\" data-end=\"1509\">45000 udisaja<\/strong>, \u0161to mo\u017ee trajati tjednima, ovisno o va\u0161oj upotrebi, \u0161to ga \u010dini idealnim za dugotrajno kori\u0161tenje ili preprodaju.<\/p>\n<p class=\"\" data-start=\"1610\" data-end=\"1771\"><strong data-start=\"1610\" data-end=\"1659\">2. Mogu li napuniti Bang Leader 45000 vape?<\/strong><br data-start=\"1659\" data-end=\"1662\" \/>Da! Dolazi s ugra\u0111enim <strong data-start=\"1692\" data-end=\"1723\">650mAh punjiva baterija<\/strong> i Type-C priklju\u010dkom za brzo punjenje.<\/p>\n<p class=\"\" data-start=\"1773\" data-end=\"1986\"><strong data-start=\"1773\" data-end=\"1826\">3. Koja je prednost sustava s dvostrukim okusom?<\/strong><br data-start=\"1826\" data-end=\"1829\" \/>Ovo <strong data-start=\"1833\" data-end=\"1857\">2 u 1 dvostruki okus<\/strong> postavljanje vam daje vi\u0161e raznolikosti u jednom ure\u0111aju. Mo\u017eete u\u017eivati u jednom okusu, prebaciti se na drugi ili mije\u0161ati za jedinstveni do\u017eivljaj okusa.<\/p>\n<p class=\"\" data-start=\"1988\" data-end=\"2168\"><strong data-start=\"1988\" data-end=\"2047\">4. Postoji li na\u010din da se provjeri razina baterije i e-teku\u0107ine?<\/strong><br data-start=\"2047\" data-end=\"2050\" \/>Apsolutno! Ovaj <strong data-start=\"2066\" data-end=\"2091\">pametni digitalni zaslon<\/strong> prikazuje trajanje baterije i preostalu e-teku\u0107inu, tako da uvijek imate kontrolu.<\/p>\n<p class=\"\" data-start=\"2170\" data-end=\"2384\"><strong data-start=\"2170\" data-end=\"2225\">5. Koji su neki od najpopularnijih okusa?<\/strong><br data-start=\"2225\" data-end=\"2228\" \/>Popularni izbori uklju\u010duju <strong data-start=\"2246\" data-end=\"2277\">Jagoda Kiwi<\/strong>, <strong data-start=\"2279\" data-end=\"2316\">Ledeni okus borovnice<\/strong>i <strong data-start=\"2322\" data-end=\"2354\">Ledeni okus ananasa<\/strong> \u2013 omiljeni okusi s razlogom!<\/p>\n<\/div>\n<\/div>\n<\/div>\n<\/div>","protected":false},"excerpt":{"rendered":"<p class=\"LC20lb MBeuO DKV0Md\">Bang Leader 45000 Jeftini E Cigs Smoke Shop Veleprodaja Poljska<br \/>\nBang 45000 Puff 45k 2 u 1 Dvostruki okus Vape Box Veleprodajna cijena<br \/>\nBang Leader Puff 45k Jeftini ECigs Kupite na veliko<\/p>\n<p><strong>Dodajte Amy na WhatsApp za brzi odgovor i popust!<\/strong><\/p>\n<p><img fetchpriority=\"high\" decoding=\"async\" class=\"size-full wp-image-2932\" src=\"https:\/\/vapestornado.com\/wp-content\/uploads\/2024\/12\/Vape-Wholesale.jpg\" alt=\"Veleprodaja vejpova\" width=\"229\" height=\"300\" \/><\/p>\n<h3><a href=\"https:\/\/wa.me\/8617776015835\"><span style=\"color: #ff0000;\"><strong>WhatsApp: +86 17776015835<\/strong><\/span><\/a><\/h3>\n<p>&nbsp;<\/p>","protected":false},"featured_media":4098,"comment_status":"open","ping_status":"closed","template":"","meta":{"_acf_changed":false,"_uag_custom_page_level_css":"","_lmt_disableupdate":"no","_lmt_disable":"","_monsterinsights_skip_tracking":false,"_monsterinsights_sitenote_active":false,"_monsterinsights_sitenote_note":"","_monsterinsights_sitenote_category":0,"site-sidebar-layout":"default","site-content-layout":"","ast-site-content-layout":"default","site-content-style":"default","site-sidebar-style":"default","ast-global-header-display":"","ast-banner-title-visibility":"","ast-main-header-display":"","ast-hfb-above-header-display":"","ast-hfb-below-header-display":"","ast-hfb-mobile-header-display":"","site-post-title":"","ast-breadcrumbs-content":"","ast-featured-img":"","footer-sml-layout":"","ast-disable-related-posts":"","theme-transparent-header-meta":"default","adv-header-id-meta":"","stick-header-meta":"","header-above-stick-meta":"","header-main-stick-meta":"","header-below-stick-meta":"","astra-migrate-meta-layouts":"set","ast-page-background-enabled":"default","ast-page-background-meta":{"desktop":{"background-color":"","background-image":"","background-repeat":"repeat","background-position":"center center","background-size":"auto","background-attachment":"scroll","background-type":"","background-media":"","overlay-type":"","overlay-color":"","overlay-opacity":"","overlay-gradient":""},"tablet":{"background-color":"","background-image":"","background-repeat":"repeat","background-position":"center center","background-size":"auto","background-attachment":"scroll","background-type":"","background-media":"","overlay-type":"","overlay-color":"","overlay-opacity":"","overlay-gradient":""},"mobile":{"background-color":"","background-image":"","background-repeat":"repeat","background-position":"center center","background-size":"auto","background-attachment":"scroll","background-type":"","background-media":"","overlay-type":"","overlay-color":"","overlay-opacity":"","overlay-gradient":""}},"ast-content-background-meta":{"desktop":{"background-color":"var(--ast-global-color-5)","background-image":"","background-repeat":"repeat","background-position":"center center","background-size":"auto","background-attachment":"scroll","background-type":"","background-media":"","overlay-type":"","overlay-color":"","overlay-opacity":"","overlay-gradient":""},"tablet":{"background-color":"var(--ast-global-color-5)","background-image":"","background-repeat":"repeat","background-position":"center center","background-size":"auto","background-attachment":"scroll","background-type":"","background-media":"","overlay-type":"","overlay-color":"","overlay-opacity":"","overlay-gradient":""},"mobile":{"background-color":"var(--ast-global-color-5)","background-image":"","background-repeat":"repeat","background-position":"center center","background-size":"auto","background-attachment":"scroll","background-type":"","background-media":"","overlay-type":"","overlay-color":"","overlay-opacity":"","overlay-gradient":""}},"_joinchat":{"telephone":"17776015835"}},"product_brand":[],"product_cat":[265,278,154,156,142],"product_tag":[329,327,328,105,198],"class_list":{"0":"post-4103","1":"product","2":"type-product","3":"status-publish","4":"has-post-thumbnail","6":"product_cat-45000-puff","7":"product_cat-bang-leader-vape","8":"product_cat-buy-disposable-vapes-in-netherlands","9":"product_cat-buy-disposable-vapes-in-poland","10":"product_cat-digital-box-disposable-vapes","11":"product_tag-bang-leader-45000","12":"product_tag-bang-leader-45k","13":"product_tag-cheap-e-cigs","14":"product_tag-digital-disposable-vape","15":"product_tag-double-flavor-disposable-vape","16":"desktop-align-left","17":"tablet-align-left","18":"mobile-align-left","20":"first","21":"instock","22":"sale","23":"shipping-taxable","24":"purchasable","25":"product-type-simple"},"acf":[],"uagb_featured_image_src":{"full":["https:\/\/vapestornado.com\/wp-content\/uploads\/2025\/04\/Bang-Leader-45k-45000-Puff-Vape-Box-Cheap-Price.webp",800,800,false],"thumbnail":["https:\/\/vapestornado.com\/wp-content\/uploads\/2025\/04\/Bang-Leader-45k-45000-Puff-Vape-Box-Cheap-Price-150x150.webp",150,150,true],"medium":["https:\/\/vapestornado.com\/wp-content\/uploads\/2025\/04\/Bang-Leader-45k-45000-Puff-Vape-Box-Cheap-Price-300x300.webp",300,300,true],"medium_large":["https:\/\/vapestornado.com\/wp-content\/uploads\/2025\/04\/Bang-Leader-45k-45000-Puff-Vape-Box-Cheap-Price-768x768.webp",768,768,true],"large":["https:\/\/vapestornado.com\/wp-content\/uploads\/2025\/04\/Bang-Leader-45k-45000-Puff-Vape-Box-Cheap-Price.webp",800,800,false],"1536x1536":["https:\/\/vapestornado.com\/wp-content\/uploads\/2025\/04\/Bang-Leader-45k-45000-Puff-Vape-Box-Cheap-Price.webp",800,800,false],"2048x2048":["https:\/\/vapestornado.com\/wp-content\/uploads\/2025\/04\/Bang-Leader-45k-45000-Puff-Vape-Box-Cheap-Price.webp",800,800,false],"trp-custom-language-flag":["https:\/\/vapestornado.com\/wp-content\/uploads\/2025\/04\/Bang-Leader-45k-45000-Puff-Vape-Box-Cheap-Price.webp",12,12,false],"woocommerce_thumbnail":["https:\/\/vapestornado.com\/wp-content\/uploads\/2025\/04\/Bang-Leader-45k-45000-Puff-Vape-Box-Cheap-Price-300x300.webp",300,300,true],"woocommerce_single":["https:\/\/vapestornado.com\/wp-content\/uploads\/2025\/04\/Bang-Leader-45k-45000-Puff-Vape-Box-Cheap-Price-600x600.webp",600,600,true],"woocommerce_gallery_thumbnail":["https:\/\/vapestornado.com\/wp-content\/uploads\/2025\/04\/Bang-Leader-45k-45000-Puff-Vape-Box-Cheap-Price-100x100.webp",100,100,true]},"uagb_author_info":{"display_name":"ESAMY","author_link":"https:\/\/vapestornado.com\/hr\/author\/"},"uagb_comment_info":0,"uagb_excerpt":"Bang Leader 45000 Cheap E Cigs Smoke Shop Wholesale Poland Bang\u00a0 45000 Puff 45k 2 in 1 Double Flavor Vape Box Wholesale Price Bang Leader Puff 45k Cheap ECigs Buy In Bulk Add Amy's whatsapp to get right reply and discount price! WhatsApp: +86 17776015835 &nbsp;","_links":{"self":[{"href":"https:\/\/vapestornado.com\/hr\/wp-json\/wp\/v2\/product\/4103","targetHints":{"allow":["GET"]}}],"collection":[{"href":"https:\/\/vapestornado.com\/hr\/wp-json\/wp\/v2\/product"}],"about":[{"href":"https:\/\/vapestornado.com\/hr\/wp-json\/wp\/v2\/types\/product"}],"replies":[{"embeddable":true,"href":"https:\/\/vapestornado.com\/hr\/wp-json\/wp\/v2\/comments?post=4103"}],"wp:featuredmedia":[{"embeddable":true,"href":"https:\/\/vapestornado.com\/hr\/wp-json\/wp\/v2\/media\/4098"}],"wp:attachment":[{"href":"https:\/\/vapestornado.com\/hr\/wp-json\/wp\/v2\/media?parent=4103"}],"wp:term":[{"taxonomy":"product_brand","embeddable":true,"href":"https:\/\/vapestornado.com\/hr\/wp-json\/wp\/v2\/product_brand?post=4103"},{"taxonomy":"product_cat","embeddable":true,"href":"https:\/\/vapestornado.com\/hr\/wp-json\/wp\/v2\/product_cat?post=4103"},{"taxonomy":"product_tag","embeddable":true,"href":"https:\/\/vapestornado.com\/hr\/wp-json\/wp\/v2\/product_tag?post=4103"}],"curies":[{"name":"wp","href":"https:\/\/api.w.org\/{rel}","templated":true}]}}