{"id":4088,"date":"2025-04-08T03:23:24","date_gmt":"2025-04-08T03:23:24","guid":{"rendered":"https:\/\/vapestornado.com\/?post_type=product&#038;p=4088"},"modified":"2025-12-11T07:14:09","modified_gmt":"2025-12-11T07:14:09","slug":"elf-box-crystal-bar-600-puffs-2-disposable-vape-pen-bulk-buy-price","status":"publish","type":"product","link":"https:\/\/vapestornado.com\/hr\/product\/elf-box-crystal-bar-600-puffs-2-disposable-vape-pen-bulk-buy-price\/","title":{"rendered":"Elf Box Crystal Bar 600 Puffs 2% jednokratni Vejp Pen, veleprodajna cijena"},"content":{"rendered":"<h2 data-pm-slice=\"1 1 []\">Elf Box Crystal Bar 600 Pufova Jednokratni Vaper Mini Bar s Kristalnim Dizajnom<\/h2>\n<p class=\"\" data-start=\"537\" data-end=\"946\"><strong data-start=\"118\" data-end=\"145\">Elf Box Kristalni Bar 600<\/strong> je kompaktan jednokratni vaporizator izra\u0111en za jednostavnu, dosljednu svakodnevnu upotrebu. S <strong data-start=\"224\" data-end=\"237\">600 pufova<\/strong>, a <strong data-start=\"241\" data-end=\"254\">1.6\u03a9 grija\u010d<\/strong>, i <strong data-start=\"262\" data-end=\"288\">kristalno zavr\u0161ena ljuska<\/strong>, spaja \u010dist dizajn s pouzdanim uvla\u010denjem koje ostaje stabilno od prvog do posljednjeg pufa. The <strong data-start=\"389\" data-end=\"401\">2ml spremnik<\/strong> i <strong data-start=\"406\" data-end=\"433\">500mAh unutarnja baterija<\/strong> su dimenzionirani za lagano do umjereno svakodnevno vapovanje, \u0161to ih \u010dini jednostavnim izborom kada \u017eelite ne\u0161to prikladno za d\u017eep i spremno odmah nakon otvaranja kutije.<\/p>\n<h3 data-start=\"802\" data-end=\"853\">Za\u0161to Elf Box Crystal Bar 600 Pufova Hit prodaja na tr\u017ei\u0161tu EU?<\/h3>\n<ul data-start=\"855\" data-end=\"2256\">\n<li data-start=\"855\" data-end=\"1198\">\n<p data-start=\"857\" data-end=\"1198\"><strong data-start=\"857\" data-end=\"903\">Stabilan okus kroz svih 600 pufova.<\/strong> Ovo <strong data-start=\"908\" data-end=\"950\">Crystal Bar 600 performanse u stilu mre\u017ee<\/strong>, pokretan od strane <strong data-start=\"967\" data-end=\"980\">1.6\u03a9 grija\u010d<\/strong>, odr\u017eava svaki udisaj glatkim i izbjegava sagorjeli, o\u0161tri rub koji neki mali jednokratni ure\u0111aji razvijaju. Korisnici u <strong data-start=\"1081\" data-end=\"1119\">Njema\u010dkoj, Francuskoj, Poljskoj i \u0160panjolskoj<\/strong> cijeniti svoju predvidljivu grlo osje\u0107aj u usporedbi s jeftinijim alternativama s niskim grija\u010dem.<\/p>\n<\/li>\n<li data-start=\"1200\" data-end=\"1509\">\n<p data-start=\"1202\" data-end=\"1509\"><strong data-start=\"1202\" data-end=\"1248\">Idealno za brze sesije ili kori\u0161tenje u pokretu.<\/strong> Ovo <strong data-start=\"1253\" data-end=\"1296\">Elf Box Crystal Bar 600 jednokratni vaporizator<\/strong> je dovoljno tanak za d\u017eepove, torbe ili kapute. Kada \u017eelite ne\u0161to jednostavnije od podova ili <strong data-start=\"1395\" data-end=\"1416\">pods recargablese<\/strong>, ovaj jednokratni pru\u017ea \u010distu, jednostavnu isporuku nikotina bez punja\u010da ili refillova.<\/p>\n<\/li>\n<li data-start=\"1511\" data-end=\"1786\">\n<p data-start=\"1513\" data-end=\"1786\"><strong data-start=\"1513\" data-end=\"1562\">Jednostavan alternativni vape pod <\/strong>Umjesto da \u017eurite u kupovinu <b>drugi jednokratni ure\u0111aji<\/b>, mnogi korisnici dr\u017ee <strong data-start=\"1635\" data-end=\"1654\">Kristal Bar 600<\/strong> pri ruci kao laganu rezervu za putovanja, ve\u010dernje izlazke ili pauze na poslu. Bez gumba, bez odr\u017eavanja \u2014 udi\u0161ite i spremni ste.<\/p>\n<\/li>\n<li data-start=\"1788\" data-end=\"2059\">\n<p data-start=\"1790\" data-end=\"2059\"><strong data-start=\"1790\" data-end=\"1834\">Lako naru\u010diti iz bilo koje online vape trgovine.<\/strong> Prodava\u010di navode <strong data-start=\"1854\" data-end=\"1881\">Elf Box Kristalni Bar 600<\/strong> jer dobro popunjava segment po\u010detnika i povremenih korisnika. Ima sna\u017enu potra\u017enju u <strong data-start=\"1968\" data-end=\"1988\">online du\u0107an za vape<\/strong> popise diljem Europe zahvaljuju\u0107i raznolikosti okusa i \u010distom dizajnu.<\/p>\n<\/li>\n<li data-start=\"2061\" data-end=\"2256\">\n<p data-start=\"2063\" data-end=\"2256\"><strong data-start=\"2063\" data-end=\"2098\">Prilago\u0111ava se razli\u010ditim navikama nikotina.<\/strong> S <strong data-start=\"2104\" data-end=\"2122\">0%, 2% i 5%<\/strong> nikotinske ja\u010dine, <strong data-start=\"2147\" data-end=\"2163\">kristalni vape<\/strong> prilago\u0111ava se u\u017eivanju u samo okusu, laganim rutinama s nikotinom ili korisnicima koji preferiraju ja\u010di udarac.<\/p>\n<\/li>\n<\/ul>\n<p data-start=\"666\" data-end=\"1235\"><strong style=\"font-size: 16px;\"><span style=\"color: #ff0000;\">Dodajte Amy na WhatsApp za brzi odgovor i popust!<\/span><\/strong><\/p>\n<p><img fetchpriority=\"high\" decoding=\"async\" class=\"size-full wp-image-2932\" src=\"https:\/\/vapestornado.com\/wp-content\/uploads\/2024\/12\/Vape-Wholesale.jpg\" alt=\"Veleprodaja vejpova\" width=\"229\" height=\"300\" \/><\/p>\n<h3><a href=\"https:\/\/wa.me\/8617776015835\" target=\"_blank\" rel=\"noopener\"><span style=\"color: #ff0000;\"><strong>WhatsApp: +86 17776015835<\/strong><\/span><\/a><\/h3>\n<p>&nbsp;<\/p>\n<h2><strong>Elf Box Crystal Bar 600 Klju\u010dne zna\u010dajke proizvoda<\/strong><\/h2>\n<table>\n<thead>\n<tr>\n<th>Zna\u010dajka<\/th>\n<th>specifikacija<\/th>\n<th>detalji<\/th>\n<\/tr>\n<\/thead>\n<tbody>\n<tr>\n<td>Naziv proizvoda<\/td>\n<td>Elf Box Kristalni Bar 600<\/td>\n<td>Kompaktan jednokratni kristalni vape za svakodnevnu uporabu<\/td>\n<\/tr>\n<tr>\n<td>Kapacitet Udisaja<\/td>\n<td>600 pufova<\/td>\n<td>Dizajniran za kratkoro\u010dno, povremeno ili rezervno vaping iskustvo<\/td>\n<\/tr>\n<tr>\n<td>Volumen teku\u0107ine<\/td>\n<td>2ml<\/td>\n<td>Prednapunjeni spremnik za dosljedan okus do kraja<\/td>\n<\/tr>\n<tr>\n<td>Vrsta zavojnice<\/td>\n<td>1.6\u03a9 grija\u010d<\/td>\n<td>Glatki vapor s stabilnim osje\u0107ajem u grlu<\/td>\n<\/tr>\n<tr>\n<td>Ja\u010dina Nikotina<\/td>\n<td>0% \/ 2% \/ 5%<\/td>\n<td>Prilago\u0111ava se okusima, umjerenim i ja\u010dim preferencijama<\/td>\n<\/tr>\n<tr>\n<td>Baterija<\/td>\n<td>500mAh unutarnja baterija<\/td>\n<td>Dimenzije za zavr\u0161etak od 600 udisaja bez punjenja<\/td>\n<\/tr>\n<tr>\n<td>Dizajn tijela<\/td>\n<td>Kristalni zavr\u0161ni omot<\/td>\n<td>Stilno, lagano i prikladno za d\u017eep<\/td>\n<\/tr>\n<\/tbody>\n<\/table>\n<figure id=\"attachment_4076\" aria-describedby=\"caption-attachment-4076\" style=\"width: 800px\" class=\"wp-caption alignnone\"><img decoding=\"async\" class=\"wp-image-4076 size-full\" src=\"https:\/\/vapestornado.com\/wp-content\/uploads\/2025\/04\/ELF-Bar-600-Disposable-Vape-Pen.webp\" alt=\"ELF Bar 600 Jednokratna Vape Olovka\" width=\"800\" height=\"800\" srcset=\"https:\/\/vapestornado.com\/wp-content\/uploads\/2025\/04\/ELF-Bar-600-Disposable-Vape-Pen.webp 800w, https:\/\/vapestornado.com\/wp-content\/uploads\/2025\/04\/ELF-Bar-600-Disposable-Vape-Pen-300x300.webp 300w, https:\/\/vapestornado.com\/wp-content\/uploads\/2025\/04\/ELF-Bar-600-Disposable-Vape-Pen-150x150.webp 150w, https:\/\/vapestornado.com\/wp-content\/uploads\/2025\/04\/ELF-Bar-600-Disposable-Vape-Pen-768x768.webp 768w, https:\/\/vapestornado.com\/wp-content\/uploads\/2025\/04\/ELF-Bar-600-Disposable-Vape-Pen-600x600.webp 600w, https:\/\/vapestornado.com\/wp-content\/uploads\/2025\/04\/ELF-Bar-600-Disposable-Vape-Pen-100x100.webp 100w\" sizes=\"(max-width: 800px) 100vw, 800px\" \/><figcaption id=\"caption-attachment-4076\" class=\"wp-caption-text\">ELF Bar 600 Jednokratna Vape Olovka<\/figcaption><\/figure>\n<h2 class=\"product-title\"><strong>Elf Box Crystal Vape 600 Recenzija okusa za jednokratnu upotrebu<\/strong><\/h2>\n<article class=\"w-full text-token-text-primary focus-visible:outline-2 focus-visible:outline-offset-[-4px]\" dir=\"auto\" data-testid=\"conversation-turn-32\" data-scroll-anchor=\"false\">\n<div class=\"m-auto text-base py-[18px] px-6\">\n<div class=\"mx-auto flex flex-1 text-base gap-4 md:gap-5 lg:gap-6 md:max-w-3xl lg:max-w-[40rem] xl:max-w-[48rem]\">\n<div class=\"group\/conversation-turn relative flex w-full min-w-0 flex-col @xs\/thread:px-0 @sm\/thread:px-1.5 @md\/thread:px-4\">\n<div class=\"flex-col gap-1 md:gap-3\">\n<div class=\"flex max-w-full flex-col flex-grow\">\n<div class=\"min-h-8 text-message flex w-full flex-col items-end gap-2 whitespace-normal break-words text-start [.text-message+&amp;]:mt-5\" dir=\"auto\" data-message-author-role=\"user\" data-message-id=\"ffac41ca-1db4-431b-873a-32c4052956f1\">\n<div class=\"flex w-full flex-col gap-1 empty:hidden items-end rtl:items-start\">\n<div class=\"relative max-w-[var(--user-chat-width,70%)] rounded-3xl bg-token-message-surface px-5 py-2.5\">\n<div class=\"absolute bottom-0 right-full top-0 -mr-3.5 hidden pr-5 pt-2 [.group\/conversation-turn:hover_&amp;]:flex\">\n<div class=\"flex\">\n<article class=\"w-full text-token-text-primary focus-visible:outline-2 focus-visible:outline-offset-[-4px]\" dir=\"auto\" data-testid=\"conversation-turn-39\" data-scroll-anchor=\"true\">\n<div class=\"m-auto text-base py-[18px] px-6\">\n<div class=\"mx-auto flex flex-1 text-base gap-4 md:gap-5 lg:gap-6 md:max-w-3xl lg:max-w-[40rem] xl:max-w-[48rem]\">\n<div class=\"group\/conversation-turn relative flex w-full min-w-0 flex-col agent-turn @xs\/thread:px-0 @sm\/thread:px-1.5 @md\/thread:px-4\">\n<div class=\"flex-col gap-1 md:gap-3\">\n<div class=\"flex max-w-full flex-col flex-grow\">\n<div class=\"min-h-8 text-message flex w-full flex-col items-end gap-2 whitespace-normal break-words text-start [.text-message+&amp;]:mt-5\" dir=\"auto\" data-message-author-role=\"assistant\" data-message-id=\"55a23854-ec57-48dd-bd4f-6118f43d6241\" data-message-model-slug=\"gpt-4o\">\n<div class=\"flex w-full flex-col gap-1 empty:hidden first:pt-[3px]\">\n<div class=\"markdown prose w-full break-words dark:prose-invert light\">\n<p class=\"\" data-start=\"57\" data-end=\"262\"><strong data-start=\"57\" data-end=\"75\">1. Mije\u0161ano bobi\u010dasto vo\u0107e<\/strong><br data-start=\"75\" data-end=\"78\" \/>Neodoljiva mje\u0161avina bobi\u010dastog vo\u0107a koja pr\u0161ti okusom\u2014zamislite slatke jagode, kisele maline i so\u010dne borovnice, sve zajedno umotano za bogato, trpko i slasno parenje.<\/p>\n<p class=\"\" data-start=\"264\" data-end=\"423\"><strong data-start=\"264\" data-end=\"281\">2. Tre\u0161nja Led<\/strong><br data-start=\"281\" data-end=\"284\" \/>Cool i hrskava tre\u0161nja eksplozija! U\u017eivajte u slatko-kiselom okusu zrelih tre\u0161anja, nakon \u010dega slijedi osvje\u017eavaju\u0107i ledeni povjetarac koji hladi sa svakim udahom.<\/p>\n<p class=\"\" data-start=\"425\" data-end=\"603\"><strong data-start=\"425\" data-end=\"446\">3. Jagoda Led<\/strong><br data-start=\"446\" data-end=\"449\" \/>Svje\u017ee, so\u010dne jagode susre\u0107u se sa ledenim zavr\u0161etkom u ovoj klasi\u010dnoj kombinaciji. Slatko, glatko i savr\u0161eno hladno\u2014va\u0161 omiljeni okus za osvje\u017eavaju\u0107i udarac jagode.<\/p>\n<p class=\"\" data-start=\"605\" data-end=\"782\"><strong data-start=\"605\" data-end=\"621\">4. Gro\u017e\u0111e Led<\/strong><br data-start=\"621\" data-end=\"624\" \/>Pripremite se za hrabar okus gro\u017e\u0111a s osvje\u017eavaju\u0107im preokretom. Ovaj ledeni u\u017eitak od gro\u017e\u0111a donosi slatko\u0107u gro\u017e\u0111a dozrelog na suncu umotanu u hrskav, rashla\u0111uju\u0107i zavr\u0161etak.<\/p>\n<p class=\"\" data-start=\"784\" data-end=\"935\"><strong data-start=\"784\" data-end=\"804\">5. Ledena borovnica<\/strong><br data-start=\"804\" data-end=\"807\" \/>Ukusna mje\u0161avina slatkih i blago oporih borovnica slojevitih s brzim ledenim izdahom. Glatko, uravnote\u017eeno i ultra-osvje\u017eavaju\u0107e.<\/p>\n<p class=\"\" data-start=\"937\" data-end=\"1084\"><strong data-start=\"937\" data-end=\"958\">6. Lubenica s ledom<\/strong><br data-start=\"958\" data-end=\"961\" \/>Ultimativni ljetni vape\u2014slatki, so\u010dni okus lubenice susre\u0107e se sa ledenim valom svje\u017eine. Svje\u017ee i hidratantno u svakom udisaju.<\/p>\n<p class=\"\" data-start=\"1086\" data-end=\"1278\"><strong data-start=\"1086\" data-end=\"1114\">7. Jagoda Lubenica<\/strong><br data-start=\"1114\" data-end=\"1117\" \/>San ljubitelja vo\u0107a! Ovaj okus spaja slatko\u0107u jagoda poput bombona sa so\u010dnom glatko\u0107om lubenice za savr\u0161eno uravnote\u017eenu vo\u0107nu kombinaciju.<\/p>\n<p class=\"\" data-start=\"1280\" data-end=\"1448\"><strong data-start=\"1280\" data-end=\"1296\">8. Plava malina<\/strong><br data-start=\"1296\" data-end=\"1299\" \/>\u017divahno, trpko i potpuno zarazno\u2014ovaj okus plave maline eksplodira slatko-kiselim notama bobica i osvje\u017eavaju\u0107im rubom koji se zadr\u017eava na nepcu.<\/p>\n<p class=\"\" data-start=\"1450\" data-end=\"1634\"><strong data-start=\"1450\" data-end=\"1466\">9. Breskva s ledom<\/strong><br data-start=\"1466\" data-end=\"1469\" \/>Sun\u010dane breskve s hladnim iznena\u0111enjem. U\u017eivajte u bogatoj slatko\u0107i breskve nakon \u010dega slijedi ledeni udarac koji ovo \u010dini glatkim i zadovoljavaju\u0107im okusom od po\u010detka do kraja.<\/p>\n<p class=\"\" data-start=\"1636\" data-end=\"1838\"><strong data-start=\"1636\" data-end=\"1662\">10. Kivi Pasijon Vo\u0107e<\/strong><br data-start=\"1662\" data-end=\"1665\" \/>Tropski bijeg u svakom udisaju! O\u0161tra svje\u017eina kivija savr\u0161eno se sla\u017ee s egzoti\u010dnom slatko\u0107om marakuje za jedinstveno, so\u010dno i osvje\u017eavaju\u0107e iskustvo vapinga.<\/p>\n<\/div>\n<\/div>\n<\/div>\n<\/div>\n<\/div>\n<\/div>\n<\/div>\n<\/div>\n<\/article>\n<\/div>\n<\/div>\n<\/div>\n<\/div>\n<\/div>\n<\/div>\n<\/div>\n<\/div>\n<\/div>\n<\/div>\n<\/article>\n<h2>Za\u0161to odabrati Vapestornado za kupnju ElfBox Crystal Bar 600 Puff?<\/h2>\n<div class=\"flex-shrink-0 flex flex-col relative items-end\">\n<div class=\"pt-0\">\n<div class=\"gizmo-bot-avatar flex h-8 w-8 items-center justify-center overflow-hidden rounded-full\">\n<div class=\"relative p-1 rounded-sm flex items-center justify-center bg-token-main-surface-primary text-token-text-primary h-8 w-8\">\n<p>At\u00a0<strong>VapeTornado<\/strong>, ponosimo se isporukom\u00a0<strong>vrhunskih proizvoda za vaping po nenadma\u0161nim cijenama<\/strong>\u2014a Elf Box Crystal Bar 600 nije iznimka! Evo za\u0161to biste trebali kupiti od nas:<\/p>\n<p class=\"\" data-start=\"49\" data-end=\"193\"><strong data-start=\"49\" data-end=\"81\">Nenadma\u0161ne veleprodajne cijene<\/strong> \u2013 U\u017eivajte u najboljim ponudama za velike koli\u010dine na tr\u017ei\u0161tu, \u0161to nas \u010dini glavnim dobavlja\u010dem za trgovine vape opremom i preprodava\u010de diljem svijeta.<\/p>\n<p class=\"\" data-start=\"195\" data-end=\"340\"><strong data-start=\"195\" data-end=\"228\">Brzo<\/strong> \u2013 Va\u0161e narud\u017ebe dostavljamo brzo i sigurno, s pouzdanim opcijama me\u0111unarodne dostave prilago\u0111enim va\u0161im potrebama.<\/p>\n<p class=\"\" data-start=\"342\" data-end=\"487\"><strong data-start=\"342\" data-end=\"367\">100% Izvorna Roba<\/strong> \u2013 Recite zbogom la\u017enjacima! Jam\u010dimo samo originalne WASPE Triple jednokratne vapeove s provjerenom kvalitetom i performansama.<\/p>\n<p class=\"\" data-start=\"489\" data-end=\"627\"><strong data-start=\"489\" data-end=\"516\">Stru\u010dna Korisni\u010dka Podr\u0161ka<\/strong> \u2013 Imate pitanja? Na\u0161 tim stru\u010dnjaka za vape je tu za vas u bilo koje vrijeme, osiguravaju\u0107i glatku uslugu bez problema.<\/p>\n<p data-start=\"559\" data-end=\"933\" data-is-last-node=\"\" data-is-only-node=\"\">Tako\u0111er imamo i druge popularne vapeove sa zaslonom kao \u0161to su <a href=\"https:\/\/vapestornado.com\/hr\/product\/bang-king-vape-36000-puff-dual-vaping-mode-disposables-pod-best-price\/\">BANG KING 36000 nargila<\/a>, <a href=\"https:\/\/vapestornado.com\/hr\/product\/waspe-aiviou-3-in-1-60000-puffs-disposable-vape-kit-best-price\/\">WASPE 60000 3 u 1<\/a>, <a href=\"https:\/\/vapestornado.com\/hr\/product\/alfakh-crown-bar-20000-puffs-disposable-shisha-hookah-wholesale-vape-pen\/\">ALFAKH 20000<\/a>, i vi\u0161e.<\/p>\n<\/div>\n<div class=\"relative p-1 rounded-sm flex items-center justify-center bg-token-main-surface-primary text-token-text-primary h-8 w-8\">\n<h2>\u010cesta pitanja za Elf Box jednokratni Crystal Bar 600<\/h2>\n<p data-start=\"2968\" data-end=\"3080\">1. Kako Elf Box Crystal Bar 600 jednokratni ure\u0111aj za vaping odr\u017eava dosljedan okus kroz svih 600 udisaja?<\/p>\n<p data-start=\"3081\" data-end=\"3238\">Ovo <strong data-start=\"3085\" data-end=\"3112\">Elf Box Kristalni Bar 600<\/strong> koristi <strong data-start=\"3120\" data-end=\"3133\">1.6\u03a9 grija\u010d<\/strong> koji se polako i ravnomjerno grije, smanjuju\u0107i o\u0161trinu i odr\u017eavaju\u0107i glatkiji okus od po\u010detka do kraja.<\/p>\n<p data-start=\"3245\" data-end=\"3336\">2. Je li Crystal Bar 600 prakti\u010dna opcija u usporedbi s kupnjom cigareta kod mene?<\/p>\n<p data-start=\"3337\" data-end=\"3535\">Za mnoge korisnike EU, <strong data-start=\"3360\" data-end=\"3395\">Crystal Bar 600 jednokratni ure\u0111aj za vaping<\/strong> radi kao \u010dist, kompaktan izbor \u2014 bez upalja\u010da, pepela, mirisa. \u010cesto se dr\u017ei kao rezervni za dane kada je potrebna brza rje\u0161enja.<\/p>\n<p data-start=\"3542\" data-end=\"3624\">3. Mogu li kupiti ELFWORLD Crystal Bar 600 u online du\u0107anu za vaping u Europi?<\/p>\n<p data-start=\"3625\" data-end=\"3833\">Da. Ve\u0107ina EU trgovaca ima na skladi\u0161tu <strong data-start=\"3654\" data-end=\"3681\">Elf Box Kristalni Bar 600<\/strong> jer se ure\u0111aj uklapa u popularne kategorije okusa i ostaje pouzdan unutar svoje klase od 600 udisaja. \u010cesto je naveden u <strong data-start=\"3801\" data-end=\"3821\">online du\u0107an za vape<\/strong> katalogima.<\/p>\n<p data-start=\"3840\" data-end=\"3905\">4. Utje\u010de li dizajn kristalnog vapea na dr\u017eanje ili prenosivost?<\/p>\n<p data-start=\"3906\" data-end=\"4092\">Ovo <strong data-start=\"3910\" data-end=\"3926\">kristalni vape<\/strong> zavr\u0161ni sloj dodaje lagutu teksturu i \u010dist vizualni stil, a pritom \u010dini ure\u0111aj izuzetno prenosivim. Korisnici \u010desto spominju da se \u010dini \u010dvr\u0161\u0107im od papirnatih jednokratnih ure\u0111aja.<\/p>\n<p data-start=\"4099\" data-end=\"4205\">5. Kako razina nikotina utje\u010de na performanse Elf Box Crystal Bar 600 jednokratnog ure\u0111aja za vaping?<\/p>\n<p data-start=\"4206\" data-end=\"4393\"><strong data-start=\"4206\" data-end=\"4212\">0%<\/strong> nudi \u010dist okus, <strong data-start=\"4234\" data-end=\"4240\">2%<\/strong> pru\u017ea umjeren, glatki udarac koji je idealan za \u010desto kori\u0161tenje, i <strong data-start=\"4301\" data-end=\"4307\">5%<\/strong> daje \u010dvr\u0161\u0107i osje\u0107aj u grlu za korisnike koji prelaze s ja\u010dih opcija nikotina.<\/p>\n<\/div>\n<\/div>\n<\/div>\n<\/div>","protected":false},"excerpt":{"rendered":"<p class=\"LC20lb MBeuO DKV0Md\">Elf Box Crystal Bar 600 Pufova Jednokratni Vape, elegantan kristalni vape koji pru\u017ea 600 glatkih pufova s grija\u010dem od 1,6\u03a9, kapacitetom od 2ml e-tekucine i opcijama nikotina od 0 do 5% \u2014 jednostavan, zadovoljavaju\u0107i i idealan za svakodnevno no\u0161enje.<\/p>\n<p><strong>Dodajte Amy na WhatsApp za brzi odgovor i popust!<\/strong><\/p>\n<p><img fetchpriority=\"high\" decoding=\"async\" class=\"size-full wp-image-2932\" src=\"https:\/\/vapestornado.com\/wp-content\/uploads\/2024\/12\/Vape-Wholesale.jpg\" alt=\"Veleprodaja vejpova\" width=\"229\" height=\"300\" \/><\/p>\n<h3><a href=\"https:\/\/wa.me\/8617776015835\"><span style=\"color: #ff0000;\"><strong>WhatsApp: +86 17776015835<\/strong><\/span><\/a><\/h3>\n<p>&nbsp;<\/p>","protected":false},"featured_media":4075,"comment_status":"open","ping_status":"closed","template":"","meta":{"_acf_changed":false,"_uag_custom_page_level_css":"","_lmt_disableupdate":"no","_lmt_disable":"","_monsterinsights_skip_tracking":false,"_monsterinsights_sitenote_active":false,"_monsterinsights_sitenote_note":"","_monsterinsights_sitenote_category":0,"site-sidebar-layout":"default","site-content-layout":"","ast-site-content-layout":"default","site-content-style":"default","site-sidebar-style":"default","ast-global-header-display":"","ast-banner-title-visibility":"","ast-main-header-display":"","ast-hfb-above-header-display":"","ast-hfb-below-header-display":"","ast-hfb-mobile-header-display":"","site-post-title":"","ast-breadcrumbs-content":"","ast-featured-img":"","footer-sml-layout":"","ast-disable-related-posts":"","theme-transparent-header-meta":"default","adv-header-id-meta":"","stick-header-meta":"","header-above-stick-meta":"","header-main-stick-meta":"","header-below-stick-meta":"","astra-migrate-meta-layouts":"set","ast-page-background-enabled":"default","ast-page-background-meta":{"desktop":{"background-color":"","background-image":"","background-repeat":"repeat","background-position":"center center","background-size":"auto","background-attachment":"scroll","background-type":"","background-media":"","overlay-type":"","overlay-color":"","overlay-opacity":"","overlay-gradient":""},"tablet":{"background-color":"","background-image":"","background-repeat":"repeat","background-position":"center center","background-size":"auto","background-attachment":"scroll","background-type":"","background-media":"","overlay-type":"","overlay-color":"","overlay-opacity":"","overlay-gradient":""},"mobile":{"background-color":"","background-image":"","background-repeat":"repeat","background-position":"center center","background-size":"auto","background-attachment":"scroll","background-type":"","background-media":"","overlay-type":"","overlay-color":"","overlay-opacity":"","overlay-gradient":""}},"ast-content-background-meta":{"desktop":{"background-color":"var(--ast-global-color-5)","background-image":"","background-repeat":"repeat","background-position":"center center","background-size":"auto","background-attachment":"scroll","background-type":"","background-media":"","overlay-type":"","overlay-color":"","overlay-opacity":"","overlay-gradient":""},"tablet":{"background-color":"var(--ast-global-color-5)","background-image":"","background-repeat":"repeat","background-position":"center center","background-size":"auto","background-attachment":"scroll","background-type":"","background-media":"","overlay-type":"","overlay-color":"","overlay-opacity":"","overlay-gradient":""},"mobile":{"background-color":"var(--ast-global-color-5)","background-image":"","background-repeat":"repeat","background-position":"center center","background-size":"auto","background-attachment":"scroll","background-type":"","background-media":"","overlay-type":"","overlay-color":"","overlay-opacity":"","overlay-gradient":""}},"_joinchat":{"telephone":"17776015835"}},"product_brand":[],"product_cat":[149,152,141,144],"product_tag":[322,105,320,321,490],"class_list":{"0":"post-4088","1":"product","2":"type-product","3":"status-publish","4":"has-post-thumbnail","6":"product_cat-buy-disposable-vapes-in-austria","7":"product_cat-buy-disposable-vapes-in-cermany","8":"product_cat-crystal-disposable-vapes","9":"product_cat-low-nicotine-disposable-vapes","10":"product_tag-crystal-bar-600","11":"product_tag-digital-disposable-vape","12":"product_tag-disposables-bar","13":"product_tag-elf-box-crystal-bar-600","14":"product_tag-mini-bar","15":"desktop-align-left","16":"tablet-align-left","17":"mobile-align-left","19":"first","20":"instock","21":"sale","22":"shipping-taxable","23":"purchasable","24":"product-type-simple"},"acf":[],"uagb_featured_image_src":{"full":["https:\/\/vapestornado.com\/wp-content\/uploads\/2025\/04\/Elf-Bar-600-Disposable-Vape-Pen-Kit-Wholesale.webp",800,800,false],"thumbnail":["https:\/\/vapestornado.com\/wp-content\/uploads\/2025\/04\/Elf-Bar-600-Disposable-Vape-Pen-Kit-Wholesale-150x150.webp",150,150,true],"medium":["https:\/\/vapestornado.com\/wp-content\/uploads\/2025\/04\/Elf-Bar-600-Disposable-Vape-Pen-Kit-Wholesale-300x300.webp",300,300,true],"medium_large":["https:\/\/vapestornado.com\/wp-content\/uploads\/2025\/04\/Elf-Bar-600-Disposable-Vape-Pen-Kit-Wholesale-768x768.webp",768,768,true],"large":["https:\/\/vapestornado.com\/wp-content\/uploads\/2025\/04\/Elf-Bar-600-Disposable-Vape-Pen-Kit-Wholesale.webp",800,800,false],"1536x1536":["https:\/\/vapestornado.com\/wp-content\/uploads\/2025\/04\/Elf-Bar-600-Disposable-Vape-Pen-Kit-Wholesale.webp",800,800,false],"2048x2048":["https:\/\/vapestornado.com\/wp-content\/uploads\/2025\/04\/Elf-Bar-600-Disposable-Vape-Pen-Kit-Wholesale.webp",800,800,false],"trp-custom-language-flag":["https:\/\/vapestornado.com\/wp-content\/uploads\/2025\/04\/Elf-Bar-600-Disposable-Vape-Pen-Kit-Wholesale.webp",12,12,false],"woocommerce_thumbnail":["https:\/\/vapestornado.com\/wp-content\/uploads\/2025\/04\/Elf-Bar-600-Disposable-Vape-Pen-Kit-Wholesale-300x300.webp",300,300,true],"woocommerce_single":["https:\/\/vapestornado.com\/wp-content\/uploads\/2025\/04\/Elf-Bar-600-Disposable-Vape-Pen-Kit-Wholesale-600x600.webp",600,600,true],"woocommerce_gallery_thumbnail":["https:\/\/vapestornado.com\/wp-content\/uploads\/2025\/04\/Elf-Bar-600-Disposable-Vape-Pen-Kit-Wholesale-100x100.webp",100,100,true]},"uagb_author_info":{"display_name":"ESAMY","author_link":"https:\/\/vapestornado.com\/hr\/author\/"},"uagb_comment_info":0,"uagb_excerpt":"Elf Box Crystal Bar 600 Puffs Disposable Vapes, is a\u00a0sleek crystal vape delivering 600 smooth puffs with a 1.6\u03a9 coil, 2ml e-liquid capacity, and 0\u20135% nicotine options \u2014 simple, satisfying, and ideal for daily carry. Add Amy's whatsapp to get right reply and discount price! WhatsApp: +86 17776015835 &nbsp;","_links":{"self":[{"href":"https:\/\/vapestornado.com\/hr\/wp-json\/wp\/v2\/product\/4088","targetHints":{"allow":["GET"]}}],"collection":[{"href":"https:\/\/vapestornado.com\/hr\/wp-json\/wp\/v2\/product"}],"about":[{"href":"https:\/\/vapestornado.com\/hr\/wp-json\/wp\/v2\/types\/product"}],"replies":[{"embeddable":true,"href":"https:\/\/vapestornado.com\/hr\/wp-json\/wp\/v2\/comments?post=4088"}],"wp:featuredmedia":[{"embeddable":true,"href":"https:\/\/vapestornado.com\/hr\/wp-json\/wp\/v2\/media\/4075"}],"wp:attachment":[{"href":"https:\/\/vapestornado.com\/hr\/wp-json\/wp\/v2\/media?parent=4088"}],"wp:term":[{"taxonomy":"product_brand","embeddable":true,"href":"https:\/\/vapestornado.com\/hr\/wp-json\/wp\/v2\/product_brand?post=4088"},{"taxonomy":"product_cat","embeddable":true,"href":"https:\/\/vapestornado.com\/hr\/wp-json\/wp\/v2\/product_cat?post=4088"},{"taxonomy":"product_tag","embeddable":true,"href":"https:\/\/vapestornado.com\/hr\/wp-json\/wp\/v2\/product_tag?post=4088"}],"curies":[{"name":"wp","href":"https:\/\/api.w.org\/{rel}","templated":true}]}}