{"id":4068,"date":"2025-04-06T09:32:07","date_gmt":"2025-04-06T09:32:07","guid":{"rendered":"https:\/\/vapestornado.com\/?post_type=product&#038;p=4068"},"modified":"2025-08-23T12:31:59","modified_gmt":"2025-08-23T12:31:59","slug":"alfakh-crown-bar-20000-puffs-disposable-shisha-hookah-wholesale-vape-pen","status":"publish","type":"product","link":"https:\/\/vapestornado.com\/hr\/product\/alfakh-crown-bar-20000-puffs-disposable-shisha-hookah-wholesale-vape-pen\/","title":{"rendered":"Alfakh Crown Bar 20000 Puffs Jednokratna shisha nargila Veleprodaja Vape Pen"},"content":{"rendered":"<h1 data-pm-slice=\"1 1 []\">Alfakh Crown Bar 20000 Puffs Jednokratna shisha nargila Veleprodaja Vape Pen<\/h1>\n<p class=\"\" data-start=\"101\" data-end=\"572\">Ovo <strong data-start=\"271\" data-end=\"337\">Alfakh Crown Bar 20000 Puffs Jednokratna Shisha Hookah Vape Olovka<\/strong> spaja tradicionalne shisha vibracije s naprednom tehnologijom vapinga, nude\u0107i autenti\u010dno iskustvo u stilu nargile u modernom, prijenosnom formatu. S do <strong data-start=\"490\" data-end=\"506\">20.000 puffova<\/strong> pokre\u0107e sna\u017ena <strong data-start=\"527\" data-end=\"558\">Punjiva baterija od 950 mAh<\/strong> i <strong data-start=\"563\" data-end=\"587\">Type-C brzo punjenje<\/strong>, ovaj ure\u0111aj jam\u010di produljeni u\u017eitak.<\/p>\n<p>Njegova <strong data-start=\"645\" data-end=\"674\">podesivi sustav protoka zraka<\/strong> omogu\u0107uje vam prebacivanje izme\u0111u glatkih shisha povla\u010denja ili gustih oblaka, dok <strong data-start=\"751\" data-end=\"777\">digitalni zaslon<\/strong> vas obavje\u0161tava o trajanju baterije i razinama e-teku\u0107ine. Prethodno napunjen s <strong data-start=\"850\" data-end=\"878\">30 ml vrhunske e-teku\u0107ine<\/strong> i dostupan u ja\u010dinama nikotina od <strong data-start=\"896\" data-end=\"937\">0%, 2%, 3% i 5% ja\u010dinama nikotina<\/strong>, udovoljava svim preferencijama vapinga.<\/p>\n<p>Sadr\u017ei <strong data-start=\"997\" data-end=\"1010\">mre\u017easta zavojnica<\/strong> za dosljedan, bogat okus i <strong data-start=\"1043\" data-end=\"1069\">12 podebljanih opcija okusa<\/strong>, Alfakh Crown Bar 20K idealan je izbor za trgovce i distributere koji tra\u017ee pouzdane veleprodajne vape olovke s velikom potra\u017enjom.<\/p>\n<p data-start=\"666\" data-end=\"1235\"><strong style=\"font-size: 16px;\"><span style=\"color: #ff0000;\">Dodajte Amy na WhatsApp za brzi odgovor i popust!<\/span><\/strong><\/p>\n<p><img fetchpriority=\"high\" decoding=\"async\" class=\"size-full wp-image-2932\" src=\"https:\/\/vapestornado.com\/wp-content\/uploads\/2024\/12\/Vape-Wholesale.jpg\" alt=\"Veleprodaja vejpova\" width=\"229\" height=\"300\" \/><\/p>\n<h3><a href=\"https:\/\/wa.me\/8617776015835\" target=\"_blank\" rel=\"noopener\"><span style=\"color: #ff0000;\"><strong>WhatsApp: +86 17776015835<\/strong><\/span><\/a><\/h3>\n<p>&nbsp;<\/p>\n<h2><strong>Alfakh Crown Bar 20000 klju\u010dne zna\u010dajke proizvoda<\/strong><\/h2>\n<p>Model: Alfakh Crown Bar 20000<br \/>\n12 okusa za va\u0161 odabir.<br \/>\nKapacitet teku\u0107ine: 30ml<br \/>\nKapacitet baterije: 950mAh, punjivo Type-C<br \/>\nZavojnica: Mesh Coil 0.6ohm<br \/>\nUdisaji: 20000<br \/>\nNikotinska sol: 0%,2%,3%,5%<\/p>\n<figure id=\"attachment_4057\" aria-describedby=\"caption-attachment-4057\" style=\"width: 800px\" class=\"wp-caption alignnone\"><img decoding=\"async\" class=\"wp-image-4057 size-full\" src=\"https:\/\/vapestornado.com\/wp-content\/uploads\/2025\/04\/Al-Fakh-Crown-Bar-Disposable-Shisha.webp\" alt=\"Al Fakh Crown Bar jednokratna \u0161i\u0161a\" width=\"800\" height=\"800\" srcset=\"https:\/\/vapestornado.com\/wp-content\/uploads\/2025\/04\/Al-Fakh-Crown-Bar-Disposable-Shisha.webp 800w, https:\/\/vapestornado.com\/wp-content\/uploads\/2025\/04\/Al-Fakh-Crown-Bar-Disposable-Shisha-300x300.webp 300w, https:\/\/vapestornado.com\/wp-content\/uploads\/2025\/04\/Al-Fakh-Crown-Bar-Disposable-Shisha-150x150.webp 150w, https:\/\/vapestornado.com\/wp-content\/uploads\/2025\/04\/Al-Fakh-Crown-Bar-Disposable-Shisha-768x768.webp 768w, https:\/\/vapestornado.com\/wp-content\/uploads\/2025\/04\/Al-Fakh-Crown-Bar-Disposable-Shisha-600x600.webp 600w, https:\/\/vapestornado.com\/wp-content\/uploads\/2025\/04\/Al-Fakh-Crown-Bar-Disposable-Shisha-100x100.webp 100w\" sizes=\"(max-width: 800px) 100vw, 800px\" \/><figcaption id=\"caption-attachment-4057\" class=\"wp-caption-text\">Al Fakh Crown Bar jednokratna \u0161i\u0161a<\/figcaption><\/figure>\n<h2 class=\"product-title\"><strong>Alfakher Crown Bar 20000 Popis okusa jednokratnih bara<\/strong><\/h2>\n<article class=\"w-full text-token-text-primary focus-visible:outline-2 focus-visible:outline-offset-[-4px]\" dir=\"auto\" data-testid=\"conversation-turn-32\" data-scroll-anchor=\"false\">\n<div class=\"m-auto text-base py-[18px] px-6\">\n<div class=\"mx-auto flex flex-1 text-base gap-4 md:gap-5 lg:gap-6 md:max-w-3xl lg:max-w-[40rem] xl:max-w-[48rem]\">\n<div class=\"group\/conversation-turn relative flex w-full min-w-0 flex-col @xs\/thread:px-0 @sm\/thread:px-1.5 @md\/thread:px-4\">\n<div class=\"flex-col gap-1 md:gap-3\">\n<div class=\"flex max-w-full flex-col flex-grow\">\n<div class=\"min-h-8 text-message flex w-full flex-col items-end gap-2 whitespace-normal break-words text-start [.text-message+&amp;]:mt-5\" dir=\"auto\" data-message-author-role=\"user\" data-message-id=\"ffac41ca-1db4-431b-873a-32c4052956f1\">\n<div class=\"flex w-full flex-col gap-1 empty:hidden items-end rtl:items-start\">\n<div class=\"relative max-w-[var(--user-chat-width,70%)] rounded-3xl bg-token-message-surface px-5 py-2.5\">\n<div class=\"absolute bottom-0 right-full top-0 -mr-3.5 hidden pr-5 pt-2 [.group\/conversation-turn:hover_&amp;]:flex\">\n<div class=\"flex\">\n<article class=\"w-full text-token-text-primary focus-visible:outline-2 focus-visible:outline-offset-[-4px]\" dir=\"auto\" data-testid=\"conversation-turn-39\" data-scroll-anchor=\"true\">\n<div class=\"m-auto text-base py-[18px] px-6\">\n<div class=\"mx-auto flex flex-1 text-base gap-4 md:gap-5 lg:gap-6 md:max-w-3xl lg:max-w-[40rem] xl:max-w-[48rem]\">\n<div class=\"group\/conversation-turn relative flex w-full min-w-0 flex-col agent-turn @xs\/thread:px-0 @sm\/thread:px-1.5 @md\/thread:px-4\">\n<div class=\"flex-col gap-1 md:gap-3\">\n<div class=\"flex max-w-full flex-col flex-grow\">\n<div class=\"min-h-8 text-message flex w-full flex-col items-end gap-2 whitespace-normal break-words text-start [.text-message+&amp;]:mt-5\" dir=\"auto\" data-message-author-role=\"assistant\" data-message-id=\"55a23854-ec57-48dd-bd4f-6118f43d6241\" data-message-model-slug=\"gpt-4o\">\n<div class=\"flex w-full flex-col gap-1 empty:hidden first:pt-[3px]\">\n<div class=\"markdown prose w-full break-words dark:prose-invert light\">\n<p>1. Bogata ledena<br \/>\n2. Bobi\u010dasta ledena<br \/>\n3. Borovnica guma<br \/>\n4. Vi\u0161nja fiesta<br \/>\n5. Udarac gro\u017e\u0111a<br \/>\n6. Jagoda lubenica<br \/>\n7. Zamrzavanje manga<br \/>\n8. Udarac jagode<br \/>\n9. Mango ananas<br \/>\n10. Borovnica malina<br \/>\n11. Dvije jabuke<br \/>\n12. Love 66<\/p>\n<\/div>\n<\/div>\n<\/div>\n<\/div>\n<\/div>\n<\/div>\n<\/div>\n<\/div>\n<\/article>\n<\/div>\n<\/div>\n<\/div>\n<\/div>\n<\/div>\n<\/div>\n<\/div>\n<\/div>\n<\/div>\n<\/div>\n<\/article>\n<h2>Za\u0161to odabrati Vapestornado za kupnju Alfakh Crown Bar 20000 Puff?<\/h2>\n<div class=\"flex-shrink-0 flex flex-col relative items-end\">\n<div class=\"pt-0\">\n<div class=\"gizmo-bot-avatar flex h-8 w-8 items-center justify-center overflow-hidden rounded-full\">\n<div class=\"relative p-1 rounded-sm flex items-center justify-center bg-token-main-surface-primary text-token-text-primary h-8 w-8\">\n<p>At\u00a0<strong>VapeTornado<\/strong>, ponosimo se isporukom\u00a0<strong>vrhunskih proizvoda za vaping po nenadma\u0161nim cijenama<\/strong>\u2014a Alfakh Crown Bar 20000 nije iznimka! Evo za\u0161to biste trebali kupiti od nas:<\/p>\n<p><strong>Najbolje veleprodajne cijene<\/strong>\u00a0\u2013 Nudimo\u00a0<strong>konkurentne cijene za velike koli\u010dine<\/strong><span style=\"font-size: 16px;\">, \u0161to nas \u010dini najboljim izborom za preprodava\u010de i vape trgovine.<\/span><\/p>\n<p><strong>Brzo<\/strong>\u00a0\u2013 Neka va\u0161a narud\u017eba bude isporu\u010dena\u00a0<strong>brzo i sigurno<\/strong>, s mogu\u0107nostima slanja diljem svijeta.<br \/>\n<strong>100% Autenti\u010dni proizvodi<\/strong>\u00a0\u2013 Bez imitacija\u2014samo\u00a0<strong>originalni WASPE Triple jednokratni ure\u0111aji<\/strong>\u00a0s provjerenom kvalitetom.<br \/>\n<strong>Izvrsna korisni\u010dka podr\u0161ka<\/strong>\u00a0\u2013 Imate pitanja? Na\u0161i\u00a0<strong>stru\u010dnjaci za vape<\/strong> su vam spremni pomo\u0107i 24\/7.<\/p>\n<p data-start=\"559\" data-end=\"933\" data-is-last-node=\"\" data-is-only-node=\"\">Tako\u0111er imamo i druge popularne vapeove sa zaslonom kao \u0161to su <a href=\"https:\/\/vapestornado.com\/hr\/product\/vapme-goat-40000-puff-40k-hookah-shisha-pen-price-wholesale-e-cigarette\/\">Vapme Goat 40000 nargila<\/a>, <a href=\"https:\/\/vapestornado.com\/hr\/product\/waspe-aiviou-3-in-1-60000-puffs-disposable-vape-kit-best-price\/\">WASPE 60000 3 u 1<\/a>, <a href=\"https:\/\/vapestornado.com\/hr\/product\/bang-king-30000-pro-puff-30k-disposable-device-wholesale-price\/\">Bang King Pro 30000<\/a>, i vi\u0161e.<\/p>\n<\/div>\n<div class=\"relative p-1 rounded-sm flex items-center justify-center bg-token-main-surface-primary text-token-text-primary h-8 w-8\">\n<h2>\u010cesta pitanja za Crown Bar 20000<\/h2>\n<ol data-start=\"1081\" data-end=\"1935\">\n<li class=\"\" data-start=\"1081\" data-end=\"1330\">\n<p class=\"\" data-start=\"1084\" data-end=\"1330\"><strong data-start=\"1084\" data-end=\"1163\">Kako se Alfakh Crown Bar 20000 uspore\u0111uje s tradicionalnom shisha nargilom?<\/strong><br data-start=\"1163\" data-end=\"1166\" \/>Ovaj vape je dizajniran da <strong data-start=\"1194\" data-end=\"1255\">opona\u0161a glatko\u0107u i bogatstvo tradicionalne shishe<\/strong> dok je prenosiv, <strong data-start=\"1278\" data-end=\"1294\">punjiva<\/strong>i <strong data-start=\"1300\" data-end=\"1327\">prikladno jednokratan<\/strong>.<\/p>\n<\/li>\n<li class=\"\" data-start=\"1332\" data-end=\"1514\">\n<p class=\"\" data-start=\"1335\" data-end=\"1514\"><strong data-start=\"1335\" data-end=\"1381\">Mogu li napuniti Alfakh Crown Bar 20000?<\/strong><br data-start=\"1381\" data-end=\"1384\" \/>Da! Sadr\u017ei <strong data-start=\"1406\" data-end=\"1430\">Type-C priklju\u010dak za punjenje<\/strong>, omogu\u0107uju\u0107i <strong data-start=\"1445\" data-end=\"1478\">brzo i u\u010dinkovito punjenje<\/strong> tako da mo\u017eete u\u017eivati u svakom zadnjem dimu.<\/p>\n<\/li>\n<li class=\"\" data-start=\"1516\" data-end=\"1717\">\n<p class=\"\" data-start=\"1519\" data-end=\"1717\"><strong data-start=\"1519\" data-end=\"1566\">Kako mogu podesiti protok zraka na ovom ure\u0111aju?<\/strong><br data-start=\"1566\" data-end=\"1569\" \/>Ovo <strong data-start=\"1576\" data-end=\"1605\">podesivi sustav protoka zraka<\/strong> omogu\u0107uje vam kontrolu udaha, \u010dine\u0107i ga <strong data-start=\"1645\" data-end=\"1682\">\u010dvr\u0161\u0107im poput tradicionalne shishe<\/strong> or <strong data-start=\"1686\" data-end=\"1714\">labavijim za ve\u0107e oblake<\/strong>.<\/p>\n<\/li>\n<li class=\"\" data-start=\"1719\" data-end=\"1935\">\n<p class=\"\" data-start=\"1722\" data-end=\"1935\"><strong data-start=\"1722\" data-end=\"1786\">Kako znam kada se moj Alfakh Crown Bar 20000 prazni?<\/strong><br data-start=\"1786\" data-end=\"1789\" \/>Ovo <strong data-start=\"1796\" data-end=\"1822\">digitalni zaslon<\/strong> prikazuje <strong data-start=\"1829\" data-end=\"1860\">razine baterije i e-teku\u0107ine<\/strong>, tako da \u0107ete uvijek znati kada je vrijeme za punjenje ili zamjenu ure\u0111aja.<\/p>\n<\/li>\n<\/ol>\n<\/div>\n<\/div>\n<\/div>\n<\/div>","protected":false},"excerpt":{"rendered":"<p class=\"LC20lb MBeuO DKV0Md\">Alfakh Crown Bar 20000 Jednokratni vape po povoljnoj cijeni<br \/>\nAl Fakher Crown Bar 20000 Jednokratni komplet za nargilu Veleprodaja<br \/>\nDigitalni jednokratni shisha bar Alfakh Crown Bar 20000 Izravna tvorni\u010dka prodaja<\/p>\n<p><strong>Dodajte Amy na WhatsApp za brzi odgovor i popust!<\/strong><\/p>\n<p><img fetchpriority=\"high\" decoding=\"async\" class=\"size-full wp-image-2932\" src=\"https:\/\/vapestornado.com\/wp-content\/uploads\/2024\/12\/Vape-Wholesale.jpg\" alt=\"Veleprodaja vejpova\" width=\"229\" height=\"300\" \/><\/p>\n<h3><a href=\"https:\/\/wa.me\/8617776015835\"><span style=\"color: #ff0000;\"><strong>WhatsApp: +86 17776015835<\/strong><\/span><\/a><\/h3>\n<p>&nbsp;<\/p>","protected":false},"featured_media":4061,"comment_status":"open","ping_status":"closed","template":"","meta":{"_acf_changed":false,"_uag_custom_page_level_css":"","_lmt_disableupdate":"no","_lmt_disable":"","_monsterinsights_skip_tracking":false,"_monsterinsights_sitenote_active":false,"_monsterinsights_sitenote_note":"","_monsterinsights_sitenote_category":0,"site-sidebar-layout":"default","site-content-layout":"","ast-site-content-layout":"default","site-content-style":"default","site-sidebar-style":"default","ast-global-header-display":"","ast-banner-title-visibility":"","ast-main-header-display":"","ast-hfb-above-header-display":"","ast-hfb-below-header-display":"","ast-hfb-mobile-header-display":"","site-post-title":"","ast-breadcrumbs-content":"","ast-featured-img":"","footer-sml-layout":"","ast-disable-related-posts":"","theme-transparent-header-meta":"default","adv-header-id-meta":"","stick-header-meta":"","header-above-stick-meta":"","header-main-stick-meta":"","header-below-stick-meta":"","astra-migrate-meta-layouts":"set","ast-page-background-enabled":"default","ast-page-background-meta":{"desktop":{"background-color":"","background-image":"","background-repeat":"repeat","background-position":"center center","background-size":"auto","background-attachment":"scroll","background-type":"","background-media":"","overlay-type":"","overlay-color":"","overlay-opacity":"","overlay-gradient":""},"tablet":{"background-color":"","background-image":"","background-repeat":"repeat","background-position":"center center","background-size":"auto","background-attachment":"scroll","background-type":"","background-media":"","overlay-type":"","overlay-color":"","overlay-opacity":"","overlay-gradient":""},"mobile":{"background-color":"","background-image":"","background-repeat":"repeat","background-position":"center center","background-size":"auto","background-attachment":"scroll","background-type":"","background-media":"","overlay-type":"","overlay-color":"","overlay-opacity":"","overlay-gradient":""}},"ast-content-background-meta":{"desktop":{"background-color":"var(--ast-global-color-5)","background-image":"","background-repeat":"repeat","background-position":"center center","background-size":"auto","background-attachment":"scroll","background-type":"","background-media":"","overlay-type":"","overlay-color":"","overlay-opacity":"","overlay-gradient":""},"tablet":{"background-color":"var(--ast-global-color-5)","background-image":"","background-repeat":"repeat","background-position":"center center","background-size":"auto","background-attachment":"scroll","background-type":"","background-media":"","overlay-type":"","overlay-color":"","overlay-opacity":"","overlay-gradient":""},"mobile":{"background-color":"var(--ast-global-color-5)","background-image":"","background-repeat":"repeat","background-position":"center center","background-size":"auto","background-attachment":"scroll","background-type":"","background-media":"","overlay-type":"","overlay-color":"","overlay-opacity":"","overlay-gradient":""}},"_joinchat":{"telephone":"17776015835"}},"product_brand":[],"product_cat":[69,158,147,61],"product_tag":[317,318,105,316,313],"class_list":{"0":"post-4068","1":"product","2":"type-product","3":"status-publish","4":"has-post-thumbnail","6":"product_cat-20000-puff","7":"product_cat-buy-disposable-vapes-in-spain","8":"product_cat-shisha-hookah-disposable-vapes","9":"product_cat-vapme-shisha","10":"product_tag-al-fakher-crown-bar","11":"product_tag-alfakher-crown-bar-20000","12":"product_tag-digital-disposable-vape","13":"product_tag-disposable-shisha-bar","14":"product_tag-vape-with-digital-screen","15":"desktop-align-left","16":"tablet-align-left","17":"mobile-align-left","19":"first","20":"instock","21":"sale","22":"shipping-taxable","23":"purchasable","24":"product-type-simple"},"acf":[],"uagb_featured_image_src":{"full":["https:\/\/vapestornado.com\/wp-content\/uploads\/2025\/04\/AlFakher-Crown-Bar-20000-Puffs-Airflow-Control-Vape.webp",800,800,false],"thumbnail":["https:\/\/vapestornado.com\/wp-content\/uploads\/2025\/04\/AlFakher-Crown-Bar-20000-Puffs-Airflow-Control-Vape-150x150.webp",150,150,true],"medium":["https:\/\/vapestornado.com\/wp-content\/uploads\/2025\/04\/AlFakher-Crown-Bar-20000-Puffs-Airflow-Control-Vape-300x300.webp",300,300,true],"medium_large":["https:\/\/vapestornado.com\/wp-content\/uploads\/2025\/04\/AlFakher-Crown-Bar-20000-Puffs-Airflow-Control-Vape-768x768.webp",768,768,true],"large":["https:\/\/vapestornado.com\/wp-content\/uploads\/2025\/04\/AlFakher-Crown-Bar-20000-Puffs-Airflow-Control-Vape.webp",800,800,false],"1536x1536":["https:\/\/vapestornado.com\/wp-content\/uploads\/2025\/04\/AlFakher-Crown-Bar-20000-Puffs-Airflow-Control-Vape.webp",800,800,false],"2048x2048":["https:\/\/vapestornado.com\/wp-content\/uploads\/2025\/04\/AlFakher-Crown-Bar-20000-Puffs-Airflow-Control-Vape.webp",800,800,false],"trp-custom-language-flag":["https:\/\/vapestornado.com\/wp-content\/uploads\/2025\/04\/AlFakher-Crown-Bar-20000-Puffs-Airflow-Control-Vape.webp",12,12,false],"woocommerce_thumbnail":["https:\/\/vapestornado.com\/wp-content\/uploads\/2025\/04\/AlFakher-Crown-Bar-20000-Puffs-Airflow-Control-Vape-300x300.webp",300,300,true],"woocommerce_single":["https:\/\/vapestornado.com\/wp-content\/uploads\/2025\/04\/AlFakher-Crown-Bar-20000-Puffs-Airflow-Control-Vape-600x600.webp",600,600,true],"woocommerce_gallery_thumbnail":["https:\/\/vapestornado.com\/wp-content\/uploads\/2025\/04\/AlFakher-Crown-Bar-20000-Puffs-Airflow-Control-Vape-100x100.webp",100,100,true]},"uagb_author_info":{"display_name":"ESAMY","author_link":"https:\/\/vapestornado.com\/hr\/author\/"},"uagb_comment_info":0,"uagb_excerpt":"Alfakh Crown Bar 20000 Disposable Vape Bar Cheap Price Al Fakher Crown Bar 20000 Disposable Hookah Kit Wholesale Digital Disposables Shisha Bar Alfakh Crown Bar 20000 Factory Direct Sale Add Amy's whatsapp to get right reply and discount price! WhatsApp: +86 17776015835 &nbsp;","_links":{"self":[{"href":"https:\/\/vapestornado.com\/hr\/wp-json\/wp\/v2\/product\/4068","targetHints":{"allow":["GET"]}}],"collection":[{"href":"https:\/\/vapestornado.com\/hr\/wp-json\/wp\/v2\/product"}],"about":[{"href":"https:\/\/vapestornado.com\/hr\/wp-json\/wp\/v2\/types\/product"}],"replies":[{"embeddable":true,"href":"https:\/\/vapestornado.com\/hr\/wp-json\/wp\/v2\/comments?post=4068"}],"wp:featuredmedia":[{"embeddable":true,"href":"https:\/\/vapestornado.com\/hr\/wp-json\/wp\/v2\/media\/4061"}],"wp:attachment":[{"href":"https:\/\/vapestornado.com\/hr\/wp-json\/wp\/v2\/media?parent=4068"}],"wp:term":[{"taxonomy":"product_brand","embeddable":true,"href":"https:\/\/vapestornado.com\/hr\/wp-json\/wp\/v2\/product_brand?post=4068"},{"taxonomy":"product_cat","embeddable":true,"href":"https:\/\/vapestornado.com\/hr\/wp-json\/wp\/v2\/product_cat?post=4068"},{"taxonomy":"product_tag","embeddable":true,"href":"https:\/\/vapestornado.com\/hr\/wp-json\/wp\/v2\/product_tag?post=4068"}],"curies":[{"name":"wp","href":"https:\/\/api.w.org\/{rel}","templated":true}]}}