{"id":4067,"date":"2025-04-04T09:13:16","date_gmt":"2025-04-04T09:13:16","guid":{"rendered":"https:\/\/vapestornado.com\/?post_type=product&#038;p=4067"},"modified":"2025-08-23T12:29:51","modified_gmt":"2025-08-23T12:29:51","slug":"bang-king-vape-36000-puff-dual-vaping-mode-disposables-pod-best-price","status":"publish","type":"product","link":"https:\/\/vapestornado.com\/hr\/product\/bang-king-vape-36000-puff-dual-vaping-mode-disposables-pod-best-price\/","title":{"rendered":"Bang King Vape 36000 Puff jednokratni podovi s dvostrukim na\u010dinom vapinga, najbolja cijena"},"content":{"rendered":"<h1 data-pm-slice=\"1 1 []\">Bang King Vape 36000 Puff jednokratni podovi s dvostrukim na\u010dinom vapinga, najbolja cijena<\/h1>\n<p class=\"\" data-start=\"100\" data-end=\"629\">Ovo <strong data-start=\"104\" data-end=\"128\">Bang King Vape 36000<\/strong> je dizajniran za vapere koji zahtijevaju svestranost i performanse. Sadr\u017ei <strong data-start=\"202\" data-end=\"223\">dvostruke na\u010dine vapinga<\/strong>, mo\u017eete se prebacivati izme\u0111u <strong data-start=\"248\" data-end=\"279\">Eco na\u010dina za produljene udisaje<\/strong> i <strong data-start=\"284\" data-end=\"316\">Power na\u010dina za ve\u0107e oblake<\/strong>\u2014daju\u0107i vam potpunu kontrolu nad va\u0161im iskustvom vapinga. The <strong data-start=\"378\" data-end=\"411\">dvostruki zaslon digitalnog prikaza<\/strong> osigurava da ste uvijek svjesni svog <strong data-start=\"448\" data-end=\"484\">trajanja baterije i razine e-teku\u0107ine<\/strong>, eliminiraju\u0107i sva iznena\u0111enja. Plus, the <strong data-start=\"523\" data-end=\"552\">podesivi sustav protoka zraka<\/strong> omogu\u0107uje vam da prilagodite svoj udisaj, od glatkog povla\u010denja do sna\u017enijeg udarca.<\/p>\n<p class=\"\" data-start=\"631\" data-end=\"1085\">Pokre\u0107e ga <strong data-start=\"644\" data-end=\"675\">650mAh punjiva baterija<\/strong> i opremljen s <strong data-start=\"696\" data-end=\"714\">dvostrukom mre\u017eastom zavojnicom<\/strong>, ovaj vape pru\u017ea <strong data-start=\"735\" data-end=\"778\">izniman okus i proizvodnja pare<\/strong>. S <strong data-start=\"785\" data-end=\"805\">30 ml e-teku\u0107ine<\/strong> i <strong data-start=\"810\" data-end=\"831\">do 36000 udisaja<\/strong>, osigurava <strong data-start=\"844\" data-end=\"870\">dugotrajno u\u017eivanje<\/strong> bez \u010destih zamjena. Dostupan u <strong data-start=\"915\" data-end=\"934\">12 odva\u017enih okusa<\/strong>, onda je <strong data-start=\"940\" data-end=\"964\">Bang King Vape 36000<\/strong> kombinira <strong data-start=\"974\" data-end=\"1032\">moderan dizajn, vrhunski okus i vrhunske performanse<\/strong>, \u0161to ga \u010dini neizostavnim za ljubitelje jednokratnih vape ure\u0111aja.<\/p>\n<p data-start=\"666\" data-end=\"1235\"><strong style=\"font-size: 16px;\"><span style=\"color: #ff0000;\">Dodajte Amy na WhatsApp za brzi odgovor i popust!<\/span><\/strong><\/p>\n<p><img fetchpriority=\"high\" decoding=\"async\" class=\"size-full wp-image-2932\" src=\"https:\/\/vapestornado.com\/wp-content\/uploads\/2024\/12\/Vape-Wholesale.jpg\" alt=\"Veleprodaja vejpova\" width=\"229\" height=\"300\" \/><\/p>\n<h3><a href=\"https:\/\/wa.me\/8617776015835\" target=\"_blank\" rel=\"noopener\"><span style=\"color: #ff0000;\"><strong>WhatsApp: +86 17776015835<\/strong><\/span><\/a><\/h3>\n<p>&nbsp;<\/p>\n<h2><strong>Bang King Vape 36000 Puff Klju\u010dne zna\u010dajke proizvoda<\/strong><\/h2>\n<p>Marka: Bang King<br \/>\nModel: Bang King 36000<br \/>\nUdisaji: 36000<br \/>\nNikotin: 0% 2% 3% 5%<br \/>\nKapacitet: 30 ml<br \/>\nDostupno 12 okusa<br \/>\n0.6ohm Dvostruka mre\u017easta zavojnica<br \/>\nBaterija: 650mah, Type-C punjiva<br \/>\nDvostruki zaslon: kapacitet baterije\/kapacitet e-teku\u0107ine<br \/>\nPingerprint zaklju\u010danog zaslona<br \/>\nDvostruki na\u010din rada<br \/>\nZra\u010dni protok na dodir<\/p>\n<figure id=\"attachment_4062\" aria-describedby=\"caption-attachment-4062\" style=\"width: 800px\" class=\"wp-caption alignnone\"><img decoding=\"async\" class=\"wp-image-4062 size-full\" src=\"https:\/\/vapestornado.com\/wp-content\/uploads\/2025\/04\/Bang-36000-Disposable-Vape-with-Screen.webp\" alt=\"Bang 36000 jednokratni vape s zaslonom\" width=\"800\" height=\"800\" srcset=\"https:\/\/vapestornado.com\/wp-content\/uploads\/2025\/04\/Bang-36000-Disposable-Vape-with-Screen.webp 800w, https:\/\/vapestornado.com\/wp-content\/uploads\/2025\/04\/Bang-36000-Disposable-Vape-with-Screen-300x300.webp 300w, https:\/\/vapestornado.com\/wp-content\/uploads\/2025\/04\/Bang-36000-Disposable-Vape-with-Screen-150x150.webp 150w, https:\/\/vapestornado.com\/wp-content\/uploads\/2025\/04\/Bang-36000-Disposable-Vape-with-Screen-768x768.webp 768w, https:\/\/vapestornado.com\/wp-content\/uploads\/2025\/04\/Bang-36000-Disposable-Vape-with-Screen-600x600.webp 600w, https:\/\/vapestornado.com\/wp-content\/uploads\/2025\/04\/Bang-36000-Disposable-Vape-with-Screen-100x100.webp 100w\" sizes=\"(max-width: 800px) 100vw, 800px\" \/><figcaption id=\"caption-attachment-4062\" class=\"wp-caption-text\">Bang 36000 jednokratni vape s zaslonom<\/figcaption><\/figure>\n<h2 class=\"product-title\"><strong>Bang King 36000 Puff jednokratni okusi - popis<\/strong><\/h2>\n<article class=\"w-full text-token-text-primary focus-visible:outline-2 focus-visible:outline-offset-[-4px]\" dir=\"auto\" data-testid=\"conversation-turn-32\" data-scroll-anchor=\"false\">\n<div class=\"m-auto text-base py-[18px] px-6\">\n<div class=\"mx-auto flex flex-1 text-base gap-4 md:gap-5 lg:gap-6 md:max-w-3xl lg:max-w-[40rem] xl:max-w-[48rem]\">\n<div class=\"group\/conversation-turn relative flex w-full min-w-0 flex-col @xs\/thread:px-0 @sm\/thread:px-1.5 @md\/thread:px-4\">\n<div class=\"flex-col gap-1 md:gap-3\">\n<div class=\"flex max-w-full flex-col flex-grow\">\n<div class=\"min-h-8 text-message flex w-full flex-col items-end gap-2 whitespace-normal break-words text-start [.text-message+&amp;]:mt-5\" dir=\"auto\" data-message-author-role=\"user\" data-message-id=\"ffac41ca-1db4-431b-873a-32c4052956f1\">\n<div class=\"flex w-full flex-col gap-1 empty:hidden items-end rtl:items-start\">\n<div class=\"relative max-w-[var(--user-chat-width,70%)] rounded-3xl bg-token-message-surface px-5 py-2.5\">\n<div class=\"absolute bottom-0 right-full top-0 -mr-3.5 hidden pr-5 pt-2 [.group\/conversation-turn:hover_&amp;]:flex\">\n<div class=\"flex\">\n<article class=\"w-full text-token-text-primary focus-visible:outline-2 focus-visible:outline-offset-[-4px]\" dir=\"auto\" data-testid=\"conversation-turn-39\" data-scroll-anchor=\"true\">\n<div class=\"m-auto text-base py-[18px] px-6\">\n<div class=\"mx-auto flex flex-1 text-base gap-4 md:gap-5 lg:gap-6 md:max-w-3xl lg:max-w-[40rem] xl:max-w-[48rem]\">\n<div class=\"group\/conversation-turn relative flex w-full min-w-0 flex-col agent-turn @xs\/thread:px-0 @sm\/thread:px-1.5 @md\/thread:px-4\">\n<div class=\"flex-col gap-1 md:gap-3\">\n<div class=\"flex max-w-full flex-col flex-grow\">\n<div class=\"min-h-8 text-message flex w-full flex-col items-end gap-2 whitespace-normal break-words text-start [.text-message+&amp;]:mt-5\" dir=\"auto\" data-message-author-role=\"assistant\" data-message-id=\"55a23854-ec57-48dd-bd4f-6118f43d6241\" data-message-model-slug=\"gpt-4o\">\n<div class=\"flex w-full flex-col gap-1 empty:hidden first:pt-[3px]\">\n<div class=\"markdown prose w-full break-words dark:prose-invert light\">\n<p>1. Plavi Razz Ledena<br \/>\n2. Jagoda Lubenica<br \/>\n3. Lubenica Led<br \/>\n4. Jagoda Banana<br \/>\n5. Tropsko vo\u0107e<br \/>\n6. Trostruki bobi\u010dasti led<br \/>\n7. So\u010dni breskvin led<br \/>\n8. Jagoda kivi<br \/>\n9. Breskva Mango Lubenica<br \/>\n10. Kivi marakuja guava<br \/>\n11. Gro\u017e\u0111e jabuka<br \/>\n12. Gospodin Plavi<\/p>\n<\/div>\n<\/div>\n<\/div>\n<\/div>\n<\/div>\n<\/div>\n<\/div>\n<\/div>\n<\/article>\n<\/div>\n<\/div>\n<\/div>\n<\/div>\n<\/div>\n<\/div>\n<\/div>\n<\/div>\n<\/div>\n<\/div>\n<\/article>\n<h2>Za\u0161to odabrati Vapestornado za kupnju Bang King Vape 36000 Puff?<\/h2>\n<div class=\"flex-shrink-0 flex flex-col relative items-end\">\n<div class=\"pt-0\">\n<div class=\"gizmo-bot-avatar flex h-8 w-8 items-center justify-center overflow-hidden rounded-full\">\n<div class=\"relative p-1 rounded-sm flex items-center justify-center bg-token-main-surface-primary text-token-text-primary h-8 w-8\">\n<p>At\u00a0<strong>VapeTornado<\/strong>, ponosimo se isporukom\u00a0<strong>vrhunskih proizvoda za vaping po nenadma\u0161nim cijenama<\/strong>\u2014a Bang King Vape 36000 Puff nije iznimka! Evo za\u0161to biste trebali kupiti od nas:<\/p>\n<p><strong>Najbolje veleprodajne cijene<\/strong>\u00a0\u2013 Nudimo\u00a0<strong>konkurentne cijene za velike koli\u010dine<\/strong><span style=\"font-size: 16px;\">, \u0161to nas \u010dini najboljim izborom za preprodava\u010de i vape trgovine.<\/span><\/p>\n<p><strong>Brzo<\/strong>\u00a0\u2013 Neka va\u0161a narud\u017eba bude isporu\u010dena\u00a0<strong>brzo i sigurno<\/strong>, s mogu\u0107nostima slanja diljem svijeta.<br \/>\n<strong>100% Autenti\u010dni proizvodi<\/strong>\u00a0\u2013 Bez imitacija\u2014samo\u00a0<strong>originalni WASPE Triple jednokratni ure\u0111aji<\/strong>\u00a0s provjerenom kvalitetom.<br \/>\n<strong>Izvrsna korisni\u010dka podr\u0161ka<\/strong>\u00a0\u2013 Imate pitanja? Na\u0161i\u00a0<strong>stru\u010dnjaci za vape<\/strong> su vam spremni pomo\u0107i 24\/7.<\/p>\n<p data-start=\"559\" data-end=\"933\" data-is-last-node=\"\" data-is-only-node=\"\">Tako\u0111er imamo i druge popularne vapeove sa zaslonom kao \u0161to su <a href=\"https:\/\/vapestornado.com\/hr\/product\/vapme-goat-40000-puff-40k-hookah-shisha-pen-price-wholesale-e-cigarette\/\">Vapme Goat 40000 nargila<\/a>, <a href=\"https:\/\/vapestornado.com\/hr\/product\/waspe-aiviou-3-in-1-60000-puffs-disposable-vape-kit-best-price\/\">WASPE 60000 3 u 1<\/a>, <a href=\"https:\/\/vapestornado.com\/hr\/product\/bang-king-30000-pro-puff-30k-disposable-device-wholesale-price\/\">Bang King Pro 30000<\/a>, i vi\u0161e.<\/p>\n<\/div>\n<div class=\"relative p-1 rounded-sm flex items-center justify-center bg-token-main-surface-primary text-token-text-primary h-8 w-8\">\n<h2>\u010cESTO POSTAVLJANA PITANJA<\/h2>\n<ol data-start=\"1108\" data-end=\"2038\">\n<li class=\"\" data-start=\"1108\" data-end=\"1372\">\n<p class=\"\" data-start=\"1111\" data-end=\"1372\"><strong data-start=\"1111\" data-end=\"1178\">Kako radi dvostruki na\u010din rada za vaping na Bang King Vape 36000?<\/strong><br data-start=\"1178\" data-end=\"1181\" \/>Ure\u0111aj nudi <strong data-start=\"1202\" data-end=\"1215\">dva na\u010dina rada<\/strong>: <strong data-start=\"1217\" data-end=\"1229\">Eco na\u010din rada<\/strong> za <strong data-start=\"1234\" data-end=\"1251\">maksimalni broj udisaja<\/strong> i <strong data-start=\"1256\" data-end=\"1270\">Power na\u010din rada<\/strong> za <strong data-start=\"1275\" data-end=\"1308\">ja\u010di, intenzivniji oblaci<\/strong>. Jednostavno prebacujte izme\u0111u njih za prilago\u0111eno iskustvo vapinga.<\/p>\n<\/li>\n<li class=\"\" data-start=\"1374\" data-end=\"1614\">\n<p class=\"\" data-start=\"1377\" data-end=\"1614\"><strong data-start=\"1377\" data-end=\"1437\">Kako mogu podesiti protok zraka na Bang King Vape 36000?<\/strong><br data-start=\"1437\" data-end=\"1440\" \/>Ovo <strong data-start=\"1447\" data-end=\"1486\">sustav protoka zraka podesiv na dodir<\/strong> omogu\u0107uje vam da prilagodite svoj udah pode\u0161avanjem ulaza zraka\u2014savr\u0161eno za one koji preferiraju <strong data-start=\"1580\" data-end=\"1611\">ili \u010dvrsto ili prozra\u010dno povla\u010denje<\/strong>.<\/p>\n<\/li>\n<li class=\"\" data-start=\"1616\" data-end=\"1807\">\n<p class=\"\" data-start=\"1619\" data-end=\"1807\"><strong data-start=\"1619\" data-end=\"1663\">Mogu li napuniti Bang King Vape 36000?<\/strong><br data-start=\"1663\" data-end=\"1666\" \/>Da! Sadr\u017ei <strong data-start=\"1688\" data-end=\"1717\">Type-C priklju\u010dak za brzo punjenje<\/strong>, osiguravaju\u0107i <strong data-start=\"1728\" data-end=\"1762\">brzo i u\u010dinkovito punjenje<\/strong> tako da mo\u017eete nastaviti s vapingom bez dugog \u010dekanja.<\/p>\n<\/li>\n<li class=\"\" data-start=\"1809\" data-end=\"2038\">\n<p class=\"\" data-start=\"1812\" data-end=\"2038\"><strong data-start=\"1812\" data-end=\"1874\">Kako znam kada je moj Bang King Vape 36000 pri kraju?<\/strong><br data-start=\"1874\" data-end=\"1877\" \/>Ovo <strong data-start=\"1884\" data-end=\"1915\">dvostruki zaslon digitalnog prikaza<\/strong> prikazuje <strong data-start=\"1922\" data-end=\"1963\">razinu baterije i e-teku\u0107ine u stvarnom vremenu<\/strong>, tako da \u0107ete uvijek znati kada je vrijeme za punjenje ili zamjenu ure\u0111aja.<\/p>\n<\/li>\n<\/ol>\n<\/div>\n<\/div>\n<\/div>\n<\/div>","protected":false},"excerpt":{"rendered":"<p class=\"LC20lb MBeuO DKV0Md\">Bang 36000 36k Power Jednokratna Vape Punjiva Puff Jeftino<br \/>\nBang Puff 36k Power Jednokratna Vape Jednokratni Vape Kit Veleprodaja<br \/>\nDigitalni Jednokratni Vape Bang 36000 Tvorni\u010dka Izravna Prodaja<\/p>\n<p><strong>Dodajte Amy na WhatsApp za brzi odgovor i popust!<\/strong><\/p>\n<p><img fetchpriority=\"high\" decoding=\"async\" class=\"size-full wp-image-2932\" src=\"https:\/\/vapestornado.com\/wp-content\/uploads\/2024\/12\/Vape-Wholesale.jpg\" alt=\"Veleprodaja vejpova\" width=\"229\" height=\"300\" \/><\/p>\n<h3><a href=\"https:\/\/wa.me\/8617776015835\"><span style=\"color: #ff0000;\"><strong>WhatsApp: +86 17776015835<\/strong><\/span><\/a><\/h3>\n<p>&nbsp;<\/p>","protected":false},"featured_media":4066,"comment_status":"open","ping_status":"closed","template":"","meta":{"_acf_changed":false,"_uag_custom_page_level_css":"","_lmt_disableupdate":"no","_lmt_disable":"","_monsterinsights_skip_tracking":false,"_monsterinsights_sitenote_active":false,"_monsterinsights_sitenote_note":"","_monsterinsights_sitenote_category":0,"site-sidebar-layout":"default","site-content-layout":"","ast-site-content-layout":"default","site-content-style":"default","site-sidebar-style":"default","ast-global-header-display":"","ast-banner-title-visibility":"","ast-main-header-display":"","ast-hfb-above-header-display":"","ast-hfb-below-header-display":"","ast-hfb-mobile-header-display":"","site-post-title":"","ast-breadcrumbs-content":"","ast-featured-img":"","footer-sml-layout":"","ast-disable-related-posts":"","theme-transparent-header-meta":"default","adv-header-id-meta":"","stick-header-meta":"","header-above-stick-meta":"","header-main-stick-meta":"","header-below-stick-meta":"","astra-migrate-meta-layouts":"set","ast-page-background-enabled":"default","ast-page-background-meta":{"desktop":{"background-color":"","background-image":"","background-repeat":"repeat","background-position":"center center","background-size":"auto","background-attachment":"scroll","background-type":"","background-media":"","overlay-type":"","overlay-color":"","overlay-opacity":"","overlay-gradient":""},"tablet":{"background-color":"","background-image":"","background-repeat":"repeat","background-position":"center center","background-size":"auto","background-attachment":"scroll","background-type":"","background-media":"","overlay-type":"","overlay-color":"","overlay-opacity":"","overlay-gradient":""},"mobile":{"background-color":"","background-image":"","background-repeat":"repeat","background-position":"center center","background-size":"auto","background-attachment":"scroll","background-type":"","background-media":"","overlay-type":"","overlay-color":"","overlay-opacity":"","overlay-gradient":""}},"ast-content-background-meta":{"desktop":{"background-color":"var(--ast-global-color-5)","background-image":"","background-repeat":"repeat","background-position":"center center","background-size":"auto","background-attachment":"scroll","background-type":"","background-media":"","overlay-type":"","overlay-color":"","overlay-opacity":"","overlay-gradient":""},"tablet":{"background-color":"var(--ast-global-color-5)","background-image":"","background-repeat":"repeat","background-position":"center center","background-size":"auto","background-attachment":"scroll","background-type":"","background-media":"","overlay-type":"","overlay-color":"","overlay-opacity":"","overlay-gradient":""},"mobile":{"background-color":"var(--ast-global-color-5)","background-image":"","background-repeat":"repeat","background-position":"center center","background-size":"auto","background-attachment":"scroll","background-type":"","background-media":"","overlay-type":"","overlay-color":"","overlay-opacity":"","overlay-gradient":""}},"_joinchat":{"telephone":"17776015835"}},"product_brand":[],"product_cat":[66,63,151,158,142,146],"product_tag":[315,314,105,313],"class_list":{"0":"post-4067","1":"product","2":"type-product","3":"status-publish","4":"has-post-thumbnail","6":"product_cat-36000-puff","7":"product_cat-bangking","8":"product_cat-buy-disposable-vapes-in-france","9":"product_cat-buy-disposable-vapes-in-spain","10":"product_cat-digital-box-disposable-vapes","11":"product_cat-rechargeable-disposable-vapes","12":"product_tag-bang-king-36000","13":"product_tag-bang-king-vape","14":"product_tag-digital-disposable-vape","15":"product_tag-vape-with-digital-screen","16":"desktop-align-left","17":"tablet-align-left","18":"mobile-align-left","20":"first","21":"instock","22":"sale","23":"shipping-taxable","24":"purchasable","25":"product-type-simple"},"acf":[],"uagb_featured_image_src":{"full":["https:\/\/vapestornado.com\/wp-content\/uploads\/2025\/04\/Bang-King-Constellation-36000-Puffs-Disposable-Vape.webp",800,800,false],"thumbnail":["https:\/\/vapestornado.com\/wp-content\/uploads\/2025\/04\/Bang-King-Constellation-36000-Puffs-Disposable-Vape-150x150.webp",150,150,true],"medium":["https:\/\/vapestornado.com\/wp-content\/uploads\/2025\/04\/Bang-King-Constellation-36000-Puffs-Disposable-Vape-300x300.webp",300,300,true],"medium_large":["https:\/\/vapestornado.com\/wp-content\/uploads\/2025\/04\/Bang-King-Constellation-36000-Puffs-Disposable-Vape-768x768.webp",768,768,true],"large":["https:\/\/vapestornado.com\/wp-content\/uploads\/2025\/04\/Bang-King-Constellation-36000-Puffs-Disposable-Vape.webp",800,800,false],"1536x1536":["https:\/\/vapestornado.com\/wp-content\/uploads\/2025\/04\/Bang-King-Constellation-36000-Puffs-Disposable-Vape.webp",800,800,false],"2048x2048":["https:\/\/vapestornado.com\/wp-content\/uploads\/2025\/04\/Bang-King-Constellation-36000-Puffs-Disposable-Vape.webp",800,800,false],"trp-custom-language-flag":["https:\/\/vapestornado.com\/wp-content\/uploads\/2025\/04\/Bang-King-Constellation-36000-Puffs-Disposable-Vape.webp",12,12,false],"woocommerce_thumbnail":["https:\/\/vapestornado.com\/wp-content\/uploads\/2025\/04\/Bang-King-Constellation-36000-Puffs-Disposable-Vape-300x300.webp",300,300,true],"woocommerce_single":["https:\/\/vapestornado.com\/wp-content\/uploads\/2025\/04\/Bang-King-Constellation-36000-Puffs-Disposable-Vape-600x600.webp",600,600,true],"woocommerce_gallery_thumbnail":["https:\/\/vapestornado.com\/wp-content\/uploads\/2025\/04\/Bang-King-Constellation-36000-Puffs-Disposable-Vape-100x100.webp",100,100,true]},"uagb_author_info":{"display_name":"ESAMY","author_link":"https:\/\/vapestornado.com\/hr\/author\/"},"uagb_comment_info":0,"uagb_excerpt":"Bang 36000 36k Power Disposable Vape Rechargeable Puff Cheap Bang Puff 36k Power Disposable Vape Disposable Vape Kit Wholesale Digital Disposable Vape Bang 36000 Factory Direct Sale Add Amy's whatsapp to get right reply and discount price! WhatsApp: +86 17776015835 &nbsp;","_links":{"self":[{"href":"https:\/\/vapestornado.com\/hr\/wp-json\/wp\/v2\/product\/4067","targetHints":{"allow":["GET"]}}],"collection":[{"href":"https:\/\/vapestornado.com\/hr\/wp-json\/wp\/v2\/product"}],"about":[{"href":"https:\/\/vapestornado.com\/hr\/wp-json\/wp\/v2\/types\/product"}],"replies":[{"embeddable":true,"href":"https:\/\/vapestornado.com\/hr\/wp-json\/wp\/v2\/comments?post=4067"}],"wp:featuredmedia":[{"embeddable":true,"href":"https:\/\/vapestornado.com\/hr\/wp-json\/wp\/v2\/media\/4066"}],"wp:attachment":[{"href":"https:\/\/vapestornado.com\/hr\/wp-json\/wp\/v2\/media?parent=4067"}],"wp:term":[{"taxonomy":"product_brand","embeddable":true,"href":"https:\/\/vapestornado.com\/hr\/wp-json\/wp\/v2\/product_brand?post=4067"},{"taxonomy":"product_cat","embeddable":true,"href":"https:\/\/vapestornado.com\/hr\/wp-json\/wp\/v2\/product_cat?post=4067"},{"taxonomy":"product_tag","embeddable":true,"href":"https:\/\/vapestornado.com\/hr\/wp-json\/wp\/v2\/product_tag?post=4067"}],"curies":[{"name":"wp","href":"https:\/\/api.w.org\/{rel}","templated":true}]}}