{"id":4047,"date":"2025-04-01T10:04:57","date_gmt":"2025-04-01T10:04:57","guid":{"rendered":"https:\/\/vapestornado.com\/?post_type=product&#038;p=4047"},"modified":"2025-08-23T12:00:28","modified_gmt":"2025-08-23T12:00:28","slug":"aivono-fatpro-22000-puffs-shisha-hookah-digital-screen-wholesaledisposables-vape-pod-shop-on-line-copy","status":"publish","type":"product","link":"https:\/\/vapestornado.com\/hr\/product\/aivono-fatpro-22000-puffs-shisha-hookah-digital-screen-wholesaledisposables-vape-pod-shop-on-line-copy\/","title":{"rendered":"AIVONO Fatpro 22000 Puffs Shisha Hookah Digitalni Zaslon Veleprodaja"},"content":{"rendered":"<h1 data-pm-slice=\"1 1 []\">AIVONO Fatpro 22000 Puffs Shisha Hookah Digitalni Zaslon Veleprodaja<\/h1>\n<p class=\"\" data-start=\"1287\" data-end=\"1418\">Ovo <strong data-start=\"310\" data-end=\"362\">AIVONO Fatpro 22000 Puffs Jednokratni Shisha Vape<\/strong> je dizajniran za distributere i vape trgovine koje tra\u017ee vrhunski ure\u0111aj dugog vijeka trajanja. Isporu\u010duje do <strong data-start=\"470\" data-end=\"486\">22 000 uvla\u010denja<\/strong> s izda\u0161nih <strong data-start=\"503\" data-end=\"529\">kapacitetom e-teku\u0107ine od 28 ml<\/strong>udisaja, ovaj vape u stilu nargile osigurava produljeno kori\u0161tenje i dosljedno zadovoljstvo.<\/p>\n<p>Opremljen s <strong data-start=\"629\" data-end=\"655\">digitalni zaslon<\/strong>, korisnici mogu lako pratiti trajanje baterije i razinu e-teku\u0107ine u stvarnom vremenu. Mre\u017easta zavojnica <strong data-start=\"733\" data-end=\"762\">tehnologijom mre\u017easte spirale od 0.6\u03a9<\/strong> pobolj\u0161ava gusto\u0107u pare i bogatstvo okusa, dok <strong data-start=\"817\" data-end=\"845\">USB-C punjivi priklju\u010dak<\/strong> jam\u010di brzo punjenje.<\/p>\n<p>Dostupno u <strong data-start=\"896\" data-end=\"919\">10 uzbudljivih aroma<\/strong>, od vo\u0107nih mje\u0161avina do ledenih opcija inspiriranih slatki\u0161ima, AIVONO Fatpro 22K udovoljava razli\u010ditim ukusima. Sa svojom kombinacijom <strong data-start=\"1047\" data-end=\"1123\">velikog broja udisaja, pouzdanih performansi i konkurentnih veleprodajnih cijena<\/strong>, to je vrhunski izbor za trgovce koji pro\u0161iruju svoj inventar s jednokratnim vapeovima u rasutom stanju.<\/p>\n<p data-start=\"666\" data-end=\"1235\"><strong style=\"font-size: 16px;\"><span style=\"color: #ff0000;\">Dodajte Amy na WhatsApp za brzi odgovor i popust!<\/span><\/strong><\/p>\n<p><img fetchpriority=\"high\" decoding=\"async\" class=\"size-full wp-image-2932\" src=\"https:\/\/vapestornado.com\/wp-content\/uploads\/2024\/12\/Vape-Wholesale.jpg\" alt=\"Veleprodaja vejpova\" width=\"229\" height=\"300\" \/><\/p>\n<h3><a href=\"https:\/\/wa.me\/8617776015835\" target=\"_blank\" rel=\"noopener\"><span style=\"color: #ff0000;\"><strong>WhatsApp: +86 17776015835<\/strong><\/span><\/a><\/h3>\n<p>&nbsp;<\/p>\n<h2><strong>AIVONO Fatpro 22000 klju\u010dne zna\u010dajke proizvoda<\/strong><\/h2>\n<ul>\n<li><strong>22.000 uvla\u010denja<\/strong>\u00a0\u2013 Jedan od najdugovje\u010dnijih jednokratnih vapeova na tr\u017ei\u0161tu.<\/li>\n<li><strong>Kapacitet e-teku\u0107ine od 28 ml<\/strong>\u00a0\u2013 Nema potrebe za ponovnim punjenjem, samo \u010disto u\u017eivanje u vapingu.<\/li>\n<li><strong>Punjiva baterija od 600 mAh<\/strong>\u00a0(Pure Cobalt Core Tech) \u2013 U\u010dinkovita snaga za dugotrajnu upotrebu.<\/li>\n<li><strong>0.6\u03a9 mre\u017easta zavojnica<\/strong>\u00a0\u2013 Pobolj\u0161ava okus i proizvodnju pare za vrhunsko iskustvo.<\/li>\n<li><strong>Digitalni zaslon<\/strong>\u00a0\u2013 Prati trajanje baterije i razine e-teku\u0107ine radi prakti\u010dnosti.<\/li>\n<li><strong>Brzo punjenje Type-C<\/strong>\u00a0\u2013 Brzo punjenje za neprekinute sesije.<\/li>\n<li><strong>DTL (Direct-to-Lung) dizajn<\/strong>\u00a0\u2013 Idealno za duboke, zadovoljavaju\u0107e inhalacije.<\/li>\n<li><strong>Vi\u0161e opcija nikotina (0%\/2%\/3%\/5%)<\/strong>\u00a0\u2013 Prilago\u0111eno svim preferencijama.<\/li>\n<li><strong>Lagan<\/strong>\u00a0\u2013 Jednostavan za no\u0161enje bilo gdje.<\/li>\n<li><strong>Veleprodaja<\/strong>\u00a0\u2013 Dostupne narud\u017ebe na veliko (200 komada po kutiji).<\/li>\n<\/ul>\n<h2 class=\"product-title\"><strong>Popis okusa AIVONO Fatpro 22k Puff jednokratnih e-cigareta<\/strong><\/h2>\n<article class=\"w-full text-token-text-primary focus-visible:outline-2 focus-visible:outline-offset-[-4px]\" dir=\"auto\" data-testid=\"conversation-turn-32\" data-scroll-anchor=\"false\">\n<div class=\"m-auto text-base py-[18px] px-6\">\n<div class=\"mx-auto flex flex-1 text-base gap-4 md:gap-5 lg:gap-6 md:max-w-3xl lg:max-w-[40rem] xl:max-w-[48rem]\">\n<div class=\"group\/conversation-turn relative flex w-full min-w-0 flex-col @xs\/thread:px-0 @sm\/thread:px-1.5 @md\/thread:px-4\">\n<div class=\"flex-col gap-1 md:gap-3\">\n<div class=\"flex max-w-full flex-col flex-grow\">\n<div class=\"min-h-8 text-message flex w-full flex-col items-end gap-2 whitespace-normal break-words text-start [.text-message+&amp;]:mt-5\" dir=\"auto\" data-message-author-role=\"user\" data-message-id=\"ffac41ca-1db4-431b-873a-32c4052956f1\">\n<div class=\"flex w-full flex-col gap-1 empty:hidden items-end rtl:items-start\">\n<div class=\"relative max-w-[var(--user-chat-width,70%)] rounded-3xl bg-token-message-surface px-5 py-2.5\">\n<div class=\"absolute bottom-0 right-full top-0 -mr-3.5 hidden pr-5 pt-2 [.group\/conversation-turn:hover_&amp;]:flex\">\n<div class=\"flex\">\n<article class=\"w-full text-token-text-primary focus-visible:outline-2 focus-visible:outline-offset-[-4px]\" dir=\"auto\" data-testid=\"conversation-turn-39\" data-scroll-anchor=\"true\">\n<div class=\"m-auto text-base py-[18px] px-6\">\n<div class=\"mx-auto flex flex-1 text-base gap-4 md:gap-5 lg:gap-6 md:max-w-3xl lg:max-w-[40rem] xl:max-w-[48rem]\">\n<div class=\"group\/conversation-turn relative flex w-full min-w-0 flex-col agent-turn @xs\/thread:px-0 @sm\/thread:px-1.5 @md\/thread:px-4\">\n<div class=\"flex-col gap-1 md:gap-3\">\n<div class=\"flex max-w-full flex-col flex-grow\">\n<div class=\"min-h-8 text-message flex w-full flex-col items-end gap-2 whitespace-normal break-words text-start [.text-message+&amp;]:mt-5\" dir=\"auto\" data-message-author-role=\"assistant\" data-message-id=\"55a23854-ec57-48dd-bd4f-6118f43d6241\" data-message-model-slug=\"gpt-4o\">\n<div class=\"flex w-full flex-col gap-1 empty:hidden first:pt-[3px]\">\n<div class=\"markdown prose w-full break-words dark:prose-invert light\">\n<p>Unaprijedite svoje iskustvo vapinga s\u00a0<strong>AIVONO Fatpro 22000 Pufova<\/strong>\u00a0i njegovim iznimnim izborom ru\u010dno izra\u0111enih okusa. Svaka varijanta stru\u010dno je pomije\u0161ana kako bi pru\u017eila prepoznatljivo i zadovoljavaju\u0107e iskustvo, osiguravaju\u0107i da je svaki udisaj jednako nezaboravan kao i prethodni.<\/p>\n<p>1. Twin Apple Bliss: Savr\u0161en duet okusa hrskave crvene i zelene jabuke, kombiniraju\u0107i prirodnu slatko\u0107u s osvje\u017eavaju\u0107om kiselosti za revitaliziraju\u0107e iskustvo.<\/p>\n<p>2. Grape Frost: So\u010dno ljubi\u010dasto gro\u017e\u0111e susre\u0107e se s uzbudljivom hladno\u0107om mente, stvaraju\u0107i sofisticiranu mje\u0161avinu koja je istovremeno vo\u0107na i osvje\u017eavaju\u0107e hladna.<\/p>\n<p>3. Arctic Watermelon: Iznimno slatki okusi lubenice poja\u010dani su ledenim mentol fini\u0161em, pru\u017eaju\u0107i ultimativni osje\u0107aj ga\u0161enja \u017ee\u0111i.<\/p>\n<p>4. Frozen Berry Medley: \u017divahna mje\u0161avina jagoda, borovnica i kupina, zavr\u0161ena ledenom notom za savr\u0161eno uravnote\u017eenu vo\u0107nu hladno\u0107u.<\/p>\n<p>5. Blueberry Bubble: Razigrana rekreacija klasi\u010dne \u017evaka\u0107e gume, pr\u0161te\u0107i autenti\u010dnom slatko\u0107om borovnice i glatkim, \u017evaka\u0107im fini\u0161em.<\/p>\n<p>6. Ruby Berry Fusion: So\u010dne tre\u0161nje isprepli\u0107u se s pikantnim malinama, stvaraju\u0107i dinami\u010dan profil okusa koji je istovremeno hrabar i neodoljivo so\u010dan.<\/p>\n<p>7. Ledeni raj od breskve: Zrele breskve okupane suncem nagla\u0161ene su mraznim mentolnim povjetarcem, \u010dine\u0107i ovo tropskim bijegom tijekom cijele godine.<\/p>\n<p>8. Eliksir Enigma: Tajanstvena i primamljiva mje\u0161avina egzoti\u010dnog vo\u0107a sa suptilnim cvjetnim notama, osmi\u0161ljena da zaintrigira i odu\u0161evi osjetila.<\/p>\n<p>9. Sanjiva oaza: Kremasta, slojevita mje\u0161avina tropskih i bobi\u010dastih nota, koja nudi glatko i sanjivo iskustvo vapinga.<\/p>\n<p>10. Prskanje jagode: Puna prirodne slatko\u0107e svje\u017ee ubranih jagoda, ova aroma pru\u017ea vedar, so\u010dan okus sa svakim udahom.<\/p>\n<figure id=\"attachment_4020\" aria-describedby=\"caption-attachment-4020\" style=\"width: 800px\" class=\"wp-caption alignnone\"><img decoding=\"async\" class=\"wp-image-4020 size-full\" src=\"https:\/\/vapestornado.com\/wp-content\/uploads\/2025\/03\/AIVONO-22000-Disposable-Puff-Bar.webp\" alt=\"AIVONO 22000 jednokratni Puff Bar\" width=\"800\" height=\"800\" srcset=\"https:\/\/vapestornado.com\/wp-content\/uploads\/2025\/03\/AIVONO-22000-Disposable-Puff-Bar.webp 800w, https:\/\/vapestornado.com\/wp-content\/uploads\/2025\/03\/AIVONO-22000-Disposable-Puff-Bar-300x300.webp 300w, https:\/\/vapestornado.com\/wp-content\/uploads\/2025\/03\/AIVONO-22000-Disposable-Puff-Bar-150x150.webp 150w, https:\/\/vapestornado.com\/wp-content\/uploads\/2025\/03\/AIVONO-22000-Disposable-Puff-Bar-768x768.webp 768w, https:\/\/vapestornado.com\/wp-content\/uploads\/2025\/03\/AIVONO-22000-Disposable-Puff-Bar-600x600.webp 600w, https:\/\/vapestornado.com\/wp-content\/uploads\/2025\/03\/AIVONO-22000-Disposable-Puff-Bar-100x100.webp 100w\" sizes=\"(max-width: 800px) 100vw, 800px\" \/><figcaption id=\"caption-attachment-4020\" class=\"wp-caption-text\">AIVONO 22000 jednokratni Puff Bar<\/figcaption><\/figure>\n<p>&nbsp;<\/p>\n<\/div>\n<\/div>\n<\/div>\n<\/div>\n<\/div>\n<\/div>\n<\/div>\n<\/div>\n<\/article>\n<\/div>\n<\/div>\n<\/div>\n<\/div>\n<\/div>\n<\/div>\n<\/div>\n<\/div>\n<\/div>\n<\/div>\n<\/article>\n<h2>Za\u0161to odabrati Vapestornado za AIVONO Fatpro 22000Puff kupnju?<\/h2>\n<div class=\"flex-shrink-0 flex flex-col relative items-end\">\n<div class=\"pt-0\">\n<div class=\"gizmo-bot-avatar flex h-8 w-8 items-center justify-center overflow-hidden rounded-full\">\n<div class=\"relative p-1 rounded-sm flex items-center justify-center bg-token-main-surface-primary text-token-text-primary h-8 w-8\">\n<p>At\u00a0<strong>VapeTornado<\/strong>, ponosimo se isporukom\u00a0<strong>vrhunskih proizvoda za vaping po nenadma\u0161nim cijenama<\/strong>\u2014a AIVONO Fatpro 22000 nije iznimka! Evo za\u0161to biste trebali kupiti od nas:<\/p>\n<p><strong>Najbolje veleprodajne cijene<\/strong>\u00a0\u2013 Nudimo\u00a0<strong>konkurentne cijene za velike koli\u010dine<\/strong><span style=\"font-size: 16px;\">, \u0161to nas \u010dini najboljim izborom za preprodava\u010de i vape trgovine.<\/span><\/p>\n<p><strong>Brzo<\/strong>\u00a0\u2013 Neka va\u0161a narud\u017eba bude isporu\u010dena\u00a0<strong>brzo i sigurno<\/strong>, s mogu\u0107nostima slanja diljem svijeta.<br \/>\n<strong>100% Autenti\u010dni proizvodi<\/strong>\u00a0\u2013 Bez imitacija\u2014samo\u00a0<strong>originalni WASPE Triple jednokratni ure\u0111aji<\/strong>\u00a0s provjerenom kvalitetom.<br \/>\n<strong>Izvrsna korisni\u010dka podr\u0161ka<\/strong>\u00a0\u2013 Imate pitanja? Na\u0161i\u00a0<strong>stru\u010dnjaci za vape<\/strong> su vam spremni pomo\u0107i 24\/7.<\/p>\n<p data-start=\"559\" data-end=\"933\" data-is-last-node=\"\" data-is-only-node=\"\">Tako\u0111er imamo i druge popularne vapeove sa zaslonom kao \u0161to su <a href=\"https:\/\/vapestornado.com\/hr\/product\/vapme-goat-40000-puff-40k-hookah-shisha-pen-price-wholesale-e-cigarette\/\">Vapme Goat 40000 nargila<\/a>, <a href=\"https:\/\/vapestornado.com\/hr\/product\/2025-new-vopk-ultra-40000-puffs-double-flavor-disposable-vape-factory-suppliers\/\">VOPK 40000 2 u 1 jednokratni Vape<\/a>, <a href=\"https:\/\/vapestornado.com\/hr\/product\/bang-beach-22000-20k-puff-disposable-vape-pen-with-screen-reddit-hot\/\">Bang Beach 22000<\/a>, i vi\u0161e.<\/p>\n<\/div>\n<div class=\"relative p-1 rounded-sm flex items-center justify-center bg-token-main-surface-primary text-token-text-primary h-8 w-8\">\n<h2>\u010cESTO POSTAVLJANA PITANJA<\/h2>\n<p><strong>1. Koliko traje AIVONO Fatpro 22000?<\/strong><\/p>\n<p>S\u00a0<strong>22 000 uvla\u010denja<\/strong>, ovaj ure\u0111aj traje znatno du\u017ee od standardnih jednokratnih ure\u0111aja. Ovisno o upotrebi, umjerenim vaperima mo\u017ee slu\u017eiti tjednima ili \u010dak mjesecima.<\/p>\n<p><strong>2. Je li AIVONO Fatpro punjiv?<\/strong><\/p>\n<p>Da! Sadr\u017ei\u00a0<strong>USB-C punjivi priklju\u010dak<\/strong>\u00a0i\u00a0<strong>baterija od 600 mAh<\/strong>, \u0161to vam omogu\u0107uje da u potpunosti iskoristite\u00a0<strong>kapacitetom e-teku\u0107ine od 28mL<\/strong>\u00a0bez da ostanete bez napajanja.<\/p>\n<p><strong>3. Koje su ja\u010dine nikotina dostupne?<\/strong><\/p>\n<p>AIVONO Fatpro nudi\u00a0<strong>0% (bez nikotina), 2%, 3% i 5% nikotinske soli<\/strong>\u00a0opcije, zadovoljavaju\u0107i sve vrste vapera.<\/p>\n<p><strong>4. Podr\u017eava li duboko udahnuto uvla\u010denje (DTL)?<\/strong><\/p>\n<p>Da! The\u00a0<strong>0,6\u03a9 mre\u017easta zavojnica<\/strong>\u00a0i\u00a0<strong>DTL dizajn<\/strong>\u00a0\u010dini ga idealnim za direktno-u-plu\u0107a uvla\u010denje, proizvode\u0107i\u00a0<strong>glatke oblake punog okusa<\/strong>.<\/p>\n<\/div>\n<\/div>\n<\/div>\n<\/div>","protected":false},"excerpt":{"rendered":"<p class=\"LC20lb MBeuO DKV0Md\">Ovo <strong data-start=\"1217\" data-end=\"1250\">AIVONO Fatpro 22K Shisha Vape<\/strong> nudi 22.000 udisaja, digitalni zaslon i tehnologiju mre\u017easte zavojnice. Odli\u010dan izbor za <strong data-start=\"1334\" data-end=\"1359\">skupne veleprodajne narud\u017ebe<\/strong>.<\/p>\n<p><strong>Dodajte Amy na WhatsApp za brzi odgovor i popust!<\/strong><\/p>\n<p><img fetchpriority=\"high\" decoding=\"async\" class=\"size-full wp-image-2932\" src=\"https:\/\/vapestornado.com\/wp-content\/uploads\/2024\/12\/Vape-Wholesale.jpg\" alt=\"Veleprodaja vejpova\" width=\"229\" height=\"300\" \/><\/p>\n<h3><a href=\"https:\/\/wa.me\/8617776015835\"><span style=\"color: #ff0000;\"><strong>WhatsApp: +86 17776015835<\/strong><\/span><\/a><\/h3>\n<p>&nbsp;<\/p>","protected":false},"featured_media":4026,"comment_status":"open","ping_status":"closed","template":"","meta":{"_acf_changed":false,"_uag_custom_page_level_css":"","_lmt_disableupdate":"no","_lmt_disable":"","_monsterinsights_skip_tracking":false,"_monsterinsights_sitenote_active":false,"_monsterinsights_sitenote_note":"","_monsterinsights_sitenote_category":0,"site-sidebar-layout":"default","site-content-layout":"","ast-site-content-layout":"default","site-content-style":"default","site-sidebar-style":"default","ast-global-header-display":"","ast-banner-title-visibility":"","ast-main-header-display":"","ast-hfb-above-header-display":"","ast-hfb-below-header-display":"","ast-hfb-mobile-header-display":"","site-post-title":"","ast-breadcrumbs-content":"","ast-featured-img":"","footer-sml-layout":"","ast-disable-related-posts":"","theme-transparent-header-meta":"default","adv-header-id-meta":"","stick-header-meta":"","header-above-stick-meta":"","header-main-stick-meta":"","header-below-stick-meta":"","astra-migrate-meta-layouts":"set","ast-page-background-enabled":"default","ast-page-background-meta":{"desktop":{"background-color":"","background-image":"","background-repeat":"repeat","background-position":"center center","background-size":"auto","background-attachment":"scroll","background-type":"","background-media":"","overlay-type":"","overlay-color":"","overlay-opacity":"","overlay-gradient":""},"tablet":{"background-color":"","background-image":"","background-repeat":"repeat","background-position":"center center","background-size":"auto","background-attachment":"scroll","background-type":"","background-media":"","overlay-type":"","overlay-color":"","overlay-opacity":"","overlay-gradient":""},"mobile":{"background-color":"","background-image":"","background-repeat":"repeat","background-position":"center center","background-size":"auto","background-attachment":"scroll","background-type":"","background-media":"","overlay-type":"","overlay-color":"","overlay-opacity":"","overlay-gradient":""}},"ast-content-background-meta":{"desktop":{"background-color":"var(--ast-global-color-5)","background-image":"","background-repeat":"repeat","background-position":"center center","background-size":"auto","background-attachment":"scroll","background-type":"","background-media":"","overlay-type":"","overlay-color":"","overlay-opacity":"","overlay-gradient":""},"tablet":{"background-color":"var(--ast-global-color-5)","background-image":"","background-repeat":"repeat","background-position":"center center","background-size":"auto","background-attachment":"scroll","background-type":"","background-media":"","overlay-type":"","overlay-color":"","overlay-opacity":"","overlay-gradient":""},"mobile":{"background-color":"var(--ast-global-color-5)","background-image":"","background-repeat":"repeat","background-position":"center center","background-size":"auto","background-attachment":"scroll","background-type":"","background-media":"","overlay-type":"","overlay-color":"","overlay-opacity":"","overlay-gradient":""}},"_joinchat":{"telephone":"17776015835"}},"product_brand":[],"product_cat":[176,154,147],"product_tag":[308,105,284,296,94],"class_list":{"0":"post-4047","1":"product","2":"type-product","3":"status-publish","4":"has-post-thumbnail","6":"product_cat-aivono-vape","7":"product_cat-buy-disposable-vapes-in-netherlands","8":"product_cat-shisha-hookah-disposable-vapes","9":"product_tag-aivono-fatpro-22000","10":"product_tag-digital-disposable-vape","11":"product_tag-disposable-shisha","12":"product_tag-puff-bar","13":"product_tag-rechargeable-disposable-vape","14":"desktop-align-left","15":"tablet-align-left","16":"mobile-align-left","18":"first","19":"instock","20":"sale","21":"shipping-taxable","22":"purchasable","23":"product-type-simple"},"acf":[],"uagb_featured_image_src":{"full":["https:\/\/vapestornado.com\/wp-content\/uploads\/2025\/03\/Wholesale-Vape-Original-Ainovo-Aim-Fatpro-22000-Puffs.webp",800,800,false],"thumbnail":["https:\/\/vapestornado.com\/wp-content\/uploads\/2025\/03\/Wholesale-Vape-Original-Ainovo-Aim-Fatpro-22000-Puffs-150x150.webp",150,150,true],"medium":["https:\/\/vapestornado.com\/wp-content\/uploads\/2025\/03\/Wholesale-Vape-Original-Ainovo-Aim-Fatpro-22000-Puffs-300x300.webp",300,300,true],"medium_large":["https:\/\/vapestornado.com\/wp-content\/uploads\/2025\/03\/Wholesale-Vape-Original-Ainovo-Aim-Fatpro-22000-Puffs-768x768.webp",768,768,true],"large":["https:\/\/vapestornado.com\/wp-content\/uploads\/2025\/03\/Wholesale-Vape-Original-Ainovo-Aim-Fatpro-22000-Puffs.webp",800,800,false],"1536x1536":["https:\/\/vapestornado.com\/wp-content\/uploads\/2025\/03\/Wholesale-Vape-Original-Ainovo-Aim-Fatpro-22000-Puffs.webp",800,800,false],"2048x2048":["https:\/\/vapestornado.com\/wp-content\/uploads\/2025\/03\/Wholesale-Vape-Original-Ainovo-Aim-Fatpro-22000-Puffs.webp",800,800,false],"trp-custom-language-flag":["https:\/\/vapestornado.com\/wp-content\/uploads\/2025\/03\/Wholesale-Vape-Original-Ainovo-Aim-Fatpro-22000-Puffs.webp",12,12,false],"woocommerce_thumbnail":["https:\/\/vapestornado.com\/wp-content\/uploads\/2025\/03\/Wholesale-Vape-Original-Ainovo-Aim-Fatpro-22000-Puffs-300x300.webp",300,300,true],"woocommerce_single":["https:\/\/vapestornado.com\/wp-content\/uploads\/2025\/03\/Wholesale-Vape-Original-Ainovo-Aim-Fatpro-22000-Puffs-600x600.webp",600,600,true],"woocommerce_gallery_thumbnail":["https:\/\/vapestornado.com\/wp-content\/uploads\/2025\/03\/Wholesale-Vape-Original-Ainovo-Aim-Fatpro-22000-Puffs-100x100.webp",100,100,true]},"uagb_author_info":{"display_name":"ESAMY","author_link":"https:\/\/vapestornado.com\/hr\/author\/"},"uagb_comment_info":0,"uagb_excerpt":"The AIVONO Fatpro 22K Shisha Vape offers 22,000 puffs, digital display, and mesh coil technology. A great choice for bulk wholesale orders. Add Amy's whatsapp to get right reply and discount price! WhatsApp: +86 17776015835 &nbsp;","_links":{"self":[{"href":"https:\/\/vapestornado.com\/hr\/wp-json\/wp\/v2\/product\/4047","targetHints":{"allow":["GET"]}}],"collection":[{"href":"https:\/\/vapestornado.com\/hr\/wp-json\/wp\/v2\/product"}],"about":[{"href":"https:\/\/vapestornado.com\/hr\/wp-json\/wp\/v2\/types\/product"}],"replies":[{"embeddable":true,"href":"https:\/\/vapestornado.com\/hr\/wp-json\/wp\/v2\/comments?post=4047"}],"wp:featuredmedia":[{"embeddable":true,"href":"https:\/\/vapestornado.com\/hr\/wp-json\/wp\/v2\/media\/4026"}],"wp:attachment":[{"href":"https:\/\/vapestornado.com\/hr\/wp-json\/wp\/v2\/media?parent=4047"}],"wp:term":[{"taxonomy":"product_brand","embeddable":true,"href":"https:\/\/vapestornado.com\/hr\/wp-json\/wp\/v2\/product_brand?post=4047"},{"taxonomy":"product_cat","embeddable":true,"href":"https:\/\/vapestornado.com\/hr\/wp-json\/wp\/v2\/product_cat?post=4047"},{"taxonomy":"product_tag","embeddable":true,"href":"https:\/\/vapestornado.com\/hr\/wp-json\/wp\/v2\/product_tag?post=4047"}],"curies":[{"name":"wp","href":"https:\/\/api.w.org\/{rel}","templated":true}]}}