{"id":4046,"date":"2025-03-31T09:39:14","date_gmt":"2025-03-31T09:39:14","guid":{"rendered":"https:\/\/vapestornado.com\/?post_type=product&#038;p=4046"},"modified":"2025-08-23T11:59:15","modified_gmt":"2025-08-23T11:59:15","slug":"aivono-aim-boom-25000-puffs-rechargeable-disposables-vape-pod-shop-on-line","status":"publish","type":"product","link":"https:\/\/vapestornado.com\/hr\/product\/aivono-aim-boom-25000-puffs-rechargeable-disposables-vape-pod-shop-on-line\/","title":{"rendered":"Aivono Aim Boom 25000 Puffs punjivi jednokratni Vape Pod Shop na mre\u017ei"},"content":{"rendered":"<h1 data-pm-slice=\"1 1 []\">Aivono Aim Boom 25000 Puffs punjivi jednokratni Vape Pod Shop na mre\u017ei<\/h1>\n<p class=\"\" data-start=\"1287\" data-end=\"1418\">Ovo <strong data-start=\"285\" data-end=\"332\">Aivono Aim Boom 25000 Puffs jednokratni vape<\/strong> je izra\u0111en za veletrgovce i vape trgovine koje tra\u017ee ure\u0111aje velikog kapaciteta i pouzdanosti. Nude\u0107i do <strong data-start=\"429\" data-end=\"445\">25.000 udisaja<\/strong>, ovaj pod osigurava dugotrajne sesije, podr\u017eane od strane <strong data-start=\"501\" data-end=\"532\">650mAh punjiva baterija<\/strong> sa <strong data-start=\"538\" data-end=\"557\">Type-C punjenje<\/strong>. <strong data-start=\"563\" data-end=\"596\">28 ml prethodno napunjenog spremnika e-teku\u0107ine<\/strong> u kombinaciji s <strong data-start=\"611\" data-end=\"640\">tehnologijom dvostruke mre\u017easte zavojnice<\/strong> jam\u010di glatku paru i sna\u017enu isporuku okusa od po\u010detka do kraja.<\/p>\n<p>Njegova <strong data-start=\"727\" data-end=\"752\">pametni digitalni zaslon<\/strong> odr\u017eava korisnike informiranima o trajanju baterije i razinama e-teku\u0107ine u stvarnom vremenu, dodaju\u0107i prakti\u010dnost i kontrolu. Dizajniran s obzirom na prodaju na veliko, Aivono Aim Boom 25K je profitabilna opcija za distributere koji \u017eele kupcima pru\u017eiti izdr\u017eljive, ukusne i isplative jednokratne vape podove.<\/p>\n<p data-start=\"666\" data-end=\"1235\"><strong style=\"font-size: 16px;\"><span style=\"color: #ff0000;\">Dodajte Amy na WhatsApp za brzi odgovor i popust!<\/span><\/strong><\/p>\n<p><img fetchpriority=\"high\" decoding=\"async\" class=\"size-full wp-image-2932\" src=\"https:\/\/vapestornado.com\/wp-content\/uploads\/2024\/12\/Vape-Wholesale.jpg\" alt=\"Veleprodaja vejpova\" width=\"229\" height=\"300\" \/><\/p>\n<h3><a href=\"https:\/\/wa.me\/8617776015835\" target=\"_blank\" rel=\"noopener\"><span style=\"color: #ff0000;\"><strong>WhatsApp: +86 17776015835<\/strong><\/span><\/a><\/h3>\n<p>&nbsp;<\/p>\n<h2><strong>Aivono Aim Boom 25000 Klju\u010dne zna\u010dajke proizvoda<\/strong><\/h2>\n<ul>\n<li class=\"\" data-start=\"593\" data-end=\"724\">\n<p class=\"\" data-start=\"595\" data-end=\"724\"><strong data-start=\"595\" data-end=\"627\">Prilagodljive razine nikotina<\/strong> \u2013 Odaberite 0 posto, 2 posto, 3 posto ili 5 posto nikotina prema va\u0161im \u017eeljama.<\/p>\n<\/li>\n<li class=\"\" data-start=\"725\" data-end=\"822\">\n<p class=\"\" data-start=\"727\" data-end=\"822\"><strong data-start=\"727\" data-end=\"758\">Ogroman kapacitet od 25000 udisaja<\/strong> \u2013 Dizajniran za produljeno vaping bez \u010deste zamjene.<\/p>\n<\/li>\n<li class=\"\" data-start=\"823\" data-end=\"939\">\n<p class=\"\" data-start=\"825\" data-end=\"939\"><strong data-start=\"825\" data-end=\"852\">Spremnik za e-teku\u0107inu od 28 ml<\/strong> \u2013 Sadr\u017ei dovoljno e-teku\u0107ine za dugotrajnu uporabu, smanjuju\u0107i potrebu za stalnim punjenjem.<\/p>\n<\/li>\n<li class=\"\" data-start=\"940\" data-end=\"1051\">\n<p class=\"\" data-start=\"942\" data-end=\"1051\"><strong data-start=\"942\" data-end=\"969\">Napredna mre\u017easta zavojnica od 1.2\u03a9<\/strong> \u2013 Pobolj\u0161ava proizvodnju pare i konzistentnost okusa za zadovoljavaju\u0107e iskustvo.<\/p>\n<\/li>\n<li class=\"\" data-start=\"1052\" data-end=\"1177\">\n<p class=\"\" data-start=\"1054\" data-end=\"1177\"><strong data-start=\"1054\" data-end=\"1085\">Punjiva baterija od 650 mAh<\/strong> \u2013 Dugotrajne performanse s Type-C punjenjem za brzu i u\u010dinkovitu obnovu energije.<\/p>\n<\/li>\n<li class=\"\" data-start=\"1178\" data-end=\"1277\">\n<p class=\"\" data-start=\"1180\" data-end=\"1277\"><strong data-start=\"1180\" data-end=\"1205\">Pametni digitalni zaslon<\/strong> \u2013 Prikazuje razinu e-teku\u0107ine i baterije u stvarnom vremenu, eliminiraju\u0107i naga\u0111anja.<\/p>\n<\/li>\n<li class=\"\" data-start=\"1278\" data-end=\"1343\">\n<p class=\"\" data-start=\"1280\" data-end=\"1343\"><strong data-start=\"1280\" data-end=\"1304\">Svjetle\u0107i dizajn logotipa<\/strong> \u2013 Dodaje stilski dodir tijekom parenja.<\/p>\n<\/li>\n<li class=\"\" data-start=\"1344\" data-end=\"1453\">\n<p class=\"\" data-start=\"1346\" data-end=\"1453\"><strong data-start=\"1346\" data-end=\"1369\">Dvostruka mre\u017ena sklopka<\/strong> \u2013 Osigurava ravnomjerno zagrijavanje i glatku proizvodnju pare za vrhunsko iskustvo parenja.<\/p>\n<\/li>\n<\/ul>\n<h2 class=\"product-title\"><strong>Aivono Aim Boom 25000 Jednokratni Okusi<\/strong><\/h2>\n<article class=\"w-full text-token-text-primary focus-visible:outline-2 focus-visible:outline-offset-[-4px]\" dir=\"auto\" data-testid=\"conversation-turn-32\" data-scroll-anchor=\"false\">\n<div class=\"m-auto text-base py-[18px] px-6\">\n<div class=\"mx-auto flex flex-1 text-base gap-4 md:gap-5 lg:gap-6 md:max-w-3xl lg:max-w-[40rem] xl:max-w-[48rem]\">\n<div class=\"group\/conversation-turn relative flex w-full min-w-0 flex-col @xs\/thread:px-0 @sm\/thread:px-1.5 @md\/thread:px-4\">\n<div class=\"flex-col gap-1 md:gap-3\">\n<div class=\"flex max-w-full flex-col flex-grow\">\n<div class=\"min-h-8 text-message flex w-full flex-col items-end gap-2 whitespace-normal break-words text-start [.text-message+&amp;]:mt-5\" dir=\"auto\" data-message-author-role=\"user\" data-message-id=\"ffac41ca-1db4-431b-873a-32c4052956f1\">\n<div class=\"flex w-full flex-col gap-1 empty:hidden items-end rtl:items-start\">\n<div class=\"relative max-w-[var(--user-chat-width,70%)] rounded-3xl bg-token-message-surface px-5 py-2.5\">\n<div class=\"absolute bottom-0 right-full top-0 -mr-3.5 hidden pr-5 pt-2 [.group\/conversation-turn:hover_&amp;]:flex\">\n<div class=\"flex\">\n<article class=\"w-full text-token-text-primary focus-visible:outline-2 focus-visible:outline-offset-[-4px]\" dir=\"auto\" data-testid=\"conversation-turn-39\" data-scroll-anchor=\"true\">\n<div class=\"m-auto text-base py-[18px] px-6\">\n<div class=\"mx-auto flex flex-1 text-base gap-4 md:gap-5 lg:gap-6 md:max-w-3xl lg:max-w-[40rem] xl:max-w-[48rem]\">\n<div class=\"group\/conversation-turn relative flex w-full min-w-0 flex-col agent-turn @xs\/thread:px-0 @sm\/thread:px-1.5 @md\/thread:px-4\">\n<div class=\"flex-col gap-1 md:gap-3\">\n<div class=\"flex max-w-full flex-col flex-grow\">\n<div class=\"min-h-8 text-message flex w-full flex-col items-end gap-2 whitespace-normal break-words text-start [.text-message+&amp;]:mt-5\" dir=\"auto\" data-message-author-role=\"assistant\" data-message-id=\"55a23854-ec57-48dd-bd4f-6118f43d6241\" data-message-model-slug=\"gpt-4o\">\n<div class=\"flex w-full flex-col gap-1 empty:hidden first:pt-[3px]\">\n<div class=\"markdown prose w-full break-words dark:prose-invert light\">\n<p>1. Miami Mint<br \/>\n2. Ledena lubenica<br \/>\n3. Blue Razz Ice<br \/>\n4.Malina Breskva Limeta<br \/>\n5.Plavi Rancher<br \/>\n6.Kiseli Mango Ananas<br \/>\n7.Jagoda B-Pop<br \/>\n8.Zelena Jabuka Gro\u017e\u0111e<br \/>\n9.Dinja Limun<br \/>\n10.Ledena Lubenica Tre\u0161nja<\/p>\n<figure id=\"attachment_4027\" aria-describedby=\"caption-attachment-4027\" style=\"width: 1024px\" class=\"wp-caption alignnone\"><img decoding=\"async\" class=\"wp-image-4027 size-large\" src=\"https:\/\/vapestornado.com\/wp-content\/uploads\/2025\/03\/Aim-Boom-25000-Factory-Price-1024x900.jpg\" alt=\"Aim Boom 25000 Tvorni\u010dka Cijena\" width=\"1024\" height=\"900\" srcset=\"https:\/\/vapestornado.com\/wp-content\/uploads\/2025\/03\/Aim-Boom-25000-Factory-Price-1024x900.jpg 1024w, https:\/\/vapestornado.com\/wp-content\/uploads\/2025\/03\/Aim-Boom-25000-Factory-Price-300x264.jpg 300w, https:\/\/vapestornado.com\/wp-content\/uploads\/2025\/03\/Aim-Boom-25000-Factory-Price-768x675.jpg 768w, https:\/\/vapestornado.com\/wp-content\/uploads\/2025\/03\/Aim-Boom-25000-Factory-Price-1536x1349.jpg 1536w, https:\/\/vapestornado.com\/wp-content\/uploads\/2025\/03\/Aim-Boom-25000-Factory-Price-2048x1799.jpg 2048w, https:\/\/vapestornado.com\/wp-content\/uploads\/2025\/03\/Aim-Boom-25000-Factory-Price-600x527.jpg 600w\" sizes=\"(max-width: 1024px) 100vw, 1024px\" \/><figcaption id=\"caption-attachment-4027\" class=\"wp-caption-text\">Aim Boom 25000 Tvorni\u010dka Cijena<\/figcaption><\/figure>\n<\/div>\n<\/div>\n<\/div>\n<\/div>\n<\/div>\n<\/div>\n<\/div>\n<\/div>\n<\/article>\n<\/div>\n<\/div>\n<\/div>\n<\/div>\n<\/div>\n<\/div>\n<\/div>\n<\/div>\n<\/div>\n<\/div>\n<\/article>\n<h2>Za\u0161to odabrati Vapestornado za kupovinu Aivono Aim Boom 25000Puff?<\/h2>\n<div class=\"flex-shrink-0 flex flex-col relative items-end\">\n<div class=\"pt-0\">\n<div class=\"gizmo-bot-avatar flex h-8 w-8 items-center justify-center overflow-hidden rounded-full\">\n<div class=\"relative p-1 rounded-sm flex items-center justify-center bg-token-main-surface-primary text-token-text-primary h-8 w-8\">\n<p>At\u00a0<strong>VapeTornado<\/strong>, ponosimo se isporukom\u00a0<strong>vrhunskih proizvoda za vaping po nenadma\u0161nim cijenama<\/strong>\u2014a Aivono Aim Boom 25000 nije iznimka! Evo za\u0161to biste trebali kupiti od nas:<\/p>\n<p><strong>Najbolje veleprodajne cijene<\/strong>\u00a0\u2013 Nudimo\u00a0<strong>konkurentne cijene za velike koli\u010dine<\/strong><span style=\"font-size: 16px;\">, \u0161to nas \u010dini najboljim izborom za preprodava\u010de i vape trgovine.<\/span><\/p>\n<p><strong>Brzo<\/strong>\u00a0\u2013 Neka va\u0161a narud\u017eba bude isporu\u010dena\u00a0<strong>brzo i sigurno<\/strong>, s mogu\u0107nostima slanja diljem svijeta.<br \/>\n<strong>100% Autenti\u010dni proizvodi<\/strong>\u00a0\u2013 Bez imitacija\u2014samo\u00a0<strong>originalni WASPE Triple jednokratni ure\u0111aji<\/strong>\u00a0s provjerenom kvalitetom.<br \/>\n<strong>Izvrsna korisni\u010dka podr\u0161ka<\/strong>\u00a0\u2013 Imate pitanja? Na\u0161i\u00a0<strong>stru\u010dnjaci za vape<\/strong> su vam spremni pomo\u0107i 24\/7.<\/p>\n<p data-start=\"559\" data-end=\"933\" data-is-last-node=\"\" data-is-only-node=\"\">Tako\u0111er imamo i druge popularne vapeove sa zaslonom kao \u0161to su <a href=\"https:\/\/vapestornado.com\/hr\/product\/vapme-goat-40000-puff-40k-hookah-shisha-pen-price-wholesale-e-cigarette\/\">Vapme Goat 40000 nargila<\/a>, <a href=\"https:\/\/vapestornado.com\/hr\/product\/2025-new-vopk-ultra-40000-puffs-double-flavor-disposable-vape-factory-suppliers\/\">VOPK 40000 2 u 1 jednokratni Vape<\/a>, <a href=\"https:\/\/vapestornado.com\/hr\/product\/bang-beach-22000-20k-puff-disposable-vape-pen-with-screen-reddit-hot\/\">Bang Beach 22000<\/a>, i vi\u0161e.<\/p>\n<\/div>\n<div class=\"relative p-1 rounded-sm flex items-center justify-center bg-token-main-surface-primary text-token-text-primary h-8 w-8\">\n<h2>\u010cESTO POSTAVLJANA PITANJA<\/h2>\n<p class=\"\" data-start=\"1950\" data-end=\"2133\"><strong data-start=\"1950\" data-end=\"2008\">1. Koliko dugo traje Aivono Aim Boom 25000 Puffs?<\/strong><br data-start=\"2008\" data-end=\"2011\" \/>S kapacitetom od 25000 pufova, ure\u0111aj je dizajniran da traje dulje vrijeme, ovisno o individualnim navikama kori\u0161tenja.<\/p>\n<p class=\"\" data-start=\"2135\" data-end=\"2277\"><strong data-start=\"2135\" data-end=\"2166\">2. Mogu li napuniti vape?<\/strong><br data-start=\"2166\" data-end=\"2169\" \/>Da, ure\u0111aj ima punjivu bateriju od 650 mAh s Type-C punjenjem za brzo i jednostavno punjenje.<\/p>\n<p class=\"\" data-start=\"2279\" data-end=\"2455\"><strong data-start=\"2279\" data-end=\"2333\">3. Kako provjeriti razinu baterije i e-teku\u0107ine?<\/strong><br data-start=\"2333\" data-end=\"2336\" \/>Pametni zaslon pru\u017ea a\u017euriranja u stvarnom vremenu o trajanju baterije i razinama e-teku\u0107ine za iskustvo bez muke.<\/p>\n<p class=\"\" data-start=\"2457\" data-end=\"2622\"><strong data-start=\"2457\" data-end=\"2513\">4. \u0160to tehnologiju dvostruke mre\u017easte zavojnice \u010dini posebnom?<\/strong><br data-start=\"2513\" data-end=\"2516\" \/>Dvostruko mre\u017eno prebacivanje pobolj\u0161ava proizvodnju pare, osiguravaju\u0107i glatke i dosljedne udarce s bogatim okusom.<\/p>\n<\/div>\n<\/div>\n<\/div>\n<\/div>","protected":false},"excerpt":{"rendered":"<p class=\"LC20lb MBeuO DKV0Md\">Ovo <strong data-start=\"1060\" data-end=\"1092\">Aivono Aim Boom 25K Vape Pod<\/strong> nudi 25.000 udisaja, dvostruke mre\u017easte grija\u010de i pametni zaslon. Vrhunski izbor za <strong data-start=\"1167\" data-end=\"1197\">veleprodajne narud\u017ebe vape proizvoda na veliko<\/strong>.<\/p>\n<p><strong>Dodajte Amy na WhatsApp za brzi odgovor i popust!<\/strong><\/p>\n<p><img fetchpriority=\"high\" decoding=\"async\" class=\"size-full wp-image-2932\" src=\"https:\/\/vapestornado.com\/wp-content\/uploads\/2024\/12\/Vape-Wholesale.jpg\" alt=\"Veleprodaja vejpova\" width=\"229\" height=\"300\" \/><\/p>\n<h3><a href=\"https:\/\/wa.me\/8617776015835\"><span style=\"color: #ff0000;\"><strong>WhatsApp: +86 17776015835<\/strong><\/span><\/a><\/h3>\n<p>&nbsp;<\/p>","protected":false},"featured_media":4030,"comment_status":"open","ping_status":"closed","template":"","meta":{"_acf_changed":false,"_uag_custom_page_level_css":"","_lmt_disableupdate":"no","_lmt_disable":"","_monsterinsights_skip_tracking":false,"_monsterinsights_sitenote_active":false,"_monsterinsights_sitenote_note":"","_monsterinsights_sitenote_category":0,"site-sidebar-layout":"default","site-content-layout":"","ast-site-content-layout":"default","site-content-style":"default","site-sidebar-style":"default","ast-global-header-display":"","ast-banner-title-visibility":"","ast-main-header-display":"","ast-hfb-above-header-display":"","ast-hfb-below-header-display":"","ast-hfb-mobile-header-display":"","site-post-title":"","ast-breadcrumbs-content":"","ast-featured-img":"","footer-sml-layout":"","ast-disable-related-posts":"","theme-transparent-header-meta":"default","adv-header-id-meta":"","stick-header-meta":"","header-above-stick-meta":"","header-main-stick-meta":"","header-below-stick-meta":"","astra-migrate-meta-layouts":"set","ast-page-background-enabled":"default","ast-page-background-meta":{"desktop":{"background-color":"","background-image":"","background-repeat":"repeat","background-position":"center center","background-size":"auto","background-attachment":"scroll","background-type":"","background-media":"","overlay-type":"","overlay-color":"","overlay-opacity":"","overlay-gradient":""},"tablet":{"background-color":"","background-image":"","background-repeat":"repeat","background-position":"center center","background-size":"auto","background-attachment":"scroll","background-type":"","background-media":"","overlay-type":"","overlay-color":"","overlay-opacity":"","overlay-gradient":""},"mobile":{"background-color":"","background-image":"","background-repeat":"repeat","background-position":"center center","background-size":"auto","background-attachment":"scroll","background-type":"","background-media":"","overlay-type":"","overlay-color":"","overlay-opacity":"","overlay-gradient":""}},"ast-content-background-meta":{"desktop":{"background-color":"var(--ast-global-color-5)","background-image":"","background-repeat":"repeat","background-position":"center center","background-size":"auto","background-attachment":"scroll","background-type":"","background-media":"","overlay-type":"","overlay-color":"","overlay-opacity":"","overlay-gradient":""},"tablet":{"background-color":"var(--ast-global-color-5)","background-image":"","background-repeat":"repeat","background-position":"center center","background-size":"auto","background-attachment":"scroll","background-type":"","background-media":"","overlay-type":"","overlay-color":"","overlay-opacity":"","overlay-gradient":""},"mobile":{"background-color":"var(--ast-global-color-5)","background-image":"","background-repeat":"repeat","background-position":"center center","background-size":"auto","background-attachment":"scroll","background-type":"","background-media":"","overlay-type":"","overlay-color":"","overlay-opacity":"","overlay-gradient":""}},"_joinchat":{"telephone":"17776015835"}},"product_brand":[],"product_cat":[68,176,156,158,142],"product_tag":[307,105,211,94,302],"class_list":{"0":"post-4046","1":"product","2":"type-product","3":"status-publish","4":"has-post-thumbnail","6":"product_cat-25000-puff","7":"product_cat-aivono-vape","8":"product_cat-buy-disposable-vapes-in-poland","9":"product_cat-buy-disposable-vapes-in-spain","10":"product_cat-digital-box-disposable-vapes","11":"product_tag-aivono-aim-boom-25000","12":"product_tag-digital-disposable-vape","13":"product_tag-puff-25k","14":"product_tag-rechargeable-disposable-vape","15":"product_tag-vape-box-mod","16":"desktop-align-left","17":"tablet-align-left","18":"mobile-align-left","20":"first","21":"instock","22":"sale","23":"shipping-taxable","24":"purchasable","25":"product-type-simple"},"acf":[],"uagb_featured_image_src":{"full":["https:\/\/vapestornado.com\/wp-content\/uploads\/2025\/03\/Aivono-Aim-Boom-25000-Best-Disposable-Vape-Wholesale.jpg",1080,1080,false],"thumbnail":["https:\/\/vapestornado.com\/wp-content\/uploads\/2025\/03\/Aivono-Aim-Boom-25000-Best-Disposable-Vape-Wholesale-150x150.jpg",150,150,true],"medium":["https:\/\/vapestornado.com\/wp-content\/uploads\/2025\/03\/Aivono-Aim-Boom-25000-Best-Disposable-Vape-Wholesale-300x300.jpg",300,300,true],"medium_large":["https:\/\/vapestornado.com\/wp-content\/uploads\/2025\/03\/Aivono-Aim-Boom-25000-Best-Disposable-Vape-Wholesale-768x768.jpg",768,768,true],"large":["https:\/\/vapestornado.com\/wp-content\/uploads\/2025\/03\/Aivono-Aim-Boom-25000-Best-Disposable-Vape-Wholesale-1024x1024.jpg",1024,1024,true],"1536x1536":["https:\/\/vapestornado.com\/wp-content\/uploads\/2025\/03\/Aivono-Aim-Boom-25000-Best-Disposable-Vape-Wholesale.jpg",1080,1080,false],"2048x2048":["https:\/\/vapestornado.com\/wp-content\/uploads\/2025\/03\/Aivono-Aim-Boom-25000-Best-Disposable-Vape-Wholesale.jpg",1080,1080,false],"trp-custom-language-flag":["https:\/\/vapestornado.com\/wp-content\/uploads\/2025\/03\/Aivono-Aim-Boom-25000-Best-Disposable-Vape-Wholesale.jpg",12,12,false],"woocommerce_thumbnail":["https:\/\/vapestornado.com\/wp-content\/uploads\/2025\/03\/Aivono-Aim-Boom-25000-Best-Disposable-Vape-Wholesale-300x300.jpg",300,300,true],"woocommerce_single":["https:\/\/vapestornado.com\/wp-content\/uploads\/2025\/03\/Aivono-Aim-Boom-25000-Best-Disposable-Vape-Wholesale-600x600.jpg",600,600,true],"woocommerce_gallery_thumbnail":["https:\/\/vapestornado.com\/wp-content\/uploads\/2025\/03\/Aivono-Aim-Boom-25000-Best-Disposable-Vape-Wholesale-100x100.jpg",100,100,true]},"uagb_author_info":{"display_name":"ESAMY","author_link":"https:\/\/vapestornado.com\/hr\/author\/"},"uagb_comment_info":0,"uagb_excerpt":"The Aivono Aim Boom 25K Vape Pod offers 25,000 puffs, dual mesh coils, and a smart display. A top pick for wholesale bulk vape orders. Add Amy's whatsapp to get right reply and discount price! WhatsApp: +86 17776015835 &nbsp;","_links":{"self":[{"href":"https:\/\/vapestornado.com\/hr\/wp-json\/wp\/v2\/product\/4046","targetHints":{"allow":["GET"]}}],"collection":[{"href":"https:\/\/vapestornado.com\/hr\/wp-json\/wp\/v2\/product"}],"about":[{"href":"https:\/\/vapestornado.com\/hr\/wp-json\/wp\/v2\/types\/product"}],"replies":[{"embeddable":true,"href":"https:\/\/vapestornado.com\/hr\/wp-json\/wp\/v2\/comments?post=4046"}],"wp:featuredmedia":[{"embeddable":true,"href":"https:\/\/vapestornado.com\/hr\/wp-json\/wp\/v2\/media\/4030"}],"wp:attachment":[{"href":"https:\/\/vapestornado.com\/hr\/wp-json\/wp\/v2\/media?parent=4046"}],"wp:term":[{"taxonomy":"product_brand","embeddable":true,"href":"https:\/\/vapestornado.com\/hr\/wp-json\/wp\/v2\/product_brand?post=4046"},{"taxonomy":"product_cat","embeddable":true,"href":"https:\/\/vapestornado.com\/hr\/wp-json\/wp\/v2\/product_cat?post=4046"},{"taxonomy":"product_tag","embeddable":true,"href":"https:\/\/vapestornado.com\/hr\/wp-json\/wp\/v2\/product_tag?post=4046"}],"curies":[{"name":"wp","href":"https:\/\/api.w.org\/{rel}","templated":true}]}}