{"id":4044,"date":"2025-03-30T09:23:45","date_gmt":"2025-03-30T09:23:45","guid":{"rendered":"https:\/\/vapestornado.com\/?post_type=product&#038;p=4044"},"modified":"2025-08-23T11:57:41","modified_gmt":"2025-08-23T11:57:41","slug":"bang-king-30000-pro-puff-30k-disposable-device-wholesale-price","status":"publish","type":"product","link":"https:\/\/vapestornado.com\/hr\/product\/bang-king-30000-pro-puff-30k-disposable-device-wholesale-price\/","title":{"rendered":"Bang King 30000 Pro Puff 30k Jednokratni ure\u0111aj Veleprodajna cijena"},"content":{"rendered":"<h1 data-pm-slice=\"1 1 []\">Bang King 30000 Pro Puff 30k Jednokratni ure\u0111aj Veleprodajna cijena<\/h1>\n<p>Ovo <strong data-start=\"383\" data-end=\"427\">Bang King 30000 Pro Puff Jednokratni Vape<\/strong> je dizajniran za veletrgovce i trgovce na malo koji \u017eele imati na zalihi vrhunski ure\u0111aj dugog vijeka trajanja. Nudi do <strong data-start=\"537\" data-end=\"553\">30.000 puffova<\/strong>, ovaj jednokratni ure\u0111aj pru\u017ea produ\u017eene sesije s dosljednom kvalitetom okusa. Njegov <strong data-start=\"634\" data-end=\"671\">36 ml prethodno napunjeni kapacitet e-teku\u0107ine<\/strong> i <strong data-start=\"676\" data-end=\"694\">Mre\u017easta zavojnica od 1,0 \u03a9<\/strong> osigurava glatku paru i bogat okus od prvog udisaja do posljednjeg.<\/p>\n<p>Pokre\u0107e ga <strong data-start=\"787\" data-end=\"818\">850mAh punjiva baterija<\/strong> sa <strong data-start=\"824\" data-end=\"848\">Type-C brzo punjenje<\/strong>, Bang King 30K Pro Puff jam\u010di neprekidnu upotrebu. Opcije ja\u010dine nikotina od <strong data-start=\"936\" data-end=\"958\">0%, 2%, 3% i 5%<\/strong> \u010dine ga prikladnim za \u0161irok raspon kupaca, dok <strong data-start=\"1013\" data-end=\"1044\">12 stru\u010dno izmije\u0161anih okusa<\/strong> pru\u017eaju svestranost za svaku preferenciju okusa.<\/p>\n<p>Za kupce na veliko, ovaj je ure\u0111aj sna\u017ean izvo\u0111a\u010d na <strong data-start=\"1159\" data-end=\"1195\">veleprodajnom tr\u017ei\u0161tu jednokratnih vape ure\u0111aja<\/strong>, kombiniraju\u0107i trajnost, vrhunski okus i konkurentne cijene. Pouzdan izbor za trgovine koje tra\u017ee e-cigarete velikog kapaciteta i velike potra\u017enje.<\/p>\n<h2><strong>Glavne zna\u010dajke proizvoda:<\/strong><\/h2>\n<p>\u2714\u00a0<strong>30.000 Puffs<\/strong>\u00a0\u2013 Ultra-dugotrajne performanse za produ\u017eeni u\u017eitak.<br \/>\n\u2714\u00a0<strong>36 ml kapaciteta e-teku\u0107ine<\/strong>\u00a0\u2013 Nema potrebe za dopunjavanjem, samo \u010disti u\u017eitak vapinga.<br \/>\n\u2714\u00a0<strong>Sustav s jednim okusom<\/strong>\u00a0\u2013 Stru\u010dno izra\u0111eni okusi koji ostaju bogati i dosljedni tijekom kori\u0161tenja.<br \/>\n\u2714\u00a0<strong>Priklju\u010dak za punjenje Type-C<\/strong>\u00a0\u2013 Opremljen je s\u00a0<strong>bateriju od 850mAh<\/strong>\u00a0za neprekinute sesije.<br \/>\n\u2714\u00a0<strong>1.0\u03a9 Mre\u017easta zavojnica<\/strong>\u00a0\u2013 Pobolj\u0161ava isporuku okusa za glatkije, intenzivnije iskustvo.<br \/>\n\u2714\u00a0<strong>Vi\u0161e ja\u010dina nikotina (0%\/2%\/3%\/5%)<\/strong>\u00a0\u2013 Prilago\u0111eno svim preferencijama.<br \/>\n\u2714\u00a0<strong>12 ukusnih okusa na raspolaganju<\/strong>\u00a0\u2013 Raznovrsne opcije za sva\u010diji ukus.<\/p>\n<p>Savr\u0161eno za\u00a0<strong>veleprodajni kupci i trgovci<\/strong>, onda je\u00a0<strong>Bang King 30K Pro Puf<\/strong>\u00a0je vrhunska jednokratna e-cigareta koja jam\u010di zadovoljstvo kupaca sa svojim\u00a0<strong>velikim brojem povla\u010denja, dosljedno\u0161\u0107u vrhunskog okusa i prakti\u010dno\u0161\u0107u<\/strong>.<\/p>\n<p data-start=\"666\" data-end=\"1235\"><strong style=\"font-size: 16px;\"><span style=\"color: #ff0000;\">Dodajte Amy na WhatsApp za brzi odgovor i popust!<\/span><\/strong><\/p>\n<p><img fetchpriority=\"high\" decoding=\"async\" class=\"size-full wp-image-2932\" src=\"https:\/\/vapestornado.com\/wp-content\/uploads\/2024\/12\/Vape-Wholesale.jpg\" alt=\"Veleprodaja vejpova\" width=\"229\" height=\"300\" \/><\/p>\n<h3><a href=\"https:\/\/wa.me\/8617776015835\" target=\"_blank\" rel=\"noopener\"><span style=\"color: #ff0000;\"><strong>WhatsApp: +86 17776015835<\/strong><\/span><\/a><\/h3>\n<p>&nbsp;<\/p>\n<h2><strong>Bang King 30000 Pro klju\u010dne zna\u010dajke proizvoda<\/strong><\/h2>\n<p>Marka: Bang King<br \/>\nNikotin:0%\/2%\/3%\/5%<br \/>\nPovla\u010denja: 30000 povla\u010denja<br \/>\nBaterija: 850 mAh<br \/>\nKapacitet: 36 ml<br \/>\nOtpor: 1.0 \u03a9 mre\u017easti grija\u010d<br \/>\nPunjivo: tip-C<br \/>\nJednokratni ure\u0111aj<br \/>\nDostupno 12 okusa<\/p>\n<p>&nbsp;<\/p>\n<figure id=\"attachment_4033\" aria-describedby=\"caption-attachment-4033\" style=\"width: 800px\" class=\"wp-caption alignnone\"><img decoding=\"async\" class=\"wp-image-4033 size-full\" src=\"https:\/\/vapestornado.com\/wp-content\/uploads\/2025\/03\/Bang-King-30K-30000-PRO-Puffs-Disposable-Vape-Pen.webp\" alt=\"Bang King 30K 30000 PRO Povla\u010denja jednokratna Vape olovka\" width=\"800\" height=\"800\" srcset=\"https:\/\/vapestornado.com\/wp-content\/uploads\/2025\/03\/Bang-King-30K-30000-PRO-Puffs-Disposable-Vape-Pen.webp 800w, https:\/\/vapestornado.com\/wp-content\/uploads\/2025\/03\/Bang-King-30K-30000-PRO-Puffs-Disposable-Vape-Pen-300x300.webp 300w, https:\/\/vapestornado.com\/wp-content\/uploads\/2025\/03\/Bang-King-30K-30000-PRO-Puffs-Disposable-Vape-Pen-150x150.webp 150w, https:\/\/vapestornado.com\/wp-content\/uploads\/2025\/03\/Bang-King-30K-30000-PRO-Puffs-Disposable-Vape-Pen-768x768.webp 768w, https:\/\/vapestornado.com\/wp-content\/uploads\/2025\/03\/Bang-King-30K-30000-PRO-Puffs-Disposable-Vape-Pen-600x600.webp 600w, https:\/\/vapestornado.com\/wp-content\/uploads\/2025\/03\/Bang-King-30K-30000-PRO-Puffs-Disposable-Vape-Pen-100x100.webp 100w\" sizes=\"(max-width: 800px) 100vw, 800px\" \/><figcaption id=\"caption-attachment-4033\" class=\"wp-caption-text\">Bang King 30K 30000 PRO Povla\u010denja jednokratna Vape olovka<\/figcaption><\/figure>\n<h2 class=\"product-title\"><strong>Bang King 30000 Puff Jednokratni popis okusa<\/strong><\/h2>\n<article class=\"w-full text-token-text-primary focus-visible:outline-2 focus-visible:outline-offset-[-4px]\" dir=\"auto\" data-testid=\"conversation-turn-32\" data-scroll-anchor=\"false\">\n<div class=\"m-auto text-base py-[18px] px-6\">\n<div class=\"mx-auto flex flex-1 text-base gap-4 md:gap-5 lg:gap-6 md:max-w-3xl lg:max-w-[40rem] xl:max-w-[48rem]\">\n<div class=\"group\/conversation-turn relative flex w-full min-w-0 flex-col @xs\/thread:px-0 @sm\/thread:px-1.5 @md\/thread:px-4\">\n<div class=\"flex-col gap-1 md:gap-3\">\n<div class=\"flex max-w-full flex-col flex-grow\">\n<div class=\"min-h-8 text-message flex w-full flex-col items-end gap-2 whitespace-normal break-words text-start [.text-message+&amp;]:mt-5\" dir=\"auto\" data-message-author-role=\"user\" data-message-id=\"ffac41ca-1db4-431b-873a-32c4052956f1\">\n<div class=\"flex w-full flex-col gap-1 empty:hidden items-end rtl:items-start\">\n<div class=\"relative max-w-[var(--user-chat-width,70%)] rounded-3xl bg-token-message-surface px-5 py-2.5\">\n<div class=\"absolute bottom-0 right-full top-0 -mr-3.5 hidden pr-5 pt-2 [.group\/conversation-turn:hover_&amp;]:flex\">\n<div class=\"flex\">\n<article class=\"w-full text-token-text-primary focus-visible:outline-2 focus-visible:outline-offset-[-4px]\" dir=\"auto\" data-testid=\"conversation-turn-39\" data-scroll-anchor=\"true\">\n<div class=\"m-auto text-base py-[18px] px-6\">\n<div class=\"mx-auto flex flex-1 text-base gap-4 md:gap-5 lg:gap-6 md:max-w-3xl lg:max-w-[40rem] xl:max-w-[48rem]\">\n<div class=\"group\/conversation-turn relative flex w-full min-w-0 flex-col agent-turn @xs\/thread:px-0 @sm\/thread:px-1.5 @md\/thread:px-4\">\n<div class=\"flex-col gap-1 md:gap-3\">\n<div class=\"flex max-w-full flex-col flex-grow\">\n<div class=\"min-h-8 text-message flex w-full flex-col items-end gap-2 whitespace-normal break-words text-start [.text-message+&amp;]:mt-5\" dir=\"auto\" data-message-author-role=\"assistant\" data-message-id=\"55a23854-ec57-48dd-bd4f-6118f43d6241\" data-message-model-slug=\"gpt-4o\">\n<div class=\"flex w-full flex-col gap-1 empty:hidden first:pt-[3px]\">\n<div class=\"markdown prose w-full break-words dark:prose-invert light\">\n<p>1.Jagoda Lubenica<br \/>\n2.Led od borovnice<br \/>\n3.Svje\u017ea metvica<br \/>\n4.Jagoda Gro\u017e\u0111e<br \/>\n5.Borovnica Brusnica Tre\u0161nja<br \/>\n6.Lubeni\u010dka<br \/>\n7. Jagoda kivi<br \/>\n8.Menta Plava Malina<br \/>\n9.Trostruko Bobi\u010dasto Vo\u0107e<br \/>\n10.Lubeni\u010dka Tre\u0161nja<br \/>\n11.Malina Tamni Sjaj<br \/>\n12.Borovnica Malina<\/p>\n<\/div>\n<\/div>\n<\/div>\n<\/div>\n<\/div>\n<\/div>\n<\/div>\n<\/div>\n<\/article>\n<\/div>\n<\/div>\n<\/div>\n<\/div>\n<\/div>\n<\/div>\n<\/div>\n<\/div>\n<\/div>\n<\/div>\n<\/article>\n<h2>Za\u0161to odabrati Vapestornado za kupovinu Bang King 30000 Pro?<\/h2>\n<div class=\"flex-shrink-0 flex flex-col relative items-end\">\n<div class=\"pt-0\">\n<div class=\"gizmo-bot-avatar flex h-8 w-8 items-center justify-center overflow-hidden rounded-full\">\n<div class=\"relative p-1 rounded-sm flex items-center justify-center bg-token-main-surface-primary text-token-text-primary h-8 w-8\">\n<p>At\u00a0<strong>VapeTornado<\/strong>, ponosimo se isporukom\u00a0<strong>vrhunskih proizvoda za vaping po nenadma\u0161nim cijenama<\/strong>\u2014a Bang King 30000 Pro nije iznimka! Evo za\u0161to biste trebali kupiti od nas:<\/p>\n<p><strong>Najbolje veleprodajne cijene<\/strong>\u00a0\u2013 Nudimo\u00a0<strong>konkurentne cijene za velike koli\u010dine<\/strong><span style=\"font-size: 16px;\">, \u0161to nas \u010dini najboljim izborom za preprodava\u010de i vape trgovine.<\/span><\/p>\n<p><strong>Brzo<\/strong>\u00a0\u2013 Neka va\u0161a narud\u017eba bude isporu\u010dena\u00a0<strong>brzo i sigurno<\/strong>, s mogu\u0107nostima slanja diljem svijeta.<br \/>\n<strong>100% Autenti\u010dni proizvodi<\/strong>\u00a0\u2013 Bez imitacija\u2014samo\u00a0<strong>originalni WASPE Triple jednokratni ure\u0111aji<\/strong>\u00a0s provjerenom kvalitetom.<br \/>\n<strong>Izvrsna korisni\u010dka podr\u0161ka<\/strong>\u00a0\u2013 Imate pitanja? Na\u0161i\u00a0<strong>stru\u010dnjaci za vape<\/strong> su vam spremni pomo\u0107i 24\/7.<\/p>\n<p data-start=\"559\" data-end=\"933\" data-is-last-node=\"\" data-is-only-node=\"\">Tako\u0111er imamo i druge popularne vapeove sa zaslonom kao \u0161to su <a href=\"https:\/\/vapestornado.com\/hr\/product\/mesii-couple-50k-disposable-shisha-hookah-50000-puffs-vape-with-digital-display\/\">Mesii par 50000<\/a>, <a href=\"https:\/\/vapestornado.com\/hr\/product\/vopk-cool-9000-puffs-disposable-vapes-bar-puff-9k\/\">VOPK 9000 Puff jednokratni vape<\/a>, <a href=\"https:\/\/vapestornado.com\/hr\/product\/bang-beach-22000-20k-puff-disposable-vape-pen-with-screen-reddit-hot\/\">Bang Beach 22000<\/a>, i vi\u0161e.<\/p>\n<\/div>\n<div class=\"relative p-1 rounded-sm flex items-center justify-center bg-token-main-surface-primary text-token-text-primary h-8 w-8\">\n<h2>\u010cESTA PITANJA za Bang King 30000<\/h2>\n<h3><strong>1. Koliko dugo traje Bang King 30K Pro Puff?<\/strong><\/h3>\n<p>S\u00a0<strong>30.000 puffova<\/strong>, ovaj ure\u0111aj mo\u017ee trajati znatno du\u017ee od standardnih jednokratnih, ovisno o u\u010destalosti kori\u0161tenja. Za umjerene korisnike, mo\u017ee trajati tjednima ili \u010dak mjesecima.<\/p>\n<h3><strong>2. Je li Bang King 30K punjiv?<\/strong><\/h3>\n<p>Da! Sadr\u017ei\u00a0<strong>USB-C punjivi priklju\u010dak<\/strong>, omogu\u0107uju\u0107i vam da maksimizirate\u00a0<strong>36 ml kapaciteta e-teku\u0107ine<\/strong>\u00a0bez prekida zbog pra\u017enjenja baterije.<\/p>\n<h3><strong>3. Koje su ja\u010dine nikotina dostupne?<\/strong><\/h3>\n<p>Ovo\u00a0<strong>Bang King 30K Pro Puf<\/strong>\u00a0dolazi u\u00a0<strong>0% (bez nikotina), 2%, 3%, i 5% opcije nikotina,<\/strong>\u00a0prilago\u0111eno i povremenim i te\u0161kim korisnicima.<\/p>\n<h3><strong>4. Je li okus konzistentan tijekom kori\u0161tenja?<\/strong><\/h3>\n<p>Apsolutno! Zahvaljuju\u0107i svom\u00a0<strong>sustavu s jednim okusom i mre\u017eastom grija\u010du od 1.0\u03a9<\/strong>, okus ostaje bogat i ujedna\u010den od prvog do posljednjeg udisaja.<\/p>\n<\/div>\n<\/div>\n<\/div>\n<\/div>","protected":false},"excerpt":{"rendered":"<p class=\"LC20lb MBeuO DKV0Md\">Ovo <strong data-start=\"1343\" data-end=\"1374\">Bang King 30K Pro Puff vaporizator<\/strong> nudi 30.000 udisaja, 36 ml e-teku\u0107ine i punjivu prakti\u010dnost. Pouzdan jednokratni ure\u0111aj s okusom po veleprodajnim cijenama.<\/p>\n<p><strong>Dodajte Amy na WhatsApp za brzi odgovor i popust!<\/strong><\/p>\n<p><img fetchpriority=\"high\" decoding=\"async\" class=\"size-full wp-image-2932\" src=\"https:\/\/vapestornado.com\/wp-content\/uploads\/2024\/12\/Vape-Wholesale.jpg\" alt=\"Veleprodaja vejpova\" width=\"229\" height=\"300\" \/><\/p>\n<h3><a href=\"https:\/\/wa.me\/8617776015835\"><span style=\"color: #ff0000;\"><strong>WhatsApp: +86 17776015835<\/strong><\/span><\/a><\/h3>\n<p>&nbsp;<\/p>","protected":false},"featured_media":4037,"comment_status":"open","ping_status":"closed","template":"","meta":{"_acf_changed":false,"_uag_custom_page_level_css":"","_lmt_disableupdate":"no","_lmt_disable":"","_monsterinsights_skip_tracking":false,"_monsterinsights_sitenote_active":false,"_monsterinsights_sitenote_note":"","_monsterinsights_sitenote_category":0,"site-sidebar-layout":"default","site-content-layout":"","ast-site-content-layout":"default","site-content-style":"default","site-sidebar-style":"default","ast-global-header-display":"","ast-banner-title-visibility":"","ast-main-header-display":"","ast-hfb-above-header-display":"","ast-hfb-below-header-display":"","ast-hfb-mobile-header-display":"","site-post-title":"","ast-breadcrumbs-content":"","ast-featured-img":"","footer-sml-layout":"","ast-disable-related-posts":"","theme-transparent-header-meta":"default","adv-header-id-meta":"","stick-header-meta":"","header-above-stick-meta":"","header-main-stick-meta":"","header-below-stick-meta":"","astra-migrate-meta-layouts":"set","ast-page-background-enabled":"default","ast-page-background-meta":{"desktop":{"background-color":"","background-image":"","background-repeat":"repeat","background-position":"center center","background-size":"auto","background-attachment":"scroll","background-type":"","background-media":"","overlay-type":"","overlay-color":"","overlay-opacity":"","overlay-gradient":""},"tablet":{"background-color":"","background-image":"","background-repeat":"repeat","background-position":"center center","background-size":"auto","background-attachment":"scroll","background-type":"","background-media":"","overlay-type":"","overlay-color":"","overlay-opacity":"","overlay-gradient":""},"mobile":{"background-color":"","background-image":"","background-repeat":"repeat","background-position":"center center","background-size":"auto","background-attachment":"scroll","background-type":"","background-media":"","overlay-type":"","overlay-color":"","overlay-opacity":"","overlay-gradient":""}},"ast-content-background-meta":{"desktop":{"background-color":"var(--ast-global-color-5)","background-image":"","background-repeat":"repeat","background-position":"center center","background-size":"auto","background-attachment":"scroll","background-type":"","background-media":"","overlay-type":"","overlay-color":"","overlay-opacity":"","overlay-gradient":""},"tablet":{"background-color":"var(--ast-global-color-5)","background-image":"","background-repeat":"repeat","background-position":"center center","background-size":"auto","background-attachment":"scroll","background-type":"","background-media":"","overlay-type":"","overlay-color":"","overlay-opacity":"","overlay-gradient":""},"mobile":{"background-color":"var(--ast-global-color-5)","background-image":"","background-repeat":"repeat","background-position":"center center","background-size":"auto","background-attachment":"scroll","background-type":"","background-media":"","overlay-type":"","overlay-color":"","overlay-opacity":"","overlay-gradient":""}},"_joinchat":{"telephone":"17776015835"}},"product_brand":[],"product_cat":[67,63,151,144,146],"product_tag":[305,306,105,94,302],"class_list":{"0":"post-4044","1":"product","2":"type-product","3":"status-publish","4":"has-post-thumbnail","6":"product_cat-30000-puff","7":"product_cat-bangking","8":"product_cat-buy-disposable-vapes-in-france","9":"product_cat-low-nicotine-disposable-vapes","10":"product_cat-rechargeable-disposable-vapes","11":"product_tag-bang-king","12":"product_tag-bang-king-30000","13":"product_tag-digital-disposable-vape","14":"product_tag-rechargeable-disposable-vape","15":"product_tag-vape-box-mod","16":"desktop-align-left","17":"tablet-align-left","18":"mobile-align-left","20":"first","21":"instock","22":"sale","23":"shipping-taxable","24":"purchasable","25":"product-type-simple"},"acf":[],"uagb_featured_image_src":{"full":["https:\/\/vapestornado.com\/wp-content\/uploads\/2025\/03\/Bang-King-30000-Puffs-Disposable-Vape-Best-Price.webp",800,800,false],"thumbnail":["https:\/\/vapestornado.com\/wp-content\/uploads\/2025\/03\/Bang-King-30000-Puffs-Disposable-Vape-Best-Price-150x150.webp",150,150,true],"medium":["https:\/\/vapestornado.com\/wp-content\/uploads\/2025\/03\/Bang-King-30000-Puffs-Disposable-Vape-Best-Price-300x300.webp",300,300,true],"medium_large":["https:\/\/vapestornado.com\/wp-content\/uploads\/2025\/03\/Bang-King-30000-Puffs-Disposable-Vape-Best-Price-768x768.webp",768,768,true],"large":["https:\/\/vapestornado.com\/wp-content\/uploads\/2025\/03\/Bang-King-30000-Puffs-Disposable-Vape-Best-Price.webp",800,800,false],"1536x1536":["https:\/\/vapestornado.com\/wp-content\/uploads\/2025\/03\/Bang-King-30000-Puffs-Disposable-Vape-Best-Price.webp",800,800,false],"2048x2048":["https:\/\/vapestornado.com\/wp-content\/uploads\/2025\/03\/Bang-King-30000-Puffs-Disposable-Vape-Best-Price.webp",800,800,false],"trp-custom-language-flag":["https:\/\/vapestornado.com\/wp-content\/uploads\/2025\/03\/Bang-King-30000-Puffs-Disposable-Vape-Best-Price.webp",12,12,false],"woocommerce_thumbnail":["https:\/\/vapestornado.com\/wp-content\/uploads\/2025\/03\/Bang-King-30000-Puffs-Disposable-Vape-Best-Price-300x300.webp",300,300,true],"woocommerce_single":["https:\/\/vapestornado.com\/wp-content\/uploads\/2025\/03\/Bang-King-30000-Puffs-Disposable-Vape-Best-Price-600x600.webp",600,600,true],"woocommerce_gallery_thumbnail":["https:\/\/vapestornado.com\/wp-content\/uploads\/2025\/03\/Bang-King-30000-Puffs-Disposable-Vape-Best-Price-100x100.webp",100,100,true]},"uagb_author_info":{"display_name":"ESAMY","author_link":"https:\/\/vapestornado.com\/hr\/author\/"},"uagb_comment_info":0,"uagb_excerpt":"The Bang King 30K Pro Puff Vape offers 30,000 puffs, 36ml e-liquid, and rechargeable convenience. A reliable, flavorful disposable at wholesale bulk prices. Add Amy's whatsapp to get right reply and discount price! WhatsApp: +86 17776015835 &nbsp;","_links":{"self":[{"href":"https:\/\/vapestornado.com\/hr\/wp-json\/wp\/v2\/product\/4044","targetHints":{"allow":["GET"]}}],"collection":[{"href":"https:\/\/vapestornado.com\/hr\/wp-json\/wp\/v2\/product"}],"about":[{"href":"https:\/\/vapestornado.com\/hr\/wp-json\/wp\/v2\/types\/product"}],"replies":[{"embeddable":true,"href":"https:\/\/vapestornado.com\/hr\/wp-json\/wp\/v2\/comments?post=4044"}],"wp:featuredmedia":[{"embeddable":true,"href":"https:\/\/vapestornado.com\/hr\/wp-json\/wp\/v2\/media\/4037"}],"wp:attachment":[{"href":"https:\/\/vapestornado.com\/hr\/wp-json\/wp\/v2\/media?parent=4044"}],"wp:term":[{"taxonomy":"product_brand","embeddable":true,"href":"https:\/\/vapestornado.com\/hr\/wp-json\/wp\/v2\/product_brand?post=4044"},{"taxonomy":"product_cat","embeddable":true,"href":"https:\/\/vapestornado.com\/hr\/wp-json\/wp\/v2\/product_cat?post=4044"},{"taxonomy":"product_tag","embeddable":true,"href":"https:\/\/vapestornado.com\/hr\/wp-json\/wp\/v2\/product_tag?post=4044"}],"curies":[{"name":"wp","href":"https:\/\/api.w.org\/{rel}","templated":true}]}}