{"id":4043,"date":"2025-03-29T08:48:24","date_gmt":"2025-03-29T08:48:24","guid":{"rendered":"https:\/\/vapestornado.com\/?post_type=product&#038;p=4043"},"modified":"2025-08-23T12:28:58","modified_gmt":"2025-08-23T12:28:58","slug":"bang-32000-puff-vape-box-mod-with-digital-screen-cheap-pricedisposable-vape-kit-best-price-copy","status":"publish","type":"product","link":"https:\/\/vapestornado.com\/hr\/product\/bang-32000-puff-vape-box-mod-with-digital-screen-cheap-pricedisposable-vape-kit-best-price-copy\/","title":{"rendered":"Bang 32000 Puff Vape Box Mod s digitalnim zaslonom Povoljna cijena"},"content":{"rendered":"<h1 data-pm-slice=\"1 1 []\">Bang 32000 Puff Vape Box Mod s digitalnim zaslonom Povoljna cijena<\/h1>\n<p class=\"\" data-start=\"673\" data-end=\"1205\">Ovo <strong data-start=\"88\" data-end=\"124\">Bang 32000 Puffs Vape za jednokratnu upotrebu<\/strong> redefinira iskustvo vapinga sa svojim masivnim kapacitetom puhanja, pametnim digitalnim zaslonom i prilagodljivim postavkama. Dizajniran za povremene i iskusne vapere, ovaj ure\u0111aj nudi iznimnu kombinaciju performansi, dugovje\u010dnosti i prakti\u010dnosti.<\/p>\n<p data-start=\"673\" data-end=\"1205\"><strong>Za\u0161to je Bang 32000 postao popularan vape s digitalnim zaslonom?<\/strong><\/p>\n<p class=\"\" data-start=\"405\" data-end=\"607\"><strong data-start=\"407\" data-end=\"437\">Odabirljive razine nikotina<\/strong> \u2013 Birajte izme\u0111u ja\u010dine nikotina 0%, 2%, 3% ili 5% kako bi odgovarala va\u0161im \u017eeljama. Bez obzira u\u017eivate li u vapeu bez nikotina ili ja\u010dem udarcu, ovaj ure\u0111aj zadovoljava va\u0161e potrebe.<\/p>\n<p class=\"\" data-start=\"609\" data-end=\"755\"><strong data-start=\"611\" data-end=\"635\">Kapacitet od 32.000 puhanja<\/strong> \u2013 Mijenja pravila igre na tr\u017ei\u0161tu vapea za jednokratnu upotrebu, osiguravaju\u0107i dugotrajnu upotrebu bez potrebe za \u010destim zamjenama.<\/p>\n<p class=\"\" data-start=\"757\" data-end=\"883\"><strong data-start=\"759\" data-end=\"787\">Veliki spremnik za e-teku\u0107inu od 32 ml<\/strong> \u2013 Omogu\u0107uje produljene sesije vapinga s bogatim, smjelim okusima, smanjuju\u0107i potrebu za ponovnim punjenjem.<\/p>\n<p class=\"\" data-start=\"885\" data-end=\"1019\"><strong data-start=\"887\" data-end=\"919\">Napredni 0.5\u03a9 Dual Mesh grija\u010d<\/strong> \u2013 Pobolj\u0161ava proizvodnju pare i konzistenciju okusa, pru\u017eaju\u0107i glatko i zadovoljavaju\u0107e iskustvo.<\/p>\n<p class=\"\" data-start=\"1021\" data-end=\"1143\"><strong data-start=\"1023\" data-end=\"1047\">Pametni digitalni zaslon<\/strong> \u2013 Budite informirani s a\u017euriranjima razine baterije i e-teku\u0107ine u stvarnom vremenu, eliminiraju\u0107i naga\u0111anja.<\/p>\n<p class=\"\" data-start=\"1145\" data-end=\"1285\"><strong data-start=\"1147\" data-end=\"1204\">Punjiva baterija od 650 mAh s Type-C brzim punjenjem<\/strong> \u2013 Osigurava cjelodnevno kori\u0161tenje uz mogu\u0107nost brzog punjenja za dodatnu prakti\u010dnost.<\/p>\n<p class=\"\" data-start=\"1287\" data-end=\"1418\"><strong data-start=\"1289\" data-end=\"1318\">Podesive postavke snage<\/strong> \u2013 Prilagodite svoje iskustvo vapinga s promjenjivom izlaznom snagom, daju\u0107i vam kontrolu nad svakim povla\u010denjem.<\/p>\n<p data-start=\"666\" data-end=\"1235\"><strong style=\"font-size: 16px;\"><span style=\"color: #ff0000;\">Dodajte Amy na WhatsApp za brzi odgovor i popust!<\/span><\/strong><\/p>\n<p><img fetchpriority=\"high\" decoding=\"async\" class=\"size-full wp-image-2932\" src=\"https:\/\/vapestornado.com\/wp-content\/uploads\/2024\/12\/Vape-Wholesale.jpg\" alt=\"Veleprodaja vejpova\" width=\"229\" height=\"300\" \/><\/p>\n<h3><a href=\"https:\/\/wa.me\/8617776015835\" target=\"_blank\" rel=\"noopener\"><span style=\"color: #ff0000;\"><strong>WhatsApp: +86 17776015835<\/strong><\/span><\/a><\/h3>\n<p>&nbsp;<\/p>\n<h2><strong>Bang 32000 Puffs Klju\u010dne zna\u010dajke proizvoda<\/strong><\/h2>\n<p>Marka: Bang Vape<br \/>\nPuff: 32000 Pufova<br \/>\nE-teku\u0107ina: 32 ml<br \/>\nBaterija: 650mAh Punjiva baterija<br \/>\nPodesiva snaga<br \/>\nDigitalni zaslon za ulje i bateriju<\/p>\n<h2 class=\"product-title\"><strong>Bang 32000 32k Puff Disposables Popis okusa poda<\/strong><\/h2>\n<article class=\"w-full text-token-text-primary focus-visible:outline-2 focus-visible:outline-offset-[-4px]\" dir=\"auto\" data-testid=\"conversation-turn-32\" data-scroll-anchor=\"false\">\n<div class=\"m-auto text-base py-[18px] px-6\">\n<div class=\"mx-auto flex flex-1 text-base gap-4 md:gap-5 lg:gap-6 md:max-w-3xl lg:max-w-[40rem] xl:max-w-[48rem]\">\n<div class=\"group\/conversation-turn relative flex w-full min-w-0 flex-col @xs\/thread:px-0 @sm\/thread:px-1.5 @md\/thread:px-4\">\n<div class=\"flex-col gap-1 md:gap-3\">\n<div class=\"flex max-w-full flex-col flex-grow\">\n<div class=\"min-h-8 text-message flex w-full flex-col items-end gap-2 whitespace-normal break-words text-start [.text-message+&amp;]:mt-5\" dir=\"auto\" data-message-author-role=\"user\" data-message-id=\"ffac41ca-1db4-431b-873a-32c4052956f1\">\n<div class=\"flex w-full flex-col gap-1 empty:hidden items-end rtl:items-start\">\n<div class=\"relative max-w-[var(--user-chat-width,70%)] rounded-3xl bg-token-message-surface px-5 py-2.5\">\n<div class=\"absolute bottom-0 right-full top-0 -mr-3.5 hidden pr-5 pt-2 [.group\/conversation-turn:hover_&amp;]:flex\">\n<div class=\"flex\">\n<article class=\"w-full text-token-text-primary focus-visible:outline-2 focus-visible:outline-offset-[-4px]\" dir=\"auto\" data-testid=\"conversation-turn-39\" data-scroll-anchor=\"true\">\n<div class=\"m-auto text-base py-[18px] px-6\">\n<div class=\"mx-auto flex flex-1 text-base gap-4 md:gap-5 lg:gap-6 md:max-w-3xl lg:max-w-[40rem] xl:max-w-[48rem]\">\n<div class=\"group\/conversation-turn relative flex w-full min-w-0 flex-col agent-turn @xs\/thread:px-0 @sm\/thread:px-1.5 @md\/thread:px-4\">\n<div class=\"flex-col gap-1 md:gap-3\">\n<div class=\"flex max-w-full flex-col flex-grow\">\n<div class=\"min-h-8 text-message flex w-full flex-col items-end gap-2 whitespace-normal break-words text-start [.text-message+&amp;]:mt-5\" dir=\"auto\" data-message-author-role=\"assistant\" data-message-id=\"55a23854-ec57-48dd-bd4f-6118f43d6241\" data-message-model-slug=\"gpt-4o\">\n<div class=\"flex w-full flex-col gap-1 empty:hidden first:pt-[3px]\">\n<div class=\"markdown prose w-full break-words dark:prose-invert light\">\n<p>1. Borovnica Malina<br \/>\n2. Lubenica Tre\u0161nja<br \/>\n3. Borovnica Led<br \/>\n4. Lubenica Led<br \/>\n5. Jagoda Lubenica<br \/>\n6. Jagoda Kiwi<br \/>\n7. Red Bull<br \/>\n8. \u017dvaka\u0107a guma od lubenice<br \/>\n9. Gro\u017e\u0111e Led<br \/>\n10. Breskva Mango<br \/>\n11. Ledena breskva<br \/>\n12. Mije\u0161ano vo\u0107e<\/p>\n<figure id=\"attachment_4042\" aria-describedby=\"caption-attachment-4042\" style=\"width: 800px\" class=\"wp-caption alignnone\"><img decoding=\"async\" class=\"wp-image-4042 size-full\" src=\"https:\/\/vapestornado.com\/wp-content\/uploads\/2025\/03\/Bang-King-32000-Puffs-Disposable-Vape.webp\" alt=\"Bang King 32000 Puffs jednokratni vape\" width=\"800\" height=\"800\" srcset=\"https:\/\/vapestornado.com\/wp-content\/uploads\/2025\/03\/Bang-King-32000-Puffs-Disposable-Vape.webp 800w, https:\/\/vapestornado.com\/wp-content\/uploads\/2025\/03\/Bang-King-32000-Puffs-Disposable-Vape-300x300.webp 300w, https:\/\/vapestornado.com\/wp-content\/uploads\/2025\/03\/Bang-King-32000-Puffs-Disposable-Vape-150x150.webp 150w, https:\/\/vapestornado.com\/wp-content\/uploads\/2025\/03\/Bang-King-32000-Puffs-Disposable-Vape-768x768.webp 768w, https:\/\/vapestornado.com\/wp-content\/uploads\/2025\/03\/Bang-King-32000-Puffs-Disposable-Vape-600x600.webp 600w, https:\/\/vapestornado.com\/wp-content\/uploads\/2025\/03\/Bang-King-32000-Puffs-Disposable-Vape-100x100.webp 100w\" sizes=\"(max-width: 800px) 100vw, 800px\" \/><figcaption id=\"caption-attachment-4042\" class=\"wp-caption-text\">Bang King 32000 Puffs jednokratni vape<\/figcaption><\/figure>\n<\/div>\n<\/div>\n<\/div>\n<\/div>\n<\/div>\n<\/div>\n<\/div>\n<\/div>\n<\/article>\n<\/div>\n<\/div>\n<\/div>\n<\/div>\n<\/div>\n<\/div>\n<\/div>\n<\/div>\n<\/div>\n<\/div>\n<\/article>\n<h2>Za\u0161to odabrati Vapestornado za kupnju Bang 32k Puff?<\/h2>\n<div class=\"flex-shrink-0 flex flex-col relative items-end\">\n<div class=\"pt-0\">\n<div class=\"gizmo-bot-avatar flex h-8 w-8 items-center justify-center overflow-hidden rounded-full\">\n<div class=\"relative p-1 rounded-sm flex items-center justify-center bg-token-main-surface-primary text-token-text-primary h-8 w-8\">\n<p>At\u00a0<strong>VapeTornado<\/strong>, ponosimo se isporukom\u00a0<strong>vrhunskih proizvoda za vaping po nenadma\u0161nim cijenama<\/strong>\u2014a Bang Vape 32000 puffs nije iznimka! Evo za\u0161to biste trebali kupiti od nas:<\/p>\n<p><strong>Najbolje veleprodajne cijene<\/strong>\u00a0\u2013 Nudimo\u00a0<strong>konkurentne cijene za velike koli\u010dine<\/strong><span style=\"font-size: 16px;\">, \u0161to nas \u010dini najboljim izborom za preprodava\u010de i vape trgovine.<\/span><\/p>\n<p><strong>Brzo<\/strong>\u00a0\u2013 Neka va\u0161a narud\u017eba bude isporu\u010dena\u00a0<strong>brzo i sigurno<\/strong>, s mogu\u0107nostima slanja diljem svijeta.<br \/>\n<strong>100% Autenti\u010dni proizvodi<\/strong>\u00a0\u2013 Bez imitacija\u2014samo\u00a0<strong>originalni WASPE Triple jednokratni ure\u0111aji<\/strong>\u00a0s provjerenom kvalitetom.<br \/>\n<strong>Izvrsna korisni\u010dka podr\u0161ka<\/strong>\u00a0\u2013 Imate pitanja? Na\u0161i\u00a0<strong>stru\u010dnjaci za vape<\/strong> su vam spremni pomo\u0107i 24\/7.<\/p>\n<p data-start=\"559\" data-end=\"933\" data-is-last-node=\"\" data-is-only-node=\"\">Tako\u0111er imamo i druge popularne vapeove sa zaslonom kao \u0161to su <a href=\"https:\/\/vapestornado.com\/hr\/product\/mesii-couple-50k-disposable-shisha-hookah-50000-puffs-vape-with-digital-display\/\">Mesii par 50000<\/a>, <a href=\"https:\/\/vapestornado.com\/hr\/product\/vopk-cool-9000-puffs-disposable-vapes-bar-puff-9k\/\">VOPK 9000 Puff jednokratni vape<\/a>, <a href=\"https:\/\/vapestornado.com\/hr\/product\/bang-beach-22000-20k-puff-disposable-vape-pen-with-screen-reddit-hot\/\">Bang Beach 22000<\/a>, i vi\u0161e.<\/p>\n<\/div>\n<div class=\"relative p-1 rounded-sm flex items-center justify-center bg-token-main-surface-primary text-token-text-primary h-8 w-8\">\n<h2>\u010cESTO POSTAVLJANA PITANJA<\/h2>\n<p class=\"\" data-start=\"1758\" data-end=\"1922\"><strong data-start=\"1758\" data-end=\"1821\">1. Koliko dugo traje Bang 32000 Puffs jednokratni vape?<\/strong><br data-start=\"1821\" data-end=\"1824\" \/>Ure\u0111aj traje do 32.000 udisaja, \u0161to mo\u017ee varirati ovisno o u\u010destalosti kori\u0161tenja i postavkama snage.<\/p>\n<p class=\"\" data-start=\"1924\" data-end=\"2076\"><strong data-start=\"1924\" data-end=\"1972\">2. Mogu li napuniti Bang 32000 Puffs Vape?<\/strong><br data-start=\"1972\" data-end=\"1975\" \/>Da, dolazi s punjivom baterijom od 650 mAh i podr\u017eava brzo Type-C punjenje za prakti\u010dnost.<\/p>\n<p class=\"\" data-start=\"2078\" data-end=\"2250\"><strong data-start=\"2078\" data-end=\"2132\">3. Kako provjeriti razinu baterije i e-teku\u0107ine?<\/strong><br data-start=\"2132\" data-end=\"2135\" \/>Pametni digitalni zaslon prikazuje trajanje baterije i razinu ulja u stvarnom vremenu, osiguravaju\u0107i da ste uvijek informirani.<\/p>\n<p class=\"\" data-start=\"2252\" data-end=\"2387\"><strong data-start=\"2252\" data-end=\"2292\">4. Mo\u017ee li se podesiti razina nikotina?<\/strong><br data-start=\"2292\" data-end=\"2295\" \/>Da, mo\u017eete birati izme\u0111u razina nikotina 0%, 2%, 3% ili 5% kako bi odgovarale va\u0161im \u017eeljama.<\/p>\n<\/div>\n<\/div>\n<\/div>\n<\/div>","protected":false},"excerpt":{"rendered":"<p class=\"LC20lb MBeuO DKV0Md\">Bang 32000 Puff Kutija za jednokratnu upotrebu Vape okusa na rasprodaji<br \/>\nKoliko ko\u0161ta Bang 32000 Puff Vape Box Mod Veleprodaja<br \/>\nBang 32000 Puff Box Mod Najbolja Vape Veleprodaja u Nizozemskoj<\/p>\n<p><strong>Dodajte Amy na WhatsApp za brzi odgovor i popust!<\/strong><\/p>\n<p><img fetchpriority=\"high\" decoding=\"async\" class=\"size-full wp-image-2932\" src=\"https:\/\/vapestornado.com\/wp-content\/uploads\/2024\/12\/Vape-Wholesale.jpg\" alt=\"Veleprodaja vejpova\" width=\"229\" height=\"300\" \/><\/p>\n<h3><a href=\"https:\/\/wa.me\/8617776015835\"><span style=\"color: #ff0000;\"><strong>WhatsApp: +86 17776015835<\/strong><\/span><\/a><\/h3>\n<p>&nbsp;<\/p>","protected":false},"featured_media":4038,"comment_status":"open","ping_status":"closed","template":"","meta":{"_acf_changed":false,"_uag_custom_page_level_css":"","_lmt_disableupdate":"no","_lmt_disable":"","_monsterinsights_skip_tracking":false,"_monsterinsights_sitenote_active":false,"_monsterinsights_sitenote_note":"","_monsterinsights_sitenote_category":0,"site-sidebar-layout":"default","site-content-layout":"","ast-site-content-layout":"default","site-content-style":"default","site-sidebar-style":"default","ast-global-header-display":"","ast-banner-title-visibility":"","ast-main-header-display":"","ast-hfb-above-header-display":"","ast-hfb-below-header-display":"","ast-hfb-mobile-header-display":"","site-post-title":"","ast-breadcrumbs-content":"","ast-featured-img":"","footer-sml-layout":"","ast-disable-related-posts":"","theme-transparent-header-meta":"default","adv-header-id-meta":"","stick-header-meta":"","header-above-stick-meta":"","header-main-stick-meta":"","header-below-stick-meta":"","astra-migrate-meta-layouts":"set","ast-page-background-enabled":"default","ast-page-background-meta":{"desktop":{"background-color":"","background-image":"","background-repeat":"repeat","background-position":"center center","background-size":"auto","background-attachment":"scroll","background-type":"","background-media":"","overlay-type":"","overlay-color":"","overlay-opacity":"","overlay-gradient":""},"tablet":{"background-color":"","background-image":"","background-repeat":"repeat","background-position":"center center","background-size":"auto","background-attachment":"scroll","background-type":"","background-media":"","overlay-type":"","overlay-color":"","overlay-opacity":"","overlay-gradient":""},"mobile":{"background-color":"","background-image":"","background-repeat":"repeat","background-position":"center center","background-size":"auto","background-attachment":"scroll","background-type":"","background-media":"","overlay-type":"","overlay-color":"","overlay-opacity":"","overlay-gradient":""}},"ast-content-background-meta":{"desktop":{"background-color":"var(--ast-global-color-5)","background-image":"","background-repeat":"repeat","background-position":"center center","background-size":"auto","background-attachment":"scroll","background-type":"","background-media":"","overlay-type":"","overlay-color":"","overlay-opacity":"","overlay-gradient":""},"tablet":{"background-color":"var(--ast-global-color-5)","background-image":"","background-repeat":"repeat","background-position":"center center","background-size":"auto","background-attachment":"scroll","background-type":"","background-media":"","overlay-type":"","overlay-color":"","overlay-opacity":"","overlay-gradient":""},"mobile":{"background-color":"var(--ast-global-color-5)","background-image":"","background-repeat":"repeat","background-position":"center center","background-size":"auto","background-attachment":"scroll","background-type":"","background-media":"","overlay-type":"","overlay-color":"","overlay-opacity":"","overlay-gradient":""}},"_joinchat":{"telephone":"17776015835"}},"product_brand":[],"product_cat":[262,62,154,156,144],"product_tag":[303,304,105,94,302],"class_list":{"0":"post-4043","1":"product","2":"type-product","3":"status-publish","4":"has-post-thumbnail","6":"product_cat-32000-puff","7":"product_cat-bang-vape","8":"product_cat-buy-disposable-vapes-in-netherlands","9":"product_cat-buy-disposable-vapes-in-poland","10":"product_cat-low-nicotine-disposable-vapes","11":"product_tag-bang-32000","12":"product_tag-bang-32k","13":"product_tag-digital-disposable-vape","14":"product_tag-rechargeable-disposable-vape","15":"product_tag-vape-box-mod","16":"desktop-align-left","17":"tablet-align-left","18":"mobile-align-left","20":"first","21":"instock","22":"sale","23":"shipping-taxable","24":"purchasable","25":"product-type-simple"},"acf":[],"uagb_featured_image_src":{"full":["https:\/\/vapestornado.com\/wp-content\/uploads\/2025\/03\/Bang-32k-Puff-Smart-Screen-Display-Vape-Wholesale.webp",800,800,false],"thumbnail":["https:\/\/vapestornado.com\/wp-content\/uploads\/2025\/03\/Bang-32k-Puff-Smart-Screen-Display-Vape-Wholesale-150x150.webp",150,150,true],"medium":["https:\/\/vapestornado.com\/wp-content\/uploads\/2025\/03\/Bang-32k-Puff-Smart-Screen-Display-Vape-Wholesale-300x300.webp",300,300,true],"medium_large":["https:\/\/vapestornado.com\/wp-content\/uploads\/2025\/03\/Bang-32k-Puff-Smart-Screen-Display-Vape-Wholesale-768x768.webp",768,768,true],"large":["https:\/\/vapestornado.com\/wp-content\/uploads\/2025\/03\/Bang-32k-Puff-Smart-Screen-Display-Vape-Wholesale.webp",800,800,false],"1536x1536":["https:\/\/vapestornado.com\/wp-content\/uploads\/2025\/03\/Bang-32k-Puff-Smart-Screen-Display-Vape-Wholesale.webp",800,800,false],"2048x2048":["https:\/\/vapestornado.com\/wp-content\/uploads\/2025\/03\/Bang-32k-Puff-Smart-Screen-Display-Vape-Wholesale.webp",800,800,false],"trp-custom-language-flag":["https:\/\/vapestornado.com\/wp-content\/uploads\/2025\/03\/Bang-32k-Puff-Smart-Screen-Display-Vape-Wholesale.webp",12,12,false],"woocommerce_thumbnail":["https:\/\/vapestornado.com\/wp-content\/uploads\/2025\/03\/Bang-32k-Puff-Smart-Screen-Display-Vape-Wholesale-300x300.webp",300,300,true],"woocommerce_single":["https:\/\/vapestornado.com\/wp-content\/uploads\/2025\/03\/Bang-32k-Puff-Smart-Screen-Display-Vape-Wholesale-600x600.webp",600,600,true],"woocommerce_gallery_thumbnail":["https:\/\/vapestornado.com\/wp-content\/uploads\/2025\/03\/Bang-32k-Puff-Smart-Screen-Display-Vape-Wholesale-100x100.webp",100,100,true]},"uagb_author_info":{"display_name":"ESAMY","author_link":"https:\/\/vapestornado.com\/hr\/author\/"},"uagb_comment_info":0,"uagb_excerpt":"Bang 32000 Puff\u00a0 Disposable Vape Box Flavors on Sale How Much Bang 32000 Puff Vape Box Mod Wholesale Bang 32000 Puff\u00a0 Box Mod Best Vape Wholesale in Netherlands Add Amy's whatsapp to get right reply and discount price! WhatsApp: +86 17776015835 &nbsp;","_links":{"self":[{"href":"https:\/\/vapestornado.com\/hr\/wp-json\/wp\/v2\/product\/4043","targetHints":{"allow":["GET"]}}],"collection":[{"href":"https:\/\/vapestornado.com\/hr\/wp-json\/wp\/v2\/product"}],"about":[{"href":"https:\/\/vapestornado.com\/hr\/wp-json\/wp\/v2\/types\/product"}],"replies":[{"embeddable":true,"href":"https:\/\/vapestornado.com\/hr\/wp-json\/wp\/v2\/comments?post=4043"}],"wp:featuredmedia":[{"embeddable":true,"href":"https:\/\/vapestornado.com\/hr\/wp-json\/wp\/v2\/media\/4038"}],"wp:attachment":[{"href":"https:\/\/vapestornado.com\/hr\/wp-json\/wp\/v2\/media?parent=4043"}],"wp:term":[{"taxonomy":"product_brand","embeddable":true,"href":"https:\/\/vapestornado.com\/hr\/wp-json\/wp\/v2\/product_brand?post=4043"},{"taxonomy":"product_cat","embeddable":true,"href":"https:\/\/vapestornado.com\/hr\/wp-json\/wp\/v2\/product_cat?post=4043"},{"taxonomy":"product_tag","embeddable":true,"href":"https:\/\/vapestornado.com\/hr\/wp-json\/wp\/v2\/product_tag?post=4043"}],"curies":[{"name":"wp","href":"https:\/\/api.w.org\/{rel}","templated":true}]}}