{"id":4013,"date":"2025-03-27T09:03:34","date_gmt":"2025-03-27T09:03:34","guid":{"rendered":"https:\/\/vapestornado.com\/?post_type=product&#038;p=4013"},"modified":"2025-12-16T09:46:56","modified_gmt":"2025-12-16T09:46:56","slug":"waspe-aiviou-3-in-1-60000-puffs-disposable-vape-kit-best-price","status":"publish","type":"product","link":"https:\/\/vapestornado.com\/hr\/product\/waspe-aiviou-3-in-1-60000-puffs-disposable-vape-kit-best-price\/","title":{"rendered":"Waspe Aiviou 3 u 1 60000 Puffs jednokratni Vape komplet najbolja cijena"},"content":{"rendered":"<h1 data-pm-slice=\"1 1 []\">Waspe 60000 Udisnih Vape Set 3 promjene okusa + 54ml E-juice<\/h1>\n<p data-start=\"1232\" data-end=\"1466\">Ovo <strong data-start=\"99\" data-end=\"134\">Waspe Aiviou 3 u 1 60000 Udisnih<\/strong> izra\u0111en je za mu\u0161karce koji ne \u017eele nositi dva ili tri ure\u0111aja samo da bi izbjegli dosadu s okusima. Dobivate <strong data-start=\"236\" data-end=\"279\">tri unaprijed napunjena ulo\u0161ka od 18ml (ukupno 54ml)<\/strong> u jednom tijelu, <strong data-start=\"295\" data-end=\"320\">trostruka promjena okusa<\/strong>i <strong data-start=\"326\" data-end=\"356\">performanse mre\u017easte zavojnice od 0.9\u03a9<\/strong> koja ostaje glatka \u010dak i kada je koristite intenzivno. Dodajte <strong data-start=\"410\" data-end=\"425\">LED zaslon<\/strong> i <strong data-start=\"430\" data-end=\"468\">Type-C punjivu bateriju od 650 mAh<\/strong>, i postaje dugotrajan sustav koji mo\u017eete svakodnevno koristiti \u2014 bez naga\u0111anja, bez rasipanja teku\u0107ine.<\/p>\n<h3 data-start=\"772\" data-end=\"823\">Za\u0161to se Waspe 60000 Puff isti\u010de me\u0111u visokokapacitetnim jednokratnim ure\u0111ajima?<\/h3>\n<ul data-start=\"825\" data-end=\"2411\">\n<li data-start=\"825\" data-end=\"1147\">\n<p data-start=\"827\" data-end=\"1147\"><strong data-start=\"827\" data-end=\"866\">3 okusa bez no\u0161enja dodataka.<\/strong> Ovaj <strong data-start=\"872\" data-end=\"900\">3 okusa jednokratni vape<\/strong> koristi pravi <strong data-start=\"913\" data-end=\"940\">sustav prebacivanja 3 u 1<\/strong>, tako da mo\u017eete mijenjati profile kada vam se okus promijeni. Za mnoge korisnike, to je razlika izme\u0111u zavr\u0161etka ure\u0111aja velike kapacitete i odustajanja usred kori\u0161tenja jer jedan okus postane dosadan.<\/p>\n<\/li>\n<li data-start=\"1149\" data-end=\"1502\">\n<p data-start=\"1151\" data-end=\"1502\"><strong data-start=\"1151\" data-end=\"1199\">Prava izdr\u017eljivost potvr\u0111ena pravom koli\u010dinom teku\u0107ine.<\/strong> <strong data-start=\"1200\" data-end=\"1221\">Waspe 60000 Udisnih<\/strong> nije samo veliki broj na kutiji\u2014<strong data-start=\"1257\" data-end=\"1274\">54ml (3\u00d718ml)<\/strong> dimenzioniran za dugotrajnu uporabu. Zato se dobro prodaje na tr\u017ei\u0161tima s visokim prometom kao \u0161to su <strong data-start=\"1361\" data-end=\"1416\">Hrvatska, Njema\u010dka, \u0160panjolska, Francuska i Nizozemska<\/strong>, posebno za kupce koji \u017eele manje zamjena i predvidljivije tro\u0161kove po danu.<\/p>\n<\/li>\n<li data-start=\"1504\" data-end=\"1775\">\n<p data-start=\"1506\" data-end=\"1775\"><strong data-start=\"1506\" data-end=\"1551\">Stabilnost mre\u017enih grija\u010da tijekom dugih sesija.<\/strong> S <strong data-start=\"1557\" data-end=\"1581\">0,9\u03a9 mre\u017eni grija\u010di (\u00d73)<\/strong>, para ostaje glatka, a okus ostaje jasan dublje u ulo\u0161cima. To je va\u017eno za te\u0161ke korisnike koji pu\u0161e u lancu\u2014zagrijavanje mre\u017eom smanjuje o\u0161tri, suhi rub koji se kod jeftinijih grija\u010da mo\u017ee razviti tijekom vremena.<\/p>\n<\/li>\n<li data-start=\"1777\" data-end=\"2070\">\n<p data-start=\"1779\" data-end=\"2070\"><strong data-start=\"1779\" data-end=\"1816\">LED zaslon dr\u017ei vas pod kontrolom.<\/strong> Pametni zaslon prikazuje status baterije i teku\u0107ine, tako da znate je li spreman za dug radni dan ili trebate prvo napuniti. To je vrsta prakti\u010dnog detalja koji ljudi o\u010dekuju od ure\u0111aja koji se natje\u010du u <strong data-start=\"2027\" data-end=\"2055\">rangiranju elektroni\u010dkih cigareta 2025<\/strong> razgovorima.<\/p>\n<\/li>\n<li data-start=\"2072\" data-end=\"2411\">\n<p data-start=\"2074\" data-end=\"2411\"><strong data-start=\"2074\" data-end=\"2129\">Ponudna priklju\u010dnost koja nadma\u0161uje impulzivnu kupnju.<\/strong> Ako va\u0161a rutina uklju\u010duje \u201c<strong data-start=\"2156\" data-end=\"2174\">Kupi cigarete<\/strong>\u201d zaustavljanja ili posljednje minute zamjene, dizajn s punjenjem putem Type-C poma\u017ee prekinuti taj ciklus. Za mnoge kupce koji <strong data-start=\"2287\" data-end=\"2310\">Kupi paru u Hrvatskoj<\/strong>, vrijednost je jednostavna: jedan ure\u0111aj traje dulje, a vi ga punite umjesto da ga ponovno kupujete svakih nekoliko dana.<\/p>\n<\/li>\n<\/ul>\n<p data-start=\"666\" data-end=\"1235\"><strong style=\"font-size: 16px;\"><span style=\"color: #ff0000;\">Dodajte Amy na WhatsApp za brzi odgovor i popust!<\/span><\/strong><\/p>\n<p><img fetchpriority=\"high\" decoding=\"async\" class=\"size-full wp-image-2932\" src=\"https:\/\/vapestornado.com\/wp-content\/uploads\/2024\/12\/Vape-Wholesale.jpg\" alt=\"Veleprodaja vejpova\" width=\"229\" height=\"300\" \/><\/p>\n<h3><a href=\"https:\/\/wa.me\/8617776015835\" target=\"_blank\" rel=\"noopener\"><span style=\"color: #ff0000;\"><strong>WhatsApp: +86 17776015835<\/strong><\/span><\/a><\/h3>\n<p>&nbsp;<\/p>\n<h2><strong>Waspe Aiviou 3 u 1 60000 Udisaja Klju\u010dne zna\u010dajke proizvoda<\/strong><\/h2>\n<table>\n<thead>\n<tr>\n<th>Zna\u010dajka<\/th>\n<th>specifikacija<\/th>\n<th>kako radi<\/th>\n<\/tr>\n<\/thead>\n<tbody>\n<tr>\n<td>Naziv proizvoda<\/td>\n<td>Waspe Aiviou 3 u 1 60000 Udisnih<\/td>\n<td>Trostruki komplet za jednokratne vape ure\u0111aje s mogu\u0107no\u0161\u0107u promjene okusa.<\/td>\n<\/tr>\n<tr>\n<td>Kapacitet Udisaja<\/td>\n<td>Do 60.000 udisaja<\/td>\n<td>Visokou\u010dinkoviti izlaz dizajniran za smanjenje u\u010destalosti zamjena.<\/td>\n<\/tr>\n<tr>\n<td>Sustav okusa<\/td>\n<td>3-u-1 Trostruki Prekida\u010d Okusa<\/td>\n<td>Omogu\u0107ava vam trenutnu promjenu okusa bez promjene ure\u0111aja.<\/td>\n<\/tr>\n<tr>\n<td>Volumen teku\u0107ine<\/td>\n<td>Ukupno 54ml (3\u00d718ml patrona)<\/td>\n<td>Velika koli\u010dina teku\u0107ine podr\u017eava dug vijek trajanja i produ\u017eene sesije.<\/td>\n<\/tr>\n<tr>\n<td>Sustav zavojnica<\/td>\n<td>0.9\u03a9 mre\u017ena grija\u010dica \u00d73<\/td>\n<td>Ravnomjerno zagrijavanje pobolj\u0161ava glatko\u0107u i poma\u017ee da okus ostane dosljedan.<\/td>\n<\/tr>\n<tr>\n<td>Baterija<\/td>\n<td>650mAh punjiva baterija<\/td>\n<td>Punjenje sprje\u010dava prerano odlaganje prije zavr\u0161etka teku\u0107ine.<\/td>\n<\/tr>\n<tr>\n<td>Punjenje<\/td>\n<td>Type-C brzo punjenje<\/td>\n<td>Brzi nadopuni s modernim kabelima koji se \u010desto koriste u Europi.<\/td>\n<\/tr>\n<tr>\n<td>Zaslon<\/td>\n<td>LED indikator baterije i e-teku\u0107ine<\/td>\n<td>Jasno prikazuje status kako bi se izbjegla iznena\u0111enja tijekom svakodnevne uporabe.<\/td>\n<\/tr>\n<tr>\n<td>Opcije nikotina<\/td>\n<td>0% \/ 2% \/ 5%<\/td>\n<td>Bez nikotina, niska ili ja\u010da grla, ovisno o \u017eelji.<\/td>\n<\/tr>\n<\/tbody>\n<\/table>\n<h2 class=\"product-title\"><strong>WASPE 60K 60000 Puffs Jednokratni Pod Okusi Popis<\/strong><\/h2>\n<article class=\"w-full text-token-text-primary focus-visible:outline-2 focus-visible:outline-offset-[-4px]\" dir=\"auto\" data-testid=\"conversation-turn-32\" data-scroll-anchor=\"false\">\n<div class=\"m-auto text-base py-[18px] px-6\">\n<div class=\"mx-auto flex flex-1 text-base gap-4 md:gap-5 lg:gap-6 md:max-w-3xl lg:max-w-[40rem] xl:max-w-[48rem]\">\n<div class=\"group\/conversation-turn relative flex w-full min-w-0 flex-col @xs\/thread:px-0 @sm\/thread:px-1.5 @md\/thread:px-4\">\n<div class=\"flex-col gap-1 md:gap-3\">\n<div class=\"flex max-w-full flex-col flex-grow\">\n<div class=\"min-h-8 text-message flex w-full flex-col items-end gap-2 whitespace-normal break-words text-start [.text-message+&amp;]:mt-5\" dir=\"auto\" data-message-author-role=\"user\" data-message-id=\"ffac41ca-1db4-431b-873a-32c4052956f1\">\n<div class=\"flex w-full flex-col gap-1 empty:hidden items-end rtl:items-start\">\n<div class=\"relative max-w-[var(--user-chat-width,70%)] rounded-3xl bg-token-message-surface px-5 py-2.5\">\n<div class=\"absolute bottom-0 right-full top-0 -mr-3.5 hidden pr-5 pt-2 [.group\/conversation-turn:hover_&amp;]:flex\">\n<div class=\"flex\">\n<article class=\"w-full text-token-text-primary focus-visible:outline-2 focus-visible:outline-offset-[-4px]\" dir=\"auto\" data-testid=\"conversation-turn-39\" data-scroll-anchor=\"true\">\n<div class=\"m-auto text-base py-[18px] px-6\">\n<div class=\"mx-auto flex flex-1 text-base gap-4 md:gap-5 lg:gap-6 md:max-w-3xl lg:max-w-[40rem] xl:max-w-[48rem]\">\n<div class=\"group\/conversation-turn relative flex w-full min-w-0 flex-col agent-turn @xs\/thread:px-0 @sm\/thread:px-1.5 @md\/thread:px-4\">\n<div class=\"flex-col gap-1 md:gap-3\">\n<div class=\"flex max-w-full flex-col flex-grow\">\n<div class=\"min-h-8 text-message flex w-full flex-col items-end gap-2 whitespace-normal break-words text-start [.text-message+&amp;]:mt-5\" dir=\"auto\" data-message-author-role=\"assistant\" data-message-id=\"55a23854-ec57-48dd-bd4f-6118f43d6241\" data-message-model-slug=\"gpt-4o\">\n<div class=\"flex w-full flex-col gap-1 empty:hidden first:pt-[3px]\">\n<div class=\"markdown prose w-full break-words dark:prose-invert light\">\n<p>1. Lubenica Led<br \/>\n2. Jagoda Lubenica<br \/>\n3. Borovnica Led<br \/>\n4. Jagoda Malina Tre\u0161nja<br \/>\n5. Breskva Led<br \/>\n6. Red Bull Led<br \/>\n7. Mije\u0161ano Bobi\u010dasto Vo\u0107e<br \/>\n8. Trostruka Lubenica Led<br \/>\n9. Gro\u017e\u0111e Led<br \/>\n10. Jagoda Banana<br \/>\n11. Tre\u0161nja Cola Led<br \/>\n12. Borovnica Malina<\/p>\n<figure id=\"attachment_4688\" aria-describedby=\"caption-attachment-4688\" style=\"width: 225px\" class=\"wp-caption alignnone\"><img decoding=\"async\" class=\"size-medium wp-image-4688\" src=\"https:\/\/vapestornado.com\/wp-content\/uploads\/2025\/12\/WASPE-60000-PUFF-3-IN-1-Diposable-Vape-All-Flaovr-225x300.jpg\" alt=\"Waspe Aiviou 3 u 1 60000 Udisaja Jednokratni vaporizator Sve okuse\" width=\"225\" height=\"300\" srcset=\"https:\/\/vapestornado.com\/wp-content\/uploads\/2025\/12\/WASPE-60000-PUFF-3-IN-1-Diposable-Vape-All-Flaovr-225x300.jpg 225w, https:\/\/vapestornado.com\/wp-content\/uploads\/2025\/12\/WASPE-60000-PUFF-3-IN-1-Diposable-Vape-All-Flaovr-768x1024.jpg 768w, https:\/\/vapestornado.com\/wp-content\/uploads\/2025\/12\/WASPE-60000-PUFF-3-IN-1-Diposable-Vape-All-Flaovr-1152x1536.jpg 1152w, https:\/\/vapestornado.com\/wp-content\/uploads\/2025\/12\/WASPE-60000-PUFF-3-IN-1-Diposable-Vape-All-Flaovr-9x12.jpg 9w, https:\/\/vapestornado.com\/wp-content\/uploads\/2025\/12\/WASPE-60000-PUFF-3-IN-1-Diposable-Vape-All-Flaovr-600x800.jpg 600w, https:\/\/vapestornado.com\/wp-content\/uploads\/2025\/12\/WASPE-60000-PUFF-3-IN-1-Diposable-Vape-All-Flaovr.jpg 1280w\" sizes=\"(max-width: 225px) 100vw, 225px\" \/><figcaption id=\"caption-attachment-4688\" class=\"wp-caption-text\">Waspe Aiviou 3 u 1 60000 Udisaja Jednokratni vaporizator Sve okuse<\/figcaption><\/figure>\n<\/div>\n<\/div>\n<\/div>\n<\/div>\n<\/div>\n<\/div>\n<\/div>\n<\/div>\n<\/article>\n<\/div>\n<\/div>\n<\/div>\n<\/div>\n<\/div>\n<\/div>\n<\/div>\n<\/div>\n<\/div>\n<\/div>\n<\/article>\n<h2>Za\u0161to odabrati Vapestornado za Waspe 60k Puff Kupnju?<\/h2>\n<div class=\"flex-shrink-0 flex flex-col relative items-end\">\n<div class=\"pt-0\">\n<div class=\"gizmo-bot-avatar flex h-8 w-8 items-center justify-center overflow-hidden rounded-full\">\n<div class=\"relative p-1 rounded-sm flex items-center justify-center bg-token-main-surface-primary text-token-text-primary h-8 w-8\">\n<p>At\u00a0<strong>VapeTornado<\/strong>, ponosimo se isporukom\u00a0<strong>vrhunskih proizvoda za vaping po nenadma\u0161nim cijenama<\/strong>\u2014a Waspe Aiviou 3 u 1 60000 puffs nije iznimka! Evo za\u0161to biste trebali kupiti od nas:<\/p>\n<p><strong>Najbolje veleprodajne cijene<\/strong>\u00a0\u2013 Nudimo\u00a0<strong>konkurentne cijene za velike koli\u010dine<\/strong><span style=\"font-size: 16px;\">, \u0161to nas \u010dini najboljim izborom za preprodava\u010de i vape trgovine.<\/span><\/p>\n<p><strong>Brzo<\/strong>\u00a0\u2013 Neka va\u0161a narud\u017eba bude isporu\u010dena\u00a0<strong>brzo i sigurno<\/strong>, s mogu\u0107nostima slanja diljem svijeta.<br \/>\n<strong>100% Autenti\u010dni proizvodi<\/strong>\u00a0\u2013 Bez imitacija\u2014samo\u00a0<strong>originalni WASPE Triple jednokratni ure\u0111aji<\/strong>\u00a0s provjerenom kvalitetom.<br \/>\n<strong>Izvrsna korisni\u010dka podr\u0161ka<\/strong>\u00a0\u2013 Imate pitanja? Na\u0161i\u00a0<strong>stru\u010dnjaci za vape<\/strong> su vam spremni pomo\u0107i 24\/7.<\/p>\n<p><strong>Ne \u010dekajte\u2014naru\u010dite svoj Waspe Aiviou 3 u 1 60000 puff od VapeTornado danas i iskusite vrhunsko zadovoljstvo vapinga!<\/strong><\/p>\n<p data-start=\"559\" data-end=\"933\" data-is-last-node=\"\" data-is-only-node=\"\">Tako\u0111er imamo i druge popularne vapeove sa zaslonom kao \u0161to su <a href=\"https:\/\/vapestornado.com\/hr\/product\/mesii-couple-50k-disposable-shisha-hookah-50000-puffs-vape-with-digital-display\/\">Mesii par 50000<\/a>, <a href=\"https:\/\/vapestornado.com\/hr\/product\/vopk-cool-9000-puffs-disposable-vapes-bar-puff-9k\/\">VOPK 9000 Puff jednokratni vape<\/a>, <a href=\"https:\/\/vapestornado.com\/hr\/product\/bang-beach-22000-20k-puff-disposable-vape-pen-with-screen-reddit-hot\/\">Bang Beach 22000<\/a>, i vi\u0161e.<\/p>\n<\/div>\n<div class=\"relative p-1 rounded-sm flex items-center justify-center bg-token-main-surface-primary text-token-text-primary h-8 w-8\">\n<h2>\u010cESTO POSTAVLJANA PITANJA<\/h2>\n<ol data-start=\"3497\" data-end=\"4811\">\n<li data-start=\"3497\" data-end=\"3746\">\n<p data-start=\"3500\" data-end=\"3746\"><strong data-start=\"3500\" data-end=\"3596\">Kako radi trostruki preklopnik okusa Waspe Aiviou 3 u 1 60000 Udisaja tijekom svakodnevnog vapinga?<\/strong><br data-start=\"3596\" data-end=\"3599\" \/>Dizajniran je za brzo mijenjanje okusa unutar jednog ure\u0111aja, tako da mo\u017eete promijeniti okus na zahtjev bez no\u0161enja vi\u0161e vaporizatora ili zamjene hardvera.<\/p>\n<\/li>\n<li data-start=\"3748\" data-end=\"4006\">\n<p data-start=\"3751\" data-end=\"4006\"><strong data-start=\"3751\" data-end=\"3847\">Da li stvarno trajanje setupa od 54ml (3\u00d718ml) s vi\u0161e od 60000 udisaja traje du\u017ee od standardnih jednokratnih ure\u0111aja?<\/strong><br data-start=\"3847\" data-end=\"3850\" \/>Da\u2014ukupno 54ml teku\u0107ine glavni je razlog \u0161to traje du\u017ee. Stvarni vijek trajanja ovisi o duljini i u\u010destalosti udisaja, ali kapacitet je dimenzioniran za produ\u017eenu uporabu.<\/p>\n<\/li>\n<li data-start=\"4008\" data-end=\"4250\">\n<p data-start=\"4011\" data-end=\"4250\"><strong data-start=\"4011\" data-end=\"4109\">Kako utje\u010du 0.9\u03a9 mre\u017easte grija\u010dice u jednokratnom vaporizatoru s tri okusa na glatko\u0107u pare tijekom vremena?<\/strong><br data-start=\"4109\" data-end=\"4112\" \/>Mre\u017easte grija\u010dice ravnomjernije se zagrijavaju od obi\u010dnih \u017ei\u010danih, \u0161to poma\u017ee odr\u017eati paru glatkijom i smanjuje grubu teksturu tijekom intenzivnih, ponovljenih sesija.<\/p>\n<\/li>\n<li data-start=\"4252\" data-end=\"4531\">\n<p data-start=\"4255\" data-end=\"4531\"><strong data-start=\"4255\" data-end=\"4371\">Je li Waspe Aiviou 3 u 1 60K pametan izbor za kupce koji uspore\u0111uju rangiranje e-cigareta 2025. godine kao \u201cnajbolji ure\u0111aji\u201d?<\/strong><br data-start=\"4371\" data-end=\"4374\" \/>Natje\u010de se na temelju prakti\u010dnih zna\u010dajki koje su va\u017ene: vi\u0161estruki preklop okusa, velika ukupna koli\u010dina teku\u0107ine, punjiva snaga i LED prikaz statusa za kontrolu.<\/p>\n<\/li>\n<li data-start=\"4533\" data-end=\"4811\">\n<p data-start=\"4536\" data-end=\"4811\"><strong data-start=\"4536\" data-end=\"4636\">Za\u0161to kupci veleprodaje jednokratnih vaporizatora smatraju da je Waspe Aiviou 3 u 1 60000 Udisaja dobar za maloprodaju u Hrvatskoj?<\/strong><br data-start=\"4636\" data-end=\"4639\" \/>Lako je prodavati: jasne tehni\u010dke specifikacije (60K udisaja, 3 okusa, 54ml, punjivo), \u0161iroke opcije nikotina i sna\u017ena ponovna potra\u017enja od korisnika koji \u017eele ure\u0111aje s dugim vijekom trajanja.<\/p>\n<\/li>\n<\/ol>\n<\/div>\n<\/div>\n<\/div>\n<\/div>","protected":false},"excerpt":{"rendered":"<p class=\"LC20lb MBeuO DKV0Md\">Waspe Aiviou 3 u 1 60000 Udisnih vape set s 3 promjene okusa, 54ml (3\u00d718ml) ulo\u0161ci, 0.9\u03a9 mre\u017easte zavojnice, LED zaslon i Type-C punjiva baterija od 650mAh. Izra\u0111en za dugotrajnu uporabu, popularan me\u0111u kupcima veleprodaje za jednokratne vape i korisnicima koji kupuju vapor u Hrvatskoj umjesto cigareta.<\/p>\n<p><img fetchpriority=\"high\" decoding=\"async\" class=\"size-full wp-image-2932\" src=\"https:\/\/vapestornado.com\/wp-content\/uploads\/2024\/12\/Vape-Wholesale.jpg\" alt=\"Veleprodaja vejpova\" width=\"229\" height=\"300\" \/><\/p>\n<h3><a href=\"https:\/\/wa.me\/8617776015835\"><span style=\"color: #ff0000;\"><strong>WhatsApp: +86 17776015835<\/strong><\/span><\/a><\/h3>\n<p>&nbsp;<\/p>","protected":false},"featured_media":4011,"comment_status":"open","ping_status":"closed","template":"","meta":{"_acf_changed":false,"_uag_custom_page_level_css":"","_lmt_disableupdate":"no","_lmt_disable":"","_monsterinsights_skip_tracking":false,"_monsterinsights_sitenote_active":false,"_monsterinsights_sitenote_note":"","_monsterinsights_sitenote_category":0,"site-sidebar-layout":"default","site-content-layout":"","ast-site-content-layout":"default","site-content-style":"default","site-sidebar-style":"default","ast-global-header-display":"","ast-banner-title-visibility":"","ast-main-header-display":"","ast-hfb-above-header-display":"","ast-hfb-below-header-display":"","ast-hfb-mobile-header-display":"","site-post-title":"","ast-breadcrumbs-content":"","ast-featured-img":"","footer-sml-layout":"","ast-disable-related-posts":"","theme-transparent-header-meta":"default","adv-header-id-meta":"","stick-header-meta":"","header-above-stick-meta":"","header-main-stick-meta":"","header-below-stick-meta":"","astra-migrate-meta-layouts":"set","ast-page-background-enabled":"default","ast-page-background-meta":{"desktop":{"background-color":"","background-image":"","background-repeat":"repeat","background-position":"center center","background-size":"auto","background-attachment":"scroll","background-type":"","background-media":"","overlay-type":"","overlay-color":"","overlay-opacity":"","overlay-gradient":""},"tablet":{"background-color":"","background-image":"","background-repeat":"repeat","background-position":"center center","background-size":"auto","background-attachment":"scroll","background-type":"","background-media":"","overlay-type":"","overlay-color":"","overlay-opacity":"","overlay-gradient":""},"mobile":{"background-color":"","background-image":"","background-repeat":"repeat","background-position":"center center","background-size":"auto","background-attachment":"scroll","background-type":"","background-media":"","overlay-type":"","overlay-color":"","overlay-opacity":"","overlay-gradient":""}},"ast-content-background-meta":{"desktop":{"background-color":"var(--ast-global-color-5)","background-image":"","background-repeat":"repeat","background-position":"center center","background-size":"auto","background-attachment":"scroll","background-type":"","background-media":"","overlay-type":"","overlay-color":"","overlay-opacity":"","overlay-gradient":""},"tablet":{"background-color":"var(--ast-global-color-5)","background-image":"","background-repeat":"repeat","background-position":"center center","background-size":"auto","background-attachment":"scroll","background-type":"","background-media":"","overlay-type":"","overlay-color":"","overlay-opacity":"","overlay-gradient":""},"mobile":{"background-color":"var(--ast-global-color-5)","background-image":"","background-repeat":"repeat","background-position":"center center","background-size":"auto","background-attachment":"scroll","background-type":"","background-media":"","overlay-type":"","overlay-color":"","overlay-opacity":"","overlay-gradient":""}},"_joinchat":{"telephone":"17776015835"}},"product_brand":[],"product_cat":[156,142,144,61,60],"product_tag":[105,94,301,299,300],"class_list":{"0":"post-4013","1":"product","2":"type-product","3":"status-publish","4":"has-post-thumbnail","6":"product_cat-buy-disposable-vapes-in-poland","7":"product_cat-digital-box-disposable-vapes","8":"product_cat-low-nicotine-disposable-vapes","9":"product_cat-vapme-shisha","10":"product_cat-waspe-fihp-vape","11":"product_tag-digital-disposable-vape","12":"product_tag-rechargeable-disposable-vape","13":"product_tag-vapor-wholesale","14":"product_tag-waspe-60k-puff","15":"product_tag-waspe-aiviou-3-in-1-60000","16":"desktop-align-left","17":"tablet-align-left","18":"mobile-align-left","20":"first","21":"instock","22":"sale","23":"shipping-taxable","24":"purchasable","25":"product-type-simple"},"acf":[],"uagb_featured_image_src":{"full":["https:\/\/vapestornado.com\/wp-content\/uploads\/2025\/03\/Waspe-Aiviou-3-in1-60k-60000-Puffs-Disposable-Vaper.webp",800,800,false],"thumbnail":["https:\/\/vapestornado.com\/wp-content\/uploads\/2025\/03\/Waspe-Aiviou-3-in1-60k-60000-Puffs-Disposable-Vaper-150x150.webp",150,150,true],"medium":["https:\/\/vapestornado.com\/wp-content\/uploads\/2025\/03\/Waspe-Aiviou-3-in1-60k-60000-Puffs-Disposable-Vaper-300x300.webp",300,300,true],"medium_large":["https:\/\/vapestornado.com\/wp-content\/uploads\/2025\/03\/Waspe-Aiviou-3-in1-60k-60000-Puffs-Disposable-Vaper-768x768.webp",768,768,true],"large":["https:\/\/vapestornado.com\/wp-content\/uploads\/2025\/03\/Waspe-Aiviou-3-in1-60k-60000-Puffs-Disposable-Vaper.webp",800,800,false],"1536x1536":["https:\/\/vapestornado.com\/wp-content\/uploads\/2025\/03\/Waspe-Aiviou-3-in1-60k-60000-Puffs-Disposable-Vaper.webp",800,800,false],"2048x2048":["https:\/\/vapestornado.com\/wp-content\/uploads\/2025\/03\/Waspe-Aiviou-3-in1-60k-60000-Puffs-Disposable-Vaper.webp",800,800,false],"trp-custom-language-flag":["https:\/\/vapestornado.com\/wp-content\/uploads\/2025\/03\/Waspe-Aiviou-3-in1-60k-60000-Puffs-Disposable-Vaper.webp",12,12,false],"woocommerce_thumbnail":["https:\/\/vapestornado.com\/wp-content\/uploads\/2025\/03\/Waspe-Aiviou-3-in1-60k-60000-Puffs-Disposable-Vaper-300x300.webp",300,300,true],"woocommerce_single":["https:\/\/vapestornado.com\/wp-content\/uploads\/2025\/03\/Waspe-Aiviou-3-in1-60k-60000-Puffs-Disposable-Vaper-600x600.webp",600,600,true],"woocommerce_gallery_thumbnail":["https:\/\/vapestornado.com\/wp-content\/uploads\/2025\/03\/Waspe-Aiviou-3-in1-60k-60000-Puffs-Disposable-Vaper-100x100.webp",100,100,true]},"uagb_author_info":{"display_name":"ESAMY","author_link":"https:\/\/vapestornado.com\/hr\/author\/"},"uagb_comment_info":1,"uagb_excerpt":"Waspe Aiviou 3 in 1 60000 Puffs disposable vape kit with 3 flavour switching, 54ml (3\u00d718ml) pods, 0.9\u03a9 mesh coils, LED display, and Type-C rechargeable 650mAh battery. Built for long use, popular with disposable vape wholesaler buyers and customers who Buy vapor in Poland instead of Buy cigarettes. WhatsApp: +86 17776015835 &nbsp;","_links":{"self":[{"href":"https:\/\/vapestornado.com\/hr\/wp-json\/wp\/v2\/product\/4013","targetHints":{"allow":["GET"]}}],"collection":[{"href":"https:\/\/vapestornado.com\/hr\/wp-json\/wp\/v2\/product"}],"about":[{"href":"https:\/\/vapestornado.com\/hr\/wp-json\/wp\/v2\/types\/product"}],"replies":[{"embeddable":true,"href":"https:\/\/vapestornado.com\/hr\/wp-json\/wp\/v2\/comments?post=4013"}],"wp:featuredmedia":[{"embeddable":true,"href":"https:\/\/vapestornado.com\/hr\/wp-json\/wp\/v2\/media\/4011"}],"wp:attachment":[{"href":"https:\/\/vapestornado.com\/hr\/wp-json\/wp\/v2\/media?parent=4013"}],"wp:term":[{"taxonomy":"product_brand","embeddable":true,"href":"https:\/\/vapestornado.com\/hr\/wp-json\/wp\/v2\/product_brand?post=4013"},{"taxonomy":"product_cat","embeddable":true,"href":"https:\/\/vapestornado.com\/hr\/wp-json\/wp\/v2\/product_cat?post=4013"},{"taxonomy":"product_tag","embeddable":true,"href":"https:\/\/vapestornado.com\/hr\/wp-json\/wp\/v2\/product_tag?post=4013"}],"curies":[{"name":"wp","href":"https:\/\/api.w.org\/{rel}","templated":true}]}}