{"id":3999,"date":"2025-03-25T07:33:36","date_gmt":"2025-03-25T07:33:36","guid":{"rendered":"https:\/\/vapestornado.com\/?post_type=product&#038;p=3999"},"modified":"2025-12-11T07:26:08","modified_gmt":"2025-12-11T07:26:08","slug":"wholesale-bang-beach-38000-puff-38k-vape-disposable-vaporizer-e-cig-at-cheap-prices","status":"publish","type":"product","link":"https:\/\/vapestornado.com\/hr\/product\/wholesale-bang-beach-38000-puff-38k-vape-disposable-vaporizer-e-cig-at-cheap-prices\/","title":{"rendered":"Veleprodaja Bang Beach 38000 Puff 38k Vape jednokratni vaporizer E Cig po povoljnim cijenama"},"content":{"rendered":"<h1 data-pm-slice=\"1 1 []\">Veleprodaja Bang Beach 38000 Puff 38k Vape jednokratni vaporizer E Cig po povoljnim cijenama<\/h1>\n<p><strong data-start=\"94\" data-end=\"114\">Pla\u017ea Bang 38000<\/strong> je visokokapacitetni jednokratni e-cigaret built za vaperi koji \u017eele dugo trajanje, jasne informacije o ure\u0111aju i sna\u017ean okus od po\u010detka do kraja. S <strong data-start=\"277\" data-end=\"299\">do 38.000 udisaja<\/strong>, a <strong data-start=\"303\" data-end=\"325\">38 ml spremnik e-teku\u0107ine<\/strong>, i s <strong data-start=\"334\" data-end=\"372\">850mAh Type-C punjiva baterija<\/strong>, dizajniran je za dugotrajno kori\u0161tenje bez stalnih zamjena. A <strong data-start=\"447\" data-end=\"470\">zaslon s dva ekrana<\/strong> prikazuje razinu baterije i ulja, dok <strong data-start=\"511\" data-end=\"538\">zaklju\u010davanje zaslona otiskom prsta<\/strong> dodaje sloj sigurnosti za d\u017eepove, torbe i putovanja.<\/p>\n<h3 data-start=\"825\" data-end=\"880\">Za\u0161to odabrati Bang Beach 38000 Udisaja<\/h3>\n<ul data-start=\"882\" data-end=\"2354\">\n<li data-start=\"882\" data-end=\"1213\">\n<p data-start=\"884\" data-end=\"1213\"><strong data-start=\"884\" data-end=\"935\">Prava kapacitet koji mijenja va\u0161u tjednu rutinu.<\/strong> Ovo <strong data-start=\"940\" data-end=\"969\">Bang Beach 38000 Udisaja bar<\/strong> kombinira <strong data-start=\"981\" data-end=\"1000\">ocjena od 38K udisaja<\/strong> s punim <strong data-start=\"1013\" data-end=\"1032\">38ml e-tekucine<\/strong>, tako da redovni korisnici u Hrvatskoj mogu i\u0107i <strong data-start=\"1086\" data-end=\"1119\">tjednima prije zamjene ure\u0111aja<\/strong>. To zna\u010di manje hitnih kupovina i znatno ni\u017ei \u201cpo danu\u201d tro\u0161ak od ve\u0107ine malih jednokratnih ure\u0111aja.<\/p>\n<\/li>\n<li data-start=\"1215\" data-end=\"1490\">\n<p data-start=\"1217\" data-end=\"1490\"><strong data-start=\"1217\" data-end=\"1262\">Okvir s mre\u017eastom zavojnicom koji ne gubi na okusu.<\/strong> Pokre\u0107e ga napredni <strong data-start=\"1283\" data-end=\"1307\">mre\u017easte zavojnice<\/strong>, ovaj <strong data-start=\"1314\" data-end=\"1344\">Bang Beach 38K e-cigaret<\/strong> nudi glatkiji vapor, sna\u017eniji okus i dosljednije udisaje, umjesto o\u0161trog, suhog okusa koji se javlja kada osnovne zavojnice po\u010dnu gubiti snagu.<\/p>\n<\/li>\n<li data-start=\"1492\" data-end=\"1773\">\n<p data-start=\"1494\" data-end=\"1773\"><strong data-start=\"1494\" data-end=\"1537\">Punjenje Type-C za izbjegavanje rasipanja teku\u0107ine.<\/strong> Ovo <strong data-start=\"1542\" data-end=\"1589\">850mAh Bang Beach 38000 s punjenjem putem Type-C<\/strong> izra\u0111en je za vi\u0161estruko punjenje. Kada se baterija isprazni, priklju\u010dite ga za brzo nadopunjavanje i nastavite dok spremnik ne bude stvarno prazan, umjesto da bacate polovicu upotrijebljenog teku\u0107ine.<\/p>\n<\/li>\n<li data-start=\"1775\" data-end=\"2092\">\n<p data-start=\"1777\" data-end=\"2092\"><strong data-start=\"1777\" data-end=\"1841\">dvoslojni zaslon i otisak prsta za stvarnu upotrebu.<\/strong> Ovo <strong data-start=\"1846\" data-end=\"1890\">dvoslojni Pod ure\u0111aj<\/strong> prikazuje teku\u0107inu i bateriju u stvarnom vremenu, a otisak prsta poma\u017ee sprije\u010diti slu\u010dajno aktiviranje u va\u0161oj torbi ili d\u017eepu \u2014 koristan na putovanjima, izlascima ili putovanjima po Hrvatskoj i Europi.<\/p>\n<\/li>\n<li data-start=\"2094\" data-end=\"2354\">\n<p data-start=\"2096\" data-end=\"2354\"><strong data-start=\"2096\" data-end=\"2153\">povoljan za veleprodaju za bilo koju vaporsku trgovinu ili distributera.<\/strong> S <strong data-start=\"2159\" data-end=\"2190\">Cigaretnim veleprodajnim cijenama<\/strong> i sna\u017ena potra\u017enja u <strong data-start=\"2216\" data-end=\"2230\">vaporskoj trgovini<\/strong> kanal, Bang Beach 38000 radi i za krajnje korisnike i za kupce na veliko koji \u017eele ure\u0111aj dugog vijeka trajanja koji se stvarno prodaje.<\/p>\n<\/li>\n<\/ul>\n<p data-start=\"666\" data-end=\"1235\"><strong style=\"font-size: 16px;\"><span style=\"color: #ff0000;\">Dodajte Amy na WhatsApp za brzi odgovor i popust!<\/span><\/strong><\/p>\n<p><img fetchpriority=\"high\" decoding=\"async\" class=\"size-full wp-image-2932\" src=\"https:\/\/vapestornado.com\/wp-content\/uploads\/2024\/12\/Vape-Wholesale.jpg\" alt=\"Veleprodaja vejpova\" width=\"229\" height=\"300\" \/><\/p>\n<h3><a href=\"https:\/\/wa.me\/8617776015835\" target=\"_blank\" rel=\"noopener\"><span style=\"color: #ff0000;\"><strong>WhatsApp: +86 17776015835<\/strong><\/span><\/a><\/h3>\n<p>&nbsp;<\/p>\n<h2><strong>Bang Beach 38000 Puff Klju\u010dne zna\u010dajke proizvoda<\/strong><\/h2>\n<table>\n<thead>\n<tr>\n<th>Zna\u010dajka<\/th>\n<th>specifikacija<\/th>\n<th>detalji<\/th>\n<\/tr>\n<\/thead>\n<tbody>\n<tr>\n<td>Marka<\/td>\n<td>Bang Beach<\/td>\n<td>Visokokapacitetna jednokratna linija za tr\u017ei\u0161ta EU<\/td>\n<\/tr>\n<tr>\n<td>Model<\/td>\n<td>Bang Beach 38000 Puff Bar<\/td>\n<td>38K puf elektronska cigareta s punjenjem<\/td>\n<\/tr>\n<tr>\n<td>Kapacitet Udisaja<\/td>\n<td>Do 38.000 pufova<\/td>\n<td>Dizajniran za vi\u0161emjese\u010dnu svakodnevnu uporabu<\/td>\n<\/tr>\n<tr>\n<td>Volumen teku\u0107ine<\/td>\n<td>38ml teku\u0107ine za elektronske cigarete<\/td>\n<td>Veliki spremnik uskla\u0111en s visokim brojem pufova<\/td>\n<\/tr>\n<tr>\n<td>Razine nikotina<\/td>\n<td>0% \/ 2% \/ 3% \/ 5%<\/td>\n<td>Prilago\u0111ava se okusima, umjerenim i ja\u010dim preferencijama<\/td>\n<\/tr>\n<tr>\n<td>Baterija<\/td>\n<td>850mAh punjiva<\/td>\n<td>Podr\u017eava ponovnu punjenje tijekom \u017eivotnog vijeka ure\u0111aja<\/td>\n<\/tr>\n<tr>\n<td>Punjenje<\/td>\n<td>Type-C punjiv<\/td>\n<td>Brzo punjenje standardnim modernim kabelima<\/td>\n<\/tr>\n<tr>\n<td>Vrsta zavojnice<\/td>\n<td>Mre\u017easta spirala<\/td>\n<td>Glatki vapor i stabilna isporuka okusa<\/td>\n<\/tr>\n<tr>\n<td>Zaslon<\/td>\n<td>Dvoslojni zaslon (ulje + baterija)<\/td>\n<td>Status u\u017eivo na e-teku\u0107ini i bateriji<\/td>\n<\/tr>\n<tr>\n<td>Sigurnost<\/td>\n<td>Senzor otiska prsta na zaslonu za zaklju\u010davanje<\/td>\n<td>Smanjuje slu\u010dajno paljenje i dodaje privatnost<\/td>\n<\/tr>\n<tr>\n<td>Pozicioniranje<\/td>\n<td>Veleprodaja i maloprodaja<\/td>\n<td>Optimizirano za veleprodajne cijene cigareta i prodaju pare<\/td>\n<\/tr>\n<\/tbody>\n<\/table>\n<h2 class=\"product-title\"><strong>Bang Beach 38000 Puff Lista najprodavanijih okusa<\/strong><\/h2>\n<article class=\"w-full text-token-text-primary focus-visible:outline-2 focus-visible:outline-offset-[-4px]\" dir=\"auto\" data-testid=\"conversation-turn-32\" data-scroll-anchor=\"false\">\n<div class=\"m-auto text-base py-[18px] px-6\">\n<div class=\"mx-auto flex flex-1 text-base gap-4 md:gap-5 lg:gap-6 md:max-w-3xl lg:max-w-[40rem] xl:max-w-[48rem]\">\n<div class=\"group\/conversation-turn relative flex w-full min-w-0 flex-col @xs\/thread:px-0 @sm\/thread:px-1.5 @md\/thread:px-4\">\n<div class=\"flex-col gap-1 md:gap-3\">\n<div class=\"flex max-w-full flex-col flex-grow\">\n<div class=\"min-h-8 text-message flex w-full flex-col items-end gap-2 whitespace-normal break-words text-start [.text-message+&amp;]:mt-5\" dir=\"auto\" data-message-author-role=\"user\" data-message-id=\"ffac41ca-1db4-431b-873a-32c4052956f1\">\n<div class=\"flex w-full flex-col gap-1 empty:hidden items-end rtl:items-start\">\n<div class=\"relative max-w-[var(--user-chat-width,70%)] rounded-3xl bg-token-message-surface px-5 py-2.5\">\n<div class=\"absolute bottom-0 right-full top-0 -mr-3.5 hidden pr-5 pt-2 [.group\/conversation-turn:hover_&amp;]:flex\">\n<div class=\"flex\">\n<article class=\"w-full text-token-text-primary focus-visible:outline-2 focus-visible:outline-offset-[-4px]\" dir=\"auto\" data-testid=\"conversation-turn-39\" data-scroll-anchor=\"true\">\n<div class=\"m-auto text-base py-[18px] px-6\">\n<div class=\"mx-auto flex flex-1 text-base gap-4 md:gap-5 lg:gap-6 md:max-w-3xl lg:max-w-[40rem] xl:max-w-[48rem]\">\n<div class=\"group\/conversation-turn relative flex w-full min-w-0 flex-col agent-turn @xs\/thread:px-0 @sm\/thread:px-1.5 @md\/thread:px-4\">\n<div class=\"flex-col gap-1 md:gap-3\">\n<div class=\"flex max-w-full flex-col flex-grow\">\n<div class=\"min-h-8 text-message flex w-full flex-col items-end gap-2 whitespace-normal break-words text-start [.text-message+&amp;]:mt-5\" dir=\"auto\" data-message-author-role=\"assistant\" data-message-id=\"55a23854-ec57-48dd-bd4f-6118f43d6241\" data-message-model-slug=\"gpt-4o\">\n<div class=\"flex w-full flex-col gap-1 empty:hidden first:pt-[3px]\">\n<div class=\"markdown prose w-full break-words dark:prose-invert light\">\n<p>1.Ledena trostruka bobica<br \/>\n2.Ru\u017ei\u010dasta limunada<br \/>\n3.Borovnica Malina<br \/>\n4.Mije\u0161ano Bobi\u010dasto Vo\u0107e<br \/>\n5. Jagoda Lubenica<br \/>\n6.Ledena jagoda<br \/>\n7.Ledeni gro\u017e\u0111e<br \/>\n8.Breskva Mango<br \/>\n9.Ledeni Plavi Razz<br \/>\n10.Tre\u0161nja Bomba<br \/>\n11.Ledena Lubenica<br \/>\n12.Ledena Breskva<\/p>\n<figure id=\"attachment_4000\" aria-describedby=\"caption-attachment-4000\" style=\"width: 596px\" class=\"wp-caption alignnone\"><img decoding=\"async\" class=\"wp-image-4000 size-full\" src=\"https:\/\/vapestornado.com\/wp-content\/uploads\/2025\/03\/Wholesale-Bang-38000-Puffs.png\" alt=\"Veleprodaja Bang 38000 Puffs\" width=\"596\" height=\"596\" srcset=\"https:\/\/vapestornado.com\/wp-content\/uploads\/2025\/03\/Wholesale-Bang-38000-Puffs.png 596w, https:\/\/vapestornado.com\/wp-content\/uploads\/2025\/03\/Wholesale-Bang-38000-Puffs-300x300.png 300w, https:\/\/vapestornado.com\/wp-content\/uploads\/2025\/03\/Wholesale-Bang-38000-Puffs-150x150.png 150w, https:\/\/vapestornado.com\/wp-content\/uploads\/2025\/03\/Wholesale-Bang-38000-Puffs-100x100.png 100w\" sizes=\"(max-width: 596px) 100vw, 596px\" \/><figcaption id=\"caption-attachment-4000\" class=\"wp-caption-text\">Veleprodaja Bang 38000 Puffs<\/figcaption><\/figure>\n<\/div>\n<\/div>\n<\/div>\n<\/div>\n<\/div>\n<\/div>\n<\/div>\n<\/div>\n<\/article>\n<\/div>\n<\/div>\n<\/div>\n<\/div>\n<\/div>\n<\/div>\n<\/div>\n<\/div>\n<\/div>\n<\/div>\n<\/article>\n<h2>Za\u0161to odabrati Vapestornado za kupovinu Bang Beach 38000 Puff?<\/h2>\n<div class=\"flex-shrink-0 flex flex-col relative items-end\">\n<div class=\"pt-0\">\n<div class=\"gizmo-bot-avatar flex h-8 w-8 items-center justify-center overflow-hidden rounded-full\">\n<div class=\"relative p-1 rounded-sm flex items-center justify-center bg-token-main-surface-primary text-token-text-primary h-8 w-8\">\n<p data-start=\"88\" data-end=\"557\">Kada je rije\u010d o <strong data-start=\"105\" data-end=\"154\">\u00a0kupnja visokokvalitetnih jednokratnih vapea<\/strong>, <strong data-start=\"156\" data-end=\"172\">Vapestornado<\/strong> je izvor za nenadma\u0161ne <strong data-start=\"208\" data-end=\"271\">tvorni\u010dke cijene, brzu dostavu i vrhunsku korisni\u010dku uslugu<\/strong>. Kupovina Bang Beach 38000 Puff od Vapestornado zna\u010di da dobivate <strong data-start=\"363\" data-end=\"400\">autenti\u010dne, 100% originalne proizvode<\/strong> s najnovijom<strong data-start=\"417\" data-end=\"515\"> prikaz na ekranu, punjiva Type-C prakti\u010dnost i kapacitet od 38000 pufova<\/strong>\u2014sve po najboljoj cijeni<strong data-start=\"527\" data-end=\"554\">\u00a0veleprodajne cijene<\/strong>.<\/p>\n<p data-start=\"559\" data-end=\"933\" data-is-last-node=\"\" data-is-only-node=\"\">Tako\u0111er imamo i druge popularne vapeove sa zaslonom kao \u0161to su <a href=\"https:\/\/vapestornado.com\/hr\/product\/mesii-couple-50k-disposable-shisha-hookah-50000-puffs-vape-with-digital-display\/\">Mesii par 50000<\/a>, <a href=\"https:\/\/vapestornado.com\/hr\/product\/vopk-ultra-40000-puffs-2-in-1-digital-screen-rechargeable-disposable-vape\/\">VOPK 40000 Puff Jednokratni Vape<\/a>, <a href=\"https:\/\/vapestornado.com\/hr\/product\/bang-beach-22000-20k-puff-disposable-vape-pen-with-screen-reddit-hot\/\">Bang Beach 22000<\/a>, i vi\u0161e.<\/p>\n<\/div>\n<div class=\"relative p-1 rounded-sm flex items-center justify-center bg-token-main-surface-primary text-token-text-primary h-8 w-8\">\n<h2>\u010cesta pitanja o Bang 38000<\/h2>\n<p data-start=\"3372\" data-end=\"3465\">1. Koliko obi\u010dno traje e-cigareta Bang Beach 38000 u svakodnevnoj upotrebi?<\/p>\n<p data-start=\"3466\" data-end=\"3738\">Ovo <strong data-start=\"3470\" data-end=\"3507\">E-cigareta Bang Beach 38000 s 38000 udaha<\/strong> povezuje se s <strong data-start=\"3516\" data-end=\"3529\">38ml spremnikom<\/strong> s do <strong data-start=\"3541\" data-end=\"3557\">38.000 udisaja<\/strong>, tako da mnogi svakodnevni korisnici mogu dobiti <strong data-start=\"3590\" data-end=\"3625\">nekoliko tjedana kori\u0161tenja po ure\u0111aju<\/strong>. Stvarno vrijeme ovisi o u\u010destalosti udaha i duljini povla\u010denja, ali jasno traje du\u017ee od tipi\u010dnih 5K\u201310K jednokratnih ure\u0111aja.<\/p>\n<p data-start=\"3745\" data-end=\"3859\">2. \u0160to mesh grija\u010d u Bang Beach 38000 visokokapacitetnoj vaporizatoru mijenja u pogledu okusa i pare?<\/p>\n<p data-start=\"3860\" data-end=\"4084\">Ovo <strong data-start=\"3864\" data-end=\"3906\">Mesh grija\u010d za e-cigaretu Bang Beach 38000<\/strong> ravnomjerno raspore\u0111uje toplinu kroz vatu, \u0161to odr\u017eava gustu paru i dosljedan okus. Ovaj dizajn poma\u017ee izbje\u0107i o\u0161tre, zagorjele udise, osobito pri kraju teku\u0107ine.<\/p>\n<p data-start=\"4091\" data-end=\"4184\">3. Kako dualni zaslon na Bang Beach 38000 Puff baru poma\u017ee u svakodnevnoj upotrebi?<\/p>\n<p data-start=\"4185\" data-end=\"4462\">Ovo <strong data-start=\"4189\" data-end=\"4230\">dualni zaslon Bang Beach 38000 Puff bara<\/strong> prikazuje razinu e-teku\u0107ine i status baterije odvojeno, tako da uvijek znate trebate li puniti ili ste blizu zavr\u0161etka spremnika. Uklanja naga\u0111anja, \u0161to je va\u017eno kada se oslanjate na jedan ure\u0111aj tijekom radnih dana ili putovanja.<\/p>\n<p data-start=\"4469\" data-end=\"4582\">4. Je li Bang Beach 38000 prikladan za kupce koji uspore\u0111uju ure\u0111aje za vaporizatore u veleprodaji cigareta?<\/p>\n<p data-start=\"4583\" data-end=\"4884\">Da. Za <strong data-start=\"4592\" data-end=\"4606\">vaporskoj trgovini<\/strong> vlasnici i distributeri, <strong data-start=\"4636\" data-end=\"4678\">Bang Beach 38000 veleprodaja e-cigareta<\/strong> nudi visok broj udisaja, napredne zna\u010dajke (zasloni + zaklju\u010davanje otiskom prsta), i konkurentne <strong data-start=\"4767\" data-end=\"4798\">Cigaretnim veleprodajnim cijenama<\/strong>, \u0161to zajedno stvara sna\u017enu vrijednost u odnosu na druge jednokratne ure\u0111aje s dugim vijekom trajanja.<\/p>\n<p data-start=\"4891\" data-end=\"5003\">5. Utje\u010de li zaklju\u010davanje otiskom prsta na Bang Beach 38000 Puff e-cigaretu na performanse ili samo na sigurnost?<\/p>\n<p data-start=\"5004\" data-end=\"5262\">Ovo <strong data-start=\"5008\" data-end=\"5052\">Sustav zaklju\u010davanja otiskom prsta Bang Beach 38000<\/strong> je isklju\u010divo vezan uz sigurnost i prakti\u010dnost. Poma\u017ee sprije\u010diti slu\u010dajno paljenje i neovla\u0161tenu uporabu, ali nakon otklju\u010davanja, performanse ostaju nepromijenjene \u2014 i dalje imate puni izlaz s mre\u017easte zavojnice i baterije od 850mAh.<\/p>\n<\/div>\n<\/div>\n<\/div>\n<\/div>","protected":false},"excerpt":{"rendered":"<p class=\"LC20lb MBeuO DKV0Md\">Bang Beach 38000 Udisaja jednokratna e-cigareta s 38ml e-soka, mre\u017enim namotom, 850mAh Type-C punjivom baterijom, dvostrukim zaslonom i otiskom prsta. Visokokapacitetni 38K vaporizator dizajniran za dugotrajnu uporabu, prodaju u du\u0107anima s parom i konkurentne veleprodajne cijene cigareta diljem Europe.<\/p>\n<p><strong>Dodajte Amy na WhatsApp za brzi odgovor i popust!<\/strong><\/p>\n<p><img fetchpriority=\"high\" decoding=\"async\" class=\"size-full wp-image-2932\" src=\"https:\/\/vapestornado.com\/wp-content\/uploads\/2024\/12\/Vape-Wholesale.jpg\" alt=\"Veleprodaja vejpova\" width=\"229\" height=\"300\" \/><\/p>\n<h3><a href=\"https:\/\/wa.me\/8617776015835\"><span style=\"color: #ff0000;\"><strong>WhatsApp: +86 17776015835<\/strong><\/span><\/a><\/h3>\n<p>&nbsp;<\/p>","protected":false},"featured_media":3998,"comment_status":"open","ping_status":"closed","template":"","meta":{"_acf_changed":false,"_uag_custom_page_level_css":"","_lmt_disableupdate":"no","_lmt_disable":"","_monsterinsights_skip_tracking":false,"_monsterinsights_sitenote_active":false,"_monsterinsights_sitenote_note":"","_monsterinsights_sitenote_category":0,"site-sidebar-layout":"default","site-content-layout":"","ast-site-content-layout":"default","site-content-style":"default","site-sidebar-style":"default","ast-global-header-display":"","ast-banner-title-visibility":"","ast-main-header-display":"","ast-hfb-above-header-display":"","ast-hfb-below-header-display":"","ast-hfb-mobile-header-display":"","site-post-title":"","ast-breadcrumbs-content":"","ast-featured-img":"","footer-sml-layout":"","ast-disable-related-posts":"","theme-transparent-header-meta":"default","adv-header-id-meta":"","stick-header-meta":"","header-above-stick-meta":"","header-main-stick-meta":"","header-below-stick-meta":"","astra-migrate-meta-layouts":"set","ast-page-background-enabled":"default","ast-page-background-meta":{"desktop":{"background-color":"","background-image":"","background-repeat":"repeat","background-position":"center center","background-size":"auto","background-attachment":"scroll","background-type":"","background-media":"","overlay-type":"","overlay-color":"","overlay-opacity":"","overlay-gradient":""},"tablet":{"background-color":"","background-image":"","background-repeat":"repeat","background-position":"center center","background-size":"auto","background-attachment":"scroll","background-type":"","background-media":"","overlay-type":"","overlay-color":"","overlay-opacity":"","overlay-gradient":""},"mobile":{"background-color":"","background-image":"","background-repeat":"repeat","background-position":"center center","background-size":"auto","background-attachment":"scroll","background-type":"","background-media":"","overlay-type":"","overlay-color":"","overlay-opacity":"","overlay-gradient":""}},"ast-content-background-meta":{"desktop":{"background-color":"var(--ast-global-color-5)","background-image":"","background-repeat":"repeat","background-position":"center center","background-size":"auto","background-attachment":"scroll","background-type":"","background-media":"","overlay-type":"","overlay-color":"","overlay-opacity":"","overlay-gradient":""},"tablet":{"background-color":"var(--ast-global-color-5)","background-image":"","background-repeat":"repeat","background-position":"center center","background-size":"auto","background-attachment":"scroll","background-type":"","background-media":"","overlay-type":"","overlay-color":"","overlay-opacity":"","overlay-gradient":""},"mobile":{"background-color":"var(--ast-global-color-5)","background-image":"","background-repeat":"repeat","background-position":"center center","background-size":"auto","background-attachment":"scroll","background-type":"","background-media":"","overlay-type":"","overlay-color":"","overlay-opacity":"","overlay-gradient":""}},"_joinchat":{"telephone":"17776015835"}},"product_brand":[],"product_cat":[62,153,158,142],"product_tag":[295,297,296,491,269],"class_list":{"0":"post-3999","1":"product","2":"type-product","3":"status-publish","4":"has-post-thumbnail","6":"product_cat-bang-vape","7":"product_cat-buy-disposable-vapes-in-italy","8":"product_cat-buy-disposable-vapes-in-spain","9":"product_cat-digital-box-disposable-vapes","10":"product_tag-bang-beach-38000","11":"product_tag-fingerprint-vape","12":"product_tag-puff-bar","13":"product_tag-vape-with-digital-dispaly","14":"product_tag-vape-with-screen","15":"desktop-align-left","16":"tablet-align-left","17":"mobile-align-left","19":"first","20":"instock","21":"sale","22":"shipping-taxable","23":"purchasable","24":"product-type-simple"},"acf":[],"uagb_featured_image_src":{"full":["https:\/\/vapestornado.com\/wp-content\/uploads\/2025\/03\/Wholesale-Bang-Vape-at-Cheap-Prices.webp",800,800,false],"thumbnail":["https:\/\/vapestornado.com\/wp-content\/uploads\/2025\/03\/Wholesale-Bang-Vape-at-Cheap-Prices-150x150.webp",150,150,true],"medium":["https:\/\/vapestornado.com\/wp-content\/uploads\/2025\/03\/Wholesale-Bang-Vape-at-Cheap-Prices-300x300.webp",300,300,true],"medium_large":["https:\/\/vapestornado.com\/wp-content\/uploads\/2025\/03\/Wholesale-Bang-Vape-at-Cheap-Prices-768x768.webp",768,768,true],"large":["https:\/\/vapestornado.com\/wp-content\/uploads\/2025\/03\/Wholesale-Bang-Vape-at-Cheap-Prices.webp",800,800,false],"1536x1536":["https:\/\/vapestornado.com\/wp-content\/uploads\/2025\/03\/Wholesale-Bang-Vape-at-Cheap-Prices.webp",800,800,false],"2048x2048":["https:\/\/vapestornado.com\/wp-content\/uploads\/2025\/03\/Wholesale-Bang-Vape-at-Cheap-Prices.webp",800,800,false],"trp-custom-language-flag":["https:\/\/vapestornado.com\/wp-content\/uploads\/2025\/03\/Wholesale-Bang-Vape-at-Cheap-Prices.webp",12,12,false],"woocommerce_thumbnail":["https:\/\/vapestornado.com\/wp-content\/uploads\/2025\/03\/Wholesale-Bang-Vape-at-Cheap-Prices-300x300.webp",300,300,true],"woocommerce_single":["https:\/\/vapestornado.com\/wp-content\/uploads\/2025\/03\/Wholesale-Bang-Vape-at-Cheap-Prices-600x600.webp",600,600,true],"woocommerce_gallery_thumbnail":["https:\/\/vapestornado.com\/wp-content\/uploads\/2025\/03\/Wholesale-Bang-Vape-at-Cheap-Prices-100x100.webp",100,100,true]},"uagb_author_info":{"display_name":"ESAMY","author_link":"https:\/\/vapestornado.com\/hr\/author\/"},"uagb_comment_info":1,"uagb_excerpt":"Bang Beach 38000 Puff disposable E-cigarette with 38ml e-juice, mesh coil, 850mAh Type-C rechargeable battery, dual-screen display and fingerprint lock. High-capacity 38K vape bar designed for long use, vapor shop sales, and competitive Cigarette wholesaler prices across Europe. Add Amy's whatsapp to get right reply and discount price! WhatsApp: +86 17776015835 &nbsp;","_links":{"self":[{"href":"https:\/\/vapestornado.com\/hr\/wp-json\/wp\/v2\/product\/3999","targetHints":{"allow":["GET"]}}],"collection":[{"href":"https:\/\/vapestornado.com\/hr\/wp-json\/wp\/v2\/product"}],"about":[{"href":"https:\/\/vapestornado.com\/hr\/wp-json\/wp\/v2\/types\/product"}],"replies":[{"embeddable":true,"href":"https:\/\/vapestornado.com\/hr\/wp-json\/wp\/v2\/comments?post=3999"}],"wp:featuredmedia":[{"embeddable":true,"href":"https:\/\/vapestornado.com\/hr\/wp-json\/wp\/v2\/media\/3998"}],"wp:attachment":[{"href":"https:\/\/vapestornado.com\/hr\/wp-json\/wp\/v2\/media?parent=3999"}],"wp:term":[{"taxonomy":"product_brand","embeddable":true,"href":"https:\/\/vapestornado.com\/hr\/wp-json\/wp\/v2\/product_brand?post=3999"},{"taxonomy":"product_cat","embeddable":true,"href":"https:\/\/vapestornado.com\/hr\/wp-json\/wp\/v2\/product_cat?post=3999"},{"taxonomy":"product_tag","embeddable":true,"href":"https:\/\/vapestornado.com\/hr\/wp-json\/wp\/v2\/product_tag?post=3999"}],"curies":[{"name":"wp","href":"https:\/\/api.w.org\/{rel}","templated":true}]}}