{"id":3974,"date":"2025-03-24T07:31:30","date_gmt":"2025-03-24T07:31:30","guid":{"rendered":"https:\/\/vapestornado.com\/?post_type=product&#038;p=3974"},"modified":"2025-08-23T10:38:02","modified_gmt":"2025-08-23T10:38:02","slug":"vopk-shisha-hookah-20000-puffs-disposable-vapes-bar-best-flavor-wholesale","status":"publish","type":"product","link":"https:\/\/vapestornado.com\/hr\/product\/vopk-shisha-hookah-20000-puffs-disposable-vapes-bar-best-flavor-wholesale\/","title":{"rendered":"Vopk Shisha Hookah 20000 Puffs Jednokratni Vapeovi Bar Najbolji Okus Veleprodaja"},"content":{"rendered":"<h1 data-pm-slice=\"1 1 []\">Vopk Shisha Hookah 20000 Puffs Jednokratni Vapeovi Bar Najbolji Okus Veleprodaja<\/h1>\n<p data-start=\"272\" data-end=\"577\">Ovo <strong data-start=\"276\" data-end=\"319\">Vopk Shisha Nargila 20000 Udisaja Vape Bar<\/strong> je dizajniran za veletrgovce i maloprodaje koji tra\u017ee ure\u0111aj velikog kapaciteta koji je vrlo privla\u010dan ljubiteljima \u0161i\u0161e i nargile. Isporu\u010duje do <strong data-start=\"467\" data-end=\"483\">20.000 puffova<\/strong> iz <strong data-start=\"491\" data-end=\"513\">28 ml spremnika za e-teku\u0107inu<\/strong>, pru\u017ea dugotrajnu upotrebu i izvrstan potencijal za preprodaju.<\/p>\n<p data-start=\"579\" data-end=\"910\">Izra\u0111en s <strong data-start=\"592\" data-end=\"610\">0,6\u03a9 mre\u017easta zavojnica<\/strong>, ure\u0111aj proizvodi gustu paru i pobolj\u0161an okus, \u0161to ga \u010dini idealnim za <strong data-start=\"685\" data-end=\"706\">DTL stilove vapinga<\/strong>. <strong data-start=\"712\" data-end=\"738\">digitalni zaslon<\/strong> odr\u017eava korisnike informiranima o trajanju baterije i razini e-teku\u0107ine, dok <strong data-start=\"811\" data-end=\"842\">850mAh punjiva baterija<\/strong> sa <strong data-start=\"848\" data-end=\"867\">Type-C punjenje<\/strong> osigurava stalnu snagu tijekom cijelog dana.<\/p>\n<p data-start=\"912\" data-end=\"1205\">Ovo <strong data-start=\"916\" data-end=\"953\">dvobojni dizajn inspiriran \u0161i\u0161om<\/strong> daje Vopk 20K jedinstven izgled koji se isti\u010de u trgovinama, dok \u0161irok izbor opcija okusa - od vo\u0107nih do ledenih - jam\u010di ne\u0161to za svakog kupca. Kompaktan i jednostavan za no\u0161enje, svestran je izbor za svakodnevnu upotrebu ili veleprodajnu distribuciju.<\/p>\n<p data-start=\"1207\" data-end=\"1393\">Za hrvatske distributere, <strong data-start=\"1238\" data-end=\"1271\">Vopk Shisha Nargila 20000 Vape<\/strong> kombinira trajnost, performanse i <strong data-start=\"1310\" data-end=\"1343\">konkurentne veleprodajne cijene<\/strong>, \u0161to ga \u010dini profitabilnom opcijom za skupne narud\u017ebe.<\/p>\n<p data-start=\"666\" data-end=\"1235\"><strong style=\"font-size: 16px;\"><span style=\"color: #ff0000;\">Dodajte Amy na WhatsApp za brzi odgovor i popust!<\/span><\/strong><\/p>\n<p><img fetchpriority=\"high\" decoding=\"async\" class=\"size-full wp-image-2932\" src=\"https:\/\/vapestornado.com\/wp-content\/uploads\/2024\/12\/Vape-Wholesale.jpg\" alt=\"Veleprodaja vejpova\" width=\"229\" height=\"300\" \/><\/p>\n<h3><a href=\"https:\/\/wa.me\/8617776015835\" target=\"_blank\" rel=\"noopener\"><span style=\"color: #ff0000;\"><strong>WhatsApp: +86 17776015835<\/strong><\/span><\/a><\/h3>\n<p>&nbsp;<\/p>\n<h2><strong>Vopk Shisha Hookah 20000 Vape Bar klju\u010dne zna\u010dajke proizvoda<\/strong><\/h2>\n<p>Marka: VOPK BAR<br \/>\nPuffs: 20000 Puffs<br \/>\nPrikladno za: Svi&gt;18<br \/>\nKapacitet: 28ml<br \/>\nPuff: 20000 udisaja<br \/>\nBaterija: 850mAh<br \/>\nNikotin: 0%\/2%\/3%\/5% Nikotinska sol<br \/>\nOtpor: 1.0ohm mre\u017easta zavojnica<br \/>\nDigitalni zaslon za ulje i bateriju<br \/>\nPakiranje: Individualna kutija za pakiranje<\/p>\n<h2 class=\"product-title\"><strong>Vopk Shisha Hookah 20000 jednokratne olovke popis okusa<\/strong><\/h2>\n<article class=\"w-full text-token-text-primary focus-visible:outline-2 focus-visible:outline-offset-[-4px]\" dir=\"auto\" data-testid=\"conversation-turn-32\" data-scroll-anchor=\"false\">\n<div class=\"m-auto text-base py-[18px] px-6\">\n<div class=\"mx-auto flex flex-1 text-base gap-4 md:gap-5 lg:gap-6 md:max-w-3xl lg:max-w-[40rem] xl:max-w-[48rem]\">\n<div class=\"group\/conversation-turn relative flex w-full min-w-0 flex-col @xs\/thread:px-0 @sm\/thread:px-1.5 @md\/thread:px-4\">\n<div class=\"flex-col gap-1 md:gap-3\">\n<div class=\"flex max-w-full flex-col flex-grow\">\n<div class=\"min-h-8 text-message flex w-full flex-col items-end gap-2 whitespace-normal break-words text-start [.text-message+&amp;]:mt-5\" dir=\"auto\" data-message-author-role=\"user\" data-message-id=\"ffac41ca-1db4-431b-873a-32c4052956f1\">\n<div class=\"flex w-full flex-col gap-1 empty:hidden items-end rtl:items-start\">\n<div class=\"relative max-w-[var(--user-chat-width,70%)] rounded-3xl bg-token-message-surface px-5 py-2.5\">\n<div class=\"absolute bottom-0 right-full top-0 -mr-3.5 hidden pr-5 pt-2 [.group\/conversation-turn:hover_&amp;]:flex\">\n<div class=\"flex\">\n<article class=\"w-full text-token-text-primary focus-visible:outline-2 focus-visible:outline-offset-[-4px]\" dir=\"auto\" data-testid=\"conversation-turn-39\" data-scroll-anchor=\"true\">\n<div class=\"m-auto text-base py-[18px] px-6\">\n<div class=\"mx-auto flex flex-1 text-base gap-4 md:gap-5 lg:gap-6 md:max-w-3xl lg:max-w-[40rem] xl:max-w-[48rem]\">\n<div class=\"group\/conversation-turn relative flex w-full min-w-0 flex-col agent-turn @xs\/thread:px-0 @sm\/thread:px-1.5 @md\/thread:px-4\">\n<div class=\"flex-col gap-1 md:gap-3\">\n<div class=\"flex max-w-full flex-col flex-grow\">\n<div class=\"min-h-8 text-message flex w-full flex-col items-end gap-2 whitespace-normal break-words text-start [.text-message+&amp;]:mt-5\" dir=\"auto\" data-message-author-role=\"assistant\" data-message-id=\"55a23854-ec57-48dd-bd4f-6118f43d6241\" data-message-model-slug=\"gpt-4o\">\n<div class=\"flex w-full flex-col gap-1 empty:hidden first:pt-[3px]\">\n<div class=\"markdown prose w-full break-words dark:prose-invert light\">\n<p>1. Borovnica na ledu<br \/>\n2.Jagoda kivi<br \/>\n3.Mije\u0161ano bobi\u010dasto vo\u0107e<br \/>\n4. Jagoda lubenica<br \/>\n5. Led od lubenice<br \/>\n6.Breskva mango ananas<br \/>\n7.Borovnica malina<br \/>\n8.Jagoda malina bombon<br \/>\n9.Lubenica tre\u0161nja<br \/>\n10. Sladoled od crnog ribiza<\/p>\n<\/div>\n<figure id=\"attachment_3966\" aria-describedby=\"caption-attachment-3966\" style=\"width: 800px\" class=\"wp-caption alignnone\"><img decoding=\"async\" class=\"wp-image-3966 size-full\" src=\"https:\/\/vapestornado.com\/wp-content\/uploads\/2025\/03\/VOPK-Shisha-Hookah-BAR-Disposable-Vape-Wholesale.jpg\" alt=\"VOPK Shisha Hookah BAR jednokratne elektroni\u010dke cigarete veleprodaja\" width=\"800\" height=\"957\" srcset=\"https:\/\/vapestornado.com\/wp-content\/uploads\/2025\/03\/VOPK-Shisha-Hookah-BAR-Disposable-Vape-Wholesale.jpg 800w, https:\/\/vapestornado.com\/wp-content\/uploads\/2025\/03\/VOPK-Shisha-Hookah-BAR-Disposable-Vape-Wholesale-251x300.jpg 251w, https:\/\/vapestornado.com\/wp-content\/uploads\/2025\/03\/VOPK-Shisha-Hookah-BAR-Disposable-Vape-Wholesale-768x919.jpg 768w, https:\/\/vapestornado.com\/wp-content\/uploads\/2025\/03\/VOPK-Shisha-Hookah-BAR-Disposable-Vape-Wholesale-600x718.jpg 600w\" sizes=\"(max-width: 800px) 100vw, 800px\" \/><figcaption id=\"caption-attachment-3966\" class=\"wp-caption-text\">VOPK Shisha Hookah BAR jednokratne elektroni\u010dke cigarete veleprodaja<\/figcaption><\/figure>\n<\/div>\n<\/div>\n<\/div>\n<\/div>\n<\/div>\n<\/div>\n<\/div>\n<\/article>\n<\/div>\n<\/div>\n<\/div>\n<\/div>\n<\/div>\n<\/div>\n<\/div>\n<\/div>\n<\/div>\n<\/div>\n<\/article>\n<h2 data-start=\"86\" data-end=\"129\">Usporedba Vopk serije (Vodi\u010d za veleprodaju)<\/h2>\n<p data-start=\"131\" data-end=\"155\"><strong data-start=\"131\" data-end=\"153\">Vopk Cool Bar 9000<\/strong><\/p>\n<ul data-start=\"156\" data-end=\"462\">\n<li data-start=\"156\" data-end=\"172\">\n<p data-start=\"158\" data-end=\"172\">Udisaji: 9.000<\/p>\n<\/li>\n<li data-start=\"173\" data-end=\"205\">\n<p data-start=\"175\" data-end=\"205\">Baterija: 600mAh punjiva<\/p>\n<\/li>\n<li data-start=\"206\" data-end=\"233\">\n<p data-start=\"208\" data-end=\"233\">Kapacitet e-teku\u0107ine: 16ml<\/p>\n<\/li>\n<li data-start=\"234\" data-end=\"258\">\n<p data-start=\"236\" data-end=\"258\">Vrsta grija\u010da: 1.0\u03a9 Mesh<\/p>\n<\/li>\n<li data-start=\"259\" data-end=\"322\">\n<p data-start=\"261\" data-end=\"322\">Klju\u010dne zna\u010dajke: Podesivi protok zraka, podr\u017eava MTL<\/p>\n<\/li>\n<li data-start=\"323\" data-end=\"395\">\n<p data-start=\"325\" data-end=\"395\">Ciljana publika: Lagani dnevni korisnici, kupci koji isprobavaju, vlasnici malih trgovina<\/p>\n<\/li>\n<li data-start=\"396\" data-end=\"462\">\n<p data-start=\"398\" data-end=\"462\">Veleprodajne klju\u010dne rije\u010di: veleprodaja jednokratnih vapeova od 9K, veleprodaja kompleta vape olovki<\/p>\n<\/li>\n<\/ul>\n<hr data-start=\"464\" data-end=\"467\" \/>\n<p data-start=\"469\" data-end=\"499\"><strong data-start=\"469\" data-end=\"497\">Vopk Shisha Nargila 20000<\/strong><\/p>\n<ul data-start=\"500\" data-end=\"814\">\n<li data-start=\"500\" data-end=\"517\">\n<p data-start=\"502\" data-end=\"517\">Puhovi: 20.000<\/p>\n<\/li>\n<li data-start=\"518\" data-end=\"550\">\n<p data-start=\"520\" data-end=\"550\">Baterija: 850mAh punjiva<\/p>\n<\/li>\n<li data-start=\"551\" data-end=\"578\">\n<p data-start=\"553\" data-end=\"578\">Kapacitet e-teku\u0107ine: 28ml<\/p>\n<\/li>\n<li data-start=\"579\" data-end=\"603\">\n<p data-start=\"581\" data-end=\"603\">Vrsta grija\u010da: 0.6\u03a9 Mesh<\/p>\n<\/li>\n<li data-start=\"604\" data-end=\"680\">\n<p data-start=\"606\" data-end=\"680\">Klju\u010dne zna\u010dajke: Dizajn u stilu nargile, digitalni zaslon, idealno za DTL vaping<\/p>\n<\/li>\n<li data-start=\"681\" data-end=\"746\">\n<p data-start=\"683\" data-end=\"746\">Ciljana publika: Entuzijasti nargile, srednje velike vape trgovine<\/p>\n<\/li>\n<li data-start=\"747\" data-end=\"814\">\n<p data-start=\"749\" data-end=\"814\">Veleprodajne klju\u010dne rije\u010di: veleprodaja vape barova za nargile od 20K, veleprodaja u stilu nargile<\/p>\n<\/li>\n<\/ul>\n<hr data-start=\"816\" data-end=\"819\" \/>\n<p data-start=\"821\" data-end=\"840\"><strong data-start=\"821\" data-end=\"838\">Vopk 60K 3u1<\/strong><\/p>\n<ul data-start=\"841\" data-end=\"1208\">\n<li data-start=\"841\" data-end=\"866\">\n<p data-start=\"843\" data-end=\"866\">Puhovi: 60.000 (3\u00d720K)<\/p>\n<\/li>\n<li data-start=\"867\" data-end=\"899\">\n<p data-start=\"869\" data-end=\"899\">Baterija: 950mAh punjiva<\/p>\n<\/li>\n<li data-start=\"900\" data-end=\"948\">\n<p data-start=\"902\" data-end=\"948\">Kapacitet e-teku\u0107ine: 3 odvojena spremnika (20ml\u00d73)<\/p>\n<\/li>\n<li data-start=\"949\" data-end=\"973\">\n<p data-start=\"951\" data-end=\"973\">Vrsta grija\u010da: Dvostruki Mesh<\/p>\n<\/li>\n<li data-start=\"974\" data-end=\"1059\">\n<p data-start=\"976\" data-end=\"1059\">Klju\u010dne zna\u010dajke: Sustav prebacivanja 3 okusa, dizajniran za dugotrajnu upotrebu<\/p>\n<\/li>\n<li data-start=\"1060\" data-end=\"1135\">\n<p data-start=\"1062\" data-end=\"1135\">Ciljana publika: Te\u0161ki korisnici, veliki distributeri, kanali visoke mar\u017ee<\/p>\n<\/li>\n<li data-start=\"1136\" data-end=\"1208\">\n<p data-start=\"1138\" data-end=\"1208\">Veleprodajne klju\u010dne rije\u010di: veleprodaja vapeova 60K 3u1, veleprodaja punjivih vapeova u rasutom stanju<\/p>\n<\/li>\n<\/ul>\n<div class=\"flex-shrink-0 flex flex-col relative items-end\">\n<div class=\"pt-0\">\n<div class=\"gizmo-bot-avatar flex h-8 w-8 items-center justify-center overflow-hidden rounded-full\">\n<div class=\"relative p-1 rounded-sm flex items-center justify-center bg-token-main-surface-primary text-token-text-primary h-8 w-8\">\n<p data-start=\"559\" data-end=\"933\" data-is-last-node=\"\" data-is-only-node=\"\">Tako\u0111er imamo i druge popularne vapeove sa zaslonom kao \u0161to su<em> <a href=\"https:\/\/vapestornado.com\/hr\/product\/mesii-couple-50k-disposable-shisha-hookah-50000-puffs-vape-with-digital-display\/\">Mesii par 50000<\/a>, <a href=\"https:\/\/vapestornado.com\/hr\/product\/vopk-ultra-40000-puffs-2-in-1-digital-screen-rechargeable-disposable-vape\/\">VOPK 40000 Puff Jednokratni Vape<\/a>, <a href=\"https:\/\/vapestornado.com\/hr\/product\/bang-beach-22000-20k-puff-disposable-vape-pen-with-screen-reddit-hot\/\">Bang Beach 22000<\/a>,<\/em> i vi\u0161e.<\/p>\n<\/div>\n<div class=\"relative p-1 rounded-sm flex items-center justify-center bg-token-main-surface-primary text-token-text-primary h-8 w-8\">\n<h3>\u010cESTO POSTAVLJANA PITANJA<\/h3>\n<p><strong>1. Koliko dugo treba da se stvori ovisnost o jednokratnoj elektroni\u010dkoj cigareti?<\/strong><br \/>\nOvisnost o nikotinu ovisi o faktorima kao \u0161to su u\u010destalost kori\u0161tenja, ja\u010dina nikotina i individualna fiziologija. Jednokratne elektroni\u010dke cigarete s nikotinom (poput\u00a0<strong>Vopk Shisha Nargila 20000 Udisaja<\/strong>) mogu dovesti do ovisnosti ako se redovito koriste. Da biste smanjili rizike, razmislite o kori\u0161tenju ni\u017eih razina nikotina (0%, 2%, ili 3%) ili opcija bez nikotina. Uvijek koristite odgovorno.<\/p>\n<p><strong>2. Koliko dugo se puni jednokratna elektroni\u010dka cigareta s 20000 udisaja?<\/strong><br \/>\nZa punjive jednokratne vape ure\u0111aje kao \u0161to je\u00a0<strong>Vopk Shisha Nargila 20000 Udisaja<\/strong>, vrijeme punjenja ovisi o kapacitetu baterije. S\u00a0<strong>bateriju od 850mAh<\/strong>\u00a0i\u00a0<strong>Type-C punjenje<\/strong>, obi\u010dno je potrebno oko\u00a0<strong>60-90 minuta<\/strong>\u00a0za potpuno punjenje. Na\u00a0<strong>digitalnom zaslonu<\/strong>\u00a0bit \u0107e prikazan napredak punjenja, tako da \u0107ete znati kada je spreman.<\/p>\n<p><strong>3. Mogu li unijeti vape u zrakoplov u Hrvatskoj?<\/strong><br \/>\nDa, mo\u017eete unijeti vape u zrakoplov u Hrvatskoj, ali mora biti smje\u0161ten u va\u0161oj\u00a0<strong>ru\u010dnoj prtljazi<\/strong>. Vape ure\u0111aji su\u00a0<strong>dopu\u0161teni u predanoj prtljazi<\/strong>\u00a0zbog sigurnosnih propisa za litij-ionske baterije. Provjerite je li ure\u0111aj isklju\u010den i sigurno pohranjen. Provjerite sa svojom zrakoplovnom tvrtkom za posebne smjernice, jer neke mogu imati dodatna ograni\u010denja.<\/p>\n<p><strong>4. Kako znati kada je moj jednokratni vape prazan?<\/strong><br \/>\nZnat \u0107ete da je va\u0161 jednokratni vape prazan kada:<\/p>\n<ul>\n<li><strong>Smanjenje proizvodnje pare:<\/strong>\u00a0Primijetit \u0107ete znatno manje pare prilikom udisanja.<\/li>\n<li><strong>Okus paljevine:<\/strong>\u00a0Okus paljevine ili neugodan okus ukazuje na to da je e-teku\u0107ina iscrpljena.<\/li>\n<li><strong>Nema okusa:<\/strong>\u00a0Ako se okus smanji ili nestane, to je znak da je ulo\u017eak prazan.<\/li>\n<li><strong>Prikaz na zaslonu:<\/strong>\u00a0Ure\u0111aji poput\u00a0<strong>Vopk Shisha Nargila 20000 Udisaja<\/strong>\u00a0imaju\u00a0<strong>digitalnom zaslonu<\/strong>\u00a0koji prikazuje razinu e-teku\u0107ine, \u0161to olak\u0161ava pra\u0107enje kada je ure\u0111aj pri kraju.<\/li>\n<\/ul>\n<p>Kada ure\u0111aj prestane proizvoditi paru ili okus nestane, vrijeme je da ga odgovorno zbrinete.<\/p>\n<\/div>\n<\/div>\n<\/div>\n<\/div>","protected":false},"excerpt":{"rendered":"<p data-start=\"1433\" data-end=\"1606\">Ovo <strong data-start=\"1437\" data-end=\"1480\">Vopk Shisha Nargila 20000 Udisaja Vape Bar<\/strong> isporu\u010duje DTL paru, 28 ml e-teku\u0107ine i digitalni zaslon. Moderan, punjivi izbor za <strong data-start=\"1573\" data-end=\"1603\">veleprodajne kupce u Europi<\/strong>.<\/p>\n<p><strong>Dodajte Amy na WhatsApp za brzi odgovor i popust!<\/strong><\/p>\n<p><img fetchpriority=\"high\" decoding=\"async\" class=\"size-full wp-image-2932\" src=\"https:\/\/vapestornado.com\/wp-content\/uploads\/2024\/12\/Vape-Wholesale.jpg\" alt=\"Veleprodaja vejpova\" width=\"229\" height=\"300\" \/><\/p>\n<h3><a href=\"https:\/\/wa.me\/8617776015835\"><span style=\"color: #ff0000;\"><strong>WhatsApp: +86 17776015835<\/strong><\/span><\/a><\/h3>\n<p>&nbsp;<\/p>","protected":false},"featured_media":3965,"comment_status":"open","ping_status":"closed","template":"","meta":{"_acf_changed":false,"_uag_custom_page_level_css":"","_lmt_disableupdate":"no","_lmt_disable":"","_monsterinsights_skip_tracking":false,"_monsterinsights_sitenote_active":false,"_monsterinsights_sitenote_note":"","_monsterinsights_sitenote_category":0,"site-sidebar-layout":"default","site-content-layout":"","ast-site-content-layout":"default","site-content-style":"default","site-sidebar-style":"default","ast-global-header-display":"","ast-banner-title-visibility":"","ast-main-header-display":"","ast-hfb-above-header-display":"","ast-hfb-below-header-display":"","ast-hfb-mobile-header-display":"","site-post-title":"","ast-breadcrumbs-content":"","ast-featured-img":"","footer-sml-layout":"","ast-disable-related-posts":"","theme-transparent-header-meta":"default","adv-header-id-meta":"","stick-header-meta":"","header-above-stick-meta":"","header-main-stick-meta":"","header-below-stick-meta":"","astra-migrate-meta-layouts":"set","ast-page-background-enabled":"default","ast-page-background-meta":{"desktop":{"background-color":"","background-image":"","background-repeat":"repeat","background-position":"center center","background-size":"auto","background-attachment":"scroll","background-type":"","background-media":"","overlay-type":"","overlay-color":"","overlay-opacity":"","overlay-gradient":""},"tablet":{"background-color":"","background-image":"","background-repeat":"repeat","background-position":"center center","background-size":"auto","background-attachment":"scroll","background-type":"","background-media":"","overlay-type":"","overlay-color":"","overlay-opacity":"","overlay-gradient":""},"mobile":{"background-color":"","background-image":"","background-repeat":"repeat","background-position":"center center","background-size":"auto","background-attachment":"scroll","background-type":"","background-media":"","overlay-type":"","overlay-color":"","overlay-opacity":"","overlay-gradient":""}},"ast-content-background-meta":{"desktop":{"background-color":"var(--ast-global-color-5)","background-image":"","background-repeat":"repeat","background-position":"center center","background-size":"auto","background-attachment":"scroll","background-type":"","background-media":"","overlay-type":"","overlay-color":"","overlay-opacity":"","overlay-gradient":""},"tablet":{"background-color":"var(--ast-global-color-5)","background-image":"","background-repeat":"repeat","background-position":"center center","background-size":"auto","background-attachment":"scroll","background-type":"","background-media":"","overlay-type":"","overlay-color":"","overlay-opacity":"","overlay-gradient":""},"mobile":{"background-color":"var(--ast-global-color-5)","background-image":"","background-repeat":"repeat","background-position":"center center","background-size":"auto","background-attachment":"scroll","background-type":"","background-media":"","overlay-type":"","overlay-color":"","overlay-opacity":"","overlay-gradient":""}},"_joinchat":{"telephone":"17776015835"}},"product_brand":[],"product_cat":[69,152,158,142,147,290],"product_tag":[165,291,287,94,292],"class_list":{"0":"post-3974","1":"product","2":"type-product","3":"status-publish","4":"has-post-thumbnail","6":"product_cat-20000-puff","7":"product_cat-buy-disposable-vapes-in-cermany","8":"product_cat-buy-disposable-vapes-in-spain","9":"product_cat-digital-box-disposable-vapes","10":"product_cat-shisha-hookah-disposable-vapes","11":"product_cat-vopk-vape","12":"product_tag-cheap-vapes","13":"product_tag-disposable-shisha-hookah","14":"product_tag-disposable-vape-pen","15":"product_tag-rechargeable-disposable-vape","16":"product_tag-vopk-shisha-bar-20000","17":"desktop-align-left","18":"tablet-align-left","19":"mobile-align-left","21":"first","22":"instock","23":"sale","24":"shipping-taxable","25":"purchasable","26":"product-type-simple"},"acf":[],"uagb_featured_image_src":{"full":["https:\/\/vapestornado.com\/wp-content\/uploads\/2025\/03\/VOPK-Shisha-Hookah-Bar-20000-Puffs.png",800,800,false],"thumbnail":["https:\/\/vapestornado.com\/wp-content\/uploads\/2025\/03\/VOPK-Shisha-Hookah-Bar-20000-Puffs-150x150.png",150,150,true],"medium":["https:\/\/vapestornado.com\/wp-content\/uploads\/2025\/03\/VOPK-Shisha-Hookah-Bar-20000-Puffs-300x300.png",300,300,true],"medium_large":["https:\/\/vapestornado.com\/wp-content\/uploads\/2025\/03\/VOPK-Shisha-Hookah-Bar-20000-Puffs-768x768.png",768,768,true],"large":["https:\/\/vapestornado.com\/wp-content\/uploads\/2025\/03\/VOPK-Shisha-Hookah-Bar-20000-Puffs.png",800,800,false],"1536x1536":["https:\/\/vapestornado.com\/wp-content\/uploads\/2025\/03\/VOPK-Shisha-Hookah-Bar-20000-Puffs.png",800,800,false],"2048x2048":["https:\/\/vapestornado.com\/wp-content\/uploads\/2025\/03\/VOPK-Shisha-Hookah-Bar-20000-Puffs.png",800,800,false],"trp-custom-language-flag":["https:\/\/vapestornado.com\/wp-content\/uploads\/2025\/03\/VOPK-Shisha-Hookah-Bar-20000-Puffs.png",12,12,false],"woocommerce_thumbnail":["https:\/\/vapestornado.com\/wp-content\/uploads\/2025\/03\/VOPK-Shisha-Hookah-Bar-20000-Puffs-300x300.png",300,300,true],"woocommerce_single":["https:\/\/vapestornado.com\/wp-content\/uploads\/2025\/03\/VOPK-Shisha-Hookah-Bar-20000-Puffs-600x600.png",600,600,true],"woocommerce_gallery_thumbnail":["https:\/\/vapestornado.com\/wp-content\/uploads\/2025\/03\/VOPK-Shisha-Hookah-Bar-20000-Puffs-100x100.png",100,100,true]},"uagb_author_info":{"display_name":"ESAMY","author_link":"https:\/\/vapestornado.com\/hr\/author\/"},"uagb_comment_info":0,"uagb_excerpt":"The Vopk Shisha Hookah 20000 Puffs Vape Bar delivers DTL vapor, 28ml e-liquid, and a digital screen. A stylish, rechargeable option for wholesale buyers in Europe. Add Amy's whatsapp to get right reply and discount price! WhatsApp: +86 17776015835 &nbsp;","_links":{"self":[{"href":"https:\/\/vapestornado.com\/hr\/wp-json\/wp\/v2\/product\/3974","targetHints":{"allow":["GET"]}}],"collection":[{"href":"https:\/\/vapestornado.com\/hr\/wp-json\/wp\/v2\/product"}],"about":[{"href":"https:\/\/vapestornado.com\/hr\/wp-json\/wp\/v2\/types\/product"}],"replies":[{"embeddable":true,"href":"https:\/\/vapestornado.com\/hr\/wp-json\/wp\/v2\/comments?post=3974"}],"wp:featuredmedia":[{"embeddable":true,"href":"https:\/\/vapestornado.com\/hr\/wp-json\/wp\/v2\/media\/3965"}],"wp:attachment":[{"href":"https:\/\/vapestornado.com\/hr\/wp-json\/wp\/v2\/media?parent=3974"}],"wp:term":[{"taxonomy":"product_brand","embeddable":true,"href":"https:\/\/vapestornado.com\/hr\/wp-json\/wp\/v2\/product_brand?post=3974"},{"taxonomy":"product_cat","embeddable":true,"href":"https:\/\/vapestornado.com\/hr\/wp-json\/wp\/v2\/product_cat?post=3974"},{"taxonomy":"product_tag","embeddable":true,"href":"https:\/\/vapestornado.com\/hr\/wp-json\/wp\/v2\/product_tag?post=3974"}],"curies":[{"name":"wp","href":"https:\/\/api.w.org\/{rel}","templated":true}]}}