{"id":3973,"date":"2025-03-24T07:11:24","date_gmt":"2025-03-24T07:11:24","guid":{"rendered":"https:\/\/vapestornado.com\/?post_type=product&#038;p=3973"},"modified":"2025-12-08T09:05:30","modified_gmt":"2025-12-08T09:05:30","slug":"vopk-cool-9000-puffs-disposable-vapes-bar-puff-9k","status":"publish","type":"product","link":"https:\/\/vapestornado.com\/hr\/product\/vopk-cool-9000-puffs-disposable-vapes-bar-puff-9k\/","title":{"rendered":"Vopk Cool 9000 Puffs jednokratni Vejp Bar Puff 9K"},"content":{"rendered":"<h1 data-pm-slice=\"1 1 []\">Vopk Cool Bar 9000 Puffs Jednokratni Vape Pen Kit Puff 9K<\/h1>\n<p data-start=\"1124\" data-end=\"1326\"><strong data-start=\"105\" data-end=\"127\">Vopk Cool Bar 9000<\/strong> je kompaktan jednokratni ure\u0111aj dizajniran za dugotrajnu svakodnevnu uporabu bez osje\u0107aja te\u017eine u d\u017eepu. Pru\u017ea <strong data-start=\"226\" data-end=\"247\">do 9.000 udaha<\/strong> iz <strong data-start=\"255\" data-end=\"279\">16 ml unaprijed napunjenog tankog<\/strong>, podr\u017eanog od strane <strong data-start=\"293\" data-end=\"311\">Mre\u017easta zavojnica od 1,0 \u03a9<\/strong> za stabilan okus i <strong data-start=\"337\" data-end=\"368\">punjive baterije Type-C<\/strong> tako da ure\u0111aj radi koliko traje teku\u0107ina. Podesiv protok zraka omogu\u0107ava potpunu kontrolu nad stilom udisaja, od \u010dvrstog MTL do otvorenijeg DTL udaha.<\/p>\n<h3 data-start=\"727\" data-end=\"789\">\u0160to \u010dini VOPK Cool Bar 9000 pravim za vas<\/h3>\n<ul data-start=\"791\" data-end=\"1646\">\n<li data-start=\"791\" data-end=\"982\">\n<p data-start=\"793\" data-end=\"982\"><strong data-start=\"793\" data-end=\"830\">Kapacitet koji odgovara stvarnim rutinama.<\/strong> 9.000 udaha i 16 ml e-teku\u0107ine dovoljno je za smanjenje u\u010destalosti zamjene kod redovitih korisnika, a istovremeno odr\u017eava ure\u0111aj laganim i lako prenosivim.<\/p>\n<\/li>\n<li data-start=\"984\" data-end=\"1144\">\n<p data-start=\"986\" data-end=\"1144\"><strong data-start=\"986\" data-end=\"1025\">Performanse mre\u017easte zavojnice koje mo\u017eete osjetiti.<\/strong> Ovo <strong data-start=\"1030\" data-end=\"1048\">Mre\u017easta zavojnica od 1,0 \u03a9<\/strong> ravnomjerno se grije i izbjegava o\u0161tar, neravnomjerni okus koji neki mali jednokratni ure\u0111aji razvijaju nakon intenzivne uporabe.<\/p>\n<\/li>\n<li data-start=\"1146\" data-end=\"1347\">\n<p data-start=\"1148\" data-end=\"1347\"><strong data-start=\"1148\" data-end=\"1182\">Protoke zraka koji se mogu stvarno podesiti.<\/strong> Podesiv protok zraka zna\u010di da odlu\u010dujete kako \u0107e se ure\u0111aj pona\u0161ati: \u010dvr\u0161\u0107i udisaj za MTL poput cigarete ili labaviji za vi\u0161e pare. Jedan ure\u0111aj pokriva obje navike.<\/p>\n<\/li>\n<li data-start=\"1349\" data-end=\"1520\">\n<p data-start=\"1351\" data-end=\"1520\"><strong data-start=\"1351\" data-end=\"1393\">Punjenje za potpuno iskori\u0161tavanje tankog.<\/strong> Ovo <strong data-start=\"1398\" data-end=\"1416\">baterija od 600 mAh<\/strong> plus <strong data-start=\"1422\" data-end=\"1446\">Type-C brzo punjenje<\/strong> skra\u0107uje vrijeme mirovanja i sprje\u010dava uobi\u010dajen problem 'baterija se prvo isprazni'.<\/p>\n<\/li>\n<li data-start=\"1522\" data-end=\"1646\">\n<p data-start=\"1524\" data-end=\"1646\"><strong data-start=\"1524\" data-end=\"1553\">Dizajniran za svakodnevnu uporabu.<\/strong> Kompaktne veli\u010dine, \u010distog dizajna i bez potrebe za postavkama \u2014 izvadite ga, vapajte, punite kada je potrebno.<\/p>\n<\/li>\n<\/ul>\n<p data-start=\"666\" data-end=\"1235\"><strong style=\"font-size: 16px;\"><span style=\"color: #ff0000;\">Dodajte Amy na WhatsApp za brzi odgovor i popust!<\/span><\/strong><\/p>\n<p><img fetchpriority=\"high\" decoding=\"async\" class=\"size-full wp-image-2932\" src=\"https:\/\/vapestornado.com\/wp-content\/uploads\/2024\/12\/Vape-Wholesale.jpg\" alt=\"Veleprodaja vejpova\" width=\"229\" height=\"300\" \/><\/p>\n<h3><a href=\"https:\/\/wa.me\/8617776015835\" target=\"_blank\" rel=\"noopener\"><span style=\"color: #ff0000;\"><strong>WhatsApp: +86 17776015835<\/strong><\/span><\/a><\/h3>\n<p>&nbsp;<\/p>\n<h2><strong>Vopk Cool Bar 9000 Vape Pen Klju\u010dne zna\u010dajke proizvoda<\/strong><\/h2>\n<table>\n<thead>\n<tr>\n<th>Zna\u010dajka<\/th>\n<th>Specifikacije<\/th>\n<th>Detalji<\/th>\n<\/tr>\n<\/thead>\n<tbody>\n<tr>\n<td>Marka<\/td>\n<td>VOPK Vape<\/td>\n<td>Dio linije Cool Bar namijenjene visokodemandnom EU jednokratnom tr\u017ei\u0161tu.<\/td>\n<\/tr>\n<tr>\n<td>Kapacitet Udisaja<\/td>\n<td>Do 9000 udisaja<\/td>\n<td>Dovoljno dugo za vi\u0161ednevnu do vi\u0161emjese\u010dnu upotrebu, ovisno o tempu.<\/td>\n<\/tr>\n<tr>\n<td>Kapacitet e-teku\u0107ine<\/td>\n<td>16ml unaprijed napunjeno<\/td>\n<td>Veliko za svoju veli\u010dinu; podr\u017eava produ\u017eene sesije bez nadopunjavanja.<\/td>\n<\/tr>\n<tr>\n<td>Grija\u010d<\/td>\n<td>1.0\u03a9 Mre\u017easta zavojnica<\/td>\n<td>Ravnomjerno grijanje za glatkiji vapour i stabilniji okus.<\/td>\n<\/tr>\n<tr>\n<td>Protok zraka<\/td>\n<td>Podesivo<\/td>\n<td>Prebacivanje izme\u0111u \u010dvr\u0161\u0107eg MTL i labavijeg DTL povla\u010denja.<\/td>\n<\/tr>\n<tr>\n<td>Baterija<\/td>\n<td>600mAh punjiva baterija<\/td>\n<td>Pouzdani dnevni rad; punjenje umjesto ranog odlaganja.<\/td>\n<\/tr>\n<tr>\n<td>Punjenje<\/td>\n<td>brzo punjenje Type-C<\/td>\n<td>Brza nadopunjavanja modernim, \u0161iroko kori\u0161tenim EU kabelima.<\/td>\n<\/tr>\n<\/tbody>\n<\/table>\n<h2 class=\"product-title\"><strong>Vopk Cool Bar 9000 Popis okusa jednokratnih olovaka<\/strong><\/h2>\n<article class=\"w-full text-token-text-primary focus-visible:outline-2 focus-visible:outline-offset-[-4px]\" dir=\"auto\" data-testid=\"conversation-turn-32\" data-scroll-anchor=\"false\">\n<div class=\"m-auto text-base py-[18px] px-6\">\n<div class=\"mx-auto flex flex-1 text-base gap-4 md:gap-5 lg:gap-6 md:max-w-3xl lg:max-w-[40rem] xl:max-w-[48rem]\">\n<div class=\"group\/conversation-turn relative flex w-full min-w-0 flex-col @xs\/thread:px-0 @sm\/thread:px-1.5 @md\/thread:px-4\">\n<div class=\"flex-col gap-1 md:gap-3\">\n<div class=\"flex max-w-full flex-col flex-grow\">\n<div class=\"min-h-8 text-message flex w-full flex-col items-end gap-2 whitespace-normal break-words text-start [.text-message+&amp;]:mt-5\" dir=\"auto\" data-message-author-role=\"user\" data-message-id=\"ffac41ca-1db4-431b-873a-32c4052956f1\">\n<div class=\"flex w-full flex-col gap-1 empty:hidden items-end rtl:items-start\">\n<div class=\"relative max-w-[var(--user-chat-width,70%)] rounded-3xl bg-token-message-surface px-5 py-2.5\">\n<div class=\"absolute bottom-0 right-full top-0 -mr-3.5 hidden pr-5 pt-2 [.group\/conversation-turn:hover_&amp;]:flex\">\n<div class=\"flex\">\n<article class=\"w-full text-token-text-primary focus-visible:outline-2 focus-visible:outline-offset-[-4px]\" dir=\"auto\" data-testid=\"conversation-turn-39\" data-scroll-anchor=\"true\">\n<div class=\"m-auto text-base py-[18px] px-6\">\n<div class=\"mx-auto flex flex-1 text-base gap-4 md:gap-5 lg:gap-6 md:max-w-3xl lg:max-w-[40rem] xl:max-w-[48rem]\">\n<div class=\"group\/conversation-turn relative flex w-full min-w-0 flex-col agent-turn @xs\/thread:px-0 @sm\/thread:px-1.5 @md\/thread:px-4\">\n<div class=\"flex-col gap-1 md:gap-3\">\n<div class=\"flex max-w-full flex-col flex-grow\">\n<div class=\"min-h-8 text-message flex w-full flex-col items-end gap-2 whitespace-normal break-words text-start [.text-message+&amp;]:mt-5\" dir=\"auto\" data-message-author-role=\"assistant\" data-message-id=\"55a23854-ec57-48dd-bd4f-6118f43d6241\" data-message-model-slug=\"gpt-4o\">\n<div class=\"flex w-full flex-col gap-1 empty:hidden first:pt-[3px]\">\n<div class=\"markdown prose w-full break-words dark:prose-invert light\">\n<p>1. Led od breskve<br \/>\n2. Dvostruka metvica<br \/>\n3. Pjenu\u0161avi limun<br \/>\n4. Aloe vera od gro\u017e\u0111a<br \/>\n5. Li\u010di od gro\u017e\u0111a<br \/>\n6. Led od kole<br \/>\n7. Kisela naran\u010da<br \/>\n8. Mje\u0161avina bobi\u010dastog vo\u0107a<br \/>\n9. Red Bull Ice<br \/>\n10. Led od lubenice<\/p>\n<figure id=\"attachment_3967\" aria-describedby=\"caption-attachment-3967\" style=\"width: 800px\" class=\"wp-caption alignnone\"><img decoding=\"async\" class=\"wp-image-3967 size-full\" src=\"https:\/\/vapestornado.com\/wp-content\/uploads\/2025\/03\/VOPK-9K-9000-Puff-Disposable-Vape-Pen-Kit.webp\" alt=\"VOPK 9K 9000 Puff jednokratni vape ure\u0111aj\" width=\"800\" height=\"800\" srcset=\"https:\/\/vapestornado.com\/wp-content\/uploads\/2025\/03\/VOPK-9K-9000-Puff-Disposable-Vape-Pen-Kit.webp 800w, https:\/\/vapestornado.com\/wp-content\/uploads\/2025\/03\/VOPK-9K-9000-Puff-Disposable-Vape-Pen-Kit-300x300.webp 300w, https:\/\/vapestornado.com\/wp-content\/uploads\/2025\/03\/VOPK-9K-9000-Puff-Disposable-Vape-Pen-Kit-150x150.webp 150w, https:\/\/vapestornado.com\/wp-content\/uploads\/2025\/03\/VOPK-9K-9000-Puff-Disposable-Vape-Pen-Kit-768x768.webp 768w, https:\/\/vapestornado.com\/wp-content\/uploads\/2025\/03\/VOPK-9K-9000-Puff-Disposable-Vape-Pen-Kit-600x600.webp 600w, https:\/\/vapestornado.com\/wp-content\/uploads\/2025\/03\/VOPK-9K-9000-Puff-Disposable-Vape-Pen-Kit-100x100.webp 100w\" sizes=\"(max-width: 800px) 100vw, 800px\" \/><figcaption id=\"caption-attachment-3967\" class=\"wp-caption-text\">VOPK 9K 9000 Puff jednokratni vape ure\u0111aj<\/figcaption><\/figure>\n<\/div>\n<\/div>\n<\/div>\n<\/div>\n<\/div>\n<\/div>\n<\/div>\n<\/div>\n<\/article>\n<\/div>\n<\/div>\n<\/div>\n<\/div>\n<\/div>\n<\/div>\n<\/div>\n<\/div>\n<\/div>\n<\/div>\n<\/article>\n<h3>Za\u0161to odabrati Vapestornado za kupnju Vopk Cool Bar 9000?<\/h3>\n<div class=\"flex-shrink-0 flex flex-col relative items-end\">\n<div class=\"pt-0\">\n<div class=\"gizmo-bot-avatar flex h-8 w-8 items-center justify-center overflow-hidden rounded-full\">\n<div class=\"relative p-1 rounded-sm flex items-center justify-center bg-token-main-surface-primary text-token-text-primary h-8 w-8\">\n<p data-start=\"88\" data-end=\"557\">Kada je rije\u010d o <strong data-start=\"105\" data-end=\"154\">\u00a0kupnja visokokvalitetnih jednokratnih vapea<\/strong>, <strong data-start=\"156\" data-end=\"172\">Vapestornado<\/strong> je izvor za nenadma\u0161ne <strong data-start=\"208\" data-end=\"271\">tvorni\u010dke cijene, brzu dostavu i vrhunsku korisni\u010dku uslugu<\/strong>Kupnja Vopk Cool Bar 9000 od Vapestornado zna\u010di da dobivate <strong data-start=\"363\" data-end=\"400\">autenti\u010dne, 100% originalne proizvode<\/strong> s najnovijom<strong data-start=\"417\" data-end=\"515\"> prakti\u010dnost punjenja putem Type-C priklju\u010dka i kapacitet od 9000 udisaja<\/strong>\u2014sve po <strong data-start=\"527\" data-end=\"554\">najni\u017eim veleprodajnim cijenama<\/strong>.<\/p>\n<p data-start=\"559\" data-end=\"933\" data-is-last-node=\"\" data-is-only-node=\"\">Tako\u0111er imamo i druge popularne vapeove sa zaslonom kao \u0161to su <a href=\"https:\/\/vapestornado.com\/hr\/product\/mesii-couple-50k-disposable-shisha-hookah-50000-puffs-vape-with-digital-display\/\">Mesii par 50000<\/a>, <a href=\"https:\/\/vapestornado.com\/hr\/product\/vopk-ultra-40000-puffs-2-in-1-digital-screen-rechargeable-disposable-vape\/\">VOPK 40000 Puff Jednokratni Vape<\/a>, <a href=\"https:\/\/vapestornado.com\/hr\/product\/bang-beach-22000-20k-puff-disposable-vape-pen-with-screen-reddit-hot\/\">Bang Beach 22000<\/a>, i vi\u0161e.<\/p>\n<\/div>\n<div class=\"relative p-1 rounded-sm flex items-center justify-center bg-token-main-surface-primary text-token-text-primary h-8 w-8\">\n<h3>\u010cESTO POSTAVLJANA PITANJA<\/h3>\n<ol data-start=\"2395\" data-end=\"3557\">\n<li data-start=\"2395\" data-end=\"2643\">\n<p data-start=\"2398\" data-end=\"2643\"><strong data-start=\"2398\" data-end=\"2504\">Kako Bang Vopk Cool Bar 9000 jednokratni vape s mre\u017eastom zavojnicom odr\u017eava okus stabilnim tijekom 9000 udisaja?<\/strong><br data-start=\"2504\" data-end=\"2507\" \/>Ovo <strong data-start=\"2511\" data-end=\"2529\">Mre\u017easta zavojnica od 1,0 \u03a9<\/strong> \u0161iri toplinu ravnomjernije nego standardne \u017ei\u010dne zavojnice, smanjuju\u0107i grubljost i usporavaju\u0107i pad okusa tijekom du\u017ee uporabe.<\/p>\n<\/li>\n<li data-start=\"2645\" data-end=\"2867\">\n<p data-start=\"2648\" data-end=\"2867\"><strong data-start=\"2648\" data-end=\"2743\">Je li prilagodljivi protok zraka kod Bang Vopk Cool Bar 9000 koristan za prebacivanje izme\u0111u MTL i DTL?<\/strong><br data-start=\"2743\" data-end=\"2746\" \/>Da. U\u017ee protok zraka daje povla\u010denje u stilu cigarete (MTL), dok njegovo otvaranje podr\u017eava labavije DTL povla\u010denje s vi\u0161e pare.<\/p>\n<\/li>\n<li data-start=\"2869\" data-end=\"3098\">\n<p data-start=\"2872\" data-end=\"3098\"><strong data-start=\"2872\" data-end=\"2964\">Ho\u0107e li Bang Vopk Cool Bar 9K s Type-C punjenjem zavr\u0161iti cijeli tank od 16ml?<\/strong><br data-start=\"2964\" data-end=\"2967\" \/>Puni\u010dnost je dizajnirana za tu svrhu. Ako se snaga smanji prije nego \u0161to se teku\u0107ina potro\u0161i, brzo punjenje putem Type-C odr\u017eava rad.<\/p>\n<\/li>\n<li data-start=\"3100\" data-end=\"3315\">\n<p data-start=\"3103\" data-end=\"3315\"><strong data-start=\"3103\" data-end=\"3188\">Kakav je izlaz pare od Bang Vopk Cool Bar 9000 s 9000 udisaja?<\/strong><br data-start=\"3188\" data-end=\"3191\" \/>O\u010dekujte glatki, dosljedni tok pare. S otvorenim protokom zraka, gusto\u0107a pare se pove\u0107ava bez da povla\u010denje postane grubo.<\/p>\n<\/li>\n<li data-start=\"3317\" data-end=\"3557\">\n<p data-start=\"3320\" data-end=\"3557\"><strong data-start=\"3320\" data-end=\"3422\">Je li kompaktni jednokratni vape Bang Vopk Cool Bar 9000 prikladan za svakodnevno no\u0161enje i vanjsku uporabu?<\/strong><br data-start=\"3422\" data-end=\"3425\" \/>Dizajniran je za prenosivost: tanak tijelo, bez potrebe za postavkom, i dovoljno kapaciteta za duge dane izvan ku\u0107e, plus brzo punjenje kada je potrebno.<\/p>\n<\/li>\n<\/ol>\n<p>&nbsp;<\/p>\n<\/div>\n<\/div>\n<\/div>\n<\/div>","protected":false},"excerpt":{"rendered":"<p class=\"LC20lb MBeuO DKV0Md\"><strong data-start=\"1370\" data-end=\"1398\">Vopk Cool Bar 9000 Udisaja<\/strong> je d\u017eepno-prijateljski 9.000-udaha jednokratni ure\u0111aj s tankom od 16 ml, dosljedno\u0161\u0107u mre\u017easte zavojnice, podesivim protokom zraka i Type-C punjenjem za predvidljivo cjelodnevno u\u017eivanje u vapingu. Popularan izbor za <strong data-start=\"1503\" data-end=\"1533\">veleprodajne kupce u Europi<\/strong>.<\/p>\n<p><strong>Dodajte Amy na WhatsApp za brzi odgovor i popust!<\/strong><\/p>\n<p><img fetchpriority=\"high\" decoding=\"async\" class=\"size-full wp-image-2932\" src=\"https:\/\/vapestornado.com\/wp-content\/uploads\/2024\/12\/Vape-Wholesale.jpg\" alt=\"Veleprodaja vejpova\" width=\"229\" height=\"300\" \/><\/p>\n<h3><a href=\"https:\/\/wa.me\/8617776015835\"><span style=\"color: #ff0000;\"><strong>WhatsApp: +86 17776015835<\/strong><\/span><\/a><\/h3>\n<p>&nbsp;<\/p>","protected":false},"featured_media":3969,"comment_status":"open","ping_status":"closed","template":"","meta":{"_acf_changed":false,"_uag_custom_page_level_css":"","_lmt_disableupdate":"no","_lmt_disable":"","_monsterinsights_skip_tracking":false,"_monsterinsights_sitenote_active":false,"_monsterinsights_sitenote_note":"","_monsterinsights_sitenote_category":0,"site-sidebar-layout":"default","site-content-layout":"","ast-site-content-layout":"default","site-content-style":"default","site-sidebar-style":"default","ast-global-header-display":"","ast-banner-title-visibility":"","ast-main-header-display":"","ast-hfb-above-header-display":"","ast-hfb-below-header-display":"","ast-hfb-mobile-header-display":"","site-post-title":"","ast-breadcrumbs-content":"","ast-featured-img":"","footer-sml-layout":"","ast-disable-related-posts":"","theme-transparent-header-meta":"default","adv-header-id-meta":"","stick-header-meta":"","header-above-stick-meta":"","header-main-stick-meta":"","header-below-stick-meta":"","astra-migrate-meta-layouts":"set","ast-page-background-enabled":"default","ast-page-background-meta":{"desktop":{"background-color":"","background-image":"","background-repeat":"repeat","background-position":"center center","background-size":"auto","background-attachment":"scroll","background-type":"","background-media":"","overlay-type":"","overlay-color":"","overlay-opacity":"","overlay-gradient":""},"tablet":{"background-color":"","background-image":"","background-repeat":"repeat","background-position":"center center","background-size":"auto","background-attachment":"scroll","background-type":"","background-media":"","overlay-type":"","overlay-color":"","overlay-opacity":"","overlay-gradient":""},"mobile":{"background-color":"","background-image":"","background-repeat":"repeat","background-position":"center center","background-size":"auto","background-attachment":"scroll","background-type":"","background-media":"","overlay-type":"","overlay-color":"","overlay-opacity":"","overlay-gradient":""}},"ast-content-background-meta":{"desktop":{"background-color":"var(--ast-global-color-5)","background-image":"","background-repeat":"repeat","background-position":"center center","background-size":"auto","background-attachment":"scroll","background-type":"","background-media":"","overlay-type":"","overlay-color":"","overlay-opacity":"","overlay-gradient":""},"tablet":{"background-color":"var(--ast-global-color-5)","background-image":"","background-repeat":"repeat","background-position":"center center","background-size":"auto","background-attachment":"scroll","background-type":"","background-media":"","overlay-type":"","overlay-color":"","overlay-opacity":"","overlay-gradient":""},"mobile":{"background-color":"var(--ast-global-color-5)","background-image":"","background-repeat":"repeat","background-position":"center center","background-size":"auto","background-attachment":"scroll","background-type":"","background-media":"","overlay-type":"","overlay-color":"","overlay-opacity":"","overlay-gradient":""}},"_joinchat":{"telephone":"17776015835"}},"product_brand":[],"product_cat":[73,152,144,146,290],"product_tag":[165,287,483,94,289,288],"class_list":{"0":"post-3973","1":"product","2":"type-product","3":"status-publish","4":"has-post-thumbnail","6":"product_cat-9000-puff","7":"product_cat-buy-disposable-vapes-in-cermany","8":"product_cat-low-nicotine-disposable-vapes","9":"product_cat-rechargeable-disposable-vapes","10":"product_cat-vopk-vape","11":"product_tag-cheap-vapes","12":"product_tag-disposable-vape-pen","13":"product_tag-mini-disposable-vape","14":"product_tag-rechargeable-disposable-vape","15":"product_tag-vopk-9000-disposable-bar","16":"product_tag-vopk-cool-bar-9000","17":"desktop-align-left","18":"tablet-align-left","19":"mobile-align-left","21":"first","22":"instock","23":"sale","24":"shipping-taxable","25":"purchasable","26":"product-type-simple"},"acf":[],"uagb_featured_image_src":{"full":["https:\/\/vapestornado.com\/wp-content\/uploads\/2025\/03\/VOPK-Cool-Bar-9000-Puffs-Disposable-Vape-Wholesale.webp",800,800,false],"thumbnail":["https:\/\/vapestornado.com\/wp-content\/uploads\/2025\/03\/VOPK-Cool-Bar-9000-Puffs-Disposable-Vape-Wholesale-150x150.webp",150,150,true],"medium":["https:\/\/vapestornado.com\/wp-content\/uploads\/2025\/03\/VOPK-Cool-Bar-9000-Puffs-Disposable-Vape-Wholesale-300x300.webp",300,300,true],"medium_large":["https:\/\/vapestornado.com\/wp-content\/uploads\/2025\/03\/VOPK-Cool-Bar-9000-Puffs-Disposable-Vape-Wholesale-768x768.webp",768,768,true],"large":["https:\/\/vapestornado.com\/wp-content\/uploads\/2025\/03\/VOPK-Cool-Bar-9000-Puffs-Disposable-Vape-Wholesale.webp",800,800,false],"1536x1536":["https:\/\/vapestornado.com\/wp-content\/uploads\/2025\/03\/VOPK-Cool-Bar-9000-Puffs-Disposable-Vape-Wholesale.webp",800,800,false],"2048x2048":["https:\/\/vapestornado.com\/wp-content\/uploads\/2025\/03\/VOPK-Cool-Bar-9000-Puffs-Disposable-Vape-Wholesale.webp",800,800,false],"trp-custom-language-flag":["https:\/\/vapestornado.com\/wp-content\/uploads\/2025\/03\/VOPK-Cool-Bar-9000-Puffs-Disposable-Vape-Wholesale.webp",12,12,false],"woocommerce_thumbnail":["https:\/\/vapestornado.com\/wp-content\/uploads\/2025\/03\/VOPK-Cool-Bar-9000-Puffs-Disposable-Vape-Wholesale-300x300.webp",300,300,true],"woocommerce_single":["https:\/\/vapestornado.com\/wp-content\/uploads\/2025\/03\/VOPK-Cool-Bar-9000-Puffs-Disposable-Vape-Wholesale-600x600.webp",600,600,true],"woocommerce_gallery_thumbnail":["https:\/\/vapestornado.com\/wp-content\/uploads\/2025\/03\/VOPK-Cool-Bar-9000-Puffs-Disposable-Vape-Wholesale-100x100.webp",100,100,true]},"uagb_author_info":{"display_name":"ESAMY","author_link":"https:\/\/vapestornado.com\/hr\/author\/"},"uagb_comment_info":0,"uagb_excerpt":"Vopk Cool Bar 9000 Puffs is a pocket-friendly 9,000-puff disposable with a 16ml tank, mesh-coil consistency, adjustable airflow, and Type-C rechargeable for predictable all-day vaping. Is popular choice for wholesale buyers in Europe. Add Amy's whatsapp to get right reply and discount price! WhatsApp: +86 17776015835 &nbsp;","_links":{"self":[{"href":"https:\/\/vapestornado.com\/hr\/wp-json\/wp\/v2\/product\/3973","targetHints":{"allow":["GET"]}}],"collection":[{"href":"https:\/\/vapestornado.com\/hr\/wp-json\/wp\/v2\/product"}],"about":[{"href":"https:\/\/vapestornado.com\/hr\/wp-json\/wp\/v2\/types\/product"}],"replies":[{"embeddable":true,"href":"https:\/\/vapestornado.com\/hr\/wp-json\/wp\/v2\/comments?post=3973"}],"wp:featuredmedia":[{"embeddable":true,"href":"https:\/\/vapestornado.com\/hr\/wp-json\/wp\/v2\/media\/3969"}],"wp:attachment":[{"href":"https:\/\/vapestornado.com\/hr\/wp-json\/wp\/v2\/media?parent=3973"}],"wp:term":[{"taxonomy":"product_brand","embeddable":true,"href":"https:\/\/vapestornado.com\/hr\/wp-json\/wp\/v2\/product_brand?post=3973"},{"taxonomy":"product_cat","embeddable":true,"href":"https:\/\/vapestornado.com\/hr\/wp-json\/wp\/v2\/product_cat?post=3973"},{"taxonomy":"product_tag","embeddable":true,"href":"https:\/\/vapestornado.com\/hr\/wp-json\/wp\/v2\/product_tag?post=3973"}],"curies":[{"name":"wp","href":"https:\/\/api.w.org\/{rel}","templated":true}]}}