{"id":3953,"date":"2025-03-23T08:38:03","date_gmt":"2025-03-23T08:38:03","guid":{"rendered":"https:\/\/vapestornado.com\/?post_type=product&#038;p=3953"},"modified":"2025-12-08T08:42:00","modified_gmt":"2025-12-08T08:42:00","slug":"bang-beach-22000-20k-puff-disposable-vape-pen-with-screen-reddit-hot","status":"publish","type":"product","link":"https:\/\/vapestornado.com\/hr\/product\/bang-beach-22000-20k-puff-disposable-vape-pen-with-screen-reddit-hot\/","title":{"rendered":"Bang Beach 22000 20k Puff jednokratna vape olovka sa zaslonom Reddit Hot"},"content":{"rendered":"<h1 data-pm-slice=\"1 1 []\">Bang Beach 22000 Udisaja Jednokratni Vape Pen 36ml E teku\u0107ine i Pametni zaslon za veleprodaju Hrvatska<\/h1>\n<p data-start=\"1133\" data-end=\"1305\"><strong data-start=\"546\" data-end=\"572\">Bang Beach 22000 Udisaja<\/strong> je sna\u017ean izbor za hrvatske vapera koji \u017eele <strong data-start=\"4734\" data-end=\"4766\">tjedne kori\u0161tenja s jednog ure\u0111aja<\/strong> umjesto kupovine svakih nekoliko dana. S <strong data-start=\"683\" data-end=\"705\">do 22.000 udisaja<\/strong>, a <strong data-start=\"709\" data-end=\"733\">36ml unaprijed napunjeni spremnik<\/strong>, <strong data-start=\"735\" data-end=\"768\">mesh-\u017ei\u010dna konzistentnost okusa<\/strong>, i <strong data-start=\"776\" data-end=\"800\">pametnim digitalnim zaslonom<\/strong>, olak\u0161ava svakodnevno vaping, predvidljivo i prenosivo. Puni se <strong data-start=\"872\" data-end=\"891\">Type-C punjenje<\/strong> zna\u010di da mo\u017eete potro\u0161iti teku\u0107inu umjesto da ranije bacite ure\u0111aj.<\/p>\n<h3 data-start=\"737\" data-end=\"789\">Za\u0161to Bang Beach 22000 udisaja vrijedi kupiti<\/h3>\n<ul data-start=\"791\" data-end=\"1904\">\n<li data-start=\"791\" data-end=\"1034\">\n<p data-start=\"793\" data-end=\"1034\"><strong data-start=\"793\" data-end=\"841\">Kapacitet koji zaista mijenja va\u0161u rutinu.<\/strong> 22K udisaja plus 36ml e-teku\u0107ine zna\u010di da ne morate mijenjati ure\u0111aj svakih nekoliko dana. Ako vapingate svaki dan, to je razlika izme\u0111u \u201cuvijek ponovnog kupovanja\u201d i \u201csamo nastavka tjedna\u201d.<\/p>\n<\/li>\n<li data-start=\"1036\" data-end=\"1256\">\n<p data-start=\"1038\" data-end=\"1256\"><strong data-start=\"1038\" data-end=\"1070\">Pametni zaslon = prava kontrola.<\/strong> Digitalni prikaz prikazuje <strong data-start=\"1097\" data-end=\"1145\">trajanje baterije i razinu e-teku\u0107ine u stvarnom vremenu<\/strong>, tako da ne budete uhva\u0107eni usred putovanja ili no\u0107nog izlaska. To je mala zna\u010dajka koja olak\u0161ava svakodnevnu uporabu.<\/p>\n<\/li>\n<li data-start=\"1258\" data-end=\"1527\">\n<p data-start=\"1260\" data-end=\"1527\"><strong data-start=\"1260\" data-end=\"1327\">Punjenje putem Type-C priklju\u010dka rje\u0161ava najve\u0107i problem s jednokratnim ure\u0111ajima.<\/strong> Visokokapacitetni jednokratni ure\u0111aji \u010desto prerano umiru jer baterija ne mo\u017ee izdr\u017eati. Ovdje, <strong data-start=\"1415\" data-end=\"1439\">punjive baterije<\/strong> i <strong data-start=\"1444\" data-end=\"1463\">Type-C punjenje<\/strong> dopustit \u0107e vam da zavr\u0161ite punu bocu umjesto da je prerano bacite.<\/p>\n<\/li>\n<li data-start=\"1529\" data-end=\"1698\">\n<p data-start=\"1531\" data-end=\"1698\"><strong data-start=\"1531\" data-end=\"1575\">Mesh coil tehnologija odr\u017eava okus dosljednim.<\/strong> Mesh grijanje ravnomjerno \u0161iri toplinu, daju\u0107i <strong data-start=\"1617\" data-end=\"1650\">glatke udisaje i puniji okus<\/strong>, posebno kako se ure\u0111aj pribli\u017eava praznom stanju.<\/p>\n<\/li>\n<li data-start=\"1700\" data-end=\"1904\">\n<p data-start=\"1702\" data-end=\"1904\"><strong data-start=\"1702\" data-end=\"1742\">Raspon nikotina za razli\u010dite navike.<\/strong> S <strong data-start=\"1748\" data-end=\"1770\">0%, 2%, 3% i 5%<\/strong> opcije, mo\u017eete odabrati ja\u010dinu koja odgovara va\u0161em tempu\u2014bilo da \u017eelite ne\u0161to lagano, ja\u010di udar ili potpuno bez nikotina.<\/p>\n<\/li>\n<\/ul>\n<p data-start=\"666\" data-end=\"1235\"><strong style=\"font-size: 16px;\"><span style=\"color: #ff0000;\">Dodajte Amy na WhatsApp za brzi odgovor i popust!<\/span><\/strong><\/p>\n<p><img fetchpriority=\"high\" decoding=\"async\" class=\"size-full wp-image-2932\" src=\"https:\/\/vapestornado.com\/wp-content\/uploads\/2024\/12\/Vape-Wholesale.jpg\" alt=\"Veleprodaja vejpova\" width=\"229\" height=\"300\" \/><\/p>\n<h3><a href=\"https:\/\/wa.me\/8617776015835\" target=\"_blank\" rel=\"noopener\"><span style=\"color: #ff0000;\"><strong>WhatsApp: +86 17776015835<\/strong><\/span><\/a><\/h3>\n<p>&nbsp;<\/p>\n<h2><strong>Bang Beach 22000 Vape Pen Klju\u010dne zna\u010dajke proizvoda<\/strong><\/h2>\n<p>&nbsp;<\/p>\n<table>\n<thead>\n<tr>\n<th>Zna\u010dajke<\/th>\n<th>Specifikacije<\/th>\n<th>Detalji<\/th>\n<\/tr>\n<\/thead>\n<tbody>\n<tr>\n<td>Kapacitet udisaja<\/td>\n<td>Do 22.000 udisaja<\/td>\n<td>Dugotrajna trajnost; manje zamjena i bolja vrijednost po ure\u0111aju.<\/td>\n<\/tr>\n<tr>\n<td>Volumen e-teku\u0107ine<\/td>\n<td>36ml unaprijed napunjeno<\/td>\n<td>Produ\u017eena uporaba bez nadopunjavanja; dizajnirano za du\u017ee sesije.<\/td>\n<\/tr>\n<tr>\n<td>Grija\u010d<\/td>\n<td>Mre\u017easta spirala<\/td>\n<td>Ravnomjerno grijanje za glatkiji vapour i stabilniji okus.<\/td>\n<\/tr>\n<tr>\n<td>Baterija<\/td>\n<td>Punjenje putem priklju\u010dka (kapacitet mo\u017ee varirati po seriji)<\/td>\n<td>Pomo\u0107 pri punjenju omogu\u0107ava kori\u0161tenje cijelog teku\u0107ina; to\u010dan kapacitet od 650mAh mo\u017ee se razlikovati ovisno o seriji tr\u017ei\u0161ta.<\/td>\n<\/tr>\n<tr>\n<td>Punjenje<\/td>\n<td>Tip-C<\/td>\n<td>Brzo, moderno punjenje prema EU standardima s uobi\u010dajenim kabelima.<\/td>\n<\/tr>\n<tr>\n<td>Ja\u010dine nikotina<\/td>\n<td>0% \/ 2% \/ 3% \/ 5% solni nikotin<\/td>\n<td>Odaberite svoju ja\u010dinu ili idite bez nikotina.<\/td>\n<\/tr>\n<tr>\n<td>Okusi<\/td>\n<td>12 opcija<\/td>\n<td>Dovolj raspona za razli\u010dite preferencije.<\/td>\n<\/tr>\n<tr>\n<td>Zaslon<\/td>\n<td>Pametni digitalni zaslon<\/td>\n<td>Pra\u0107enje razine baterije + razine e-teku\u0107ine u stvarnom vremenu.<\/td>\n<\/tr>\n<\/tbody>\n<\/table>\n<figure id=\"attachment_3940\" aria-describedby=\"caption-attachment-3940\" style=\"width: 800px\" class=\"wp-caption alignnone\"><img decoding=\"async\" class=\"wp-image-3940 size-full\" src=\"https:\/\/vapestornado.com\/wp-content\/uploads\/2025\/03\/Bang-Beach-22k-22000-Puff-Vape-Kit.webp\" alt=\"Bang Beach 22k 22000 Puff Vape Komplet\" width=\"800\" height=\"800\" srcset=\"https:\/\/vapestornado.com\/wp-content\/uploads\/2025\/03\/Bang-Beach-22k-22000-Puff-Vape-Kit.webp 800w, https:\/\/vapestornado.com\/wp-content\/uploads\/2025\/03\/Bang-Beach-22k-22000-Puff-Vape-Kit-300x300.webp 300w, https:\/\/vapestornado.com\/wp-content\/uploads\/2025\/03\/Bang-Beach-22k-22000-Puff-Vape-Kit-150x150.webp 150w, https:\/\/vapestornado.com\/wp-content\/uploads\/2025\/03\/Bang-Beach-22k-22000-Puff-Vape-Kit-768x768.webp 768w, https:\/\/vapestornado.com\/wp-content\/uploads\/2025\/03\/Bang-Beach-22k-22000-Puff-Vape-Kit-600x600.webp 600w, https:\/\/vapestornado.com\/wp-content\/uploads\/2025\/03\/Bang-Beach-22k-22000-Puff-Vape-Kit-100x100.webp 100w\" sizes=\"(max-width: 800px) 100vw, 800px\" \/><figcaption id=\"caption-attachment-3940\" class=\"wp-caption-text\">Bang Beach 22k 22000 Puff Vape Komplet<\/figcaption><\/figure>\n<h2 class=\"product-title\"><strong>Bang Beach 22000 Lista Okusa<\/strong><\/h2>\n<article class=\"w-full text-token-text-primary focus-visible:outline-2 focus-visible:outline-offset-[-4px]\" dir=\"auto\" data-testid=\"conversation-turn-32\" data-scroll-anchor=\"false\">\n<div class=\"m-auto text-base py-[18px] px-6\">\n<div class=\"mx-auto flex flex-1 text-base gap-4 md:gap-5 lg:gap-6 md:max-w-3xl lg:max-w-[40rem] xl:max-w-[48rem]\">\n<div class=\"group\/conversation-turn relative flex w-full min-w-0 flex-col @xs\/thread:px-0 @sm\/thread:px-1.5 @md\/thread:px-4\">\n<div class=\"flex-col gap-1 md:gap-3\">\n<div class=\"flex max-w-full flex-col flex-grow\">\n<div class=\"min-h-8 text-message flex w-full flex-col items-end gap-2 whitespace-normal break-words text-start [.text-message+&amp;]:mt-5\" dir=\"auto\" data-message-author-role=\"user\" data-message-id=\"ffac41ca-1db4-431b-873a-32c4052956f1\">\n<div class=\"flex w-full flex-col gap-1 empty:hidden items-end rtl:items-start\">\n<div class=\"relative max-w-[var(--user-chat-width,70%)] rounded-3xl bg-token-message-surface px-5 py-2.5\">\n<div class=\"absolute bottom-0 right-full top-0 -mr-3.5 hidden pr-5 pt-2 [.group\/conversation-turn:hover_&amp;]:flex\">\n<div class=\"flex\">\n<article class=\"w-full text-token-text-primary focus-visible:outline-2 focus-visible:outline-offset-[-4px]\" dir=\"auto\" data-testid=\"conversation-turn-39\" data-scroll-anchor=\"true\">\n<div class=\"m-auto text-base py-[18px] px-6\">\n<div class=\"mx-auto flex flex-1 text-base gap-4 md:gap-5 lg:gap-6 md:max-w-3xl lg:max-w-[40rem] xl:max-w-[48rem]\">\n<div class=\"group\/conversation-turn relative flex w-full min-w-0 flex-col agent-turn @xs\/thread:px-0 @sm\/thread:px-1.5 @md\/thread:px-4\">\n<div class=\"flex-col gap-1 md:gap-3\">\n<div class=\"flex max-w-full flex-col flex-grow\">\n<div class=\"min-h-8 text-message flex w-full flex-col items-end gap-2 whitespace-normal break-words text-start [.text-message+&amp;]:mt-5\" dir=\"auto\" data-message-author-role=\"assistant\" data-message-id=\"55a23854-ec57-48dd-bd4f-6118f43d6241\" data-message-model-slug=\"gpt-4o\">\n<div class=\"flex w-full flex-col gap-1 empty:hidden first:pt-[3px]\">\n<div class=\"markdown prose w-full break-words dark:prose-invert light\">\n<p>1.Breskva Mango<br \/>\n2.Mje\u0161ano Bobi\u010dasto Vo\u0107e<br \/>\n3.Ru\u017ei\u010dasta Limunada<br \/>\n4. Jagoda Lubenica<br \/>\n5. Lubenica led<br \/>\n6. Ledeno gro\u017e\u0111e<br \/>\n7. Vimto<br \/>\n8.Ledena Jagoda<br \/>\n9.Tre\u0161nja<br \/>\n10.Borovnica Malina<br \/>\n11. Ledena breskva<br \/>\n12.Kisela Jabuka<\/p>\n<\/div>\n<\/div>\n<\/div>\n<\/div>\n<\/div>\n<\/div>\n<\/div>\n<\/div>\n<\/article>\n<\/div>\n<\/div>\n<\/div>\n<\/div>\n<\/div>\n<\/div>\n<\/div>\n<\/div>\n<\/div>\n<\/div>\n<\/article>\n<h3>Za\u0161to odabrati Vapestornado za kupnju Bang Beach 22000?<\/h3>\n<div class=\"flex-shrink-0 flex flex-col relative items-end\">\n<div class=\"pt-0\">\n<div class=\"gizmo-bot-avatar flex h-8 w-8 items-center justify-center overflow-hidden rounded-full\">\n<div class=\"relative p-1 rounded-sm flex items-center justify-center bg-token-main-surface-primary text-token-text-primary h-8 w-8\">\n<p data-start=\"88\" data-end=\"557\">Kada je rije\u010d o <strong data-start=\"105\" data-end=\"154\">\u00a0kupnja visokokvalitetnih jednokratnih vapea<\/strong>, <strong data-start=\"156\" data-end=\"172\">Vapestornado<\/strong> je izvor za nenadma\u0161ne <strong data-start=\"208\" data-end=\"271\">tvorni\u010dke cijene, brzu dostavu i vrhunsku korisni\u010dku uslugu<\/strong>. Kupnja Bang Beach 22000 vape olovke od Vapestornada zna\u010di da dobivate <strong data-start=\"363\" data-end=\"400\">autenti\u010dne, 100% originalne proizvode<\/strong> s najnovijom <strong data-start=\"417\" data-end=\"515\">tehnologiju digitalnog zaslona, punjenje putem Type-C priklju\u010dka i ogroman kapacitet od 22000 udisaja<\/strong>\u2014sve po <strong data-start=\"527\" data-end=\"554\">najni\u017eim veleprodajnim cijenama<\/strong>.<\/p>\n<p data-start=\"559\" data-end=\"933\" data-is-last-node=\"\" data-is-only-node=\"\">Tako\u0111er imamo i druge popularne vapeove sa zaslonom kao \u0161to su <a href=\"https:\/\/vapestornado.com\/hr\/product\/bang-leader-50000-puffs-50k-2-in-1-double-flavor-digital-disposable-vape-bulk-price\/\">BANG Vo\u0111a 50000<\/a>, <a href=\"https:\/\/vapestornado.com\/hr\/product\/vopk-ultra-40000-puffs-2-in-1-digital-screen-rechargeable-disposable-vape\/\">VOPK 40000 Puff Jednokratni Vape<\/a>, <a href=\"https:\/\/vapestornado.com\/hr\/product\/vozol-gear-shisha-25k-25000-puffs-best-dtl-disposable-vape-hookah-cheap-price\/\">Vozol Gear Shisha 25000<\/a>, i vi\u0161e.<\/p>\n<\/div>\n<div class=\"relative p-1 rounded-sm flex items-center justify-center bg-token-main-surface-primary text-token-text-primary h-8 w-8\">\n<h3>\u010cESTO POSTAVLJANA PITANJA<\/h3>\n<p><strong>1. Kako se koristi jednokratna vape olovka? \u0160to je sveobuhvatni vodi\u010d?<\/strong><br \/>\nKori\u0161tenje jednokratne vape olovke je izuzetno jednostavno i pogodno za po\u010detnike! Evo korak-po-korak vodi\u010da:<\/p>\n<ul>\n<li><strong>Korak 1:<\/strong>\u00a0Izvadite ure\u0111aj iz kutije i uklonite sve za\u0161titne \u010depove ili naljepnice.<\/li>\n<li><strong>Korak 2:<\/strong>\u00a0Ako je va\u0161 vape aktiviran na uvla\u010denje (kao ve\u0107ina jednokratnih), jednostavno udahnite kroz usnik kako biste po\u010deli s vapingom. Nisu potrebni gumbi niti postavke.<\/li>\n<li><strong>Korak 3:<\/strong>\u00a0Po\u010dnite s kratkim, nje\u017enim udisajima kako biste se navikli na ure\u0111aj i izbjegli pregrijavanje.<\/li>\n<li><strong>Korak 4:<\/strong>\u00a0U\u017eivajte u\u00a0<strong>dobrog okusa<\/strong>\u00a0i\u00a0<strong>veliki puff<\/strong>\u00a0oblacima dok se ure\u0111aj ne isprazni.<\/li>\n<li><strong>Korak 5:<\/strong>\u00a0Odlo\u017eite vape odgovorno kada se isprazni.<\/li>\n<\/ul>\n<p>Ve\u0107ina jednokratnih vapeova, poput\u00a0<strong>Bang Beach 22000<\/strong>, dizajnirana je za prakti\u010dnost, stoga nema potrebe za ponovnim punjenjem e-teku\u0107ine ili zamjenom grija\u010da. Samo uvucite i u\u017eivajte!<\/p>\n<p><strong>2. Kako napuniti jednokratni vape?<\/strong><br \/>\nNisu svi jednokratni vapeovi punjivi, ali neki, kao \u0161to je\u00a0<strong>Bang Beach 22000<\/strong>, dolaze s\u00a0<strong>punjive baterije<\/strong>. Za punjenje:<\/p>\n<ul>\n<li>Prona\u0111ite priklju\u010dak za punjenje (obi\u010dno\u00a0<strong>TYPE-C priklju\u010dak<\/strong>).<\/li>\n<li>Koristite kompatibilni punja\u010d (poput punja\u010da za mobitel s TYPE-C kabelom).<\/li>\n<li>Uklju\u010dite kabel u vape i spojite ga na izvor napajanja.<\/li>\n<li>Pri\u010dekajte dok se baterija potpuno ne napuni (provjerite\u00a0<strong>digitalnom zaslonu<\/strong>\u00a0za status baterije).<\/li>\n<li>Isklju\u010dite i ponovno u\u017eivajte u svom vapeu!<\/li>\n<\/ul>\n<p>Uvijek se pridr\u017eavajte uputa proizvo\u0111a\u010da kako biste osigurali sigurno punjenje.<\/p>\n<p><strong>3. Mogu li ponijeti jednokratni vape kroz zra\u010dnu luku?<\/strong><br \/>\nDa, mo\u017eete ponijeti jednokratni vape kroz zra\u010dnu luku, ali postoje va\u017ena pravila kojih se treba pridr\u017eavati:<\/p>\n<ul>\n<li><strong>Samo ru\u010dna prtljaga:<\/strong>\u00a0Jednokratni vapeovi moraju biti smje\u0161teni u va\u0161oj\u00a0<strong>ru\u010dnoj prtljazi<\/strong>\u00a0ili na vama. Oni su\u00a0<strong>dopu\u0161teni u predanoj prtljazi<\/strong>\u00a0zbog sigurnosnih propisa za litij-ionske baterije.<\/li>\n<li><strong>Sigurnost baterije:<\/strong>\u00a0Provjerite je li ure\u0111aj isklju\u010den kako biste sprije\u010dili slu\u010dajno aktiviranje.<\/li>\n<li><strong>Ograni\u010denja teku\u0107ina:<\/strong>\u00a0Ako nosite dodatnu e-teku\u0107inu, provjerite je li u skladu s ograni\u010denjima za teku\u0107ine (spremnici moraju biti 100 ml ili manji i stati u vre\u0107icu veli\u010dine jedne litre).<\/li>\n<li><strong>Provjerite pravila zrakoplovne tvrtke:<\/strong>\u00a0Neke zrakoplovne tvrtke mogu imati dodatna ograni\u010denja, stoga je najbolje provjeriti njihove smjernice prije putovanja.<\/li>\n<\/ul>\n<p><strong>4. Kako znati kada je va\u0161 ulo\u017eak prazan?<\/strong><br \/>\nZnat \u0107ete da je va\u0161 jednokratni vape ulo\u017eak prazan kada:<\/p>\n<ul>\n<li><strong>Smanjenje proizvodnje pare:<\/strong>\u00a0Primijetit \u0107ete znatno manje pare prilikom udisanja.<\/li>\n<li><strong>Okus paljevine:<\/strong>\u00a0Okus paljevine ili neugodan okus ukazuje na to da je e-teku\u0107ina iscrpljena.<\/li>\n<li><strong>Indikatorske lampice:<\/strong>\u00a0Neki ure\u0111aji, kao \u0161to je\u00a0<strong>Bang Beach 22000<\/strong>, imaju\u00a0<strong>digitalnom zaslonu<\/strong>\u00a0koji prikazuje razinu e-teku\u0107ine ili upozorenje o niskoj razini baterije.<\/li>\n<li><strong>Nema okusa:<\/strong>\u00a0Ako se okus smanji ili nestane, to je znak da je ulo\u017eak prazan.<\/li>\n<\/ul>\n<p>Kada ure\u0111aj prestane proizvoditi paru ili okus nestane, vrijeme je da ga odgovorno odlo\u017eite i zamijenite novim.<\/p>\n<p data-start=\"4034\" data-end=\"4319\"><strong data-start=\"4034\" data-end=\"4130\">5. Dr\u017ei li Bang Beach 22000 Puffs jednokratna e-cigareta sna\u017ean okus tijekom cijelog spremnika?<\/strong><br data-start=\"4130\" data-end=\"4133\" \/>Da. The <strong data-start=\"4142\" data-end=\"4170\">sustav grijanja mre\u017easte zavojnice<\/strong> dizajniran je za odr\u017eavanje ravnomjerne vaporizacije, \u0161to poma\u017ee da okus bude glatkiji i dosljedniji tijekom du\u017ee uporabe u usporedbi sa standardnim \u017ei\u010danim zavojnicama.<\/p>\n<p data-start=\"4324\" data-end=\"4581\"><strong data-start=\"4324\" data-end=\"4412\">6. Koliko dugo traje Bang Beach 22K pametni ekran jednokratne e-cigarete za svakodnevnog korisnika?<\/strong><br data-start=\"4412\" data-end=\"4415\" \/>To ovisi o va\u0161em tempu, ali <strong data-start=\"4450\" data-end=\"4488\">kapacitet od 22.000 udisaja i spremnik od 36 ml<\/strong> namijenjeni su vi\u0161emjese\u010dnoj uporabi za redovne vapere, zna\u010dajno smanjuju\u0107i potrebu za zamjenom.<\/p>\n<p data-start=\"4586\" data-end=\"4845\"><strong data-start=\"4586\" data-end=\"4686\">7. Je li Bang Beach 22000 Type-C punjiva jednokratna vapa vjerojatno da \u0107e prestati raditi prije nego \u0161to teku\u0107ina nestane?<\/strong><br data-start=\"4686\" data-end=\"4689\" \/>Mnogo je manje vjerojatno nego kod nepunjivih. Budu\u0107i da je <strong data-start=\"4743\" data-end=\"4770\">punjiv putem Type-C<\/strong>, mo\u017eete nadopuniti snagu kad god je potrebno i ispuniti puni kapacitet teku\u0107ine.<\/p>\n<p data-start=\"4586\" data-end=\"4845\"><strong data-start=\"4850\" data-end=\"4942\">8. Kakav ishod pare mogu o\u010dekivati od Bang Beach 22000 mre\u017easte zavojnice vape pen?<\/strong><br data-start=\"4942\" data-end=\"4945\" \/>O\u010dekujte <strong data-start=\"4952\" data-end=\"4994\">glatke udisaje s \u010dvrstom gusto\u0107om pare<\/strong> umjesto tankih, zra\u010dnih udaha. Mre\u017easte zavojnice op\u0107enito pru\u017eaju topliji, puniji udisaj bez da postanu prejake prebrzo.<\/p>\n<p data-start=\"4586\" data-end=\"4845\"><strong data-start=\"5115\" data-end=\"5205\">9. Koja razina nikotina najbolje odgovara na Bang Beach 22000 visokokapacitetnu jednokratnu vapu?<\/strong><br data-start=\"5205\" data-end=\"5208\" \/>Ako \u017eelite lak\u0161u svakodnevnu vapiranje, <strong data-start=\"5245\" data-end=\"5257\">Za glatki okus, odaberite<\/strong> je uobi\u010dajena to\u010dka. Ako preferirate ja\u010di udar ili intenzivno vapiranje, <strong data-start=\"5328\" data-end=\"5334\">5%<\/strong> odgovara onima kojima je to potrebno. I <strong data-start=\"5356\" data-end=\"5362\">0%<\/strong> tu je ako nikotin nije va\u0161a stvar.<\/p>\n<\/div>\n<\/div>\n<\/div>\n<\/div>","protected":false},"excerpt":{"rendered":"<p data-start=\"1345\" data-end=\"1517\">Ovo <strong data-start=\"1349\" data-end=\"1384\">Bang Beach 22000 Puffs Vape Olovka<\/strong> je kompaktni jednokratni ure\u0111aj od 22K s tankom od 36ml, glatko\u0161\u0107u mesh-\u017eice, pametnim zaslonom + Type-C punjenjem za dulje u\u017eivanje u vapingu s jasnom kontrolom i manje zamjena. <strong data-start=\"1484\" data-end=\"1514\">velika prodajna cijena u Europi dostupna odmah.<\/strong><\/p>\n<p><strong>Dodajte Amy na WhatsApp za brzi odgovor i popust!<\/strong><\/p>\n<p><img fetchpriority=\"high\" decoding=\"async\" class=\"size-full wp-image-2932\" src=\"https:\/\/vapestornado.com\/wp-content\/uploads\/2024\/12\/Vape-Wholesale.jpg\" alt=\"Veleprodaja vejpova\" width=\"229\" height=\"300\" \/><\/p>\n<h3><a href=\"https:\/\/wa.me\/8617776015835\"><span style=\"color: #ff0000;\"><strong>WhatsApp: +86 17776015835<\/strong><\/span><\/a><\/h3>\n<p>&nbsp;<\/p>","protected":false},"featured_media":3943,"comment_status":"open","ping_status":"closed","template":"","meta":{"_acf_changed":false,"_uag_custom_page_level_css":"","_lmt_disableupdate":"no","_lmt_disable":"","_monsterinsights_skip_tracking":false,"_monsterinsights_sitenote_active":false,"_monsterinsights_sitenote_note":"","_monsterinsights_sitenote_category":0,"site-sidebar-layout":"default","site-content-layout":"","ast-site-content-layout":"default","site-content-style":"default","site-sidebar-style":"default","ast-global-header-display":"","ast-banner-title-visibility":"","ast-main-header-display":"","ast-hfb-above-header-display":"","ast-hfb-below-header-display":"","ast-hfb-mobile-header-display":"","site-post-title":"","ast-breadcrumbs-content":"","ast-featured-img":"","footer-sml-layout":"","ast-disable-related-posts":"","theme-transparent-header-meta":"default","adv-header-id-meta":"","stick-header-meta":"","header-above-stick-meta":"","header-main-stick-meta":"","header-below-stick-meta":"","astra-migrate-meta-layouts":"set","ast-page-background-enabled":"default","ast-page-background-meta":{"desktop":{"background-color":"","background-image":"","background-repeat":"repeat","background-position":"center center","background-size":"auto","background-attachment":"scroll","background-type":"","background-media":"","overlay-type":"","overlay-color":"","overlay-opacity":"","overlay-gradient":""},"tablet":{"background-color":"","background-image":"","background-repeat":"repeat","background-position":"center center","background-size":"auto","background-attachment":"scroll","background-type":"","background-media":"","overlay-type":"","overlay-color":"","overlay-opacity":"","overlay-gradient":""},"mobile":{"background-color":"","background-image":"","background-repeat":"repeat","background-position":"center center","background-size":"auto","background-attachment":"scroll","background-type":"","background-media":"","overlay-type":"","overlay-color":"","overlay-opacity":"","overlay-gradient":""}},"ast-content-background-meta":{"desktop":{"background-color":"var(--ast-global-color-5)","background-image":"","background-repeat":"repeat","background-position":"center center","background-size":"auto","background-attachment":"scroll","background-type":"","background-media":"","overlay-type":"","overlay-color":"","overlay-opacity":"","overlay-gradient":""},"tablet":{"background-color":"var(--ast-global-color-5)","background-image":"","background-repeat":"repeat","background-position":"center center","background-size":"auto","background-attachment":"scroll","background-type":"","background-media":"","overlay-type":"","overlay-color":"","overlay-opacity":"","overlay-gradient":""},"mobile":{"background-color":"var(--ast-global-color-5)","background-image":"","background-repeat":"repeat","background-position":"center center","background-size":"auto","background-attachment":"scroll","background-type":"","background-media":"","overlay-type":"","overlay-color":"","overlay-opacity":"","overlay-gradient":""}},"_joinchat":{"telephone":"17776015835"}},"product_brand":[],"product_cat":[62,150,143],"product_tag":[286,105,481,287,94,450,482,269],"class_list":{"0":"post-3953","1":"product","2":"type-product","3":"status-publish","4":"has-post-thumbnail","6":"product_cat-bang-vape","7":"product_cat-buy-disposable-vapes-in-belgium","8":"product_cat-dual-mesh-disposable-vapes","9":"product_tag-bang-beach-22000","10":"product_tag-digital-disposable-vape","11":"product_tag-disposable-vape-deutschland","12":"product_tag-disposable-vape-pen","13":"product_tag-rechargeable-disposable-vape","14":"product_tag-vape-fast-shipping","15":"product_tag-vape-poland","16":"product_tag-vape-with-screen","17":"desktop-align-left","18":"tablet-align-left","19":"mobile-align-left","21":"first","22":"instock","23":"sale","24":"shipping-taxable","25":"purchasable","26":"product-type-simple"},"acf":[],"uagb_featured_image_src":{"full":["https:\/\/vapestornado.com\/wp-content\/uploads\/2025\/03\/Bang-Beach-Vape-Pen-Wholesale.webp",800,800,false],"thumbnail":["https:\/\/vapestornado.com\/wp-content\/uploads\/2025\/03\/Bang-Beach-Vape-Pen-Wholesale-150x150.webp",150,150,true],"medium":["https:\/\/vapestornado.com\/wp-content\/uploads\/2025\/03\/Bang-Beach-Vape-Pen-Wholesale-300x300.webp",300,300,true],"medium_large":["https:\/\/vapestornado.com\/wp-content\/uploads\/2025\/03\/Bang-Beach-Vape-Pen-Wholesale-768x768.webp",768,768,true],"large":["https:\/\/vapestornado.com\/wp-content\/uploads\/2025\/03\/Bang-Beach-Vape-Pen-Wholesale.webp",800,800,false],"1536x1536":["https:\/\/vapestornado.com\/wp-content\/uploads\/2025\/03\/Bang-Beach-Vape-Pen-Wholesale.webp",800,800,false],"2048x2048":["https:\/\/vapestornado.com\/wp-content\/uploads\/2025\/03\/Bang-Beach-Vape-Pen-Wholesale.webp",800,800,false],"trp-custom-language-flag":["https:\/\/vapestornado.com\/wp-content\/uploads\/2025\/03\/Bang-Beach-Vape-Pen-Wholesale.webp",12,12,false],"woocommerce_thumbnail":["https:\/\/vapestornado.com\/wp-content\/uploads\/2025\/03\/Bang-Beach-Vape-Pen-Wholesale-300x300.webp",300,300,true],"woocommerce_single":["https:\/\/vapestornado.com\/wp-content\/uploads\/2025\/03\/Bang-Beach-Vape-Pen-Wholesale-600x600.webp",600,600,true],"woocommerce_gallery_thumbnail":["https:\/\/vapestornado.com\/wp-content\/uploads\/2025\/03\/Bang-Beach-Vape-Pen-Wholesale-100x100.webp",100,100,true]},"uagb_author_info":{"display_name":"ESAMY","author_link":"https:\/\/vapestornado.com\/hr\/author\/"},"uagb_comment_info":0,"uagb_excerpt":"The Bang Beach 22000 Puffs Vape Pen is a\u00a0compact 22K disposable with a 36ml tank, mesh-coil smoothness, and smart screen + Type-C rechargeability so you vape longer with clear control and fewer replacements. wholesale price in Europe available now. Add Amy's whatsapp to get right reply and discount price! WhatsApp: +86 17776015835 &nbsp;","_links":{"self":[{"href":"https:\/\/vapestornado.com\/hr\/wp-json\/wp\/v2\/product\/3953","targetHints":{"allow":["GET"]}}],"collection":[{"href":"https:\/\/vapestornado.com\/hr\/wp-json\/wp\/v2\/product"}],"about":[{"href":"https:\/\/vapestornado.com\/hr\/wp-json\/wp\/v2\/types\/product"}],"replies":[{"embeddable":true,"href":"https:\/\/vapestornado.com\/hr\/wp-json\/wp\/v2\/comments?post=3953"}],"wp:featuredmedia":[{"embeddable":true,"href":"https:\/\/vapestornado.com\/hr\/wp-json\/wp\/v2\/media\/3943"}],"wp:attachment":[{"href":"https:\/\/vapestornado.com\/hr\/wp-json\/wp\/v2\/media?parent=3953"}],"wp:term":[{"taxonomy":"product_brand","embeddable":true,"href":"https:\/\/vapestornado.com\/hr\/wp-json\/wp\/v2\/product_brand?post=3953"},{"taxonomy":"product_cat","embeddable":true,"href":"https:\/\/vapestornado.com\/hr\/wp-json\/wp\/v2\/product_cat?post=3953"},{"taxonomy":"product_tag","embeddable":true,"href":"https:\/\/vapestornado.com\/hr\/wp-json\/wp\/v2\/product_tag?post=3953"}],"curies":[{"name":"wp","href":"https:\/\/api.w.org\/{rel}","templated":true}]}}