{"id":3952,"date":"2025-03-22T07:37:46","date_gmt":"2025-03-22T07:37:46","guid":{"rendered":"https:\/\/vapestornado.com\/?post_type=product&#038;p=3952"},"modified":"2025-08-23T12:36:01","modified_gmt":"2025-08-23T12:36:01","slug":"mesii-couple-50k-disposable-shisha-hookah-50000-puffs-vape-with-digital-display","status":"publish","type":"product","link":"https:\/\/vapestornado.com\/hr\/product\/mesii-couple-50k-disposable-shisha-hookah-50000-puffs-vape-with-digital-display\/","title":{"rendered":"Mesii Couple 50k jednokratna nargila Shisha 50000 Puffs Vape s digitalnim zaslonom"},"content":{"rendered":"<h1 data-pm-slice=\"1 1 []\">Mesii Couple 50k jednokratna nargila Shisha 50000 Puffs Vape s digitalnim zaslonom<\/h1>\n<p>Ovo <strong data-start=\"337\" data-end=\"387\">Mesii Couple 50k Jednokratna Shisha Hookah Vape<\/strong> je napravljen za vapere koji \u017eele raznolikost i izdr\u017eljivost u jednom elegantnom ure\u0111aju. Nudi do <strong data-start=\"480\" data-end=\"496\">50.000 uvla\u010denja<\/strong>, ovaj shisha vape visokog kapaciteta dolazi s <strong data-start=\"542\" data-end=\"575\">40 ml prethodno napunjenog spremnika e-teku\u0107ine<\/strong> i jakim <strong data-start=\"589\" data-end=\"620\">800mAh punjivom baterijom<\/strong> s Type-C punjenjem za pouzdane, dugotrajne sesije.<\/p>\n<p>Sadr\u017ei <strong data-start=\"700\" data-end=\"719\">digitalni zaslon<\/strong>, korisnici mogu lako pratiti razine e-teku\u0107ine i trajanje baterije, dok napredni <strong data-start=\"797\" data-end=\"821\">mre\u017easte zavojnice<\/strong> isporu\u010duje glatku paru i dosljedno bogat okus. S <strong data-start=\"879\" data-end=\"921\">opcijama nikotina od 0%, 2%, 3% i 5%<\/strong>, odgovara svim preferencijama\u2014od povremenih korisnika do te\u0161kih vapera.<\/p>\n<p>Birajte izme\u0111u <strong data-start=\"1003\" data-end=\"1043\">10 uzbudljivih kombinacija dvostrukih okusa<\/strong>, poput lubenice s ledom<\/p>\n<p data-start=\"666\" data-end=\"1235\"><strong style=\"font-size: 16px;\"><span style=\"color: #ff0000;\">Dodajte Amy na WhatsApp za brzi odgovor i popust!<\/span><\/strong><\/p>\n<p><img fetchpriority=\"high\" decoding=\"async\" class=\"size-full wp-image-2932\" src=\"https:\/\/vapestornado.com\/wp-content\/uploads\/2024\/12\/Vape-Wholesale.jpg\" alt=\"Veleprodaja vejpova\" width=\"229\" height=\"300\" \/><\/p>\n<h3><a href=\"https:\/\/wa.me\/8617776015835\" target=\"_blank\" rel=\"noopener\"><span style=\"color: #ff0000;\"><strong>WhatsApp: +86 17776015835<\/strong><\/span><\/a><\/h3>\n<p>&nbsp;<\/p>\n<h2><strong>Mesii Couple 50k Jednokratna Shisha Nargila Glavne zna\u010dajke proizvoda<\/strong><\/h2>\n<p>Marka: Mesii<br \/>\nUdisaji: 50000 udisaja<br \/>\nNic Salt 0% 2% 3% 5%<br \/>\nKapacitet: 40 ml<br \/>\nMre\u017easta spirala<br \/>\nBaterija: 800mah Punjiva<br \/>\nDigitalni zaslon<\/p>\n<p>&nbsp;<\/p>\n<figure id=\"attachment_3951\" aria-describedby=\"caption-attachment-3951\" style=\"width: 800px\" class=\"wp-caption alignnone\"><img decoding=\"async\" class=\"wp-image-3951 size-full\" src=\"https:\/\/vapestornado.com\/wp-content\/uploads\/2025\/03\/Original-Mesii-Shisha-Couple-50k-Disposable-Vape-50000-Puffs.webp\" alt=\"Original Mesii Shisha Couple 50k Jednokratni Vape 50000 udisaja\" width=\"800\" height=\"800\" srcset=\"https:\/\/vapestornado.com\/wp-content\/uploads\/2025\/03\/Original-Mesii-Shisha-Couple-50k-Disposable-Vape-50000-Puffs.webp 800w, https:\/\/vapestornado.com\/wp-content\/uploads\/2025\/03\/Original-Mesii-Shisha-Couple-50k-Disposable-Vape-50000-Puffs-300x300.webp 300w, https:\/\/vapestornado.com\/wp-content\/uploads\/2025\/03\/Original-Mesii-Shisha-Couple-50k-Disposable-Vape-50000-Puffs-150x150.webp 150w, https:\/\/vapestornado.com\/wp-content\/uploads\/2025\/03\/Original-Mesii-Shisha-Couple-50k-Disposable-Vape-50000-Puffs-768x768.webp 768w, https:\/\/vapestornado.com\/wp-content\/uploads\/2025\/03\/Original-Mesii-Shisha-Couple-50k-Disposable-Vape-50000-Puffs-600x600.webp 600w, https:\/\/vapestornado.com\/wp-content\/uploads\/2025\/03\/Original-Mesii-Shisha-Couple-50k-Disposable-Vape-50000-Puffs-100x100.webp 100w\" sizes=\"(max-width: 800px) 100vw, 800px\" \/><figcaption id=\"caption-attachment-3951\" class=\"wp-caption-text\">Original Mesii Shisha Couple 50k Jednokratni Vape 50000 udisaja<\/figcaption><\/figure>\n<h2 class=\"product-title\"><strong>Mesii Couple 50k Popis okusa jednokratne shishe<\/strong><\/h2>\n<article class=\"w-full text-token-text-primary focus-visible:outline-2 focus-visible:outline-offset-[-4px]\" dir=\"auto\" data-testid=\"conversation-turn-32\" data-scroll-anchor=\"false\">\n<div class=\"m-auto text-base py-[18px] px-6\">\n<div class=\"mx-auto flex flex-1 text-base gap-4 md:gap-5 lg:gap-6 md:max-w-3xl lg:max-w-[40rem] xl:max-w-[48rem]\">\n<div class=\"group\/conversation-turn relative flex w-full min-w-0 flex-col @xs\/thread:px-0 @sm\/thread:px-1.5 @md\/thread:px-4\">\n<div class=\"flex-col gap-1 md:gap-3\">\n<div class=\"flex max-w-full flex-col flex-grow\">\n<div class=\"min-h-8 text-message flex w-full flex-col items-end gap-2 whitespace-normal break-words text-start [.text-message+&amp;]:mt-5\" dir=\"auto\" data-message-author-role=\"user\" data-message-id=\"ffac41ca-1db4-431b-873a-32c4052956f1\">\n<div class=\"flex w-full flex-col gap-1 empty:hidden items-end rtl:items-start\">\n<div class=\"relative max-w-[var(--user-chat-width,70%)] rounded-3xl bg-token-message-surface px-5 py-2.5\">\n<div class=\"absolute bottom-0 right-full top-0 -mr-3.5 hidden pr-5 pt-2 [.group\/conversation-turn:hover_&amp;]:flex\">\n<div class=\"flex\">\n<article class=\"w-full text-token-text-primary focus-visible:outline-2 focus-visible:outline-offset-[-4px]\" dir=\"auto\" data-testid=\"conversation-turn-39\" data-scroll-anchor=\"true\">\n<div class=\"m-auto text-base py-[18px] px-6\">\n<div class=\"mx-auto flex flex-1 text-base gap-4 md:gap-5 lg:gap-6 md:max-w-3xl lg:max-w-[40rem] xl:max-w-[48rem]\">\n<div class=\"group\/conversation-turn relative flex w-full min-w-0 flex-col agent-turn @xs\/thread:px-0 @sm\/thread:px-1.5 @md\/thread:px-4\">\n<div class=\"flex-col gap-1 md:gap-3\">\n<div class=\"flex max-w-full flex-col flex-grow\">\n<div class=\"min-h-8 text-message flex w-full flex-col items-end gap-2 whitespace-normal break-words text-start [.text-message+&amp;]:mt-5\" dir=\"auto\" data-message-author-role=\"assistant\" data-message-id=\"55a23854-ec57-48dd-bd4f-6118f43d6241\" data-message-model-slug=\"gpt-4o\">\n<div class=\"flex w-full flex-col gap-1 empty:hidden first:pt-[3px]\">\n<div class=\"markdown prose w-full break-words dark:prose-invert light\">\n<p>1.Ledena lubenica<br \/>\n2.Limeta i menta<br \/>\n3.Borovnica s ledom<br \/>\n4.Slasna breskva<br \/>\n5.Energetsko pi\u0107e<br \/>\n6.Plava malina s ledom<br \/>\n7.Tre\u0161nja s ledom<br \/>\n8.Dvije jabuke s ledom<br \/>\n9.Gro\u017e\u0111e s ledom<br \/>\n10.Mije\u0161ano bobi\u010dasto vo\u0107e<\/p>\n<\/div>\n<\/div>\n<\/div>\n<\/div>\n<\/div>\n<\/div>\n<\/div>\n<\/div>\n<\/article>\n<\/div>\n<\/div>\n<\/div>\n<\/div>\n<\/div>\n<\/div>\n<\/div>\n<\/div>\n<\/div>\n<\/div>\n<\/article>\n<h2>Za\u0161to odabrati Vapestornado za masovnu kupnju jednokratne shishe Mesii Couple 50000?<\/h2>\n<div class=\"flex-shrink-0 flex flex-col relative items-end\">\n<div class=\"pt-0\">\n<div class=\"gizmo-bot-avatar flex h-8 w-8 items-center justify-center overflow-hidden rounded-full\">\n<div class=\"relative p-1 rounded-sm flex items-center justify-center bg-token-main-surface-primary text-token-text-primary h-8 w-8\">\n<p data-start=\"88\" data-end=\"557\">Kada je rije\u010d o <strong data-start=\"105\" data-end=\"154\">\u00a0kupnja visokokvalitetnih jednokratnih vapea<\/strong>, <strong data-start=\"156\" data-end=\"172\">Vapestornado<\/strong> je izvor za nenadma\u0161ne <strong data-start=\"208\" data-end=\"271\">tvorni\u010dke cijene, brzu dostavu i vrhunsku korisni\u010dku uslugu<\/strong>Kupnjom Mesii Couple 50k jednokratne Shisha Hookah od Vapestornado, dobivate <strong data-start=\"363\" data-end=\"400\">autenti\u010dne, 100% originalne proizvode<\/strong> s najnovijom <strong data-start=\"417\" data-end=\"515\">tehnologijom digitalnog zaslona, prakti\u010dno\u0161\u0107u punjenja putem Type-C i ogromnim kapacitetom od 50000 udisaja<\/strong>\u2014sve po <strong data-start=\"527\" data-end=\"554\">najni\u017eim veleprodajnim cijenama<\/strong>.<\/p>\n<p data-start=\"559\" data-end=\"933\" data-is-last-node=\"\" data-is-only-node=\"\">Tako\u0111er imamo i druge popularne vapeove sa zaslonom kao \u0161to su <a href=\"https:\/\/vapestornado.com\/hr\/product\/bang-leader-50000-puffs-50k-2-in-1-double-flavor-digital-disposable-vape-bulk-price\/\">BANG Vo\u0111a 50000<\/a>, <a href=\"https:\/\/vapestornado.com\/hr\/product\/vopk-ultra-40000-puffs-2-in-1-digital-screen-rechargeable-disposable-vape\/\">VOPK 40000 Puff Jednokratni Vape<\/a>, <a href=\"https:\/\/vapestornado.com\/hr\/product\/vozol-gear-shisha-25k-25000-puffs-best-dtl-disposable-vape-hookah-cheap-price\/\">Vozol Gear Shisha 25000<\/a>, i vi\u0161e.<\/p>\n<\/div>\n<div class=\"relative p-1 rounded-sm flex items-center justify-center bg-token-main-surface-primary text-token-text-primary h-8 w-8\">\n<h2>\u010cESTO POSTAVLJANA PITANJA<\/h2>\n<p><strong>1. Koliko dugo traje Mesii Couple 50K?<\/strong><br \/>\nS\u00a0<strong>50000 udisaja<\/strong>\u00a0i\u00a0<strong>40ml e-teku\u0107ine<\/strong>, Mesii Couple mo\u017ee trajati tjednima, ovisno o va\u0161oj upotrebi. The\u00a0<strong>800mAh punjivom baterijom<\/strong>\u00a0osigurava da izvu\u010dete maksimum iz svake sesije.<\/p>\n<p><strong>2. Mogu li prilagoditi ja\u010dinu nikotina?<\/strong><br \/>\nDa! Mesii Couple nudi\u00a0<strong>Ice<\/strong>, omogu\u0107uju\u0107i vam da birate izme\u0111u 0%, 2%, 3% ili 5% razine nikotina kako bi odgovarale va\u0161im \u017eeljama.<\/p>\n<p><strong>3. Je li Mesii Couple jednostavan za kori\u0161tenje?<\/strong><br \/>\nApsolutno! Mesii Couple je dizajniran za jednostavnost. Samo ga izvadite iz kutije, povucite i u\u017eivajte. The\u00a0<strong>digitalni zaslon<\/strong>\u00a0olak\u0161ava pra\u0107enje razine baterije i e-teku\u0107ine, tako da \u0107ete uvijek znati kada je vrijeme za punjenje ili zamjenu.<\/p>\n<p><strong>4. Mogu li napuniti Mesii Couple?<\/strong><br \/>\nDa, Mesii Couple ima\u00a0<strong>800mAh punjivom baterijom<\/strong>, tako da mo\u017eete u\u017eivati u svakom zadnjem dimu bez da izgubite kap e-teku\u0107ine.<\/p>\n<\/div>\n<\/div>\n<\/div>\n<\/div>","protected":false},"excerpt":{"rendered":"<p>Mesii Couple 50k 50000 Puffs Jednokratni Vejp sa Ekranom Veleprodajna Cijena<br \/>\nMesii Couple 50k Jednokratni Shisha Vejp Najbolja Ponuda u Hrvatskoj<br \/>\nMesii Couple 50000 Puff Jednokratna Shisha Niska Cijena Kupite Online<\/p>\n<p><strong>Dodajte Amy na WhatsApp za brzi odgovor i popust!<\/strong><\/p>\n<p><img fetchpriority=\"high\" decoding=\"async\" class=\"size-full wp-image-2932\" src=\"https:\/\/vapestornado.com\/wp-content\/uploads\/2024\/12\/Vape-Wholesale.jpg\" alt=\"Veleprodaja vejpova\" width=\"229\" height=\"300\" \/><\/p>\n<h3><a href=\"https:\/\/wa.me\/8617776015835\"><span style=\"color: #ff0000;\"><strong>WhatsApp: +86 17776015835<\/strong><\/span><\/a><\/h3>\n<p>&nbsp;<\/p>","protected":false},"featured_media":3949,"comment_status":"open","ping_status":"closed","template":"","meta":{"_acf_changed":false,"_uag_custom_page_level_css":"","_lmt_disableupdate":"no","_lmt_disable":"","_monsterinsights_skip_tracking":false,"_monsterinsights_sitenote_active":false,"_monsterinsights_sitenote_note":"","_monsterinsights_sitenote_category":0,"site-sidebar-layout":"default","site-content-layout":"","ast-site-content-layout":"default","site-content-style":"default","site-sidebar-style":"default","ast-global-header-display":"","ast-banner-title-visibility":"","ast-main-header-display":"","ast-hfb-above-header-display":"","ast-hfb-below-header-display":"","ast-hfb-mobile-header-display":"","site-post-title":"","ast-breadcrumbs-content":"","ast-featured-img":"","footer-sml-layout":"","ast-disable-related-posts":"","theme-transparent-header-meta":"default","adv-header-id-meta":"","stick-header-meta":"","header-above-stick-meta":"","header-main-stick-meta":"","header-below-stick-meta":"","astra-migrate-meta-layouts":"set","ast-page-background-enabled":"default","ast-page-background-meta":{"desktop":{"background-color":"","background-image":"","background-repeat":"repeat","background-position":"center center","background-size":"auto","background-attachment":"scroll","background-type":"","background-media":"","overlay-type":"","overlay-color":"","overlay-opacity":"","overlay-gradient":""},"tablet":{"background-color":"","background-image":"","background-repeat":"repeat","background-position":"center center","background-size":"auto","background-attachment":"scroll","background-type":"","background-media":"","overlay-type":"","overlay-color":"","overlay-opacity":"","overlay-gradient":""},"mobile":{"background-color":"","background-image":"","background-repeat":"repeat","background-position":"center center","background-size":"auto","background-attachment":"scroll","background-type":"","background-media":"","overlay-type":"","overlay-color":"","overlay-opacity":"","overlay-gradient":""}},"ast-content-background-meta":{"desktop":{"background-color":"var(--ast-global-color-5)","background-image":"","background-repeat":"repeat","background-position":"center center","background-size":"auto","background-attachment":"scroll","background-type":"","background-media":"","overlay-type":"","overlay-color":"","overlay-opacity":"","overlay-gradient":""},"tablet":{"background-color":"var(--ast-global-color-5)","background-image":"","background-repeat":"repeat","background-position":"center center","background-size":"auto","background-attachment":"scroll","background-type":"","background-media":"","overlay-type":"","overlay-color":"","overlay-opacity":"","overlay-gradient":""},"mobile":{"background-color":"var(--ast-global-color-5)","background-image":"","background-repeat":"repeat","background-position":"center center","background-size":"auto","background-attachment":"scroll","background-type":"","background-media":"","overlay-type":"","overlay-color":"","overlay-opacity":"","overlay-gradient":""}},"_joinchat":{"telephone":"17776015835"}},"product_brand":[],"product_cat":[192,151,157,142,277],"product_tag":[105,285,284,94,269],"class_list":{"0":"post-3952","1":"product","2":"type-product","3":"status-publish","4":"has-post-thumbnail","6":"product_cat-50000-puff","7":"product_cat-buy-disposable-vapes-in-france","8":"product_cat-buy-disposable-vapes-in-portugal","9":"product_cat-digital-box-disposable-vapes","10":"product_cat-mesii-vape","11":"product_tag-digital-disposable-vape","12":"product_tag-display-shisha-hookah","13":"product_tag-disposable-shisha","14":"product_tag-rechargeable-disposable-vape","15":"product_tag-vape-with-screen","16":"desktop-align-left","17":"tablet-align-left","18":"mobile-align-left","20":"first","21":"instock","22":"sale","23":"shipping-taxable","24":"purchasable","25":"product-type-simple"},"acf":[],"uagb_featured_image_src":{"full":["https:\/\/vapestornado.com\/wp-content\/uploads\/2025\/03\/Mesii-Shisha-Couple-50000-Puff-Disposable-Vape.webp",800,800,false],"thumbnail":["https:\/\/vapestornado.com\/wp-content\/uploads\/2025\/03\/Mesii-Shisha-Couple-50000-Puff-Disposable-Vape-150x150.webp",150,150,true],"medium":["https:\/\/vapestornado.com\/wp-content\/uploads\/2025\/03\/Mesii-Shisha-Couple-50000-Puff-Disposable-Vape-300x300.webp",300,300,true],"medium_large":["https:\/\/vapestornado.com\/wp-content\/uploads\/2025\/03\/Mesii-Shisha-Couple-50000-Puff-Disposable-Vape-768x768.webp",768,768,true],"large":["https:\/\/vapestornado.com\/wp-content\/uploads\/2025\/03\/Mesii-Shisha-Couple-50000-Puff-Disposable-Vape.webp",800,800,false],"1536x1536":["https:\/\/vapestornado.com\/wp-content\/uploads\/2025\/03\/Mesii-Shisha-Couple-50000-Puff-Disposable-Vape.webp",800,800,false],"2048x2048":["https:\/\/vapestornado.com\/wp-content\/uploads\/2025\/03\/Mesii-Shisha-Couple-50000-Puff-Disposable-Vape.webp",800,800,false],"trp-custom-language-flag":["https:\/\/vapestornado.com\/wp-content\/uploads\/2025\/03\/Mesii-Shisha-Couple-50000-Puff-Disposable-Vape.webp",12,12,false],"woocommerce_thumbnail":["https:\/\/vapestornado.com\/wp-content\/uploads\/2025\/03\/Mesii-Shisha-Couple-50000-Puff-Disposable-Vape-300x300.webp",300,300,true],"woocommerce_single":["https:\/\/vapestornado.com\/wp-content\/uploads\/2025\/03\/Mesii-Shisha-Couple-50000-Puff-Disposable-Vape-600x600.webp",600,600,true],"woocommerce_gallery_thumbnail":["https:\/\/vapestornado.com\/wp-content\/uploads\/2025\/03\/Mesii-Shisha-Couple-50000-Puff-Disposable-Vape-100x100.webp",100,100,true]},"uagb_author_info":{"display_name":"ESAMY","author_link":"https:\/\/vapestornado.com\/hr\/author\/"},"uagb_comment_info":0,"uagb_excerpt":"Mesii Couple 50k 50000 Puffs Disposable Screen Vape Wholesale Price Mesii Couple 50k Disposable Shisha Vape Best Deal in Netherlands Mesii Couple 50000 Puff\u00a0 Disposable Shisha Low\u00a0Price Buy online Add Amy's whatsapp to get right reply and discount price! WhatsApp: +86 17776015835 &nbsp;","_links":{"self":[{"href":"https:\/\/vapestornado.com\/hr\/wp-json\/wp\/v2\/product\/3952","targetHints":{"allow":["GET"]}}],"collection":[{"href":"https:\/\/vapestornado.com\/hr\/wp-json\/wp\/v2\/product"}],"about":[{"href":"https:\/\/vapestornado.com\/hr\/wp-json\/wp\/v2\/types\/product"}],"replies":[{"embeddable":true,"href":"https:\/\/vapestornado.com\/hr\/wp-json\/wp\/v2\/comments?post=3952"}],"wp:featuredmedia":[{"embeddable":true,"href":"https:\/\/vapestornado.com\/hr\/wp-json\/wp\/v2\/media\/3949"}],"wp:attachment":[{"href":"https:\/\/vapestornado.com\/hr\/wp-json\/wp\/v2\/media?parent=3952"}],"wp:term":[{"taxonomy":"product_brand","embeddable":true,"href":"https:\/\/vapestornado.com\/hr\/wp-json\/wp\/v2\/product_brand?post=3952"},{"taxonomy":"product_cat","embeddable":true,"href":"https:\/\/vapestornado.com\/hr\/wp-json\/wp\/v2\/product_cat?post=3952"},{"taxonomy":"product_tag","embeddable":true,"href":"https:\/\/vapestornado.com\/hr\/wp-json\/wp\/v2\/product_tag?post=3952"}],"curies":[{"name":"wp","href":"https:\/\/api.w.org\/{rel}","templated":true}]}}