{"id":3929,"date":"2025-03-20T06:24:12","date_gmt":"2025-03-20T06:24:12","guid":{"rendered":"https:\/\/vapestornado.com\/?post_type=product&#038;p=3929"},"modified":"2025-08-22T11:38:28","modified_gmt":"2025-08-22T11:38:28","slug":"bang-leader-32000-puffs-vape-wholesale-poland-2-in-1-dual-flavor","status":"publish","type":"product","link":"https:\/\/vapestornado.com\/hr\/product\/bang-leader-32000-puffs-vape-wholesale-poland-2-in-1-dual-flavor\/","title":{"rendered":"Bang Leader 32000 Puffs Veleprodaja vejpova Hrvatska 2 u 1 dvostruki okus"},"content":{"rendered":"<h1 data-pm-slice=\"1 1 []\">Bang Leader 32000 Puffs Veleprodaja vejpova Hrvatska 2 u 1 dvostruki okus<\/h1>\n<p data-start=\"311\" data-end=\"640\">Ovo <strong data-start=\"315\" data-end=\"347\">Bang Lider 32000 Udaraca Vape<\/strong> je dizajniran za vapere koji \u017eele kapacitet, raznolikost i dosljedne performanse. S <strong data-start=\"432\" data-end=\"458\">dvije 26ml kapsule e-teku\u0107ine<\/strong> i inovativnim <strong data-start=\"477\" data-end=\"506\">? Sa svojim<\/strong>, korisnici mogu odmah prebacivati izme\u0111u okusa kao \u0161to su <strong data-start=\"556\" data-end=\"591\">Ledena lubenica<\/strong> or <strong data-start=\"595\" data-end=\"637\">Jagoda Kivi<\/strong>.<\/p>\n<p data-start=\"642\" data-end=\"982\">Isporu\u010duje do <strong data-start=\"659\" data-end=\"675\">32.000 udisaja<\/strong>, ovaj ure\u0111aj smanjuje zamjene i pru\u017ea dugotrajnu vrijednost. Podesive razine nikotina (<strong data-start=\"773\" data-end=\"791\">0%, 2%, 3%, 5%<\/strong>) \u010dine ga prikladnim i za povremene i za te\u0161ke korisnike. Pokre\u0107e ga <strong data-start=\"855\" data-end=\"886\">650mAh punjiva baterija<\/strong> s brzim <strong data-start=\"897\" data-end=\"916\">Type-C punjenje<\/strong>, Bang Leader 32K osigurava cjelodnevno kori\u0161tenje uz minimalno vrijeme prekida.<\/p>\n<p data-start=\"984\" data-end=\"1266\">Ovo <strong data-start=\"988\" data-end=\"1008\">dvostruka mre\u017easta zavojnica<\/strong> pove\u0107ava gusto\u0107u pare i kvalitetu okusa, dok <strong data-start=\"1060\" data-end=\"1092\">52 ml ukupnog kapaciteta e-teku\u0107ine<\/strong> jam\u010di produ\u017eene sesije. Kompaktan i mo\u0107an, <strong data-start=\"1149\" data-end=\"1181\">Bang Lider 32000 Udaraca Vape<\/strong> je profitabilan izbor za veletrgovce i vape trgovine u Hrvatskoj i diljem Europe.<\/p>\n<p data-start=\"666\" data-end=\"1235\"><strong style=\"font-size: 16px;\"><span style=\"color: #ff0000;\">Dodajte Amy na WhatsApp za brzi odgovor i popust!<\/span><\/strong><\/p>\n<p><img fetchpriority=\"high\" decoding=\"async\" class=\"size-full wp-image-2932\" src=\"https:\/\/vapestornado.com\/wp-content\/uploads\/2024\/12\/Vape-Wholesale.jpg\" alt=\"Veleprodaja vejpova\" width=\"229\" height=\"300\" \/><\/p>\n<h3><a href=\"https:\/\/wa.me\/8617776015835\" target=\"_blank\" rel=\"noopener\"><span style=\"color: #ff0000;\"><strong>WhatsApp: +86 17776015835<\/strong><\/span><\/a><\/h3>\n<p>&nbsp;<\/p>\n<h2><strong>Bang Leader 32000 Box Vape klju\u010dne zna\u010dajke proizvoda<\/strong><\/h2>\n<p>Marka: BANG LEADER<br \/>\nModel: BANGLEADER 32000<br \/>\nNikotin: 0% 2% 5%<br \/>\nKapacitet baterije: 650mAh<br \/>\nBroj povla\u010denja: 32000<br \/>\nOkusi: Preko 16 primamljivih izbora, uklju\u010duju\u0107i vo\u0107ne i mentaste<\/p>\n<figure id=\"attachment_3915\" aria-describedby=\"caption-attachment-3915\" style=\"width: 800px\" class=\"wp-caption alignnone\"><img decoding=\"async\" class=\"wp-image-3915 size-full\" src=\"https:\/\/vapestornado.com\/wp-content\/uploads\/2025\/03\/Bang-32000-Puff-Twins-Flavor-Disposable-Vape.webp\" alt=\"Bang 32000 Puff Twins jednokratni vape s okusom\" width=\"800\" height=\"800\" srcset=\"https:\/\/vapestornado.com\/wp-content\/uploads\/2025\/03\/Bang-32000-Puff-Twins-Flavor-Disposable-Vape.webp 800w, https:\/\/vapestornado.com\/wp-content\/uploads\/2025\/03\/Bang-32000-Puff-Twins-Flavor-Disposable-Vape-300x300.webp 300w, https:\/\/vapestornado.com\/wp-content\/uploads\/2025\/03\/Bang-32000-Puff-Twins-Flavor-Disposable-Vape-150x150.webp 150w, https:\/\/vapestornado.com\/wp-content\/uploads\/2025\/03\/Bang-32000-Puff-Twins-Flavor-Disposable-Vape-768x768.webp 768w, https:\/\/vapestornado.com\/wp-content\/uploads\/2025\/03\/Bang-32000-Puff-Twins-Flavor-Disposable-Vape-600x600.webp 600w, https:\/\/vapestornado.com\/wp-content\/uploads\/2025\/03\/Bang-32000-Puff-Twins-Flavor-Disposable-Vape-100x100.webp 100w\" sizes=\"(max-width: 800px) 100vw, 800px\" \/><figcaption id=\"caption-attachment-3915\" class=\"wp-caption-text\">Bang 32000 Puff Twins jednokratni vape s okusom<\/figcaption><\/figure>\n<h2 class=\"product-title\"><strong>Bang Leader 32000 Dual Pod Vape popis okusa<\/strong><\/h2>\n<article class=\"w-full text-token-text-primary focus-visible:outline-2 focus-visible:outline-offset-[-4px]\" dir=\"auto\" data-testid=\"conversation-turn-32\" data-scroll-anchor=\"false\">\n<div class=\"m-auto text-base py-[18px] px-6\">\n<div class=\"mx-auto flex flex-1 text-base gap-4 md:gap-5 lg:gap-6 md:max-w-3xl lg:max-w-[40rem] xl:max-w-[48rem]\">\n<div class=\"group\/conversation-turn relative flex w-full min-w-0 flex-col @xs\/thread:px-0 @sm\/thread:px-1.5 @md\/thread:px-4\">\n<div class=\"flex-col gap-1 md:gap-3\">\n<div class=\"flex max-w-full flex-col flex-grow\">\n<div class=\"min-h-8 text-message flex w-full flex-col items-end gap-2 whitespace-normal break-words text-start [.text-message+&amp;]:mt-5\" dir=\"auto\" data-message-author-role=\"user\" data-message-id=\"ffac41ca-1db4-431b-873a-32c4052956f1\">\n<div class=\"flex w-full flex-col gap-1 empty:hidden items-end rtl:items-start\">\n<div class=\"relative max-w-[var(--user-chat-width,70%)] rounded-3xl bg-token-message-surface px-5 py-2.5\">\n<div class=\"absolute bottom-0 right-full top-0 -mr-3.5 hidden pr-5 pt-2 [.group\/conversation-turn:hover_&amp;]:flex\">\n<div class=\"flex\">\n<article class=\"w-full text-token-text-primary focus-visible:outline-2 focus-visible:outline-offset-[-4px]\" dir=\"auto\" data-testid=\"conversation-turn-39\" data-scroll-anchor=\"true\">\n<div class=\"m-auto text-base py-[18px] px-6\">\n<div class=\"mx-auto flex flex-1 text-base gap-4 md:gap-5 lg:gap-6 md:max-w-3xl lg:max-w-[40rem] xl:max-w-[48rem]\">\n<div class=\"group\/conversation-turn relative flex w-full min-w-0 flex-col agent-turn @xs\/thread:px-0 @sm\/thread:px-1.5 @md\/thread:px-4\">\n<div class=\"flex-col gap-1 md:gap-3\">\n<div class=\"flex max-w-full flex-col flex-grow\">\n<div class=\"min-h-8 text-message flex w-full flex-col items-end gap-2 whitespace-normal break-words text-start [.text-message+&amp;]:mt-5\" dir=\"auto\" data-message-author-role=\"assistant\" data-message-id=\"55a23854-ec57-48dd-bd4f-6118f43d6241\" data-message-model-slug=\"gpt-4o\">\n<div class=\"flex w-full flex-col gap-1 empty:hidden first:pt-[3px]\">\n<div class=\"markdown prose w-full break-words dark:prose-invert light\">\n<p>1. Lubenica led+ Borovnica menta<br \/>\n2. Lubenica led+ Jagoda i mango<br \/>\n3. Jagoda i lubenica+ Kivi marakuja i guava<br \/>\n4. Jagoda i lubenica+ Led od gro\u017e\u0111a<br \/>\n5. Borovnica malina+ Breskva mango i lubenica<br \/>\n6. Borovnica lubenica+ Jagoda mango<br \/>\n7. Borovnica led+ Crni zmaj led<br \/>\n8. Borovnica led +Jagoda i banana<br \/>\n9.Red Bull+Borovnica Lubenica<br \/>\n10.Red Bull+Lubenica \u017dvaka\u0107a Bombona<br \/>\n11.Jagoda Kivi+Breskva Led<br \/>\n12.Jagoda Kivi+Kisela Jabuka Malina<\/p>\n<\/div>\n<\/div>\n<\/div>\n<\/div>\n<\/div>\n<\/div>\n<\/div>\n<\/div>\n<\/article>\n<\/div>\n<\/div>\n<\/div>\n<\/div>\n<\/div>\n<\/div>\n<\/div>\n<\/div>\n<\/div>\n<\/div>\n<\/article>\n<h3>Za\u0161to odabrati Vapestornado za Bang Leader 32000 vape kupovinu na veliko?<\/h3>\n<div class=\"flex-shrink-0 flex flex-col relative items-end\">\n<div class=\"pt-0\">\n<div class=\"gizmo-bot-avatar flex h-8 w-8 items-center justify-center overflow-hidden rounded-full\">\n<div class=\"relative p-1 rounded-sm flex items-center justify-center bg-token-main-surface-primary text-token-text-primary h-8 w-8\">\n<p data-start=\"88\" data-end=\"557\">Kada je rije\u010d o <strong data-start=\"105\" data-end=\"154\">\u00a0kupnja visokokvalitetnih jednokratnih vapea<\/strong>, <strong data-start=\"156\" data-end=\"172\">Vapestornado<\/strong> je izvor za nenadma\u0161ne <strong data-start=\"208\" data-end=\"271\">tvorni\u010dke cijene, brzu dostavu i vrhunsku korisni\u010dku uslugu<\/strong>. Kupnjom Bang Leader 32000 32k\u00a0od Vapestornado dobivate <strong data-start=\"363\" data-end=\"400\">autenti\u010dne, 100% originalne proizvode<\/strong> s najnovijom <strong data-start=\"417\" data-end=\"515\">tehnologijom digitalnog zaslona, prakti\u010dno\u0161\u0107u punjenja putem Type-C i ogromnim kapacitetom od 50000 udisaja<\/strong>\u2014sve po <strong data-start=\"527\" data-end=\"554\">najni\u017eim veleprodajnim cijenama<\/strong>.<\/p>\n<p data-start=\"559\" data-end=\"933\" data-is-last-node=\"\" data-is-only-node=\"\">Tako\u0111er imamo i druge popularne vapeove sa zaslonom kao \u0161to su <a href=\"https:\/\/vapestornado.com\/hr\/product\/bang-leader-50000-puffs-50k-2-in-1-double-flavor-digital-disposable-vape-bulk-price\/\">BANG Vo\u0111a 50000<\/a>, <a href=\"https:\/\/vapestornado.com\/hr\/product\/vopk-ultra-40000-puffs-2-in-1-digital-screen-rechargeable-disposable-vape\/\">VOPK 40000 Puff Jednokratni Vape<\/a>, <a href=\"https:\/\/vapestornado.com\/hr\/product\/vozol-gear-shisha-25k-25000-puffs-best-dtl-disposable-vape-hookah-cheap-price\/\">Vozol Gear Shisha 25000<\/a>, i vi\u0161e.<\/p>\n<\/div>\n<div class=\"relative p-1 rounded-sm flex items-center justify-center bg-token-main-surface-primary text-token-text-primary h-8 w-8\">\n<h3>\u010cESTO POSTAVLJANA PITANJA<\/h3>\n<ol data-start=\"1260\" data-end=\"2190\">\n<li data-start=\"1260\" data-end=\"1450\">\n<p data-start=\"1263\" data-end=\"1450\"><strong data-start=\"1263\" data-end=\"1305\">Kako aktivirati jednokratni vape?<\/strong><br data-start=\"1305\" data-end=\"1308\" \/>Jednostavno udahnite kroz usnik kako biste aktivirali Bang Leader 32000 Puffs Vape. Nisu potrebni gumbi ili komplicirane postavke.<\/p>\n<\/li>\n<li data-start=\"1452\" data-end=\"1704\">\n<p data-start=\"1455\" data-end=\"1704\"><strong data-start=\"1455\" data-end=\"1512\">Mogu li puniti svoj jednokratni vape punja\u010dem za telefon?<\/strong><br data-start=\"1512\" data-end=\"1515\" \/>Da, sve dok va\u0161 punja\u010d koristi <strong data-start=\"1554\" data-end=\"1570\">Type-C kabel<\/strong>, mo\u017eete puniti svoj vape standardnim punja\u010dem za telefon. Ipak, najbolje je koristiti adapter manje snage kako bi se osiguralo sigurno punjenje.<\/p>\n<\/li>\n<li data-start=\"1706\" data-end=\"1934\">\n<p data-start=\"1709\" data-end=\"1934\"><strong data-start=\"1709\" data-end=\"1746\">Mogu li unijeti vape u Hong Kong?<\/strong><br data-start=\"1746\" data-end=\"1749\" \/>Ne, Hong Kong ima stroge propise koji zabranjuju uvoz, prodaju i uporabu e-cigareta i proizvoda za vaping. Putnici bi trebali provjeriti lokalne zakone prije unosa vape ure\u0111aja u regiju.<\/p>\n<\/li>\n<li data-start=\"1936\" data-end=\"2190\">\n<p data-start=\"1939\" data-end=\"2190\"><strong data-start=\"1939\" data-end=\"1983\">Kako mogu znati koliko mi je vapea ostalo?<\/strong><br data-start=\"1983\" data-end=\"1986\" \/>Ovo <strong data-start=\"1993\" data-end=\"2025\">Bang Lider 32000 Udaraca Vape<\/strong> sadr\u017ei <strong data-start=\"2037\" data-end=\"2056\">sustav s dvostrukim spremnikom<\/strong> koji dugo traje, ali ako primijetite slabiji okus, manje pare ili pote\u0161ko\u0107e pri udisaju, mo\u017eda je vrijeme da zamijenite svoj ure\u0111aj.<\/p>\n<\/li>\n<\/ol>\n<\/div>\n<\/div>\n<\/div>\n<\/div>","protected":false},"excerpt":{"rendered":"<ul>\n<li data-start=\"252\" data-end=\"289\">\n<p data-start=\"254\" data-end=\"289\">Bang Leader 32000 Udisaja Veleprodaja<\/p>\n<\/li>\n<li data-start=\"290\" data-end=\"317\">\n<p data-start=\"292\" data-end=\"317\">32K Udisaja Vape Kupovina na veliko<\/p>\n<\/li>\n<li data-start=\"318\" data-end=\"366\">\n<p data-start=\"320\" data-end=\"366\">Jednokratni Vape 32000 Udisaja Hrvatska Veleprodaja<\/p>\n<\/li>\n<\/ul>\n<p><strong>Dodajte Amy na WhatsApp za brzi odgovor i popust!<\/strong><\/p>\n<p><img fetchpriority=\"high\" decoding=\"async\" class=\"size-full wp-image-2932\" src=\"https:\/\/vapestornado.com\/wp-content\/uploads\/2024\/12\/Vape-Wholesale.jpg\" alt=\"Veleprodaja vejpova\" width=\"229\" height=\"300\" \/><\/p>\n<h3><a href=\"https:\/\/wa.me\/8617776015835\"><span style=\"color: #ff0000;\"><strong>WhatsApp: +86 17776015835<\/strong><\/span><\/a><\/h3>\n<p>&nbsp;<\/p>","protected":false},"featured_media":3917,"comment_status":"open","ping_status":"closed","template":"","meta":{"_acf_changed":false,"_uag_custom_page_level_css":"","_lmt_disableupdate":"no","_lmt_disable":"","_monsterinsights_skip_tracking":false,"_monsterinsights_sitenote_active":false,"_monsterinsights_sitenote_note":"","_monsterinsights_sitenote_category":0,"site-sidebar-layout":"default","site-content-layout":"","ast-site-content-layout":"default","site-content-style":"default","site-sidebar-style":"default","ast-global-header-display":"","ast-banner-title-visibility":"","ast-main-header-display":"","ast-hfb-above-header-display":"","ast-hfb-below-header-display":"","ast-hfb-mobile-header-display":"","site-post-title":"","ast-breadcrumbs-content":"","ast-featured-img":"","footer-sml-layout":"","ast-disable-related-posts":"","theme-transparent-header-meta":"default","adv-header-id-meta":"","stick-header-meta":"","header-above-stick-meta":"","header-main-stick-meta":"","header-below-stick-meta":"","astra-migrate-meta-layouts":"set","ast-page-background-enabled":"default","ast-page-background-meta":{"desktop":{"background-color":"","background-image":"","background-repeat":"repeat","background-position":"center center","background-size":"auto","background-attachment":"scroll","background-type":"","background-media":"","overlay-type":"","overlay-color":"","overlay-opacity":"","overlay-gradient":""},"tablet":{"background-color":"","background-image":"","background-repeat":"repeat","background-position":"center center","background-size":"auto","background-attachment":"scroll","background-type":"","background-media":"","overlay-type":"","overlay-color":"","overlay-opacity":"","overlay-gradient":""},"mobile":{"background-color":"","background-image":"","background-repeat":"repeat","background-position":"center center","background-size":"auto","background-attachment":"scroll","background-type":"","background-media":"","overlay-type":"","overlay-color":"","overlay-opacity":"","overlay-gradient":""}},"ast-content-background-meta":{"desktop":{"background-color":"var(--ast-global-color-5)","background-image":"","background-repeat":"repeat","background-position":"center center","background-size":"auto","background-attachment":"scroll","background-type":"","background-media":"","overlay-type":"","overlay-color":"","overlay-opacity":"","overlay-gradient":""},"tablet":{"background-color":"var(--ast-global-color-5)","background-image":"","background-repeat":"repeat","background-position":"center center","background-size":"auto","background-attachment":"scroll","background-type":"","background-media":"","overlay-type":"","overlay-color":"","overlay-opacity":"","overlay-gradient":""},"mobile":{"background-color":"var(--ast-global-color-5)","background-image":"","background-repeat":"repeat","background-position":"center center","background-size":"auto","background-attachment":"scroll","background-type":"","background-media":"","overlay-type":"","overlay-color":"","overlay-opacity":"","overlay-gradient":""}},"_joinchat":{"telephone":"17776015835"}},"product_brand":[],"product_cat":[19,262,278,140,153,158,144,146],"product_tag":[261,260,196,94,273,93,269],"class_list":{"0":"post-3929","1":"product","2":"type-product","3":"status-publish","4":"has-post-thumbnail","6":"product_cat-vapes","7":"product_cat-32000-puff","8":"product_cat-bang-leader-vape","9":"product_cat-big-puffs-disposable-vapes","10":"product_cat-buy-disposable-vapes-in-italy","11":"product_cat-buy-disposable-vapes-in-spain","12":"product_cat-low-nicotine-disposable-vapes","13":"product_cat-rechargeable-disposable-vapes","14":"product_tag-2-in-1-double-flavor-vape","15":"product_tag-bang-leader-32000","16":"product_tag-bang-vape","17":"product_tag-rechargeable-disposable-vape","18":"product_tag-twins-flavor-vape-pod","19":"product_tag-vape-wholesale","20":"product_tag-vape-with-screen","21":"desktop-align-left","22":"tablet-align-left","23":"mobile-align-left","25":"first","26":"instock","27":"sale","28":"shipping-taxable","29":"purchasable","30":"product-type-simple"},"acf":[],"uagb_featured_image_src":{"full":["https:\/\/vapestornado.com\/wp-content\/uploads\/2025\/03\/Bang-Kingdoms-Rex-32000-E-Cigarette-Disposable-Vape.webp",800,800,false],"thumbnail":["https:\/\/vapestornado.com\/wp-content\/uploads\/2025\/03\/Bang-Kingdoms-Rex-32000-E-Cigarette-Disposable-Vape-150x150.webp",150,150,true],"medium":["https:\/\/vapestornado.com\/wp-content\/uploads\/2025\/03\/Bang-Kingdoms-Rex-32000-E-Cigarette-Disposable-Vape-300x300.webp",300,300,true],"medium_large":["https:\/\/vapestornado.com\/wp-content\/uploads\/2025\/03\/Bang-Kingdoms-Rex-32000-E-Cigarette-Disposable-Vape-768x768.webp",768,768,true],"large":["https:\/\/vapestornado.com\/wp-content\/uploads\/2025\/03\/Bang-Kingdoms-Rex-32000-E-Cigarette-Disposable-Vape.webp",800,800,false],"1536x1536":["https:\/\/vapestornado.com\/wp-content\/uploads\/2025\/03\/Bang-Kingdoms-Rex-32000-E-Cigarette-Disposable-Vape.webp",800,800,false],"2048x2048":["https:\/\/vapestornado.com\/wp-content\/uploads\/2025\/03\/Bang-Kingdoms-Rex-32000-E-Cigarette-Disposable-Vape.webp",800,800,false],"trp-custom-language-flag":["https:\/\/vapestornado.com\/wp-content\/uploads\/2025\/03\/Bang-Kingdoms-Rex-32000-E-Cigarette-Disposable-Vape.webp",12,12,false],"woocommerce_thumbnail":["https:\/\/vapestornado.com\/wp-content\/uploads\/2025\/03\/Bang-Kingdoms-Rex-32000-E-Cigarette-Disposable-Vape-300x300.webp",300,300,true],"woocommerce_single":["https:\/\/vapestornado.com\/wp-content\/uploads\/2025\/03\/Bang-Kingdoms-Rex-32000-E-Cigarette-Disposable-Vape-600x600.webp",600,600,true],"woocommerce_gallery_thumbnail":["https:\/\/vapestornado.com\/wp-content\/uploads\/2025\/03\/Bang-Kingdoms-Rex-32000-E-Cigarette-Disposable-Vape-100x100.webp",100,100,true]},"uagb_author_info":{"display_name":"ESAMY","author_link":"https:\/\/vapestornado.com\/hr\/author\/"},"uagb_comment_info":0,"uagb_excerpt":"Bang Leader 32000 Puffs Wholesale 32K Puffs Vape Bulk Buy Disposable Vape 32000 Puffs Poland Wholesale Add Amy's whatsapp to get right reply and discount price! WhatsApp: +86 17776015835 &nbsp;","_links":{"self":[{"href":"https:\/\/vapestornado.com\/hr\/wp-json\/wp\/v2\/product\/3929","targetHints":{"allow":["GET"]}}],"collection":[{"href":"https:\/\/vapestornado.com\/hr\/wp-json\/wp\/v2\/product"}],"about":[{"href":"https:\/\/vapestornado.com\/hr\/wp-json\/wp\/v2\/types\/product"}],"replies":[{"embeddable":true,"href":"https:\/\/vapestornado.com\/hr\/wp-json\/wp\/v2\/comments?post=3929"}],"wp:featuredmedia":[{"embeddable":true,"href":"https:\/\/vapestornado.com\/hr\/wp-json\/wp\/v2\/media\/3917"}],"wp:attachment":[{"href":"https:\/\/vapestornado.com\/hr\/wp-json\/wp\/v2\/media?parent=3929"}],"wp:term":[{"taxonomy":"product_brand","embeddable":true,"href":"https:\/\/vapestornado.com\/hr\/wp-json\/wp\/v2\/product_brand?post=3929"},{"taxonomy":"product_cat","embeddable":true,"href":"https:\/\/vapestornado.com\/hr\/wp-json\/wp\/v2\/product_cat?post=3929"},{"taxonomy":"product_tag","embeddable":true,"href":"https:\/\/vapestornado.com\/hr\/wp-json\/wp\/v2\/product_tag?post=3929"}],"curies":[{"name":"wp","href":"https:\/\/api.w.org\/{rel}","templated":true}]}}