{"id":3891,"date":"2025-03-19T03:04:03","date_gmt":"2025-03-19T03:04:03","guid":{"rendered":"https:\/\/vapestornado.com\/?post_type=product&#038;p=3891"},"modified":"2025-12-09T09:49:19","modified_gmt":"2025-12-09T09:49:19","slug":"bang-leader-50000-puffs-50k-2-in-1-double-flavor-digital-disposable-vape-bulk-price","status":"publish","type":"product","link":"https:\/\/vapestornado.com\/hr\/product\/bang-leader-50000-puffs-50k-2-in-1-double-flavor-digital-disposable-vape-bulk-price\/","title":{"rendered":"Bang Leader 50000 Puffs 50k 2 u 1 Dvostruki Okus Digitalna Jednokratna Vape Veleprodajna Cijena"},"content":{"rendered":"<h1 data-pm-slice=\"1 1 []\">Bang Leader 50000 Puffs 50k 2 u 1 Dvostruki Okus Digitalna Jednokratna Vape Veleprodajna Cijena<\/h1>\n<p data-start=\"1889\" data-end=\"2114\">Bang Leader 50000 Pufova 2-u-1 dvostruki okus jednokratni vape s 36ml unaprijed napunjenog e-tekila, dvostruka mre\u017easta zavojnica, podesiva snaga, pametni digitalni prikaz, i 650mAh Type-C punjiva baterija. Do 50K pufova s 0%\/2%\/3%\/5% nikotina za dugu, prilagodljivu EU vaping iskustvo.<\/p>\n<p data-start=\"313\" data-end=\"738\"><strong data-start=\"313\" data-end=\"371\">50K izdr\u017eljivosti \u0161to se prenosi na stvarno kalendarsko vrijeme.<\/strong> Ovo <strong data-start=\"376\" data-end=\"419\">Bang Leader 50000 Pufova jednokratni vape<\/strong> je izgra\u0111en oko <strong data-start=\"438\" data-end=\"462\">36ml unaprijed napunjeni spremnik<\/strong>, tako da visok broj pufova nije teoretski. Za redovne EU korisnike, to obi\u010dno zna\u010di <strong data-start=\"548\" data-end=\"585\">tjedne kori\u0161tenja s jednog ure\u0111aja<\/strong>, manje posjeta trgovinama i znatno ni\u017eu cijenu po danu u usporedbi s 10K\u201320K jednokratnih ure\u0111aja. Odgovara te\u0161kim rutinama bez osje\u0107aja prevelikog u ruci.<\/p>\n<p data-start=\"742\" data-end=\"1220\"><strong data-start=\"742\" data-end=\"801\">Dvostruki okus 2-u-1 odr\u017eava dugotrajne ure\u0111aje zabavnim.<\/strong> Ure\u0111aj koji traje ovako dugo treba raznolikost, ina\u010de nastupa umor od okusa. The <strong data-start=\"886\" data-end=\"931\">Bang Leader 50K dvostruki okus jednokratni<\/strong> daje <strong data-start=\"938\" data-end=\"970\">12 kombinacija dvostrukog okusa<\/strong> u jednom ure\u0111aju, tako da mo\u017eete odmah promijeniti mje\u0161avine kada vam se promijeni nepce. Ova zna\u010dajka je sna\u017ean prodajni adut u <strong data-start=\"1080\" data-end=\"1135\">Njema\u010dkoj, \u0160panjolskoj, Poljskoj, Francuskoj i Nizozemskoj<\/strong>, gdje se ure\u0111aji velike kapacitete koriste kao svakodnevni alati, a ne za vikend odlaganje.<\/p>\n<p data-start=\"1224\" data-end=\"1636\"><strong data-start=\"1224\" data-end=\"1282\">Dualna mre\u017easta zavojnica daje gust i intenzivan okus.<\/strong> Ovo <strong data-start=\"1287\" data-end=\"1328\">Bang Leader 50k<\/strong> koristi dvije mre\u017easte povr\u0161ine za ravnomjerno \u0161irenje topline kroz teku\u0107inu. To donosi prakti\u010dne prednosti: <strong data-start=\"1434\" data-end=\"1517\">glatkije uvla\u010denje, bogatije zasi\u0107enje okusom i sporiji pad performansi kasnije u spremniku<\/strong>, \u010dak i pri \u010destoj dnevnoj uporabi. Para ostaje gusta bez da postane gruba, \u0161to je podru\u010dje gdje mnogi ure\u0111aji s visokim brojem pufova ne uspijevaju.<\/p>\n<p data-start=\"1640\" data-end=\"2080\"><strong data-start=\"1640\" data-end=\"1719\">Podesiva snaga omogu\u0107ava da uvla\u010denje odgovara va\u0161em stilu, a ne obrnuto.<\/strong> S ovim <strong data-start=\"1729\" data-end=\"1783\">Bang Leader 50K vape<\/strong>, kontrolirate koliko sna\u017eno osje\u0107a svaki povla\u010denje. Ni\u017ea snaga daje mirniji, hladniji udisaj za dnevne ili radne pauze; vi\u0161a snaga potiskuje <strong data-start=\"1917\" data-end=\"1953\">topliji vapour i te\u017ee oblake<\/strong> za ve\u010dernje ili dru\u0161tvene prilike. Na ure\u0111aju s dugim vijekom trajanja, ovakvo pode\u0161avanje sprje\u010dava da iskustvo postane dosadno s vremenom.<\/p>\n<p data-start=\"2084\" data-end=\"2478\"><strong data-start=\"2084\" data-end=\"2144\">Punjenje putem Type-C priklju\u010dka \u0161titi puni kapacitet od 36ml.<\/strong> Velike jednokratne inhalatore mo\u017ee biti frustriraju\u0107e kada se baterija prerano isprazni. The <strong data-start=\"2213\" data-end=\"2267\">Bang Leader 50000 punjivi jednokratni vape pen<\/strong> koristi <strong data-start=\"2275\" data-end=\"2318\">650mAh baterija i brzo punjenje putem Type-C<\/strong>, tako da brzo dopunjavanje odr\u017eava ure\u0111aj u radu dok se teku\u0107ina ne potro\u0161i. Kratko vrijeme izme\u0111u punjenja, bez gubitka e-teku\u0107ine i predvidiva izvedba na putu.<\/p>\n<p><strong><span style=\"color: #ff0000;\">Dodajte Amy na WhatsApp za brzi odgovor i popust!<\/span><\/strong><\/p>\n<p><img fetchpriority=\"high\" decoding=\"async\" class=\"size-full wp-image-2932\" src=\"https:\/\/vapestornado.com\/wp-content\/uploads\/2024\/12\/Vape-Wholesale.jpg\" alt=\"Veleprodaja vejpova\" width=\"229\" height=\"300\" \/><\/p>\n<h3><a href=\"https:\/\/wa.me\/8617776015835\" target=\"_blank\" rel=\"noopener\"><span style=\"color: #ff0000;\"><strong>WhatsApp: +86 17776015835<\/strong><\/span><\/a><\/h3>\n<p>&nbsp;<\/p>\n<h2><strong>Bang Leader 20000 Puff Crystal Vape Klju\u010dne zna\u010dajke proizvoda<\/strong><\/h2>\n<table>\n<thead>\n<tr>\n<th>Zna\u010dajka<\/th>\n<th>Specifikacije<\/th>\n<th>Detalji<\/th>\n<\/tr>\n<\/thead>\n<tbody>\n<tr>\n<td>Naziv proizvoda<\/td>\n<td>Bang Leader 50000 Pufova 2-u-1 Dvostruki okus<\/td>\n<td>Visokokapacitetni punjivi jednokratni ure\u0111aj.<\/td>\n<\/tr>\n<tr>\n<td>Kapacitet Udisaja<\/td>\n<td>Do 50.000 udiha<\/td>\n<td>Produ\u017eeni vijek trajanja namijenjen svakodnevnoj dugotrajnoj uporabi.<\/td>\n<\/tr>\n<tr>\n<td>Volumen e-teku\u0107ine<\/td>\n<td>36ml unaprijed napunjeno<\/td>\n<td>Veliki spremnik podr\u017eava rad od 50K sati.<\/td>\n<\/tr>\n<tr>\n<td>Sustav okusa<\/td>\n<td>2-u-1 prebacivanje dvostrukog okusa<\/td>\n<td>Dva smjese u jednom ure\u0111aju; trenutna promjena.<\/td>\n<\/tr>\n<tr>\n<td>Vrsta zavojnice<\/td>\n<td>Dvostruka mre\u017easta zavojnica<\/td>\n<td>Jednoliko zagrijavanje za gust vapour i stabilan okus.<\/td>\n<\/tr>\n<tr>\n<td>Baterija<\/td>\n<td>650mAh punjiva baterija<\/td>\n<td>Punjenje za kori\u0161tenje punog kapaciteta teku\u0107ine.<\/td>\n<\/tr>\n<tr>\n<td>Punjenje<\/td>\n<td>brzo punjenje Type-C<\/td>\n<td>Brza dopunjavanja s modernim EU kabelima.<\/td>\n<\/tr>\n<tr>\n<td>Snaga<\/td>\n<td>Prilagodljiv izlaz<\/td>\n<td>Prilago\u0111ava ja\u010dinu i toplinu vapoura.<\/td>\n<\/tr>\n<tr>\n<td>Zaslon<\/td>\n<td>Pametni digitalni zaslon<\/td>\n<td>Prikazuje razinu baterije i razinu e-teku\u0107ine na prvi pogled.<\/td>\n<\/tr>\n<tr>\n<td>Nivoi nikotina<\/td>\n<td>0% \/ 2% \/ 3% \/ 5% solni nikotin<\/td>\n<td>Prilago\u0111eno korisnicima bez nikotina, umjerenim i te\u0161kim korisnicima.<\/td>\n<\/tr>\n<\/tbody>\n<\/table>\n<h2 class=\"product-title\"><strong>Popis okusa Bang Leader 50k Puff Box Vape<\/strong><\/h2>\n<article class=\"w-full text-token-text-primary focus-visible:outline-2 focus-visible:outline-offset-[-4px]\" dir=\"auto\" data-testid=\"conversation-turn-32\" data-scroll-anchor=\"false\">\n<div class=\"m-auto text-base py-[18px] px-6\">\n<div class=\"mx-auto flex flex-1 text-base gap-4 md:gap-5 lg:gap-6 md:max-w-3xl lg:max-w-[40rem] xl:max-w-[48rem]\">\n<div class=\"group\/conversation-turn relative flex w-full min-w-0 flex-col @xs\/thread:px-0 @sm\/thread:px-1.5 @md\/thread:px-4\">\n<div class=\"flex-col gap-1 md:gap-3\">\n<div class=\"flex max-w-full flex-col flex-grow\">\n<div class=\"min-h-8 text-message flex w-full flex-col items-end gap-2 whitespace-normal break-words text-start [.text-message+&amp;]:mt-5\" dir=\"auto\" data-message-author-role=\"user\" data-message-id=\"ffac41ca-1db4-431b-873a-32c4052956f1\">\n<div class=\"flex w-full flex-col gap-1 empty:hidden items-end rtl:items-start\">\n<div class=\"relative max-w-[var(--user-chat-width,70%)] rounded-3xl bg-token-message-surface px-5 py-2.5\">\n<div class=\"absolute bottom-0 right-full top-0 -mr-3.5 hidden pr-5 pt-2 [.group\/conversation-turn:hover_&amp;]:flex\">\n<div class=\"flex\">\n<article class=\"w-full text-token-text-primary focus-visible:outline-2 focus-visible:outline-offset-[-4px]\" dir=\"auto\" data-testid=\"conversation-turn-39\" data-scroll-anchor=\"true\">\n<div class=\"m-auto text-base py-[18px] px-6\">\n<div class=\"mx-auto flex flex-1 text-base gap-4 md:gap-5 lg:gap-6 md:max-w-3xl lg:max-w-[40rem] xl:max-w-[48rem]\">\n<div class=\"group\/conversation-turn relative flex w-full min-w-0 flex-col agent-turn @xs\/thread:px-0 @sm\/thread:px-1.5 @md\/thread:px-4\">\n<div class=\"flex-col gap-1 md:gap-3\">\n<div class=\"flex max-w-full flex-col flex-grow\">\n<div class=\"min-h-8 text-message flex w-full flex-col items-end gap-2 whitespace-normal break-words text-start [.text-message+&amp;]:mt-5\" dir=\"auto\" data-message-author-role=\"assistant\" data-message-id=\"55a23854-ec57-48dd-bd4f-6118f43d6241\" data-message-model-slug=\"gpt-4o\">\n<div class=\"flex w-full flex-col gap-1 empty:hidden first:pt-[3px]\">\n<div class=\"markdown prose w-full break-words dark:prose-invert light\">\n<p>&nbsp;<\/p>\n<p>1.Jagoda Malina Tre\u0161nja Led\/Tre\u0161nja<\/p>\n<p>2.Lubenica Jagoda\/Lubenica <strong><span style=\"color: #ff0000;\">&gt;&gt;&gt;&gt; Vru\u0107e!<\/span><\/strong><\/p>\n<p>3.Crno Gro\u017e\u0111e\/Zeleno Gro\u017e\u0111e<\/p>\n<p>4.Jabuka Kru\u0161ka\/Kivi Marakuja Guava<\/p>\n<p>5.Kisela Limunada od Ananasa\/Limeta Limun <strong><span style=\"color: #ff0000;\">&gt;&gt;&gt;&gt; Najbolje!<\/span><\/strong><\/p>\n<p>6.Banana Led\/Mango<\/p>\n<p>7.Borovnica Kisela Malina\/Borovnica <strong><span style=\"color: #ff0000;\">&gt;&gt;&gt;&gt; Vru\u0107e!<\/span><\/strong><\/p>\n<p>8.Tre\u0161nja Kola\/Ru\u017ei\u010dasta Limunada<\/p>\n<p>9.Borovnica Malina Limunada\/Jagoda Malina Tre\u0161nja Led <strong><span style=\"color: #ff0000;\">&gt;&gt;&gt;&gt; Vru\u0107e!<\/span><\/strong><\/p>\n<p>10.Jagoda Kivi\/Jagoda Led<\/p>\n<p>11.Ananas Marakuja\/Ananas Led<\/p>\n<p>12.Malina Mojito\/Tre\u0161nja Malina Limeta <strong><span style=\"color: #ff0000;\">&gt;&gt;&gt;&gt; Vru\u0107e!<\/span><\/strong><\/p>\n<p>&nbsp;<\/p>\n<\/div>\n<\/div>\n<\/div>\n<\/div>\n<\/div>\n<\/div>\n<\/div>\n<\/div>\n<\/article>\n<\/div>\n<\/div>\n<\/div>\n<\/div>\n<\/div>\n<\/div>\n<\/div>\n<\/div>\n<\/div>\n<\/div>\n<\/article>\n<h2>Za\u0161to odabrati Vapestornado za Bang Leader 50000 Puffs Digital Vape skupnu narud\u017ebu?<\/h2>\n<div class=\"flex-shrink-0 flex flex-col relative items-end\">\n<div class=\"pt-0\">\n<div class=\"gizmo-bot-avatar flex h-8 w-8 items-center justify-center overflow-hidden rounded-full\">\n<div class=\"relative p-1 rounded-sm flex items-center justify-center bg-token-main-surface-primary text-token-text-primary h-8 w-8\">\n<p data-start=\"75\" data-end=\"479\">Kada je rije\u010d o <strong data-start=\"92\" data-end=\"117\">bulk jednokratnim vape ure\u0111ajima<\/strong>, <strong data-start=\"119\" data-end=\"152\">Vapestornado online vape trgovina<\/strong> je glavno odredi\u0161te za<strong data-start=\"182\" data-end=\"202\">\u00a0kupce<\/strong> koji tra\u017ee <strong data-start=\"215\" data-end=\"257\">pristupa\u010dne cijene i vrhunsku kvalitetu<\/strong>. Nudimo <strong data-start=\"268\" data-end=\"299\">ekskluzivne veleprodajne cijene<\/strong> za Bang Leader 20k Puffs, omogu\u0107uju\u0107i trgovcima i distributerima da se opskrbe jednim od najtra\u017eenijih<a href=\"https:\/\/vapestornado.com\/hr\/product\/uor-120000-puff-120k-4-flavors-rechargeable-disposable-vape-shop-online\/\"> <strong data-start=\"412\" data-end=\"445\">punjivi jednokratni Vapes<\/strong><\/a>\u00a0s <strong data-start=\"453\" data-end=\"476\">digitalni LED zaslon<\/strong>.<\/p>\n<\/div>\n<div class=\"relative p-1 rounded-sm flex items-center justify-center bg-token-main-surface-primary text-token-text-primary h-8 w-8\">\n<h2>\u010cesta pitanja za jednokratni vaper Bang Leader 50k Puffs<\/h2>\n<ol data-start=\"3086\" data-end=\"4136\">\n<li data-start=\"3086\" data-end=\"3306\">\n<p data-start=\"3089\" data-end=\"3306\"><strong data-start=\"3089\" data-end=\"3177\">Kako funkcionira sustav dvostrukog okusa Bang Leader 50000 Puffs 2-u-1 u svakodnevnoj uporabi?<\/strong><br data-start=\"3177\" data-end=\"3180\" \/>Dr\u017ei dva okusa u jednom ure\u0111aju, omogu\u0107uju\u0107i vam da ih odmah prebacite. To odr\u017eava raznolikost tijekom dugotrajne vi\u0161ednevne uporabe.<\/p>\n<\/li>\n<li data-start=\"3308\" data-end=\"3511\">\n<p data-start=\"3311\" data-end=\"3511\"><strong data-start=\"3311\" data-end=\"3405\">Smanjuje li Bang Leader 50K jednokratni vaping s dvostrukom mre\u017eom smanjenje okusa tijekom vremena?<\/strong><br data-start=\"3405\" data-end=\"3408\" \/>Dvoslojne mre\u017ene grija\u010de ravnomjerno zagrijavaju i usporavaju gubitak okusa, \u0161to je posebno va\u017eno u ure\u0111aju s visokim kapacitetom od 36 ml.<\/p>\n<\/li>\n<li data-start=\"3513\" data-end=\"3736\">\n<p data-start=\"3516\" data-end=\"3736\"><strong data-start=\"3516\" data-end=\"3612\">Koja razlika \u010dini podesiva snaga na jednokratnom vaperu Bang Leader 50000 Puffs?<\/strong><br data-start=\"3612\" data-end=\"3615\" \/>Podesiva snaga omogu\u0107uje vam kontrolu topline i ja\u010dine pare\u2014ni\u017ea za glatkiji dnevni udisaj, vi\u0161a za gu\u0161\u0107e oblake.<\/p>\n<\/li>\n<li data-start=\"3738\" data-end=\"3930\">\n<p data-start=\"3741\" data-end=\"3930\"><strong data-start=\"3741\" data-end=\"3830\">Mo\u017ee li Bang Leader 50000 Type-C jednokratni ure\u0111aj s punjenjem zavr\u0161iti cijeli spremnik od 36 ml?<\/strong><br data-start=\"3830\" data-end=\"3833\" \/>Da. Podesivost punjenja zna\u010di da mo\u017eete nadopunjavati energiju po potrebi i nastaviti s vapingom dok teku\u0107ina ne nestane.<\/p>\n<\/li>\n<li data-start=\"3932\" data-end=\"4136\">\n<p data-start=\"3935\" data-end=\"4136\"><strong data-start=\"3935\" data-end=\"4030\">Koja opcija nikotina odgovara razli\u010ditim korisnicima na jednokratnom vaperu Bang Leader 50K s kristalnim nikotinom?<\/strong><br data-start=\"4030\" data-end=\"4033\" \/>0% je za isklju\u010divo u\u017eivanje u okusu, 2%\u20133% odgovara ve\u0107ini dnevnih rutina, a 5% odgovara korisnicima koji \u017eele ja\u010di udar.<\/p>\n<\/li>\n<\/ol>\n<\/div>\n<\/div>\n<\/div>\n<\/div>","protected":false},"excerpt":{"rendered":"<p>Ovo <strong data-start=\"1452\" data-end=\"1484\">Bang Lider 50000 Udisaja Vape<\/strong> nudi dvostruke okuse, digitalni zaslon i podesivu snagu. Punjiva <strong data-start=\"1562\" data-end=\"1585\">50K puff jednokratni ure\u0111aj<\/strong> idealan za <strong data-start=\"1596\" data-end=\"1631\">veleprodajne narud\u017ebe u Europi<\/strong>.<br \/>\nBang Leader 50k Puffs Vape Kit Veleprodaja povoljna cijena<\/p>\n<p><strong>Dodajte Amy na WhatsApp za brzi odgovor i popust!<\/strong><\/p>\n<p><img fetchpriority=\"high\" decoding=\"async\" class=\"size-full wp-image-2932\" src=\"https:\/\/vapestornado.com\/wp-content\/uploads\/2024\/12\/Vape-Wholesale.jpg\" alt=\"Veleprodaja vejpova\" width=\"229\" height=\"300\" \/><\/p>\n<h3><a href=\"https:\/\/wa.me\/8617776015835\"><span style=\"color: #ff0000;\"><strong>WhatsApp: +86 17776015835<\/strong><\/span><\/a><\/h3>\n<p>&nbsp;<\/p>","protected":false},"featured_media":3867,"comment_status":"open","ping_status":"closed","template":"","meta":{"_acf_changed":false,"_uag_custom_page_level_css":"","_lmt_disableupdate":"no","_lmt_disable":"","_monsterinsights_skip_tracking":false,"_monsterinsights_sitenote_active":false,"_monsterinsights_sitenote_note":"","_monsterinsights_sitenote_category":0,"site-sidebar-layout":"default","site-content-layout":"","ast-site-content-layout":"default","site-content-style":"default","site-sidebar-style":"default","ast-global-header-display":"","ast-banner-title-visibility":"","ast-main-header-display":"","ast-hfb-above-header-display":"","ast-hfb-below-header-display":"","ast-hfb-mobile-header-display":"","site-post-title":"","ast-breadcrumbs-content":"","ast-featured-img":"","footer-sml-layout":"","ast-disable-related-posts":"","theme-transparent-header-meta":"default","adv-header-id-meta":"","stick-header-meta":"","header-above-stick-meta":"","header-main-stick-meta":"","header-below-stick-meta":"","astra-migrate-meta-layouts":"set","ast-page-background-enabled":"default","ast-page-background-meta":{"desktop":{"background-color":"","background-image":"","background-repeat":"repeat","background-position":"center center","background-size":"auto","background-attachment":"scroll","background-type":"","background-media":"","overlay-type":"","overlay-color":"","overlay-opacity":"","overlay-gradient":""},"tablet":{"background-color":"","background-image":"","background-repeat":"repeat","background-position":"center center","background-size":"auto","background-attachment":"scroll","background-type":"","background-media":"","overlay-type":"","overlay-color":"","overlay-opacity":"","overlay-gradient":""},"mobile":{"background-color":"","background-image":"","background-repeat":"repeat","background-position":"center center","background-size":"auto","background-attachment":"scroll","background-type":"","background-media":"","overlay-type":"","overlay-color":"","overlay-opacity":"","overlay-gradient":""}},"ast-content-background-meta":{"desktop":{"background-color":"var(--ast-global-color-5)","background-image":"","background-repeat":"repeat","background-position":"center center","background-size":"auto","background-attachment":"scroll","background-type":"","background-media":"","overlay-type":"","overlay-color":"","overlay-opacity":"","overlay-gradient":""},"tablet":{"background-color":"var(--ast-global-color-5)","background-image":"","background-repeat":"repeat","background-position":"center center","background-size":"auto","background-attachment":"scroll","background-type":"","background-media":"","overlay-type":"","overlay-color":"","overlay-opacity":"","overlay-gradient":""},"mobile":{"background-color":"var(--ast-global-color-5)","background-image":"","background-repeat":"repeat","background-position":"center center","background-size":"auto","background-attachment":"scroll","background-type":"","background-media":"","overlay-type":"","overlay-color":"","overlay-opacity":"","overlay-gradient":""}},"_joinchat":{"telephone":"17776015835"}},"product_brand":[],"product_cat":[19,192,62,159,160,143,144],"product_tag":[264,196,94,240,93],"class_list":{"0":"post-3891","1":"product","2":"type-product","3":"status-publish","4":"has-post-thumbnail","6":"product_cat-vapes","7":"product_cat-50000-puff","8":"product_cat-bang-vape","9":"product_cat-buy-disposable-vapes-in-sweden","10":"product_cat-buy-disposable-vapes-in-switzerland","11":"product_cat-dual-mesh-disposable-vapes","12":"product_cat-low-nicotine-disposable-vapes","13":"product_tag-bang-leader-50000-puff","14":"product_tag-bang-vape","15":"product_tag-rechargeable-disposable-vape","16":"product_tag-twins-flavor-disposable-vape","17":"product_tag-vape-wholesale","18":"desktop-align-left","19":"tablet-align-left","20":"mobile-align-left","22":"first","23":"instock","24":"sale","25":"shipping-taxable","26":"purchasable","27":"product-type-simple"},"acf":[],"uagb_featured_image_src":{"full":["https:\/\/vapestornado.com\/wp-content\/uploads\/2025\/03\/Bang-Leader-50000-50K-Puffs.webp",800,800,false],"thumbnail":["https:\/\/vapestornado.com\/wp-content\/uploads\/2025\/03\/Bang-Leader-50000-50K-Puffs-150x150.webp",150,150,true],"medium":["https:\/\/vapestornado.com\/wp-content\/uploads\/2025\/03\/Bang-Leader-50000-50K-Puffs-300x300.webp",300,300,true],"medium_large":["https:\/\/vapestornado.com\/wp-content\/uploads\/2025\/03\/Bang-Leader-50000-50K-Puffs-768x768.webp",768,768,true],"large":["https:\/\/vapestornado.com\/wp-content\/uploads\/2025\/03\/Bang-Leader-50000-50K-Puffs.webp",800,800,false],"1536x1536":["https:\/\/vapestornado.com\/wp-content\/uploads\/2025\/03\/Bang-Leader-50000-50K-Puffs.webp",800,800,false],"2048x2048":["https:\/\/vapestornado.com\/wp-content\/uploads\/2025\/03\/Bang-Leader-50000-50K-Puffs.webp",800,800,false],"trp-custom-language-flag":["https:\/\/vapestornado.com\/wp-content\/uploads\/2025\/03\/Bang-Leader-50000-50K-Puffs.webp",12,12,false],"woocommerce_thumbnail":["https:\/\/vapestornado.com\/wp-content\/uploads\/2025\/03\/Bang-Leader-50000-50K-Puffs-300x300.webp",300,300,true],"woocommerce_single":["https:\/\/vapestornado.com\/wp-content\/uploads\/2025\/03\/Bang-Leader-50000-50K-Puffs-600x600.webp",600,600,true],"woocommerce_gallery_thumbnail":["https:\/\/vapestornado.com\/wp-content\/uploads\/2025\/03\/Bang-Leader-50000-50K-Puffs-100x100.webp",100,100,true]},"uagb_author_info":{"display_name":"ESAMY","author_link":"https:\/\/vapestornado.com\/hr\/author\/"},"uagb_comment_info":0,"uagb_excerpt":"The Bang Leader 50000 Puffs Vape offers dual flavors, digital display, and adjustable wattage. A rechargeable 50K puff disposable ideal for wholesale bulk orders in Europe. Bang Leader 50k Puff Vape Kit Wholesale Cheap Price Add Amy's whatsapp to get right reply and discount price! WhatsApp: +86 17776015835 &nbsp;","_links":{"self":[{"href":"https:\/\/vapestornado.com\/hr\/wp-json\/wp\/v2\/product\/3891","targetHints":{"allow":["GET"]}}],"collection":[{"href":"https:\/\/vapestornado.com\/hr\/wp-json\/wp\/v2\/product"}],"about":[{"href":"https:\/\/vapestornado.com\/hr\/wp-json\/wp\/v2\/types\/product"}],"replies":[{"embeddable":true,"href":"https:\/\/vapestornado.com\/hr\/wp-json\/wp\/v2\/comments?post=3891"}],"wp:featuredmedia":[{"embeddable":true,"href":"https:\/\/vapestornado.com\/hr\/wp-json\/wp\/v2\/media\/3867"}],"wp:attachment":[{"href":"https:\/\/vapestornado.com\/hr\/wp-json\/wp\/v2\/media?parent=3891"}],"wp:term":[{"taxonomy":"product_brand","embeddable":true,"href":"https:\/\/vapestornado.com\/hr\/wp-json\/wp\/v2\/product_brand?post=3891"},{"taxonomy":"product_cat","embeddable":true,"href":"https:\/\/vapestornado.com\/hr\/wp-json\/wp\/v2\/product_cat?post=3891"},{"taxonomy":"product_tag","embeddable":true,"href":"https:\/\/vapestornado.com\/hr\/wp-json\/wp\/v2\/product_tag?post=3891"}],"curies":[{"name":"wp","href":"https:\/\/api.w.org\/{rel}","templated":true}]}}