{"id":3862,"date":"2025-03-17T02:07:39","date_gmt":"2025-03-17T02:07:39","guid":{"rendered":"https:\/\/vapestornado.com\/?post_type=product&#038;p=3862"},"modified":"2025-08-23T09:08:02","modified_gmt":"2025-08-23T09:08:02","slug":"fihp-digital-box-12000-puffs-wholesale-disposable-vapes-2-5-low-nicotine-rechargeable-bulk-price","status":"publish","type":"product","link":"https:\/\/vapestornado.com\/hr\/product\/fihp-digital-box-12000-puffs-wholesale-disposable-vapes-2-5-low-nicotine-rechargeable-bulk-price\/","title":{"rendered":"FIHP Digital Box 12000 Puffs Veleprodaja jednokratnih vape ure\u0111aja 2% 5% Niska razina nikotina Punjiva rasuta cijena"},"content":{"rendered":"<h1 data-pm-slice=\"1 1 []\">FIHP Digital Box 12000 Puffs Veleprodaja jednokratnih vape ure\u0111aja 2% 5% Niska razina nikotina Punjiva rasuta cijena<\/h1>\n<h2 data-start=\"0\" data-end=\"86\"><strong data-start=\"4\" data-end=\"84\">FIHP Digital Box 12000 Puffs \u2013 Punjiva Jednokratna Vape s LED Zaslonom<\/strong><\/h2>\n<p data-start=\"324\" data-end=\"581\">Ovo <strong data-start=\"328\" data-end=\"376\">FIHP Digital Box 12000 Puffs Jednokratni Vape<\/strong> je dizajniran za vapere koji \u017eele produljene performanse i prakti\u010dnost. S do <strong data-start=\"458\" data-end=\"474\">12.000 udisaja<\/strong> i <strong data-start=\"481\" data-end=\"518\">20 ml prethodno napunjene e-teku\u0107ine<\/strong>, pru\u017ea dugotrajnu upotrebu s dosljednim izlazom okusa.<\/p>\n<p data-start=\"583\" data-end=\"835\">Pokre\u0107e ga <strong data-start=\"596\" data-end=\"627\">650mAh punjiva baterija<\/strong> i <strong data-start=\"632\" data-end=\"656\">Type-C brzo punjenje<\/strong>, ovaj ure\u0111aj osigurava maksimalnu u\u010dinkovitost bez rasipanja e-teku\u0107ine. The <strong data-start=\"726\" data-end=\"749\">LED digitalni zaslon<\/strong> prikazuje broj udisaja u stvarnom vremenu i trajanje baterije, dr\u017ee\u0107i korisnike pod kontrolom u svakom trenutku.<\/p>\n<p data-start=\"837\" data-end=\"1032\">Opremljen s <strong data-start=\"853\" data-end=\"871\">Mre\u017easta zavojnica od 1,0 \u03a9<\/strong>, FIHP 12K pru\u017ea glatku paru i bogat okus u svakom povla\u010denju. Dostupan u <strong data-start=\"952\" data-end=\"984\">ja\u010dine nikotina od 2% i 5%<\/strong>, namijenjen je umjerenim i te\u0161kim vaperima.<\/p>\n<p data-start=\"1034\" data-end=\"1225\">Za veletrgovce i trgovce na malo, <strong data-start=\"1069\" data-end=\"1101\">FIHP Digitalna Kutija 12000 Usta<\/strong> nudi sna\u017enu tr\u017ei\u0161nu privla\u010dnost s popustima na veliko i pouzdanom opskrbom, \u0161to ga \u010dini profitabilnim izborom za inventar u 2025.<\/p>\n<h2 data-start=\"2173\" data-end=\"2228\"><strong data-start=\"2178\" data-end=\"2226\">Veleprodajne cijene<\/strong><\/h2>\n<p data-start=\"2229\" data-end=\"2480\">Savr\u0161eno za trgovce, vlasnike vape trgovina i kupce na veliko, ovaj <strong data-start=\"2291\" data-end=\"2328\">FIHP Digitalna Kutija 12000 Usta Vape<\/strong> je dostupan po <strong data-start=\"2345\" data-end=\"2369\">niskim veleprodajnim cijenama<\/strong>. Ako tra\u017eite <strong data-start=\"2399\" data-end=\"2429\">najbolje jednokratne vapeove na veliko<\/strong>, ovo je obavezni dodatak va\u0161em inventaru.<\/p>\n<p><strong><span style=\"color: #ff0000;\">Dodajte Amy na WhatsApp za brzi odgovor i popust!<\/span><\/strong><\/p>\n<p><img fetchpriority=\"high\" decoding=\"async\" class=\"size-full wp-image-2932\" src=\"https:\/\/vapestornado.com\/wp-content\/uploads\/2024\/12\/Vape-Wholesale.jpg\" alt=\"Veleprodaja vejpova\" width=\"229\" height=\"300\" \/><\/p>\n<h3><a href=\"https:\/\/wa.me\/8617776015835\" target=\"_blank\" rel=\"noopener\"><span style=\"color: #ff0000;\"><strong>WhatsApp: +86 17776015835<\/strong><\/span><\/a><\/h3>\n<p>&nbsp;<\/p>\n<h2><strong>FIHP Digital Box 12000 Puffs Klju\u010dne zna\u010dajke proizvoda<\/strong><\/h2>\n<p>Marka: FIHP<br \/>\nPuffs: 12000 udisaja<br \/>\nJezgra: Mre\u017easta zavojnica 1.0ohm<br \/>\nE-teku\u0107ina: Kapacitet 20ml<br \/>\nNikotin: 2% i 5%<br \/>\nBaterija: 650mAh<br \/>\nPunjiva: Type-C<br \/>\nZaslon: LED zaslon za ulje i bateriju<\/p>\n<h2 class=\"product-title\"><strong>FIHP Digital Box 12k Smart Vape Lista okusa<\/strong><\/h2>\n<article class=\"group\/turn w-full text-token-text-primary focus-visible:outline-2 focus-visible:outline-offset-[-4px]\" dir=\"auto\" data-testid=\"conversation-turn-61\" data-scroll-anchor=\"true\">\n<div class=\"text-base my-auto mx-auto py-[18px] px-6\">\n<div class=\"mx-auto flex flex-1 text-base gap-4 md:gap-5 lg:gap-6 md:max-w-3xl lg:max-w-[40rem] xl:max-w-[48rem]\">\n<div class=\"group\/conversation-turn relative flex w-full min-w-0 flex-col agent-turn @xs\/thread:px-0 @sm\/thread:px-1.5 @md\/thread:px-4\">\n<div class=\"flex-col gap-1 md:gap-3\">\n<div class=\"flex max-w-full flex-col flex-grow\">\n<div class=\"min-h-8 text-message relative flex w-full flex-col items-end gap-2 whitespace-normal break-words text-start [.text-message+&amp;]:mt-5\" dir=\"auto\" data-message-author-role=\"assistant\" data-message-id=\"762d7e41-70d5-4ddf-94cb-85ef5025d3a8\" data-message-model-slug=\"gpt-4o\">\n<div class=\"flex w-full flex-col gap-1 empty:hidden first:pt-[3px]\">\n<div class=\"markdown prose w-full break-words dark:prose-invert light\">\n<p>01. Lush Ice <strong><span style=\"color: #ff0000;\">&gt;&gt;&gt;&gt; Vru\u0107e!<\/span><\/strong><br \/>\n02. Grape Ice<br \/>\n03. Tre\u0161nja<br \/>\n04. Borovnica Malina <strong><span style=\"color: #ff0000;\">&gt;&gt;&gt;&gt; Vru\u0107e!<\/span><\/strong><br \/>\n05. Jagoda Kiwi<br \/>\n06. Mije\u0161ano Bobi\u010dasto Vo\u0107e <strong><span style=\"color: #ff0000;\">&gt;&gt;&gt;&gt; Vru\u0107e!<\/span><\/strong><br \/>\n07. Jagoda Lubenica<br \/>\n08. \u017dvaka\u0107a Guma s Okusom Lubenice<br \/>\n09. Breskva Mango Ananas<br \/>\n10. Kiwi Marakuja Guava <strong><span style=\"color: #ff0000;\">&gt;&gt;&gt;&gt; Vru\u0107e!<\/span><\/strong><\/p>\n<\/div>\n<\/div>\n<\/div>\n<\/div>\n<\/div>\n<\/div>\n<\/div>\n<\/div>\n<\/article>\n<article class=\"w-full text-token-text-primary focus-visible:outline-2 focus-visible:outline-offset-[-4px]\" dir=\"auto\" data-testid=\"conversation-turn-32\" data-scroll-anchor=\"false\">\n<div class=\"m-auto text-base py-[18px] px-6\">\n<div class=\"mx-auto flex flex-1 text-base gap-4 md:gap-5 lg:gap-6 md:max-w-3xl lg:max-w-[40rem] xl:max-w-[48rem]\">\n<div class=\"group\/conversation-turn relative flex w-full min-w-0 flex-col @xs\/thread:px-0 @sm\/thread:px-1.5 @md\/thread:px-4\">\n<div class=\"flex-col gap-1 md:gap-3\">\n<div class=\"flex max-w-full flex-col flex-grow\">\n<div class=\"min-h-8 text-message flex w-full flex-col items-end gap-2 whitespace-normal break-words text-start [.text-message+&amp;]:mt-5\" dir=\"auto\" data-message-author-role=\"user\" data-message-id=\"ffac41ca-1db4-431b-873a-32c4052956f1\">\n<div class=\"flex w-full flex-col gap-1 empty:hidden items-end rtl:items-start\">\n<div class=\"relative max-w-[var(--user-chat-width,70%)] rounded-3xl bg-token-message-surface px-5 py-2.5\">\n<div class=\"absolute bottom-0 right-full top-0 -mr-3.5 hidden pr-5 pt-2 [.group\/conversation-turn:hover_&amp;]:flex\">\n<div class=\"flex\">\n<article class=\"w-full text-token-text-primary focus-visible:outline-2 focus-visible:outline-offset-[-4px]\" dir=\"auto\" data-testid=\"conversation-turn-39\" data-scroll-anchor=\"true\">\n<div class=\"m-auto text-base py-[18px] px-6\">\n<div class=\"mx-auto flex flex-1 text-base gap-4 md:gap-5 lg:gap-6 md:max-w-3xl lg:max-w-[40rem] xl:max-w-[48rem]\">\n<div class=\"group\/conversation-turn relative flex w-full min-w-0 flex-col agent-turn @xs\/thread:px-0 @sm\/thread:px-1.5 @md\/thread:px-4\">\n<div class=\"flex-col gap-1 md:gap-3\">\n<div class=\"flex max-w-full flex-col flex-grow\">\n<div class=\"min-h-8 text-message flex w-full flex-col items-end gap-2 whitespace-normal break-words text-start [.text-message+&amp;]:mt-5\" dir=\"auto\" data-message-author-role=\"assistant\" data-message-id=\"55a23854-ec57-48dd-bd4f-6118f43d6241\" data-message-model-slug=\"gpt-4o\">\n<div class=\"flex w-full flex-col gap-1 empty:hidden first:pt-[3px]\">\n<div class=\"markdown prose w-full break-words dark:prose-invert light\">\n<figure id=\"attachment_3835\" aria-describedby=\"caption-attachment-3835\" style=\"width: 800px\" class=\"wp-caption alignnone\"><img decoding=\"async\" class=\"wp-image-3835 size-full\" src=\"https:\/\/vapestornado.com\/wp-content\/uploads\/2025\/03\/FIHP-12000-Puffs-2-5-Low-Nicotine-Disposable-Vape.webp\" alt=\"FIHP 12000 Puffs 2% 5% Jednokratni Vape s Niskim Sadr\u017eajem Nikotina\" width=\"800\" height=\"800\" srcset=\"https:\/\/vapestornado.com\/wp-content\/uploads\/2025\/03\/FIHP-12000-Puffs-2-5-Low-Nicotine-Disposable-Vape.webp 800w, https:\/\/vapestornado.com\/wp-content\/uploads\/2025\/03\/FIHP-12000-Puffs-2-5-Low-Nicotine-Disposable-Vape-300x300.webp 300w, https:\/\/vapestornado.com\/wp-content\/uploads\/2025\/03\/FIHP-12000-Puffs-2-5-Low-Nicotine-Disposable-Vape-150x150.webp 150w, https:\/\/vapestornado.com\/wp-content\/uploads\/2025\/03\/FIHP-12000-Puffs-2-5-Low-Nicotine-Disposable-Vape-768x768.webp 768w, https:\/\/vapestornado.com\/wp-content\/uploads\/2025\/03\/FIHP-12000-Puffs-2-5-Low-Nicotine-Disposable-Vape-600x600.webp 600w, https:\/\/vapestornado.com\/wp-content\/uploads\/2025\/03\/FIHP-12000-Puffs-2-5-Low-Nicotine-Disposable-Vape-100x100.webp 100w\" sizes=\"(max-width: 800px) 100vw, 800px\" \/><figcaption id=\"caption-attachment-3835\" class=\"wp-caption-text\">FIHP 12000 Puffs 2% 5% Jednokratni Vape s Niskim Sadr\u017eajem Nikotina<\/figcaption><\/figure>\n<\/div>\n<\/div>\n<\/div>\n<\/div>\n<\/div>\n<\/div>\n<\/div>\n<\/div>\n<\/article>\n<\/div>\n<\/div>\n<\/div>\n<\/div>\n<\/div>\n<\/div>\n<\/div>\n<\/div>\n<\/div>\n<\/div>\n<\/article>\n<h3>Za\u0161to Odabrati Vapestornado za FIHP Digital Box 12000 Puff Digital Vape za Veliko Narud\u017ebu?<\/h3>\n<div class=\"flex-shrink-0 flex flex-col relative items-end\">\n<div class=\"pt-0\">\n<div class=\"gizmo-bot-avatar flex h-8 w-8 items-center justify-center overflow-hidden rounded-full\">\n<div class=\"relative p-1 rounded-sm flex items-center justify-center bg-token-main-surface-primary text-token-text-primary h-8 w-8\">\n<p>Kada je rije\u010d o <strong data-start=\"97\" data-end=\"127\">veleprodaja jednokratnih vapeova<\/strong>, <strong data-start=\"129\" data-end=\"162\">Vapestornado online vape trgovinu<\/strong> je va\u0161a krajnja destinacija! Nudimo <strong data-start=\"202\" data-end=\"230\">konkurentne cijene za velike koli\u010dine<\/strong>, osiguravaju\u0107i da dobijete najbolje ponude za FIHP Digital Box 12000 Puffs <strong data-start=\"271\" data-end=\"302\">Vape<\/strong> bez kompromisa u kvaliteti. Uz <strong data-start=\"338\" data-end=\"355\">brzu dostavu<\/strong>, <strong data-start=\"357\" data-end=\"380\">sigurne transakcije<\/strong>, i \u0161irok izbor <strong data-start=\"406\" data-end=\"434\">popularnijih jednokratnih vapeova<\/strong>, \u010dinimo kupovinu na veliko jednostavnom. Plus, na\u0161 <strong data-start=\"483\" data-end=\"508\">tim za korisni\u010dku podr\u0161ku<\/strong> je uvijek spreman pomo\u0107i s va\u0161im veleprodajnim upitima. Bez obzira jeste li trgovac na malo ili distributer, <strong data-start=\"608\" data-end=\"650\">Vapestornado pru\u017ea nenadma\u0161nu vrijednost<\/strong> o visokoj kvaliteti <strong data-start=\"667\" data-end=\"708\">punjive vape ure\u0111aje s pametnim zaslonima<\/strong>. Naru\u010dite danas i opskrbite se najnovijim <strong data-start=\"749\" data-end=\"782\">dugotrajnim jednokratnim vape ure\u0111ajima<\/strong> po najboljim cijenama!<\/p>\n<\/div>\n<h3><\/h3>\n<div class=\"relative p-1 rounded-sm flex items-center justify-center bg-token-main-surface-primary text-token-text-primary h-8 w-8\">\n<h3>\u010cesto postavljana pitanja za FIHP 12k jednokratni E-cigaretu<\/h3>\n<p data-start=\"2534\" data-end=\"2730\"><strong data-start=\"2534\" data-end=\"2598\">1. Koliko dugo traje FIHP Digital Box 12000 Puffs Vape?<\/strong><br data-start=\"2598\" data-end=\"2601\" \/>S <strong data-start=\"2606\" data-end=\"2633\">12.000 udisaja po ure\u0111aju<\/strong>, ovaj vape je dizajniran za produljenu upotrebu. Stvarni vijek trajanja ovisi o va\u0161oj u\u010destalosti kori\u0161tenja vapea.<\/p>\n<p data-start=\"2732\" data-end=\"2928\"><strong data-start=\"2732\" data-end=\"2781\">2. Je li FIHP 12000 Puffs Vape punjiv?<\/strong><br data-start=\"2781\" data-end=\"2784\" \/>Da! Sadr\u017ei <strong data-start=\"2803\" data-end=\"2834\">650mAh punjiva baterija<\/strong> i <strong data-start=\"2841\" data-end=\"2865\">Type-C priklju\u010dak za punjenje<\/strong>, osiguravaju\u0107i u\u010dinkovito upravljanje napajanjem i pro\u0161irenu upotrebljivost.<\/p>\n<p data-start=\"2930\" data-end=\"3100\"><strong data-start=\"2930\" data-end=\"2976\">3. \u0160to prikazuje digitalni LED zaslon?<\/strong><br data-start=\"2976\" data-end=\"2979\" \/>Ovo <strong data-start=\"2983\" data-end=\"2997\">LED zaslon<\/strong> prikazuje <strong data-start=\"3007\" data-end=\"3038\">trajanja baterije i broja udisaja<\/strong>, poma\u017eu\u0107i vam da pratite status va\u0161eg vapea u svakom trenutku.<\/p>\n<p data-start=\"3102\" data-end=\"3272\"><strong data-start=\"3102\" data-end=\"3147\">4. Koje su ja\u010dine nikotina dostupne?<\/strong><br data-start=\"3147\" data-end=\"3150\" \/>FIHP 12000 dostupan je u <strong data-start=\"3181\" data-end=\"3227\">2% (niski nikotin) i 5% (jaki nikotin)<\/strong>, udovoljavaju\u0107i razli\u010ditim preferencijama vapinga.<\/p>\n<p data-start=\"3274\" data-end=\"3531\"><strong data-start=\"3274\" data-end=\"3355\">5. Gdje mogu kupiti FIHP Digital Box 12000 Puffs Vape po veleprodajnim cijenama?<\/strong><br data-start=\"3355\" data-end=\"3358\" \/>Za <strong data-start=\"3362\" data-end=\"3397\">skupne narud\u017ebe i veleprodajne ponude<\/strong>, posjetite <strong data-start=\"3405\" data-end=\"3438\">Vapestornado online vape trgovinu<\/strong>, najbolje mjesto za nabaviti <strong data-start=\"3462\" data-end=\"3506\">povoljne punjive jednokratne vapeove<\/strong> s vrhunskim zna\u010dajkama.<\/p>\n<\/div>\n<\/div>\n<\/div>\n<\/div>","protected":false},"excerpt":{"rendered":"<p>FIHP Digital Box 12k 12000 Puff Jednokratna Vape Najbolja Cijena<br \/>\nFIHP Digital Box 12000 Screen Jednokratna Vape Veleprodaja u Poljskoj<br \/>\nFIHP 12000 Digital Jednokratna Vape Kutija Najbolji Okus u Prodaji<\/p>\n<p><strong>Dodajte Amy na WhatsApp za brzi odgovor i popust!<\/strong><\/p>\n<p><img fetchpriority=\"high\" decoding=\"async\" class=\"size-full wp-image-2932\" src=\"https:\/\/vapestornado.com\/wp-content\/uploads\/2024\/12\/Vape-Wholesale.jpg\" alt=\"Veleprodaja vejpova\" width=\"229\" height=\"300\" \/><\/p>\n<h3><a href=\"https:\/\/wa.me\/8617776015835\"><span style=\"color: #ff0000;\"><strong>WhatsApp: +86 17776015835<\/strong><\/span><\/a><\/h3>\n<p>&nbsp;<\/p>","protected":false},"featured_media":3837,"comment_status":"open","ping_status":"closed","template":"","meta":{"_acf_changed":false,"_uag_custom_page_level_css":"","_lmt_disableupdate":"no","_lmt_disable":"","_monsterinsights_skip_tracking":false,"_monsterinsights_sitenote_active":false,"_monsterinsights_sitenote_note":"","_monsterinsights_sitenote_category":0,"site-sidebar-layout":"default","site-content-layout":"","ast-site-content-layout":"default","site-content-style":"default","site-sidebar-style":"default","ast-global-header-display":"","ast-banner-title-visibility":"","ast-main-header-display":"","ast-hfb-above-header-display":"","ast-hfb-below-header-display":"","ast-hfb-mobile-header-display":"","site-post-title":"","ast-breadcrumbs-content":"","ast-featured-img":"","footer-sml-layout":"","ast-disable-related-posts":"","theme-transparent-header-meta":"default","adv-header-id-meta":"","stick-header-meta":"","header-above-stick-meta":"","header-main-stick-meta":"","header-below-stick-meta":"","astra-migrate-meta-layouts":"set","ast-page-background-enabled":"default","ast-page-background-meta":{"desktop":{"background-color":"","background-image":"","background-repeat":"repeat","background-position":"center center","background-size":"auto","background-attachment":"scroll","background-type":"","background-media":"","overlay-type":"","overlay-color":"","overlay-opacity":"","overlay-gradient":""},"tablet":{"background-color":"","background-image":"","background-repeat":"repeat","background-position":"center center","background-size":"auto","background-attachment":"scroll","background-type":"","background-media":"","overlay-type":"","overlay-color":"","overlay-opacity":"","overlay-gradient":""},"mobile":{"background-color":"","background-image":"","background-repeat":"repeat","background-position":"center center","background-size":"auto","background-attachment":"scroll","background-type":"","background-media":"","overlay-type":"","overlay-color":"","overlay-opacity":"","overlay-gradient":""}},"ast-content-background-meta":{"desktop":{"background-color":"var(--ast-global-color-5)","background-image":"","background-repeat":"repeat","background-position":"center center","background-size":"auto","background-attachment":"scroll","background-type":"","background-media":"","overlay-type":"","overlay-color":"","overlay-opacity":"","overlay-gradient":""},"tablet":{"background-color":"var(--ast-global-color-5)","background-image":"","background-repeat":"repeat","background-position":"center center","background-size":"auto","background-attachment":"scroll","background-type":"","background-media":"","overlay-type":"","overlay-color":"","overlay-opacity":"","overlay-gradient":""},"mobile":{"background-color":"var(--ast-global-color-5)","background-image":"","background-repeat":"repeat","background-position":"center center","background-size":"auto","background-attachment":"scroll","background-type":"","background-media":"","overlay-type":"","overlay-color":"","overlay-opacity":"","overlay-gradient":""}},"_joinchat":{"telephone":"17776015835"}},"product_brand":[],"product_cat":[19,72,153,154,158,144,146,60],"product_tag":[105,257,256,97,94,241,93],"class_list":{"0":"post-3862","1":"product","2":"type-product","3":"status-publish","4":"has-post-thumbnail","6":"product_cat-vapes","7":"product_cat-12000-puff","8":"product_cat-buy-disposable-vapes-in-italy","9":"product_cat-buy-disposable-vapes-in-netherlands","10":"product_cat-buy-disposable-vapes-in-spain","11":"product_cat-low-nicotine-disposable-vapes","12":"product_cat-rechargeable-disposable-vapes","13":"product_cat-waspe-fihp-vape","14":"product_tag-digital-disposable-vape","15":"product_tag-fihp-12000","16":"product_tag-fihp-digital-box-12k","17":"product_tag-hot-sale-disposable-vape","18":"product_tag-rechargeable-disposable-vape","19":"product_tag-smart-screen-disposable-vape","20":"product_tag-vape-wholesale","21":"desktop-align-left","22":"tablet-align-left","23":"mobile-align-left","25":"first","26":"instock","27":"sale","28":"shipping-taxable","29":"purchasable","30":"product-type-simple"},"acf":[],"uagb_featured_image_src":{"full":["https:\/\/vapestornado.com\/wp-content\/uploads\/2025\/03\/FIHP-Digital-Box-12000-Puff-Rechargeable-Vape.webp",800,800,false],"thumbnail":["https:\/\/vapestornado.com\/wp-content\/uploads\/2025\/03\/FIHP-Digital-Box-12000-Puff-Rechargeable-Vape-150x150.webp",150,150,true],"medium":["https:\/\/vapestornado.com\/wp-content\/uploads\/2025\/03\/FIHP-Digital-Box-12000-Puff-Rechargeable-Vape-300x300.webp",300,300,true],"medium_large":["https:\/\/vapestornado.com\/wp-content\/uploads\/2025\/03\/FIHP-Digital-Box-12000-Puff-Rechargeable-Vape-768x768.webp",768,768,true],"large":["https:\/\/vapestornado.com\/wp-content\/uploads\/2025\/03\/FIHP-Digital-Box-12000-Puff-Rechargeable-Vape.webp",800,800,false],"1536x1536":["https:\/\/vapestornado.com\/wp-content\/uploads\/2025\/03\/FIHP-Digital-Box-12000-Puff-Rechargeable-Vape.webp",800,800,false],"2048x2048":["https:\/\/vapestornado.com\/wp-content\/uploads\/2025\/03\/FIHP-Digital-Box-12000-Puff-Rechargeable-Vape.webp",800,800,false],"trp-custom-language-flag":["https:\/\/vapestornado.com\/wp-content\/uploads\/2025\/03\/FIHP-Digital-Box-12000-Puff-Rechargeable-Vape.webp",12,12,false],"woocommerce_thumbnail":["https:\/\/vapestornado.com\/wp-content\/uploads\/2025\/03\/FIHP-Digital-Box-12000-Puff-Rechargeable-Vape-300x300.webp",300,300,true],"woocommerce_single":["https:\/\/vapestornado.com\/wp-content\/uploads\/2025\/03\/FIHP-Digital-Box-12000-Puff-Rechargeable-Vape-600x600.webp",600,600,true],"woocommerce_gallery_thumbnail":["https:\/\/vapestornado.com\/wp-content\/uploads\/2025\/03\/FIHP-Digital-Box-12000-Puff-Rechargeable-Vape-100x100.webp",100,100,true]},"uagb_author_info":{"display_name":"ESAMY","author_link":"https:\/\/vapestornado.com\/hr\/author\/"},"uagb_comment_info":0,"uagb_excerpt":"FIHP Digital Box 12k 12000 Puff Disposable Vape Best Price FIHP Digital Box 12000 Screen Disposable Vape Wholelesale in Poland FIHP 12000 Digital Disposable Vape Box Best Flavor on Sale Add Amy's whatsapp to get right reply and discount price! WhatsApp: +86 17776015835 &nbsp;","_links":{"self":[{"href":"https:\/\/vapestornado.com\/hr\/wp-json\/wp\/v2\/product\/3862","targetHints":{"allow":["GET"]}}],"collection":[{"href":"https:\/\/vapestornado.com\/hr\/wp-json\/wp\/v2\/product"}],"about":[{"href":"https:\/\/vapestornado.com\/hr\/wp-json\/wp\/v2\/types\/product"}],"replies":[{"embeddable":true,"href":"https:\/\/vapestornado.com\/hr\/wp-json\/wp\/v2\/comments?post=3862"}],"wp:featuredmedia":[{"embeddable":true,"href":"https:\/\/vapestornado.com\/hr\/wp-json\/wp\/v2\/media\/3837"}],"wp:attachment":[{"href":"https:\/\/vapestornado.com\/hr\/wp-json\/wp\/v2\/media?parent=3862"}],"wp:term":[{"taxonomy":"product_brand","embeddable":true,"href":"https:\/\/vapestornado.com\/hr\/wp-json\/wp\/v2\/product_brand?post=3862"},{"taxonomy":"product_cat","embeddable":true,"href":"https:\/\/vapestornado.com\/hr\/wp-json\/wp\/v2\/product_cat?post=3862"},{"taxonomy":"product_tag","embeddable":true,"href":"https:\/\/vapestornado.com\/hr\/wp-json\/wp\/v2\/product_tag?post=3862"}],"curies":[{"name":"wp","href":"https:\/\/api.w.org\/{rel}","templated":true}]}}