{"id":3861,"date":"2025-03-16T09:21:11","date_gmt":"2025-03-16T09:21:11","guid":{"rendered":"https:\/\/vapestornado.com\/?post_type=product&#038;p=3861"},"modified":"2025-08-23T10:42:12","modified_gmt":"2025-08-23T10:42:12","slug":"waspe-fihp-30000-puffs-smart-screen-vape-2-5-nicotine-wholesal","status":"publish","type":"product","link":"https:\/\/vapestornado.com\/hr\/product\/waspe-fihp-30000-puffs-smart-screen-vape-2-5-nicotine-wholesal\/","title":{"rendered":"WASPE FIHP 30000 Puffs Vape s pametnim zaslonom 2% 5% Veleprodaja nikotina"},"content":{"rendered":"<h1 data-pm-slice=\"1 1 []\">WASPE FIHP 30000 Puffs Vape s pametnim zaslonom 2% 5% Veleprodaja nikotina<\/h1>\n<p data-start=\"293\" data-end=\"589\">Ovo <strong data-start=\"297\" data-end=\"341\">WASPE FIHP 30000 Udisaja Vape s Pametnim Zaslonom<\/strong> je dizajniran za europske veletrgovce i trgovce na malo koji tra\u017ee jednokratni ure\u0111aj bogat zna\u010dajkama i dugog vijeka trajanja. S do <strong data-start=\"453\" data-end=\"469\">30.000 puffova<\/strong>, a <strong data-start=\"473\" data-end=\"495\">28 ml spremnika za e-teku\u0107inu<\/strong>i <strong data-start=\"501\" data-end=\"530\">tehnologijom dvostruke mre\u017easte zavojnice<\/strong>, osigurava dosljednu paru i glatku isporuku okusa.<\/p>\n<p data-start=\"591\" data-end=\"734\">Pokre\u0107e ga <strong data-start=\"605\" data-end=\"636\">850mAh punjiva baterija<\/strong> sa <strong data-start=\"642\" data-end=\"666\">Type-C brzo punjenje<\/strong>, FIHP 30K smanjuje vrijeme zastoja. Nudi <strong data-start=\"711\" data-end=\"731\">dva na\u010dina vapinga<\/strong>:<\/p>\n<ul data-start=\"735\" data-end=\"875\">\n<li data-start=\"735\" data-end=\"791\">\n<p data-start=\"737\" data-end=\"791\"><strong data-start=\"737\" data-end=\"753\">Redovni Na\u010din<\/strong> za maksimalan broj udisaja (do 30K).<\/p>\n<\/li>\n<li data-start=\"792\" data-end=\"875\">\n<p data-start=\"794\" data-end=\"875\"><strong data-start=\"794\" data-end=\"808\">Pulsni na\u010din rada<\/strong> za pobolj\u0161anu gusto\u0107u pare i bogatiji okus (cca. 15K udisaja).<\/p>\n<\/li>\n<\/ul>\n<p data-start=\"877\" data-end=\"1104\">Ovo <strong data-start=\"881\" data-end=\"902\">LED pametni zaslon<\/strong> odr\u017eava korisnike informiranima o trajanju baterije, razinama e-teku\u0107ine i postavkama na\u010dina rada. S <strong data-start=\"981\" data-end=\"1003\">podesivi protok zraka<\/strong>, korisnici vapea mogu birati izme\u0111u \u010dvr\u0161\u0107eg povla\u010denja ili otvorenijeg udisaja, prilago\u0111avaju\u0107i se razli\u010ditim preferencijama.<\/p>\n<p data-start=\"1106\" data-end=\"1387\">Dostupno u <strong data-start=\"1119\" data-end=\"1151\">ja\u010dine nikotina od 2% i 5%<\/strong> i <strong data-start=\"1156\" data-end=\"1177\">16 opcija okusa<\/strong>, onda je <strong data-start=\"1183\" data-end=\"1206\">WASPE FIHP 30K Vape<\/strong> je prikladan za razli\u010dite potrebe kupaca. Za distributere, njegova kombinacija <strong data-start=\"1284\" data-end=\"1347\">kapaciteta, pametnih zna\u010dajki i konkurentnih veleprodajnih cijena<\/strong> \u010dini ga profitabilnim izborom u 2025.<\/p>\n<p><strong><span style=\"color: #ff0000;\">Dodajte Amy na WhatsApp za brzi odgovor i popust!<\/span><\/strong><\/p>\n<p><img fetchpriority=\"high\" decoding=\"async\" class=\"size-full wp-image-2932\" src=\"https:\/\/vapestornado.com\/wp-content\/uploads\/2024\/12\/Vape-Wholesale.jpg\" alt=\"Veleprodaja vejpova\" width=\"229\" height=\"300\" \/><\/p>\n<h3><a href=\"https:\/\/wa.me\/8617776015835\" target=\"_blank\" rel=\"noopener\"><span style=\"color: #ff0000;\"><strong>WhatsApp: +86 17776015835<\/strong><\/span><\/a><\/h3>\n<p>&nbsp;<\/p>\n<h2><strong>WASPE FIHP 30000 Puffs Klju\u010dne zna\u010dajke proizvoda<\/strong><\/h2>\n<p>\u2022 Napunjena 28ml e-teku\u0107ine<br \/>\n\u2022 Dvostruki na\u010din rada: Uobi\u010dajeno (30000 Puffs Vape)<br \/>\n\u2022 Ugra\u0111ena 850mAh baterija (punjiva putem Type-C)<br \/>\n\u2022 Dvostruke mre\u017easte zavojnice (1ohm+1ohm)<br \/>\n\u2022 LED zaslon za bateriju i e-teku\u0107inu<br \/>\n\u2022 Podesiv protok zraka<br \/>\n\u2022 Dostupno 16 okusa<\/p>\n<figure id=\"attachment_3844\" aria-describedby=\"caption-attachment-3844\" style=\"width: 800px\" class=\"wp-caption alignnone\"><img decoding=\"async\" class=\"wp-image-3844 size-full\" src=\"https:\/\/vapestornado.com\/wp-content\/uploads\/2025\/03\/WASPE-FIHP-30000-Puffs-Rechargeable-Disposable-Vape.jpg\" alt=\"WASPE FIHP 30000 Puffs Punjivi jednokratni vape\" width=\"800\" height=\"800\" srcset=\"https:\/\/vapestornado.com\/wp-content\/uploads\/2025\/03\/WASPE-FIHP-30000-Puffs-Rechargeable-Disposable-Vape.jpg 800w, https:\/\/vapestornado.com\/wp-content\/uploads\/2025\/03\/WASPE-FIHP-30000-Puffs-Rechargeable-Disposable-Vape-300x300.jpg 300w, https:\/\/vapestornado.com\/wp-content\/uploads\/2025\/03\/WASPE-FIHP-30000-Puffs-Rechargeable-Disposable-Vape-150x150.jpg 150w, https:\/\/vapestornado.com\/wp-content\/uploads\/2025\/03\/WASPE-FIHP-30000-Puffs-Rechargeable-Disposable-Vape-768x768.jpg 768w, https:\/\/vapestornado.com\/wp-content\/uploads\/2025\/03\/WASPE-FIHP-30000-Puffs-Rechargeable-Disposable-Vape-600x600.jpg 600w, https:\/\/vapestornado.com\/wp-content\/uploads\/2025\/03\/WASPE-FIHP-30000-Puffs-Rechargeable-Disposable-Vape-100x100.jpg 100w\" sizes=\"(max-width: 800px) 100vw, 800px\" \/><figcaption id=\"caption-attachment-3844\" class=\"wp-caption-text\">WASPE FIHP 30000 Puffs Punjivi jednokratni vape<\/figcaption><\/figure>\n<h2 class=\"product-title\"><strong>WASPE FIHP 30K Puffs Popis okusa pametnog vapea<\/strong><\/h2>\n<article class=\"group\/turn w-full text-token-text-primary focus-visible:outline-2 focus-visible:outline-offset-[-4px]\" dir=\"auto\" data-testid=\"conversation-turn-61\" data-scroll-anchor=\"true\">\n<div class=\"text-base my-auto mx-auto py-[18px] px-6\">\n<div class=\"mx-auto flex flex-1 text-base gap-4 md:gap-5 lg:gap-6 md:max-w-3xl lg:max-w-[40rem] xl:max-w-[48rem]\">\n<div class=\"group\/conversation-turn relative flex w-full min-w-0 flex-col agent-turn @xs\/thread:px-0 @sm\/thread:px-1.5 @md\/thread:px-4\">\n<div class=\"flex-col gap-1 md:gap-3\">\n<div class=\"flex max-w-full flex-col flex-grow\">\n<div class=\"min-h-8 text-message relative flex w-full flex-col items-end gap-2 whitespace-normal break-words text-start [.text-message+&amp;]:mt-5\" dir=\"auto\" data-message-author-role=\"assistant\" data-message-id=\"762d7e41-70d5-4ddf-94cb-85ef5025d3a8\" data-message-model-slug=\"gpt-4o\">\n<div class=\"flex w-full flex-col gap-1 empty:hidden first:pt-[3px]\">\n<div class=\"markdown prose w-full break-words dark:prose-invert light\">\n<p>1. Led od lubenice <strong><span style=\"color: #ff0000;\">&gt;&gt;&gt;&gt; Vru\u0107e!<\/span><\/strong><br \/>\n2. Tre\u0161nja Led<br \/>\n3.Ledeno gro\u017e\u0111e<br \/>\n4.Breskva bobi\u010dasto vo\u0107e <strong><span style=\"color: #ff0000;\">&gt;&gt;&gt;&gt; Vru\u0107e!<\/span><\/strong><br \/>\n5.Jagoda mango<br \/>\n6. Jagoda Kiwi<br \/>\n7.Mije\u0161ano bobi\u010dasto vo\u0107e<br \/>\n8.Borovnica malina <strong><span style=\"color: #ff0000;\">&gt;&gt;&gt;&gt; Vru\u0107e!<\/span><\/strong><br \/>\n9.Jagoda lubenica <strong><span style=\"color: #ff0000;\">&gt;&gt;&gt;&gt; Najbolje!<\/span><\/strong><br \/>\n10.Kivi marakuja guava<br \/>\n11.Jagoda Red Bull<br \/>\n12.Lubenica mango breskva <strong><span style=\"color: #ff0000;\">&gt;&gt;&gt;&gt; Vru\u0107e!<\/span><\/strong><br \/>\n13.Ledena dvostruka jabuka<br \/>\n14.Lubenica \u017evaka\u0107a guma<br \/>\n15.Jagoda malina tre\u0161nja <strong><span style=\"color: #ff0000;\">&gt;&gt;&gt;&gt; Vru\u0107e!<\/span><\/strong><br \/>\n16.Ledena borovnica<\/p>\n<\/div>\n<\/div>\n<\/div>\n<\/div>\n<\/div>\n<\/div>\n<\/div>\n<\/div>\n<\/article>\n<article class=\"w-full text-token-text-primary focus-visible:outline-2 focus-visible:outline-offset-[-4px]\" dir=\"auto\" data-testid=\"conversation-turn-32\" data-scroll-anchor=\"false\">\n<div class=\"m-auto text-base py-[18px] px-6\">\n<div class=\"mx-auto flex flex-1 text-base gap-4 md:gap-5 lg:gap-6 md:max-w-3xl lg:max-w-[40rem] xl:max-w-[48rem]\">\n<div class=\"group\/conversation-turn relative flex w-full min-w-0 flex-col @xs\/thread:px-0 @sm\/thread:px-1.5 @md\/thread:px-4\">\n<div class=\"flex-col gap-1 md:gap-3\">\n<div class=\"flex max-w-full flex-col flex-grow\">\n<div class=\"min-h-8 text-message flex w-full flex-col items-end gap-2 whitespace-normal break-words text-start [.text-message+&amp;]:mt-5\" dir=\"auto\" data-message-author-role=\"user\" data-message-id=\"ffac41ca-1db4-431b-873a-32c4052956f1\">\n<div class=\"flex w-full flex-col gap-1 empty:hidden items-end rtl:items-start\">\n<div class=\"relative max-w-[var(--user-chat-width,70%)] rounded-3xl bg-token-message-surface px-5 py-2.5\">\n<div class=\"absolute bottom-0 right-full top-0 -mr-3.5 hidden pr-5 pt-2 [.group\/conversation-turn:hover_&amp;]:flex\">\n<div class=\"flex\">\n<article class=\"w-full text-token-text-primary focus-visible:outline-2 focus-visible:outline-offset-[-4px]\" dir=\"auto\" data-testid=\"conversation-turn-39\" data-scroll-anchor=\"true\">\n<div class=\"m-auto text-base py-[18px] px-6\">\n<div class=\"mx-auto flex flex-1 text-base gap-4 md:gap-5 lg:gap-6 md:max-w-3xl lg:max-w-[40rem] xl:max-w-[48rem]\">\n<div class=\"group\/conversation-turn relative flex w-full min-w-0 flex-col agent-turn @xs\/thread:px-0 @sm\/thread:px-1.5 @md\/thread:px-4\">\n<div class=\"flex-col gap-1 md:gap-3\">\n<div class=\"flex max-w-full flex-col flex-grow\">\n<div class=\"min-h-8 text-message flex w-full flex-col items-end gap-2 whitespace-normal break-words text-start [.text-message+&amp;]:mt-5\" dir=\"auto\" data-message-author-role=\"assistant\" data-message-id=\"55a23854-ec57-48dd-bd4f-6118f43d6241\" data-message-model-slug=\"gpt-4o\">\n<div class=\"flex w-full flex-col gap-1 empty:hidden first:pt-[3px]\">\n<div class=\"markdown prose w-full break-words dark:prose-invert light\"><\/div>\n<\/div>\n<\/div>\n<\/div>\n<\/div>\n<\/div>\n<\/div>\n<\/div>\n<\/article>\n<\/div>\n<\/div>\n<\/div>\n<\/div>\n<\/div>\n<\/div>\n<\/div>\n<\/div>\n<\/div>\n<\/div>\n<\/article>\n<h2>Za\u0161to odabrati vapestornado za FIHP 30000 Puffs Smart Vape masovnu narud\u017ebu?<\/h2>\n<div class=\"flex-shrink-0 flex flex-col relative items-end\">\n<div class=\"pt-0\">\n<div class=\"gizmo-bot-avatar flex h-8 w-8 items-center justify-center overflow-hidden rounded-full\">\n<div class=\"relative p-1 rounded-sm flex items-center justify-center bg-token-main-surface-primary text-token-text-primary h-8 w-8\">\n<p>Kada je rije\u010d o <strong data-start=\"97\" data-end=\"127\">veleprodaja jednokratnih vapeova<\/strong>, <strong data-start=\"129\" data-end=\"162\">Vapestornado online vape trgovinu<\/strong> je va\u0161a krajnja destinacija! Nudimo <strong data-start=\"202\" data-end=\"230\">konkurentne cijene za velike koli\u010dine<\/strong>, osiguravaju\u0107i vam najbolje ponude za <strong data-start=\"271\" data-end=\"302\">FIHP 30000 Pufova Pametna Vape<\/strong> bez kompromisa u kvaliteti. Uz <strong data-start=\"338\" data-end=\"355\">brzu dostavu<\/strong>, <strong data-start=\"357\" data-end=\"380\">sigurne transakcije<\/strong>, i \u0161irok izbor <strong data-start=\"406\" data-end=\"434\">popularnijih jednokratnih vapeova<\/strong>, \u010dinimo kupovinu na veliko jednostavnom. Plus, na\u0161 <strong data-start=\"483\" data-end=\"508\">tim za korisni\u010dku podr\u0161ku<\/strong> je uvijek spreman pomo\u0107i s va\u0161im veleprodajnim upitima. Bez obzira jeste li trgovac na malo ili distributer, <strong data-start=\"608\" data-end=\"650\">Vapestornado pru\u017ea nenadma\u0161nu vrijednost<\/strong> o visokoj kvaliteti <strong data-start=\"667\" data-end=\"708\">punjive vape ure\u0111aje s pametnim zaslonima<\/strong>. Naru\u010dite danas i opskrbite se najnovijim <strong data-start=\"749\" data-end=\"782\">dugotrajnim jednokratnim vape ure\u0111ajima<\/strong> po najboljim cijenama!<\/p>\n<\/div>\n<h3><\/h3>\n<div class=\"relative p-1 rounded-sm flex items-center justify-center bg-token-main-surface-primary text-token-text-primary h-8 w-8\">\n<h2>\u010cesto postavljana pitanja za WASPE30000 Puffs Smart Disposable E-Cigarette<\/h2>\n<p data-start=\"1945\" data-end=\"2182\"><strong data-start=\"1945\" data-end=\"2010\">1. Koliko dugo traje FIHP 30000 Puffs Smart Screen Vape?<\/strong><br data-start=\"2010\" data-end=\"2013\" \/>\u017divotni vijek ovisi o va\u0161em stilu vapinga. U <strong data-start=\"2059\" data-end=\"2075\">Redovni Na\u010din<\/strong>, dobivate do <strong data-start=\"2091\" data-end=\"2107\">30.000 puffova<\/strong>, dok <strong data-start=\"2115\" data-end=\"2129\">Pulsni na\u010din rada<\/strong> pru\u017ea <strong data-start=\"2139\" data-end=\"2155\">15.000 udisaja<\/strong> s poja\u010danim okusom.<\/p>\n<p data-start=\"2184\" data-end=\"2353\"><strong data-start=\"2184\" data-end=\"2221\">2. Mogu li napuniti FIHP 30000?<\/strong><br data-start=\"2221\" data-end=\"2224\" \/>Da! Ovaj vape ima <strong data-start=\"2251\" data-end=\"2282\">850mAh punjiva baterija<\/strong> i koristi <strong data-start=\"2294\" data-end=\"2318\">Type-C priklju\u010dak za punjenje<\/strong> za brzo i u\u010dinkovito punjenje.<\/p>\n<p data-start=\"2355\" data-end=\"2561\"><strong data-start=\"2355\" data-end=\"2402\">3. Koja je prednost pametnog zaslona?<\/strong><br data-start=\"2402\" data-end=\"2405\" \/>Ovo <strong data-start=\"2409\" data-end=\"2430\">LED pametni zaslon<\/strong> prati va\u0161 <strong data-start=\"2451\" data-end=\"2499\">vijek trajanja baterije, razinu e-teku\u0107ine i broj udisaja<\/strong>, pru\u017eaju\u0107i podatke u stvarnom vremenu za besprijekorno iskustvo vapinga.<\/p>\n<p data-start=\"2563\" data-end=\"2758\"><strong data-start=\"2563\" data-end=\"2614\">4. Ima li FIHP 30000 podesivi protok zraka?<\/strong><br data-start=\"2614\" data-end=\"2617\" \/>Da! Mo\u017eete promijeniti <strong data-start=\"2641\" data-end=\"2660\">postavku protoka zraka<\/strong> kako biste dobili <strong data-start=\"2670\" data-end=\"2696\">\u010dvr\u0161\u0107i ili labaviji udah<\/strong>, pobolj\u0161avaju\u0107i svoje iskustvo vapinga kako bi odgovaralo va\u0161im \u017eeljama.<\/p>\n<p data-start=\"2760\" data-end=\"2995\"><strong data-start=\"2760\" data-end=\"2818\">5. Gdje mogu kupiti FIHP 30000 po veleprodajnim cijenama?<\/strong><br data-start=\"2818\" data-end=\"2821\" \/>Za <strong data-start=\"2825\" data-end=\"2863\">kupovinu na veliko i veleprodajne ponude<\/strong>, posjetite <strong data-start=\"2871\" data-end=\"2904\">Vapestornado online vape trgovinu<\/strong> \u2013 va\u0161 pouzdan izvor za <strong data-start=\"2931\" data-end=\"2962\">povoljne jednokratne vape ure\u0111aje<\/strong> sa <strong data-start=\"2968\" data-end=\"2992\">vrhunske performanse<\/strong>.<\/p>\n<\/div>\n<\/div>\n<\/div>\n<\/div>","protected":false},"excerpt":{"rendered":"<p>Ovo <strong data-start=\"1431\" data-end=\"1462\">WASPE FIHP 30000 Udisaja Vape<\/strong> sadr\u017ei dvostruke na\u010dine vapinga, pametni zaslon za nadzor i 28 ml e-teku\u0107ine. Sna\u017ena opcija za punjenje za <strong data-start=\"1570\" data-end=\"1606\">veleprodajna tr\u017ei\u0161ta vapea u Europi<\/strong>.<\/p>\n<p><strong>Dodajte Amy na WhatsApp za brzi odgovor i popust!<\/strong><\/p>\n<p><img fetchpriority=\"high\" decoding=\"async\" class=\"size-full wp-image-2932\" src=\"https:\/\/vapestornado.com\/wp-content\/uploads\/2024\/12\/Vape-Wholesale.jpg\" alt=\"Veleprodaja vejpova\" width=\"229\" height=\"300\" \/><\/p>\n<h3><a href=\"https:\/\/wa.me\/8617776015835\"><span style=\"color: #ff0000;\"><strong>WhatsApp: +86 17776015835<\/strong><\/span><\/a><\/h3>\n<p>&nbsp;<\/p>","protected":false},"featured_media":3840,"comment_status":"open","ping_status":"closed","template":"","meta":{"_acf_changed":false,"_uag_custom_page_level_css":"","_lmt_disableupdate":"no","_lmt_disable":"","_monsterinsights_skip_tracking":false,"_monsterinsights_sitenote_active":false,"_monsterinsights_sitenote_note":"","_monsterinsights_sitenote_category":0,"site-sidebar-layout":"default","site-content-layout":"","ast-site-content-layout":"default","site-content-style":"default","site-sidebar-style":"default","ast-global-header-display":"","ast-banner-title-visibility":"","ast-main-header-display":"","ast-hfb-above-header-display":"","ast-hfb-below-header-display":"","ast-hfb-mobile-header-display":"","site-post-title":"","ast-breadcrumbs-content":"","ast-featured-img":"","footer-sml-layout":"","ast-disable-related-posts":"","theme-transparent-header-meta":"default","adv-header-id-meta":"","stick-header-meta":"","header-above-stick-meta":"","header-main-stick-meta":"","header-below-stick-meta":"","astra-migrate-meta-layouts":"set","ast-page-background-enabled":"default","ast-page-background-meta":{"desktop":{"background-color":"","background-image":"","background-repeat":"repeat","background-position":"center center","background-size":"auto","background-attachment":"scroll","background-type":"","background-media":"","overlay-type":"","overlay-color":"","overlay-opacity":"","overlay-gradient":""},"tablet":{"background-color":"","background-image":"","background-repeat":"repeat","background-position":"center center","background-size":"auto","background-attachment":"scroll","background-type":"","background-media":"","overlay-type":"","overlay-color":"","overlay-opacity":"","overlay-gradient":""},"mobile":{"background-color":"","background-image":"","background-repeat":"repeat","background-position":"center center","background-size":"auto","background-attachment":"scroll","background-type":"","background-media":"","overlay-type":"","overlay-color":"","overlay-opacity":"","overlay-gradient":""}},"ast-content-background-meta":{"desktop":{"background-color":"var(--ast-global-color-5)","background-image":"","background-repeat":"repeat","background-position":"center center","background-size":"auto","background-attachment":"scroll","background-type":"","background-media":"","overlay-type":"","overlay-color":"","overlay-opacity":"","overlay-gradient":""},"tablet":{"background-color":"var(--ast-global-color-5)","background-image":"","background-repeat":"repeat","background-position":"center center","background-size":"auto","background-attachment":"scroll","background-type":"","background-media":"","overlay-type":"","overlay-color":"","overlay-opacity":"","overlay-gradient":""},"mobile":{"background-color":"var(--ast-global-color-5)","background-image":"","background-repeat":"repeat","background-position":"center center","background-size":"auto","background-attachment":"scroll","background-type":"","background-media":"","overlay-type":"","overlay-color":"","overlay-opacity":"","overlay-gradient":""}},"_joinchat":{"telephone":"17776015835"}},"product_brand":[],"product_cat":[19,67,151,154,142,146,60],"product_tag":[105,97,250,94,241,93,101,255],"class_list":{"0":"post-3861","1":"product","2":"type-product","3":"status-publish","4":"has-post-thumbnail","6":"product_cat-vapes","7":"product_cat-30000-puff","8":"product_cat-buy-disposable-vapes-in-france","9":"product_cat-buy-disposable-vapes-in-netherlands","10":"product_cat-digital-box-disposable-vapes","11":"product_cat-rechargeable-disposable-vapes","12":"product_cat-waspe-fihp-vape","13":"product_tag-digital-disposable-vape","14":"product_tag-hot-sale-disposable-vape","15":"product_tag-puff-30k","16":"product_tag-rechargeable-disposable-vape","17":"product_tag-smart-screen-disposable-vape","18":"product_tag-vape-wholesale","19":"product_tag-waspe-30k","20":"product_tag-waspe-fihp-30000","21":"desktop-align-left","22":"tablet-align-left","23":"mobile-align-left","25":"first","26":"instock","27":"sale","28":"shipping-taxable","29":"purchasable","30":"product-type-simple"},"acf":[],"uagb_featured_image_src":{"full":["https:\/\/vapestornado.com\/wp-content\/uploads\/2025\/03\/Wasp-FIHP-30000-Puffs-Vape-30k-Popular-Flavours.jpg",800,800,false],"thumbnail":["https:\/\/vapestornado.com\/wp-content\/uploads\/2025\/03\/Wasp-FIHP-30000-Puffs-Vape-30k-Popular-Flavours-150x150.jpg",150,150,true],"medium":["https:\/\/vapestornado.com\/wp-content\/uploads\/2025\/03\/Wasp-FIHP-30000-Puffs-Vape-30k-Popular-Flavours-300x300.jpg",300,300,true],"medium_large":["https:\/\/vapestornado.com\/wp-content\/uploads\/2025\/03\/Wasp-FIHP-30000-Puffs-Vape-30k-Popular-Flavours-768x768.jpg",768,768,true],"large":["https:\/\/vapestornado.com\/wp-content\/uploads\/2025\/03\/Wasp-FIHP-30000-Puffs-Vape-30k-Popular-Flavours.jpg",800,800,false],"1536x1536":["https:\/\/vapestornado.com\/wp-content\/uploads\/2025\/03\/Wasp-FIHP-30000-Puffs-Vape-30k-Popular-Flavours.jpg",800,800,false],"2048x2048":["https:\/\/vapestornado.com\/wp-content\/uploads\/2025\/03\/Wasp-FIHP-30000-Puffs-Vape-30k-Popular-Flavours.jpg",800,800,false],"trp-custom-language-flag":["https:\/\/vapestornado.com\/wp-content\/uploads\/2025\/03\/Wasp-FIHP-30000-Puffs-Vape-30k-Popular-Flavours.jpg",12,12,false],"woocommerce_thumbnail":["https:\/\/vapestornado.com\/wp-content\/uploads\/2025\/03\/Wasp-FIHP-30000-Puffs-Vape-30k-Popular-Flavours-300x300.jpg",300,300,true],"woocommerce_single":["https:\/\/vapestornado.com\/wp-content\/uploads\/2025\/03\/Wasp-FIHP-30000-Puffs-Vape-30k-Popular-Flavours-600x600.jpg",600,600,true],"woocommerce_gallery_thumbnail":["https:\/\/vapestornado.com\/wp-content\/uploads\/2025\/03\/Wasp-FIHP-30000-Puffs-Vape-30k-Popular-Flavours-100x100.jpg",100,100,true]},"uagb_author_info":{"display_name":"ESAMY","author_link":"https:\/\/vapestornado.com\/hr\/author\/"},"uagb_comment_info":0,"uagb_excerpt":"The WASPE FIHP 30000 Puffs Vape features dual vaping modes, smart screen monitoring, and 28ml e-liquid. A powerful rechargeable option for wholesale vape markets in Europe. Add Amy's whatsapp to get right reply and discount price! WhatsApp: +86 17776015835 &nbsp;","_links":{"self":[{"href":"https:\/\/vapestornado.com\/hr\/wp-json\/wp\/v2\/product\/3861","targetHints":{"allow":["GET"]}}],"collection":[{"href":"https:\/\/vapestornado.com\/hr\/wp-json\/wp\/v2\/product"}],"about":[{"href":"https:\/\/vapestornado.com\/hr\/wp-json\/wp\/v2\/types\/product"}],"replies":[{"embeddable":true,"href":"https:\/\/vapestornado.com\/hr\/wp-json\/wp\/v2\/comments?post=3861"}],"wp:featuredmedia":[{"embeddable":true,"href":"https:\/\/vapestornado.com\/hr\/wp-json\/wp\/v2\/media\/3840"}],"wp:attachment":[{"href":"https:\/\/vapestornado.com\/hr\/wp-json\/wp\/v2\/media?parent=3861"}],"wp:term":[{"taxonomy":"product_brand","embeddable":true,"href":"https:\/\/vapestornado.com\/hr\/wp-json\/wp\/v2\/product_brand?post=3861"},{"taxonomy":"product_cat","embeddable":true,"href":"https:\/\/vapestornado.com\/hr\/wp-json\/wp\/v2\/product_cat?post=3861"},{"taxonomy":"product_tag","embeddable":true,"href":"https:\/\/vapestornado.com\/hr\/wp-json\/wp\/v2\/product_tag?post=3861"}],"curies":[{"name":"wp","href":"https:\/\/api.w.org\/{rel}","templated":true}]}}