{"id":3788,"date":"2025-02-18T03:50:57","date_gmt":"2025-02-18T03:50:57","guid":{"rendered":"https:\/\/vapestornado.com\/?post_type=product&#038;p=3788"},"modified":"2025-08-23T09:28:52","modified_gmt":"2025-08-23T09:28:52","slug":"jnr-nicotine-pouches-25mg-15-flavours-shop-online-lower-price","status":"publish","type":"product","link":"https:\/\/vapestornado.com\/hr\/product\/jnr-nicotine-pouches-25mg-15-flavours-shop-online-lower-price\/","title":{"rendered":"JNR Nikotinske vre\u0107ice 25mg 15+ Okusa Kupite online Ni\u017ea cijena"},"content":{"rendered":"<h1 class=\"product-title\">JNR Nikotinske vre\u0107ice 25mg 15+ Okusa Kupite online Ni\u017ea cijena<\/h1>\n<p data-start=\"263\" data-end=\"535\">Ovo <strong data-start=\"267\" data-end=\"296\">JNR Nikotinske vre\u0107ice 25mg<\/strong> su dizajnirani za korisnike koji \u017eele sna\u017eno i u\u010dinkovito nikotinsko iskustvo bez pu\u0161enja ili vapinga. Svaka vre\u0107ica sadr\u017ei <strong data-start=\"419\" data-end=\"439\">25 mg nikotina<\/strong>, pru\u017eaju\u0107i brzo i sna\u017eno osloba\u0111anje idealno za iskusne korisnike koji tra\u017ee intenzitet i fokus.<\/p>\n<p data-start=\"537\" data-end=\"781\">Izra\u0111ene od <strong data-start=\"547\" data-end=\"583\">vlakana biljnog podrijetla bez duhana<\/strong>, ove tanke vre\u0107ice udobno pristaju ispod gornje usne bez nereda, pljuvanja i neugodnih mirisa. Diskretan dizajn olak\u0161ava upotrebu u bilo koje vrijeme\u2014na poslu, u pokretu ili u dru\u0161tvenim okru\u017eenjima.<\/p>\n<p data-start=\"783\" data-end=\"1056\">Dostupno u <strong data-start=\"796\" data-end=\"811\">15+ okusa<\/strong> uklju\u010duju\u0107i mentu, citrus i bobi\u010dasto vo\u0107e, <strong data-start=\"851\" data-end=\"880\">JNR 25mg nikotinske vre\u0107ice<\/strong> kombiniraju snagu s osvje\u017eavaju\u0107im okusom. Nude prakti\u010dnu alternativu bez dima za sve koji tra\u017ee visokokvalitetnu, sna\u017enu opciju nikotina po konkurentnoj cijeni.<\/p>\n<p><strong>Dodajte Amy na WhatsApp za brzi odgovor i popust!<\/strong><\/p>\n<p><img fetchpriority=\"high\" decoding=\"async\" class=\"size-full wp-image-2932\" src=\"https:\/\/vapestornado.com\/wp-content\/uploads\/2024\/12\/Vape-Wholesale.jpg\" alt=\"Veleprodaja vejpova\" width=\"229\" height=\"300\" \/><\/p>\n<h3><a href=\"https:\/\/wa.me\/8617776015835\" target=\"_blank\" rel=\"noopener\"><span style=\"color: #ff0000;\"><strong>WhatsApp: +86 17776015835<\/strong><\/span><\/a><\/h3>\n<p>&nbsp;<\/p>\n<h2><strong>Zna\u010dajke proizvoda JNR Nikotinske vre\u0107ice 25mg<\/strong><\/h2>\n<p>Brend: JNR<br \/>\nJa\u010dina nikotina: 25 mg po vre\u0107ici<br \/>\nBroj vre\u0107ica: 20 komada po kutiji<\/p>\n<figure id=\"attachment_3773\" aria-describedby=\"caption-attachment-3773\" style=\"width: 1000px\" class=\"wp-caption alignnone\"><img decoding=\"async\" class=\"wp-image-3773 size-full\" src=\"https:\/\/vapestornado.com\/wp-content\/uploads\/2025\/02\/Hot-Selling-JNR-Nicotine-Pouches-25mg.webp\" alt=\"Najprodavanije JNR Nikotinske vre\u0107ice 25mg\" width=\"1000\" height=\"1000\" srcset=\"https:\/\/vapestornado.com\/wp-content\/uploads\/2025\/02\/Hot-Selling-JNR-Nicotine-Pouches-25mg.webp 1000w, https:\/\/vapestornado.com\/wp-content\/uploads\/2025\/02\/Hot-Selling-JNR-Nicotine-Pouches-25mg-300x300.webp 300w, https:\/\/vapestornado.com\/wp-content\/uploads\/2025\/02\/Hot-Selling-JNR-Nicotine-Pouches-25mg-150x150.webp 150w, https:\/\/vapestornado.com\/wp-content\/uploads\/2025\/02\/Hot-Selling-JNR-Nicotine-Pouches-25mg-768x768.webp 768w, https:\/\/vapestornado.com\/wp-content\/uploads\/2025\/02\/Hot-Selling-JNR-Nicotine-Pouches-25mg-600x600.webp 600w, https:\/\/vapestornado.com\/wp-content\/uploads\/2025\/02\/Hot-Selling-JNR-Nicotine-Pouches-25mg-100x100.webp 100w\" sizes=\"(max-width: 1000px) 100vw, 1000px\" \/><figcaption id=\"caption-attachment-3773\" class=\"wp-caption-text\">Najprodavanije JNR Nikotinske vre\u0107ice 25mg<\/figcaption><\/figure>\n<h2 class=\"product-title\"><strong>Popis okusa JNR Nikotinske vre\u0107ice 25mg<\/strong><\/h2>\n<ol data-start=\"59\" data-end=\"318\" data-is-last-node=\"\">\n<li data-start=\"59\" data-end=\"76\">Crna Tre\u0161nja<\/li>\n<li data-start=\"77\" data-end=\"95\">Plava malina led<\/li>\n<li data-start=\"96\" data-end=\"115\">Borovnica menta<\/li>\n<li data-start=\"116\" data-end=\"135\">Citrus hla\u0111enje<\/li>\n<li data-start=\"136\" data-end=\"151\">Gazirana Cola<\/li>\n<li data-start=\"152\" data-end=\"163\">Ledeno<\/li>\n<li data-start=\"164\" data-end=\"177\">Ledena hladno\u0107a<\/li>\n<li data-start=\"178\" data-end=\"191\">Ledena menta<\/li>\n<li data-start=\"192\" data-end=\"210\">Ledena metvica<\/li>\n<li data-start=\"211\" data-end=\"228\">Mije\u0161ano bobi\u010dasto vo\u0107e<\/li>\n<li data-start=\"229\" data-end=\"246\">Meka karamela<\/li>\n<li data-start=\"247\" data-end=\"267\">Jagoda led<\/li>\n<li data-start=\"268\" data-end=\"282\">Troposko vo\u0107e<\/li>\n<li data-start=\"283\" data-end=\"299\">Dvostruka jabuka<\/li>\n<li data-start=\"300\" data-end=\"318\" data-is-last-node=\"\">Lubenica led<\/li>\n<\/ol>\n<h3 class=\"product-title\">Jesu li nikotinske vre\u0107ice korisne?<\/h3>\n<article class=\"w-full text-token-text-primary focus-visible:outline-2 focus-visible:outline-offset-[-4px]\" dir=\"auto\" data-testid=\"conversation-turn-32\" data-scroll-anchor=\"false\">\n<div class=\"m-auto text-base py-[18px] px-6\">\n<div class=\"mx-auto flex flex-1 text-base gap-4 md:gap-5 lg:gap-6 md:max-w-3xl lg:max-w-[40rem] xl:max-w-[48rem]\">\n<div class=\"group\/conversation-turn relative flex w-full min-w-0 flex-col @xs\/thread:px-0 @sm\/thread:px-1.5 @md\/thread:px-4\">\n<div class=\"flex-col gap-1 md:gap-3\">\n<div class=\"flex max-w-full flex-col flex-grow\">\n<div class=\"min-h-8 text-message flex w-full flex-col items-end gap-2 whitespace-normal break-words text-start [.text-message+&amp;]:mt-5\" dir=\"auto\" data-message-author-role=\"user\" data-message-id=\"ffac41ca-1db4-431b-873a-32c4052956f1\">\n<div class=\"flex w-full flex-col gap-1 empty:hidden items-end rtl:items-start\">\n<div class=\"relative max-w-[var(--user-chat-width,70%)] rounded-3xl bg-token-message-surface px-5 py-2.5\">\n<div class=\"absolute bottom-0 right-full top-0 -mr-3.5 hidden pr-5 pt-2 [.group\/conversation-turn:hover_&amp;]:flex\">\n<div class=\"flex\"><\/div>\n<\/div>\n<\/div>\n<\/div>\n<\/div>\n<\/div>\n<\/div>\n<\/div>\n<\/div>\n<\/div>\n<\/article>\n<article class=\"w-full text-token-text-primary focus-visible:outline-2 focus-visible:outline-offset-[-4px]\" dir=\"auto\" data-testid=\"conversation-turn-33\" data-scroll-anchor=\"true\">\n<div class=\"m-auto text-base py-[18px] px-6\">\n<div class=\"mx-auto flex flex-1 text-base gap-4 md:gap-5 lg:gap-6 md:max-w-3xl lg:max-w-[40rem] xl:max-w-[48rem]\">\n<div class=\"group\/conversation-turn relative flex w-full min-w-0 flex-col agent-turn @xs\/thread:px-0 @sm\/thread:px-1.5 @md\/thread:px-4\">\n<div class=\"flex-col gap-1 md:gap-3\">\n<div class=\"flex max-w-full flex-col flex-grow\">\n<div class=\"min-h-8 text-message flex w-full flex-col items-end gap-2 whitespace-normal break-words text-start [.text-message+&amp;]:mt-5\" dir=\"auto\" data-message-author-role=\"assistant\" data-message-id=\"e542e950-e3a5-4b1a-98f8-7584a2f9bc41\" data-message-model-slug=\"gpt-4o\">\n<div class=\"flex w-full flex-col gap-1 empty:hidden first:pt-[3px]\">\n<div class=\"markdown prose w-full break-words dark:prose-invert light\">\n<article class=\"w-full text-token-text-primary focus-visible:outline-2 focus-visible:outline-offset-[-4px]\" dir=\"auto\" data-testid=\"conversation-turn-35\" data-scroll-anchor=\"true\">\n<div class=\"m-auto text-base py-[18px] px-6\">\n<div class=\"mx-auto flex flex-1 text-base gap-4 md:gap-5 lg:gap-6 md:max-w-3xl lg:max-w-[40rem] xl:max-w-[48rem]\">\n<div class=\"group\/conversation-turn relative flex w-full min-w-0 flex-col agent-turn @xs\/thread:px-0 @sm\/thread:px-1.5 @md\/thread:px-4\">\n<div class=\"flex-col gap-1 md:gap-3\">\n<div class=\"flex max-w-full flex-col flex-grow\">\n<div class=\"min-h-8 text-message flex w-full flex-col items-end gap-2 whitespace-normal break-words text-start [.text-message+&amp;]:mt-5\" dir=\"auto\" data-message-author-role=\"assistant\" data-message-id=\"19ad7ab6-95d5-4367-834a-f160e402f0d6\" data-message-model-slug=\"gpt-4o\">\n<div class=\"flex w-full flex-col gap-1 empty:hidden first:pt-[3px]\">\n<div class=\"markdown prose w-full break-words dark:prose-invert light\">\n<p>Za pu\u0161a\u010de koji poku\u0161avaju prestati, nikotinske vre\u0107ice pru\u017eaju \u010di\u0161\u0107u alternativu bez duhana. Iako sam nikotin mo\u017ee imati zdravstvene rizike, vre\u0107ice eliminiraju \u0161tetne u\u010dinke pu\u0161enja, \u010dine\u0107i ih zdravijom opcijom za sada\u0161nje pu\u0161a\u010de koji \u017eele smanjiti \u0161tetu. Pu\u0161enje se smatra najnezdravijim na\u010dinom konzumiranja nikotina, tako da prelazak na nikotinske vre\u0107ice mo\u017ee biti pozitivan korak za korisnike koji brinu o zdravlju.<\/p>\n<\/div>\n<\/div>\n<\/div>\n<\/div>\n<\/div>\n<\/div>\n<\/div>\n<\/div>\n<\/article>\n<\/div>\n<\/div>\n<\/div>\n<\/div>\n<\/div>\n<\/div>\n<\/div>\n<\/div>\n<\/article>\n<h3>Za\u0161to odabrati vapestornado za veleprodaju JNR nikotinskih vre\u0107ica?<\/h3>\n<div class=\"flex-shrink-0 flex flex-col relative items-end\">\n<div class=\"pt-0\">\n<div class=\"gizmo-bot-avatar flex h-8 w-8 items-center justify-center overflow-hidden rounded-full\">\n<div class=\"relative p-1 rounded-sm flex items-center justify-center bg-token-main-surface-primary text-token-text-primary h-8 w-8\">\n<p>Dobrodo\u0161li u vapestornado, va\u0161u pouzdanu online trgovinu za vrhunske jednokratne vape. S vi\u0161e od 5 godina iskustva, donosimo vam popularne marke jednokratnih vapea kao \u0161to su Fumot RandM Vape, Vapme, Bang Vape, Waspe Vape i WGA Vape, itd.<\/p>\n<p>Na\u0161 asortiman uklju\u010duje jednokratne vape s dva okusa koji su u prodaji, kao \u0161to su <a href=\"https:\/\/vapestornado.com\/hr\/product\/bang-king-35k-35000-puffs-2-in-1-dual-flavour-disposable-vape-wholesale-cheap-price\/\">Bang King 35k 35000 uvla\u010denja<\/a>, <a href=\"https:\/\/vapestornado.com\/hr\/product\/waspe-crystal-40000-puffs-40k-double-flavor-rechargeable-disposable-vapes-cheap-price\/\">WASPE Crystal 40k Dvostruki Okus<\/a> i izbora bogatih okusa poput <a href=\"https:\/\/vapestornado.com\/hr\/product\/razzbar-15000-puffs-rechargeable-disposable-vape-bulk-buy-at-cheap-prices\/\">RAZZBAR 15000 Uvla\u010denja<\/a>. Svaki proizvod odabran je s fokusom na kvalitetu, vrijednost i raznolikost, osiguravaju\u0107i da prona\u0111ete savr\u0161eno podudaranje za svoje potrebe. Otkrijte iznimnu uslugu i \u0161irok spektar vrhunskih proizvoda po veleprodajnoj cijeni na vapestornado.<\/p>\n<\/div>\n<h3><\/h3>\n<div class=\"relative p-1 rounded-sm flex items-center justify-center bg-token-main-surface-primary text-token-text-primary h-8 w-8\">\n<h3>\u010cesto postavljana pitanja za JNR nikotinske vre\u0107ice<\/h3>\n<\/div>\n<\/div>\n<\/div>\n<\/div>\n<div class=\"flex-shrink-0 flex flex-col relative items-end\">\n<div class=\"pt-0\">\n<div class=\"gizmo-bot-avatar flex h-8 w-8 items-center justify-center overflow-hidden rounded-full\">\n<div class=\"relative p-1 rounded-sm flex items-center justify-center bg-token-main-surface-primary text-token-text-primary h-8 w-8\">\n<div class=\"mb-2 flex gap-3 empty:hidden -ml-2\">\n<p data-start=\"42\" data-end=\"510\"><strong data-start=\"42\" data-end=\"152\">1. Koje su klju\u010dne prednosti kori\u0161tenja JNR 25mg nikotinskih vre\u0107ica u usporedbi s tradicionalnim pu\u0161enjem ili vapingom?<\/strong><br data-start=\"152\" data-end=\"155\" \/>JNR 25mg nikotinske vre\u0107ice nude \u010di\u0161\u0107e i diskretnije iskustvo nikotina bez potrebe za pu\u0161enjem ili vapingom. Napravljene od sastojaka bez duhana, pru\u017eaju opciju konzumacije nikotina bez dima i mirisa. Tanka i prenosiva vre\u0107ica mo\u017ee se koristiti bilo kada i bilo gdje, \u0161to ih \u010dini prikladnom alternativom tradicionalnim duhanskim proizvodima.<\/p>\n<p data-start=\"512\" data-end=\"893\"><strong data-start=\"512\" data-end=\"625\">2. Koliko dugo traje osje\u0107aj trnaca prilikom kori\u0161tenja JNR nikotinske vre\u0107ice i \u0161to on zna\u010di?<\/strong><br data-start=\"625\" data-end=\"628\" \/>Kada stavite JNR 25mg nikotinsku vre\u0107icu ispod usne, osjetit \u0107ete osje\u0107aj trnaca koji obi\u010dno traje oko 15 minuta. Taj osje\u0107aj ukazuje na osloba\u0111anje nikotina i znak je da vre\u0107ica radi kako se o\u010dekuje, pru\u017eaju\u0107i sna\u017ean nikotinski udar.<\/p>\n<p data-start=\"895\" data-end=\"1290\"><strong data-start=\"895\" data-end=\"995\">3. Mogu li JNR 25mg nikotinske vre\u0107ice pomo\u0107i pu\u0161a\u010dima da prestanu i \u0161to ih \u010dini zdravijom alternativom?<\/strong><br data-start=\"995\" data-end=\"998\" \/>Da, JNR nikotinske vre\u0107ice mogu pomo\u0107i pu\u0161a\u010dima da prestanu jer pru\u017eaju opciju unosa nikotina bez duhana i dima. Budu\u0107i da ne sadr\u017ee duhan, uklanjaju \u0161tetne u\u010dinke pu\u0161enja, \u0161to ih \u010dini zdravijom alternativom za one koji poku\u0161avaju smanjiti ili prestati koristiti duhan.<\/p>\n<p data-start=\"1292\" data-end=\"1826\"><strong data-start=\"1292\" data-end=\"1409\">4. Koji su okusi dostupni za JNR 25mg nikotinske vre\u0107ice i koji nudi najosvje\u017eavaju\u0107e iskustvo?<\/strong><br data-start=\"1409\" data-end=\"1412\" \/>JNR nikotinske vre\u0107ice dostupne su u raznim osvje\u017eavaju\u0107im okusima, uklju\u010duju\u0107i crnu tre\u0161nju, plavu malinu, mentu borovnice, citrusno hla\u0111enje, mije\u0161ano bobi\u010dasto vo\u0107e, jagodu s ledom i vi\u0161e. Za osvje\u017eavaju\u0107e iskustvo, mnogi korisnici u\u017eivaju u osje\u0107aju hla\u0111enja okusa poput ledene mente, plave maline i jagode s ledom.<\/p>\n<p data-start=\"1828\" data-end=\"2274\" data-is-last-node=\"\"><strong data-start=\"1828\" data-end=\"1932\">5. Kako trebam pravilno postaviti JNR nikotinsku vre\u0107icu za najudobniju i naju\u010dinkovitiju upotrebu?<\/strong><br data-start=\"1932\" data-end=\"1935\" \/>Za kori\u0161tenje JNR nikotinske vre\u0107ice, jednostavno stavite jednu vre\u0107icu ispod gornje ili donje usne. U\u010dinci \u0107e se po\u010deti osje\u0107ati u roku od nekoliko minuta. Diskretan dizajn omogu\u0107uje vam da u\u017eivate u nikotinu bez nereda ili jakog mirisa.<\/p>\n<h2>Kako naru\u010diti?<\/h2>\n<p><strong>1. Koje na\u010dine pla\u0107anja prihva\u0107ate?<\/strong><br \/>\nPrihva\u0107amo prijenos IBAN-om i <span style=\"font-size: 16px;\">Western Union<\/span>\u00a0za sigurne i prakti\u010dne transakcije.<\/p>\n<p><strong>2. Kako mogu pratiti svoju narud\u017ebu?<\/strong><br \/>\nNakon \u0161to va\u0161a narud\u017eba bude poslana, <span class=\"selectable-text copyable-text false\">nastavit \u0107emo a\u017eurirati pra\u0107enje po\u0161iljke dok ne primite po\u0161iljku<\/span>.<\/p>\n<p><strong>3. Koje je procijenjeno vrijeme dostave?<\/strong><\/p>\n<ul>\n<li>Dostava iz <strong>Kineskih skladi\u0161ta<\/strong> traje otprilike <strong>7-14 radnih dana<\/strong>.<\/li>\n<li>Dostava iz <strong>Europskih skladi\u0161ta<\/strong> obi\u010dno traje <strong>3-6 radnih dana<\/strong>.<\/li>\n<\/ul>\n<p><strong>4. Kako mogu dobiti br\u017eu dostavu?<\/strong><br \/>\nZa br\u017eu dostavu, preporu\u010dujemo naru\u010divanje iz na\u0161eg <strong>Europskog skladi\u0161ta<\/strong>, koje nudi kra\u0107e vrijeme isporuke.<\/p>\n<p><strong>5. Kako mogu vratiti artikl?<\/strong><br \/>\nZa povrat artikla, kontaktirajte na\u0161 tim korisni\u010dke slu\u017ebe za detaljne upute o postupku povrata.<\/p>\n<p><strong>6. Nudite li me\u0111unarodnu dostavu?<\/strong><br \/>\nDa, dostavljamo u ve\u0107inu zemalja i brinemo se o <strong>carinjenju<\/strong> za besprijekorno iskustvo dostave.<\/p>\n<p><strong>7. \u0160to ako primim o\u0161te\u0107en ili neispravan proizvod?<\/strong><br \/>\nAko je va\u0161 artikl o\u0161te\u0107en ili neispravan, kontaktirajte korisni\u010dku slu\u017ebu za <strong>zamjenu ili povrat novca<\/strong>.<\/p>\n<p><strong>8. Kako mogu kontaktirati korisni\u010dku slu\u017ebu?<\/strong><br \/>\nMo\u017eete nas kontaktirati putem <strong>e-po\u0161te, WhatsAppa ili chata u\u017eivo<\/strong> na na\u0161oj web stranici za svu pomo\u0107.<\/p>\n<\/div>\n<\/div>\n<\/div>\n<\/div>\n<\/div>","protected":false},"excerpt":{"rendered":"<p>JNR Nikotinske vre\u0107ice 25mg veleprodaja<br \/>\nNajprodavanije JNR Nikotinske vre\u0107ice 25mg za skupnu kupnju<br \/>\nNajbolja JNR Nikotinske vre\u0107ice 25mg po povoljnoj cijeni<\/p>\n<p><strong>Dodajte Amy na WhatsApp za brzi odgovor i kupon za vape!<\/strong><\/p>\n<p><img fetchpriority=\"high\" decoding=\"async\" class=\"size-full wp-image-2932\" src=\"https:\/\/vapestornado.com\/wp-content\/uploads\/2024\/12\/Vape-Wholesale.jpg\" alt=\"Veleprodaja vejpova\" width=\"229\" height=\"300\" \/><\/p>\n<h3><a href=\"https:\/\/wa.me\/8617776015835\"><span style=\"color: #ff0000;\"><strong>WhatsApp: +86 17776015835<\/strong><\/span><\/a><\/h3>\n<p>&nbsp;<\/p>","protected":false},"featured_media":3777,"comment_status":"open","ping_status":"closed","template":"","meta":{"_acf_changed":false,"_uag_custom_page_level_css":"","_lmt_disableupdate":"no","_lmt_disable":"","_monsterinsights_skip_tracking":false,"_monsterinsights_sitenote_active":false,"_monsterinsights_sitenote_note":"","_monsterinsights_sitenote_category":0,"site-sidebar-layout":"default","site-content-layout":"","ast-site-content-layout":"default","site-content-style":"default","site-sidebar-style":"default","ast-global-header-display":"","ast-banner-title-visibility":"","ast-main-header-display":"","ast-hfb-above-header-display":"","ast-hfb-below-header-display":"","ast-hfb-mobile-header-display":"","site-post-title":"","ast-breadcrumbs-content":"","ast-featured-img":"","footer-sml-layout":"","ast-disable-related-posts":"","theme-transparent-header-meta":"default","adv-header-id-meta":"","stick-header-meta":"","header-above-stick-meta":"","header-main-stick-meta":"","header-below-stick-meta":"","astra-migrate-meta-layouts":"set","ast-page-background-enabled":"default","ast-page-background-meta":{"desktop":{"background-color":"","background-image":"","background-repeat":"repeat","background-position":"center center","background-size":"auto","background-attachment":"scroll","background-type":"","background-media":"","overlay-type":"","overlay-color":"","overlay-opacity":"","overlay-gradient":""},"tablet":{"background-color":"","background-image":"","background-repeat":"repeat","background-position":"center center","background-size":"auto","background-attachment":"scroll","background-type":"","background-media":"","overlay-type":"","overlay-color":"","overlay-opacity":"","overlay-gradient":""},"mobile":{"background-color":"","background-image":"","background-repeat":"repeat","background-position":"center center","background-size":"auto","background-attachment":"scroll","background-type":"","background-media":"","overlay-type":"","overlay-color":"","overlay-opacity":"","overlay-gradient":""}},"ast-content-background-meta":{"desktop":{"background-color":"var(--ast-global-color-5)","background-image":"","background-repeat":"repeat","background-position":"center center","background-size":"auto","background-attachment":"scroll","background-type":"","background-media":"","overlay-type":"","overlay-color":"","overlay-opacity":"","overlay-gradient":""},"tablet":{"background-color":"var(--ast-global-color-5)","background-image":"","background-repeat":"repeat","background-position":"center center","background-size":"auto","background-attachment":"scroll","background-type":"","background-media":"","overlay-type":"","overlay-color":"","overlay-opacity":"","overlay-gradient":""},"mobile":{"background-color":"var(--ast-global-color-5)","background-image":"","background-repeat":"repeat","background-position":"center center","background-size":"auto","background-attachment":"scroll","background-type":"","background-media":"","overlay-type":"","overlay-color":"","overlay-opacity":"","overlay-gradient":""}},"_joinchat":{"telephone":"17776015835"}},"product_brand":[],"product_cat":[19,140,149,150,152,157],"product_tag":[244,242,243],"class_list":{"0":"post-3788","1":"product","2":"type-product","3":"status-publish","4":"has-post-thumbnail","6":"product_cat-vapes","7":"product_cat-big-puffs-disposable-vapes","8":"product_cat-buy-disposable-vapes-in-austria","9":"product_cat-buy-disposable-vapes-in-belgium","10":"product_cat-buy-disposable-vapes-in-cermany","11":"product_cat-buy-disposable-vapes-in-portugal","12":"product_tag-jnr-nicotine-pouches","13":"product_tag-jnr-nicotine-pouches-25mg","14":"product_tag-nicotine-pouches","15":"desktop-align-left","16":"tablet-align-left","17":"mobile-align-left","19":"first","20":"instock","21":"sale","22":"shipping-taxable","23":"purchasable","24":"product-type-simple"},"acf":[],"uagb_featured_image_src":{"full":["https:\/\/vapestornado.com\/wp-content\/uploads\/2025\/02\/JNR-Nicotine-Pouches-Wholesale.webp",1000,1000,false],"thumbnail":["https:\/\/vapestornado.com\/wp-content\/uploads\/2025\/02\/JNR-Nicotine-Pouches-Wholesale-150x150.webp",150,150,true],"medium":["https:\/\/vapestornado.com\/wp-content\/uploads\/2025\/02\/JNR-Nicotine-Pouches-Wholesale-300x300.webp",300,300,true],"medium_large":["https:\/\/vapestornado.com\/wp-content\/uploads\/2025\/02\/JNR-Nicotine-Pouches-Wholesale-768x768.webp",768,768,true],"large":["https:\/\/vapestornado.com\/wp-content\/uploads\/2025\/02\/JNR-Nicotine-Pouches-Wholesale.webp",1000,1000,false],"1536x1536":["https:\/\/vapestornado.com\/wp-content\/uploads\/2025\/02\/JNR-Nicotine-Pouches-Wholesale.webp",1000,1000,false],"2048x2048":["https:\/\/vapestornado.com\/wp-content\/uploads\/2025\/02\/JNR-Nicotine-Pouches-Wholesale.webp",1000,1000,false],"trp-custom-language-flag":["https:\/\/vapestornado.com\/wp-content\/uploads\/2025\/02\/JNR-Nicotine-Pouches-Wholesale.webp",12,12,false],"woocommerce_thumbnail":["https:\/\/vapestornado.com\/wp-content\/uploads\/2025\/02\/JNR-Nicotine-Pouches-Wholesale-300x300.webp",300,300,true],"woocommerce_single":["https:\/\/vapestornado.com\/wp-content\/uploads\/2025\/02\/JNR-Nicotine-Pouches-Wholesale-600x600.webp",600,600,true],"woocommerce_gallery_thumbnail":["https:\/\/vapestornado.com\/wp-content\/uploads\/2025\/02\/JNR-Nicotine-Pouches-Wholesale-100x100.webp",100,100,true]},"uagb_author_info":{"display_name":"ESAMY","author_link":"https:\/\/vapestornado.com\/hr\/author\/"},"uagb_comment_info":0,"uagb_excerpt":"JNR Nicotine Pouches 25mg Wholesale Hot Selling JNR Nicotine Pouches 25mg Bulk Buy Best JNR Nicotine Pouches 25mg Cheap Price Add Amy's whatsapp get right reply and vape vape coupon! WhatsApp: +86 17776015835 &nbsp;","_links":{"self":[{"href":"https:\/\/vapestornado.com\/hr\/wp-json\/wp\/v2\/product\/3788","targetHints":{"allow":["GET"]}}],"collection":[{"href":"https:\/\/vapestornado.com\/hr\/wp-json\/wp\/v2\/product"}],"about":[{"href":"https:\/\/vapestornado.com\/hr\/wp-json\/wp\/v2\/types\/product"}],"replies":[{"embeddable":true,"href":"https:\/\/vapestornado.com\/hr\/wp-json\/wp\/v2\/comments?post=3788"}],"wp:featuredmedia":[{"embeddable":true,"href":"https:\/\/vapestornado.com\/hr\/wp-json\/wp\/v2\/media\/3777"}],"wp:attachment":[{"href":"https:\/\/vapestornado.com\/hr\/wp-json\/wp\/v2\/media?parent=3788"}],"wp:term":[{"taxonomy":"product_brand","embeddable":true,"href":"https:\/\/vapestornado.com\/hr\/wp-json\/wp\/v2\/product_brand?post=3788"},{"taxonomy":"product_cat","embeddable":true,"href":"https:\/\/vapestornado.com\/hr\/wp-json\/wp\/v2\/product_cat?post=3788"},{"taxonomy":"product_tag","embeddable":true,"href":"https:\/\/vapestornado.com\/hr\/wp-json\/wp\/v2\/product_tag?post=3788"}],"curies":[{"name":"wp","href":"https:\/\/api.w.org\/{rel}","templated":true}]}}